{"id":3804,"date":"2020-11-17T18:13:29","date_gmt":"2020-11-17T17:13:29","guid":{"rendered":"http:\/\/onlinelotto365.net\/buy-tickets"},"modified":"2020-12-29T20:40:45","modified_gmt":"2020-12-29T19:40:45","slug":"acheter-ticquets","status":"publish","type":"page","link":"https:\/\/onlinelotto365.com\/fr\/acheter-ticquets\/","title":{"rendered":"Pourquoi il est plus logique d&rsquo;acheter des billets de loterie en ligne"},"content":{"rendered":"<p>En g\u00e9n\u00e9ral, acheter des choses en ligne est beaucoup plus pratique. Il en va de m\u00eame pour l&rsquo;<strong>achat de billets de loterie<\/strong>. Plus besoin de quitter la maison, de d\u00e9penser de l&rsquo;argent pour l&rsquo;essence et de faire la queue au magasin de loterie.<\/p>\n<p>Mais le plus important, c&rsquo;est que vous ne soyez plus limit\u00e9 \u00e0 votre loterie locale. Tous ces <a href=\"http:\/\/onlinelotto365.com\/fr\">jackpots et loteries de pays lointains<\/a> sont d\u00e9sormais \u00e0 votre disposition en ligne, par l&rsquo;interm\u00e9diaire de notre service. Vous n&rsquo;avez pas \u00e0 vous contenter de petits jackpots. Vous n&rsquo;avez plus \u00e0 attendre que votre jackpot local soit suffisamment important.<\/p>\n<p>Les loteries comme <a href=\"https:\/\/onlinelotto365.com\/fr\/acheter-ticquets\/mega-millions\">Mega Millions<\/a>, <a href=\"https:\/\/onlinelotto365.com\/fr\/acheter-ticquets\/powerball\">Powerball<\/a>, <a href=\"https:\/\/onlinelotto365.com\/fr\/acheter-ticquets\/euromillions\">Euromillions<\/a>, <a href=\"https:\/\/onlinelotto365.com\/fr\/acheter-ticquets\/eurojackpot\">Eurojackpot<\/a> et <a href=\"https:\/\/onlinelotto365.com\/fr\/acheter-ticquets\/superenalotto\">Superenalotto<\/a> (pour n&rsquo;en citer que quelques-unes) sont beaucoup plus attrayantes que les prix de la loterie nationale moyenne. <strong>Acheter des billets en ligne pour une seule ou plusieurs loteries<\/strong>, participer \u00e0 un ou plusieurs tirages, tout est possible ici. Il s&rsquo;agit d&rsquo;un service enti\u00e8rement l\u00e9gal &#8211; en gros, c&rsquo;est un service de messagerie pour les billets de loterie.<\/p>\n<p><a href=\"https:\/\/redfoxlotto.com\/fr\/?ref=a8564250a2&amp;medium=ol365\" target=\"_blank\" rel=\"noopener noreferrer\"><img loading=\"lazy\" decoding=\"async\" class=\"aligncenter\" src=\"https:\/\/redfoxlotto.com\/fr\/image?size=8&amp;lottery=euromillions\" alt=\"Euromillions\" width=\"720\" height=\"90\" \/><\/a><\/p>\n<h2>Comment fonctionne le processus d&rsquo;achat des billets de loterie ?<\/h2>\n<p>Nous avons essay\u00e9 de rendre l&rsquo;ensemble du processus aussi simple et rapide que possible pour vous. Notre plate-forme vous guidera \u00e0 travers les \u00e9tapes n\u00e9cessaires pour acheter vos billets, enregistrer un compte client et enfin payer en ligne. Si vous avez des questions, nous vous sugg\u00e9rons de consulter d&rsquo;abord notre FAQ. Les probl\u00e8mes les plus fr\u00e9quents seront r\u00e9solus par la lecture de ces commentaires. Et si vous avez toujours un probl\u00e8me, vous pouvez contacter notre \u00e9quipe d&rsquo;assistance. Ils r\u00e9pondront \u00e0 vos questions dans les 24 heures.<\/p>\n<h2>V\u00e9rifiez vos r\u00e9sultats de la mani\u00e8re la plus simple<\/h2>\n<p>Lorsque vous achetez un billet en ligne, il sera \u00e9galement<strong> plus facile<\/strong> de<strong> <a href=\"https:\/\/onlinelotto365.com\/fr\/news\/vous-avez-achete-un-billet-pour-euromillions-et-souhaitez-verifier-les-resultats\">v\u00e9rifier les r\u00e9sultats<\/a><\/strong> par la<strong> suite.<\/strong> Il vous suffit de revenir ici, de vous connecter \u00e0 votre compte et de consulter vos billets existants. Les <strong><a href=\"https:\/\/onlinelotto365.com\/fr\/numeros-gagnants\">num\u00e9ros gagnants<\/a><\/strong> seront mis en \u00e9vidence et les r\u00e9sultats du tirage au sort appara\u00eetront juste \u00e0 c\u00f4t\u00e9 de votre billet. Nous vous indiquerons \u00e9galement le montant que vous avez gagn\u00e9.<\/p>\n<p>Vous pouvez \u00e9galement trouver ici les archives des r\u00e9sultats des tirages pass\u00e9s. Beaucoup de nos joueurs aiment v\u00e9rifier les r\u00e9sultats pass\u00e9s, puis choisir les num\u00e9ros de leur prochain billet en fonction des num\u00e9ros gagnants pass\u00e9s.<\/p>\n<h2>Acheter et payer vos billets de loterie de la mani\u00e8re la plus s\u00fbre<\/h2>\n<p>Vous n&rsquo;avez pas \u00e0 vous soucier de la s\u00e9curit\u00e9 de vos donn\u00e9es de paiement, telles que les donn\u00e9es de carte de cr\u00e9dit ou les num\u00e9ros de compte bancaire. Lors du processus de paiement, nous utilisons la <strong>technologie de cryptage la plus r\u00e9cente et la plus s\u00fbre<\/strong>. Et nous proposons plusieurs options de paiement. L&rsquo;option la plus populaire est le paiement par carte de cr\u00e9dit, mais vous pouvez utiliser Bitcoin, le virement bancaire (depuis certains pays) et plusieurs autres options pour acheter des billets.<\/p>\n","protected":false},"excerpt":{"rendered":"<p>En g\u00e9n\u00e9ral, acheter des choses en ligne est beaucoup plus pratique. Il en va de m\u00eame pour l&rsquo;achat de billets de loterie. Plus besoin de quitter la maison, de d\u00e9penser de l&rsquo;argent pour l&rsquo;essence et de faire la queue au magasin de loterie. Mais le plus important, c&rsquo;est que vous ne soyez plus limit\u00e9 \u00e0 [&hellip;]<\/p>\n","protected":false},"author":1,"featured_media":0,"parent":0,"menu_order":3,"comment_status":"closed","ping_status":"closed","template":"Information.php","meta":{"_et_pb_use_builder":"","_et_pb_old_content":"","_et_gb_content_width":"","exclude_from_search":false,"footnotes":""},"class_list":["post-3804","page","type-page","status-publish","hentry"],"yoast_head":"<!-- This site is optimized with the Yoast SEO plugin v23.4 - https:\/\/yoast.com\/wordpress\/plugins\/seo\/ -->\n<title>Acheter des billets en ligne pour les plus gros jackpots de loterie de la plan\u00e8te<\/title>\n<meta name=\"description\" content=\"Achetez-vous encore des billets de loterie sur place ? Il existe de bien meilleurs jackpots de loterie - il suffit d&#039;acheter vos billets en ligne !\" \/>\n<meta name=\"robots\" content=\"index, follow, max-snippet:-1, max-image-preview:large, max-video-preview:-1\" \/>\n<link rel=\"canonical\" href=\"https:\/\/onlinelotto365.com\/fr\/acheter-ticquets\/\" \/>\n<meta property=\"og:locale\" content=\"fr_FR\" \/>\n<meta property=\"og:type\" content=\"article\" \/>\n<meta property=\"og:title\" content=\"Acheter des billets en ligne pour les plus gros jackpots de loterie de la plan\u00e8te\" \/>\n<meta property=\"og:description\" content=\"Achetez-vous encore des billets de loterie sur place ? Il existe de bien meilleurs jackpots de loterie - il suffit d&#039;acheter vos billets en ligne !\" \/>\n<meta property=\"og:url\" content=\"https:\/\/onlinelotto365.com\/fr\/acheter-ticquets\/\" \/>\n<meta property=\"og:site_name\" content=\"OnlineLotto365\" \/>\n<meta property=\"article:modified_time\" content=\"2020-12-29T19:40:45+00:00\" \/>\n<meta property=\"og:image\" content=\"https:\/\/redfoxlotto.com\/fr\/image?size=8&amp;lottery=euromillions\" \/>\n<meta name=\"twitter:card\" content=\"summary_large_image\" \/>\n<meta name=\"twitter:label1\" content=\"Dur\u00e9e de lecture estim\u00e9e\" \/>\n\t<meta name=\"twitter:data1\" content=\"3 minutes\" \/>\n<script type=\"application\/ld+json\" class=\"yoast-schema-graph\">{\"@context\":\"https:\/\/schema.org\",\"@graph\":[{\"@type\":\"WebPage\",\"@id\":\"https:\/\/onlinelotto365.com\/fr\/acheter-ticquets\/\",\"url\":\"https:\/\/onlinelotto365.com\/fr\/acheter-ticquets\/\",\"name\":\"Acheter des billets en ligne pour les plus gros jackpots de loterie de la plan\u00e8te\",\"isPartOf\":{\"@id\":\"https:\/\/onlinelotto365.com\/fr\/#website\"},\"primaryImageOfPage\":{\"@id\":\"https:\/\/onlinelotto365.com\/fr\/acheter-ticquets\/#primaryimage\"},\"image\":{\"@id\":\"https:\/\/onlinelotto365.com\/fr\/acheter-ticquets\/#primaryimage\"},\"thumbnailUrl\":\"https:\/\/redfoxlotto.com\/fr\/image?size=8&amp;lottery=euromillions\",\"datePublished\":\"2020-11-17T17:13:29+00:00\",\"dateModified\":\"2020-12-29T19:40:45+00:00\",\"description\":\"Achetez-vous encore des billets de loterie sur place ? Il existe de bien meilleurs jackpots de loterie - il suffit d'acheter vos billets en ligne !\",\"breadcrumb\":{\"@id\":\"https:\/\/onlinelotto365.com\/fr\/acheter-ticquets\/#breadcrumb\"},\"inLanguage\":\"fr-FR\",\"potentialAction\":[{\"@type\":\"ReadAction\",\"target\":[\"https:\/\/onlinelotto365.com\/fr\/acheter-ticquets\/\"]}]},{\"@type\":\"ImageObject\",\"inLanguage\":\"fr-FR\",\"@id\":\"https:\/\/onlinelotto365.com\/fr\/acheter-ticquets\/#primaryimage\",\"url\":\"https:\/\/redfoxlotto.com\/fr\/image?size=8&amp;lottery=euromillions\",\"contentUrl\":\"https:\/\/redfoxlotto.com\/fr\/image?size=8&amp;lottery=euromillions\"},{\"@type\":\"BreadcrumbList\",\"@id\":\"https:\/\/onlinelotto365.com\/fr\/acheter-ticquets\/#breadcrumb\",\"itemListElement\":[{\"@type\":\"ListItem\",\"position\":1,\"name\":\"Home\",\"item\":\"https:\/\/onlinelotto365.com\/fr\/\"},{\"@type\":\"ListItem\",\"position\":2,\"name\":\"Pourquoi il est plus logique d&rsquo;acheter des billets de loterie en ligne\"}]},{\"@type\":\"WebSite\",\"@id\":\"https:\/\/onlinelotto365.com\/fr\/#website\",\"url\":\"https:\/\/onlinelotto365.com\/fr\/\",\"name\":\"OnlineLotto365\",\"description\":\"\",\"potentialAction\":[{\"@type\":\"SearchAction\",\"target\":{\"@type\":\"EntryPoint\",\"urlTemplate\":\"https:\/\/onlinelotto365.com\/fr\/?s={search_term_string}\"},\"query-input\":{\"@type\":\"PropertyValueSpecification\",\"valueRequired\":true,\"valueName\":\"search_term_string\"}}],\"inLanguage\":\"fr-FR\"}]}<\/script>\n<!-- \/ Yoast SEO plugin. -->","yoast_head_json":{"title":"Acheter des billets en ligne pour les plus gros jackpots de loterie de la plan\u00e8te","description":"Achetez-vous encore des billets de loterie sur place ? Il existe de bien meilleurs jackpots de loterie - il suffit d'acheter vos billets en ligne !","robots":{"index":"index","follow":"follow","max-snippet":"max-snippet:-1","max-image-preview":"max-image-preview:large","max-video-preview":"max-video-preview:-1"},"canonical":"https:\/\/onlinelotto365.com\/fr\/acheter-ticquets\/","og_locale":"fr_FR","og_type":"article","og_title":"Acheter des billets en ligne pour les plus gros jackpots de loterie de la plan\u00e8te","og_description":"Achetez-vous encore des billets de loterie sur place ? Il existe de bien meilleurs jackpots de loterie - il suffit d'acheter vos billets en ligne !","og_url":"https:\/\/onlinelotto365.com\/fr\/acheter-ticquets\/","og_site_name":"OnlineLotto365","article_modified_time":"2020-12-29T19:40:45+00:00","og_image":[{"url":"https:\/\/redfoxlotto.com\/fr\/image?size=8&amp;lottery=euromillions"}],"twitter_card":"summary_large_image","twitter_misc":{"Dur\u00e9e de lecture estim\u00e9e":"3 minutes"},"schema":{"@context":"https:\/\/schema.org","@graph":[{"@type":"WebPage","@id":"https:\/\/onlinelotto365.com\/fr\/acheter-ticquets\/","url":"https:\/\/onlinelotto365.com\/fr\/acheter-ticquets\/","name":"Acheter des billets en ligne pour les plus gros jackpots de loterie de la plan\u00e8te","isPartOf":{"@id":"https:\/\/onlinelotto365.com\/fr\/#website"},"primaryImageOfPage":{"@id":"https:\/\/onlinelotto365.com\/fr\/acheter-ticquets\/#primaryimage"},"image":{"@id":"https:\/\/onlinelotto365.com\/fr\/acheter-ticquets\/#primaryimage"},"thumbnailUrl":"https:\/\/redfoxlotto.com\/fr\/image?size=8&amp;lottery=euromillions","datePublished":"2020-11-17T17:13:29+00:00","dateModified":"2020-12-29T19:40:45+00:00","description":"Achetez-vous encore des billets de loterie sur place ? Il existe de bien meilleurs jackpots de loterie - il suffit d'acheter vos billets en ligne !","breadcrumb":{"@id":"https:\/\/onlinelotto365.com\/fr\/acheter-ticquets\/#breadcrumb"},"inLanguage":"fr-FR","potentialAction":[{"@type":"ReadAction","target":["https:\/\/onlinelotto365.com\/fr\/acheter-ticquets\/"]}]},{"@type":"ImageObject","inLanguage":"fr-FR","@id":"https:\/\/onlinelotto365.com\/fr\/acheter-ticquets\/#primaryimage","url":"https:\/\/redfoxlotto.com\/fr\/image?size=8&amp;lottery=euromillions","contentUrl":"https:\/\/redfoxlotto.com\/fr\/image?size=8&amp;lottery=euromillions"},{"@type":"BreadcrumbList","@id":"https:\/\/onlinelotto365.com\/fr\/acheter-ticquets\/#breadcrumb","itemListElement":[{"@type":"ListItem","position":1,"name":"Home","item":"https:\/\/onlinelotto365.com\/fr\/"},{"@type":"ListItem","position":2,"name":"Pourquoi il est plus logique d&rsquo;acheter des billets de loterie en ligne"}]},{"@type":"WebSite","@id":"https:\/\/onlinelotto365.com\/fr\/#website","url":"https:\/\/onlinelotto365.com\/fr\/","name":"OnlineLotto365","description":"","potentialAction":[{"@type":"SearchAction","target":{"@type":"EntryPoint","urlTemplate":"https:\/\/onlinelotto365.com\/fr\/?s={search_term_string}"},"query-input":{"@type":"PropertyValueSpecification","valueRequired":true,"valueName":"search_term_string"}}],"inLanguage":"fr-FR"}]}},"_links":{"self":[{"href":"https:\/\/onlinelotto365.com\/fr\/wp-json\/wp\/v2\/pages\/3804","targetHints":{"allow":["GET"]}}],"collection":[{"href":"https:\/\/onlinelotto365.com\/fr\/wp-json\/wp\/v2\/pages"}],"about":[{"href":"https:\/\/onlinelotto365.com\/fr\/wp-json\/wp\/v2\/types\/page"}],"author":[{"embeddable":true,"href":"https:\/\/onlinelotto365.com\/fr\/wp-json\/wp\/v2\/users\/1"}],"replies":[{"embeddable":true,"href":"https:\/\/onlinelotto365.com\/fr\/wp-json\/wp\/v2\/comments?post=3804"}],"version-history":[{"count":0,"href":"https:\/\/onlinelotto365.com\/fr\/wp-json\/wp\/v2\/pages\/3804\/revisions"}],"wp:attachment":[{"href":"https:\/\/onlinelotto365.com\/fr\/wp-json\/wp\/v2\/media?parent=3804"}],"curies":[{"name":"wp","href":"https:\/\/api.w.org\/{rel}","templated":true}]}}