{"id":4385,"date":"2020-11-30T10:25:33","date_gmt":"2020-11-30T09:25:33","guid":{"rendered":"http:\/\/onlinelotto365.net\/winning-numbers\/resultats-du-tirage-au-sort-du-powerball"},"modified":"2020-12-30T08:49:52","modified_gmt":"2020-12-30T07:49:52","slug":"powerball","status":"publish","type":"page","link":"https:\/\/onlinelotto365.com\/fr\/numeros-gagnants\/powerball\/","title":{"rendered":"R\u00e9sultats du tirage au sort du Powerball"},"content":{"rendered":"<h2>Consultez les num\u00e9ros gagnants de Powerball ici<\/h2>\n<p><a href=\"https:\/\/redfoxlotto.com\/fr\/jouer\/powerball\/?ref=a8564250a2&amp;medium=ol365\" target=\"_blank\" rel=\"noopener noreferrer\"><img decoding=\"async\" class=\"aligncenter\" src=\"https:\/\/redfoxlotto.com\/image?size=8&amp;lottery=powerball\" alt=\"Powerball\" \/><\/a><br \/>\nTrouver les num\u00e9ros gagnants de la Powerball est facile si vous vivez aux \u00c9tats-Unis. Surtout lorsque le jackpot est tr\u00e8s \u00e9lev\u00e9, les r\u00e9sultats <a href=\"https:\/\/onlinelotto365.com\/fr\/numeros-gagnants\">de la campagne seront diffus\u00e9s dans les journaux et publi\u00e9s dans tous les journaux.<\/a><\/p>\n<p>Mais si vous n&rsquo;habitez pas aux \u00c9tats-Unis, qui vous donne les num\u00e9ros gagnants de Powerball ? Comment trouver les r\u00e9sultats et voir combien vous avez gagn\u00e9 ?<\/p>\n<h2>Comment savoir si votre billet en ligne a gagn\u00e9<\/h2>\n<p>Eh bien, si vous <a href=\"https:\/\/onlinelotto365.com\/fr\/acheter-ticquets\">achetez un billet en ligne<\/a>, c&rsquo;est en fait assez facile. Retournez sur notre site, connectez-vous avec votre nom d&rsquo;utilisateur et votre mot de passe, puis allez dans la section o\u00f9 votre ticket d&rsquo;achat est stock\u00e9 num\u00e9riquement. Les num\u00e9ros que vous avez jou\u00e9s seront mis en \u00e9vidence dans une couleur diff\u00e9rente s&rsquo;ils correspondent aux num\u00e9ros tir\u00e9s au sort le jour du tirage au sort pour lequel vous avez achet\u00e9 votre billet.<\/p>\n<p>Bien entendu, vous pouvez \u00e9galement ouvrir notre page de pr\u00e9sentation des r\u00e9sultats et comparer les r\u00e9sultats du tirage \u00e0 votre billet de cette fa\u00e7on. Certains de nos clients aiment imprimer leurs billets en ligne, puis marquer les num\u00e9ros gagnants sur l&rsquo;impression pour voir s&rsquo;ils ont gagn\u00e9.<\/p>\n<h2>Archives des r\u00e9sultats de Powerball<\/h2>\n<p>Notre page de pr\u00e9sentation des r\u00e9sultats de la loterie vous permet \u00e9galement de jeter un coup d&rsquo;\u0153il aux num\u00e9ros gagnants des semaines pr\u00e9c\u00e9dentes. Cela peut vous aider dans votre strat\u00e9gie de s\u00e9lection de vos num\u00e9ros chanceux. Par exemple, vous pourriez essayer de trouver des num\u00e9ros qui sont en retard depuis longtemps, puis cr\u00e9er un billet de loterie en utilisant uniquement ces num\u00e9ros.<\/p>\n<p>Vous pouvez \u00e9galement s\u00e9lectionner les num\u00e9ros gagnants de votre Powerball en d\u00e9couvrant les num\u00e9ros qui sont apparus plus souvent que les autres. De nombreux joueurs utilisent un m\u00e9lange de ces deux <a href=\"https:\/\/onlinelotto365.com\/fr\/news\/des-moyens-intelligents-de-selectionner-les-numeros-de-loto-et-dameliorer-vos-chances\">m\u00e9thodes pour choisir leurs num\u00e9ros de loterie personnels.<\/a><\/p>\n<p>Si vous n&rsquo;arrivez pas \u00e0 choisir les num\u00e9ros d&rsquo;un billet gagnant, pourquoi pas cette m\u00e9thode ? V\u00e9rifiez les anciens num\u00e9ros gagnants d&rsquo;une autre loterie dont la plage de num\u00e9ros est similaire \u00e0 celle de la loterie \u00e0 laquelle vous comptez jouer. Trouvez une combinaison gagnante qui vous pla\u00eet dans ces r\u00e9sultats pass\u00e9s, puis utilisez ces anciens num\u00e9ros gagnants pour jouer un nouveau ticket Powerball.<\/p>\n<h2>Mon billet a gagn\u00e9, que se passe-t-il ensuite ?<\/h2>\n<p>Eh bien, f\u00e9licitations, tant mieux pour vous ! Bien s\u00fbr, nous sommes toujours heureux si l&rsquo;un de nos clients a un billet avec le billet gagnant de Powerball dessus. Qu&rsquo;il s&rsquo;agisse d&rsquo;un gain plus ou moins important, nous nous occupons du paiement pour vous, gratuitement bien s\u00fbr !<\/p>\n<p>Gagnez 2500 \u20ac ou moins &#8211; le montant gagn\u00e9 sera cr\u00e9dit\u00e9 sur votre solde sur notre site. Encaissez-le \u00e0 partir de l\u00e0, ou prenez le solde pour acheter d&rsquo;autres billets.<\/p>\n<p>Gains de plus de 2500 euros &#8211; notre \u00e9quipe de soutien vous aidera \u00e0 vous faire payer. Apr\u00e8s avoir fourni quelques informations sur votre identit\u00e9 et votre mode de paiement pr\u00e9f\u00e9r\u00e9 (virement bancaire ou ch\u00e8que), vous recevrez le paiement directement de la mani\u00e8re que vous avez choisie.<\/p>\n","protected":false},"excerpt":{"rendered":"<p>Consultez les num\u00e9ros gagnants de Powerball ici Trouver les num\u00e9ros gagnants de la Powerball est facile si vous vivez aux \u00c9tats-Unis. Surtout lorsque le jackpot est tr\u00e8s \u00e9lev\u00e9, les r\u00e9sultats de la campagne seront diffus\u00e9s dans les journaux et publi\u00e9s dans tous les journaux. Mais si vous n&rsquo;habitez pas aux \u00c9tats-Unis, qui vous donne les [&hellip;]<\/p>\n","protected":false},"author":1,"featured_media":0,"parent":3794,"menu_order":1,"comment_status":"closed","ping_status":"closed","template":"powerball-usa-info.php","meta":{"_et_pb_use_builder":"","_et_pb_old_content":"","_et_gb_content_width":"","exclude_from_search":false,"footnotes":""},"class_list":["post-4385","page","type-page","status-publish","hentry"],"yoast_head":"<!-- This site is optimized with the Yoast SEO plugin v23.4 - https:\/\/yoast.com\/wordpress\/plugins\/seo\/ -->\n<title>Les num\u00e9ros gagnants de Powerball | Consultez les r\u00e9sultats et les gains de Powerball USA<\/title>\n<meta name=\"description\" content=\"Vous voulez savoir si votre billet de Powerball est gagnant ? Consultez les num\u00e9ros gagnants sur notre site web !\" \/>\n<meta name=\"robots\" content=\"index, follow, max-snippet:-1, max-image-preview:large, max-video-preview:-1\" \/>\n<link rel=\"canonical\" href=\"https:\/\/onlinelotto365.com\/fr\/numeros-gagnants\/powerball\/\" \/>\n<meta property=\"og:locale\" content=\"fr_FR\" \/>\n<meta property=\"og:type\" content=\"article\" \/>\n<meta property=\"og:title\" content=\"Les num\u00e9ros gagnants de Powerball | Consultez les r\u00e9sultats et les gains de Powerball USA\" \/>\n<meta property=\"og:description\" content=\"Vous voulez savoir si votre billet de Powerball est gagnant ? Consultez les num\u00e9ros gagnants sur notre site web !\" \/>\n<meta property=\"og:url\" content=\"https:\/\/onlinelotto365.com\/fr\/numeros-gagnants\/powerball\/\" \/>\n<meta property=\"og:site_name\" content=\"OnlineLotto365\" \/>\n<meta property=\"article:modified_time\" content=\"2020-12-30T07:49:52+00:00\" \/>\n<meta property=\"og:image\" content=\"https:\/\/redfoxlotto.com\/image?size=8&amp;lottery=powerball\" \/>\n<meta name=\"twitter:card\" content=\"summary_large_image\" \/>\n<meta name=\"twitter:label1\" content=\"Dur\u00e9e de lecture estim\u00e9e\" \/>\n\t<meta name=\"twitter:data1\" content=\"3 minutes\" \/>\n<script type=\"application\/ld+json\" class=\"yoast-schema-graph\">{\"@context\":\"https:\/\/schema.org\",\"@graph\":[{\"@type\":\"WebPage\",\"@id\":\"https:\/\/onlinelotto365.com\/fr\/numeros-gagnants\/powerball\/\",\"url\":\"https:\/\/onlinelotto365.com\/fr\/numeros-gagnants\/powerball\/\",\"name\":\"Les num\u00e9ros gagnants de Powerball | Consultez les r\u00e9sultats et les gains de Powerball USA\",\"isPartOf\":{\"@id\":\"https:\/\/onlinelotto365.com\/fr\/#website\"},\"primaryImageOfPage\":{\"@id\":\"https:\/\/onlinelotto365.com\/fr\/numeros-gagnants\/powerball\/#primaryimage\"},\"image\":{\"@id\":\"https:\/\/onlinelotto365.com\/fr\/numeros-gagnants\/powerball\/#primaryimage\"},\"thumbnailUrl\":\"https:\/\/redfoxlotto.com\/image?size=8&amp;lottery=powerball\",\"datePublished\":\"2020-11-30T09:25:33+00:00\",\"dateModified\":\"2020-12-30T07:49:52+00:00\",\"description\":\"Vous voulez savoir si votre billet de Powerball est gagnant ? Consultez les num\u00e9ros gagnants sur notre site web !\",\"breadcrumb\":{\"@id\":\"https:\/\/onlinelotto365.com\/fr\/numeros-gagnants\/powerball\/#breadcrumb\"},\"inLanguage\":\"fr-FR\",\"potentialAction\":[{\"@type\":\"ReadAction\",\"target\":[\"https:\/\/onlinelotto365.com\/fr\/numeros-gagnants\/powerball\/\"]}]},{\"@type\":\"ImageObject\",\"inLanguage\":\"fr-FR\",\"@id\":\"https:\/\/onlinelotto365.com\/fr\/numeros-gagnants\/powerball\/#primaryimage\",\"url\":\"https:\/\/redfoxlotto.com\/image?size=8&amp;lottery=powerball\",\"contentUrl\":\"https:\/\/redfoxlotto.com\/image?size=8&amp;lottery=powerball\"},{\"@type\":\"BreadcrumbList\",\"@id\":\"https:\/\/onlinelotto365.com\/fr\/numeros-gagnants\/powerball\/#breadcrumb\",\"itemListElement\":[{\"@type\":\"ListItem\",\"position\":1,\"name\":\"Home\",\"item\":\"https:\/\/onlinelotto365.com\/fr\/\"},{\"@type\":\"ListItem\",\"position\":2,\"name\":\"Trouvez les num\u00e9ros gagnants et les r\u00e9sultats des derniers tirages du loto\",\"item\":\"https:\/\/onlinelotto365.com\/fr\/numeros-gagnants\/\"},{\"@type\":\"ListItem\",\"position\":3,\"name\":\"R\u00e9sultats du tirage au sort du Powerball\"}]},{\"@type\":\"WebSite\",\"@id\":\"https:\/\/onlinelotto365.com\/fr\/#website\",\"url\":\"https:\/\/onlinelotto365.com\/fr\/\",\"name\":\"OnlineLotto365\",\"description\":\"\",\"potentialAction\":[{\"@type\":\"SearchAction\",\"target\":{\"@type\":\"EntryPoint\",\"urlTemplate\":\"https:\/\/onlinelotto365.com\/fr\/?s={search_term_string}\"},\"query-input\":{\"@type\":\"PropertyValueSpecification\",\"valueRequired\":true,\"valueName\":\"search_term_string\"}}],\"inLanguage\":\"fr-FR\"}]}<\/script>\n<!-- \/ Yoast SEO plugin. -->","yoast_head_json":{"title":"Les num\u00e9ros gagnants de Powerball | Consultez les r\u00e9sultats et les gains de Powerball USA","description":"Vous voulez savoir si votre billet de Powerball est gagnant ? Consultez les num\u00e9ros gagnants sur notre site web !","robots":{"index":"index","follow":"follow","max-snippet":"max-snippet:-1","max-image-preview":"max-image-preview:large","max-video-preview":"max-video-preview:-1"},"canonical":"https:\/\/onlinelotto365.com\/fr\/numeros-gagnants\/powerball\/","og_locale":"fr_FR","og_type":"article","og_title":"Les num\u00e9ros gagnants de Powerball | Consultez les r\u00e9sultats et les gains de Powerball USA","og_description":"Vous voulez savoir si votre billet de Powerball est gagnant ? Consultez les num\u00e9ros gagnants sur notre site web !","og_url":"https:\/\/onlinelotto365.com\/fr\/numeros-gagnants\/powerball\/","og_site_name":"OnlineLotto365","article_modified_time":"2020-12-30T07:49:52+00:00","og_image":[{"url":"https:\/\/redfoxlotto.com\/image?size=8&amp;lottery=powerball"}],"twitter_card":"summary_large_image","twitter_misc":{"Dur\u00e9e de lecture estim\u00e9e":"3 minutes"},"schema":{"@context":"https:\/\/schema.org","@graph":[{"@type":"WebPage","@id":"https:\/\/onlinelotto365.com\/fr\/numeros-gagnants\/powerball\/","url":"https:\/\/onlinelotto365.com\/fr\/numeros-gagnants\/powerball\/","name":"Les num\u00e9ros gagnants de Powerball | Consultez les r\u00e9sultats et les gains de Powerball USA","isPartOf":{"@id":"https:\/\/onlinelotto365.com\/fr\/#website"},"primaryImageOfPage":{"@id":"https:\/\/onlinelotto365.com\/fr\/numeros-gagnants\/powerball\/#primaryimage"},"image":{"@id":"https:\/\/onlinelotto365.com\/fr\/numeros-gagnants\/powerball\/#primaryimage"},"thumbnailUrl":"https:\/\/redfoxlotto.com\/image?size=8&amp;lottery=powerball","datePublished":"2020-11-30T09:25:33+00:00","dateModified":"2020-12-30T07:49:52+00:00","description":"Vous voulez savoir si votre billet de Powerball est gagnant ? Consultez les num\u00e9ros gagnants sur notre site web !","breadcrumb":{"@id":"https:\/\/onlinelotto365.com\/fr\/numeros-gagnants\/powerball\/#breadcrumb"},"inLanguage":"fr-FR","potentialAction":[{"@type":"ReadAction","target":["https:\/\/onlinelotto365.com\/fr\/numeros-gagnants\/powerball\/"]}]},{"@type":"ImageObject","inLanguage":"fr-FR","@id":"https:\/\/onlinelotto365.com\/fr\/numeros-gagnants\/powerball\/#primaryimage","url":"https:\/\/redfoxlotto.com\/image?size=8&amp;lottery=powerball","contentUrl":"https:\/\/redfoxlotto.com\/image?size=8&amp;lottery=powerball"},{"@type":"BreadcrumbList","@id":"https:\/\/onlinelotto365.com\/fr\/numeros-gagnants\/powerball\/#breadcrumb","itemListElement":[{"@type":"ListItem","position":1,"name":"Home","item":"https:\/\/onlinelotto365.com\/fr\/"},{"@type":"ListItem","position":2,"name":"Trouvez les num\u00e9ros gagnants et les r\u00e9sultats des derniers tirages du loto","item":"https:\/\/onlinelotto365.com\/fr\/numeros-gagnants\/"},{"@type":"ListItem","position":3,"name":"R\u00e9sultats du tirage au sort du Powerball"}]},{"@type":"WebSite","@id":"https:\/\/onlinelotto365.com\/fr\/#website","url":"https:\/\/onlinelotto365.com\/fr\/","name":"OnlineLotto365","description":"","potentialAction":[{"@type":"SearchAction","target":{"@type":"EntryPoint","urlTemplate":"https:\/\/onlinelotto365.com\/fr\/?s={search_term_string}"},"query-input":{"@type":"PropertyValueSpecification","valueRequired":true,"valueName":"search_term_string"}}],"inLanguage":"fr-FR"}]}},"_links":{"self":[{"href":"https:\/\/onlinelotto365.com\/fr\/wp-json\/wp\/v2\/pages\/4385","targetHints":{"allow":["GET"]}}],"collection":[{"href":"https:\/\/onlinelotto365.com\/fr\/wp-json\/wp\/v2\/pages"}],"about":[{"href":"https:\/\/onlinelotto365.com\/fr\/wp-json\/wp\/v2\/types\/page"}],"author":[{"embeddable":true,"href":"https:\/\/onlinelotto365.com\/fr\/wp-json\/wp\/v2\/users\/1"}],"replies":[{"embeddable":true,"href":"https:\/\/onlinelotto365.com\/fr\/wp-json\/wp\/v2\/comments?post=4385"}],"version-history":[{"count":0,"href":"https:\/\/onlinelotto365.com\/fr\/wp-json\/wp\/v2\/pages\/4385\/revisions"}],"up":[{"embeddable":true,"href":"https:\/\/onlinelotto365.com\/fr\/wp-json\/wp\/v2\/pages\/3794"}],"wp:attachment":[{"href":"https:\/\/onlinelotto365.com\/fr\/wp-json\/wp\/v2\/media?parent=4385"}],"curies":[{"name":"wp","href":"https:\/\/api.w.org\/{rel}","templated":true}]}}