{"id":5017,"date":"2020-12-03T08:38:42","date_gmt":"2020-12-03T07:38:42","guid":{"rendered":"http:\/\/onlinelotto365.net\/?page_id=5017"},"modified":"2020-12-29T20:28:37","modified_gmt":"2020-12-29T19:28:37","slug":"jouer","status":"publish","type":"page","link":"https:\/\/onlinelotto365.com\/fr\/jouer\/","title":{"rendered":"Tout ce que vous devez savoir sur vos possibilit\u00e9s de jouer aux meilleures loteries en ligne"},"content":{"rendered":"<p>Vous voulez vous lancer dans la loterie ? Si c&rsquo;est le cas, vous voudrez certainement v\u00e9rifier vos options en ligne. Tous les grands jeux de loto, de presque partout dans le monde, sont <strong>disponibles pour que vous puissiez jouer en ligne.<\/strong> Vous devez juste savoir o\u00f9 chercher et comment commencer. Heureusement pour vous, c&rsquo;est en fait tr\u00e8s simple \u00e0 faire. Il vous suffit d&rsquo;ajouter notre site \u00e0 vos favoris et de consulter les informations mises \u00e0 jour. Vous trouverez de nombreuses options pour jouer \u00e0 chacun des<a href=\"http:\/\/onlinelotto365.com\/fr\/acheter-ticquets \"> jeux de loterie<\/a> que vous voyez, de n&rsquo;importe quel pays de la liste.<\/p>\n<p><a href=\"https:\/\/redfoxlotto.com\/fr\/jouer\/mega-millions\/?ref=a8564250a2&amp;medium=ol365\" target=\"_blank\" rel=\"noopener noreferrer\"><img loading=\"lazy\" decoding=\"async\" class=\"aligncenter\" src=\"https:\/\/redfoxlotto.com\/fr\/image?size=7&amp;lottery=mega-millions\" alt=\"jouer mega millions\" width=\"841\" height=\"108\" \/><\/a><\/p>\n<p>Ce qui est g\u00e9nial avec les options en ligne, c&rsquo;est qu&rsquo;elles vous permettent de jouer \u00e0 des jeux situ\u00e9s dans le monde entier. Vous ne serez plus limit\u00e9 aux seuls jeux auxquels vous pouvez jouer dans votre magasin de proximit\u00e9. Au lieu de cela, vous pourrez v\u00e9rifier comment les jeux sont jou\u00e9s dans les diff\u00e9rents pays et vous pourrez tenter votre chance.<\/p>\n<h2>La loterie en ligne vous offre plus de choix<\/h2>\n<p>La meilleure partie du jeu de loterie en ligne est le fait qu&rsquo;\u00e0 tout moment, <strong> il y aura une grosse cagnotte disponible pour que vous puissiez gagner<\/strong>. Si vous vous limitez \u00e0 jouer \u00e0 votre loterie locale, vous devrez peut-\u00eatre attendre longtemps pour que le jackpot augmente au point qu&rsquo;il soit logique d&rsquo;investir de l&rsquo;argent dans des billets.<\/p>\n<p>Il est clair que la <a href=\"https:\/\/onlinelotto365.com\/fr\/news\/le-montant-du-jackpot-de-mega-millions-daujourdhui\">taille du jackpot<\/a> est importante pour votre d\u00e9cision. Un prix plus important signifie que votre esp\u00e9rance de gain math\u00e9matique est plus \u00e9lev\u00e9e. C&rsquo;est pourquoi la plupart de nos clients d\u00e9pensent leur argent du loto pour le jackpot qui est actuellement le plus \u00e9lev\u00e9.<\/p>\n<h2>Comment fonctionne le service de loto en ligne ?<\/h2>\n<p>La fa\u00e7on la plus rapide de commencer \u00e0 jouer \u00e0 la loterie en ligne est de cliquer sur l&rsquo;un des boutons ou banni\u00e8res de la loterie et de choisir vos num\u00e9ros pour cr\u00e9er un billet. <strong>Vous pouvez jouer \u00e0 plus d&rsquo;une loterie si vous le souhaitez<\/strong>. Il suffit d&rsquo;ajouter autant de billets que vous le souhaitez \u00e0 votre panier. Cliquez ensuite sur pour passer \u00e0 la caisse et payer. Vous devez cr\u00e9er un compte chez nous. N&rsquo;oubliez pas de v\u00e9rifier votre compte &#8211; cherchez l&rsquo;e-mail de v\u00e9rification dans votre bo\u00eete de r\u00e9ception. S&rsquo;il n&rsquo;y a pas d&rsquo;e-mail, vous le trouverez dans votre dossier avec des exp\u00e9diteurs inconnus, ou peut-\u00eatre dans votre bo\u00eete \u00e0 spam.<\/p>\n<h2>Puis-je jouer depuis mon pays de r\u00e9sidence ?<\/h2>\n<p>L&rsquo;endroit o\u00f9 vous vivez n&rsquo;a pas vraiment d&rsquo;importance. Jouer au loto en ligne fonctionne de (presque) partout. Les seules exceptions sont que nous ne pouvons pas accepter de clients des \u00c9tats-Unis et des Pays-Bas.<\/p>\n<h2>Comment puis-je obtenir mes gains ?<\/h2>\n<p>Notre service de billets de loterie comprend notre assistance pour l&rsquo;encaissement de vos <a href=\"http:\/\/onlinelotto365.com\/fr\/numeros-gagnants\">gains<\/a>. Pour cela, il existe deux proc\u00e9dures diff\u00e9rentes :<\/p>\n<ul>\n<li>Gagnants de moins de 2500\u20ac: Le montant gagn\u00e9 sera cr\u00e9dit\u00e9 sur votre solde d&rsquo;utilisateur sur notre site web. Vous pouvez effectuer des retraits \u00e0 partir de l\u00e0, sur votre carte de cr\u00e9dit ou votre compte bancaire, par exemple.<\/li>\n<li>Gagnants de plus de \u20ac2500: Les paiements de montants plus \u00e9lev\u00e9s seront effectu\u00e9s directement par la loterie elle-m\u00eame. Nous vous fournirons un formulaire que vous devrez remplir et nous renvoyer. Le formulaire contient vos instructions pour le paiement, qui peut \u00eatre soit un virement bancaire, soit un ch\u00e8que. Tout cela se fera en ligne. Nous enverrons le formulaire \u00e0 la loterie, qui transf\u00e9rera l&rsquo;argent sur votre compte bancaire ou vous enverra un ch\u00e8que &#8211; selon votre pr\u00e9f\u00e9rence.<\/li>\n<\/ul>\n","protected":false},"excerpt":{"rendered":"<p>Vous voulez vous lancer dans la loterie ? Si c&rsquo;est le cas, vous voudrez certainement v\u00e9rifier vos options en ligne. Tous les grands jeux de loto, de presque partout dans le monde, sont disponibles pour que vous puissiez jouer en ligne. Vous devez juste savoir o\u00f9 chercher et comment commencer. Heureusement pour vous, c&rsquo;est en [&hellip;]<\/p>\n","protected":false},"author":1,"featured_media":0,"parent":0,"menu_order":2,"comment_status":"closed","ping_status":"closed","template":"Play-all.php","meta":{"_et_pb_use_builder":"","_et_pb_old_content":"","_et_gb_content_width":"","exclude_from_search":false,"footnotes":""},"class_list":["post-5017","page","type-page","status-publish","hentry"],"yoast_head":"<!-- This site is optimized with the Yoast SEO plugin v23.4 - https:\/\/yoast.com\/wordpress\/plugins\/seo\/ -->\n<title>Jouez au loto en ligne - plus de jackpots pour les fans de loterie du monde entier<\/title>\n<meta name=\"description\" content=\"Nous vous facilitons la t\u00e2che pour jouer aux loteries \u00e9trang\u00e8res en ligne - tous les gros jackpots sont ici\" \/>\n<meta name=\"robots\" content=\"index, follow, max-snippet:-1, max-image-preview:large, max-video-preview:-1\" \/>\n<link rel=\"canonical\" href=\"https:\/\/onlinelotto365.com\/fr\/jouer\/\" \/>\n<meta property=\"og:locale\" content=\"fr_FR\" \/>\n<meta property=\"og:type\" content=\"article\" \/>\n<meta property=\"og:title\" content=\"Jouez au loto en ligne - plus de jackpots pour les fans de loterie du monde entier\" \/>\n<meta property=\"og:description\" content=\"Nous vous facilitons la t\u00e2che pour jouer aux loteries \u00e9trang\u00e8res en ligne - tous les gros jackpots sont ici\" \/>\n<meta property=\"og:url\" content=\"https:\/\/onlinelotto365.com\/fr\/jouer\/\" \/>\n<meta property=\"og:site_name\" content=\"OnlineLotto365\" \/>\n<meta property=\"article:modified_time\" content=\"2020-12-29T19:28:37+00:00\" \/>\n<meta property=\"og:image\" content=\"https:\/\/redfoxlotto.com\/fr\/image?size=7&amp;lottery=mega-millions\" \/>\n<meta name=\"twitter:card\" content=\"summary_large_image\" \/>\n<meta name=\"twitter:label1\" content=\"Dur\u00e9e de lecture estim\u00e9e\" \/>\n\t<meta name=\"twitter:data1\" content=\"3 minutes\" \/>\n<script type=\"application\/ld+json\" class=\"yoast-schema-graph\">{\"@context\":\"https:\/\/schema.org\",\"@graph\":[{\"@type\":\"WebPage\",\"@id\":\"https:\/\/onlinelotto365.com\/fr\/jouer\/\",\"url\":\"https:\/\/onlinelotto365.com\/fr\/jouer\/\",\"name\":\"Jouez au loto en ligne - plus de jackpots pour les fans de loterie du monde entier\",\"isPartOf\":{\"@id\":\"https:\/\/onlinelotto365.com\/fr\/#website\"},\"primaryImageOfPage\":{\"@id\":\"https:\/\/onlinelotto365.com\/fr\/jouer\/#primaryimage\"},\"image\":{\"@id\":\"https:\/\/onlinelotto365.com\/fr\/jouer\/#primaryimage\"},\"thumbnailUrl\":\"https:\/\/redfoxlotto.com\/fr\/image?size=7&amp;lottery=mega-millions\",\"datePublished\":\"2020-12-03T07:38:42+00:00\",\"dateModified\":\"2020-12-29T19:28:37+00:00\",\"description\":\"Nous vous facilitons la t\u00e2che pour jouer aux loteries \u00e9trang\u00e8res en ligne - tous les gros jackpots sont ici\",\"breadcrumb\":{\"@id\":\"https:\/\/onlinelotto365.com\/fr\/jouer\/#breadcrumb\"},\"inLanguage\":\"fr-FR\",\"potentialAction\":[{\"@type\":\"ReadAction\",\"target\":[\"https:\/\/onlinelotto365.com\/fr\/jouer\/\"]}]},{\"@type\":\"ImageObject\",\"inLanguage\":\"fr-FR\",\"@id\":\"https:\/\/onlinelotto365.com\/fr\/jouer\/#primaryimage\",\"url\":\"https:\/\/redfoxlotto.com\/fr\/image?size=7&amp;lottery=mega-millions\",\"contentUrl\":\"https:\/\/redfoxlotto.com\/fr\/image?size=7&amp;lottery=mega-millions\"},{\"@type\":\"BreadcrumbList\",\"@id\":\"https:\/\/onlinelotto365.com\/fr\/jouer\/#breadcrumb\",\"itemListElement\":[{\"@type\":\"ListItem\",\"position\":1,\"name\":\"Home\",\"item\":\"https:\/\/onlinelotto365.com\/fr\/\"},{\"@type\":\"ListItem\",\"position\":2,\"name\":\"Tout ce que vous devez savoir sur vos possibilit\u00e9s de jouer aux meilleures loteries en ligne\"}]},{\"@type\":\"WebSite\",\"@id\":\"https:\/\/onlinelotto365.com\/fr\/#website\",\"url\":\"https:\/\/onlinelotto365.com\/fr\/\",\"name\":\"OnlineLotto365\",\"description\":\"\",\"potentialAction\":[{\"@type\":\"SearchAction\",\"target\":{\"@type\":\"EntryPoint\",\"urlTemplate\":\"https:\/\/onlinelotto365.com\/fr\/?s={search_term_string}\"},\"query-input\":{\"@type\":\"PropertyValueSpecification\",\"valueRequired\":true,\"valueName\":\"search_term_string\"}}],\"inLanguage\":\"fr-FR\"}]}<\/script>\n<!-- \/ Yoast SEO plugin. -->","yoast_head_json":{"title":"Jouez au loto en ligne - plus de jackpots pour les fans de loterie du monde entier","description":"Nous vous facilitons la t\u00e2che pour jouer aux loteries \u00e9trang\u00e8res en ligne - tous les gros jackpots sont ici","robots":{"index":"index","follow":"follow","max-snippet":"max-snippet:-1","max-image-preview":"max-image-preview:large","max-video-preview":"max-video-preview:-1"},"canonical":"https:\/\/onlinelotto365.com\/fr\/jouer\/","og_locale":"fr_FR","og_type":"article","og_title":"Jouez au loto en ligne - plus de jackpots pour les fans de loterie du monde entier","og_description":"Nous vous facilitons la t\u00e2che pour jouer aux loteries \u00e9trang\u00e8res en ligne - tous les gros jackpots sont ici","og_url":"https:\/\/onlinelotto365.com\/fr\/jouer\/","og_site_name":"OnlineLotto365","article_modified_time":"2020-12-29T19:28:37+00:00","og_image":[{"url":"https:\/\/redfoxlotto.com\/fr\/image?size=7&amp;lottery=mega-millions"}],"twitter_card":"summary_large_image","twitter_misc":{"Dur\u00e9e de lecture estim\u00e9e":"3 minutes"},"schema":{"@context":"https:\/\/schema.org","@graph":[{"@type":"WebPage","@id":"https:\/\/onlinelotto365.com\/fr\/jouer\/","url":"https:\/\/onlinelotto365.com\/fr\/jouer\/","name":"Jouez au loto en ligne - plus de jackpots pour les fans de loterie du monde entier","isPartOf":{"@id":"https:\/\/onlinelotto365.com\/fr\/#website"},"primaryImageOfPage":{"@id":"https:\/\/onlinelotto365.com\/fr\/jouer\/#primaryimage"},"image":{"@id":"https:\/\/onlinelotto365.com\/fr\/jouer\/#primaryimage"},"thumbnailUrl":"https:\/\/redfoxlotto.com\/fr\/image?size=7&amp;lottery=mega-millions","datePublished":"2020-12-03T07:38:42+00:00","dateModified":"2020-12-29T19:28:37+00:00","description":"Nous vous facilitons la t\u00e2che pour jouer aux loteries \u00e9trang\u00e8res en ligne - tous les gros jackpots sont ici","breadcrumb":{"@id":"https:\/\/onlinelotto365.com\/fr\/jouer\/#breadcrumb"},"inLanguage":"fr-FR","potentialAction":[{"@type":"ReadAction","target":["https:\/\/onlinelotto365.com\/fr\/jouer\/"]}]},{"@type":"ImageObject","inLanguage":"fr-FR","@id":"https:\/\/onlinelotto365.com\/fr\/jouer\/#primaryimage","url":"https:\/\/redfoxlotto.com\/fr\/image?size=7&amp;lottery=mega-millions","contentUrl":"https:\/\/redfoxlotto.com\/fr\/image?size=7&amp;lottery=mega-millions"},{"@type":"BreadcrumbList","@id":"https:\/\/onlinelotto365.com\/fr\/jouer\/#breadcrumb","itemListElement":[{"@type":"ListItem","position":1,"name":"Home","item":"https:\/\/onlinelotto365.com\/fr\/"},{"@type":"ListItem","position":2,"name":"Tout ce que vous devez savoir sur vos possibilit\u00e9s de jouer aux meilleures loteries en ligne"}]},{"@type":"WebSite","@id":"https:\/\/onlinelotto365.com\/fr\/#website","url":"https:\/\/onlinelotto365.com\/fr\/","name":"OnlineLotto365","description":"","potentialAction":[{"@type":"SearchAction","target":{"@type":"EntryPoint","urlTemplate":"https:\/\/onlinelotto365.com\/fr\/?s={search_term_string}"},"query-input":{"@type":"PropertyValueSpecification","valueRequired":true,"valueName":"search_term_string"}}],"inLanguage":"fr-FR"}]}},"_links":{"self":[{"href":"https:\/\/onlinelotto365.com\/fr\/wp-json\/wp\/v2\/pages\/5017","targetHints":{"allow":["GET"]}}],"collection":[{"href":"https:\/\/onlinelotto365.com\/fr\/wp-json\/wp\/v2\/pages"}],"about":[{"href":"https:\/\/onlinelotto365.com\/fr\/wp-json\/wp\/v2\/types\/page"}],"author":[{"embeddable":true,"href":"https:\/\/onlinelotto365.com\/fr\/wp-json\/wp\/v2\/users\/1"}],"replies":[{"embeddable":true,"href":"https:\/\/onlinelotto365.com\/fr\/wp-json\/wp\/v2\/comments?post=5017"}],"version-history":[{"count":0,"href":"https:\/\/onlinelotto365.com\/fr\/wp-json\/wp\/v2\/pages\/5017\/revisions"}],"wp:attachment":[{"href":"https:\/\/onlinelotto365.com\/fr\/wp-json\/wp\/v2\/media?parent=5017"}],"curies":[{"name":"wp","href":"https:\/\/api.w.org\/{rel}","templated":true}]}}