{"id":6330,"date":"2020-12-06T20:08:54","date_gmt":"2020-12-06T19:08:54","guid":{"rendered":"http:\/\/onlinelotto365.net\/numeros-gagnants\/la-primitiva"},"modified":"2020-12-30T08:53:50","modified_gmt":"2020-12-30T07:53:50","slug":"la-primitiva","status":"publish","type":"page","link":"https:\/\/onlinelotto365.com\/fr\/numeros-gagnants\/la-primitiva\/","title":{"rendered":"La Primitiva tire les r\u00e9sultats"},"content":{"rendered":"<p>Nous proposons de nombreux jeux de loterie internationaux diff\u00e9rents et nous savons que vous souhaitez trouver rapidement les num\u00e9ros gagnants. C&rsquo;est pourquoi certaines personnes choisissent de chercher les num\u00e9ros dans le journal. <strong>Mais il peut \u00eatre difficile de trouver les num\u00e9ros gagnants de La Primitiva dans le journal.<\/strong> Il en va de m\u00eame pour trouver ces num\u00e9ros \u00e0 la t\u00e9l\u00e9vision, car il faut faire des recherches pour trouver la bonne cha\u00eene.<\/p>\n<p>Vous pouvez \u00e9galement vous rendre sur le site web de La Primitiva et voir s&rsquo;ils montrent le dessin en direct de leur jeu. S&rsquo;ils le font, cela peut \u00eatre passionnant \u00e0 regarder. Mais s&rsquo;ils ne le font pas, ce qui n&rsquo;est pas le cas de nombreux jeux de loterie, alors vous \u00eates oblig\u00e9 d&rsquo;attendre encore un peu.<\/p>\n<p>Apr\u00e8s le dessin, vous pouvez parfois trouver le dernier dessin de La Primitiva sur YouTube. Mais pour cela, il faudrait attendre un certain temps apr\u00e8s le dessin.<br \/>\n<a href=\"https:\/\/redfoxlotto.com\/fr\/jouer\/la-primitiva\/?ref=a8564250a2&amp;medium=ol365\" target=\"_blank\" rel=\"noopener noreferrer\"><img decoding=\"async\" class=\"aligncenter\" src=\"https:\/\/redfoxlotto.com\/image?size=8&amp;lottery=la-primitiva\" alt=\" la primitiva\" \/><\/a><\/p>\n<p>La m\u00e9thode la plus pratique pour obtenir les chiffres , cependant, est de <strong>visiter notre site web<\/strong>. Nous proposons les num\u00e9ros gagnants et les r\u00e9sultats et m\u00eame les montants des prix de La Primitiva directement sur notre site web, et nous incluons <a href=\"https:\/\/onlinelotto365.com\/fr\/jouer\">d&rsquo;autres loteries que nous proposons \u00e9galement<\/a>.<\/p>\n<h2>Comment savoir si votre billet en ligne a gagn\u00e9<img loading=\"lazy\" decoding=\"async\" class=\"alignright wp-image-3572\" src=\"https:\/\/onlinelotto365.com\/wp-content\/uploads\/2020\/11\/online_lottery-25-300x212.jpg\" alt=\"num\u00e9ros gagnants pour La Primitiva\" width=\"232\" height=\"165\" srcset=\"https:\/\/onlinelotto365.com\/wp-content\/uploads\/2020\/11\/online_lottery-25-300x212.jpg 300w, https:\/\/onlinelotto365.com\/wp-content\/uploads\/2020\/11\/online_lottery-25.jpg 320w\" sizes=\"auto, (max-width: 232px) 100vw, 232px\" \/><\/h2>\n<p>Si vous avez <a href=\"https:\/\/onlinelotto365.com\/fr\/acheter-ticquets\">achet\u00e9 des billets<\/a> pour La Primitiva, vous n&rsquo;avez m\u00eame pas besoin d&rsquo;aller \u00e0 la page des r\u00e9sultats. Vous pouvez aller directement sur votre compte et consulter vos billets. Sur ce m\u00eame \u00e9cran, vous verrez les num\u00e9ros gagnants pour chaque jeu auquel vous avez jou\u00e9. Et vous verrez des num\u00e9ros surlign\u00e9s pour toute correspondance entre votre billet et les num\u00e9ros gagnants.<br \/>\nSi vous avez le bon num\u00e9ro, vous serez gagnant et vous pourrez voir exactement combien vous avez gagn\u00e9. Vous constaterez \u00e9galement que les gains (pour tout montant inf\u00e9rieur \u00e0 2500 \u20ac) sont d\u00e9j\u00e0 disponibles sur votre compte d\u00e8s que les r\u00e9sultats sont v\u00e9rifi\u00e9s.<\/p>\n<h2>Archives des r\u00e9sultats de La Primitiva<\/h2>\n<p>Pour ceux qui veulent choisir leur num\u00e9ro pour le prochain tirage, nous savons qu&rsquo;il peut \u00eatre important de v\u00e9rifier les anciens billets et les anciens num\u00e9ros. Ainsi, nous nous assurons que toute page qui contient les derniers r\u00e9sultats de La Primitiva a \u00e9galement acc\u00e8s \u00e0 des chiffres plus anciens. Vous pouvez les consulter \u00e0 tout moment et pour n&rsquo;importe quelle raison.<\/p>\n<h2>Mon billet a gagn\u00e9, que se passe-t-il ensuite ?<\/h2>\n<p>Si votre billet est gagnant, il vous suffit de vous asseoir et de vous d\u00e9tendre, car nous nous occuperons de tout pour vous. Nous cr\u00e9ditons tout montant inf\u00e9rieur \u00e0 2 500 euros directement sur votre compte, de sorte que vous n&rsquo;avez pas \u00e0 le r\u00e9clamer ni \u00e0 passer par des \u00e9tapes suppl\u00e9mentaires. Ensuite, tant que vous avez au moins 10 euros sur votre compte, vous pouvez retirer l&rsquo;argent sur votre compte bancaire ou votre carte de cr\u00e9dit.<\/p>\n<p>Il vous suffit de vous assurer que vous avez d\u00e9j\u00e0 utilis\u00e9 cette carte ou ce compte chez nous. Vous devrez \u00e9galement remplir certains documents pour vous assurer que nous respectons les r\u00e8glements de notre processeur de paiement. Ces documents nous prot\u00e8gent, mais ils vous prot\u00e8gent aussi en faisant en sorte que vous soyez le seul \u00e0 pouvoir retirer votre argent du compte.<\/p>\n","protected":false},"excerpt":{"rendered":"<p>Nous proposons de nombreux jeux de loterie internationaux diff\u00e9rents et nous savons que vous souhaitez trouver rapidement les num\u00e9ros gagnants. C&rsquo;est pourquoi certaines personnes choisissent de chercher les num\u00e9ros dans le journal. Mais il peut \u00eatre difficile de trouver les num\u00e9ros gagnants de La Primitiva dans le journal. Il en va de m\u00eame pour trouver [&hellip;]<\/p>\n","protected":false},"author":1,"featured_media":0,"parent":3794,"menu_order":7,"comment_status":"closed","ping_status":"closed","template":"la-primitiva-results.php","meta":{"_et_pb_use_builder":"","_et_pb_old_content":"","_et_gb_content_width":"","exclude_from_search":false,"footnotes":""},"class_list":["post-6330","page","type-page","status-publish","hentry"],"yoast_head":"<!-- This site is optimized with the Yoast SEO plugin v23.4 - https:\/\/yoast.com\/wordpress\/plugins\/seo\/ -->\n<title>Derniers r\u00e9sultats du tirage, num\u00e9ros gagnants pour La Primitiva<\/title>\n<meta name=\"description\" content=\"Obtenez les derniers num\u00e9ros gagnants de la Primitiva espagnole, ainsi que d&#039;autres r\u00e9sultats\" \/>\n<meta name=\"robots\" content=\"index, follow, max-snippet:-1, max-image-preview:large, max-video-preview:-1\" \/>\n<link rel=\"canonical\" href=\"https:\/\/onlinelotto365.com\/fr\/numeros-gagnants\/la-primitiva\/\" \/>\n<meta property=\"og:locale\" content=\"fr_FR\" \/>\n<meta property=\"og:type\" content=\"article\" \/>\n<meta property=\"og:title\" content=\"Derniers r\u00e9sultats du tirage, num\u00e9ros gagnants pour La Primitiva\" \/>\n<meta property=\"og:description\" content=\"Obtenez les derniers num\u00e9ros gagnants de la Primitiva espagnole, ainsi que d&#039;autres r\u00e9sultats\" \/>\n<meta property=\"og:url\" content=\"https:\/\/onlinelotto365.com\/fr\/numeros-gagnants\/la-primitiva\/\" \/>\n<meta property=\"og:site_name\" content=\"OnlineLotto365\" \/>\n<meta property=\"article:modified_time\" content=\"2020-12-30T07:53:50+00:00\" \/>\n<meta property=\"og:image\" content=\"https:\/\/redfoxlotto.com\/image?size=8&amp;lottery=la-primitiva\" \/>\n<meta name=\"twitter:card\" content=\"summary_large_image\" \/>\n<meta name=\"twitter:label1\" content=\"Dur\u00e9e de lecture estim\u00e9e\" \/>\n\t<meta name=\"twitter:data1\" content=\"3 minutes\" \/>\n<script type=\"application\/ld+json\" class=\"yoast-schema-graph\">{\"@context\":\"https:\/\/schema.org\",\"@graph\":[{\"@type\":\"WebPage\",\"@id\":\"https:\/\/onlinelotto365.com\/fr\/numeros-gagnants\/la-primitiva\/\",\"url\":\"https:\/\/onlinelotto365.com\/fr\/numeros-gagnants\/la-primitiva\/\",\"name\":\"Derniers r\u00e9sultats du tirage, num\u00e9ros gagnants pour La Primitiva\",\"isPartOf\":{\"@id\":\"https:\/\/onlinelotto365.com\/fr\/#website\"},\"primaryImageOfPage\":{\"@id\":\"https:\/\/onlinelotto365.com\/fr\/numeros-gagnants\/la-primitiva\/#primaryimage\"},\"image\":{\"@id\":\"https:\/\/onlinelotto365.com\/fr\/numeros-gagnants\/la-primitiva\/#primaryimage\"},\"thumbnailUrl\":\"https:\/\/redfoxlotto.com\/image?size=8&amp;lottery=la-primitiva\",\"datePublished\":\"2020-12-06T19:08:54+00:00\",\"dateModified\":\"2020-12-30T07:53:50+00:00\",\"description\":\"Obtenez les derniers num\u00e9ros gagnants de la Primitiva espagnole, ainsi que d'autres r\u00e9sultats\",\"breadcrumb\":{\"@id\":\"https:\/\/onlinelotto365.com\/fr\/numeros-gagnants\/la-primitiva\/#breadcrumb\"},\"inLanguage\":\"fr-FR\",\"potentialAction\":[{\"@type\":\"ReadAction\",\"target\":[\"https:\/\/onlinelotto365.com\/fr\/numeros-gagnants\/la-primitiva\/\"]}]},{\"@type\":\"ImageObject\",\"inLanguage\":\"fr-FR\",\"@id\":\"https:\/\/onlinelotto365.com\/fr\/numeros-gagnants\/la-primitiva\/#primaryimage\",\"url\":\"https:\/\/redfoxlotto.com\/image?size=8&amp;lottery=la-primitiva\",\"contentUrl\":\"https:\/\/redfoxlotto.com\/image?size=8&amp;lottery=la-primitiva\"},{\"@type\":\"BreadcrumbList\",\"@id\":\"https:\/\/onlinelotto365.com\/fr\/numeros-gagnants\/la-primitiva\/#breadcrumb\",\"itemListElement\":[{\"@type\":\"ListItem\",\"position\":1,\"name\":\"Home\",\"item\":\"https:\/\/onlinelotto365.com\/fr\/\"},{\"@type\":\"ListItem\",\"position\":2,\"name\":\"Trouvez les num\u00e9ros gagnants et les r\u00e9sultats des derniers tirages du loto\",\"item\":\"https:\/\/onlinelotto365.com\/fr\/numeros-gagnants\/\"},{\"@type\":\"ListItem\",\"position\":3,\"name\":\"La Primitiva tire les r\u00e9sultats\"}]},{\"@type\":\"WebSite\",\"@id\":\"https:\/\/onlinelotto365.com\/fr\/#website\",\"url\":\"https:\/\/onlinelotto365.com\/fr\/\",\"name\":\"OnlineLotto365\",\"description\":\"\",\"potentialAction\":[{\"@type\":\"SearchAction\",\"target\":{\"@type\":\"EntryPoint\",\"urlTemplate\":\"https:\/\/onlinelotto365.com\/fr\/?s={search_term_string}\"},\"query-input\":{\"@type\":\"PropertyValueSpecification\",\"valueRequired\":true,\"valueName\":\"search_term_string\"}}],\"inLanguage\":\"fr-FR\"}]}<\/script>\n<!-- \/ Yoast SEO plugin. -->","yoast_head_json":{"title":"Derniers r\u00e9sultats du tirage, num\u00e9ros gagnants pour La Primitiva","description":"Obtenez les derniers num\u00e9ros gagnants de la Primitiva espagnole, ainsi que d'autres r\u00e9sultats","robots":{"index":"index","follow":"follow","max-snippet":"max-snippet:-1","max-image-preview":"max-image-preview:large","max-video-preview":"max-video-preview:-1"},"canonical":"https:\/\/onlinelotto365.com\/fr\/numeros-gagnants\/la-primitiva\/","og_locale":"fr_FR","og_type":"article","og_title":"Derniers r\u00e9sultats du tirage, num\u00e9ros gagnants pour La Primitiva","og_description":"Obtenez les derniers num\u00e9ros gagnants de la Primitiva espagnole, ainsi que d'autres r\u00e9sultats","og_url":"https:\/\/onlinelotto365.com\/fr\/numeros-gagnants\/la-primitiva\/","og_site_name":"OnlineLotto365","article_modified_time":"2020-12-30T07:53:50+00:00","og_image":[{"url":"https:\/\/redfoxlotto.com\/image?size=8&amp;lottery=la-primitiva"}],"twitter_card":"summary_large_image","twitter_misc":{"Dur\u00e9e de lecture estim\u00e9e":"3 minutes"},"schema":{"@context":"https:\/\/schema.org","@graph":[{"@type":"WebPage","@id":"https:\/\/onlinelotto365.com\/fr\/numeros-gagnants\/la-primitiva\/","url":"https:\/\/onlinelotto365.com\/fr\/numeros-gagnants\/la-primitiva\/","name":"Derniers r\u00e9sultats du tirage, num\u00e9ros gagnants pour La Primitiva","isPartOf":{"@id":"https:\/\/onlinelotto365.com\/fr\/#website"},"primaryImageOfPage":{"@id":"https:\/\/onlinelotto365.com\/fr\/numeros-gagnants\/la-primitiva\/#primaryimage"},"image":{"@id":"https:\/\/onlinelotto365.com\/fr\/numeros-gagnants\/la-primitiva\/#primaryimage"},"thumbnailUrl":"https:\/\/redfoxlotto.com\/image?size=8&amp;lottery=la-primitiva","datePublished":"2020-12-06T19:08:54+00:00","dateModified":"2020-12-30T07:53:50+00:00","description":"Obtenez les derniers num\u00e9ros gagnants de la Primitiva espagnole, ainsi que d'autres r\u00e9sultats","breadcrumb":{"@id":"https:\/\/onlinelotto365.com\/fr\/numeros-gagnants\/la-primitiva\/#breadcrumb"},"inLanguage":"fr-FR","potentialAction":[{"@type":"ReadAction","target":["https:\/\/onlinelotto365.com\/fr\/numeros-gagnants\/la-primitiva\/"]}]},{"@type":"ImageObject","inLanguage":"fr-FR","@id":"https:\/\/onlinelotto365.com\/fr\/numeros-gagnants\/la-primitiva\/#primaryimage","url":"https:\/\/redfoxlotto.com\/image?size=8&amp;lottery=la-primitiva","contentUrl":"https:\/\/redfoxlotto.com\/image?size=8&amp;lottery=la-primitiva"},{"@type":"BreadcrumbList","@id":"https:\/\/onlinelotto365.com\/fr\/numeros-gagnants\/la-primitiva\/#breadcrumb","itemListElement":[{"@type":"ListItem","position":1,"name":"Home","item":"https:\/\/onlinelotto365.com\/fr\/"},{"@type":"ListItem","position":2,"name":"Trouvez les num\u00e9ros gagnants et les r\u00e9sultats des derniers tirages du loto","item":"https:\/\/onlinelotto365.com\/fr\/numeros-gagnants\/"},{"@type":"ListItem","position":3,"name":"La Primitiva tire les r\u00e9sultats"}]},{"@type":"WebSite","@id":"https:\/\/onlinelotto365.com\/fr\/#website","url":"https:\/\/onlinelotto365.com\/fr\/","name":"OnlineLotto365","description":"","potentialAction":[{"@type":"SearchAction","target":{"@type":"EntryPoint","urlTemplate":"https:\/\/onlinelotto365.com\/fr\/?s={search_term_string}"},"query-input":{"@type":"PropertyValueSpecification","valueRequired":true,"valueName":"search_term_string"}}],"inLanguage":"fr-FR"}]}},"_links":{"self":[{"href":"https:\/\/onlinelotto365.com\/fr\/wp-json\/wp\/v2\/pages\/6330","targetHints":{"allow":["GET"]}}],"collection":[{"href":"https:\/\/onlinelotto365.com\/fr\/wp-json\/wp\/v2\/pages"}],"about":[{"href":"https:\/\/onlinelotto365.com\/fr\/wp-json\/wp\/v2\/types\/page"}],"author":[{"embeddable":true,"href":"https:\/\/onlinelotto365.com\/fr\/wp-json\/wp\/v2\/users\/1"}],"replies":[{"embeddable":true,"href":"https:\/\/onlinelotto365.com\/fr\/wp-json\/wp\/v2\/comments?post=6330"}],"version-history":[{"count":0,"href":"https:\/\/onlinelotto365.com\/fr\/wp-json\/wp\/v2\/pages\/6330\/revisions"}],"up":[{"embeddable":true,"href":"https:\/\/onlinelotto365.com\/fr\/wp-json\/wp\/v2\/pages\/3794"}],"wp:attachment":[{"href":"https:\/\/onlinelotto365.com\/fr\/wp-json\/wp\/v2\/media?parent=6330"}],"curies":[{"name":"wp","href":"https:\/\/api.w.org\/{rel}","templated":true}]}}