{"id":7730,"date":"2020-12-08T14:07:13","date_gmt":"2020-12-08T13:07:13","guid":{"rendered":"http:\/\/onlinelotto365.net\/?page_id=7730"},"modified":"2021-01-07T12:31:35","modified_gmt":"2021-01-07T11:31:35","slug":"mega-millions","status":"publish","type":"page","link":"https:\/\/onlinelotto365.com\/fr\/numeros-gagnants\/mega-millions\/","title":{"rendered":"Consultez les num\u00e9ros gagnants de Mega Millions ici"},"content":{"rendered":"<p>Avec toutes les loteries internationales auxquelles vous pouvez jouer sur notre site web, <strong> obtenir les num\u00e9ros gagnants et les r\u00e9sultats<\/strong> pourrait \u00eatre un probl\u00e8me. Vous ne pourrez probablement pas trouver les num\u00e9ros gagnants de Mega Millions dans votre journal. Vous pourriez chercher une cha\u00eene de t\u00e9l\u00e9vision \u00e0 votre disposition qui inclurait les r\u00e9sultats du tirage dans son journal, mais cela n\u00e9cessiterait quelques recherches.<\/p>\n<p>Une option serait de v\u00e9rifier si le site officiel de la loterie Mega Millions diffuse un <a href=\"https:\/\/onlinelotto365.com\/fr\/news\/lotto-en-direct\">flux en direct<\/a> de la proc\u00e9dure de tirage. Voir les num\u00e9ros tir\u00e9s en direct est, bien s\u00fbr, tr\u00e8s excitant. Ce serait \u00e9galement le moyen le plus rapide de savoir si vos num\u00e9ros ont gagn\u00e9. Mais la plupart des loteries n&rsquo;offrent pas la diffusion en direct du tirage en temps r\u00e9el.<\/p>\n<p>Si le tirage a d\u00e9j\u00e0 eu lieu au moment o\u00f9 vous souhaitez v\u00e9rifier les num\u00e9ros gagnants, vous pouvez vous rendre sur <a href=\"https:\/\/youtube.com\/\" target=\"_blank\" rel=\"noopener noreferrer\">Youtube<\/a> et lancer une recherche pour trouver une vid\u00e9o qui montre le dernier tirage de Mega Millions.<\/p>\n<p><a href=\"https:\/\/redfoxlotto.com\/fr\/jouer\/mega-millions\/?ref=a8564250a2&amp;medium=ol365\" target=\"_blank\" rel=\"noopener noreferrer\"><img decoding=\"async\" class=\"aligncenter\" src=\"https:\/\/redfoxlotto.com\/image?size=8&amp;lottery=mega-millions\" alt=\"Mega Millions\" \/><\/a><\/p>\n<p>Mais une m\u00e9thode tr\u00e8s pratique pour v\u00e9rifier les <a href=\"https:\/\/onlinelotto365.com\/fr\/numeros-gagnants\">num\u00e9ros gagnants<\/a>, ainsi que les r\u00e9sultats et les prix de Mega Millions est notre propre page de r\u00e9sultats de loterie. Sur une page, vous pouvez trouver les num\u00e9ros gagnants de toutes les loteries que nous proposons.<\/p>\n<h2>Comment savoir si votre billet en ligne a gagn\u00e9<\/h2>\n<p>Et c&rsquo;est encore mieux ! Si vous avez achet\u00e9 un billet pour Mega Millions sur notre site, vous pouvez consulter votre compte (vous devez d&rsquo;abord vous connecter, bien s\u00fbr) et la section o\u00f9 vos billets sont stock\u00e9s. Pour chaque loterie \u00e0 laquelle vous avez particip\u00e9, les num\u00e9ros gagnants sont affich\u00e9s juste \u00e0 c\u00f4t\u00e9 des num\u00e9ros que vous avez s\u00e9lectionn\u00e9s. Tous les num\u00e9ros de votre billet qui correspondent aux r\u00e9sultats du tirage seront \u00e9galement marqu\u00e9s en couleur. Une fois que vous savez combien de num\u00e9ros vous avez choisis correctement, vous pouvez <a href=\"https:\/\/onlinelotto365.com\/fr\/news\/verifiez-le-billet-de-loterie-en-ligne\"><strong>contr\u00f4ler combien vous avez gagn\u00e9<\/strong><\/a>. N&rsquo;oubliez pas non plus que tous les gains inf\u00e9rieurs \u00e0 2 500 \u20ac seront cr\u00e9dit\u00e9s sur votre compte de joueur d\u00e8s que la loterie aura confirm\u00e9 les r\u00e9sultats officiels.<\/p>\n<h2>Archives des r\u00e9sultats de Mega Millions<\/h2>\n<p>Les pages de notre site web qui pr\u00e9sentent les derniers r\u00e9sultats de Mega Millions vous donnent \u00e9galement la possibilit\u00e9 de v\u00e9rifier les r\u00e9sultats des tirages pr\u00e9c\u00e9dents. C&rsquo;est une fonction que de nombreux joueurs utilisent pour v\u00e9rifier quels num\u00e9ros ont \u00e9t\u00e9 tir\u00e9s r\u00e9cemment ou quels num\u00e9ros n&rsquo;ont pas \u00e9t\u00e9 tir\u00e9s dans le pass\u00e9. Il s&rsquo;agit d&rsquo;une <a href=\"https:\/\/onlinelotto365.com\/fr\/news\/utilisez-la-strategie-pour-selectionner-vos-numeros-pour-le-loto\">strat\u00e9gie de loterie tr\u00e8s populaire<\/a> d&rsquo;utiliser cette information lors de la s\u00e9lection des num\u00e9ros de votre prochain billet.<\/p>\n<h2>Mon billet a gagn\u00e9, que se passe-t-il ensuite?<\/h2>\n<p>Comme nous l&rsquo;avons d\u00e9j\u00e0 mentionn\u00e9, les prix de moins de 2 500 euros seront cr\u00e9dit\u00e9s directement sur votre compte client sur notre site web. De l\u00e0, vous pouvez retirer tout ou partie de votre compte, \u00e0 condition de disposer d&rsquo;un solde d&rsquo;au moins 10 \u20ac. Vous pouvez \u00e9galement en utiliser une partie pour acheter de nouveaux billets. Si vous d\u00e9cidez de retirer des fonds sur votre carte de cr\u00e9dit ou votre compte bancaire, vous devrez nous fournir certains documents d&rsquo;identification. Il s&rsquo;agit d&rsquo;une exigence de nos processeurs de paiement, en raison des lois contre le blanchiment d&rsquo;argent. De plus, vous ne pouvez pas utiliser une m\u00e9thode de retrait qui n&rsquo;a pas \u00e9t\u00e9 utilis\u00e9e auparavant pour un achat ou un d\u00e9p\u00f4t.<\/p>\n","protected":false},"excerpt":{"rendered":"<p>Avec toutes les loteries internationales auxquelles vous pouvez jouer sur notre site web, obtenir les num\u00e9ros gagnants et les r\u00e9sultats pourrait \u00eatre un probl\u00e8me. Vous ne pourrez probablement pas trouver les num\u00e9ros gagnants de Mega Millions dans votre journal. Vous pourriez chercher une cha\u00eene de t\u00e9l\u00e9vision \u00e0 votre disposition qui inclurait les r\u00e9sultats du tirage [&hellip;]<\/p>\n","protected":false},"author":1,"featured_media":0,"parent":3794,"menu_order":2,"comment_status":"closed","ping_status":"closed","template":"megamillion-results.php","meta":{"_et_pb_use_builder":"","_et_pb_old_content":"","_et_gb_content_width":"","exclude_from_search":false,"footnotes":""},"class_list":["post-7730","page","type-page","status-publish","hentry"],"yoast_head":"<!-- This site is optimized with the Yoast SEO plugin v23.4 - https:\/\/yoast.com\/wordpress\/plugins\/seo\/ -->\n<title>Num\u00e9ros gagnants M\u00e9ga Millions | Derniers r\u00e9sultats du tirage et prix pour M\u00e9ga Millions<\/title>\n<meta name=\"description\" content=\"Comment utiliser notre site web pour trouver facilement les num\u00e9ros gagnants et les r\u00e9sultats de Mega Millions\" \/>\n<meta name=\"robots\" content=\"index, follow, max-snippet:-1, max-image-preview:large, max-video-preview:-1\" \/>\n<link rel=\"canonical\" href=\"https:\/\/onlinelotto365.com\/fr\/numeros-gagnants\/mega-millions\/\" \/>\n<meta property=\"og:locale\" content=\"fr_FR\" \/>\n<meta property=\"og:type\" content=\"article\" \/>\n<meta property=\"og:title\" content=\"Num\u00e9ros gagnants M\u00e9ga Millions | Derniers r\u00e9sultats du tirage et prix pour M\u00e9ga Millions\" \/>\n<meta property=\"og:description\" content=\"Comment utiliser notre site web pour trouver facilement les num\u00e9ros gagnants et les r\u00e9sultats de Mega Millions\" \/>\n<meta property=\"og:url\" content=\"https:\/\/onlinelotto365.com\/fr\/numeros-gagnants\/mega-millions\/\" \/>\n<meta property=\"og:site_name\" content=\"OnlineLotto365\" \/>\n<meta property=\"article:modified_time\" content=\"2021-01-07T11:31:35+00:00\" \/>\n<meta property=\"og:image\" content=\"https:\/\/redfoxlotto.com\/image?size=8&amp;lottery=mega-millions\" \/>\n<meta name=\"twitter:card\" content=\"summary_large_image\" \/>\n<meta name=\"twitter:label1\" content=\"Dur\u00e9e de lecture estim\u00e9e\" \/>\n\t<meta name=\"twitter:data1\" content=\"3 minutes\" \/>\n<script type=\"application\/ld+json\" class=\"yoast-schema-graph\">{\"@context\":\"https:\/\/schema.org\",\"@graph\":[{\"@type\":\"WebPage\",\"@id\":\"https:\/\/onlinelotto365.com\/fr\/numeros-gagnants\/mega-millions\/\",\"url\":\"https:\/\/onlinelotto365.com\/fr\/numeros-gagnants\/mega-millions\/\",\"name\":\"Num\u00e9ros gagnants M\u00e9ga Millions | Derniers r\u00e9sultats du tirage et prix pour M\u00e9ga Millions\",\"isPartOf\":{\"@id\":\"https:\/\/onlinelotto365.com\/fr\/#website\"},\"primaryImageOfPage\":{\"@id\":\"https:\/\/onlinelotto365.com\/fr\/numeros-gagnants\/mega-millions\/#primaryimage\"},\"image\":{\"@id\":\"https:\/\/onlinelotto365.com\/fr\/numeros-gagnants\/mega-millions\/#primaryimage\"},\"thumbnailUrl\":\"https:\/\/redfoxlotto.com\/image?size=8&amp;lottery=mega-millions\",\"datePublished\":\"2020-12-08T13:07:13+00:00\",\"dateModified\":\"2021-01-07T11:31:35+00:00\",\"description\":\"Comment utiliser notre site web pour trouver facilement les num\u00e9ros gagnants et les r\u00e9sultats de Mega Millions\",\"breadcrumb\":{\"@id\":\"https:\/\/onlinelotto365.com\/fr\/numeros-gagnants\/mega-millions\/#breadcrumb\"},\"inLanguage\":\"fr-FR\",\"potentialAction\":[{\"@type\":\"ReadAction\",\"target\":[\"https:\/\/onlinelotto365.com\/fr\/numeros-gagnants\/mega-millions\/\"]}]},{\"@type\":\"ImageObject\",\"inLanguage\":\"fr-FR\",\"@id\":\"https:\/\/onlinelotto365.com\/fr\/numeros-gagnants\/mega-millions\/#primaryimage\",\"url\":\"https:\/\/redfoxlotto.com\/image?size=8&amp;lottery=mega-millions\",\"contentUrl\":\"https:\/\/redfoxlotto.com\/image?size=8&amp;lottery=mega-millions\"},{\"@type\":\"BreadcrumbList\",\"@id\":\"https:\/\/onlinelotto365.com\/fr\/numeros-gagnants\/mega-millions\/#breadcrumb\",\"itemListElement\":[{\"@type\":\"ListItem\",\"position\":1,\"name\":\"Home\",\"item\":\"https:\/\/onlinelotto365.com\/fr\/\"},{\"@type\":\"ListItem\",\"position\":2,\"name\":\"Trouvez les num\u00e9ros gagnants et les r\u00e9sultats des derniers tirages du loto\",\"item\":\"https:\/\/onlinelotto365.com\/fr\/numeros-gagnants\/\"},{\"@type\":\"ListItem\",\"position\":3,\"name\":\"Consultez les num\u00e9ros gagnants de Mega Millions ici\"}]},{\"@type\":\"WebSite\",\"@id\":\"https:\/\/onlinelotto365.com\/fr\/#website\",\"url\":\"https:\/\/onlinelotto365.com\/fr\/\",\"name\":\"OnlineLotto365\",\"description\":\"\",\"potentialAction\":[{\"@type\":\"SearchAction\",\"target\":{\"@type\":\"EntryPoint\",\"urlTemplate\":\"https:\/\/onlinelotto365.com\/fr\/?s={search_term_string}\"},\"query-input\":{\"@type\":\"PropertyValueSpecification\",\"valueRequired\":true,\"valueName\":\"search_term_string\"}}],\"inLanguage\":\"fr-FR\"}]}<\/script>\n<!-- \/ Yoast SEO plugin. -->","yoast_head_json":{"title":"Num\u00e9ros gagnants M\u00e9ga Millions | Derniers r\u00e9sultats du tirage et prix pour M\u00e9ga Millions","description":"Comment utiliser notre site web pour trouver facilement les num\u00e9ros gagnants et les r\u00e9sultats de Mega Millions","robots":{"index":"index","follow":"follow","max-snippet":"max-snippet:-1","max-image-preview":"max-image-preview:large","max-video-preview":"max-video-preview:-1"},"canonical":"https:\/\/onlinelotto365.com\/fr\/numeros-gagnants\/mega-millions\/","og_locale":"fr_FR","og_type":"article","og_title":"Num\u00e9ros gagnants M\u00e9ga Millions | Derniers r\u00e9sultats du tirage et prix pour M\u00e9ga Millions","og_description":"Comment utiliser notre site web pour trouver facilement les num\u00e9ros gagnants et les r\u00e9sultats de Mega Millions","og_url":"https:\/\/onlinelotto365.com\/fr\/numeros-gagnants\/mega-millions\/","og_site_name":"OnlineLotto365","article_modified_time":"2021-01-07T11:31:35+00:00","og_image":[{"url":"https:\/\/redfoxlotto.com\/image?size=8&amp;lottery=mega-millions"}],"twitter_card":"summary_large_image","twitter_misc":{"Dur\u00e9e de lecture estim\u00e9e":"3 minutes"},"schema":{"@context":"https:\/\/schema.org","@graph":[{"@type":"WebPage","@id":"https:\/\/onlinelotto365.com\/fr\/numeros-gagnants\/mega-millions\/","url":"https:\/\/onlinelotto365.com\/fr\/numeros-gagnants\/mega-millions\/","name":"Num\u00e9ros gagnants M\u00e9ga Millions | Derniers r\u00e9sultats du tirage et prix pour M\u00e9ga Millions","isPartOf":{"@id":"https:\/\/onlinelotto365.com\/fr\/#website"},"primaryImageOfPage":{"@id":"https:\/\/onlinelotto365.com\/fr\/numeros-gagnants\/mega-millions\/#primaryimage"},"image":{"@id":"https:\/\/onlinelotto365.com\/fr\/numeros-gagnants\/mega-millions\/#primaryimage"},"thumbnailUrl":"https:\/\/redfoxlotto.com\/image?size=8&amp;lottery=mega-millions","datePublished":"2020-12-08T13:07:13+00:00","dateModified":"2021-01-07T11:31:35+00:00","description":"Comment utiliser notre site web pour trouver facilement les num\u00e9ros gagnants et les r\u00e9sultats de Mega Millions","breadcrumb":{"@id":"https:\/\/onlinelotto365.com\/fr\/numeros-gagnants\/mega-millions\/#breadcrumb"},"inLanguage":"fr-FR","potentialAction":[{"@type":"ReadAction","target":["https:\/\/onlinelotto365.com\/fr\/numeros-gagnants\/mega-millions\/"]}]},{"@type":"ImageObject","inLanguage":"fr-FR","@id":"https:\/\/onlinelotto365.com\/fr\/numeros-gagnants\/mega-millions\/#primaryimage","url":"https:\/\/redfoxlotto.com\/image?size=8&amp;lottery=mega-millions","contentUrl":"https:\/\/redfoxlotto.com\/image?size=8&amp;lottery=mega-millions"},{"@type":"BreadcrumbList","@id":"https:\/\/onlinelotto365.com\/fr\/numeros-gagnants\/mega-millions\/#breadcrumb","itemListElement":[{"@type":"ListItem","position":1,"name":"Home","item":"https:\/\/onlinelotto365.com\/fr\/"},{"@type":"ListItem","position":2,"name":"Trouvez les num\u00e9ros gagnants et les r\u00e9sultats des derniers tirages du loto","item":"https:\/\/onlinelotto365.com\/fr\/numeros-gagnants\/"},{"@type":"ListItem","position":3,"name":"Consultez les num\u00e9ros gagnants de Mega Millions ici"}]},{"@type":"WebSite","@id":"https:\/\/onlinelotto365.com\/fr\/#website","url":"https:\/\/onlinelotto365.com\/fr\/","name":"OnlineLotto365","description":"","potentialAction":[{"@type":"SearchAction","target":{"@type":"EntryPoint","urlTemplate":"https:\/\/onlinelotto365.com\/fr\/?s={search_term_string}"},"query-input":{"@type":"PropertyValueSpecification","valueRequired":true,"valueName":"search_term_string"}}],"inLanguage":"fr-FR"}]}},"_links":{"self":[{"href":"https:\/\/onlinelotto365.com\/fr\/wp-json\/wp\/v2\/pages\/7730","targetHints":{"allow":["GET"]}}],"collection":[{"href":"https:\/\/onlinelotto365.com\/fr\/wp-json\/wp\/v2\/pages"}],"about":[{"href":"https:\/\/onlinelotto365.com\/fr\/wp-json\/wp\/v2\/types\/page"}],"author":[{"embeddable":true,"href":"https:\/\/onlinelotto365.com\/fr\/wp-json\/wp\/v2\/users\/1"}],"replies":[{"embeddable":true,"href":"https:\/\/onlinelotto365.com\/fr\/wp-json\/wp\/v2\/comments?post=7730"}],"version-history":[{"count":0,"href":"https:\/\/onlinelotto365.com\/fr\/wp-json\/wp\/v2\/pages\/7730\/revisions"}],"up":[{"embeddable":true,"href":"https:\/\/onlinelotto365.com\/fr\/wp-json\/wp\/v2\/pages\/3794"}],"wp:attachment":[{"href":"https:\/\/onlinelotto365.com\/fr\/wp-json\/wp\/v2\/media?parent=7730"}],"curies":[{"name":"wp","href":"https:\/\/api.w.org\/{rel}","templated":true}]}}