{"id":7763,"date":"2020-12-08T14:17:51","date_gmt":"2020-12-08T13:17:51","guid":{"rendered":"http:\/\/onlinelotto365.net\/?page_id=7763"},"modified":"2020-12-30T08:51:28","modified_gmt":"2020-12-30T07:51:28","slug":"euromillions","status":"publish","type":"page","link":"https:\/\/onlinelotto365.com\/fr\/numeros-gagnants\/euromillions\/","title":{"rendered":"Voir les num\u00e9ros gagnants de l&rsquo;Euromillions"},"content":{"rendered":"<p>Nous savons qu&rsquo;il existe un <a href=\"https:\/\/onlinelotto365.com\/fr\/jouer\">lot de jeux de loterie internationale disponible sur notre site web<\/a> et que cela peut \u00eatre un peu d\u00e9routant pour vous. Mais il n&rsquo;est pas n\u00e9cessaire que cela soit aussi d\u00e9routant que vous le pensez. Et il ne doit pas non plus \u00eatre si difficile pour vous de trouver les num\u00e9ros gagnants du jeu que vous voulez. Mais vous avez peut-\u00eatre pens\u00e9 \u00e0 v\u00e9rifier ailleurs. Le journal et la t\u00e9l\u00e9vision sont quelques options, mais \u00e0 moins que vous ne soyez local, il peut \u00eatre difficile de trouver les r\u00e9sultats dans l&rsquo;un ou l&rsquo;autre de ces endroits.<\/p>\n<p>Vous pouvez \u00e9galement choisir de vous rendre sur le site officiel de la loterie EuroMillions. C&rsquo;est l&rsquo;un des meilleurs endroits pour obtenir les r\u00e9sultats, car ils sont disponibles et vous pouvez m\u00eame regarder un flux en direct du tirage. Il peut \u00eatre amusant et passionnant de <a href=\"https:\/\/onlinelotto365.com\/fr\/news\/lotto-en-direct\">regarder ce tirage en direct<\/a>, surtout si c&rsquo;est vous qui gagnez et que vous avez la possibilit\u00e9 de voir vos num\u00e9ros arriver. Mais cela peut prendre beaucoup de temps et les jeux de loterie ne sont pas tous diffus\u00e9s en continu.<\/p>\n<p>Une fois que la loterie a \u00e9t\u00e9 tir\u00e9e, une autre option consiste \u00e0 consulter YouTube pour voir si vous pouvez obtenir une vid\u00e9o du tirage ou si quelqu&rsquo;un d&rsquo;autre r\u00e9v\u00e8le les num\u00e9ros apr\u00e8s coup.<br \/>\n<a href=\"https:\/\/redfoxlotto.com\/fr\/jouer\/euromillions\/?ref=a8564250a2&amp;medium=ol365\" target=\"_blank\" rel=\"noopener noreferrer\"><img decoding=\"async\" class=\"aligncenter\" src=\"https:\/\/redfoxlotto.com\/image?size=8&amp;lottery=euromillions\" alt=\"euromillions\" \/><\/a><\/p>\n<p>La meilleure fa\u00e7on d&rsquo;obtenir les num\u00e9ros gagnants est toutefois de consulter notre site web et de v\u00e9rifier les r\u00e9sultats. Tout est disponible sur notre page de r\u00e9sultats de loterie, qui vous indiquera les num\u00e9ros gagnants pour tout jeu de loto que vous pouvez acheter sur notre site web.<\/p>\n<h2>Comment savoir si votre billet en ligne a gagn\u00e9<img loading=\"lazy\" decoding=\"async\" class=\"alignright wp-image-3645\" src=\"https:\/\/onlinelotto365.com\/wp-content\/uploads\/2020\/11\/online_lottery-129-300x300.jpg\" alt=\"Euromillions de num\u00e9ros gagnants\" width=\"210\" height=\"210\" srcset=\"https:\/\/onlinelotto365.com\/wp-content\/uploads\/2020\/11\/online_lottery-129-300x300.jpg 300w, https:\/\/onlinelotto365.com\/wp-content\/uploads\/2020\/11\/online_lottery-129-100x100.jpg 100w, https:\/\/onlinelotto365.com\/wp-content\/uploads\/2020\/11\/online_lottery-129-150x150.jpg 150w, https:\/\/onlinelotto365.com\/wp-content\/uploads\/2020\/11\/online_lottery-129.jpg 320w\" sizes=\"auto, (max-width: 210px) 100vw, 210px\" \/><\/h2>\n<p>Ce qui est encore mieux, c&rsquo;est que si vous avez effectivement achet\u00e9 un billet pour ce match, vous n&rsquo;avez m\u00eame pas \u00e0 vous soucier d&rsquo;aller sur la page des r\u00e9sultats. Il vous suffit d&rsquo;acc\u00e9der directement \u00e0 votre compte et \u00e0 la page contenant vos billets.<\/p>\n<p>De l\u00e0, vous pouvez voir les num\u00e9ros gagnants et vos num\u00e9ros compar\u00e9s. Et nous mettons en \u00e9vidence les num\u00e9ros qui correspondent pour que vous ne les manquiez pas. De plus, nous nous chargeons de vous faire parvenir les gains de vos num\u00e9ros si vous avez moins de 2 500 euros. Si c&rsquo;est fini, il vous suffit de remplir un formulaire et nous vous aiderons \u00e0 tout r\u00e9gler.<\/p>\n<h2>EuroMillions results archive<\/h2>\n<p>Nous avons plusieurs zones o\u00f9 vous pouvez voir les derniers num\u00e9ros gagnants de l&rsquo;EuroMillions et les <a href=\"https:\/\/onlinelotto365.com\/fr\/numeros-gagnants\"><strong>r\u00e9sultats des autres jeux<\/strong><\/a>, mais nous avons aussi des options pour v\u00e9rifier les anciens num\u00e9ros gagnants aussi. Si vous voulez vous assurer que vous choisissez les bons num\u00e9ros pour le jeu en ligne, regarder les anciens jeux pourrait \u00eatre un bon moyen de faire ce choix.<\/p>\n<h2>Mon ticket a gagn\u00e9, que se passe-t-il ensuite ?<\/h2>\n<p>Nous avons d\u00e9j\u00e0 mentionn\u00e9 que tout prix inf\u00e9rieur \u00e0 2 500 euros sera vers\u00e9 sur votre compte par notre service client\u00e8le. Une fois l&rsquo;argent sur votre compte, vous pourrez le retirer, l&rsquo;utiliser ou tout autre chose que vous souhaitez. Il vous sera ainsi plus facile de continuer \u00e0 jouer ou d&rsquo;utiliser votre argent comme bon vous semble.<br \/>\nEn outre, vous pouvez retirer l&rsquo;argent de n&rsquo;importe quel compte que vous avez d\u00e9j\u00e0 utilis\u00e9 pour acheter ou d\u00e9poser de l&rsquo;argent suppl\u00e9mentaire sur votre compte. Cela inclut les comptes bancaires, les cartes de cr\u00e9dit et bien d&rsquo;autres choses encore.<\/p>\n","protected":false},"excerpt":{"rendered":"<p>Nous savons qu&rsquo;il existe un lot de jeux de loterie internationale disponible sur notre site web et que cela peut \u00eatre un peu d\u00e9routant pour vous. Mais il n&rsquo;est pas n\u00e9cessaire que cela soit aussi d\u00e9routant que vous le pensez. Et il ne doit pas non plus \u00eatre si difficile pour vous de trouver les [&hellip;]<\/p>\n","protected":false},"author":1,"featured_media":0,"parent":3794,"menu_order":3,"comment_status":"closed","ping_status":"closed","template":"euromillions-results.php","meta":{"_et_pb_use_builder":"","_et_pb_old_content":"","_et_gb_content_width":"","exclude_from_search":false,"footnotes":""},"class_list":["post-7763","page","type-page","status-publish","hentry"],"yoast_head":"<!-- This site is optimized with the Yoast SEO plugin v23.4 - https:\/\/yoast.com\/wordpress\/plugins\/seo\/ -->\n<title>Num\u00e9ros gagnants Euromillions | Voir les derniers prix et r\u00e9sultats pour Euromillions<\/title>\n<meta name=\"description\" content=\"Comparez votre billet Euromillions aux num\u00e9ros gagnants - voir tous les r\u00e9sultats de la loterie ici\" \/>\n<meta name=\"robots\" content=\"index, follow, max-snippet:-1, max-image-preview:large, max-video-preview:-1\" \/>\n<link rel=\"canonical\" href=\"https:\/\/onlinelotto365.com\/fr\/numeros-gagnants\/euromillions\/\" \/>\n<meta property=\"og:locale\" content=\"fr_FR\" \/>\n<meta property=\"og:type\" content=\"article\" \/>\n<meta property=\"og:title\" content=\"Num\u00e9ros gagnants Euromillions | Voir les derniers prix et r\u00e9sultats pour Euromillions\" \/>\n<meta property=\"og:description\" content=\"Comparez votre billet Euromillions aux num\u00e9ros gagnants - voir tous les r\u00e9sultats de la loterie ici\" \/>\n<meta property=\"og:url\" content=\"https:\/\/onlinelotto365.com\/fr\/numeros-gagnants\/euromillions\/\" \/>\n<meta property=\"og:site_name\" content=\"OnlineLotto365\" \/>\n<meta property=\"article:modified_time\" content=\"2020-12-30T07:51:28+00:00\" \/>\n<meta property=\"og:image\" content=\"https:\/\/redfoxlotto.com\/image?size=8&amp;lottery=euromillions\" \/>\n<meta name=\"twitter:card\" content=\"summary_large_image\" \/>\n<meta name=\"twitter:label1\" content=\"Dur\u00e9e de lecture estim\u00e9e\" \/>\n\t<meta name=\"twitter:data1\" content=\"3 minutes\" \/>\n<script type=\"application\/ld+json\" class=\"yoast-schema-graph\">{\"@context\":\"https:\/\/schema.org\",\"@graph\":[{\"@type\":\"WebPage\",\"@id\":\"https:\/\/onlinelotto365.com\/fr\/numeros-gagnants\/euromillions\/\",\"url\":\"https:\/\/onlinelotto365.com\/fr\/numeros-gagnants\/euromillions\/\",\"name\":\"Num\u00e9ros gagnants Euromillions | Voir les derniers prix et r\u00e9sultats pour Euromillions\",\"isPartOf\":{\"@id\":\"https:\/\/onlinelotto365.com\/fr\/#website\"},\"primaryImageOfPage\":{\"@id\":\"https:\/\/onlinelotto365.com\/fr\/numeros-gagnants\/euromillions\/#primaryimage\"},\"image\":{\"@id\":\"https:\/\/onlinelotto365.com\/fr\/numeros-gagnants\/euromillions\/#primaryimage\"},\"thumbnailUrl\":\"https:\/\/redfoxlotto.com\/image?size=8&amp;lottery=euromillions\",\"datePublished\":\"2020-12-08T13:17:51+00:00\",\"dateModified\":\"2020-12-30T07:51:28+00:00\",\"description\":\"Comparez votre billet Euromillions aux num\u00e9ros gagnants - voir tous les r\u00e9sultats de la loterie ici\",\"breadcrumb\":{\"@id\":\"https:\/\/onlinelotto365.com\/fr\/numeros-gagnants\/euromillions\/#breadcrumb\"},\"inLanguage\":\"fr-FR\",\"potentialAction\":[{\"@type\":\"ReadAction\",\"target\":[\"https:\/\/onlinelotto365.com\/fr\/numeros-gagnants\/euromillions\/\"]}]},{\"@type\":\"ImageObject\",\"inLanguage\":\"fr-FR\",\"@id\":\"https:\/\/onlinelotto365.com\/fr\/numeros-gagnants\/euromillions\/#primaryimage\",\"url\":\"https:\/\/redfoxlotto.com\/image?size=8&amp;lottery=euromillions\",\"contentUrl\":\"https:\/\/redfoxlotto.com\/image?size=8&amp;lottery=euromillions\"},{\"@type\":\"BreadcrumbList\",\"@id\":\"https:\/\/onlinelotto365.com\/fr\/numeros-gagnants\/euromillions\/#breadcrumb\",\"itemListElement\":[{\"@type\":\"ListItem\",\"position\":1,\"name\":\"Home\",\"item\":\"https:\/\/onlinelotto365.com\/fr\/\"},{\"@type\":\"ListItem\",\"position\":2,\"name\":\"Trouvez les num\u00e9ros gagnants et les r\u00e9sultats des derniers tirages du loto\",\"item\":\"https:\/\/onlinelotto365.com\/fr\/numeros-gagnants\/\"},{\"@type\":\"ListItem\",\"position\":3,\"name\":\"Voir les num\u00e9ros gagnants de l&#8217;Euromillions\"}]},{\"@type\":\"WebSite\",\"@id\":\"https:\/\/onlinelotto365.com\/fr\/#website\",\"url\":\"https:\/\/onlinelotto365.com\/fr\/\",\"name\":\"OnlineLotto365\",\"description\":\"\",\"potentialAction\":[{\"@type\":\"SearchAction\",\"target\":{\"@type\":\"EntryPoint\",\"urlTemplate\":\"https:\/\/onlinelotto365.com\/fr\/?s={search_term_string}\"},\"query-input\":{\"@type\":\"PropertyValueSpecification\",\"valueRequired\":true,\"valueName\":\"search_term_string\"}}],\"inLanguage\":\"fr-FR\"}]}<\/script>\n<!-- \/ Yoast SEO plugin. -->","yoast_head_json":{"title":"Num\u00e9ros gagnants Euromillions | Voir les derniers prix et r\u00e9sultats pour Euromillions","description":"Comparez votre billet Euromillions aux num\u00e9ros gagnants - voir tous les r\u00e9sultats de la loterie ici","robots":{"index":"index","follow":"follow","max-snippet":"max-snippet:-1","max-image-preview":"max-image-preview:large","max-video-preview":"max-video-preview:-1"},"canonical":"https:\/\/onlinelotto365.com\/fr\/numeros-gagnants\/euromillions\/","og_locale":"fr_FR","og_type":"article","og_title":"Num\u00e9ros gagnants Euromillions | Voir les derniers prix et r\u00e9sultats pour Euromillions","og_description":"Comparez votre billet Euromillions aux num\u00e9ros gagnants - voir tous les r\u00e9sultats de la loterie ici","og_url":"https:\/\/onlinelotto365.com\/fr\/numeros-gagnants\/euromillions\/","og_site_name":"OnlineLotto365","article_modified_time":"2020-12-30T07:51:28+00:00","og_image":[{"url":"https:\/\/redfoxlotto.com\/image?size=8&amp;lottery=euromillions"}],"twitter_card":"summary_large_image","twitter_misc":{"Dur\u00e9e de lecture estim\u00e9e":"3 minutes"},"schema":{"@context":"https:\/\/schema.org","@graph":[{"@type":"WebPage","@id":"https:\/\/onlinelotto365.com\/fr\/numeros-gagnants\/euromillions\/","url":"https:\/\/onlinelotto365.com\/fr\/numeros-gagnants\/euromillions\/","name":"Num\u00e9ros gagnants Euromillions | Voir les derniers prix et r\u00e9sultats pour Euromillions","isPartOf":{"@id":"https:\/\/onlinelotto365.com\/fr\/#website"},"primaryImageOfPage":{"@id":"https:\/\/onlinelotto365.com\/fr\/numeros-gagnants\/euromillions\/#primaryimage"},"image":{"@id":"https:\/\/onlinelotto365.com\/fr\/numeros-gagnants\/euromillions\/#primaryimage"},"thumbnailUrl":"https:\/\/redfoxlotto.com\/image?size=8&amp;lottery=euromillions","datePublished":"2020-12-08T13:17:51+00:00","dateModified":"2020-12-30T07:51:28+00:00","description":"Comparez votre billet Euromillions aux num\u00e9ros gagnants - voir tous les r\u00e9sultats de la loterie ici","breadcrumb":{"@id":"https:\/\/onlinelotto365.com\/fr\/numeros-gagnants\/euromillions\/#breadcrumb"},"inLanguage":"fr-FR","potentialAction":[{"@type":"ReadAction","target":["https:\/\/onlinelotto365.com\/fr\/numeros-gagnants\/euromillions\/"]}]},{"@type":"ImageObject","inLanguage":"fr-FR","@id":"https:\/\/onlinelotto365.com\/fr\/numeros-gagnants\/euromillions\/#primaryimage","url":"https:\/\/redfoxlotto.com\/image?size=8&amp;lottery=euromillions","contentUrl":"https:\/\/redfoxlotto.com\/image?size=8&amp;lottery=euromillions"},{"@type":"BreadcrumbList","@id":"https:\/\/onlinelotto365.com\/fr\/numeros-gagnants\/euromillions\/#breadcrumb","itemListElement":[{"@type":"ListItem","position":1,"name":"Home","item":"https:\/\/onlinelotto365.com\/fr\/"},{"@type":"ListItem","position":2,"name":"Trouvez les num\u00e9ros gagnants et les r\u00e9sultats des derniers tirages du loto","item":"https:\/\/onlinelotto365.com\/fr\/numeros-gagnants\/"},{"@type":"ListItem","position":3,"name":"Voir les num\u00e9ros gagnants de l&#8217;Euromillions"}]},{"@type":"WebSite","@id":"https:\/\/onlinelotto365.com\/fr\/#website","url":"https:\/\/onlinelotto365.com\/fr\/","name":"OnlineLotto365","description":"","potentialAction":[{"@type":"SearchAction","target":{"@type":"EntryPoint","urlTemplate":"https:\/\/onlinelotto365.com\/fr\/?s={search_term_string}"},"query-input":{"@type":"PropertyValueSpecification","valueRequired":true,"valueName":"search_term_string"}}],"inLanguage":"fr-FR"}]}},"_links":{"self":[{"href":"https:\/\/onlinelotto365.com\/fr\/wp-json\/wp\/v2\/pages\/7763","targetHints":{"allow":["GET"]}}],"collection":[{"href":"https:\/\/onlinelotto365.com\/fr\/wp-json\/wp\/v2\/pages"}],"about":[{"href":"https:\/\/onlinelotto365.com\/fr\/wp-json\/wp\/v2\/types\/page"}],"author":[{"embeddable":true,"href":"https:\/\/onlinelotto365.com\/fr\/wp-json\/wp\/v2\/users\/1"}],"replies":[{"embeddable":true,"href":"https:\/\/onlinelotto365.com\/fr\/wp-json\/wp\/v2\/comments?post=7763"}],"version-history":[{"count":0,"href":"https:\/\/onlinelotto365.com\/fr\/wp-json\/wp\/v2\/pages\/7763\/revisions"}],"up":[{"embeddable":true,"href":"https:\/\/onlinelotto365.com\/fr\/wp-json\/wp\/v2\/pages\/3794"}],"wp:attachment":[{"href":"https:\/\/onlinelotto365.com\/fr\/wp-json\/wp\/v2\/media?parent=7763"}],"curies":[{"name":"wp","href":"https:\/\/api.w.org\/{rel}","templated":true}]}}