{"id":7808,"date":"2020-12-08T14:30:19","date_gmt":"2020-12-08T13:30:19","guid":{"rendered":"http:\/\/onlinelotto365.net\/?page_id=7808"},"modified":"2021-01-06T11:34:06","modified_gmt":"2021-01-06T10:34:06","slug":"superenalotto","status":"publish","type":"page","link":"https:\/\/onlinelotto365.com\/fr\/numeros-gagnants\/superenalotto\/","title":{"rendered":"Consultez les num\u00e9ros gagnants du Superenalotto ici"},"content":{"rendered":"<p>Nous proposons de nombreux jeux de loterie internationale diff\u00e9rents sur notre site web, mais nous voulons nous assurer que la recherche des r\u00e9sultats ne pose pas de probl\u00e8me. Bien s\u00fbr, vous pouvez consulter les r\u00e9sultats \u00e0 la t\u00e9l\u00e9vision, si vous avez la chance de trouver les r\u00e9sultats des tirages au sort aux informations. Vous pouvez aussi les trouver dans les journaux si vous vivez dans une r\u00e9gion o\u00f9 les jeux sont locaux. Mais cela peut aussi \u00eatre difficile.<\/p>\n<p>Vous pouvez \u00e9galement consulter le site web du Superenalotto pour<a href=\"https:\/\/onlinelotto365.com\/fr\/news\/lotto-en-direct\"> trouver un flux en direct<\/a> du processus de dessin s&rsquo;il est offert. Cela peut \u00eatre amusant pour les jeux qui le proposent et peut vous donner un moment de plaisir \u00e0 regarder si vos num\u00e9ros sont ceux qui ont gagn\u00e9, mais tous les jeux de loterie n&rsquo;offrent pas cette option.<\/p>\n<p>Apr\u00e8s le dessin, vous pouvez parfois trouver des <strong>num\u00e9ros gagnants et des dessins pour le Superenalotto<\/strong> <a href=\"https:\/\/youtube.com\">sur YouTube<\/a> si vous savez comment faire vos recherches et o\u00f9 chercher. Mais cela peut prendre du temps.<br \/>\n<a href=\"https:\/\/redfoxlotto.com\/fr\/jouer\/superenalotto\/?ref=a8564250a2&amp;medium=ol365\" target=\"_blank\" rel=\"noopener noreferrer\"><img decoding=\"async\" class=\"aligncenter\" src=\"https:\/\/redfoxlotto.com\/image?size=8&amp;lottery=superenalotto\" alt=\"superenalotto\" \/><\/a><\/p>\n<p>La meilleure fa\u00e7on de proc\u00e9der est de se rendre simplement sur notre <a href=\"https:\/\/onlinelotto365.com\/fr\/numeros-gagnants\">page de r\u00e9sultats de loterie<\/a> et de voir tous les num\u00e9ros de chacun des <a href=\"http:\/\/onlinelotto365.com\/fr\">diff\u00e9rents jeux de loto<\/a>. Cela inclut le Superenalotto et bien d&rsquo;autres choses encore.<\/p>\n<h2>Comment savoir si votre billet en ligne a gagn\u00e9<img loading=\"lazy\" decoding=\"async\" class=\"alignright size-full wp-image-3634\" src=\"https:\/\/onlinelotto365.com\/wp-content\/uploads\/2020\/11\/online_lottery-136.jpg\" alt=\"superenalotto winning numbers\" width=\"297\" height=\"101\" \/><\/h2>\n<p>Pour ceux qui ont achet\u00e9 un billet pour le Superenalotto avec notre site, vous pouvez facilement consulter votre compte pour conna\u00eetre les num\u00e9ros gagnants. Ce sera beaucoup plus facile que vous ne le pensez et ce qui est encore mieux, c&rsquo;est que vous n&rsquo;avez m\u00eame pas \u00e0 comparer les num\u00e9ros.<\/p>\n<p>Nous nous occupons de cette partie pour vous. En fait, nous <strong>vous montrons les num\u00e9ros que vous avez et qui correspondent aux num\u00e9ros gagnants en les mettant en \u00e9vidence.<\/strong> Ensuite, nous versons l&rsquo;argent que vous gagnez jusqu&rsquo;\u00e0 2 500 euros directement sur votre compte. Vous n&rsquo;avez pas \u00e0 vous soucier de le r\u00e9clamer ou de v\u00e9rifier quoi que ce soit. Nous faisons tout cela pour que vous puissiez profiter de vos gains.<\/p>\n<h2>Archives des r\u00e9sultats du Superenalotto<\/h2>\n<p>Toutes les pages de notre site web qui indiquent les num\u00e9ros gagnants du Superenalotto vous montreront \u00e9galement comment vous pouvez <strong>revenir aux r\u00e9sultats pr\u00e9c\u00e9dents pour v\u00e9rifier les dessins ant\u00e9rieurs<\/strong>. Cela peut vous aider \u00e0 choisir les bons num\u00e9ros que vous voulez jouer au moment du prochain tirage. C&rsquo;est l&rsquo;une des fa\u00e7ons les plus populaires de choisir des num\u00e9ros.<\/p>\n<h2>Mon billet a gagn\u00e9, que se passe-t-il ensuite ?<\/h2>\n<p>Tout prix inf\u00e9rieur \u00e0 2 500 \u20ac sera imm\u00e9diatement vers\u00e9 sur votre compte de joueur. Ainsi, vous pouvez le retirer (tout montant sup\u00e9rieur \u00e0 10 \u20ac) ou l&rsquo;utiliser pour acheter des billets suppl\u00e9mentaires. N&rsquo;oubliez pas que vous pouvez retirer des fonds sur une carte de cr\u00e9dit ou de d\u00e9bit ou sur un compte bancaire. Quel que soit le compte sur lequel vous voulez retirer l&rsquo;argent, vous devrez avoir d\u00e9j\u00e0 utilis\u00e9 l&rsquo;argent pour le verser. C&rsquo;est ainsi que nous contribuons \u00e0 vous prot\u00e9ger et que nous respectons la r\u00e9glementation en mati\u00e8re de lutte contre le blanchiment d&rsquo;argent, entre autres.<\/p>\n","protected":false},"excerpt":{"rendered":"<p>Nous proposons de nombreux jeux de loterie internationale diff\u00e9rents sur notre site web, mais nous voulons nous assurer que la recherche des r\u00e9sultats ne pose pas de probl\u00e8me. Bien s\u00fbr, vous pouvez consulter les r\u00e9sultats \u00e0 la t\u00e9l\u00e9vision, si vous avez la chance de trouver les r\u00e9sultats des tirages au sort aux informations. Vous pouvez [&hellip;]<\/p>\n","protected":false},"author":1,"featured_media":0,"parent":3794,"menu_order":5,"comment_status":"closed","ping_status":"closed","template":"superenalotto-results.php","meta":{"_et_pb_use_builder":"","_et_pb_old_content":"","_et_gb_content_width":"","exclude_from_search":false,"footnotes":""},"class_list":["post-7808","page","type-page","status-publish","hentry"],"yoast_head":"<!-- This site is optimized with the Yoast SEO plugin v23.4 - https:\/\/yoast.com\/wordpress\/plugins\/seo\/ -->\n<title>Derniers num\u00e9ros gagnants du Superenalotto<\/title>\n<meta name=\"description\" content=\"Vous voulez conna\u00eetre les num\u00e9ros gagnants du Superenalotto ? Trouvez les r\u00e9sultats et plus encore ici !\" \/>\n<meta name=\"robots\" content=\"index, follow, max-snippet:-1, max-image-preview:large, max-video-preview:-1\" \/>\n<link rel=\"canonical\" href=\"https:\/\/onlinelotto365.com\/fr\/numeros-gagnants\/superenalotto\/\" \/>\n<meta property=\"og:locale\" content=\"fr_FR\" \/>\n<meta property=\"og:type\" content=\"article\" \/>\n<meta property=\"og:title\" content=\"Derniers num\u00e9ros gagnants du Superenalotto\" \/>\n<meta property=\"og:description\" content=\"Vous voulez conna\u00eetre les num\u00e9ros gagnants du Superenalotto ? Trouvez les r\u00e9sultats et plus encore ici !\" \/>\n<meta property=\"og:url\" content=\"https:\/\/onlinelotto365.com\/fr\/numeros-gagnants\/superenalotto\/\" \/>\n<meta property=\"og:site_name\" content=\"OnlineLotto365\" \/>\n<meta property=\"article:modified_time\" content=\"2021-01-06T10:34:06+00:00\" \/>\n<meta property=\"og:image\" content=\"https:\/\/redfoxlotto.com\/image?size=8&amp;lottery=superenalotto\" \/>\n<meta name=\"twitter:card\" content=\"summary_large_image\" \/>\n<meta name=\"twitter:label1\" content=\"Dur\u00e9e de lecture estim\u00e9e\" \/>\n\t<meta name=\"twitter:data1\" content=\"3 minutes\" \/>\n<script type=\"application\/ld+json\" class=\"yoast-schema-graph\">{\"@context\":\"https:\/\/schema.org\",\"@graph\":[{\"@type\":\"WebPage\",\"@id\":\"https:\/\/onlinelotto365.com\/fr\/numeros-gagnants\/superenalotto\/\",\"url\":\"https:\/\/onlinelotto365.com\/fr\/numeros-gagnants\/superenalotto\/\",\"name\":\"Derniers num\u00e9ros gagnants du Superenalotto\",\"isPartOf\":{\"@id\":\"https:\/\/onlinelotto365.com\/fr\/#website\"},\"primaryImageOfPage\":{\"@id\":\"https:\/\/onlinelotto365.com\/fr\/numeros-gagnants\/superenalotto\/#primaryimage\"},\"image\":{\"@id\":\"https:\/\/onlinelotto365.com\/fr\/numeros-gagnants\/superenalotto\/#primaryimage\"},\"thumbnailUrl\":\"https:\/\/redfoxlotto.com\/image?size=8&amp;lottery=superenalotto\",\"datePublished\":\"2020-12-08T13:30:19+00:00\",\"dateModified\":\"2021-01-06T10:34:06+00:00\",\"description\":\"Vous voulez conna\u00eetre les num\u00e9ros gagnants du Superenalotto ? Trouvez les r\u00e9sultats et plus encore ici !\",\"breadcrumb\":{\"@id\":\"https:\/\/onlinelotto365.com\/fr\/numeros-gagnants\/superenalotto\/#breadcrumb\"},\"inLanguage\":\"fr-FR\",\"potentialAction\":[{\"@type\":\"ReadAction\",\"target\":[\"https:\/\/onlinelotto365.com\/fr\/numeros-gagnants\/superenalotto\/\"]}]},{\"@type\":\"ImageObject\",\"inLanguage\":\"fr-FR\",\"@id\":\"https:\/\/onlinelotto365.com\/fr\/numeros-gagnants\/superenalotto\/#primaryimage\",\"url\":\"https:\/\/redfoxlotto.com\/image?size=8&amp;lottery=superenalotto\",\"contentUrl\":\"https:\/\/redfoxlotto.com\/image?size=8&amp;lottery=superenalotto\"},{\"@type\":\"BreadcrumbList\",\"@id\":\"https:\/\/onlinelotto365.com\/fr\/numeros-gagnants\/superenalotto\/#breadcrumb\",\"itemListElement\":[{\"@type\":\"ListItem\",\"position\":1,\"name\":\"Home\",\"item\":\"https:\/\/onlinelotto365.com\/fr\/\"},{\"@type\":\"ListItem\",\"position\":2,\"name\":\"Trouvez les num\u00e9ros gagnants et les r\u00e9sultats des derniers tirages du loto\",\"item\":\"https:\/\/onlinelotto365.com\/fr\/numeros-gagnants\/\"},{\"@type\":\"ListItem\",\"position\":3,\"name\":\"Consultez les num\u00e9ros gagnants du Superenalotto ici\"}]},{\"@type\":\"WebSite\",\"@id\":\"https:\/\/onlinelotto365.com\/fr\/#website\",\"url\":\"https:\/\/onlinelotto365.com\/fr\/\",\"name\":\"OnlineLotto365\",\"description\":\"\",\"potentialAction\":[{\"@type\":\"SearchAction\",\"target\":{\"@type\":\"EntryPoint\",\"urlTemplate\":\"https:\/\/onlinelotto365.com\/fr\/?s={search_term_string}\"},\"query-input\":{\"@type\":\"PropertyValueSpecification\",\"valueRequired\":true,\"valueName\":\"search_term_string\"}}],\"inLanguage\":\"fr-FR\"}]}<\/script>\n<!-- \/ Yoast SEO plugin. -->","yoast_head_json":{"title":"Derniers num\u00e9ros gagnants du Superenalotto","description":"Vous voulez conna\u00eetre les num\u00e9ros gagnants du Superenalotto ? Trouvez les r\u00e9sultats et plus encore ici !","robots":{"index":"index","follow":"follow","max-snippet":"max-snippet:-1","max-image-preview":"max-image-preview:large","max-video-preview":"max-video-preview:-1"},"canonical":"https:\/\/onlinelotto365.com\/fr\/numeros-gagnants\/superenalotto\/","og_locale":"fr_FR","og_type":"article","og_title":"Derniers num\u00e9ros gagnants du Superenalotto","og_description":"Vous voulez conna\u00eetre les num\u00e9ros gagnants du Superenalotto ? Trouvez les r\u00e9sultats et plus encore ici !","og_url":"https:\/\/onlinelotto365.com\/fr\/numeros-gagnants\/superenalotto\/","og_site_name":"OnlineLotto365","article_modified_time":"2021-01-06T10:34:06+00:00","og_image":[{"url":"https:\/\/redfoxlotto.com\/image?size=8&amp;lottery=superenalotto"}],"twitter_card":"summary_large_image","twitter_misc":{"Dur\u00e9e de lecture estim\u00e9e":"3 minutes"},"schema":{"@context":"https:\/\/schema.org","@graph":[{"@type":"WebPage","@id":"https:\/\/onlinelotto365.com\/fr\/numeros-gagnants\/superenalotto\/","url":"https:\/\/onlinelotto365.com\/fr\/numeros-gagnants\/superenalotto\/","name":"Derniers num\u00e9ros gagnants du Superenalotto","isPartOf":{"@id":"https:\/\/onlinelotto365.com\/fr\/#website"},"primaryImageOfPage":{"@id":"https:\/\/onlinelotto365.com\/fr\/numeros-gagnants\/superenalotto\/#primaryimage"},"image":{"@id":"https:\/\/onlinelotto365.com\/fr\/numeros-gagnants\/superenalotto\/#primaryimage"},"thumbnailUrl":"https:\/\/redfoxlotto.com\/image?size=8&amp;lottery=superenalotto","datePublished":"2020-12-08T13:30:19+00:00","dateModified":"2021-01-06T10:34:06+00:00","description":"Vous voulez conna\u00eetre les num\u00e9ros gagnants du Superenalotto ? Trouvez les r\u00e9sultats et plus encore ici !","breadcrumb":{"@id":"https:\/\/onlinelotto365.com\/fr\/numeros-gagnants\/superenalotto\/#breadcrumb"},"inLanguage":"fr-FR","potentialAction":[{"@type":"ReadAction","target":["https:\/\/onlinelotto365.com\/fr\/numeros-gagnants\/superenalotto\/"]}]},{"@type":"ImageObject","inLanguage":"fr-FR","@id":"https:\/\/onlinelotto365.com\/fr\/numeros-gagnants\/superenalotto\/#primaryimage","url":"https:\/\/redfoxlotto.com\/image?size=8&amp;lottery=superenalotto","contentUrl":"https:\/\/redfoxlotto.com\/image?size=8&amp;lottery=superenalotto"},{"@type":"BreadcrumbList","@id":"https:\/\/onlinelotto365.com\/fr\/numeros-gagnants\/superenalotto\/#breadcrumb","itemListElement":[{"@type":"ListItem","position":1,"name":"Home","item":"https:\/\/onlinelotto365.com\/fr\/"},{"@type":"ListItem","position":2,"name":"Trouvez les num\u00e9ros gagnants et les r\u00e9sultats des derniers tirages du loto","item":"https:\/\/onlinelotto365.com\/fr\/numeros-gagnants\/"},{"@type":"ListItem","position":3,"name":"Consultez les num\u00e9ros gagnants du Superenalotto ici"}]},{"@type":"WebSite","@id":"https:\/\/onlinelotto365.com\/fr\/#website","url":"https:\/\/onlinelotto365.com\/fr\/","name":"OnlineLotto365","description":"","potentialAction":[{"@type":"SearchAction","target":{"@type":"EntryPoint","urlTemplate":"https:\/\/onlinelotto365.com\/fr\/?s={search_term_string}"},"query-input":{"@type":"PropertyValueSpecification","valueRequired":true,"valueName":"search_term_string"}}],"inLanguage":"fr-FR"}]}},"_links":{"self":[{"href":"https:\/\/onlinelotto365.com\/fr\/wp-json\/wp\/v2\/pages\/7808","targetHints":{"allow":["GET"]}}],"collection":[{"href":"https:\/\/onlinelotto365.com\/fr\/wp-json\/wp\/v2\/pages"}],"about":[{"href":"https:\/\/onlinelotto365.com\/fr\/wp-json\/wp\/v2\/types\/page"}],"author":[{"embeddable":true,"href":"https:\/\/onlinelotto365.com\/fr\/wp-json\/wp\/v2\/users\/1"}],"replies":[{"embeddable":true,"href":"https:\/\/onlinelotto365.com\/fr\/wp-json\/wp\/v2\/comments?post=7808"}],"version-history":[{"count":0,"href":"https:\/\/onlinelotto365.com\/fr\/wp-json\/wp\/v2\/pages\/7808\/revisions"}],"up":[{"embeddable":true,"href":"https:\/\/onlinelotto365.com\/fr\/wp-json\/wp\/v2\/pages\/3794"}],"wp:attachment":[{"href":"https:\/\/onlinelotto365.com\/fr\/wp-json\/wp\/v2\/media?parent=7808"}],"curies":[{"name":"wp","href":"https:\/\/api.w.org\/{rel}","templated":true}]}}