{"id":7836,"date":"2020-12-08T14:34:17","date_gmt":"2020-12-08T13:34:17","guid":{"rendered":"http:\/\/onlinelotto365.net\/?page_id=7836"},"modified":"2021-01-06T11:34:24","modified_gmt":"2021-01-06T10:34:24","slug":"el-gordo","status":"publish","type":"page","link":"https:\/\/onlinelotto365.com\/fr\/numeros-gagnants\/el-gordo\/","title":{"rendered":"Consultez les r\u00e9sultats et les gains d&rsquo;El Gordo ici"},"content":{"rendered":"<p>Nous savons que nous proposons tout un tas de <a href=\"http:\/\/onlinelotto365.com\/fr\">loteries internationales<\/a> diff\u00e9rentes et il peut \u00eatre un peu d\u00e9routant d&rsquo;essayer de trouver les num\u00e9ros gagnants. Beaucoup de gens cherchent dans le journal les num\u00e9ros gagnants de leurs jeux pr\u00e9f\u00e9r\u00e9s, mais \u00e0 moins d&rsquo;habiter dans la r\u00e9gion, il <strong>peut \u00eatre difficile de trouver les num\u00e9ros d&rsquo;El Gordo<\/strong>. Il en va de m\u00eame lorsque vous essayez de regarder le tirage ou de voir les num\u00e9ros gagnants \u00e0 la t\u00e9l\u00e9vision.<\/p>\n<p>Une autre possibilit\u00e9 consiste \u00e0 consulter le site officiel d&rsquo;El Gordo pour voir s&rsquo;il propose un <a href=\"https:\/\/onlinelotto365.com\/fr\/news\/lotto-en-direct\"><strong>flux en direct du processus de dessin<\/strong><\/a>. Pour les jeux qui le font, cela peut \u00eatre une occasion amusante et int\u00e9ressante pour tout le monde.<\/p>\n<p>Mais il y a beaucoup de jeux qui n&rsquo;offrent pas vraiment cela. Il faudrait plut\u00f4t attendre que le tirage au sort soit termin\u00e9 et que tout ait \u00e9t\u00e9 signal\u00e9 pour voir les r\u00e9sultats.<br \/>\nEnfin, si le tirage est d\u00e9j\u00e0 termin\u00e9, vous pouvez aller sur YouTube et y trouver le tirage d&rsquo;El Gordo. Mais c&rsquo;est un autre domaine dans lequel vous risquez de ne pas r\u00e9ussir. Il se peut qu&rsquo;il n&rsquo;y ait rien de disponible pour votre dessin.<br \/>\n<a href=\"https:\/\/redfoxlotto.com\/fr\/jouer\/el-gordo-primitiva\/?ref=a8564250a2&amp;medium=ol365\" target=\"_blank\" rel=\"noopener noreferrer\"><img decoding=\"async\" class=\"aligncenter\" src=\"https:\/\/redfoxlotto.com\/image?size=8&amp;lottery=el-gordo-primitiva\" alt=\"el gordo\" \/><\/a><br \/>\nCependant, l&rsquo;un des meilleurs et des plus faciles moyens de trouver les num\u00e9ros gagnants est notre site web. Consultez nos pages de num\u00e9ros gagnants et de r\u00e9sultats pour trouver les r\u00e9sultats d&rsquo;El Gordo et de tout autre jeu de loterie que nous avons \u00e0 disposition.<\/p>\n<h2>Comment savoir si votre billet en ligne a gagn\u00e9<img loading=\"lazy\" decoding=\"async\" class=\"alignright wp-image-3573\" src=\"https:\/\/onlinelotto365.com\/wp-content\/uploads\/2020\/11\/online_lottery-96-300x212.jpg\" alt=\"El Gordo results\" width=\"166\" height=\"117\" srcset=\"https:\/\/onlinelotto365.com\/wp-content\/uploads\/2020\/11\/online_lottery-96-300x212.jpg 300w, https:\/\/onlinelotto365.com\/wp-content\/uploads\/2020\/11\/online_lottery-96.jpg 320w\" sizes=\"auto, (max-width: 166px) 100vw, 166px\" \/><\/h2>\n<p>Le mieux, c&rsquo;est que vous n&rsquo;avez m\u00eame pas besoin d&rsquo;aller \u00e0 la page des r\u00e9sultats de la loterie. Vous pouvez aller directement sur votre compte si vous avez achet\u00e9 des billets. De l\u00e0, vous pourrez voir non seulement les num\u00e9ros gagnants, mais aussi l&rsquo;alignement de vos num\u00e9ros. Vous pouvez voir les num\u00e9ros compar\u00e9s et ensuite vous pouvez voir quel est le match et combien vous avez r\u00e9ellement gagn\u00e9. Si vous avez gagn\u00e9 moins de 2 500 euros, vous n&rsquo;avez rien \u00e0 faire, car les gains seront directement vers\u00e9s sur votre compte.<\/p>\n<h2>Archives des r\u00e9sultats d&rsquo;El Gordo<\/h2>\n<p>Si vous voulez consulter d&rsquo;anciens chiffres et voir ce qu&rsquo;ils \u00e9taient, vous pouvez facilement le faire aussi. En fait, toute page de notre site web o\u00f9 vous pouvez voir les derniers r\u00e9sultats d&rsquo;El Gordo vous permettra \u00e9galement de v\u00e9rifier certains des anciens chiffres. Il vous sera ainsi plus facile de d\u00e9terminer quels num\u00e9ros vous voulez jouer la prochaine fois.<\/p>\n<h2>Mon billet a gagn\u00e9, que se passe-t-il ensuite ?<\/h2>\n<p>Si vous gagnez, il vous sera facile de r\u00e9cup\u00e9rer votre argent car nous le d\u00e9posons directement sur votre compte d\u00e8s que les r\u00e9sultats sont certifi\u00e9s. S&rsquo;il est inf\u00e9rieur \u00e0 2 500 euros, vous aurez l&rsquo;argent aussi vite. S&rsquo;il est sup\u00e9rieur \u00e0 10 euros, vous pourrez alors retirer l&rsquo;argent sur votre compte.<br \/>\nVous pouvez aussi laisser l&rsquo;argent sur votre compte de joueur et l&rsquo;utiliser pour <a href=\"https:\/\/onlinelotto365.com\/fr\/acheter-ticquets\">acheter d&rsquo;autres billets pour des matchs suppl\u00e9mentaires<\/a>. N&rsquo;oubliez pas que pour retirer votre argent, vous devrez fournir certains documents afin de respecter la r\u00e9glementation f\u00e9d\u00e9rale. Vous devez \u00e9galement utiliser une m\u00e9thode que vous avez d\u00e9j\u00e0 utilis\u00e9e pour un d\u00e9p\u00f4t.<\/p>\n","protected":false},"excerpt":{"rendered":"<p>Nous savons que nous proposons tout un tas de loteries internationales diff\u00e9rentes et il peut \u00eatre un peu d\u00e9routant d&rsquo;essayer de trouver les num\u00e9ros gagnants. Beaucoup de gens cherchent dans le journal les num\u00e9ros gagnants de leurs jeux pr\u00e9f\u00e9r\u00e9s, mais \u00e0 moins d&rsquo;habiter dans la r\u00e9gion, il peut \u00eatre difficile de trouver les num\u00e9ros d&rsquo;El [&hellip;]<\/p>\n","protected":false},"author":1,"featured_media":0,"parent":3794,"menu_order":6,"comment_status":"closed","ping_status":"closed","template":"el-gordo-results.php","meta":{"_et_pb_use_builder":"","_et_pb_old_content":"","_et_gb_content_width":"","exclude_from_search":false,"footnotes":""},"class_list":["post-7836","page","type-page","status-publish","hentry"],"yoast_head":"<!-- This site is optimized with the Yoast SEO plugin v23.4 - https:\/\/yoast.com\/wordpress\/plugins\/seo\/ -->\n<title>Num\u00e9ros gagnants d&#039;El Gordo | R\u00e9sultats du tirage et prix d&#039;El Gordo<\/title>\n<meta name=\"description\" content=\"Num\u00e9ros gagnants, r\u00e9sultats, prix pour El Gordo et bien d&#039;autres loteries, toujours mis \u00e0 jour sur notre site\" \/>\n<meta name=\"robots\" content=\"index, follow, max-snippet:-1, max-image-preview:large, max-video-preview:-1\" \/>\n<link rel=\"canonical\" href=\"https:\/\/onlinelotto365.com\/fr\/numeros-gagnants\/el-gordo\/\" \/>\n<meta property=\"og:locale\" content=\"fr_FR\" \/>\n<meta property=\"og:type\" content=\"article\" \/>\n<meta property=\"og:title\" content=\"Num\u00e9ros gagnants d&#039;El Gordo | R\u00e9sultats du tirage et prix d&#039;El Gordo\" \/>\n<meta property=\"og:description\" content=\"Num\u00e9ros gagnants, r\u00e9sultats, prix pour El Gordo et bien d&#039;autres loteries, toujours mis \u00e0 jour sur notre site\" \/>\n<meta property=\"og:url\" content=\"https:\/\/onlinelotto365.com\/fr\/numeros-gagnants\/el-gordo\/\" \/>\n<meta property=\"og:site_name\" content=\"OnlineLotto365\" \/>\n<meta property=\"article:modified_time\" content=\"2021-01-06T10:34:24+00:00\" \/>\n<meta property=\"og:image\" content=\"https:\/\/redfoxlotto.com\/image?size=8&amp;lottery=el-gordo-primitiva\" \/>\n<meta name=\"twitter:card\" content=\"summary_large_image\" \/>\n<meta name=\"twitter:label1\" content=\"Dur\u00e9e de lecture estim\u00e9e\" \/>\n\t<meta name=\"twitter:data1\" content=\"3 minutes\" \/>\n<script type=\"application\/ld+json\" class=\"yoast-schema-graph\">{\"@context\":\"https:\/\/schema.org\",\"@graph\":[{\"@type\":\"WebPage\",\"@id\":\"https:\/\/onlinelotto365.com\/fr\/numeros-gagnants\/el-gordo\/\",\"url\":\"https:\/\/onlinelotto365.com\/fr\/numeros-gagnants\/el-gordo\/\",\"name\":\"Num\u00e9ros gagnants d'El Gordo | R\u00e9sultats du tirage et prix d'El Gordo\",\"isPartOf\":{\"@id\":\"https:\/\/onlinelotto365.com\/fr\/#website\"},\"primaryImageOfPage\":{\"@id\":\"https:\/\/onlinelotto365.com\/fr\/numeros-gagnants\/el-gordo\/#primaryimage\"},\"image\":{\"@id\":\"https:\/\/onlinelotto365.com\/fr\/numeros-gagnants\/el-gordo\/#primaryimage\"},\"thumbnailUrl\":\"https:\/\/redfoxlotto.com\/image?size=8&amp;lottery=el-gordo-primitiva\",\"datePublished\":\"2020-12-08T13:34:17+00:00\",\"dateModified\":\"2021-01-06T10:34:24+00:00\",\"description\":\"Num\u00e9ros gagnants, r\u00e9sultats, prix pour El Gordo et bien d'autres loteries, toujours mis \u00e0 jour sur notre site\",\"breadcrumb\":{\"@id\":\"https:\/\/onlinelotto365.com\/fr\/numeros-gagnants\/el-gordo\/#breadcrumb\"},\"inLanguage\":\"fr-FR\",\"potentialAction\":[{\"@type\":\"ReadAction\",\"target\":[\"https:\/\/onlinelotto365.com\/fr\/numeros-gagnants\/el-gordo\/\"]}]},{\"@type\":\"ImageObject\",\"inLanguage\":\"fr-FR\",\"@id\":\"https:\/\/onlinelotto365.com\/fr\/numeros-gagnants\/el-gordo\/#primaryimage\",\"url\":\"https:\/\/redfoxlotto.com\/image?size=8&amp;lottery=el-gordo-primitiva\",\"contentUrl\":\"https:\/\/redfoxlotto.com\/image?size=8&amp;lottery=el-gordo-primitiva\"},{\"@type\":\"BreadcrumbList\",\"@id\":\"https:\/\/onlinelotto365.com\/fr\/numeros-gagnants\/el-gordo\/#breadcrumb\",\"itemListElement\":[{\"@type\":\"ListItem\",\"position\":1,\"name\":\"Home\",\"item\":\"https:\/\/onlinelotto365.com\/fr\/\"},{\"@type\":\"ListItem\",\"position\":2,\"name\":\"Trouvez les num\u00e9ros gagnants et les r\u00e9sultats des derniers tirages du loto\",\"item\":\"https:\/\/onlinelotto365.com\/fr\/numeros-gagnants\/\"},{\"@type\":\"ListItem\",\"position\":3,\"name\":\"Consultez les r\u00e9sultats et les gains d&#8217;El Gordo ici\"}]},{\"@type\":\"WebSite\",\"@id\":\"https:\/\/onlinelotto365.com\/fr\/#website\",\"url\":\"https:\/\/onlinelotto365.com\/fr\/\",\"name\":\"OnlineLotto365\",\"description\":\"\",\"potentialAction\":[{\"@type\":\"SearchAction\",\"target\":{\"@type\":\"EntryPoint\",\"urlTemplate\":\"https:\/\/onlinelotto365.com\/fr\/?s={search_term_string}\"},\"query-input\":{\"@type\":\"PropertyValueSpecification\",\"valueRequired\":true,\"valueName\":\"search_term_string\"}}],\"inLanguage\":\"fr-FR\"}]}<\/script>\n<!-- \/ Yoast SEO plugin. -->","yoast_head_json":{"title":"Num\u00e9ros gagnants d'El Gordo | R\u00e9sultats du tirage et prix d'El Gordo","description":"Num\u00e9ros gagnants, r\u00e9sultats, prix pour El Gordo et bien d'autres loteries, toujours mis \u00e0 jour sur notre site","robots":{"index":"index","follow":"follow","max-snippet":"max-snippet:-1","max-image-preview":"max-image-preview:large","max-video-preview":"max-video-preview:-1"},"canonical":"https:\/\/onlinelotto365.com\/fr\/numeros-gagnants\/el-gordo\/","og_locale":"fr_FR","og_type":"article","og_title":"Num\u00e9ros gagnants d'El Gordo | R\u00e9sultats du tirage et prix d'El Gordo","og_description":"Num\u00e9ros gagnants, r\u00e9sultats, prix pour El Gordo et bien d'autres loteries, toujours mis \u00e0 jour sur notre site","og_url":"https:\/\/onlinelotto365.com\/fr\/numeros-gagnants\/el-gordo\/","og_site_name":"OnlineLotto365","article_modified_time":"2021-01-06T10:34:24+00:00","og_image":[{"url":"https:\/\/redfoxlotto.com\/image?size=8&amp;lottery=el-gordo-primitiva"}],"twitter_card":"summary_large_image","twitter_misc":{"Dur\u00e9e de lecture estim\u00e9e":"3 minutes"},"schema":{"@context":"https:\/\/schema.org","@graph":[{"@type":"WebPage","@id":"https:\/\/onlinelotto365.com\/fr\/numeros-gagnants\/el-gordo\/","url":"https:\/\/onlinelotto365.com\/fr\/numeros-gagnants\/el-gordo\/","name":"Num\u00e9ros gagnants d'El Gordo | R\u00e9sultats du tirage et prix d'El Gordo","isPartOf":{"@id":"https:\/\/onlinelotto365.com\/fr\/#website"},"primaryImageOfPage":{"@id":"https:\/\/onlinelotto365.com\/fr\/numeros-gagnants\/el-gordo\/#primaryimage"},"image":{"@id":"https:\/\/onlinelotto365.com\/fr\/numeros-gagnants\/el-gordo\/#primaryimage"},"thumbnailUrl":"https:\/\/redfoxlotto.com\/image?size=8&amp;lottery=el-gordo-primitiva","datePublished":"2020-12-08T13:34:17+00:00","dateModified":"2021-01-06T10:34:24+00:00","description":"Num\u00e9ros gagnants, r\u00e9sultats, prix pour El Gordo et bien d'autres loteries, toujours mis \u00e0 jour sur notre site","breadcrumb":{"@id":"https:\/\/onlinelotto365.com\/fr\/numeros-gagnants\/el-gordo\/#breadcrumb"},"inLanguage":"fr-FR","potentialAction":[{"@type":"ReadAction","target":["https:\/\/onlinelotto365.com\/fr\/numeros-gagnants\/el-gordo\/"]}]},{"@type":"ImageObject","inLanguage":"fr-FR","@id":"https:\/\/onlinelotto365.com\/fr\/numeros-gagnants\/el-gordo\/#primaryimage","url":"https:\/\/redfoxlotto.com\/image?size=8&amp;lottery=el-gordo-primitiva","contentUrl":"https:\/\/redfoxlotto.com\/image?size=8&amp;lottery=el-gordo-primitiva"},{"@type":"BreadcrumbList","@id":"https:\/\/onlinelotto365.com\/fr\/numeros-gagnants\/el-gordo\/#breadcrumb","itemListElement":[{"@type":"ListItem","position":1,"name":"Home","item":"https:\/\/onlinelotto365.com\/fr\/"},{"@type":"ListItem","position":2,"name":"Trouvez les num\u00e9ros gagnants et les r\u00e9sultats des derniers tirages du loto","item":"https:\/\/onlinelotto365.com\/fr\/numeros-gagnants\/"},{"@type":"ListItem","position":3,"name":"Consultez les r\u00e9sultats et les gains d&#8217;El Gordo ici"}]},{"@type":"WebSite","@id":"https:\/\/onlinelotto365.com\/fr\/#website","url":"https:\/\/onlinelotto365.com\/fr\/","name":"OnlineLotto365","description":"","potentialAction":[{"@type":"SearchAction","target":{"@type":"EntryPoint","urlTemplate":"https:\/\/onlinelotto365.com\/fr\/?s={search_term_string}"},"query-input":{"@type":"PropertyValueSpecification","valueRequired":true,"valueName":"search_term_string"}}],"inLanguage":"fr-FR"}]}},"_links":{"self":[{"href":"https:\/\/onlinelotto365.com\/fr\/wp-json\/wp\/v2\/pages\/7836","targetHints":{"allow":["GET"]}}],"collection":[{"href":"https:\/\/onlinelotto365.com\/fr\/wp-json\/wp\/v2\/pages"}],"about":[{"href":"https:\/\/onlinelotto365.com\/fr\/wp-json\/wp\/v2\/types\/page"}],"author":[{"embeddable":true,"href":"https:\/\/onlinelotto365.com\/fr\/wp-json\/wp\/v2\/users\/1"}],"replies":[{"embeddable":true,"href":"https:\/\/onlinelotto365.com\/fr\/wp-json\/wp\/v2\/comments?post=7836"}],"version-history":[{"count":0,"href":"https:\/\/onlinelotto365.com\/fr\/wp-json\/wp\/v2\/pages\/7836\/revisions"}],"up":[{"embeddable":true,"href":"https:\/\/onlinelotto365.com\/fr\/wp-json\/wp\/v2\/pages\/3794"}],"wp:attachment":[{"href":"https:\/\/onlinelotto365.com\/fr\/wp-json\/wp\/v2\/media?parent=7836"}],"curies":[{"name":"wp","href":"https:\/\/api.w.org\/{rel}","templated":true}]}}