{"id":7875,"date":"2020-12-08T14:36:39","date_gmt":"2020-12-08T13:36:39","guid":{"rendered":"http:\/\/onlinelotto365.net\/?page_id=7875"},"modified":"2020-12-30T08:56:29","modified_gmt":"2020-12-30T07:56:29","slug":"bonoloto","status":"publish","type":"page","link":"https:\/\/onlinelotto365.com\/fr\/numeros-gagnants\/bonoloto\/","title":{"rendered":"R\u00e9sultats de l&rsquo;espagnol Bonoloto"},"content":{"rendered":"<p>Les jeux de loterie internationale peuvent \u00eatre tr\u00e8s amusants, mais il faut savoir v\u00e9rifier les num\u00e9ros gagnants. Une fa\u00e7on de v\u00e9rifier <strong>les num\u00e9ros gagnants du BonoLoto<\/strong> est de <strong>consulter<\/strong> le journal. Mais en g\u00e9n\u00e9ral, seuls les journaux locaux auront les r\u00e9sultats que vous recherchez.<\/p>\n<p>Une autre option consiste \u00e0 regarder les cha\u00eenes de t\u00e9l\u00e9vision, mais il se peut que vous n&rsquo;y trouviez pas non plus les informations que vous recherchez. Vous devez vivre dans la bonne zone et savoir quand <a href=\"https:\/\/onlinelotto365.com\/fr\/news\/verifiez-le-billet-de-loterie-en-ligne\">v\u00e9rifier les num\u00e9ros<\/a>.<\/p>\n<p>Ensuite, vous pouvez consulter le site officiel de BonoLoto pour voir s&rsquo;ils proposent un dessin en direct en ligne. Pour les jeux qui le font, cela peut \u00eatre passionnant pour tout le monde, car vous pouvez vous laisser emporter par le moment o\u00f9 vous regardez les chiffres qui arrivent imm\u00e9diatement. Mais n&rsquo;oubliez pas que tous les jeux de <a href=\"http:\/\/onlinelotto365.com\">loterie<\/a> n&rsquo;offrent pas cette possibilit\u00e9.<\/p>\n<p>Enfin, vous pouvez regarder sur YouTube pour voir si quelqu&rsquo;un a post\u00e9 une vid\u00e9o en direct du tirage ou s&rsquo;il a enregistr\u00e9 les num\u00e9ros gagnants d&rsquo;une autre mani\u00e8re pour partager le tirage de BonoLoto.<br \/>\n<a href=\"https:\/\/redfoxlotto.com\/fr\/jouer\/bonoloto\/?ref=a8564250a2&amp;medium=ol365\" target=\"_blank\" rel=\"noopener noreferrer\"><img decoding=\"async\" class=\"aligncenter\" src=\"https:\/\/redfoxlotto.com\/image?size=8&amp;lottery=bonoloto\" alt=\"BonoLoto\" \/><\/a><\/p>\n<p>Le moyen le plus pratique d&rsquo;obtenir les num\u00e9ros gagnants est toutefois de consulter notre site web. <strong>Nous vous donnerons tous les num\u00e9ros gagnants du BonoLoto ainsi que de tous les autres jeux<\/strong> disponibles sur notre site web afin que vous puissiez les suivre en un seul endroit.<\/p>\n<h2>Comment savoir si votre billet en ligne a gagn\u00e9<img loading=\"lazy\" decoding=\"async\" class=\"alignright wp-image-3651\" src=\"https:\/\/onlinelotto365.com\/wp-content\/uploads\/2020\/11\/online_lottery-79-300x292.jpg\" alt=\"bonoloto winning numbers\" width=\"148\" height=\"145\" srcset=\"https:\/\/onlinelotto365.com\/wp-content\/uploads\/2020\/11\/online_lottery-79-300x292.jpg 300w, https:\/\/onlinelotto365.com\/wp-content\/uploads\/2020\/11\/online_lottery-79.jpg 320w\" sizes=\"auto, (max-width: 148px) 100vw, 148px\" \/><\/h2>\n<p>Pour ceux qui ont d\u00e9j\u00e0 <a href=\"https:\/\/onlinelotto365.com\/fr\/acheter-ticquets\/superenalotto\">achet\u00e9 un billet pour BonoLoto<\/a>, vous pouvez aller directement sur votre compte. Connectez-vous et allez sur la page o\u00f9 se trouvent vos billets. Une fois que vous y serez, vous pourrez voir les r\u00e9sultats de tous les matchs pour lesquels vous avez achet\u00e9 des billets. Cela vous permettra de <strong>voir<\/strong> plus facilement <strong>quels sont les num\u00e9ros que vous avez et qui ont correspondu<\/strong> et ceux qui n&rsquo;ont pas <strong>correspondu<\/strong>. Vous pourrez \u00e9galement obtenir votre argent imm\u00e9diatement si vous avez gagn\u00e9 moins de 2 500 euros. En effet, ces montants sont d\u00e9pos\u00e9s directement sur votre compte sans que vous ayez \u00e0 faire quoi que ce soit.<\/p>\n<h2>Archives des r\u00e9sultats BonoLoto<\/h2>\n<p>Si vous recherchez d&rsquo;anciens num\u00e9ros pour le BonoLoto, vous n&rsquo;avez pas besoin de chercher bien loin. C&rsquo;est parce que nous nous sommes occup\u00e9s de tout pour vous. Nous avons m\u00eame mis tous les anciens num\u00e9ros \u00e0 la m\u00eame place que les derniers afin que vous n&rsquo;ayez pas \u00e0 vous soucier de les retrouver. C&rsquo;est parce que nous savons combien il est important pour vous de pouvoir retrouver ces num\u00e9ros quand vous le souhaitez.<\/p>\n<h2>Mon billet a gagn\u00e9, que se passe-t-il ensuite ?<\/h2>\n<p>Nous avons d\u00e9j\u00e0 parl\u00e9 du fait que si vous gagnez certains des petits prix d&rsquo;un jeu de loto, vous n&rsquo;avez pas \u00e0 vous soucier de r\u00e9cup\u00e9rer votre argent. En effet, nous nous chargeons de le faire d\u00e9poser directement sur votre compte. Tout montant inf\u00e9rieur \u00e0 2 500 euros sera automatiquement ajout\u00e9 \u00e0 votre compte, afin qu&rsquo;il soit pr\u00eat quand vous le souhaitez.<br \/>\nCe sera certainement pratique pour vous et cela vous aidera \u00e0 commencer \u00e0 utiliser cet argent. En effet, vous pouvez l&rsquo;utiliser pour acheter d&rsquo;autres billets quand vous le souhaitez. S&rsquo;il d\u00e9passe 10 euros, vous pouvez m\u00eame retirer l&rsquo;argent sur n&rsquo;importe quel compte que vous avez d\u00e9j\u00e0 utilis\u00e9 sur notre site.<\/p>\n","protected":false},"excerpt":{"rendered":"<p>Les jeux de loterie internationale peuvent \u00eatre tr\u00e8s amusants, mais il faut savoir v\u00e9rifier les num\u00e9ros gagnants. Une fa\u00e7on de v\u00e9rifier les num\u00e9ros gagnants du BonoLoto est de consulter le journal. Mais en g\u00e9n\u00e9ral, seuls les journaux locaux auront les r\u00e9sultats que vous recherchez. Une autre option consiste \u00e0 regarder les cha\u00eenes de t\u00e9l\u00e9vision, mais [&hellip;]<\/p>\n","protected":false},"author":1,"featured_media":0,"parent":3794,"menu_order":8,"comment_status":"closed","ping_status":"closed","template":"template-rightsidebar.php","meta":{"_et_pb_use_builder":"","_et_pb_old_content":"","_et_gb_content_width":"","exclude_from_search":false,"footnotes":""},"class_list":["post-7875","page","type-page","status-publish","hentry"],"yoast_head":"<!-- This site is optimized with the Yoast SEO plugin v23.4 - https:\/\/yoast.com\/wordpress\/plugins\/seo\/ -->\n<title>R\u00e9sultats et prix pour le BonoLoto espagnol<\/title>\n<meta name=\"description\" content=\"Voir ici pour savoir si vos billets Bonoloto ont gagn\u00e9\" \/>\n<meta name=\"robots\" content=\"index, follow, max-snippet:-1, max-image-preview:large, max-video-preview:-1\" \/>\n<link rel=\"canonical\" href=\"https:\/\/onlinelotto365.com\/fr\/numeros-gagnants\/bonoloto\/\" \/>\n<meta property=\"og:locale\" content=\"fr_FR\" \/>\n<meta property=\"og:type\" content=\"article\" \/>\n<meta property=\"og:title\" content=\"R\u00e9sultats et prix pour le BonoLoto espagnol\" \/>\n<meta property=\"og:description\" content=\"Voir ici pour savoir si vos billets Bonoloto ont gagn\u00e9\" \/>\n<meta property=\"og:url\" content=\"https:\/\/onlinelotto365.com\/fr\/numeros-gagnants\/bonoloto\/\" \/>\n<meta property=\"og:site_name\" content=\"OnlineLotto365\" \/>\n<meta property=\"article:modified_time\" content=\"2020-12-30T07:56:29+00:00\" \/>\n<meta property=\"og:image\" content=\"https:\/\/redfoxlotto.com\/image?size=8&amp;lottery=bonoloto\" \/>\n<meta name=\"twitter:card\" content=\"summary_large_image\" \/>\n<meta name=\"twitter:label1\" content=\"Dur\u00e9e de lecture estim\u00e9e\" \/>\n\t<meta name=\"twitter:data1\" content=\"3 minutes\" \/>\n<script type=\"application\/ld+json\" class=\"yoast-schema-graph\">{\"@context\":\"https:\/\/schema.org\",\"@graph\":[{\"@type\":\"WebPage\",\"@id\":\"https:\/\/onlinelotto365.com\/fr\/numeros-gagnants\/bonoloto\/\",\"url\":\"https:\/\/onlinelotto365.com\/fr\/numeros-gagnants\/bonoloto\/\",\"name\":\"R\u00e9sultats et prix pour le BonoLoto espagnol\",\"isPartOf\":{\"@id\":\"https:\/\/onlinelotto365.com\/fr\/#website\"},\"primaryImageOfPage\":{\"@id\":\"https:\/\/onlinelotto365.com\/fr\/numeros-gagnants\/bonoloto\/#primaryimage\"},\"image\":{\"@id\":\"https:\/\/onlinelotto365.com\/fr\/numeros-gagnants\/bonoloto\/#primaryimage\"},\"thumbnailUrl\":\"https:\/\/redfoxlotto.com\/image?size=8&amp;lottery=bonoloto\",\"datePublished\":\"2020-12-08T13:36:39+00:00\",\"dateModified\":\"2020-12-30T07:56:29+00:00\",\"description\":\"Voir ici pour savoir si vos billets Bonoloto ont gagn\u00e9\",\"breadcrumb\":{\"@id\":\"https:\/\/onlinelotto365.com\/fr\/numeros-gagnants\/bonoloto\/#breadcrumb\"},\"inLanguage\":\"fr-FR\",\"potentialAction\":[{\"@type\":\"ReadAction\",\"target\":[\"https:\/\/onlinelotto365.com\/fr\/numeros-gagnants\/bonoloto\/\"]}]},{\"@type\":\"ImageObject\",\"inLanguage\":\"fr-FR\",\"@id\":\"https:\/\/onlinelotto365.com\/fr\/numeros-gagnants\/bonoloto\/#primaryimage\",\"url\":\"https:\/\/redfoxlotto.com\/image?size=8&amp;lottery=bonoloto\",\"contentUrl\":\"https:\/\/redfoxlotto.com\/image?size=8&amp;lottery=bonoloto\"},{\"@type\":\"BreadcrumbList\",\"@id\":\"https:\/\/onlinelotto365.com\/fr\/numeros-gagnants\/bonoloto\/#breadcrumb\",\"itemListElement\":[{\"@type\":\"ListItem\",\"position\":1,\"name\":\"Home\",\"item\":\"https:\/\/onlinelotto365.com\/fr\/\"},{\"@type\":\"ListItem\",\"position\":2,\"name\":\"Trouvez les num\u00e9ros gagnants et les r\u00e9sultats des derniers tirages du loto\",\"item\":\"https:\/\/onlinelotto365.com\/fr\/numeros-gagnants\/\"},{\"@type\":\"ListItem\",\"position\":3,\"name\":\"R\u00e9sultats de l&#8217;espagnol Bonoloto\"}]},{\"@type\":\"WebSite\",\"@id\":\"https:\/\/onlinelotto365.com\/fr\/#website\",\"url\":\"https:\/\/onlinelotto365.com\/fr\/\",\"name\":\"OnlineLotto365\",\"description\":\"\",\"potentialAction\":[{\"@type\":\"SearchAction\",\"target\":{\"@type\":\"EntryPoint\",\"urlTemplate\":\"https:\/\/onlinelotto365.com\/fr\/?s={search_term_string}\"},\"query-input\":{\"@type\":\"PropertyValueSpecification\",\"valueRequired\":true,\"valueName\":\"search_term_string\"}}],\"inLanguage\":\"fr-FR\"}]}<\/script>\n<!-- \/ Yoast SEO plugin. -->","yoast_head_json":{"title":"R\u00e9sultats et prix pour le BonoLoto espagnol","description":"Voir ici pour savoir si vos billets Bonoloto ont gagn\u00e9","robots":{"index":"index","follow":"follow","max-snippet":"max-snippet:-1","max-image-preview":"max-image-preview:large","max-video-preview":"max-video-preview:-1"},"canonical":"https:\/\/onlinelotto365.com\/fr\/numeros-gagnants\/bonoloto\/","og_locale":"fr_FR","og_type":"article","og_title":"R\u00e9sultats et prix pour le BonoLoto espagnol","og_description":"Voir ici pour savoir si vos billets Bonoloto ont gagn\u00e9","og_url":"https:\/\/onlinelotto365.com\/fr\/numeros-gagnants\/bonoloto\/","og_site_name":"OnlineLotto365","article_modified_time":"2020-12-30T07:56:29+00:00","og_image":[{"url":"https:\/\/redfoxlotto.com\/image?size=8&amp;lottery=bonoloto"}],"twitter_card":"summary_large_image","twitter_misc":{"Dur\u00e9e de lecture estim\u00e9e":"3 minutes"},"schema":{"@context":"https:\/\/schema.org","@graph":[{"@type":"WebPage","@id":"https:\/\/onlinelotto365.com\/fr\/numeros-gagnants\/bonoloto\/","url":"https:\/\/onlinelotto365.com\/fr\/numeros-gagnants\/bonoloto\/","name":"R\u00e9sultats et prix pour le BonoLoto espagnol","isPartOf":{"@id":"https:\/\/onlinelotto365.com\/fr\/#website"},"primaryImageOfPage":{"@id":"https:\/\/onlinelotto365.com\/fr\/numeros-gagnants\/bonoloto\/#primaryimage"},"image":{"@id":"https:\/\/onlinelotto365.com\/fr\/numeros-gagnants\/bonoloto\/#primaryimage"},"thumbnailUrl":"https:\/\/redfoxlotto.com\/image?size=8&amp;lottery=bonoloto","datePublished":"2020-12-08T13:36:39+00:00","dateModified":"2020-12-30T07:56:29+00:00","description":"Voir ici pour savoir si vos billets Bonoloto ont gagn\u00e9","breadcrumb":{"@id":"https:\/\/onlinelotto365.com\/fr\/numeros-gagnants\/bonoloto\/#breadcrumb"},"inLanguage":"fr-FR","potentialAction":[{"@type":"ReadAction","target":["https:\/\/onlinelotto365.com\/fr\/numeros-gagnants\/bonoloto\/"]}]},{"@type":"ImageObject","inLanguage":"fr-FR","@id":"https:\/\/onlinelotto365.com\/fr\/numeros-gagnants\/bonoloto\/#primaryimage","url":"https:\/\/redfoxlotto.com\/image?size=8&amp;lottery=bonoloto","contentUrl":"https:\/\/redfoxlotto.com\/image?size=8&amp;lottery=bonoloto"},{"@type":"BreadcrumbList","@id":"https:\/\/onlinelotto365.com\/fr\/numeros-gagnants\/bonoloto\/#breadcrumb","itemListElement":[{"@type":"ListItem","position":1,"name":"Home","item":"https:\/\/onlinelotto365.com\/fr\/"},{"@type":"ListItem","position":2,"name":"Trouvez les num\u00e9ros gagnants et les r\u00e9sultats des derniers tirages du loto","item":"https:\/\/onlinelotto365.com\/fr\/numeros-gagnants\/"},{"@type":"ListItem","position":3,"name":"R\u00e9sultats de l&#8217;espagnol Bonoloto"}]},{"@type":"WebSite","@id":"https:\/\/onlinelotto365.com\/fr\/#website","url":"https:\/\/onlinelotto365.com\/fr\/","name":"OnlineLotto365","description":"","potentialAction":[{"@type":"SearchAction","target":{"@type":"EntryPoint","urlTemplate":"https:\/\/onlinelotto365.com\/fr\/?s={search_term_string}"},"query-input":{"@type":"PropertyValueSpecification","valueRequired":true,"valueName":"search_term_string"}}],"inLanguage":"fr-FR"}]}},"_links":{"self":[{"href":"https:\/\/onlinelotto365.com\/fr\/wp-json\/wp\/v2\/pages\/7875","targetHints":{"allow":["GET"]}}],"collection":[{"href":"https:\/\/onlinelotto365.com\/fr\/wp-json\/wp\/v2\/pages"}],"about":[{"href":"https:\/\/onlinelotto365.com\/fr\/wp-json\/wp\/v2\/types\/page"}],"author":[{"embeddable":true,"href":"https:\/\/onlinelotto365.com\/fr\/wp-json\/wp\/v2\/users\/1"}],"replies":[{"embeddable":true,"href":"https:\/\/onlinelotto365.com\/fr\/wp-json\/wp\/v2\/comments?post=7875"}],"version-history":[{"count":0,"href":"https:\/\/onlinelotto365.com\/fr\/wp-json\/wp\/v2\/pages\/7875\/revisions"}],"up":[{"embeddable":true,"href":"https:\/\/onlinelotto365.com\/fr\/wp-json\/wp\/v2\/pages\/3794"}],"wp:attachment":[{"href":"https:\/\/onlinelotto365.com\/fr\/wp-json\/wp\/v2\/media?parent=7875"}],"curies":[{"name":"wp","href":"https:\/\/api.w.org\/{rel}","templated":true}]}}