{"id":7903,"date":"2020-12-08T14:39:47","date_gmt":"2020-12-08T13:39:47","guid":{"rendered":"http:\/\/onlinelotto365.net\/?page_id=7903"},"modified":"2021-01-02T16:35:02","modified_gmt":"2021-01-02T15:35:02","slug":"uk-lottery","status":"publish","type":"page","link":"https:\/\/onlinelotto365.com\/fr\/numeros-gagnants\/uk-lottery\/","title":{"rendered":"R\u00e9sultats de la loterie britannique"},"content":{"rendered":"<p>Il existe de nombreux jeux internationaux diff\u00e9rents et nous en proposons beaucoup. Cela peut signifier que vous avez du mal <a href=\"https:\/\/onlinelotto365.com\/fr\/numeros-gagnants\"><strong>trouver les r\u00e9sultats<\/strong><\/a> apr\u00e8s le dessin. Pour certains, ils veulent regarder dans le journal, mais votre journal local <strong>n&rsquo;a peut-\u00eatre pas les r\u00e9sultats de la loterie britannique<\/strong>. D&rsquo;autre part, les cha\u00eenes de t\u00e9l\u00e9vision n&rsquo;ont peut-\u00eatre pas ces r\u00e9sultats non plus, ou il peut falloir du temps pour trouver la bonne cha\u00eene qui les a.<\/p>\n<p>Une autre option consiste \u00e0 consulter le site officiel de la loterie britannique, qui peut proposer un <a href=\"https:\/\/onlinelotto365.com\/fr\/news\/lotto-en-direct\">flux en direct du processus de tirage<\/a>. Mais tous les jeux de loterie n&rsquo;offrent pas ce type de syst\u00e8me de diffusion en direct et m\u00eame lorsqu&rsquo;ils le font, vous devez \u00eatre pr\u00e9sent au bon moment. Alors, quel moyen pouvez-vous utiliser pour trouver les r\u00e9sultats de la loterie britannique ?<br \/>\nUne autre possibilit\u00e9 consiste \u00e0 consulter YouTube pour conna\u00eetre le dernier tirage de la loterie britannique s&rsquo;il est d\u00e9j\u00e0 termin\u00e9. Parfois, les gens t\u00e9l\u00e9chargent l&rsquo;enregistrement ou publient les num\u00e9ros gagnants d&rsquo;une mani\u00e8re ou d&rsquo;une autre.<br \/>\n<a href=\"https:\/\/redfoxlotto.com\/fr\/jouer\/lotto-uk\/?ref=a8564250a2&amp;medium=ol365\" target=\"_blank\" rel=\"noopener noreferrer\"><img decoding=\"async\" class=\"aligncenter\" src=\"https:\/\/redfoxlotto.com\/image?size=8&amp;lottery=lotto-uk\" alt=\"uk lottery\" \/><\/a><\/p>\n<p>Toutefois, la m\u00e9thode la plus simple pour obtenir les num\u00e9ros gagnants est de consulter notre site web. Notre page de r\u00e9sultats de loterie vous indiquera les r\u00e9sultats et les prix de la loterie britannique ainsi que de tous les autres jeux de loterie que nous avons \u00e0 disposition.<\/p>\n<h2>Comment savoir si votre billet en ligne a gagn\u00e9<\/h2>\n<p><img loading=\"lazy\" decoding=\"async\" class=\"alignright wp-image-3550\" src=\"https:\/\/onlinelotto365.com\/wp-content\/uploads\/2020\/11\/online_lottery-108-300x232.jpg\" alt=\"uk lottery results\" width=\"146\" height=\"113\" srcset=\"https:\/\/onlinelotto365.com\/wp-content\/uploads\/2020\/11\/online_lottery-108-300x232.jpg 300w, https:\/\/onlinelotto365.com\/wp-content\/uploads\/2020\/11\/online_lottery-108.jpg 320w\" sizes=\"auto, (max-width: 146px) 100vw, 146px\" \/> Ce qui est encore mieux pour vous, c&rsquo;est que vous pouvez consulter votre page de compte si vous avez d\u00e9j\u00e0 achet\u00e9 des billets. Sur votre page de compte, nous vous montrerons les num\u00e9ros gagnants de tous les billets que vous avez achet\u00e9s et les comparerons \u00e0 votre propre billet. Nous mettrons m\u00eame en \u00e9vidence les num\u00e9ros qui correspondent \u00e0 votre billet.<br \/>\nEt si vous gagnez moins de 2 500 \u20ac, vous n&rsquo;avez rien \u00e0 faire car l&rsquo;argent sera d\u00e9j\u00e0 vers\u00e9 directement sur votre compte de joueur d\u00e8s que les r\u00e9sultats seront v\u00e9rifi\u00e9s. Cela vous permet d&rsquo;acheter plus facilement des billets pour le prochain tirage.<\/p>\n<h2>Archives des r\u00e9sultats de la loterie britannique<\/h2>\n<p>Chacune des pages de notre site web qui vous montre <strong>les<\/strong> num\u00e9ros gagnants actuels vous montrera <strong>\u00e9galement les anciens r\u00e9sultats de la loterie britannique<\/strong>. Vous pourrez consulter les anciens tirages pour trouver d&rsquo;anciens billets ou pour trouver les num\u00e9ros que vous voulez jouer la prochaine fois. Apr\u00e8s tout, beaucoup de gens aiment v\u00e9rifier les anciens num\u00e9ros pour choisir les leurs.<\/p>\n<h2>Mon billet a gagn\u00e9, que se passe-t-il ensuite ?<\/h2>\n<p>Si vous avez un billet gagnant et que vous avez droit \u00e0 moins de 2 500 euros, vous n&rsquo;avez rien \u00e0 faire. Nous nous occupons de tout pour vous et nous veillerons \u00e0 ce que vos gains soient directement vers\u00e9s sur votre compte. Si vous voulez utiliser cet argent, vous pouvez l&rsquo;utiliser pour acheter encore plus de billets. Sinon, vous pouvez retirer l&rsquo;argent \u00e0 condition de disposer d&rsquo;au moins 10 \u20ac. Cet argent doit \u00eatre retir\u00e9 avec un mode de paiement d\u00e9j\u00e0 utilis\u00e9 sur notre site et vous devrez peut-\u00eatre v\u00e9rifier votre identit\u00e9 pour vous conformer \u00e0 la r\u00e9glementation f\u00e9d\u00e9rale.<\/p>\n","protected":false},"excerpt":{"rendered":"<p>Il existe de nombreux jeux internationaux diff\u00e9rents et nous en proposons beaucoup. Cela peut signifier que vous avez du mal trouver les r\u00e9sultats apr\u00e8s le dessin. Pour certains, ils veulent regarder dans le journal, mais votre journal local n&rsquo;a peut-\u00eatre pas les r\u00e9sultats de la loterie britannique. D&rsquo;autre part, les cha\u00eenes de t\u00e9l\u00e9vision n&rsquo;ont peut-\u00eatre [&hellip;]<\/p>\n","protected":false},"author":1,"featured_media":0,"parent":3794,"menu_order":9,"comment_status":"closed","ping_status":"closed","template":"lotto-uk-results.php","meta":{"_et_pb_use_builder":"","_et_pb_old_content":"","_et_gb_content_width":"","exclude_from_search":false,"footnotes":""},"class_list":["post-7903","page","type-page","status-publish","hentry"],"yoast_head":"<!-- This site is optimized with the Yoast SEO plugin v23.4 - https:\/\/yoast.com\/wordpress\/plugins\/seo\/ -->\n<title>R\u00e9sultats, num\u00e9ros gagnants de la loterie britannique<\/title>\n<meta name=\"description\" content=\"Juste apr\u00e8s le tirage, consultez les r\u00e9sultats et les num\u00e9ros de la loterie britannique ici\" \/>\n<meta name=\"robots\" content=\"index, follow, max-snippet:-1, max-image-preview:large, max-video-preview:-1\" \/>\n<link rel=\"canonical\" href=\"https:\/\/onlinelotto365.com\/fr\/numeros-gagnants\/uk-lottery\/\" \/>\n<meta property=\"og:locale\" content=\"fr_FR\" \/>\n<meta property=\"og:type\" content=\"article\" \/>\n<meta property=\"og:title\" content=\"R\u00e9sultats, num\u00e9ros gagnants de la loterie britannique\" \/>\n<meta property=\"og:description\" content=\"Juste apr\u00e8s le tirage, consultez les r\u00e9sultats et les num\u00e9ros de la loterie britannique ici\" \/>\n<meta property=\"og:url\" content=\"https:\/\/onlinelotto365.com\/fr\/numeros-gagnants\/uk-lottery\/\" \/>\n<meta property=\"og:site_name\" content=\"OnlineLotto365\" \/>\n<meta property=\"article:modified_time\" content=\"2021-01-02T15:35:02+00:00\" \/>\n<meta property=\"og:image\" content=\"https:\/\/redfoxlotto.com\/image?size=8&amp;lottery=lotto-uk\" \/>\n<meta name=\"twitter:card\" content=\"summary_large_image\" \/>\n<meta name=\"twitter:label1\" content=\"Dur\u00e9e de lecture estim\u00e9e\" \/>\n\t<meta name=\"twitter:data1\" content=\"3 minutes\" \/>\n<script type=\"application\/ld+json\" class=\"yoast-schema-graph\">{\"@context\":\"https:\/\/schema.org\",\"@graph\":[{\"@type\":\"WebPage\",\"@id\":\"https:\/\/onlinelotto365.com\/fr\/numeros-gagnants\/uk-lottery\/\",\"url\":\"https:\/\/onlinelotto365.com\/fr\/numeros-gagnants\/uk-lottery\/\",\"name\":\"R\u00e9sultats, num\u00e9ros gagnants de la loterie britannique\",\"isPartOf\":{\"@id\":\"https:\/\/onlinelotto365.com\/fr\/#website\"},\"primaryImageOfPage\":{\"@id\":\"https:\/\/onlinelotto365.com\/fr\/numeros-gagnants\/uk-lottery\/#primaryimage\"},\"image\":{\"@id\":\"https:\/\/onlinelotto365.com\/fr\/numeros-gagnants\/uk-lottery\/#primaryimage\"},\"thumbnailUrl\":\"https:\/\/redfoxlotto.com\/image?size=8&amp;lottery=lotto-uk\",\"datePublished\":\"2020-12-08T13:39:47+00:00\",\"dateModified\":\"2021-01-02T15:35:02+00:00\",\"description\":\"Juste apr\u00e8s le tirage, consultez les r\u00e9sultats et les num\u00e9ros de la loterie britannique ici\",\"breadcrumb\":{\"@id\":\"https:\/\/onlinelotto365.com\/fr\/numeros-gagnants\/uk-lottery\/#breadcrumb\"},\"inLanguage\":\"fr-FR\",\"potentialAction\":[{\"@type\":\"ReadAction\",\"target\":[\"https:\/\/onlinelotto365.com\/fr\/numeros-gagnants\/uk-lottery\/\"]}]},{\"@type\":\"ImageObject\",\"inLanguage\":\"fr-FR\",\"@id\":\"https:\/\/onlinelotto365.com\/fr\/numeros-gagnants\/uk-lottery\/#primaryimage\",\"url\":\"https:\/\/redfoxlotto.com\/image?size=8&amp;lottery=lotto-uk\",\"contentUrl\":\"https:\/\/redfoxlotto.com\/image?size=8&amp;lottery=lotto-uk\"},{\"@type\":\"BreadcrumbList\",\"@id\":\"https:\/\/onlinelotto365.com\/fr\/numeros-gagnants\/uk-lottery\/#breadcrumb\",\"itemListElement\":[{\"@type\":\"ListItem\",\"position\":1,\"name\":\"Home\",\"item\":\"https:\/\/onlinelotto365.com\/fr\/\"},{\"@type\":\"ListItem\",\"position\":2,\"name\":\"Trouvez les num\u00e9ros gagnants et les r\u00e9sultats des derniers tirages du loto\",\"item\":\"https:\/\/onlinelotto365.com\/fr\/numeros-gagnants\/\"},{\"@type\":\"ListItem\",\"position\":3,\"name\":\"R\u00e9sultats de la loterie britannique\"}]},{\"@type\":\"WebSite\",\"@id\":\"https:\/\/onlinelotto365.com\/fr\/#website\",\"url\":\"https:\/\/onlinelotto365.com\/fr\/\",\"name\":\"OnlineLotto365\",\"description\":\"\",\"potentialAction\":[{\"@type\":\"SearchAction\",\"target\":{\"@type\":\"EntryPoint\",\"urlTemplate\":\"https:\/\/onlinelotto365.com\/fr\/?s={search_term_string}\"},\"query-input\":{\"@type\":\"PropertyValueSpecification\",\"valueRequired\":true,\"valueName\":\"search_term_string\"}}],\"inLanguage\":\"fr-FR\"}]}<\/script>\n<!-- \/ Yoast SEO plugin. -->","yoast_head_json":{"title":"R\u00e9sultats, num\u00e9ros gagnants de la loterie britannique","description":"Juste apr\u00e8s le tirage, consultez les r\u00e9sultats et les num\u00e9ros de la loterie britannique ici","robots":{"index":"index","follow":"follow","max-snippet":"max-snippet:-1","max-image-preview":"max-image-preview:large","max-video-preview":"max-video-preview:-1"},"canonical":"https:\/\/onlinelotto365.com\/fr\/numeros-gagnants\/uk-lottery\/","og_locale":"fr_FR","og_type":"article","og_title":"R\u00e9sultats, num\u00e9ros gagnants de la loterie britannique","og_description":"Juste apr\u00e8s le tirage, consultez les r\u00e9sultats et les num\u00e9ros de la loterie britannique ici","og_url":"https:\/\/onlinelotto365.com\/fr\/numeros-gagnants\/uk-lottery\/","og_site_name":"OnlineLotto365","article_modified_time":"2021-01-02T15:35:02+00:00","og_image":[{"url":"https:\/\/redfoxlotto.com\/image?size=8&amp;lottery=lotto-uk"}],"twitter_card":"summary_large_image","twitter_misc":{"Dur\u00e9e de lecture estim\u00e9e":"3 minutes"},"schema":{"@context":"https:\/\/schema.org","@graph":[{"@type":"WebPage","@id":"https:\/\/onlinelotto365.com\/fr\/numeros-gagnants\/uk-lottery\/","url":"https:\/\/onlinelotto365.com\/fr\/numeros-gagnants\/uk-lottery\/","name":"R\u00e9sultats, num\u00e9ros gagnants de la loterie britannique","isPartOf":{"@id":"https:\/\/onlinelotto365.com\/fr\/#website"},"primaryImageOfPage":{"@id":"https:\/\/onlinelotto365.com\/fr\/numeros-gagnants\/uk-lottery\/#primaryimage"},"image":{"@id":"https:\/\/onlinelotto365.com\/fr\/numeros-gagnants\/uk-lottery\/#primaryimage"},"thumbnailUrl":"https:\/\/redfoxlotto.com\/image?size=8&amp;lottery=lotto-uk","datePublished":"2020-12-08T13:39:47+00:00","dateModified":"2021-01-02T15:35:02+00:00","description":"Juste apr\u00e8s le tirage, consultez les r\u00e9sultats et les num\u00e9ros de la loterie britannique ici","breadcrumb":{"@id":"https:\/\/onlinelotto365.com\/fr\/numeros-gagnants\/uk-lottery\/#breadcrumb"},"inLanguage":"fr-FR","potentialAction":[{"@type":"ReadAction","target":["https:\/\/onlinelotto365.com\/fr\/numeros-gagnants\/uk-lottery\/"]}]},{"@type":"ImageObject","inLanguage":"fr-FR","@id":"https:\/\/onlinelotto365.com\/fr\/numeros-gagnants\/uk-lottery\/#primaryimage","url":"https:\/\/redfoxlotto.com\/image?size=8&amp;lottery=lotto-uk","contentUrl":"https:\/\/redfoxlotto.com\/image?size=8&amp;lottery=lotto-uk"},{"@type":"BreadcrumbList","@id":"https:\/\/onlinelotto365.com\/fr\/numeros-gagnants\/uk-lottery\/#breadcrumb","itemListElement":[{"@type":"ListItem","position":1,"name":"Home","item":"https:\/\/onlinelotto365.com\/fr\/"},{"@type":"ListItem","position":2,"name":"Trouvez les num\u00e9ros gagnants et les r\u00e9sultats des derniers tirages du loto","item":"https:\/\/onlinelotto365.com\/fr\/numeros-gagnants\/"},{"@type":"ListItem","position":3,"name":"R\u00e9sultats de la loterie britannique"}]},{"@type":"WebSite","@id":"https:\/\/onlinelotto365.com\/fr\/#website","url":"https:\/\/onlinelotto365.com\/fr\/","name":"OnlineLotto365","description":"","potentialAction":[{"@type":"SearchAction","target":{"@type":"EntryPoint","urlTemplate":"https:\/\/onlinelotto365.com\/fr\/?s={search_term_string}"},"query-input":{"@type":"PropertyValueSpecification","valueRequired":true,"valueName":"search_term_string"}}],"inLanguage":"fr-FR"}]}},"_links":{"self":[{"href":"https:\/\/onlinelotto365.com\/fr\/wp-json\/wp\/v2\/pages\/7903","targetHints":{"allow":["GET"]}}],"collection":[{"href":"https:\/\/onlinelotto365.com\/fr\/wp-json\/wp\/v2\/pages"}],"about":[{"href":"https:\/\/onlinelotto365.com\/fr\/wp-json\/wp\/v2\/types\/page"}],"author":[{"embeddable":true,"href":"https:\/\/onlinelotto365.com\/fr\/wp-json\/wp\/v2\/users\/1"}],"replies":[{"embeddable":true,"href":"https:\/\/onlinelotto365.com\/fr\/wp-json\/wp\/v2\/comments?post=7903"}],"version-history":[{"count":0,"href":"https:\/\/onlinelotto365.com\/fr\/wp-json\/wp\/v2\/pages\/7903\/revisions"}],"up":[{"embeddable":true,"href":"https:\/\/onlinelotto365.com\/fr\/wp-json\/wp\/v2\/pages\/3794"}],"wp:attachment":[{"href":"https:\/\/onlinelotto365.com\/fr\/wp-json\/wp\/v2\/media?parent=7903"}],"curies":[{"name":"wp","href":"https:\/\/api.w.org\/{rel}","templated":true}]}}