{"id":7951,"date":"2020-12-08T14:44:04","date_gmt":"2020-12-08T13:44:04","guid":{"rendered":"http:\/\/onlinelotto365.net\/?page_id=7951"},"modified":"2020-12-30T09:00:32","modified_gmt":"2020-12-30T08:00:32","slug":"set-for-life","status":"publish","type":"page","link":"https:\/\/onlinelotto365.com\/fr\/numeros-gagnants\/set-for-life\/","title":{"rendered":"R\u00e9sultats du tirage au sort de la s\u00e9rie Set for life"},"content":{"rendered":"<p>Les jeux de loterie internationaux peuvent \u00eatre tr\u00e8s amusants, mais ils demandent un peu d&rsquo;effort pour trouver les num\u00e9ros gagnants. <strong>Les num\u00e9ros de la loterie Set for Life peuvent ne pas \u00eatre disponibles dans votre journal local<\/strong>. C&rsquo;est parce que vous n&rsquo;\u00eates peut-\u00eatre pas dans la bonne r\u00e9gion.<\/p>\n<p>Il en va de m\u00eame pour les r\u00e9sultats \u00e0 la t\u00e9l\u00e9vision. Si vous n&rsquo;\u00eates pas dans la bonne zone, vous devrez faire de nombreuses recherches pour trouver une cha\u00eene qui affiche les r\u00e9sultats.<br \/>\nVous pouvez \u00e9galement consulter le site officiel de Set for Life pour voir s&rsquo;il y a une <strong>\u00e9mission en direct pour les num\u00e9ros gagnants<\/strong>. Si c&rsquo;est le cas, vous voudrez peut-\u00eatre y jeter un coup d&rsquo;\u0153il, car regarder le tirage en direct est l&rsquo;une des options les plus int\u00e9ressantes. D&rsquo;autre part, tous les jeux de loterie n&rsquo;offrent pas cette option et il se peut que vous ne la trouviez pas.<\/p>\n<p>Un autre endroit o\u00f9 regarder est sur YouTube. Vous pouvez parfois y trouver des vid\u00e9os de dessins apr\u00e8s le tirage et vous pourrez peut-\u00eatre y trouver les num\u00e9ros gagnants.<br \/>\n<a href=\"https:\/\/redfoxlotto.com\/fr\/jouer\/set-for-life-uk\/?ref=a8564250a2&amp;medium=ol365\" target=\"_blank\" rel=\"noopener noreferrer\"><img decoding=\"async\" class=\"aligncenter\" src=\"https:\/\/redfoxlotto.com\/image?size=8&amp;lottery=set-for-life-uk\" alt=\"set for life\" \/><\/a><\/p>\n<p><strong>Le moyen le plus pratique de trouver les num\u00e9ros gagnants de \u00ab\u00a0Set for Life\u00a0\u00bb est de se rendre sur notre site web.<\/strong> Nous avons tous les num\u00e9ros gagnants pour tous les jeux que nous avons \u00e0 disposition. Vous pouvez donc trouver \u00ab\u00a0Set for Life\u00a0\u00bb et bien d&rsquo;autres choses encore.<\/p>\n<h2>Comment savoir si votre billet en ligne a gagn\u00e9<\/h2>\n<p>C&rsquo;est encore mieux si vous avez <a href=\"https:\/\/onlinelotto365.com\/fr\/acheter-ticquets\">d\u00e9j\u00e0 achet\u00e9 des billets<\/a> pour Set for Life avec nous. En effet, nous facilitons encore plus la v\u00e9rification des billets que vous avez d\u00e9j\u00e0 achet\u00e9s. Vous pouvez consulter la page o\u00f9 sont stock\u00e9s tous vos billets et vous y trouverez non seulement les num\u00e9ros de vos billets mais aussi ceux du billet gagnant. Nous nous chargerons m\u00eame de vous indiquer les num\u00e9ros qui correspondent en les colorant. Ainsi, vous n&rsquo;avez m\u00eame pas besoin de regarder les options pour vous-m\u00eame. Ensuite, si le montant du gain est inf\u00e9rieur \u00e0 2 500 euros, vous n&rsquo;aurez pas \u00e0 vous inqui\u00e9ter, car nous verserons imm\u00e9diatement l&rsquo;argent sur votre compte.<\/p>\n<h2>Archives des r\u00e9sultats de la campagne \u00ab\u00a0Set for life<\/h2>\n<p>Pour ceux qui veulent jeter un coup d&rsquo;\u0153il sur les anciens num\u00e9ros de Set for Life, vous pouvez le faire facilement. Les num\u00e9ros des archives sont disponibles partout o\u00f9 se trouvent les derniers r\u00e9sultats. Ainsi, vous pouvez voir quels num\u00e9ros sont les plus tir\u00e9s et ceux qui pourraient \u00eatre dus pour un autre tirage.<\/p>\n<h2>Mon billet a gagn\u00e9, que se passe-t-il ensuite ?<\/h2>\n<p><img loading=\"lazy\" decoding=\"async\" class=\"alignright wp-image-3543\" src=\"https:\/\/onlinelotto365.com\/wp-content\/uploads\/2020\/11\/online_lottery-3-300x300.jpg\" alt=\"set for life winning numbers\" width=\"187\" height=\"187\" srcset=\"https:\/\/onlinelotto365.com\/wp-content\/uploads\/2020\/11\/online_lottery-3-300x300.jpg 300w, https:\/\/onlinelotto365.com\/wp-content\/uploads\/2020\/11\/online_lottery-3-100x100.jpg 100w, https:\/\/onlinelotto365.com\/wp-content\/uploads\/2020\/11\/online_lottery-3-150x150.jpg 150w, https:\/\/onlinelotto365.com\/wp-content\/uploads\/2020\/11\/online_lottery-3.jpg 320w\" sizes=\"auto, (max-width: 187px) 100vw, 187px\" \/> Si vous gagnez sur votre billet de loto avec Set for Life, il vous suffit d&rsquo;attendre et de voir ce qui se passe. En effet, nous nous occuperons de la plupart des choses pour vous. Vous pouvez attendre pour tout montant inf\u00e9rieur \u00e0 2 500 \u20ac car nous le verserons imm\u00e9diatement sur votre compte d\u00e8s que les num\u00e9ros gagnants auront \u00e9t\u00e9 v\u00e9rifi\u00e9s.<\/p>\n<p>Ensuite, si vous avez au moins 10 euros sur votre compte, vous aurez la possibilit\u00e9 de retirer votre argent sur votre compte bancaire. Il vous suffit de vous assurer que vous utilisez un compte que vous avez d\u00e9j\u00e0 utilis\u00e9 avec notre syst\u00e8me auparavant. Et vous devrez v\u00e9rifier votre identit\u00e9 et vos informations pour notre processeur de paiement. Il s&rsquo;agit d&rsquo;une proc\u00e9dure simple qui peut \u00eatre effectu\u00e9e \u00e0 l&rsquo;aide de quelques formulaires et, avant que vous ne vous en rendiez compte, votre argent sera disponible.<\/p>\n","protected":false},"excerpt":{"rendered":"<p>Les jeux de loterie internationaux peuvent \u00eatre tr\u00e8s amusants, mais ils demandent un peu d&rsquo;effort pour trouver les num\u00e9ros gagnants. Les num\u00e9ros de la loterie Set for Life peuvent ne pas \u00eatre disponibles dans votre journal local. C&rsquo;est parce que vous n&rsquo;\u00eates peut-\u00eatre pas dans la bonne r\u00e9gion. Il en va de m\u00eame pour les [&hellip;]<\/p>\n","protected":false},"author":1,"featured_media":0,"parent":3794,"menu_order":10,"comment_status":"closed","ping_status":"closed","template":"set-for-life-results.php","meta":{"_et_pb_use_builder":"","_et_pb_old_content":"","_et_gb_content_width":"","exclude_from_search":false,"footnotes":""},"class_list":["post-7951","page","type-page","status-publish","hentry"],"yoast_head":"<!-- This site is optimized with the Yoast SEO plugin v23.4 - https:\/\/yoast.com\/wordpress\/plugins\/seo\/ -->\n<title>Derniers num\u00e9ros gagnants et paiements pour Set for life<\/title>\n<meta name=\"description\" content=\"Avez-vous jou\u00e9 \u00e0 la loterie &quot;Set for life&quot; ? Nous avons les derniers num\u00e9ros gagnants et les num\u00e9ros pr\u00e9c\u00e9dents\" \/>\n<meta name=\"robots\" content=\"index, follow, max-snippet:-1, max-image-preview:large, max-video-preview:-1\" \/>\n<link rel=\"canonical\" href=\"https:\/\/onlinelotto365.com\/fr\/numeros-gagnants\/set-for-life\/\" \/>\n<meta property=\"og:locale\" content=\"fr_FR\" \/>\n<meta property=\"og:type\" content=\"article\" \/>\n<meta property=\"og:title\" content=\"Derniers num\u00e9ros gagnants et paiements pour Set for life\" \/>\n<meta property=\"og:description\" content=\"Avez-vous jou\u00e9 \u00e0 la loterie &quot;Set for life&quot; ? Nous avons les derniers num\u00e9ros gagnants et les num\u00e9ros pr\u00e9c\u00e9dents\" \/>\n<meta property=\"og:url\" content=\"https:\/\/onlinelotto365.com\/fr\/numeros-gagnants\/set-for-life\/\" \/>\n<meta property=\"og:site_name\" content=\"OnlineLotto365\" \/>\n<meta property=\"article:modified_time\" content=\"2020-12-30T08:00:32+00:00\" \/>\n<meta property=\"og:image\" content=\"https:\/\/redfoxlotto.com\/image?size=8&amp;lottery=set-for-life-uk\" \/>\n<meta name=\"twitter:card\" content=\"summary_large_image\" \/>\n<meta name=\"twitter:label1\" content=\"Dur\u00e9e de lecture estim\u00e9e\" \/>\n\t<meta name=\"twitter:data1\" content=\"3 minutes\" \/>\n<script type=\"application\/ld+json\" class=\"yoast-schema-graph\">{\"@context\":\"https:\/\/schema.org\",\"@graph\":[{\"@type\":\"WebPage\",\"@id\":\"https:\/\/onlinelotto365.com\/fr\/numeros-gagnants\/set-for-life\/\",\"url\":\"https:\/\/onlinelotto365.com\/fr\/numeros-gagnants\/set-for-life\/\",\"name\":\"Derniers num\u00e9ros gagnants et paiements pour Set for life\",\"isPartOf\":{\"@id\":\"https:\/\/onlinelotto365.com\/fr\/#website\"},\"primaryImageOfPage\":{\"@id\":\"https:\/\/onlinelotto365.com\/fr\/numeros-gagnants\/set-for-life\/#primaryimage\"},\"image\":{\"@id\":\"https:\/\/onlinelotto365.com\/fr\/numeros-gagnants\/set-for-life\/#primaryimage\"},\"thumbnailUrl\":\"https:\/\/redfoxlotto.com\/image?size=8&amp;lottery=set-for-life-uk\",\"datePublished\":\"2020-12-08T13:44:04+00:00\",\"dateModified\":\"2020-12-30T08:00:32+00:00\",\"description\":\"Avez-vous jou\u00e9 \u00e0 la loterie \\\"Set for life\\\" ? Nous avons les derniers num\u00e9ros gagnants et les num\u00e9ros pr\u00e9c\u00e9dents\",\"breadcrumb\":{\"@id\":\"https:\/\/onlinelotto365.com\/fr\/numeros-gagnants\/set-for-life\/#breadcrumb\"},\"inLanguage\":\"fr-FR\",\"potentialAction\":[{\"@type\":\"ReadAction\",\"target\":[\"https:\/\/onlinelotto365.com\/fr\/numeros-gagnants\/set-for-life\/\"]}]},{\"@type\":\"ImageObject\",\"inLanguage\":\"fr-FR\",\"@id\":\"https:\/\/onlinelotto365.com\/fr\/numeros-gagnants\/set-for-life\/#primaryimage\",\"url\":\"https:\/\/redfoxlotto.com\/image?size=8&amp;lottery=set-for-life-uk\",\"contentUrl\":\"https:\/\/redfoxlotto.com\/image?size=8&amp;lottery=set-for-life-uk\"},{\"@type\":\"BreadcrumbList\",\"@id\":\"https:\/\/onlinelotto365.com\/fr\/numeros-gagnants\/set-for-life\/#breadcrumb\",\"itemListElement\":[{\"@type\":\"ListItem\",\"position\":1,\"name\":\"Home\",\"item\":\"https:\/\/onlinelotto365.com\/fr\/\"},{\"@type\":\"ListItem\",\"position\":2,\"name\":\"Trouvez les num\u00e9ros gagnants et les r\u00e9sultats des derniers tirages du loto\",\"item\":\"https:\/\/onlinelotto365.com\/fr\/numeros-gagnants\/\"},{\"@type\":\"ListItem\",\"position\":3,\"name\":\"R\u00e9sultats du tirage au sort de la s\u00e9rie Set for life\"}]},{\"@type\":\"WebSite\",\"@id\":\"https:\/\/onlinelotto365.com\/fr\/#website\",\"url\":\"https:\/\/onlinelotto365.com\/fr\/\",\"name\":\"OnlineLotto365\",\"description\":\"\",\"potentialAction\":[{\"@type\":\"SearchAction\",\"target\":{\"@type\":\"EntryPoint\",\"urlTemplate\":\"https:\/\/onlinelotto365.com\/fr\/?s={search_term_string}\"},\"query-input\":{\"@type\":\"PropertyValueSpecification\",\"valueRequired\":true,\"valueName\":\"search_term_string\"}}],\"inLanguage\":\"fr-FR\"}]}<\/script>\n<!-- \/ Yoast SEO plugin. -->","yoast_head_json":{"title":"Derniers num\u00e9ros gagnants et paiements pour Set for life","description":"Avez-vous jou\u00e9 \u00e0 la loterie \"Set for life\" ? Nous avons les derniers num\u00e9ros gagnants et les num\u00e9ros pr\u00e9c\u00e9dents","robots":{"index":"index","follow":"follow","max-snippet":"max-snippet:-1","max-image-preview":"max-image-preview:large","max-video-preview":"max-video-preview:-1"},"canonical":"https:\/\/onlinelotto365.com\/fr\/numeros-gagnants\/set-for-life\/","og_locale":"fr_FR","og_type":"article","og_title":"Derniers num\u00e9ros gagnants et paiements pour Set for life","og_description":"Avez-vous jou\u00e9 \u00e0 la loterie \"Set for life\" ? Nous avons les derniers num\u00e9ros gagnants et les num\u00e9ros pr\u00e9c\u00e9dents","og_url":"https:\/\/onlinelotto365.com\/fr\/numeros-gagnants\/set-for-life\/","og_site_name":"OnlineLotto365","article_modified_time":"2020-12-30T08:00:32+00:00","og_image":[{"url":"https:\/\/redfoxlotto.com\/image?size=8&amp;lottery=set-for-life-uk"}],"twitter_card":"summary_large_image","twitter_misc":{"Dur\u00e9e de lecture estim\u00e9e":"3 minutes"},"schema":{"@context":"https:\/\/schema.org","@graph":[{"@type":"WebPage","@id":"https:\/\/onlinelotto365.com\/fr\/numeros-gagnants\/set-for-life\/","url":"https:\/\/onlinelotto365.com\/fr\/numeros-gagnants\/set-for-life\/","name":"Derniers num\u00e9ros gagnants et paiements pour Set for life","isPartOf":{"@id":"https:\/\/onlinelotto365.com\/fr\/#website"},"primaryImageOfPage":{"@id":"https:\/\/onlinelotto365.com\/fr\/numeros-gagnants\/set-for-life\/#primaryimage"},"image":{"@id":"https:\/\/onlinelotto365.com\/fr\/numeros-gagnants\/set-for-life\/#primaryimage"},"thumbnailUrl":"https:\/\/redfoxlotto.com\/image?size=8&amp;lottery=set-for-life-uk","datePublished":"2020-12-08T13:44:04+00:00","dateModified":"2020-12-30T08:00:32+00:00","description":"Avez-vous jou\u00e9 \u00e0 la loterie \"Set for life\" ? Nous avons les derniers num\u00e9ros gagnants et les num\u00e9ros pr\u00e9c\u00e9dents","breadcrumb":{"@id":"https:\/\/onlinelotto365.com\/fr\/numeros-gagnants\/set-for-life\/#breadcrumb"},"inLanguage":"fr-FR","potentialAction":[{"@type":"ReadAction","target":["https:\/\/onlinelotto365.com\/fr\/numeros-gagnants\/set-for-life\/"]}]},{"@type":"ImageObject","inLanguage":"fr-FR","@id":"https:\/\/onlinelotto365.com\/fr\/numeros-gagnants\/set-for-life\/#primaryimage","url":"https:\/\/redfoxlotto.com\/image?size=8&amp;lottery=set-for-life-uk","contentUrl":"https:\/\/redfoxlotto.com\/image?size=8&amp;lottery=set-for-life-uk"},{"@type":"BreadcrumbList","@id":"https:\/\/onlinelotto365.com\/fr\/numeros-gagnants\/set-for-life\/#breadcrumb","itemListElement":[{"@type":"ListItem","position":1,"name":"Home","item":"https:\/\/onlinelotto365.com\/fr\/"},{"@type":"ListItem","position":2,"name":"Trouvez les num\u00e9ros gagnants et les r\u00e9sultats des derniers tirages du loto","item":"https:\/\/onlinelotto365.com\/fr\/numeros-gagnants\/"},{"@type":"ListItem","position":3,"name":"R\u00e9sultats du tirage au sort de la s\u00e9rie Set for life"}]},{"@type":"WebSite","@id":"https:\/\/onlinelotto365.com\/fr\/#website","url":"https:\/\/onlinelotto365.com\/fr\/","name":"OnlineLotto365","description":"","potentialAction":[{"@type":"SearchAction","target":{"@type":"EntryPoint","urlTemplate":"https:\/\/onlinelotto365.com\/fr\/?s={search_term_string}"},"query-input":{"@type":"PropertyValueSpecification","valueRequired":true,"valueName":"search_term_string"}}],"inLanguage":"fr-FR"}]}},"_links":{"self":[{"href":"https:\/\/onlinelotto365.com\/fr\/wp-json\/wp\/v2\/pages\/7951","targetHints":{"allow":["GET"]}}],"collection":[{"href":"https:\/\/onlinelotto365.com\/fr\/wp-json\/wp\/v2\/pages"}],"about":[{"href":"https:\/\/onlinelotto365.com\/fr\/wp-json\/wp\/v2\/types\/page"}],"author":[{"embeddable":true,"href":"https:\/\/onlinelotto365.com\/fr\/wp-json\/wp\/v2\/users\/1"}],"replies":[{"embeddable":true,"href":"https:\/\/onlinelotto365.com\/fr\/wp-json\/wp\/v2\/comments?post=7951"}],"version-history":[{"count":0,"href":"https:\/\/onlinelotto365.com\/fr\/wp-json\/wp\/v2\/pages\/7951\/revisions"}],"up":[{"embeddable":true,"href":"https:\/\/onlinelotto365.com\/fr\/wp-json\/wp\/v2\/pages\/3794"}],"wp:attachment":[{"href":"https:\/\/onlinelotto365.com\/fr\/wp-json\/wp\/v2\/media?parent=7951"}],"curies":[{"name":"wp","href":"https:\/\/api.w.org\/{rel}","templated":true}]}}