{"id":7987,"date":"2020-12-08T14:48:21","date_gmt":"2020-12-08T13:48:21","guid":{"rendered":"http:\/\/onlinelotto365.net\/?page_id=7987"},"modified":"2020-12-30T09:00:52","modified_gmt":"2020-12-30T08:00:52","slug":"german-lotto-6aus49","status":"publish","type":"page","link":"https:\/\/onlinelotto365.com\/fr\/numeros-gagnants\/german-lotto-6aus49\/","title":{"rendered":"Voir les num\u00e9ros gagnants du loto allemand ici"},"content":{"rendered":"<p>Les jeux de loterie internationaux peuvent \u00eatre un peu plus difficiles \u00e0 suivre car vous n&rsquo;habitez peut-\u00eatre pas dans la m\u00eame r\u00e9gion que celle o\u00f9 ils sont tir\u00e9s. Il se peut que vous ne puissiez pas consulter les r\u00e9sultats du loto allemand dans votre journal local. Et il se peut que vous ne puissiez pas non plus <strong>trouver les num\u00e9ros gagnants du Lotto allemand<\/strong> \u00e0 la t\u00e9l\u00e9vision. Si vous les trouvez \u00e0 l&rsquo;un ou l&rsquo;autre de ces endroits, vous devrez faire des recherches approfondies pour vous y rendre.<\/p>\n<p>Vous pouvez \u00e9galement envisager de vous rendre sur le site web du Lotto allemand. Parfois, ces sites officiels proposent des dessins en direct pour que vous puissiez voir les r\u00e9sultats au fur et \u00e0 mesure qu&rsquo;ils arrivent. Cependant, tous les jeux ne disposent pas de cette option et vous risquez de vous retrouver sans pouvoir trouver vos r\u00e9sultats, m\u00eame sur le site officiel.<\/p>\n<p>Vous pouvez \u00e9galement consulter YouTube pour voir si quelqu&rsquo;un a mis en ligne une vid\u00e9o du dessin en direct ou m\u00eame une vid\u00e9o avec les r\u00e9sultats \u00e0 un moment donn\u00e9 apr\u00e8s le dessin.<br \/>\n<a href=\"https:\/\/redfoxlotto.com\/fr\/jouer\/lotto-6aus49\/?ref=a8564250a2&amp;medium=ol365\" target=\"_blank\" rel=\"noopener noreferrer\"><img decoding=\"async\" class=\"aligncenter\" src=\"https:\/\/redfoxlotto.com\/image?size=8&amp;lottery=lotto-6aus49\" alt=\"German Lotto 6aus49\" \/><\/a><\/p>\n<p>Le moyen le plus simple d&rsquo;<a href=\"https:\/\/onlinelotto365.com\/fr\/numeros-gagnants\">obtenir les r\u00e9sultats<\/a> que vous recherchez est toutefois de consulter notre site web. Nous vous aiderons \u00e0 trouver les r\u00e9sultats du Lotto allemand directement sur notre page de r\u00e9sultats. C&rsquo;est l\u00e0 que nous partageons les num\u00e9ros gagnants de tous les jeux de loterie que vous trouverez sur notre site.<\/p>\n<h2>Comment savoir si votre billet en ligne a gagn\u00e9<img loading=\"lazy\" decoding=\"async\" class=\"alignright size-medium wp-image-3593\" src=\"https:\/\/onlinelotto365.com\/wp-content\/uploads\/2020\/11\/online_lottery-39-300x150.jpg\" alt=\"german lotto winning numbers\" width=\"300\" height=\"150\" srcset=\"https:\/\/onlinelotto365.com\/wp-content\/uploads\/2020\/11\/online_lottery-39-300x150.jpg 300w, https:\/\/onlinelotto365.com\/wp-content\/uploads\/2020\/11\/online_lottery-39.jpg 490w\" sizes=\"auto, (max-width: 300px) 100vw, 300px\" \/><\/h2>\n<p>Pour ceux qui ont achet\u00e9 des billets chez nous pour le Loto allemand, vous constaterez qu&rsquo;il est encore plus facile d&rsquo;obtenir les r\u00e9sultats. En effet, il vous suffit de jeter un coup d&rsquo;\u0153il \u00e0 votre page de compte. Lorsque vous y serez, vous pourrez voir les billets que vous avez achet\u00e9s pour l&rsquo;un des jeux que nous avons \u00e0 votre disposition. Ensuite, vous pourrez consulter les num\u00e9ros gagnants au m\u00eame endroit.<br \/>\nNous mettrons m\u00eame en \u00e9vidence les num\u00e9ros que vous avez trouv\u00e9s pour vous faire savoir ce que vous avez gagn\u00e9. Et si vous gagnez moins de 2 500 euros, nous nous chargeons de les ajouter \u00e0 votre compte d\u00e8s que les num\u00e9ros ont \u00e9t\u00e9 officiellement v\u00e9rifi\u00e9s par le jeu. C&rsquo;est aussi simple que cela pour vous.<\/p>\n<h2>Archives des r\u00e9sultats du loto allemand<\/h2>\n<p>Les pages de notre site web qui contiennent <strong>les derniers num\u00e9ros du Lotto allemand<\/strong> vous montreront \u00e9galement <strong>tous les anciens num\u00e9ros de nos archives<\/strong>. En effet, nous savons que de nombreuses personnes souhaitent conna\u00eetre les anciens num\u00e9ros afin de les aider \u00e0 choisir ceux qu&rsquo;elles souhaitent utiliser pour leurs prochains billets. Nous les mettons sur n&rsquo;importe quelle page qui montre les nouveaux num\u00e9ros.<\/p>\n<h2>Mon billet a gagn\u00e9, que se passe-t-il ensuite ?<\/h2>\n<p>Si vous avez gagn\u00e9 au Loto allemand et que votre billet gagnant vaut moins de 2 500 euros, nous nous chargeons de verser l&rsquo;argent sur votre compte d\u00e8s que les num\u00e9ros gagnants ont tous \u00e9t\u00e9 v\u00e9rifi\u00e9s. Cela signifie que vous n&rsquo;avez rien \u00e0 faire. Si le billet gagnant vaut plus de 2 500 euros, vous devrez remplir un formulaire, mais nous vous aiderons tout de m\u00eame dans la proc\u00e9dure. Ensuite, si vous avez au moins 10 euros sur votre compte, vous aurez la possibilit\u00e9 de retirer l&rsquo;argent sur tout compte bancaire ou carte de cr\u00e9dit que vous avez d\u00e9j\u00e0 utilis\u00e9 sur notre site. Si vous n&rsquo;avez pas encore utilis\u00e9 le compte chez nous, vous ne pourrez pas y retirer votre argent.<\/p>\n","protected":false},"excerpt":{"rendered":"<p>Les jeux de loterie internationaux peuvent \u00eatre un peu plus difficiles \u00e0 suivre car vous n&rsquo;habitez peut-\u00eatre pas dans la m\u00eame r\u00e9gion que celle o\u00f9 ils sont tir\u00e9s. Il se peut que vous ne puissiez pas consulter les r\u00e9sultats du loto allemand dans votre journal local. Et il se peut que vous ne puissiez pas [&hellip;]<\/p>\n","protected":false},"author":1,"featured_media":0,"parent":3794,"menu_order":11,"comment_status":"closed","ping_status":"closed","template":"lotto-german-results.php","meta":{"_et_pb_use_builder":"","_et_pb_old_content":"","_et_gb_content_width":"","exclude_from_search":false,"footnotes":""},"class_list":["post-7987","page","type-page","status-publish","hentry"],"yoast_head":"<!-- This site is optimized with the Yoast SEO plugin v23.4 - https:\/\/yoast.com\/wordpress\/plugins\/seo\/ -->\n<title>Num\u00e9ros gagnants du Lotto allemand | R\u00e9sultats du tirage et montants gagn\u00e9s du Lotto allemand<\/title>\n<meta name=\"description\" content=\"Si vous voulez trouver les num\u00e9ros gagnants de la loterie allemande 6aus49, regardez ici !\" \/>\n<meta name=\"robots\" content=\"index, follow, max-snippet:-1, max-image-preview:large, max-video-preview:-1\" \/>\n<link rel=\"canonical\" href=\"https:\/\/onlinelotto365.com\/fr\/numeros-gagnants\/german-lotto-6aus49\/\" \/>\n<meta property=\"og:locale\" content=\"fr_FR\" \/>\n<meta property=\"og:type\" content=\"article\" \/>\n<meta property=\"og:title\" content=\"Num\u00e9ros gagnants du Lotto allemand | R\u00e9sultats du tirage et montants gagn\u00e9s du Lotto allemand\" \/>\n<meta property=\"og:description\" content=\"Si vous voulez trouver les num\u00e9ros gagnants de la loterie allemande 6aus49, regardez ici !\" \/>\n<meta property=\"og:url\" content=\"https:\/\/onlinelotto365.com\/fr\/numeros-gagnants\/german-lotto-6aus49\/\" \/>\n<meta property=\"og:site_name\" content=\"OnlineLotto365\" \/>\n<meta property=\"article:modified_time\" content=\"2020-12-30T08:00:52+00:00\" \/>\n<meta property=\"og:image\" content=\"https:\/\/redfoxlotto.com\/image?size=8&amp;lottery=lotto-6aus49\" \/>\n<meta name=\"twitter:card\" content=\"summary_large_image\" \/>\n<meta name=\"twitter:label1\" content=\"Dur\u00e9e de lecture estim\u00e9e\" \/>\n\t<meta name=\"twitter:data1\" content=\"3 minutes\" \/>\n<script type=\"application\/ld+json\" class=\"yoast-schema-graph\">{\"@context\":\"https:\/\/schema.org\",\"@graph\":[{\"@type\":\"WebPage\",\"@id\":\"https:\/\/onlinelotto365.com\/fr\/numeros-gagnants\/german-lotto-6aus49\/\",\"url\":\"https:\/\/onlinelotto365.com\/fr\/numeros-gagnants\/german-lotto-6aus49\/\",\"name\":\"Num\u00e9ros gagnants du Lotto allemand | R\u00e9sultats du tirage et montants gagn\u00e9s du Lotto allemand\",\"isPartOf\":{\"@id\":\"https:\/\/onlinelotto365.com\/fr\/#website\"},\"primaryImageOfPage\":{\"@id\":\"https:\/\/onlinelotto365.com\/fr\/numeros-gagnants\/german-lotto-6aus49\/#primaryimage\"},\"image\":{\"@id\":\"https:\/\/onlinelotto365.com\/fr\/numeros-gagnants\/german-lotto-6aus49\/#primaryimage\"},\"thumbnailUrl\":\"https:\/\/redfoxlotto.com\/image?size=8&amp;lottery=lotto-6aus49\",\"datePublished\":\"2020-12-08T13:48:21+00:00\",\"dateModified\":\"2020-12-30T08:00:52+00:00\",\"description\":\"Si vous voulez trouver les num\u00e9ros gagnants de la loterie allemande 6aus49, regardez ici !\",\"breadcrumb\":{\"@id\":\"https:\/\/onlinelotto365.com\/fr\/numeros-gagnants\/german-lotto-6aus49\/#breadcrumb\"},\"inLanguage\":\"fr-FR\",\"potentialAction\":[{\"@type\":\"ReadAction\",\"target\":[\"https:\/\/onlinelotto365.com\/fr\/numeros-gagnants\/german-lotto-6aus49\/\"]}]},{\"@type\":\"ImageObject\",\"inLanguage\":\"fr-FR\",\"@id\":\"https:\/\/onlinelotto365.com\/fr\/numeros-gagnants\/german-lotto-6aus49\/#primaryimage\",\"url\":\"https:\/\/redfoxlotto.com\/image?size=8&amp;lottery=lotto-6aus49\",\"contentUrl\":\"https:\/\/redfoxlotto.com\/image?size=8&amp;lottery=lotto-6aus49\"},{\"@type\":\"BreadcrumbList\",\"@id\":\"https:\/\/onlinelotto365.com\/fr\/numeros-gagnants\/german-lotto-6aus49\/#breadcrumb\",\"itemListElement\":[{\"@type\":\"ListItem\",\"position\":1,\"name\":\"Home\",\"item\":\"https:\/\/onlinelotto365.com\/fr\/\"},{\"@type\":\"ListItem\",\"position\":2,\"name\":\"Trouvez les num\u00e9ros gagnants et les r\u00e9sultats des derniers tirages du loto\",\"item\":\"https:\/\/onlinelotto365.com\/fr\/numeros-gagnants\/\"},{\"@type\":\"ListItem\",\"position\":3,\"name\":\"Voir les num\u00e9ros gagnants du loto allemand ici\"}]},{\"@type\":\"WebSite\",\"@id\":\"https:\/\/onlinelotto365.com\/fr\/#website\",\"url\":\"https:\/\/onlinelotto365.com\/fr\/\",\"name\":\"OnlineLotto365\",\"description\":\"\",\"potentialAction\":[{\"@type\":\"SearchAction\",\"target\":{\"@type\":\"EntryPoint\",\"urlTemplate\":\"https:\/\/onlinelotto365.com\/fr\/?s={search_term_string}\"},\"query-input\":{\"@type\":\"PropertyValueSpecification\",\"valueRequired\":true,\"valueName\":\"search_term_string\"}}],\"inLanguage\":\"fr-FR\"}]}<\/script>\n<!-- \/ Yoast SEO plugin. -->","yoast_head_json":{"title":"Num\u00e9ros gagnants du Lotto allemand | R\u00e9sultats du tirage et montants gagn\u00e9s du Lotto allemand","description":"Si vous voulez trouver les num\u00e9ros gagnants de la loterie allemande 6aus49, regardez ici !","robots":{"index":"index","follow":"follow","max-snippet":"max-snippet:-1","max-image-preview":"max-image-preview:large","max-video-preview":"max-video-preview:-1"},"canonical":"https:\/\/onlinelotto365.com\/fr\/numeros-gagnants\/german-lotto-6aus49\/","og_locale":"fr_FR","og_type":"article","og_title":"Num\u00e9ros gagnants du Lotto allemand | R\u00e9sultats du tirage et montants gagn\u00e9s du Lotto allemand","og_description":"Si vous voulez trouver les num\u00e9ros gagnants de la loterie allemande 6aus49, regardez ici !","og_url":"https:\/\/onlinelotto365.com\/fr\/numeros-gagnants\/german-lotto-6aus49\/","og_site_name":"OnlineLotto365","article_modified_time":"2020-12-30T08:00:52+00:00","og_image":[{"url":"https:\/\/redfoxlotto.com\/image?size=8&amp;lottery=lotto-6aus49"}],"twitter_card":"summary_large_image","twitter_misc":{"Dur\u00e9e de lecture estim\u00e9e":"3 minutes"},"schema":{"@context":"https:\/\/schema.org","@graph":[{"@type":"WebPage","@id":"https:\/\/onlinelotto365.com\/fr\/numeros-gagnants\/german-lotto-6aus49\/","url":"https:\/\/onlinelotto365.com\/fr\/numeros-gagnants\/german-lotto-6aus49\/","name":"Num\u00e9ros gagnants du Lotto allemand | R\u00e9sultats du tirage et montants gagn\u00e9s du Lotto allemand","isPartOf":{"@id":"https:\/\/onlinelotto365.com\/fr\/#website"},"primaryImageOfPage":{"@id":"https:\/\/onlinelotto365.com\/fr\/numeros-gagnants\/german-lotto-6aus49\/#primaryimage"},"image":{"@id":"https:\/\/onlinelotto365.com\/fr\/numeros-gagnants\/german-lotto-6aus49\/#primaryimage"},"thumbnailUrl":"https:\/\/redfoxlotto.com\/image?size=8&amp;lottery=lotto-6aus49","datePublished":"2020-12-08T13:48:21+00:00","dateModified":"2020-12-30T08:00:52+00:00","description":"Si vous voulez trouver les num\u00e9ros gagnants de la loterie allemande 6aus49, regardez ici !","breadcrumb":{"@id":"https:\/\/onlinelotto365.com\/fr\/numeros-gagnants\/german-lotto-6aus49\/#breadcrumb"},"inLanguage":"fr-FR","potentialAction":[{"@type":"ReadAction","target":["https:\/\/onlinelotto365.com\/fr\/numeros-gagnants\/german-lotto-6aus49\/"]}]},{"@type":"ImageObject","inLanguage":"fr-FR","@id":"https:\/\/onlinelotto365.com\/fr\/numeros-gagnants\/german-lotto-6aus49\/#primaryimage","url":"https:\/\/redfoxlotto.com\/image?size=8&amp;lottery=lotto-6aus49","contentUrl":"https:\/\/redfoxlotto.com\/image?size=8&amp;lottery=lotto-6aus49"},{"@type":"BreadcrumbList","@id":"https:\/\/onlinelotto365.com\/fr\/numeros-gagnants\/german-lotto-6aus49\/#breadcrumb","itemListElement":[{"@type":"ListItem","position":1,"name":"Home","item":"https:\/\/onlinelotto365.com\/fr\/"},{"@type":"ListItem","position":2,"name":"Trouvez les num\u00e9ros gagnants et les r\u00e9sultats des derniers tirages du loto","item":"https:\/\/onlinelotto365.com\/fr\/numeros-gagnants\/"},{"@type":"ListItem","position":3,"name":"Voir les num\u00e9ros gagnants du loto allemand ici"}]},{"@type":"WebSite","@id":"https:\/\/onlinelotto365.com\/fr\/#website","url":"https:\/\/onlinelotto365.com\/fr\/","name":"OnlineLotto365","description":"","potentialAction":[{"@type":"SearchAction","target":{"@type":"EntryPoint","urlTemplate":"https:\/\/onlinelotto365.com\/fr\/?s={search_term_string}"},"query-input":{"@type":"PropertyValueSpecification","valueRequired":true,"valueName":"search_term_string"}}],"inLanguage":"fr-FR"}]}},"_links":{"self":[{"href":"https:\/\/onlinelotto365.com\/fr\/wp-json\/wp\/v2\/pages\/7987","targetHints":{"allow":["GET"]}}],"collection":[{"href":"https:\/\/onlinelotto365.com\/fr\/wp-json\/wp\/v2\/pages"}],"about":[{"href":"https:\/\/onlinelotto365.com\/fr\/wp-json\/wp\/v2\/types\/page"}],"author":[{"embeddable":true,"href":"https:\/\/onlinelotto365.com\/fr\/wp-json\/wp\/v2\/users\/1"}],"replies":[{"embeddable":true,"href":"https:\/\/onlinelotto365.com\/fr\/wp-json\/wp\/v2\/comments?post=7987"}],"version-history":[{"count":0,"href":"https:\/\/onlinelotto365.com\/fr\/wp-json\/wp\/v2\/pages\/7987\/revisions"}],"up":[{"embeddable":true,"href":"https:\/\/onlinelotto365.com\/fr\/wp-json\/wp\/v2\/pages\/3794"}],"wp:attachment":[{"href":"https:\/\/onlinelotto365.com\/fr\/wp-json\/wp\/v2\/media?parent=7987"}],"curies":[{"name":"wp","href":"https:\/\/api.w.org\/{rel}","templated":true}]}}