{"id":8016,"date":"2020-12-08T14:51:11","date_gmt":"2020-12-08T13:51:11","guid":{"rendered":"http:\/\/onlinelotto365.net\/?page_id=8016"},"modified":"2020-12-30T09:01:22","modified_gmt":"2020-12-30T08:01:22","slug":"mega-sena","status":"publish","type":"page","link":"https:\/\/onlinelotto365.com\/fr\/numeros-gagnants\/mega-sena\/","title":{"rendered":"Mega-Sena du Br\u00e9sil &#8211; derniers chiffres gagnants"},"content":{"rendered":"<p>Il existe de nombreux jeux diff\u00e9rents et vous voulez \u00eatre s\u00fbr de trouver les num\u00e9ros gagnants le plus rapidement possible. C&rsquo;est possible de diff\u00e9rentes mani\u00e8res, si vous savez o\u00f9 chercher. Les num\u00e9ros gagnants sont parfois disponibles dans le journal si vous vivez dans une r\u00e9gion o\u00f9 il s&rsquo;agit d&rsquo;un jeu local. Cela peut signifier que <strong>les r\u00e9sultats du M\u00e9ga-Sena ne sont pas disponibles dans votre r\u00e9gion<\/strong>. De plus, certaines r\u00e9gions affichent les num\u00e9ros gagnants \u00e0 la t\u00e9l\u00e9vision, ce qui ne se produit que si vous habitez dans certaines r\u00e9gions.<\/p>\n<p>Une autre possibilit\u00e9 consiste \u00e0 consulter le site web de la loterie Mega-Sena pour voir s&rsquo;ils ont une <a href=\"https:\/\/onlinelotto365.com\/fr\/news\/lotto-en-direct\">diffusion du flux en direct<\/a> lorsque le jeu est tir\u00e9. Ce n&rsquo;est pas le cas pour tous les jeux, mais pour ceux qui le font, cela peut \u00eatre une exp\u00e9rience passionnante pour tous ceux qui regardent. Surtout si vous \u00eates r\u00e9ellement gagnant et que vous regardez vos num\u00e9ros tirer.<\/p>\n<p>Il est \u00e9galement possible de se rendre sur YouTube. Parfois, les gens t\u00e9l\u00e9chargent des vid\u00e9os en direct du dessin en ligne et vous pourrez peut-\u00eatre voir le dernier dessin de Mega Sena.<br \/>\n<a href=\"https:\/\/redfoxlotto.com\/fr\/jouer\/mega-sena\/?ref=a8564250a2&amp;medium=ol365\" target=\"_blank\" rel=\"noopener noreferrer\"><img decoding=\"async\" class=\"aligncenter\" src=\"https:\/\/redfoxlotto.com\/image?size=8&amp;lottery=mega-sena\" alt=\"mega-sena\" \/><\/a><\/p>\n<p>Le moyen le plus simple pour vous d&rsquo;<a href=\"https:\/\/onlinelotto365.com\/fr\/numeros-gagnants\">obtenir les num\u00e9ros gagnants<\/a> est de consulter notre site web. Nous pouvons vous donner acc\u00e8s \u00e0 tous les num\u00e9ros gagnants du Mega Sena ainsi qu&rsquo;\u00e0 tout autre jeu que vous souhaitez et que nous avons \u00e0 votre disposition. Cela vous permet de trouver plus facilement les r\u00e9sultats que vous souhaitez.<\/p>\n<h2>Comment savoir si votre billet en ligne a gagn\u00e9<\/h2>\n<p><img loading=\"lazy\" decoding=\"async\" class=\"alignright wp-image-3640\" src=\"https:\/\/onlinelotto365.com\/wp-content\/uploads\/2020\/11\/lottery_balls1-300x160.jpg\" alt=\"mega-sena results\" width=\"249\" height=\"133\" srcset=\"https:\/\/onlinelotto365.com\/wp-content\/uploads\/2020\/11\/lottery_balls1-300x160.jpg 300w, https:\/\/onlinelotto365.com\/wp-content\/uploads\/2020\/11\/lottery_balls1.jpg 472w\" sizes=\"auto, (max-width: 249px) 100vw, 249px\" \/> Ce qui est encore mieux, c&rsquo;est que vous pouvez vous connecter directement \u00e0 votre compte et trouver \u00e9galement les r\u00e9sultats de tout match pour lequel vous avez achet\u00e9 des billets. Il vous suffit d&rsquo;aller dans la section du site web o\u00f9 vos billets sont stock\u00e9s et vous pouvez trouver les num\u00e9ros gagnants qui s&rsquo;appliquent \u00e0 ces billets.<\/p>\n<p>Vous pouvez m\u00eame voir quels sont les num\u00e9ros gagnants qui correspondent \u00e0 vos num\u00e9ros actuels afin de voir combien vous avez d\u00e9j\u00e0 gagn\u00e9. S&rsquo;il est inf\u00e9rieur \u00e0 2 500 euros, nous nous chargeons de verser cet argent directement sur votre compte afin que vous puissiez commencer \u00e0 le d\u00e9penser ou le retirer sur votre propre compte. Il vous suffit de vous assurer que vous retirez l&rsquo;argent sur un compte que vous avez d\u00e9j\u00e0 utilis\u00e9 chez nous.<\/p>\n<h2>Archives des r\u00e9sultats de Mega-Sena<\/h2>\n<p>Pour ceux qui veulent avoir acc\u00e8s aux anciens num\u00e9ros de la Mega-Sena, il est conseill\u00e9 de consulter les pages web qui proposent d\u00e9j\u00e0 les derniers num\u00e9ros. Vous y trouverez \u00e9galement tous les anciens num\u00e9ros disponibles. Vous ne risquez donc pas de passer \u00e0 c\u00f4t\u00e9 de certaines des meilleures informations pour choisir votre prochaine s\u00e9rie de num\u00e9ros.<\/p>\n","protected":false},"excerpt":{"rendered":"<p>Il existe de nombreux jeux diff\u00e9rents et vous voulez \u00eatre s\u00fbr de trouver les num\u00e9ros gagnants le plus rapidement possible. C&rsquo;est possible de diff\u00e9rentes mani\u00e8res, si vous savez o\u00f9 chercher. Les num\u00e9ros gagnants sont parfois disponibles dans le journal si vous vivez dans une r\u00e9gion o\u00f9 il s&rsquo;agit d&rsquo;un jeu local. Cela peut signifier que [&hellip;]<\/p>\n","protected":false},"author":1,"featured_media":0,"parent":3794,"menu_order":12,"comment_status":"closed","ping_status":"closed","template":"megasena-results.php","meta":{"_et_pb_use_builder":"","_et_pb_old_content":"","_et_gb_content_width":"","exclude_from_search":false,"footnotes":""},"class_list":["post-8016","page","type-page","status-publish","hentry"],"yoast_head":"<!-- This site is optimized with the Yoast SEO plugin v23.4 - https:\/\/yoast.com\/wordpress\/plugins\/seo\/ -->\n<title>Derniers r\u00e9sultats du tirage au sort et prix pour Mega-Sena<\/title>\n<meta name=\"description\" content=\"Les r\u00e9sultats de Mega-Sena Brazil et de nombreuses autres loteries mondiales se trouvent ici\" \/>\n<meta name=\"robots\" content=\"index, follow, max-snippet:-1, max-image-preview:large, max-video-preview:-1\" \/>\n<link rel=\"canonical\" href=\"https:\/\/onlinelotto365.com\/fr\/numeros-gagnants\/mega-sena\/\" \/>\n<meta property=\"og:locale\" content=\"fr_FR\" \/>\n<meta property=\"og:type\" content=\"article\" \/>\n<meta property=\"og:title\" content=\"Derniers r\u00e9sultats du tirage au sort et prix pour Mega-Sena\" \/>\n<meta property=\"og:description\" content=\"Les r\u00e9sultats de Mega-Sena Brazil et de nombreuses autres loteries mondiales se trouvent ici\" \/>\n<meta property=\"og:url\" content=\"https:\/\/onlinelotto365.com\/fr\/numeros-gagnants\/mega-sena\/\" \/>\n<meta property=\"og:site_name\" content=\"OnlineLotto365\" \/>\n<meta property=\"article:modified_time\" content=\"2020-12-30T08:01:22+00:00\" \/>\n<meta property=\"og:image\" content=\"https:\/\/redfoxlotto.com\/image?size=8&amp;lottery=mega-sena\" \/>\n<meta name=\"twitter:card\" content=\"summary_large_image\" \/>\n<meta name=\"twitter:label1\" content=\"Dur\u00e9e de lecture estim\u00e9e\" \/>\n\t<meta name=\"twitter:data1\" content=\"2 minutes\" \/>\n<script type=\"application\/ld+json\" class=\"yoast-schema-graph\">{\"@context\":\"https:\/\/schema.org\",\"@graph\":[{\"@type\":\"WebPage\",\"@id\":\"https:\/\/onlinelotto365.com\/fr\/numeros-gagnants\/mega-sena\/\",\"url\":\"https:\/\/onlinelotto365.com\/fr\/numeros-gagnants\/mega-sena\/\",\"name\":\"Derniers r\u00e9sultats du tirage au sort et prix pour Mega-Sena\",\"isPartOf\":{\"@id\":\"https:\/\/onlinelotto365.com\/fr\/#website\"},\"primaryImageOfPage\":{\"@id\":\"https:\/\/onlinelotto365.com\/fr\/numeros-gagnants\/mega-sena\/#primaryimage\"},\"image\":{\"@id\":\"https:\/\/onlinelotto365.com\/fr\/numeros-gagnants\/mega-sena\/#primaryimage\"},\"thumbnailUrl\":\"https:\/\/redfoxlotto.com\/image?size=8&amp;lottery=mega-sena\",\"datePublished\":\"2020-12-08T13:51:11+00:00\",\"dateModified\":\"2020-12-30T08:01:22+00:00\",\"description\":\"Les r\u00e9sultats de Mega-Sena Brazil et de nombreuses autres loteries mondiales se trouvent ici\",\"breadcrumb\":{\"@id\":\"https:\/\/onlinelotto365.com\/fr\/numeros-gagnants\/mega-sena\/#breadcrumb\"},\"inLanguage\":\"fr-FR\",\"potentialAction\":[{\"@type\":\"ReadAction\",\"target\":[\"https:\/\/onlinelotto365.com\/fr\/numeros-gagnants\/mega-sena\/\"]}]},{\"@type\":\"ImageObject\",\"inLanguage\":\"fr-FR\",\"@id\":\"https:\/\/onlinelotto365.com\/fr\/numeros-gagnants\/mega-sena\/#primaryimage\",\"url\":\"https:\/\/redfoxlotto.com\/image?size=8&amp;lottery=mega-sena\",\"contentUrl\":\"https:\/\/redfoxlotto.com\/image?size=8&amp;lottery=mega-sena\"},{\"@type\":\"BreadcrumbList\",\"@id\":\"https:\/\/onlinelotto365.com\/fr\/numeros-gagnants\/mega-sena\/#breadcrumb\",\"itemListElement\":[{\"@type\":\"ListItem\",\"position\":1,\"name\":\"Home\",\"item\":\"https:\/\/onlinelotto365.com\/fr\/\"},{\"@type\":\"ListItem\",\"position\":2,\"name\":\"Trouvez les num\u00e9ros gagnants et les r\u00e9sultats des derniers tirages du loto\",\"item\":\"https:\/\/onlinelotto365.com\/fr\/numeros-gagnants\/\"},{\"@type\":\"ListItem\",\"position\":3,\"name\":\"Mega-Sena du Br\u00e9sil &#8211; derniers chiffres gagnants\"}]},{\"@type\":\"WebSite\",\"@id\":\"https:\/\/onlinelotto365.com\/fr\/#website\",\"url\":\"https:\/\/onlinelotto365.com\/fr\/\",\"name\":\"OnlineLotto365\",\"description\":\"\",\"potentialAction\":[{\"@type\":\"SearchAction\",\"target\":{\"@type\":\"EntryPoint\",\"urlTemplate\":\"https:\/\/onlinelotto365.com\/fr\/?s={search_term_string}\"},\"query-input\":{\"@type\":\"PropertyValueSpecification\",\"valueRequired\":true,\"valueName\":\"search_term_string\"}}],\"inLanguage\":\"fr-FR\"}]}<\/script>\n<!-- \/ Yoast SEO plugin. -->","yoast_head_json":{"title":"Derniers r\u00e9sultats du tirage au sort et prix pour Mega-Sena","description":"Les r\u00e9sultats de Mega-Sena Brazil et de nombreuses autres loteries mondiales se trouvent ici","robots":{"index":"index","follow":"follow","max-snippet":"max-snippet:-1","max-image-preview":"max-image-preview:large","max-video-preview":"max-video-preview:-1"},"canonical":"https:\/\/onlinelotto365.com\/fr\/numeros-gagnants\/mega-sena\/","og_locale":"fr_FR","og_type":"article","og_title":"Derniers r\u00e9sultats du tirage au sort et prix pour Mega-Sena","og_description":"Les r\u00e9sultats de Mega-Sena Brazil et de nombreuses autres loteries mondiales se trouvent ici","og_url":"https:\/\/onlinelotto365.com\/fr\/numeros-gagnants\/mega-sena\/","og_site_name":"OnlineLotto365","article_modified_time":"2020-12-30T08:01:22+00:00","og_image":[{"url":"https:\/\/redfoxlotto.com\/image?size=8&amp;lottery=mega-sena"}],"twitter_card":"summary_large_image","twitter_misc":{"Dur\u00e9e de lecture estim\u00e9e":"2 minutes"},"schema":{"@context":"https:\/\/schema.org","@graph":[{"@type":"WebPage","@id":"https:\/\/onlinelotto365.com\/fr\/numeros-gagnants\/mega-sena\/","url":"https:\/\/onlinelotto365.com\/fr\/numeros-gagnants\/mega-sena\/","name":"Derniers r\u00e9sultats du tirage au sort et prix pour Mega-Sena","isPartOf":{"@id":"https:\/\/onlinelotto365.com\/fr\/#website"},"primaryImageOfPage":{"@id":"https:\/\/onlinelotto365.com\/fr\/numeros-gagnants\/mega-sena\/#primaryimage"},"image":{"@id":"https:\/\/onlinelotto365.com\/fr\/numeros-gagnants\/mega-sena\/#primaryimage"},"thumbnailUrl":"https:\/\/redfoxlotto.com\/image?size=8&amp;lottery=mega-sena","datePublished":"2020-12-08T13:51:11+00:00","dateModified":"2020-12-30T08:01:22+00:00","description":"Les r\u00e9sultats de Mega-Sena Brazil et de nombreuses autres loteries mondiales se trouvent ici","breadcrumb":{"@id":"https:\/\/onlinelotto365.com\/fr\/numeros-gagnants\/mega-sena\/#breadcrumb"},"inLanguage":"fr-FR","potentialAction":[{"@type":"ReadAction","target":["https:\/\/onlinelotto365.com\/fr\/numeros-gagnants\/mega-sena\/"]}]},{"@type":"ImageObject","inLanguage":"fr-FR","@id":"https:\/\/onlinelotto365.com\/fr\/numeros-gagnants\/mega-sena\/#primaryimage","url":"https:\/\/redfoxlotto.com\/image?size=8&amp;lottery=mega-sena","contentUrl":"https:\/\/redfoxlotto.com\/image?size=8&amp;lottery=mega-sena"},{"@type":"BreadcrumbList","@id":"https:\/\/onlinelotto365.com\/fr\/numeros-gagnants\/mega-sena\/#breadcrumb","itemListElement":[{"@type":"ListItem","position":1,"name":"Home","item":"https:\/\/onlinelotto365.com\/fr\/"},{"@type":"ListItem","position":2,"name":"Trouvez les num\u00e9ros gagnants et les r\u00e9sultats des derniers tirages du loto","item":"https:\/\/onlinelotto365.com\/fr\/numeros-gagnants\/"},{"@type":"ListItem","position":3,"name":"Mega-Sena du Br\u00e9sil &#8211; derniers chiffres gagnants"}]},{"@type":"WebSite","@id":"https:\/\/onlinelotto365.com\/fr\/#website","url":"https:\/\/onlinelotto365.com\/fr\/","name":"OnlineLotto365","description":"","potentialAction":[{"@type":"SearchAction","target":{"@type":"EntryPoint","urlTemplate":"https:\/\/onlinelotto365.com\/fr\/?s={search_term_string}"},"query-input":{"@type":"PropertyValueSpecification","valueRequired":true,"valueName":"search_term_string"}}],"inLanguage":"fr-FR"}]}},"_links":{"self":[{"href":"https:\/\/onlinelotto365.com\/fr\/wp-json\/wp\/v2\/pages\/8016","targetHints":{"allow":["GET"]}}],"collection":[{"href":"https:\/\/onlinelotto365.com\/fr\/wp-json\/wp\/v2\/pages"}],"about":[{"href":"https:\/\/onlinelotto365.com\/fr\/wp-json\/wp\/v2\/types\/page"}],"author":[{"embeddable":true,"href":"https:\/\/onlinelotto365.com\/fr\/wp-json\/wp\/v2\/users\/1"}],"replies":[{"embeddable":true,"href":"https:\/\/onlinelotto365.com\/fr\/wp-json\/wp\/v2\/comments?post=8016"}],"version-history":[{"count":0,"href":"https:\/\/onlinelotto365.com\/fr\/wp-json\/wp\/v2\/pages\/8016\/revisions"}],"up":[{"embeddable":true,"href":"https:\/\/onlinelotto365.com\/fr\/wp-json\/wp\/v2\/pages\/3794"}],"wp:attachment":[{"href":"https:\/\/onlinelotto365.com\/fr\/wp-json\/wp\/v2\/media?parent=8016"}],"curies":[{"name":"wp","href":"https:\/\/api.w.org\/{rel}","templated":true}]}}