{"id":80385,"date":"2022-11-17T10:17:53","date_gmt":"2022-11-17T09:17:53","guid":{"rendered":"https:\/\/onlinelotto365.com\/?page_id=80385"},"modified":"2022-11-17T10:17:53","modified_gmt":"2022-11-17T09:17:53","slug":"set-for-life-2","status":"publish","type":"page","link":"https:\/\/onlinelotto365.com\/fr\/acheter-ticquets\/set-for-life-2\/","title":{"rendered":"Comment acheter des billets pour Set for life en ligne"},"content":{"rendered":"<p>Si vous voulez acheter vos billets pour Set for Life maintenant, vous allez devoir savoir comment faire. Si vous vivez en France, c&rsquo;est facile pour vous et vous savez probablement d\u00e9j\u00e0 comment obtenir des tickets. Mais qu&rsquo;en est-il des joueurs de loto d&rsquo;autres pays, comme l&rsquo;Australie ? Eh bien, c&rsquo;est un processus tr\u00e8s simple et nous pouvons vous aider \u00e0 d\u00e9marrer en un rien de temps. Il vous suffit de suivre les \u00e9tapes que nous vous proposons ci-dessous. De l\u00e0, vous pourrez obtenir les billets que vous voulez pour le prochain tirage.<br \/>\n<a href=\"https:\/\/redfoxlotto.com\/play\/set-for-life-uk\/?ref=a8564250a2&amp;medium=ol365\" target=\"_blank\" rel=\"noopener noreferrer\"><img decoding=\"async\" class=\"aligncenter\" src=\"https:\/\/redfoxlotto.com\/image?size=8&amp;lottery=set-for-life-uk\" alt=\"&quot;Set\" \/><\/a><\/p>\n<ul>\n<li>Allez sur la page de la loterie Set for Life, choisissez le nombre de billets que vous voulez et s\u00e9lectionnez les num\u00e9ros que vous voulez pour chacun de ces billets.<\/li>\n<li>Choisissez des billets suppl\u00e9mentaires pour Set for Life ou d&rsquo;autres jeux de loterie pour remplir votre panier.<\/li>\n<li>Choisissez l&rsquo;option de paiement imm\u00e9diat<\/li>\n<li>Suivez les instructions pour vous connecter \u00e0 votre compte ou pour cr\u00e9er un nouveau compte.<\/li>\n<li>Terminez la proc\u00e9dure de v\u00e9rification en vous rendant sur votre compte et en cliquant sur le lien figurant dans votre courrier \u00e9lectronique.<\/li>\n<li>V\u00e9rifiez votre dossier de courrier ind\u00e9sirable si l&rsquo;e-mail n&rsquo;appara\u00eet pas dans votre bo\u00eete de r\u00e9ception pour vous assurer que vous l&rsquo;avez bien re\u00e7u.<\/li>\n<li>Une fois que vous avez v\u00e9rifi\u00e9 votre compte, allez dans le panier d&rsquo;achat sur le site Web.<\/li>\n<li>Choisissez votre mode de paiement pr\u00e9f\u00e9r\u00e9 et proc\u00e9dez au paiement.<\/li>\n<\/ul>\n<h2>Comment payer votre billet Set for life en ligne ?<\/h2>\n<p>Le paiement de vos billets en ligne est non seulement facile, mais aussi totalement s\u00e9curis\u00e9 et vous offre de nombreuses options.<br \/>\nVous pouvez choisir de payer vos billets en<\/p>\n<p>en effectuant un achat direct avec le mode de paiement que vous avez choisi<br \/>\nen pla\u00e7ant de l&rsquo;argent sur votre compte et en l&rsquo;utilisant pour effectuer un achat.<\/p>\n<p>Si vous choisissez de verser de l&rsquo;argent sur votre compte, assurez-vous de mettre un peu plus d&rsquo;argent pour que votre choix de paiement soit accept\u00e9.<\/p>\n<h2>En savoir plus sur Set for life<\/h2>\n<ul>\n<li>Pays : France<\/li>\n<li>S\u00e9rie de num\u00e9ros principaux : 45<\/li>\n<li>Vous choisissez : 5<\/li>\n<li>Gamme de num\u00e9ros suppl\u00e9mentaires : 10<\/li>\n<li>Vous choisissez : 1<\/li>\n<li>Jours et heures de tirage : Lundi, jeudi, 20:00 GMT, 21:00 CET<\/li>\n<li>Jackpot minimum :<\/li>\n<li>Jackpot maximum :<\/li>\n<li>Probabilit\u00e9 de gagner le jackpot : 1 sur 15339390<\/li>\n<li>Probabilit\u00e9 d&rsquo;un gain de niveau 2 : 1 sur 1704377<\/li>\n<li>Probabilit\u00e9 de gagner dans n&rsquo;importe quel niveau : 1 sur 12,4<\/li>\n<li>Nombre de niveaux de prix : 8<\/li>\n<\/ul>\n<h2>Avantages de l&rsquo;achat de billets Set for life en ligne<\/h2>\n<ul>\n<li>Vous ne quittez jamais votre domicile pour acheter vos billets.<\/li>\n<li>Vous n&rsquo;\u00eates pas limit\u00e9 aux loteries australiennes.<\/li>\n<li>Choisissez parmi une gamme de loteries diff\u00e9rentes du monde entier.<\/li>\n<li>Choisissez les jeux offrant les jackpots les plus \u00e9lev\u00e9s pour augmenter vos chances.<\/li>\n<li>Utilisez le solde de votre compte pour acheter les billets que vous voulez.<\/li>\n<li>Gardez la trace de vos billets \u00e0 tout moment<\/li>\n<li>Recevez une notification si votre billet est gagnant<\/li>\n<li>Ne vous souciez pas du choix des billets avec les s\u00e9lections rapides.<\/li>\n<\/ul>\n<h2>Est-il l\u00e9gal d&rsquo;acheter des billets Set for life en ligne ?<\/h2>\n<p>Vous n&rsquo;avez pas \u00e0 vous soucier de la l\u00e9galit\u00e9 de l&rsquo;achat de vos billets en ligne ou de mani\u00e8re traditionnelle. Vous pouvez vous asseoir, vous d\u00e9tendre et nous faire confiance pour suivre toutes les r\u00e9glementations du pays d&rsquo;o\u00f9 proviennent ces jeux. Tout ce que vous avez \u00e0 faire est d&rsquo;acheter un ticket et nous vous garantissons que si vous avez droit \u00e0 un prix, y compris le jackpot, vous l&rsquo;obtiendrez.<br \/>\nVous devez \u00eatre \u00e2g\u00e9 d&rsquo;au moins 18 ans pour pouvoir utiliser notre site Web.<\/p>\n<h2>Comment suis-je pay\u00e9 si je gagne Set for life en ligne ?<\/h2>\n<p>Vous voulez \u00eatre pay\u00e9 jusqu&rsquo;au dernier centime qui vous est d\u00fb lorsque vous gagnez quelque chose et c&rsquo;est exactement ce que nous faisons. Nous veillons \u00e0 ce que vous receviez toujours la totalit\u00e9 de l&rsquo;argent, sans commission ni frais pr\u00e9lev\u00e9s sur vos gains.<br \/>\nLe seul cas o\u00f9 vous devez payer quelque chose est celui o\u00f9 vous d\u00e9cidez d&rsquo;effectuer un virement bancaire. Si la banque nous facture de l&rsquo;argent, ce qui peut arriver avec les transferts internationaux, alors nous d\u00e9biterons votre compte de ces frais. C&rsquo;est la seule raison pour laquelle nous pr\u00e9levons quelque chose sur vos gains.<br \/>\nEt si vous gagnez, vous recevrez votre argent de l&rsquo;une des deux fa\u00e7ons suivantes :<\/p>\n<ul>\n<li>Tout montant inf\u00e9rieur \u00e0 2 500 \u20ac est facile car notre \u00e9quipe d&rsquo;assistance mettra l&rsquo;argent directement sur votre compte pour vous.<\/li>\n<li>Tout montant sup\u00e9rieur \u00e0 2 500 \u20ac sera encore facile pour vous, car notre \u00e9quipe d&rsquo;assistance vous aidera tout au long du processus. Nous vous enverrons le formulaire de demande de remboursement afin que vous le remplissiez et que vous nous indiquiez si vous souhaitez que l&rsquo;argent soit transf\u00e9r\u00e9 sur votre compte bancaire ou envoy\u00e9 sous forme de ch\u00e8que.<\/li>\n<\/ul>\n","protected":false},"excerpt":{"rendered":"<p>Si vous voulez acheter vos billets pour Set for Life maintenant, vous allez devoir savoir comment faire. Si vous vivez en France, c&rsquo;est facile pour vous et vous savez probablement d\u00e9j\u00e0 comment obtenir des tickets. Mais qu&rsquo;en est-il des joueurs de loto d&rsquo;autres pays, comme l&rsquo;Australie ? Eh bien, c&rsquo;est un processus tr\u00e8s simple et [&hellip;]<\/p>\n","protected":false},"author":1,"featured_media":0,"parent":3804,"menu_order":10,"comment_status":"closed","ping_status":"closed","template":"set-for-life-info.php","meta":{"_et_pb_use_builder":"","_et_pb_old_content":"","_et_gb_content_width":"","exclude_from_search":false,"footnotes":""},"class_list":["post-80385","page","type-page","status-publish","hentry"],"yoast_head":"<!-- This site is optimized with the Yoast SEO plugin v23.4 - https:\/\/yoast.com\/wordpress\/plugins\/seo\/ -->\n<title>Achetez des billets pour Set for life en ligne depuis l&#039;Australie | Infos sur la loterie Set for life, comment acheter des billets<\/title>\n<meta name=\"description\" content=\"La loterie Set for Life peut \u00eatre gagn\u00e9e depuis l&#039;Australie - achetez des billets en ligne ici\" \/>\n<meta name=\"robots\" content=\"index, follow, max-snippet:-1, max-image-preview:large, max-video-preview:-1\" \/>\n<link rel=\"canonical\" href=\"https:\/\/onlinelotto365.com\/fr\/acheter-ticquets\/set-for-life-2\/\" \/>\n<meta property=\"og:locale\" content=\"fr_FR\" \/>\n<meta property=\"og:type\" content=\"article\" \/>\n<meta property=\"og:title\" content=\"Achetez des billets pour Set for life en ligne depuis l&#039;Australie | Infos sur la loterie Set for life, comment acheter des billets\" \/>\n<meta property=\"og:description\" content=\"La loterie Set for Life peut \u00eatre gagn\u00e9e depuis l&#039;Australie - achetez des billets en ligne ici\" \/>\n<meta property=\"og:url\" content=\"https:\/\/onlinelotto365.com\/fr\/acheter-ticquets\/set-for-life-2\/\" \/>\n<meta property=\"og:site_name\" content=\"OnlineLotto365\" \/>\n<meta property=\"og:image\" content=\"https:\/\/redfoxlotto.com\/image?size=8&amp;lottery=set-for-life-uk\" \/>\n<meta name=\"twitter:card\" content=\"summary_large_image\" \/>\n<meta name=\"twitter:label1\" content=\"Dur\u00e9e de lecture estim\u00e9e\" \/>\n\t<meta name=\"twitter:data1\" content=\"4 minutes\" \/>\n<script type=\"application\/ld+json\" class=\"yoast-schema-graph\">{\"@context\":\"https:\/\/schema.org\",\"@graph\":[{\"@type\":\"WebPage\",\"@id\":\"https:\/\/onlinelotto365.com\/fr\/acheter-ticquets\/set-for-life-2\/\",\"url\":\"https:\/\/onlinelotto365.com\/fr\/acheter-ticquets\/set-for-life-2\/\",\"name\":\"Achetez des billets pour Set for life en ligne depuis l'Australie | Infos sur la loterie Set for life, comment acheter des billets\",\"isPartOf\":{\"@id\":\"https:\/\/onlinelotto365.com\/fr\/#website\"},\"primaryImageOfPage\":{\"@id\":\"https:\/\/onlinelotto365.com\/fr\/acheter-ticquets\/set-for-life-2\/#primaryimage\"},\"image\":{\"@id\":\"https:\/\/onlinelotto365.com\/fr\/acheter-ticquets\/set-for-life-2\/#primaryimage\"},\"thumbnailUrl\":\"https:\/\/redfoxlotto.com\/image?size=8&amp;lottery=set-for-life-uk\",\"datePublished\":\"2022-11-17T09:17:53+00:00\",\"dateModified\":\"2022-11-17T09:17:53+00:00\",\"description\":\"La loterie Set for Life peut \u00eatre gagn\u00e9e depuis l'Australie - achetez des billets en ligne ici\",\"breadcrumb\":{\"@id\":\"https:\/\/onlinelotto365.com\/fr\/acheter-ticquets\/set-for-life-2\/#breadcrumb\"},\"inLanguage\":\"fr-FR\",\"potentialAction\":[{\"@type\":\"ReadAction\",\"target\":[\"https:\/\/onlinelotto365.com\/fr\/acheter-ticquets\/set-for-life-2\/\"]}]},{\"@type\":\"ImageObject\",\"inLanguage\":\"fr-FR\",\"@id\":\"https:\/\/onlinelotto365.com\/fr\/acheter-ticquets\/set-for-life-2\/#primaryimage\",\"url\":\"https:\/\/redfoxlotto.com\/image?size=8&amp;lottery=set-for-life-uk\",\"contentUrl\":\"https:\/\/redfoxlotto.com\/image?size=8&amp;lottery=set-for-life-uk\"},{\"@type\":\"BreadcrumbList\",\"@id\":\"https:\/\/onlinelotto365.com\/fr\/acheter-ticquets\/set-for-life-2\/#breadcrumb\",\"itemListElement\":[{\"@type\":\"ListItem\",\"position\":1,\"name\":\"Home\",\"item\":\"https:\/\/onlinelotto365.com\/fr\/\"},{\"@type\":\"ListItem\",\"position\":2,\"name\":\"Pourquoi il est plus logique d&rsquo;acheter des billets de loterie en ligne\",\"item\":\"https:\/\/onlinelotto365.com\/fr\/acheter-ticquets\/\"},{\"@type\":\"ListItem\",\"position\":3,\"name\":\"Comment acheter des billets pour Set for life en ligne\"}]},{\"@type\":\"WebSite\",\"@id\":\"https:\/\/onlinelotto365.com\/fr\/#website\",\"url\":\"https:\/\/onlinelotto365.com\/fr\/\",\"name\":\"OnlineLotto365\",\"description\":\"\",\"potentialAction\":[{\"@type\":\"SearchAction\",\"target\":{\"@type\":\"EntryPoint\",\"urlTemplate\":\"https:\/\/onlinelotto365.com\/fr\/?s={search_term_string}\"},\"query-input\":{\"@type\":\"PropertyValueSpecification\",\"valueRequired\":true,\"valueName\":\"search_term_string\"}}],\"inLanguage\":\"fr-FR\"}]}<\/script>\n<!-- \/ Yoast SEO plugin. -->","yoast_head_json":{"title":"Achetez des billets pour Set for life en ligne depuis l'Australie | Infos sur la loterie Set for life, comment acheter des billets","description":"La loterie Set for Life peut \u00eatre gagn\u00e9e depuis l'Australie - achetez des billets en ligne ici","robots":{"index":"index","follow":"follow","max-snippet":"max-snippet:-1","max-image-preview":"max-image-preview:large","max-video-preview":"max-video-preview:-1"},"canonical":"https:\/\/onlinelotto365.com\/fr\/acheter-ticquets\/set-for-life-2\/","og_locale":"fr_FR","og_type":"article","og_title":"Achetez des billets pour Set for life en ligne depuis l'Australie | Infos sur la loterie Set for life, comment acheter des billets","og_description":"La loterie Set for Life peut \u00eatre gagn\u00e9e depuis l'Australie - achetez des billets en ligne ici","og_url":"https:\/\/onlinelotto365.com\/fr\/acheter-ticquets\/set-for-life-2\/","og_site_name":"OnlineLotto365","og_image":[{"url":"https:\/\/redfoxlotto.com\/image?size=8&amp;lottery=set-for-life-uk"}],"twitter_card":"summary_large_image","twitter_misc":{"Dur\u00e9e de lecture estim\u00e9e":"4 minutes"},"schema":{"@context":"https:\/\/schema.org","@graph":[{"@type":"WebPage","@id":"https:\/\/onlinelotto365.com\/fr\/acheter-ticquets\/set-for-life-2\/","url":"https:\/\/onlinelotto365.com\/fr\/acheter-ticquets\/set-for-life-2\/","name":"Achetez des billets pour Set for life en ligne depuis l'Australie | Infos sur la loterie Set for life, comment acheter des billets","isPartOf":{"@id":"https:\/\/onlinelotto365.com\/fr\/#website"},"primaryImageOfPage":{"@id":"https:\/\/onlinelotto365.com\/fr\/acheter-ticquets\/set-for-life-2\/#primaryimage"},"image":{"@id":"https:\/\/onlinelotto365.com\/fr\/acheter-ticquets\/set-for-life-2\/#primaryimage"},"thumbnailUrl":"https:\/\/redfoxlotto.com\/image?size=8&amp;lottery=set-for-life-uk","datePublished":"2022-11-17T09:17:53+00:00","dateModified":"2022-11-17T09:17:53+00:00","description":"La loterie Set for Life peut \u00eatre gagn\u00e9e depuis l'Australie - achetez des billets en ligne ici","breadcrumb":{"@id":"https:\/\/onlinelotto365.com\/fr\/acheter-ticquets\/set-for-life-2\/#breadcrumb"},"inLanguage":"fr-FR","potentialAction":[{"@type":"ReadAction","target":["https:\/\/onlinelotto365.com\/fr\/acheter-ticquets\/set-for-life-2\/"]}]},{"@type":"ImageObject","inLanguage":"fr-FR","@id":"https:\/\/onlinelotto365.com\/fr\/acheter-ticquets\/set-for-life-2\/#primaryimage","url":"https:\/\/redfoxlotto.com\/image?size=8&amp;lottery=set-for-life-uk","contentUrl":"https:\/\/redfoxlotto.com\/image?size=8&amp;lottery=set-for-life-uk"},{"@type":"BreadcrumbList","@id":"https:\/\/onlinelotto365.com\/fr\/acheter-ticquets\/set-for-life-2\/#breadcrumb","itemListElement":[{"@type":"ListItem","position":1,"name":"Home","item":"https:\/\/onlinelotto365.com\/fr\/"},{"@type":"ListItem","position":2,"name":"Pourquoi il est plus logique d&rsquo;acheter des billets de loterie en ligne","item":"https:\/\/onlinelotto365.com\/fr\/acheter-ticquets\/"},{"@type":"ListItem","position":3,"name":"Comment acheter des billets pour Set for life en ligne"}]},{"@type":"WebSite","@id":"https:\/\/onlinelotto365.com\/fr\/#website","url":"https:\/\/onlinelotto365.com\/fr\/","name":"OnlineLotto365","description":"","potentialAction":[{"@type":"SearchAction","target":{"@type":"EntryPoint","urlTemplate":"https:\/\/onlinelotto365.com\/fr\/?s={search_term_string}"},"query-input":{"@type":"PropertyValueSpecification","valueRequired":true,"valueName":"search_term_string"}}],"inLanguage":"fr-FR"}]}},"_links":{"self":[{"href":"https:\/\/onlinelotto365.com\/fr\/wp-json\/wp\/v2\/pages\/80385","targetHints":{"allow":["GET"]}}],"collection":[{"href":"https:\/\/onlinelotto365.com\/fr\/wp-json\/wp\/v2\/pages"}],"about":[{"href":"https:\/\/onlinelotto365.com\/fr\/wp-json\/wp\/v2\/types\/page"}],"author":[{"embeddable":true,"href":"https:\/\/onlinelotto365.com\/fr\/wp-json\/wp\/v2\/users\/1"}],"replies":[{"embeddable":true,"href":"https:\/\/onlinelotto365.com\/fr\/wp-json\/wp\/v2\/comments?post=80385"}],"version-history":[{"count":0,"href":"https:\/\/onlinelotto365.com\/fr\/wp-json\/wp\/v2\/pages\/80385\/revisions"}],"up":[{"embeddable":true,"href":"https:\/\/onlinelotto365.com\/fr\/wp-json\/wp\/v2\/pages\/3804"}],"wp:attachment":[{"href":"https:\/\/onlinelotto365.com\/fr\/wp-json\/wp\/v2\/media?parent=80385"}],"curies":[{"name":"wp","href":"https:\/\/api.w.org\/{rel}","templated":true}]}}