{"id":8040,"date":"2020-12-08T14:54:55","date_gmt":"2020-12-08T13:54:55","guid":{"rendered":"http:\/\/onlinelotto365.net\/?page_id=8040"},"modified":"2020-12-30T09:01:48","modified_gmt":"2020-12-30T08:01:48","slug":"powerball-australia","status":"publish","type":"page","link":"https:\/\/onlinelotto365.com\/fr\/numeros-gagnants\/powerball-australia\/","title":{"rendered":"Powerball Australia &#8211; derniers chiffres gagnants et r\u00e9sultats pr\u00e9c\u00e9dents"},"content":{"rendered":"<p>Avec les loteries internationales, vous pouvez essayer de v\u00e9rifier les r\u00e9sultats dans le journal, mais il est <strong>peu probable que vous trouviez les num\u00e9ros gagnants de Powerball Australia dans votre journal local<\/strong>. Il se peut \u00e9galement que vous ne les trouviez sur aucune de vos cha\u00eenes de t\u00e9l\u00e9vision locales. Si vous le faites, il vous faudra du temps et des efforts pour trouver la bonne cha\u00eene.<\/p>\n<p>Une autre possibilit\u00e9 consiste \u00e0 consulter le site web de Powerball Australia pour voir s&rsquo;ils proposent une option de dessin en direct. Si c&rsquo;est le cas, vous pourrez peut-\u00eatre regarder et profiter pleinement du plaisir de voir vos num\u00e9ros tir\u00e9s en direct. Mais tous les jeux ne proposent pas cette option et vous risquez de passer \u00e0 c\u00f4t\u00e9 de l&rsquo;exp\u00e9rience.<br \/>\nVous pouvez \u00e9galement regarder sur YouTube s&rsquo;il existe un <a href=\"https:\/\/onlinelotto365.com\/fr\/news\/lotto-en-direct\">enregistrement<\/a> du tirage au sort en direct de Powerball Australia. Cela pourrait \u00eatre un bon moyen de trouver les r\u00e9sultats apr\u00e8s le tirage au sort.<br \/>\n<a href=\"https:\/\/redfoxlotto.com\/fr\/jouer\/powerball-au\/?ref=a8564250a2&amp;medium=ol365\" target=\"_blank\" rel=\"noopener noreferrer\"><img decoding=\"async\" class=\"aligncenter\" src=\"https:\/\/redfoxlotto.com\/image?size=8&amp;lottery=powerball-au\" alt=\"Powerball Australia\" \/><\/a><\/p>\n<p>Cependant, la meilleure fa\u00e7on de trouver les r\u00e9sultats de la Powerball Australia est de consulter notre site web. Vous pourrez y trouver les r\u00e9sultats de ce jeu et de tout autre jeu que nous avons \u00e0 disposition, vous n&rsquo;aurez donc pas \u00e0 vous inqui\u00e9ter de manquer quoi que ce soit.<\/p>\n<h2>Comment savoir si votre billet en ligne a gagn\u00e9<\/h2>\n<p>Et si vous avez d\u00e9j\u00e0 achet\u00e9 vos propres billets pour le Powerball Australia ? Dans ce cas, il est encore plus facile pour vous de v\u00e9rifier les num\u00e9ros gagnants. Au lieu de consulter la page habituelle des r\u00e9sultats de la loterie, vous pouvez consulter la page des billets sur votre compte. Cela vous permettra de voir les num\u00e9ros gagnants par rapport aux v\u00f4tres, ce qui sera encore mieux pour vos besoins.<\/p>\n<p>Vous pouvez rechercher dans votre billet tous les num\u00e9ros qui sont mis en \u00e9vidence, ce qui signifie qu&rsquo;ils correspondent aux num\u00e9ros gagnants. Vous pouvez alors voir combien vous avez gagn\u00e9. Et s&rsquo;il est inf\u00e9rieur \u00e0 2 500 euros, il sera cr\u00e9dit\u00e9 sur votre compte comme cela.<\/p>\n<h2>Archives des r\u00e9sultats de Powerball Australia<\/h2>\n<p>Sur notre site web, nous vous facilitons la t\u00e2che pour v\u00e9rifier non seulement les <a href=\"https:\/\/onlinelotto365.com\/fr\/numeros-gagnants\">num\u00e9ros de loterie actuels<\/a> de Powerball Australia et autres, mais aussi les anciens num\u00e9ros. L&rsquo;une des fa\u00e7ons les plus populaires de choisir ses num\u00e9ros consiste \u00e0 regarder les anciens. Nous veillons donc \u00e0 ce que vous puissiez trouver ces num\u00e9ros sur n&rsquo;importe quelle page o\u00f9 nous proposons les num\u00e9ros gagnants actuels.<\/p>\n<h2>Mon billet a gagn\u00e9, que se passe-t-il ensuite ?<\/h2>\n<p>Si votre billet est gagnant, il vous suffit de vous asseoir et de nous laisser vous aider \u00e0 obtenir l&rsquo;argent auquel vous avez droit. Si vous avez gagn\u00e9 moins de 2 500 \u20ac, nous le cr\u00e9diterons sur votre compte de joueur d\u00e8s que les r\u00e9sultats seront v\u00e9rifi\u00e9s. Vous pourrez alors retirer l&rsquo;argent tant qu&rsquo;il y aura 10 \u20ac sur votre compte.<\/p>\n","protected":false},"excerpt":{"rendered":"<p>Avec les loteries internationales, vous pouvez essayer de v\u00e9rifier les r\u00e9sultats dans le journal, mais il est peu probable que vous trouviez les num\u00e9ros gagnants de Powerball Australia dans votre journal local. Il se peut \u00e9galement que vous ne les trouviez sur aucune de vos cha\u00eenes de t\u00e9l\u00e9vision locales. Si vous le faites, il vous [&hellip;]<\/p>\n","protected":false},"author":1,"featured_media":0,"parent":3794,"menu_order":13,"comment_status":"closed","ping_status":"closed","template":"powerball-au-results.php","meta":{"_et_pb_use_builder":"","_et_pb_old_content":"","_et_gb_content_width":"","exclude_from_search":false,"footnotes":""},"class_list":["post-8040","page","type-page","status-publish","hentry"],"yoast_head":"<!-- This site is optimized with the Yoast SEO plugin v23.4 - https:\/\/yoast.com\/wordpress\/plugins\/seo\/ -->\n<title>Derniers r\u00e9sultats du tirage au sort et num\u00e9ros gagnants de Powerball Australia<\/title>\n<meta name=\"description\" content=\"Nous publions les num\u00e9ros gagnants de Powerball Australia juste apr\u00e8s le tirage\" \/>\n<meta name=\"robots\" content=\"index, follow, max-snippet:-1, max-image-preview:large, max-video-preview:-1\" \/>\n<link rel=\"canonical\" href=\"https:\/\/onlinelotto365.com\/fr\/numeros-gagnants\/powerball-australia\/\" \/>\n<meta property=\"og:locale\" content=\"fr_FR\" \/>\n<meta property=\"og:type\" content=\"article\" \/>\n<meta property=\"og:title\" content=\"Derniers r\u00e9sultats du tirage au sort et num\u00e9ros gagnants de Powerball Australia\" \/>\n<meta property=\"og:description\" content=\"Nous publions les num\u00e9ros gagnants de Powerball Australia juste apr\u00e8s le tirage\" \/>\n<meta property=\"og:url\" content=\"https:\/\/onlinelotto365.com\/fr\/numeros-gagnants\/powerball-australia\/\" \/>\n<meta property=\"og:site_name\" content=\"OnlineLotto365\" \/>\n<meta property=\"article:modified_time\" content=\"2020-12-30T08:01:48+00:00\" \/>\n<meta property=\"og:image\" content=\"https:\/\/redfoxlotto.com\/image?size=8&amp;lottery=powerball-au\" \/>\n<meta name=\"twitter:card\" content=\"summary_large_image\" \/>\n<meta name=\"twitter:label1\" content=\"Dur\u00e9e de lecture estim\u00e9e\" \/>\n\t<meta name=\"twitter:data1\" content=\"3 minutes\" \/>\n<script type=\"application\/ld+json\" class=\"yoast-schema-graph\">{\"@context\":\"https:\/\/schema.org\",\"@graph\":[{\"@type\":\"WebPage\",\"@id\":\"https:\/\/onlinelotto365.com\/fr\/numeros-gagnants\/powerball-australia\/\",\"url\":\"https:\/\/onlinelotto365.com\/fr\/numeros-gagnants\/powerball-australia\/\",\"name\":\"Derniers r\u00e9sultats du tirage au sort et num\u00e9ros gagnants de Powerball Australia\",\"isPartOf\":{\"@id\":\"https:\/\/onlinelotto365.com\/fr\/#website\"},\"primaryImageOfPage\":{\"@id\":\"https:\/\/onlinelotto365.com\/fr\/numeros-gagnants\/powerball-australia\/#primaryimage\"},\"image\":{\"@id\":\"https:\/\/onlinelotto365.com\/fr\/numeros-gagnants\/powerball-australia\/#primaryimage\"},\"thumbnailUrl\":\"https:\/\/redfoxlotto.com\/image?size=8&amp;lottery=powerball-au\",\"datePublished\":\"2020-12-08T13:54:55+00:00\",\"dateModified\":\"2020-12-30T08:01:48+00:00\",\"description\":\"Nous publions les num\u00e9ros gagnants de Powerball Australia juste apr\u00e8s le tirage\",\"breadcrumb\":{\"@id\":\"https:\/\/onlinelotto365.com\/fr\/numeros-gagnants\/powerball-australia\/#breadcrumb\"},\"inLanguage\":\"fr-FR\",\"potentialAction\":[{\"@type\":\"ReadAction\",\"target\":[\"https:\/\/onlinelotto365.com\/fr\/numeros-gagnants\/powerball-australia\/\"]}]},{\"@type\":\"ImageObject\",\"inLanguage\":\"fr-FR\",\"@id\":\"https:\/\/onlinelotto365.com\/fr\/numeros-gagnants\/powerball-australia\/#primaryimage\",\"url\":\"https:\/\/redfoxlotto.com\/image?size=8&amp;lottery=powerball-au\",\"contentUrl\":\"https:\/\/redfoxlotto.com\/image?size=8&amp;lottery=powerball-au\"},{\"@type\":\"BreadcrumbList\",\"@id\":\"https:\/\/onlinelotto365.com\/fr\/numeros-gagnants\/powerball-australia\/#breadcrumb\",\"itemListElement\":[{\"@type\":\"ListItem\",\"position\":1,\"name\":\"Home\",\"item\":\"https:\/\/onlinelotto365.com\/fr\/\"},{\"@type\":\"ListItem\",\"position\":2,\"name\":\"Trouvez les num\u00e9ros gagnants et les r\u00e9sultats des derniers tirages du loto\",\"item\":\"https:\/\/onlinelotto365.com\/fr\/numeros-gagnants\/\"},{\"@type\":\"ListItem\",\"position\":3,\"name\":\"Powerball Australia &#8211; derniers chiffres gagnants et r\u00e9sultats pr\u00e9c\u00e9dents\"}]},{\"@type\":\"WebSite\",\"@id\":\"https:\/\/onlinelotto365.com\/fr\/#website\",\"url\":\"https:\/\/onlinelotto365.com\/fr\/\",\"name\":\"OnlineLotto365\",\"description\":\"\",\"potentialAction\":[{\"@type\":\"SearchAction\",\"target\":{\"@type\":\"EntryPoint\",\"urlTemplate\":\"https:\/\/onlinelotto365.com\/fr\/?s={search_term_string}\"},\"query-input\":{\"@type\":\"PropertyValueSpecification\",\"valueRequired\":true,\"valueName\":\"search_term_string\"}}],\"inLanguage\":\"fr-FR\"}]}<\/script>\n<!-- \/ Yoast SEO plugin. -->","yoast_head_json":{"title":"Derniers r\u00e9sultats du tirage au sort et num\u00e9ros gagnants de Powerball Australia","description":"Nous publions les num\u00e9ros gagnants de Powerball Australia juste apr\u00e8s le tirage","robots":{"index":"index","follow":"follow","max-snippet":"max-snippet:-1","max-image-preview":"max-image-preview:large","max-video-preview":"max-video-preview:-1"},"canonical":"https:\/\/onlinelotto365.com\/fr\/numeros-gagnants\/powerball-australia\/","og_locale":"fr_FR","og_type":"article","og_title":"Derniers r\u00e9sultats du tirage au sort et num\u00e9ros gagnants de Powerball Australia","og_description":"Nous publions les num\u00e9ros gagnants de Powerball Australia juste apr\u00e8s le tirage","og_url":"https:\/\/onlinelotto365.com\/fr\/numeros-gagnants\/powerball-australia\/","og_site_name":"OnlineLotto365","article_modified_time":"2020-12-30T08:01:48+00:00","og_image":[{"url":"https:\/\/redfoxlotto.com\/image?size=8&amp;lottery=powerball-au"}],"twitter_card":"summary_large_image","twitter_misc":{"Dur\u00e9e de lecture estim\u00e9e":"3 minutes"},"schema":{"@context":"https:\/\/schema.org","@graph":[{"@type":"WebPage","@id":"https:\/\/onlinelotto365.com\/fr\/numeros-gagnants\/powerball-australia\/","url":"https:\/\/onlinelotto365.com\/fr\/numeros-gagnants\/powerball-australia\/","name":"Derniers r\u00e9sultats du tirage au sort et num\u00e9ros gagnants de Powerball Australia","isPartOf":{"@id":"https:\/\/onlinelotto365.com\/fr\/#website"},"primaryImageOfPage":{"@id":"https:\/\/onlinelotto365.com\/fr\/numeros-gagnants\/powerball-australia\/#primaryimage"},"image":{"@id":"https:\/\/onlinelotto365.com\/fr\/numeros-gagnants\/powerball-australia\/#primaryimage"},"thumbnailUrl":"https:\/\/redfoxlotto.com\/image?size=8&amp;lottery=powerball-au","datePublished":"2020-12-08T13:54:55+00:00","dateModified":"2020-12-30T08:01:48+00:00","description":"Nous publions les num\u00e9ros gagnants de Powerball Australia juste apr\u00e8s le tirage","breadcrumb":{"@id":"https:\/\/onlinelotto365.com\/fr\/numeros-gagnants\/powerball-australia\/#breadcrumb"},"inLanguage":"fr-FR","potentialAction":[{"@type":"ReadAction","target":["https:\/\/onlinelotto365.com\/fr\/numeros-gagnants\/powerball-australia\/"]}]},{"@type":"ImageObject","inLanguage":"fr-FR","@id":"https:\/\/onlinelotto365.com\/fr\/numeros-gagnants\/powerball-australia\/#primaryimage","url":"https:\/\/redfoxlotto.com\/image?size=8&amp;lottery=powerball-au","contentUrl":"https:\/\/redfoxlotto.com\/image?size=8&amp;lottery=powerball-au"},{"@type":"BreadcrumbList","@id":"https:\/\/onlinelotto365.com\/fr\/numeros-gagnants\/powerball-australia\/#breadcrumb","itemListElement":[{"@type":"ListItem","position":1,"name":"Home","item":"https:\/\/onlinelotto365.com\/fr\/"},{"@type":"ListItem","position":2,"name":"Trouvez les num\u00e9ros gagnants et les r\u00e9sultats des derniers tirages du loto","item":"https:\/\/onlinelotto365.com\/fr\/numeros-gagnants\/"},{"@type":"ListItem","position":3,"name":"Powerball Australia &#8211; derniers chiffres gagnants et r\u00e9sultats pr\u00e9c\u00e9dents"}]},{"@type":"WebSite","@id":"https:\/\/onlinelotto365.com\/fr\/#website","url":"https:\/\/onlinelotto365.com\/fr\/","name":"OnlineLotto365","description":"","potentialAction":[{"@type":"SearchAction","target":{"@type":"EntryPoint","urlTemplate":"https:\/\/onlinelotto365.com\/fr\/?s={search_term_string}"},"query-input":{"@type":"PropertyValueSpecification","valueRequired":true,"valueName":"search_term_string"}}],"inLanguage":"fr-FR"}]}},"_links":{"self":[{"href":"https:\/\/onlinelotto365.com\/fr\/wp-json\/wp\/v2\/pages\/8040","targetHints":{"allow":["GET"]}}],"collection":[{"href":"https:\/\/onlinelotto365.com\/fr\/wp-json\/wp\/v2\/pages"}],"about":[{"href":"https:\/\/onlinelotto365.com\/fr\/wp-json\/wp\/v2\/types\/page"}],"author":[{"embeddable":true,"href":"https:\/\/onlinelotto365.com\/fr\/wp-json\/wp\/v2\/users\/1"}],"replies":[{"embeddable":true,"href":"https:\/\/onlinelotto365.com\/fr\/wp-json\/wp\/v2\/comments?post=8040"}],"version-history":[{"count":0,"href":"https:\/\/onlinelotto365.com\/fr\/wp-json\/wp\/v2\/pages\/8040\/revisions"}],"up":[{"embeddable":true,"href":"https:\/\/onlinelotto365.com\/fr\/wp-json\/wp\/v2\/pages\/3794"}],"wp:attachment":[{"href":"https:\/\/onlinelotto365.com\/fr\/wp-json\/wp\/v2\/media?parent=8040"}],"curies":[{"name":"wp","href":"https:\/\/api.w.org\/{rel}","templated":true}]}}