{"id":8068,"date":"2020-12-08T14:57:54","date_gmt":"2020-12-08T13:57:54","guid":{"rendered":"http:\/\/onlinelotto365.net\/?page_id=8068"},"modified":"2021-01-02T16:34:14","modified_gmt":"2021-01-02T15:34:14","slug":"oz-lotto","status":"publish","type":"page","link":"https:\/\/onlinelotto365.com\/fr\/numeros-gagnants\/oz-lotto\/","title":{"rendered":"Les num\u00e9ros gagnants du loto Oz"},"content":{"rendered":"<p>De nombreuses options de loterie internationale sont disponibles sur notre site web et lorsque vous jouez \u00e0 ces jeux, vous voulez \u00eatre s\u00fbr de pouvoir v\u00e9rifier les num\u00e9ros gagnants. L&rsquo;un des moyens est le journal, mais il <strong>peut \u00eatre difficile de trouver les r\u00e9sultats du Lotto Oz dans le journal<\/strong>. Une autre option est la t\u00e9l\u00e9vision, mais trouver la bonne cha\u00eene pour regarder le tirage ou voir les r\u00e9sultats peut aussi \u00eatre une situation difficile pour la plupart des gens.<\/p>\n<p>Ensuite, vous pouvez consulter le site officiel du Lotto Oz et voir si vous pouvez y obtenir les r\u00e9sultats. Certains jeux vous permettront de regarder le dessin en direct sur leur site web. Mais n&rsquo;oubliez pas que cela n&rsquo;est pas possible avec tous les jeux de loto et que vous risquez de vous retrouver sans cette possibilit\u00e9.<\/p>\n<p>Une fois le tirage effectu\u00e9, vous pouvez parfois faire une recherche sur YouTube pour trouver les <strong>r\u00e9sultats du dernier tirage du Lotto Oz<\/strong>. Ces r\u00e9sultats ne sont pas toujours disponibles non plus, mais il arrive que quelqu&rsquo;un publie une vid\u00e9o du dessin en direct ou des num\u00e9ros.<br \/>\n<a href=\"https:\/\/redfoxlotto.com\/fr\/jouer\/oz-lotto\/?ref=a8564250a2&amp;medium=ol365\" target=\"_blank\" rel=\"noopener noreferrer\"><img decoding=\"async\" class=\"aligncenter\" src=\"https:\/\/redfoxlotto.com\/image?size=8&amp;lottery=oz-lotto\" alt=\"Oz Lotto\" \/><\/a><\/p>\n<p>Toutefois, si vous souhaitez obtenir les derniers num\u00e9ros gagnants, la meilleure chose \u00e0 faire est de consulter notre site web et notre page de r\u00e9sultats du loto. C&rsquo;est l\u00e0 que nous mettons les r\u00e9sultats de <a href=\"https:\/\/onlinelotto365.com\/fr\/acheter-ticquets\">chaque jeu de loterie que vous pouvez acheter sur notre site web<\/a>, afin que vous sachiez o\u00f9 chercher.<\/p>\n<h2>Comment savoir si votre billet en ligne a gagn\u00e9<img loading=\"lazy\" decoding=\"async\" class=\"alignright wp-image-3624\" src=\"https:\/\/onlinelotto365.com\/wp-content\/uploads\/2020\/11\/online_lottery-74-200x300.jpg\" alt=\"oz lotto winning numbers\" width=\"123\" height=\"185\" srcset=\"https:\/\/onlinelotto365.com\/wp-content\/uploads\/2020\/11\/online_lottery-74-200x300.jpg 200w, https:\/\/onlinelotto365.com\/wp-content\/uploads\/2020\/11\/online_lottery-74.jpg 320w\" sizes=\"auto, (max-width: 123px) 100vw, 123px\" \/><\/h2>\n<p>Pour ceux qui ont achet\u00e9 des billets pour l&rsquo;un des jeux que nous proposons, vous pouvez vous connecter \u00e0 votre compte et aller sur la page o\u00f9 sont stock\u00e9s vos billets. Cette page vous donnera toutes les informations dont vous avez besoin. Vous pourrez voir vos billets de loto ainsi que les num\u00e9ros gagnants.<br \/>\nSi vous avez la chance d&rsquo;avoir des num\u00e9ros identiques, vous verrez \u00e9galement les num\u00e9ros identiques en surbrillance sur votre \u00e9cran. Vous pouvez \u00e9galement v\u00e9rifier le nombre de num\u00e9ros correspondants et le prix que vous avez gagn\u00e9. S&rsquo;il est inf\u00e9rieur \u00e0 2 500 \u20ac, vous pouvez consulter votre compte et le retrouver directement dans votre compte de joueur d\u00e8s que les r\u00e9sultats sont v\u00e9rifi\u00e9s.<\/p>\n<h2>Archives des r\u00e9sultats du Lotto Oz<\/h2>\n<p>Pour ceux qui souhaitent consulter les anciens num\u00e9ros du Lotto Oz ou d&rsquo;<a href=\"http:\/\/onlinelotto365.com\">autres jeux de loterie<\/a>, vous pouvez facilement trouver les archives li\u00e9es \u00e0 n&rsquo;importe quelle page o\u00f9 sont affich\u00e9s les num\u00e9ros actuels. Cela vous permet de trouver plus facilement les num\u00e9ros que vous recherchez pour vous aider \u00e0 faire de nouveaux choix.<\/p>\n<h2>Mon billet a gagn\u00e9, que se passe-t-il ensuite ?<\/h2>\n<p>Nous avons d\u00e9j\u00e0 parl\u00e9 de la fa\u00e7on dont vous pouvez gagner si votre billet correspond aux num\u00e9ros gagnants, mais regardons aussi de plus pr\u00e8s. Si votre billet vaut moins de 2 500 \u20ac, l&rsquo;argent sera automatiquement ajout\u00e9 \u00e0 votre compte d\u00e8s que les num\u00e9ros gagnants auront \u00e9t\u00e9 v\u00e9rifi\u00e9s.<\/p>\n<p>Ensuite, si vous avez au moins 10 euros sur votre compte, vous pouvez retirer cet argent en utilisant n&rsquo;importe quel moyen de paiement que vous avez d\u00e9j\u00e0 utilis\u00e9 sur votre compte. Il vous suffit de remplir quelques formulaires pour v\u00e9rifier votre identit\u00e9 et votre argent sera sur votre compte en un rien de temps. Vous pouvez aussi le laisser l\u00e0 o\u00f9 il se trouve et l&rsquo;utiliser pour acheter d&rsquo;autres billets plus tard.<\/p>\n","protected":false},"excerpt":{"rendered":"<p>De nombreuses options de loterie internationale sont disponibles sur notre site web et lorsque vous jouez \u00e0 ces jeux, vous voulez \u00eatre s\u00fbr de pouvoir v\u00e9rifier les num\u00e9ros gagnants. L&rsquo;un des moyens est le journal, mais il peut \u00eatre difficile de trouver les r\u00e9sultats du Lotto Oz dans le journal. Une autre option est la [&hellip;]<\/p>\n","protected":false},"author":1,"featured_media":0,"parent":3794,"menu_order":14,"comment_status":"closed","ping_status":"closed","template":"template-rightsidebar.php","meta":{"_et_pb_use_builder":"","_et_pb_old_content":"","_et_gb_content_width":"","exclude_from_search":false,"footnotes":""},"class_list":["post-8068","page","type-page","status-publish","hentry"],"yoast_head":"<!-- This site is optimized with the Yoast SEO plugin v23.4 - https:\/\/yoast.com\/wordpress\/plugins\/seo\/ -->\n<title>R\u00e9sultats du tirage du loto Oz et prix<\/title>\n<meta name=\"description\" content=\"Vous cherchez les r\u00e9sultats du tirage du Lotto Oz ? Voici les num\u00e9ros gagnants\" \/>\n<meta name=\"robots\" content=\"index, follow, max-snippet:-1, max-image-preview:large, max-video-preview:-1\" \/>\n<link rel=\"canonical\" href=\"https:\/\/onlinelotto365.com\/fr\/numeros-gagnants\/oz-lotto\/\" \/>\n<meta property=\"og:locale\" content=\"fr_FR\" \/>\n<meta property=\"og:type\" content=\"article\" \/>\n<meta property=\"og:title\" content=\"R\u00e9sultats du tirage du loto Oz et prix\" \/>\n<meta property=\"og:description\" content=\"Vous cherchez les r\u00e9sultats du tirage du Lotto Oz ? Voici les num\u00e9ros gagnants\" \/>\n<meta property=\"og:url\" content=\"https:\/\/onlinelotto365.com\/fr\/numeros-gagnants\/oz-lotto\/\" \/>\n<meta property=\"og:site_name\" content=\"OnlineLotto365\" \/>\n<meta property=\"article:modified_time\" content=\"2021-01-02T15:34:14+00:00\" \/>\n<meta property=\"og:image\" content=\"https:\/\/redfoxlotto.com\/image?size=8&amp;lottery=oz-lotto\" \/>\n<meta name=\"twitter:card\" content=\"summary_large_image\" \/>\n<meta name=\"twitter:label1\" content=\"Dur\u00e9e de lecture estim\u00e9e\" \/>\n\t<meta name=\"twitter:data1\" content=\"3 minutes\" \/>\n<script type=\"application\/ld+json\" class=\"yoast-schema-graph\">{\"@context\":\"https:\/\/schema.org\",\"@graph\":[{\"@type\":\"WebPage\",\"@id\":\"https:\/\/onlinelotto365.com\/fr\/numeros-gagnants\/oz-lotto\/\",\"url\":\"https:\/\/onlinelotto365.com\/fr\/numeros-gagnants\/oz-lotto\/\",\"name\":\"R\u00e9sultats du tirage du loto Oz et prix\",\"isPartOf\":{\"@id\":\"https:\/\/onlinelotto365.com\/fr\/#website\"},\"primaryImageOfPage\":{\"@id\":\"https:\/\/onlinelotto365.com\/fr\/numeros-gagnants\/oz-lotto\/#primaryimage\"},\"image\":{\"@id\":\"https:\/\/onlinelotto365.com\/fr\/numeros-gagnants\/oz-lotto\/#primaryimage\"},\"thumbnailUrl\":\"https:\/\/redfoxlotto.com\/image?size=8&amp;lottery=oz-lotto\",\"datePublished\":\"2020-12-08T13:57:54+00:00\",\"dateModified\":\"2021-01-02T15:34:14+00:00\",\"description\":\"Vous cherchez les r\u00e9sultats du tirage du Lotto Oz ? Voici les num\u00e9ros gagnants\",\"breadcrumb\":{\"@id\":\"https:\/\/onlinelotto365.com\/fr\/numeros-gagnants\/oz-lotto\/#breadcrumb\"},\"inLanguage\":\"fr-FR\",\"potentialAction\":[{\"@type\":\"ReadAction\",\"target\":[\"https:\/\/onlinelotto365.com\/fr\/numeros-gagnants\/oz-lotto\/\"]}]},{\"@type\":\"ImageObject\",\"inLanguage\":\"fr-FR\",\"@id\":\"https:\/\/onlinelotto365.com\/fr\/numeros-gagnants\/oz-lotto\/#primaryimage\",\"url\":\"https:\/\/redfoxlotto.com\/image?size=8&amp;lottery=oz-lotto\",\"contentUrl\":\"https:\/\/redfoxlotto.com\/image?size=8&amp;lottery=oz-lotto\"},{\"@type\":\"BreadcrumbList\",\"@id\":\"https:\/\/onlinelotto365.com\/fr\/numeros-gagnants\/oz-lotto\/#breadcrumb\",\"itemListElement\":[{\"@type\":\"ListItem\",\"position\":1,\"name\":\"Home\",\"item\":\"https:\/\/onlinelotto365.com\/fr\/\"},{\"@type\":\"ListItem\",\"position\":2,\"name\":\"Trouvez les num\u00e9ros gagnants et les r\u00e9sultats des derniers tirages du loto\",\"item\":\"https:\/\/onlinelotto365.com\/fr\/numeros-gagnants\/\"},{\"@type\":\"ListItem\",\"position\":3,\"name\":\"Les num\u00e9ros gagnants du loto Oz\"}]},{\"@type\":\"WebSite\",\"@id\":\"https:\/\/onlinelotto365.com\/fr\/#website\",\"url\":\"https:\/\/onlinelotto365.com\/fr\/\",\"name\":\"OnlineLotto365\",\"description\":\"\",\"potentialAction\":[{\"@type\":\"SearchAction\",\"target\":{\"@type\":\"EntryPoint\",\"urlTemplate\":\"https:\/\/onlinelotto365.com\/fr\/?s={search_term_string}\"},\"query-input\":{\"@type\":\"PropertyValueSpecification\",\"valueRequired\":true,\"valueName\":\"search_term_string\"}}],\"inLanguage\":\"fr-FR\"}]}<\/script>\n<!-- \/ Yoast SEO plugin. -->","yoast_head_json":{"title":"R\u00e9sultats du tirage du loto Oz et prix","description":"Vous cherchez les r\u00e9sultats du tirage du Lotto Oz ? Voici les num\u00e9ros gagnants","robots":{"index":"index","follow":"follow","max-snippet":"max-snippet:-1","max-image-preview":"max-image-preview:large","max-video-preview":"max-video-preview:-1"},"canonical":"https:\/\/onlinelotto365.com\/fr\/numeros-gagnants\/oz-lotto\/","og_locale":"fr_FR","og_type":"article","og_title":"R\u00e9sultats du tirage du loto Oz et prix","og_description":"Vous cherchez les r\u00e9sultats du tirage du Lotto Oz ? Voici les num\u00e9ros gagnants","og_url":"https:\/\/onlinelotto365.com\/fr\/numeros-gagnants\/oz-lotto\/","og_site_name":"OnlineLotto365","article_modified_time":"2021-01-02T15:34:14+00:00","og_image":[{"url":"https:\/\/redfoxlotto.com\/image?size=8&amp;lottery=oz-lotto"}],"twitter_card":"summary_large_image","twitter_misc":{"Dur\u00e9e de lecture estim\u00e9e":"3 minutes"},"schema":{"@context":"https:\/\/schema.org","@graph":[{"@type":"WebPage","@id":"https:\/\/onlinelotto365.com\/fr\/numeros-gagnants\/oz-lotto\/","url":"https:\/\/onlinelotto365.com\/fr\/numeros-gagnants\/oz-lotto\/","name":"R\u00e9sultats du tirage du loto Oz et prix","isPartOf":{"@id":"https:\/\/onlinelotto365.com\/fr\/#website"},"primaryImageOfPage":{"@id":"https:\/\/onlinelotto365.com\/fr\/numeros-gagnants\/oz-lotto\/#primaryimage"},"image":{"@id":"https:\/\/onlinelotto365.com\/fr\/numeros-gagnants\/oz-lotto\/#primaryimage"},"thumbnailUrl":"https:\/\/redfoxlotto.com\/image?size=8&amp;lottery=oz-lotto","datePublished":"2020-12-08T13:57:54+00:00","dateModified":"2021-01-02T15:34:14+00:00","description":"Vous cherchez les r\u00e9sultats du tirage du Lotto Oz ? Voici les num\u00e9ros gagnants","breadcrumb":{"@id":"https:\/\/onlinelotto365.com\/fr\/numeros-gagnants\/oz-lotto\/#breadcrumb"},"inLanguage":"fr-FR","potentialAction":[{"@type":"ReadAction","target":["https:\/\/onlinelotto365.com\/fr\/numeros-gagnants\/oz-lotto\/"]}]},{"@type":"ImageObject","inLanguage":"fr-FR","@id":"https:\/\/onlinelotto365.com\/fr\/numeros-gagnants\/oz-lotto\/#primaryimage","url":"https:\/\/redfoxlotto.com\/image?size=8&amp;lottery=oz-lotto","contentUrl":"https:\/\/redfoxlotto.com\/image?size=8&amp;lottery=oz-lotto"},{"@type":"BreadcrumbList","@id":"https:\/\/onlinelotto365.com\/fr\/numeros-gagnants\/oz-lotto\/#breadcrumb","itemListElement":[{"@type":"ListItem","position":1,"name":"Home","item":"https:\/\/onlinelotto365.com\/fr\/"},{"@type":"ListItem","position":2,"name":"Trouvez les num\u00e9ros gagnants et les r\u00e9sultats des derniers tirages du loto","item":"https:\/\/onlinelotto365.com\/fr\/numeros-gagnants\/"},{"@type":"ListItem","position":3,"name":"Les num\u00e9ros gagnants du loto Oz"}]},{"@type":"WebSite","@id":"https:\/\/onlinelotto365.com\/fr\/#website","url":"https:\/\/onlinelotto365.com\/fr\/","name":"OnlineLotto365","description":"","potentialAction":[{"@type":"SearchAction","target":{"@type":"EntryPoint","urlTemplate":"https:\/\/onlinelotto365.com\/fr\/?s={search_term_string}"},"query-input":{"@type":"PropertyValueSpecification","valueRequired":true,"valueName":"search_term_string"}}],"inLanguage":"fr-FR"}]}},"_links":{"self":[{"href":"https:\/\/onlinelotto365.com\/fr\/wp-json\/wp\/v2\/pages\/8068","targetHints":{"allow":["GET"]}}],"collection":[{"href":"https:\/\/onlinelotto365.com\/fr\/wp-json\/wp\/v2\/pages"}],"about":[{"href":"https:\/\/onlinelotto365.com\/fr\/wp-json\/wp\/v2\/types\/page"}],"author":[{"embeddable":true,"href":"https:\/\/onlinelotto365.com\/fr\/wp-json\/wp\/v2\/users\/1"}],"replies":[{"embeddable":true,"href":"https:\/\/onlinelotto365.com\/fr\/wp-json\/wp\/v2\/comments?post=8068"}],"version-history":[{"count":0,"href":"https:\/\/onlinelotto365.com\/fr\/wp-json\/wp\/v2\/pages\/8068\/revisions"}],"up":[{"embeddable":true,"href":"https:\/\/onlinelotto365.com\/fr\/wp-json\/wp\/v2\/pages\/3794"}],"wp:attachment":[{"href":"https:\/\/onlinelotto365.com\/fr\/wp-json\/wp\/v2\/media?parent=8068"}],"curies":[{"name":"wp","href":"https:\/\/api.w.org\/{rel}","templated":true}]}}