{"id":8101,"date":"2020-12-08T15:00:37","date_gmt":"2020-12-08T14:00:37","guid":{"rendered":"http:\/\/onlinelotto365.net\/?page_id=8101"},"modified":"2021-01-06T11:36:10","modified_gmt":"2021-01-06T10:36:10","slug":"saturday-lotto-australia","status":"publish","type":"page","link":"https:\/\/onlinelotto365.com\/fr\/numeros-gagnants\/saturday-lotto-australia\/","title":{"rendered":"V\u00e9rifiez les num\u00e9ros gagnants et les montants pour le Saturday Lotto Australia"},"content":{"rendered":"<p>De nombreux <a href=\"http:\/\/onlinelotto365.com\/fr\">jeux internationaux diff\u00e9rents sont disponibles sur notre site web<\/a> et nous savons que vous voulez pouvoir <strong>obtenir les num\u00e9ros gagnants le plus rapidement possible<\/strong>. Le journal n&rsquo;est g\u00e9n\u00e9ralement pas un <strong>bon endroit pour trouver les num\u00e9ros gagnants du Saturday Lotto Australia<\/strong>. Il n&rsquo;est pas non plus tr\u00e8s bon de regarder les cha\u00eenes de t\u00e9l\u00e9vision et d&rsquo;esp\u00e9rer trouver le bon num\u00e9ro pour ce jeu. Alors, o\u00f9 allez-vous pour obtenir vos r\u00e9sultats ?<\/p>\n<p>Le site web de la loterie est un endroit \u00e0 consulter. Certains jeux de loterie proposent des diffusions en direct de leurs dessins, mais le Saturday Lotto Australia n&rsquo;en fait peut-\u00eatre pas partie. Vous devez consulter le site web pour en \u00eatre s\u00fbr, puis vous assurer que vous regardez au bon moment s&rsquo;ils proposent le tirage en direct.<br \/>\nEnfin, si le dessin a d\u00e9j\u00e0 \u00e9t\u00e9 r\u00e9alis\u00e9, vous pouvez <strong>faire une recherche sur YouTube<\/strong> pour trouver les r\u00e9sultats que quelqu&rsquo;un a d\u00e9j\u00e0 publi\u00e9s. Il se peut qu&rsquo;il ait une vid\u00e9o du dessin en direct \u00e0 faire passer.<br \/>\n<a href=\"https:\/\/redfoxlotto.com\/fr\/jouer\/saturday-lotto-au\/?ref=a8564250a2&amp;medium=ol365\" target=\"_blank\" rel=\"noopener noreferrer\"><img decoding=\"async\" class=\"aligncenter\" src=\"https:\/\/redfoxlotto.com\/image?size=8&amp;lottery=saturday-lotto-au\" alt=\"Saturday Lotto Australia\" \/><\/a><\/p>\n<p>Toutefois, le moyen le plus simple pour obtenir les r\u00e9sultats que vous recherchez est de retourner directement sur notre site web. C&rsquo;est l\u00e0 que vous trouverez tous les num\u00e9ros du Saturday Lotto Australia ainsi que ceux de tous les autres jeux auxquels vous souhaitez participer. Les <a href=\"https:\/\/onlinelotto365.com\/fr\/numeros-gagnants\">num\u00e9ros sont disponibles sur notre page de r\u00e9sultats de loterie<\/a> et sont faciles \u00e0 trouver.<\/p>\n<h2>Comment savoir si votre billet en ligne a gagn\u00e9<\/h2>\n<p><img loading=\"lazy\" decoding=\"async\" class=\"alignright wp-image-3649\" src=\"https:\/\/onlinelotto365.com\/wp-content\/uploads\/2020\/11\/online_lottery-90-300x225.jpg\" alt=\"winning numbers saturday lotto australia\" width=\"207\" height=\"155\" srcset=\"https:\/\/onlinelotto365.com\/wp-content\/uploads\/2020\/11\/online_lottery-90-300x225.jpg 300w, https:\/\/onlinelotto365.com\/wp-content\/uploads\/2020\/11\/online_lottery-90.jpg 320w\" sizes=\"auto, (max-width: 207px) 100vw, 207px\" \/> Toute personne ayant d\u00e9j\u00e0 <a href=\"https:\/\/onlinelotto365.com\/fr\/acheter-ticquets\">achet\u00e9 des billets<\/a> pour le Saturday Lotto Australia sur notre site web aura encore plus de facilit\u00e9 car il suffit d&rsquo;acc\u00e9der \u00e0 son compte. Connectez-vous et consultez la page o\u00f9 sont stock\u00e9s vos billets. Vous y trouverez non seulement les num\u00e9ros de vos billets, mais aussi les num\u00e9ros gagnants de tous les jeux auxquels vous avez jou\u00e9.<\/p>\n<p>De l\u00e0, vous pouvez chercher des allumettes, que nous marquerons pour vous dans diff\u00e9rentes couleurs. Ainsi, vous pouvez voir combien vous avez gagn\u00e9 et vous pouvez voir o\u00f9 se trouve l&rsquo;argent sur votre compte. S&rsquo;il est inf\u00e9rieur \u00e0 2 500 euros, nous le pla\u00e7ons d\u00e9j\u00e0 directement sur le compte pour vous, vous n&rsquo;avez donc rien \u00e0 faire.<\/p>\n<h2>Archives des r\u00e9sultats du Saturday Lotto Australia<\/h2>\n<p>Pour ceux qui veulent rechercher des num\u00e9ros plus anciens pour le Saturday Lotto Australia, vous n&rsquo;avez pas \u00e0 vous soucier de quoi que ce soit. Nous nous assurons que les archives sont faciles \u00e0 trouver en les joignant \u00e0 toute page o\u00f9 nous indiquons les r\u00e9sultats actuels du loto. Ainsi, vous pouvez v\u00e9rifier tous les num\u00e9ros que vous voulez, m\u00eame ceux qui datent d&rsquo;il y a longtemps.<\/p>\n<h2>Mon billet a gagn\u00e9, que se passe-t-il ensuite ?<\/h2>\n<p>Nous avons d\u00e9j\u00e0 parl\u00e9 des gains que vous pouvez tirer de vos billets de loterie. Si ces gains sont inf\u00e9rieurs \u00e0 2 500 euros, vous ne devez rien faire pour les r\u00e9clamer. Nous verserons imm\u00e9diatement l&rsquo;argent sur votre compte de joueur. Si les gains sont sup\u00e9rieurs \u00e0 2 500 \u20ac, nous vous aiderons \u00e0 les r\u00e9clamer.<\/p>\n<p>N&rsquo;oubliez pas non plus que vous pouvez retirer de l&rsquo;argent de votre compte \u00e0 condition qu&rsquo;il y ait au moins 10 euros. Il vous suffit de choisir un mode de paiement que vous avez d\u00e9j\u00e0 utilis\u00e9 sur le compte et de remplir quelques formulaires de v\u00e9rification pour notre processeur de paiement.<\/p>\n","protected":false},"excerpt":{"rendered":"<p>De nombreux jeux internationaux diff\u00e9rents sont disponibles sur notre site web et nous savons que vous voulez pouvoir obtenir les num\u00e9ros gagnants le plus rapidement possible. Le journal n&rsquo;est g\u00e9n\u00e9ralement pas un bon endroit pour trouver les num\u00e9ros gagnants du Saturday Lotto Australia. Il n&rsquo;est pas non plus tr\u00e8s bon de regarder les cha\u00eenes de [&hellip;]<\/p>\n","protected":false},"author":1,"featured_media":0,"parent":3794,"menu_order":15,"comment_status":"closed","ping_status":"closed","template":"saturday-lotto-results.php","meta":{"_et_pb_use_builder":"","_et_pb_old_content":"","_et_gb_content_width":"","exclude_from_search":false,"footnotes":""},"class_list":["post-8101","page","type-page","status-publish","hentry"],"yoast_head":"<!-- This site is optimized with the Yoast SEO plugin v23.4 - https:\/\/yoast.com\/wordpress\/plugins\/seo\/ -->\n<title>V\u00e9rifiez les num\u00e9ros gagnants et les montants pour le Saturday Lotto Australia<\/title>\n<meta name=\"description\" content=\"R\u00e9sultats du tirage, num\u00e9ros gagnants du loto du samedi en Australie, et archives des r\u00e9sultats\" \/>\n<meta name=\"robots\" content=\"index, follow, max-snippet:-1, max-image-preview:large, max-video-preview:-1\" \/>\n<link rel=\"canonical\" href=\"https:\/\/onlinelotto365.com\/fr\/numeros-gagnants\/saturday-lotto-australia\/\" \/>\n<meta property=\"og:locale\" content=\"fr_FR\" \/>\n<meta property=\"og:type\" content=\"article\" \/>\n<meta property=\"og:title\" content=\"V\u00e9rifiez les num\u00e9ros gagnants et les montants pour le Saturday Lotto Australia\" \/>\n<meta property=\"og:description\" content=\"R\u00e9sultats du tirage, num\u00e9ros gagnants du loto du samedi en Australie, et archives des r\u00e9sultats\" \/>\n<meta property=\"og:url\" content=\"https:\/\/onlinelotto365.com\/fr\/numeros-gagnants\/saturday-lotto-australia\/\" \/>\n<meta property=\"og:site_name\" content=\"OnlineLotto365\" \/>\n<meta property=\"article:modified_time\" content=\"2021-01-06T10:36:10+00:00\" \/>\n<meta property=\"og:image\" content=\"https:\/\/redfoxlotto.com\/image?size=8&amp;lottery=saturday-lotto-au\" \/>\n<meta name=\"twitter:card\" content=\"summary_large_image\" \/>\n<meta name=\"twitter:label1\" content=\"Dur\u00e9e de lecture estim\u00e9e\" \/>\n\t<meta name=\"twitter:data1\" content=\"3 minutes\" \/>\n<script type=\"application\/ld+json\" class=\"yoast-schema-graph\">{\"@context\":\"https:\/\/schema.org\",\"@graph\":[{\"@type\":\"WebPage\",\"@id\":\"https:\/\/onlinelotto365.com\/fr\/numeros-gagnants\/saturday-lotto-australia\/\",\"url\":\"https:\/\/onlinelotto365.com\/fr\/numeros-gagnants\/saturday-lotto-australia\/\",\"name\":\"V\u00e9rifiez les num\u00e9ros gagnants et les montants pour le Saturday Lotto Australia\",\"isPartOf\":{\"@id\":\"https:\/\/onlinelotto365.com\/fr\/#website\"},\"primaryImageOfPage\":{\"@id\":\"https:\/\/onlinelotto365.com\/fr\/numeros-gagnants\/saturday-lotto-australia\/#primaryimage\"},\"image\":{\"@id\":\"https:\/\/onlinelotto365.com\/fr\/numeros-gagnants\/saturday-lotto-australia\/#primaryimage\"},\"thumbnailUrl\":\"https:\/\/redfoxlotto.com\/image?size=8&amp;lottery=saturday-lotto-au\",\"datePublished\":\"2020-12-08T14:00:37+00:00\",\"dateModified\":\"2021-01-06T10:36:10+00:00\",\"description\":\"R\u00e9sultats du tirage, num\u00e9ros gagnants du loto du samedi en Australie, et archives des r\u00e9sultats\",\"breadcrumb\":{\"@id\":\"https:\/\/onlinelotto365.com\/fr\/numeros-gagnants\/saturday-lotto-australia\/#breadcrumb\"},\"inLanguage\":\"fr-FR\",\"potentialAction\":[{\"@type\":\"ReadAction\",\"target\":[\"https:\/\/onlinelotto365.com\/fr\/numeros-gagnants\/saturday-lotto-australia\/\"]}]},{\"@type\":\"ImageObject\",\"inLanguage\":\"fr-FR\",\"@id\":\"https:\/\/onlinelotto365.com\/fr\/numeros-gagnants\/saturday-lotto-australia\/#primaryimage\",\"url\":\"https:\/\/redfoxlotto.com\/image?size=8&amp;lottery=saturday-lotto-au\",\"contentUrl\":\"https:\/\/redfoxlotto.com\/image?size=8&amp;lottery=saturday-lotto-au\"},{\"@type\":\"BreadcrumbList\",\"@id\":\"https:\/\/onlinelotto365.com\/fr\/numeros-gagnants\/saturday-lotto-australia\/#breadcrumb\",\"itemListElement\":[{\"@type\":\"ListItem\",\"position\":1,\"name\":\"Home\",\"item\":\"https:\/\/onlinelotto365.com\/fr\/\"},{\"@type\":\"ListItem\",\"position\":2,\"name\":\"Trouvez les num\u00e9ros gagnants et les r\u00e9sultats des derniers tirages du loto\",\"item\":\"https:\/\/onlinelotto365.com\/fr\/numeros-gagnants\/\"},{\"@type\":\"ListItem\",\"position\":3,\"name\":\"V\u00e9rifiez les num\u00e9ros gagnants et les montants pour le Saturday Lotto Australia\"}]},{\"@type\":\"WebSite\",\"@id\":\"https:\/\/onlinelotto365.com\/fr\/#website\",\"url\":\"https:\/\/onlinelotto365.com\/fr\/\",\"name\":\"OnlineLotto365\",\"description\":\"\",\"potentialAction\":[{\"@type\":\"SearchAction\",\"target\":{\"@type\":\"EntryPoint\",\"urlTemplate\":\"https:\/\/onlinelotto365.com\/fr\/?s={search_term_string}\"},\"query-input\":{\"@type\":\"PropertyValueSpecification\",\"valueRequired\":true,\"valueName\":\"search_term_string\"}}],\"inLanguage\":\"fr-FR\"}]}<\/script>\n<!-- \/ Yoast SEO plugin. -->","yoast_head_json":{"title":"V\u00e9rifiez les num\u00e9ros gagnants et les montants pour le Saturday Lotto Australia","description":"R\u00e9sultats du tirage, num\u00e9ros gagnants du loto du samedi en Australie, et archives des r\u00e9sultats","robots":{"index":"index","follow":"follow","max-snippet":"max-snippet:-1","max-image-preview":"max-image-preview:large","max-video-preview":"max-video-preview:-1"},"canonical":"https:\/\/onlinelotto365.com\/fr\/numeros-gagnants\/saturday-lotto-australia\/","og_locale":"fr_FR","og_type":"article","og_title":"V\u00e9rifiez les num\u00e9ros gagnants et les montants pour le Saturday Lotto Australia","og_description":"R\u00e9sultats du tirage, num\u00e9ros gagnants du loto du samedi en Australie, et archives des r\u00e9sultats","og_url":"https:\/\/onlinelotto365.com\/fr\/numeros-gagnants\/saturday-lotto-australia\/","og_site_name":"OnlineLotto365","article_modified_time":"2021-01-06T10:36:10+00:00","og_image":[{"url":"https:\/\/redfoxlotto.com\/image?size=8&amp;lottery=saturday-lotto-au"}],"twitter_card":"summary_large_image","twitter_misc":{"Dur\u00e9e de lecture estim\u00e9e":"3 minutes"},"schema":{"@context":"https:\/\/schema.org","@graph":[{"@type":"WebPage","@id":"https:\/\/onlinelotto365.com\/fr\/numeros-gagnants\/saturday-lotto-australia\/","url":"https:\/\/onlinelotto365.com\/fr\/numeros-gagnants\/saturday-lotto-australia\/","name":"V\u00e9rifiez les num\u00e9ros gagnants et les montants pour le Saturday Lotto Australia","isPartOf":{"@id":"https:\/\/onlinelotto365.com\/fr\/#website"},"primaryImageOfPage":{"@id":"https:\/\/onlinelotto365.com\/fr\/numeros-gagnants\/saturday-lotto-australia\/#primaryimage"},"image":{"@id":"https:\/\/onlinelotto365.com\/fr\/numeros-gagnants\/saturday-lotto-australia\/#primaryimage"},"thumbnailUrl":"https:\/\/redfoxlotto.com\/image?size=8&amp;lottery=saturday-lotto-au","datePublished":"2020-12-08T14:00:37+00:00","dateModified":"2021-01-06T10:36:10+00:00","description":"R\u00e9sultats du tirage, num\u00e9ros gagnants du loto du samedi en Australie, et archives des r\u00e9sultats","breadcrumb":{"@id":"https:\/\/onlinelotto365.com\/fr\/numeros-gagnants\/saturday-lotto-australia\/#breadcrumb"},"inLanguage":"fr-FR","potentialAction":[{"@type":"ReadAction","target":["https:\/\/onlinelotto365.com\/fr\/numeros-gagnants\/saturday-lotto-australia\/"]}]},{"@type":"ImageObject","inLanguage":"fr-FR","@id":"https:\/\/onlinelotto365.com\/fr\/numeros-gagnants\/saturday-lotto-australia\/#primaryimage","url":"https:\/\/redfoxlotto.com\/image?size=8&amp;lottery=saturday-lotto-au","contentUrl":"https:\/\/redfoxlotto.com\/image?size=8&amp;lottery=saturday-lotto-au"},{"@type":"BreadcrumbList","@id":"https:\/\/onlinelotto365.com\/fr\/numeros-gagnants\/saturday-lotto-australia\/#breadcrumb","itemListElement":[{"@type":"ListItem","position":1,"name":"Home","item":"https:\/\/onlinelotto365.com\/fr\/"},{"@type":"ListItem","position":2,"name":"Trouvez les num\u00e9ros gagnants et les r\u00e9sultats des derniers tirages du loto","item":"https:\/\/onlinelotto365.com\/fr\/numeros-gagnants\/"},{"@type":"ListItem","position":3,"name":"V\u00e9rifiez les num\u00e9ros gagnants et les montants pour le Saturday Lotto Australia"}]},{"@type":"WebSite","@id":"https:\/\/onlinelotto365.com\/fr\/#website","url":"https:\/\/onlinelotto365.com\/fr\/","name":"OnlineLotto365","description":"","potentialAction":[{"@type":"SearchAction","target":{"@type":"EntryPoint","urlTemplate":"https:\/\/onlinelotto365.com\/fr\/?s={search_term_string}"},"query-input":{"@type":"PropertyValueSpecification","valueRequired":true,"valueName":"search_term_string"}}],"inLanguage":"fr-FR"}]}},"_links":{"self":[{"href":"https:\/\/onlinelotto365.com\/fr\/wp-json\/wp\/v2\/pages\/8101","targetHints":{"allow":["GET"]}}],"collection":[{"href":"https:\/\/onlinelotto365.com\/fr\/wp-json\/wp\/v2\/pages"}],"about":[{"href":"https:\/\/onlinelotto365.com\/fr\/wp-json\/wp\/v2\/types\/page"}],"author":[{"embeddable":true,"href":"https:\/\/onlinelotto365.com\/fr\/wp-json\/wp\/v2\/users\/1"}],"replies":[{"embeddable":true,"href":"https:\/\/onlinelotto365.com\/fr\/wp-json\/wp\/v2\/comments?post=8101"}],"version-history":[{"count":0,"href":"https:\/\/onlinelotto365.com\/fr\/wp-json\/wp\/v2\/pages\/8101\/revisions"}],"up":[{"embeddable":true,"href":"https:\/\/onlinelotto365.com\/fr\/wp-json\/wp\/v2\/pages\/3794"}],"wp:attachment":[{"href":"https:\/\/onlinelotto365.com\/fr\/wp-json\/wp\/v2\/media?parent=8101"}],"curies":[{"name":"wp","href":"https:\/\/api.w.org\/{rel}","templated":true}]}}