{"id":8128,"date":"2020-12-08T15:03:33","date_gmt":"2020-12-08T14:03:33","guid":{"rendered":"http:\/\/onlinelotto365.net\/?page_id=8128"},"modified":"2020-12-30T09:02:54","modified_gmt":"2020-12-30T08:02:54","slug":"mon-wed-lotto","status":"publish","type":"page","link":"https:\/\/onlinelotto365.com\/fr\/numeros-gagnants\/mon-wed-lotto\/","title":{"rendered":"Tous les r\u00e9sultats du Loto du lundi et du mercredi en Australie"},"content":{"rendered":"<p>Il existe une multitude de jeux internationaux diff\u00e9rents auxquels vous pouvez participer lorsqu&rsquo;il s&rsquo;agit de la loterie. Et vous voulez pouvoir obtenir les r\u00e9sultats le plus rapidement possible. Une fa\u00e7on d&rsquo;y parvenir est de chercher un journal qui propose les <strong>num\u00e9ros gagnants du Mon &amp; Wed Lotto Australia<\/strong>. Mais ceux-ci peuvent \u00eatre difficiles \u00e0 trouver. Une autre option est la t\u00e9l\u00e9vision, mais ces cha\u00eenes peuvent aussi \u00eatre difficiles \u00e0 trouver. Et si vous ne voulez pas faire beaucoup de recherches ?<\/p>\n<p>Consultez le site web de Mon &amp; Wed Lotto Australia pour voir s&rsquo;ils proposent des dessins en direct. Les dessins en direct pour n&rsquo;importe quel jeu peuvent \u00eatre tr\u00e8s amusants car ils vous donnent beaucoup d&rsquo;excitation instantan\u00e9e pendant que vous regardez. Mais tous les jeux ne proposent pas ce type de dessins. Vous devez vous assurer que le Mon &amp; Wed Lotto est l&rsquo;un d&rsquo;entre eux qui le propose.<\/p>\n<p>Ensuite, vous pouvez choisir de consulter YouTube pour voir si les r\u00e9sultats s&rsquo;y trouvent. Vous serez peut-\u00eatre surpris de voir comment certaines personnes publient les r\u00e9sultats des dessins ou m\u00eame des vid\u00e9os en direct des dessins pour \u00e0 peu pr\u00e8s n&rsquo;importe quel jeu.<br \/>\n<a href=\"https:\/\/redfoxlotto.com\/fr\/jouer\/monday-wednesday-lotto-au\/?ref=a8564250a2&amp;medium=ol365\" target=\"_blank\" rel=\"noopener noreferrer\"><img decoding=\"async\" class=\"aligncenter\" src=\"https:\/\/redfoxlotto.com\/image?size=8&amp;lottery=monday-wednesday-lotto-au\" alt=\"Mon &amp; Wed Lotto Australia\" \/><\/a><\/p>\n<p>Toutefois, la solution la plus simple pour vous est de consulter notre site web. Nous vous proposons tous les num\u00e9ros gagnants et les montants des prix pour chaque jeu que vous pouvez acheter sur notre site web. Il vous sera ainsi beaucoup plus facile d&rsquo;obtenir des r\u00e9sultats en un seul endroit et aussi rapidement que vous le souhaitez.<\/p>\n<h2>Comment savoir si votre billet en ligne a gagn\u00e9<\/h2>\n<p><img loading=\"lazy\" decoding=\"async\" class=\"alignright wp-image-3542\" src=\"https:\/\/onlinelotto365.com\/wp-content\/uploads\/2020\/11\/online_lottery-154-300x200.jpg\" alt=\"Mon &amp; Wed Lotto winning numbers\" width=\"197\" height=\"131\" srcset=\"https:\/\/onlinelotto365.com\/wp-content\/uploads\/2020\/11\/online_lottery-154-300x200.jpg 300w, https:\/\/onlinelotto365.com\/wp-content\/uploads\/2020\/11\/online_lottery-154.jpg 320w\" sizes=\"auto, (max-width: 197px) 100vw, 197px\" \/> La meilleure nouvelle est que si vous avez achet\u00e9 un billet pour le Mon &amp; Wed Lotto Australia avec nous, vous pouvez aller <strong>directement sur votre compte de joueur pour obtenir les r\u00e9sultats<\/strong>. Vous y trouverez les tickets que vous avez achet\u00e9s ainsi que les num\u00e9ros gagnants pour les jeux auxquels vous avez choisi de jouer.<\/p>\n<p>Vous pourrez voir les num\u00e9ros que vous avez choisis et qui correspondent aux num\u00e9ros tir\u00e9s et tout argent gagn\u00e9 qui est inf\u00e9rieur \u00e0 2 500 euros sera automatiquement ajout\u00e9 \u00e0 votre compte. Quoi de plus simple que cela ?<\/p>\n<h2>Archives des r\u00e9sultats du Loto australien du lundi et du mercredi<\/h2>\n<p>Toutes les pages de notre site web qui pr\u00e9sentent les derniers r\u00e9sultats du Loto australien du lundi et du mercredi vous montreront \u00e9galement des num\u00e9ros plus anciens que vous souhaiterez peut-\u00eatre consulter. Ces r\u00e9sultats peuvent vous aider \u00e0 choisir les num\u00e9ros que vous voulez jouer la prochaine fois que vous achetez un billet.<\/p>\n<h2>Mon billet a gagn\u00e9, que se passe-t-il ensuite ?<\/h2>\n<p>Si vous avez gagn\u00e9 avec votre billet, il vous suffit de v\u00e9rifier la somme \u00e0 laquelle vous avez droit. S&rsquo;il est inf\u00e9rieur \u00e0 2 500 euros, nous nous chargeons de le faire confirmer et de l&rsquo;inscrire sur votre compte d\u00e8s que possible. Ensuite, si vous avez au moins 10 euros sur votre compte, vous pouvez les retirer par tout moyen de paiement que vous avez utilis\u00e9 pr\u00e9c\u00e9demment avec votre compte. Il vous suffit de vous occuper de quelques documents qui permettront \u00e0 notre processeur de paiement de savoir qui vous \u00eates et que vous avez droit \u00e0 l&rsquo;argent. Si vous disposez de moins de 10 euros ou si vous choisissez de laisser l&rsquo;argent sur votre compte, vous pouvez l&rsquo;<a href=\"https:\/\/onlinelotto365.com\/fr\/acheter-ticquets\">utiliser pour acheter d&rsquo;autres billets <\/a><\/p>\n","protected":false},"excerpt":{"rendered":"<p>Il existe une multitude de jeux internationaux diff\u00e9rents auxquels vous pouvez participer lorsqu&rsquo;il s&rsquo;agit de la loterie. Et vous voulez pouvoir obtenir les r\u00e9sultats le plus rapidement possible. Une fa\u00e7on d&rsquo;y parvenir est de chercher un journal qui propose les num\u00e9ros gagnants du Mon &amp; Wed Lotto Australia. Mais ceux-ci peuvent \u00eatre difficiles \u00e0 trouver. [&hellip;]<\/p>\n","protected":false},"author":1,"featured_media":0,"parent":3794,"menu_order":16,"comment_status":"closed","ping_status":"closed","template":"template-rightsidebar.php","meta":{"_et_pb_use_builder":"","_et_pb_old_content":"","_et_gb_content_width":"","exclude_from_search":false,"footnotes":""},"class_list":["post-8128","page","type-page","status-publish","hentry"],"yoast_head":"<!-- This site is optimized with the Yoast SEO plugin v23.4 - https:\/\/yoast.com\/wordpress\/plugins\/seo\/ -->\n<title>Les num\u00e9ros gagnants du Loto australien du lundi et du mercredi<\/title>\n<meta name=\"description\" content=\"Notre site vous propose les derniers num\u00e9ros gagnants et les montants gagn\u00e9s au loto du lundi et du mercredi\" \/>\n<meta name=\"robots\" content=\"index, follow, max-snippet:-1, max-image-preview:large, max-video-preview:-1\" \/>\n<link rel=\"canonical\" href=\"https:\/\/onlinelotto365.com\/fr\/numeros-gagnants\/mon-wed-lotto\/\" \/>\n<meta property=\"og:locale\" content=\"fr_FR\" \/>\n<meta property=\"og:type\" content=\"article\" \/>\n<meta property=\"og:title\" content=\"Les num\u00e9ros gagnants du Loto australien du lundi et du mercredi\" \/>\n<meta property=\"og:description\" content=\"Notre site vous propose les derniers num\u00e9ros gagnants et les montants gagn\u00e9s au loto du lundi et du mercredi\" \/>\n<meta property=\"og:url\" content=\"https:\/\/onlinelotto365.com\/fr\/numeros-gagnants\/mon-wed-lotto\/\" \/>\n<meta property=\"og:site_name\" content=\"OnlineLotto365\" \/>\n<meta property=\"article:modified_time\" content=\"2020-12-30T08:02:54+00:00\" \/>\n<meta property=\"og:image\" content=\"https:\/\/redfoxlotto.com\/image?size=8&amp;lottery=monday-wednesday-lotto-au\" \/>\n<meta name=\"twitter:card\" content=\"summary_large_image\" \/>\n<meta name=\"twitter:label1\" content=\"Dur\u00e9e de lecture estim\u00e9e\" \/>\n\t<meta name=\"twitter:data1\" content=\"3 minutes\" \/>\n<script type=\"application\/ld+json\" class=\"yoast-schema-graph\">{\"@context\":\"https:\/\/schema.org\",\"@graph\":[{\"@type\":\"WebPage\",\"@id\":\"https:\/\/onlinelotto365.com\/fr\/numeros-gagnants\/mon-wed-lotto\/\",\"url\":\"https:\/\/onlinelotto365.com\/fr\/numeros-gagnants\/mon-wed-lotto\/\",\"name\":\"Les num\u00e9ros gagnants du Loto australien du lundi et du mercredi\",\"isPartOf\":{\"@id\":\"https:\/\/onlinelotto365.com\/fr\/#website\"},\"primaryImageOfPage\":{\"@id\":\"https:\/\/onlinelotto365.com\/fr\/numeros-gagnants\/mon-wed-lotto\/#primaryimage\"},\"image\":{\"@id\":\"https:\/\/onlinelotto365.com\/fr\/numeros-gagnants\/mon-wed-lotto\/#primaryimage\"},\"thumbnailUrl\":\"https:\/\/redfoxlotto.com\/image?size=8&amp;lottery=monday-wednesday-lotto-au\",\"datePublished\":\"2020-12-08T14:03:33+00:00\",\"dateModified\":\"2020-12-30T08:02:54+00:00\",\"description\":\"Notre site vous propose les derniers num\u00e9ros gagnants et les montants gagn\u00e9s au loto du lundi et du mercredi\",\"breadcrumb\":{\"@id\":\"https:\/\/onlinelotto365.com\/fr\/numeros-gagnants\/mon-wed-lotto\/#breadcrumb\"},\"inLanguage\":\"fr-FR\",\"potentialAction\":[{\"@type\":\"ReadAction\",\"target\":[\"https:\/\/onlinelotto365.com\/fr\/numeros-gagnants\/mon-wed-lotto\/\"]}]},{\"@type\":\"ImageObject\",\"inLanguage\":\"fr-FR\",\"@id\":\"https:\/\/onlinelotto365.com\/fr\/numeros-gagnants\/mon-wed-lotto\/#primaryimage\",\"url\":\"https:\/\/redfoxlotto.com\/image?size=8&amp;lottery=monday-wednesday-lotto-au\",\"contentUrl\":\"https:\/\/redfoxlotto.com\/image?size=8&amp;lottery=monday-wednesday-lotto-au\"},{\"@type\":\"BreadcrumbList\",\"@id\":\"https:\/\/onlinelotto365.com\/fr\/numeros-gagnants\/mon-wed-lotto\/#breadcrumb\",\"itemListElement\":[{\"@type\":\"ListItem\",\"position\":1,\"name\":\"Home\",\"item\":\"https:\/\/onlinelotto365.com\/fr\/\"},{\"@type\":\"ListItem\",\"position\":2,\"name\":\"Trouvez les num\u00e9ros gagnants et les r\u00e9sultats des derniers tirages du loto\",\"item\":\"https:\/\/onlinelotto365.com\/fr\/numeros-gagnants\/\"},{\"@type\":\"ListItem\",\"position\":3,\"name\":\"Tous les r\u00e9sultats du Loto du lundi et du mercredi en Australie\"}]},{\"@type\":\"WebSite\",\"@id\":\"https:\/\/onlinelotto365.com\/fr\/#website\",\"url\":\"https:\/\/onlinelotto365.com\/fr\/\",\"name\":\"OnlineLotto365\",\"description\":\"\",\"potentialAction\":[{\"@type\":\"SearchAction\",\"target\":{\"@type\":\"EntryPoint\",\"urlTemplate\":\"https:\/\/onlinelotto365.com\/fr\/?s={search_term_string}\"},\"query-input\":{\"@type\":\"PropertyValueSpecification\",\"valueRequired\":true,\"valueName\":\"search_term_string\"}}],\"inLanguage\":\"fr-FR\"}]}<\/script>\n<!-- \/ Yoast SEO plugin. -->","yoast_head_json":{"title":"Les num\u00e9ros gagnants du Loto australien du lundi et du mercredi","description":"Notre site vous propose les derniers num\u00e9ros gagnants et les montants gagn\u00e9s au loto du lundi et du mercredi","robots":{"index":"index","follow":"follow","max-snippet":"max-snippet:-1","max-image-preview":"max-image-preview:large","max-video-preview":"max-video-preview:-1"},"canonical":"https:\/\/onlinelotto365.com\/fr\/numeros-gagnants\/mon-wed-lotto\/","og_locale":"fr_FR","og_type":"article","og_title":"Les num\u00e9ros gagnants du Loto australien du lundi et du mercredi","og_description":"Notre site vous propose les derniers num\u00e9ros gagnants et les montants gagn\u00e9s au loto du lundi et du mercredi","og_url":"https:\/\/onlinelotto365.com\/fr\/numeros-gagnants\/mon-wed-lotto\/","og_site_name":"OnlineLotto365","article_modified_time":"2020-12-30T08:02:54+00:00","og_image":[{"url":"https:\/\/redfoxlotto.com\/image?size=8&amp;lottery=monday-wednesday-lotto-au"}],"twitter_card":"summary_large_image","twitter_misc":{"Dur\u00e9e de lecture estim\u00e9e":"3 minutes"},"schema":{"@context":"https:\/\/schema.org","@graph":[{"@type":"WebPage","@id":"https:\/\/onlinelotto365.com\/fr\/numeros-gagnants\/mon-wed-lotto\/","url":"https:\/\/onlinelotto365.com\/fr\/numeros-gagnants\/mon-wed-lotto\/","name":"Les num\u00e9ros gagnants du Loto australien du lundi et du mercredi","isPartOf":{"@id":"https:\/\/onlinelotto365.com\/fr\/#website"},"primaryImageOfPage":{"@id":"https:\/\/onlinelotto365.com\/fr\/numeros-gagnants\/mon-wed-lotto\/#primaryimage"},"image":{"@id":"https:\/\/onlinelotto365.com\/fr\/numeros-gagnants\/mon-wed-lotto\/#primaryimage"},"thumbnailUrl":"https:\/\/redfoxlotto.com\/image?size=8&amp;lottery=monday-wednesday-lotto-au","datePublished":"2020-12-08T14:03:33+00:00","dateModified":"2020-12-30T08:02:54+00:00","description":"Notre site vous propose les derniers num\u00e9ros gagnants et les montants gagn\u00e9s au loto du lundi et du mercredi","breadcrumb":{"@id":"https:\/\/onlinelotto365.com\/fr\/numeros-gagnants\/mon-wed-lotto\/#breadcrumb"},"inLanguage":"fr-FR","potentialAction":[{"@type":"ReadAction","target":["https:\/\/onlinelotto365.com\/fr\/numeros-gagnants\/mon-wed-lotto\/"]}]},{"@type":"ImageObject","inLanguage":"fr-FR","@id":"https:\/\/onlinelotto365.com\/fr\/numeros-gagnants\/mon-wed-lotto\/#primaryimage","url":"https:\/\/redfoxlotto.com\/image?size=8&amp;lottery=monday-wednesday-lotto-au","contentUrl":"https:\/\/redfoxlotto.com\/image?size=8&amp;lottery=monday-wednesday-lotto-au"},{"@type":"BreadcrumbList","@id":"https:\/\/onlinelotto365.com\/fr\/numeros-gagnants\/mon-wed-lotto\/#breadcrumb","itemListElement":[{"@type":"ListItem","position":1,"name":"Home","item":"https:\/\/onlinelotto365.com\/fr\/"},{"@type":"ListItem","position":2,"name":"Trouvez les num\u00e9ros gagnants et les r\u00e9sultats des derniers tirages du loto","item":"https:\/\/onlinelotto365.com\/fr\/numeros-gagnants\/"},{"@type":"ListItem","position":3,"name":"Tous les r\u00e9sultats du Loto du lundi et du mercredi en Australie"}]},{"@type":"WebSite","@id":"https:\/\/onlinelotto365.com\/fr\/#website","url":"https:\/\/onlinelotto365.com\/fr\/","name":"OnlineLotto365","description":"","potentialAction":[{"@type":"SearchAction","target":{"@type":"EntryPoint","urlTemplate":"https:\/\/onlinelotto365.com\/fr\/?s={search_term_string}"},"query-input":{"@type":"PropertyValueSpecification","valueRequired":true,"valueName":"search_term_string"}}],"inLanguage":"fr-FR"}]}},"_links":{"self":[{"href":"https:\/\/onlinelotto365.com\/fr\/wp-json\/wp\/v2\/pages\/8128","targetHints":{"allow":["GET"]}}],"collection":[{"href":"https:\/\/onlinelotto365.com\/fr\/wp-json\/wp\/v2\/pages"}],"about":[{"href":"https:\/\/onlinelotto365.com\/fr\/wp-json\/wp\/v2\/types\/page"}],"author":[{"embeddable":true,"href":"https:\/\/onlinelotto365.com\/fr\/wp-json\/wp\/v2\/users\/1"}],"replies":[{"embeddable":true,"href":"https:\/\/onlinelotto365.com\/fr\/wp-json\/wp\/v2\/comments?post=8128"}],"version-history":[{"count":0,"href":"https:\/\/onlinelotto365.com\/fr\/wp-json\/wp\/v2\/pages\/8128\/revisions"}],"up":[{"embeddable":true,"href":"https:\/\/onlinelotto365.com\/fr\/wp-json\/wp\/v2\/pages\/3794"}],"wp:attachment":[{"href":"https:\/\/onlinelotto365.com\/fr\/wp-json\/wp\/v2\/media?parent=8128"}],"curies":[{"name":"wp","href":"https:\/\/api.w.org\/{rel}","templated":true}]}}