{"id":84214,"date":"2023-09-28T08:13:42","date_gmt":"2023-09-28T07:13:42","guid":{"rendered":"https:\/\/onlinelotto365.com\/numeros-gagnants\/verifiez-les-numeros-gagnants-de-leurojackpot-ici"},"modified":"2023-09-28T08:13:42","modified_gmt":"2023-09-28T07:13:42","slug":"verifiez-les-numeros-gagnants-de-leurojackpot-ici","status":"publish","type":"page","link":"https:\/\/onlinelotto365.com\/fr\/numeros-gagnants\/verifiez-les-numeros-gagnants-de-leurojackpot-ici\/","title":{"rendered":"V\u00e9rifiez les num\u00e9ros gagnants de l&rsquo;Eurojackpot ici"},"content":{"rendered":"<p>De nombreuses loteries internationales diff\u00e9rentes sont disponibles sur notre site Web, ce qui signifie que la recherche des num\u00e9ros et des r\u00e9sultats peut \u00eatre difficile pour certains. Et lorsqu&rsquo;il s&rsquo;agit de trouver les num\u00e9ros ailleurs, les choses peuvent \u00eatre encore pires. Vous ne trouverez probablement pas les r\u00e9sultats de l&rsquo;Eurojackpot dans votre journal local et ils peuvent \u00e9galement \u00eatre difficiles \u00e0 trouver \u00e0 la t\u00e9l\u00e9vision. D&rsquo;autant plus qu&rsquo;ils ne sont souvent pas diffus\u00e9s en direct.<\/p>\n<p>Vous pouvez \u00e9galement consulter le site web de la loterie Eurojackpot, qui vous donne acc\u00e8s \u00e0 une diffusion en direct des r\u00e9sultats et du tirage. Cela peut \u00eatre tr\u00e8s amusant et vous permet de savoir plus rapidement si vous avez gagn\u00e9. Mais ce n&rsquo;est pas toujours possible et vous devez avoir le bon timing.<\/p>\n<p>Si vous cherchez les num\u00e9ros apr\u00e8s le tirage, vous pouvez toujours consulter YouTube pour voir si le tirage est disponible ou si quelqu&rsquo;un a une vid\u00e9o avec les num\u00e9ros gagnants.<\/p>\n<p>Le moyen le plus simple de trouver les num\u00e9ros gagnants, et m\u00eame de voir tous les prix et les r\u00e9sultats, est de visiter notre site Web sur la page des r\u00e9sultats de la loterie \u00e0 notre page des r\u00e9sultats de la loterie. Vous y trouverez tous les num\u00e9ros gagnants de l&rsquo;Eurojackpot et de tous les autres jeux que nous proposons.<\/p>\n<h2>Comment savoir si vous avez gagn\u00e9<\/h2>\n<p><img decoding=\"async\" class=\"aligncenter\" src=\"https:\/\/redfoxlotto.com\/image?size=8&amp;lottery=eurojackpot\" alt=\"eurojackpot\" \/><br \/>\nAvez-vous achet\u00e9 un billet pour l&rsquo;Eurojackpot ? Si c&rsquo;est le cas, vous n&rsquo;avez m\u00eame pas besoin d&rsquo;aller sur la page des r\u00e9sultats. Allez simplement sur votre compte et vous verrez les num\u00e9ros gagnants juste \u00e0 c\u00f4t\u00e9 de votre ticket. Vous pourrez m\u00eame voir quels num\u00e9ros \u00e9taient corrects et lesquels ne l&rsquo;\u00e9taient pas et conna\u00eetre le montant que vous avez gagn\u00e9. Si vous avez gagn\u00e9 moins de 2 500 \u20ac, l&rsquo;argent sera vers\u00e9 sur votre compte imm\u00e9diatement, d\u00e8s que les num\u00e9ros de la loterie auront \u00e9t\u00e9 confirm\u00e9s.<\/p>\n<p>Notre site Web vous montrera les r\u00e9sultats du dernier Eurojackpot mais vous offrira \u00e9galement de nombreuses options pour v\u00e9rifier les tirages plus anciens. Ainsi, vous pouvez v\u00e9rifier des tickets plus anciens ou si vous cherchez les meilleurs num\u00e9ros \u00e0 essayer la prochaine fois que vous ach\u00e8terez un ticket. En fait, c&rsquo;est l&rsquo;une des strat\u00e9gies de loterie les plus populaires que les gens utilisent.<\/p>\n<h2>Mon billet a gagn\u00e9, que se passe-t-il ensuite ?<\/h2>\n<p><img loading=\"lazy\" decoding=\"async\" class=\"alignright wp-image-25127\" src=\"https:\/\/onlinelotto365.com\/wp-content\/uploads\/2021\/01\/lottery_balls1-300x160-1.jpg\" alt=\"Eurojackpot winning numbers\" width=\"265\" height=\"142\" \/><br \/>\nNous avons d\u00e9j\u00e0 parl\u00e9 des prix inf\u00e9rieurs \u00e0 2 500 euros. Ces prix sont imm\u00e9diatement d\u00e9pos\u00e9s sur votre compte et vous pouvez alors choisir d&rsquo;acheter d&rsquo;autres billets ou de retirer tout ou partie de l&rsquo;argent. Il vous suffit de vous assurer que vous avez au moins 10 euros sur votre compte pour pouvoir les retirer par la m\u00e9thode de votre choix.<\/p>\n<p>Vous pouvez choisir de retirer l&rsquo;argent sur votre compte bancaire ou par carte de cr\u00e9dit, et nous vous facilitons la t\u00e2che. Nous voulons que vous puissiez r\u00e9cup\u00e9rer votre argent, mais nous devons prendre quelques mesures pour que l&rsquo;argent soit vers\u00e9 sur votre compte. En effet, les transferts d&rsquo;argent en ligne sont soumis \u00e0 des r\u00e9glementations strictes.<\/p>\n","protected":false},"excerpt":{"rendered":"<p>De nombreuses loteries internationales diff\u00e9rentes sont disponibles sur notre site Web, ce qui signifie que la recherche des num\u00e9ros et des r\u00e9sultats peut \u00eatre difficile pour certains. Et lorsqu&rsquo;il s&rsquo;agit de trouver les num\u00e9ros ailleurs, les choses peuvent \u00eatre encore pires. Vous ne trouverez probablement pas les r\u00e9sultats de l&rsquo;Eurojackpot dans votre journal local et [&hellip;]<\/p>\n","protected":false},"author":1,"featured_media":0,"parent":3794,"menu_order":4,"comment_status":"closed","ping_status":"closed","template":"eurojackpot-results.php","meta":{"_et_pb_use_builder":"","_et_pb_old_content":"","_et_gb_content_width":"","exclude_from_search":false,"footnotes":""},"class_list":["post-84214","page","type-page","status-publish","hentry"],"yoast_head":"<!-- This site is optimized with the Yoast SEO plugin v23.4 - https:\/\/yoast.com\/wordpress\/plugins\/seo\/ -->\n<title>Num\u00e9ros gagnants Eurojackpot | Consultez les r\u00e9sultats des tirages et les gains de l&#039;Eurojackpot ici<\/title>\n<meta name=\"description\" content=\"Nous publions les r\u00e9sultats et les num\u00e9ros gagnants de l&#039;Eurojackpot, ainsi que les archives des tirages pr\u00e9c\u00e9dents.\" \/>\n<meta name=\"robots\" content=\"index, follow, max-snippet:-1, max-image-preview:large, max-video-preview:-1\" \/>\n<link rel=\"canonical\" href=\"https:\/\/onlinelotto365.com\/fr\/numeros-gagnants\/verifiez-les-numeros-gagnants-de-leurojackpot-ici\/\" \/>\n<meta property=\"og:locale\" content=\"fr_FR\" \/>\n<meta property=\"og:type\" content=\"article\" \/>\n<meta property=\"og:title\" content=\"Num\u00e9ros gagnants Eurojackpot | Consultez les r\u00e9sultats des tirages et les gains de l&#039;Eurojackpot ici\" \/>\n<meta property=\"og:description\" content=\"Nous publions les r\u00e9sultats et les num\u00e9ros gagnants de l&#039;Eurojackpot, ainsi que les archives des tirages pr\u00e9c\u00e9dents.\" \/>\n<meta property=\"og:url\" content=\"https:\/\/onlinelotto365.com\/fr\/numeros-gagnants\/verifiez-les-numeros-gagnants-de-leurojackpot-ici\/\" \/>\n<meta property=\"og:site_name\" content=\"OnlineLotto365\" \/>\n<meta property=\"og:image\" content=\"https:\/\/redfoxlotto.com\/image?size=8&amp;lottery=eurojackpot\" \/>\n<meta name=\"twitter:card\" content=\"summary_large_image\" \/>\n<meta name=\"twitter:label1\" content=\"Dur\u00e9e de lecture estim\u00e9e\" \/>\n\t<meta name=\"twitter:data1\" content=\"3 minutes\" \/>\n<script type=\"application\/ld+json\" class=\"yoast-schema-graph\">{\"@context\":\"https:\/\/schema.org\",\"@graph\":[{\"@type\":\"WebPage\",\"@id\":\"https:\/\/onlinelotto365.com\/fr\/numeros-gagnants\/verifiez-les-numeros-gagnants-de-leurojackpot-ici\/\",\"url\":\"https:\/\/onlinelotto365.com\/fr\/numeros-gagnants\/verifiez-les-numeros-gagnants-de-leurojackpot-ici\/\",\"name\":\"Num\u00e9ros gagnants Eurojackpot | Consultez les r\u00e9sultats des tirages et les gains de l'Eurojackpot ici\",\"isPartOf\":{\"@id\":\"https:\/\/onlinelotto365.com\/fr\/#website\"},\"primaryImageOfPage\":{\"@id\":\"https:\/\/onlinelotto365.com\/fr\/numeros-gagnants\/verifiez-les-numeros-gagnants-de-leurojackpot-ici\/#primaryimage\"},\"image\":{\"@id\":\"https:\/\/onlinelotto365.com\/fr\/numeros-gagnants\/verifiez-les-numeros-gagnants-de-leurojackpot-ici\/#primaryimage\"},\"thumbnailUrl\":\"https:\/\/redfoxlotto.com\/image?size=8&amp;lottery=eurojackpot\",\"datePublished\":\"2023-09-28T07:13:42+00:00\",\"dateModified\":\"2023-09-28T07:13:42+00:00\",\"description\":\"Nous publions les r\u00e9sultats et les num\u00e9ros gagnants de l'Eurojackpot, ainsi que les archives des tirages pr\u00e9c\u00e9dents.\",\"breadcrumb\":{\"@id\":\"https:\/\/onlinelotto365.com\/fr\/numeros-gagnants\/verifiez-les-numeros-gagnants-de-leurojackpot-ici\/#breadcrumb\"},\"inLanguage\":\"fr-FR\",\"potentialAction\":[{\"@type\":\"ReadAction\",\"target\":[\"https:\/\/onlinelotto365.com\/fr\/numeros-gagnants\/verifiez-les-numeros-gagnants-de-leurojackpot-ici\/\"]}]},{\"@type\":\"ImageObject\",\"inLanguage\":\"fr-FR\",\"@id\":\"https:\/\/onlinelotto365.com\/fr\/numeros-gagnants\/verifiez-les-numeros-gagnants-de-leurojackpot-ici\/#primaryimage\",\"url\":\"https:\/\/redfoxlotto.com\/image?size=8&amp;lottery=eurojackpot\",\"contentUrl\":\"https:\/\/redfoxlotto.com\/image?size=8&amp;lottery=eurojackpot\"},{\"@type\":\"BreadcrumbList\",\"@id\":\"https:\/\/onlinelotto365.com\/fr\/numeros-gagnants\/verifiez-les-numeros-gagnants-de-leurojackpot-ici\/#breadcrumb\",\"itemListElement\":[{\"@type\":\"ListItem\",\"position\":1,\"name\":\"Home\",\"item\":\"https:\/\/onlinelotto365.com\/fr\/\"},{\"@type\":\"ListItem\",\"position\":2,\"name\":\"Trouvez les num\u00e9ros gagnants et les r\u00e9sultats des derniers tirages du loto\",\"item\":\"https:\/\/onlinelotto365.com\/fr\/numeros-gagnants\/\"},{\"@type\":\"ListItem\",\"position\":3,\"name\":\"V\u00e9rifiez les num\u00e9ros gagnants de l&rsquo;Eurojackpot ici\"}]},{\"@type\":\"WebSite\",\"@id\":\"https:\/\/onlinelotto365.com\/fr\/#website\",\"url\":\"https:\/\/onlinelotto365.com\/fr\/\",\"name\":\"OnlineLotto365\",\"description\":\"\",\"potentialAction\":[{\"@type\":\"SearchAction\",\"target\":{\"@type\":\"EntryPoint\",\"urlTemplate\":\"https:\/\/onlinelotto365.com\/fr\/?s={search_term_string}\"},\"query-input\":{\"@type\":\"PropertyValueSpecification\",\"valueRequired\":true,\"valueName\":\"search_term_string\"}}],\"inLanguage\":\"fr-FR\"}]}<\/script>\n<!-- \/ Yoast SEO plugin. -->","yoast_head_json":{"title":"Num\u00e9ros gagnants Eurojackpot | Consultez les r\u00e9sultats des tirages et les gains de l'Eurojackpot ici","description":"Nous publions les r\u00e9sultats et les num\u00e9ros gagnants de l'Eurojackpot, ainsi que les archives des tirages pr\u00e9c\u00e9dents.","robots":{"index":"index","follow":"follow","max-snippet":"max-snippet:-1","max-image-preview":"max-image-preview:large","max-video-preview":"max-video-preview:-1"},"canonical":"https:\/\/onlinelotto365.com\/fr\/numeros-gagnants\/verifiez-les-numeros-gagnants-de-leurojackpot-ici\/","og_locale":"fr_FR","og_type":"article","og_title":"Num\u00e9ros gagnants Eurojackpot | Consultez les r\u00e9sultats des tirages et les gains de l'Eurojackpot ici","og_description":"Nous publions les r\u00e9sultats et les num\u00e9ros gagnants de l'Eurojackpot, ainsi que les archives des tirages pr\u00e9c\u00e9dents.","og_url":"https:\/\/onlinelotto365.com\/fr\/numeros-gagnants\/verifiez-les-numeros-gagnants-de-leurojackpot-ici\/","og_site_name":"OnlineLotto365","og_image":[{"url":"https:\/\/redfoxlotto.com\/image?size=8&amp;lottery=eurojackpot"}],"twitter_card":"summary_large_image","twitter_misc":{"Dur\u00e9e de lecture estim\u00e9e":"3 minutes"},"schema":{"@context":"https:\/\/schema.org","@graph":[{"@type":"WebPage","@id":"https:\/\/onlinelotto365.com\/fr\/numeros-gagnants\/verifiez-les-numeros-gagnants-de-leurojackpot-ici\/","url":"https:\/\/onlinelotto365.com\/fr\/numeros-gagnants\/verifiez-les-numeros-gagnants-de-leurojackpot-ici\/","name":"Num\u00e9ros gagnants Eurojackpot | Consultez les r\u00e9sultats des tirages et les gains de l'Eurojackpot ici","isPartOf":{"@id":"https:\/\/onlinelotto365.com\/fr\/#website"},"primaryImageOfPage":{"@id":"https:\/\/onlinelotto365.com\/fr\/numeros-gagnants\/verifiez-les-numeros-gagnants-de-leurojackpot-ici\/#primaryimage"},"image":{"@id":"https:\/\/onlinelotto365.com\/fr\/numeros-gagnants\/verifiez-les-numeros-gagnants-de-leurojackpot-ici\/#primaryimage"},"thumbnailUrl":"https:\/\/redfoxlotto.com\/image?size=8&amp;lottery=eurojackpot","datePublished":"2023-09-28T07:13:42+00:00","dateModified":"2023-09-28T07:13:42+00:00","description":"Nous publions les r\u00e9sultats et les num\u00e9ros gagnants de l'Eurojackpot, ainsi que les archives des tirages pr\u00e9c\u00e9dents.","breadcrumb":{"@id":"https:\/\/onlinelotto365.com\/fr\/numeros-gagnants\/verifiez-les-numeros-gagnants-de-leurojackpot-ici\/#breadcrumb"},"inLanguage":"fr-FR","potentialAction":[{"@type":"ReadAction","target":["https:\/\/onlinelotto365.com\/fr\/numeros-gagnants\/verifiez-les-numeros-gagnants-de-leurojackpot-ici\/"]}]},{"@type":"ImageObject","inLanguage":"fr-FR","@id":"https:\/\/onlinelotto365.com\/fr\/numeros-gagnants\/verifiez-les-numeros-gagnants-de-leurojackpot-ici\/#primaryimage","url":"https:\/\/redfoxlotto.com\/image?size=8&amp;lottery=eurojackpot","contentUrl":"https:\/\/redfoxlotto.com\/image?size=8&amp;lottery=eurojackpot"},{"@type":"BreadcrumbList","@id":"https:\/\/onlinelotto365.com\/fr\/numeros-gagnants\/verifiez-les-numeros-gagnants-de-leurojackpot-ici\/#breadcrumb","itemListElement":[{"@type":"ListItem","position":1,"name":"Home","item":"https:\/\/onlinelotto365.com\/fr\/"},{"@type":"ListItem","position":2,"name":"Trouvez les num\u00e9ros gagnants et les r\u00e9sultats des derniers tirages du loto","item":"https:\/\/onlinelotto365.com\/fr\/numeros-gagnants\/"},{"@type":"ListItem","position":3,"name":"V\u00e9rifiez les num\u00e9ros gagnants de l&rsquo;Eurojackpot ici"}]},{"@type":"WebSite","@id":"https:\/\/onlinelotto365.com\/fr\/#website","url":"https:\/\/onlinelotto365.com\/fr\/","name":"OnlineLotto365","description":"","potentialAction":[{"@type":"SearchAction","target":{"@type":"EntryPoint","urlTemplate":"https:\/\/onlinelotto365.com\/fr\/?s={search_term_string}"},"query-input":{"@type":"PropertyValueSpecification","valueRequired":true,"valueName":"search_term_string"}}],"inLanguage":"fr-FR"}]}},"_links":{"self":[{"href":"https:\/\/onlinelotto365.com\/fr\/wp-json\/wp\/v2\/pages\/84214","targetHints":{"allow":["GET"]}}],"collection":[{"href":"https:\/\/onlinelotto365.com\/fr\/wp-json\/wp\/v2\/pages"}],"about":[{"href":"https:\/\/onlinelotto365.com\/fr\/wp-json\/wp\/v2\/types\/page"}],"author":[{"embeddable":true,"href":"https:\/\/onlinelotto365.com\/fr\/wp-json\/wp\/v2\/users\/1"}],"replies":[{"embeddable":true,"href":"https:\/\/onlinelotto365.com\/fr\/wp-json\/wp\/v2\/comments?post=84214"}],"version-history":[{"count":0,"href":"https:\/\/onlinelotto365.com\/fr\/wp-json\/wp\/v2\/pages\/84214\/revisions"}],"up":[{"embeddable":true,"href":"https:\/\/onlinelotto365.com\/fr\/wp-json\/wp\/v2\/pages\/3794"}],"wp:attachment":[{"href":"https:\/\/onlinelotto365.com\/fr\/wp-json\/wp\/v2\/media?parent=84214"}],"curies":[{"name":"wp","href":"https:\/\/api.w.org\/{rel}","templated":true}]}}