{"id":84437,"date":"2023-10-03T12:54:09","date_gmt":"2023-10-03T11:54:09","guid":{"rendered":"https:\/\/onlinelotto365.com\/faq"},"modified":"2023-10-03T12:54:09","modified_gmt":"2023-10-03T11:54:09","slug":"faq","status":"publish","type":"page","link":"https:\/\/onlinelotto365.com\/fr\/faq\/","title":{"rendered":"FAQ"},"content":{"rendered":"<h1>FAQ sur la loterie en ligne<\/h1>\n<p>Vous trouverez ici les r\u00e9ponses aux questions les plus fr\u00e9quemment pos\u00e9es sur le fonctionnement du service de loterie en ligne.<\/p>\n<p>Comment puis-je obtenir mes billets ?<\/p>\n<p>Un de nos agents sur place ach\u00e8te le billet en votre nom et pour votre compte. Ensuite, le billet est scann\u00e9 et t\u00e9l\u00e9charg\u00e9 sur votre compte client. Nous vous envoyons un e-mail lorsque vous gagnez et notre service comprend l&rsquo;envoi de vos gains (voir ci-dessous pour plus de d\u00e9tails).<\/p>\n<p>Quels sont les avantages de jouer aux loteries internationales en ligne par notre interm\u00e9diaire ?<\/p>\n<ul>\n<li>vous pouvez choisir parmi de nombreuses loteries et il y a toujours un gros lot qui vous attend<\/li>\n<li>vous obtenez un billet r\u00e9el<\/li>\n<li>vous pouvez jouer o\u00f9 que vous soyez<\/li>\n<li>vous pouvez confortablement payer en ligne, nous avons un certain nombre d&rsquo;options, y compris la carte de cr\u00e9dit<\/li>\n<li>vos petits gains jusqu&rsquo;\u00e0 2500 \u20ac seront imm\u00e9diatement cr\u00e9dit\u00e9s sur votre compte joueur<\/li>\n<li>pour les gains sup\u00e9rieurs \u00e0 2500 \u20ac, nous nous occuperons de votre paiement directement aupr\u00e8s de la loterie, sans frais.<\/li>\n<\/ul>\n<p>Qui peut jouer aux loteries ?<\/p>\n<p>Tout le monde peut jouer &#8211; mais vous devez avoir plus de 18 ans pour jouer \u00e0 la loterie.<\/p>\n<p>Puis-je jouer \u00e0 une loterie \u00e0 partir d&rsquo;un pays \u00e9tranger ?<\/p>\n<p>Oui. Quel que soit le pays dans lequel vous vivez, vous pouvez participer \u00e0 toutes les loteries pr\u00e9sent\u00e9es sur notre site Web.<\/p>\n<p>Puis-je choisir mes propres num\u00e9ros de loterie ?<\/p>\n<p>Oui. Vous pouvez choisir manuellement les num\u00e9ros, ou vous pouvez utiliser la fonction \u00a0\u00bb Quick Pick \u00a0\u00bb et g\u00e9n\u00e9rer des num\u00e9ros au hasard.<\/p>\n<p>Comment vais-je recevoir mon billet de loterie ?<\/p>\n<p>Une fois le paiement effectu\u00e9, vous recevez un e-mail de confirmation d&rsquo;achat. Les num\u00e9ros que vous avez s\u00e9lectionn\u00e9s seront visibles sur votre compte. \u00c9videmment, le processus d&rsquo;achat et de num\u00e9risation prend un certain temps, mais 2 ou 3 heures plus tard, vous pourrez trouver le billet num\u00e9ris\u00e9 apr\u00e8s vous \u00eatre connect\u00e9 \u00e0 votre compte.<\/p>\n<p>Comment puis-je payer mes tickets de loto ?<\/p>\n<p>Nous avons plusieurs options de paiement pour vous, y compris le paiement par carte de cr\u00e9dit, le virement bancaire instantan\u00e9, diverses cryptocurrencies, et plus encore.<br \/>\nVous pouvez \u00e9galement commencer par d\u00e9poser de l&rsquo;argent sur votre compte joueur, puis utiliser votre nouveau solde pour acheter des tickets quand vous le souhaitez. Le fait d&rsquo;avoir un solde rend le processus de paiement beaucoup plus rapide !<\/p>\n<p>Est-ce que vous pr\u00e9levez une commission si je gagne ?<\/p>\n<p>Non, nous ne pr\u00e9levons pas de commission. Tous vos gains seront int\u00e9gralement pay\u00e9s, sans frais, \u00e0 l&rsquo;exception des frais de transfert bancaire dans certains cas.<\/p>\n<p>Comment puis-je savoir si j&rsquo;ai gagn\u00e9 ?<\/p>\n<p>Tout d&rsquo;abord, nous vous enverrons un e-mail vous informant de votre gain. De plus, vous pouvez toujours vous connecter \u00e0 votre compte et consulter la section \u00ab\u00a0Mes billets\u00a0\u00bb pour v\u00e9rifier le statut de vos billets. Les mises \u00e0 jour des num\u00e9ros gagnants de toutes les loteries sont disponibles sur notre site web.<\/p>\n<p>Comment suis-je pay\u00e9 si je gagne ?<\/p>\n<p>Si vous gagnez un prix inf\u00e9rieur ou \u00e9gal \u00e0 2500 \u20ac, il sera instantan\u00e9ment cr\u00e9dit\u00e9 sur votre compte joueur. Pour les gains plus \u00e9lev\u00e9s, nous vous enverrons un formulaire de r\u00e9clamation par courrier \u00e9lectronique. Vous devez vous identifier et donner quelques informations de base, comme la mani\u00e8re dont vous souhaitez \u00eatre pay\u00e9. Nous pr\u00e9sentons ensuite votre demande \u00e0 la soci\u00e9t\u00e9 de loterie. La soci\u00e9t\u00e9 de loterie vous paiera alors directement.<br \/>\nSi vous pr\u00e9f\u00e9rez, vous pouvez \u00e9galement retirer votre billet dans l&rsquo;un des bureaux de notre agent, puis le pr\u00e9senter en personne \u00e0 la loterie.<\/p>\n<p>Votre service est-il vraiment l\u00e9gal ?<\/p>\n<p>Oui, tout \u00e0 fait. C&rsquo;est comme si vous \u00e9tiez en vacances dans le pays de la loterie et que vous achetiez vous-m\u00eame un billet. Si ce billet est gagnant, vous avez le m\u00eame droit sur les gains que tout le monde.<\/p>\n<p>Comment puis-je savoir qu&rsquo;un billet de loterie est achet\u00e9 en mon nom ?<\/p>\n<p>Une fois que vous avez pay\u00e9 votre billet de loterie, vous recevrez d&rsquo;abord une confirmation de paiement. Un peu plus tard, vous pourrez voir le scan de votre billet dans l&rsquo;espace client de notre site web.<\/p>\n","protected":false},"excerpt":{"rendered":"<p>FAQ sur la loterie en ligne Vous trouverez ici les r\u00e9ponses aux questions les plus fr\u00e9quemment pos\u00e9es sur le fonctionnement du service de loterie en ligne. Comment puis-je obtenir mes billets ? Un de nos agents sur place ach\u00e8te le billet en votre nom et pour votre compte. Ensuite, le billet est scann\u00e9 et t\u00e9l\u00e9charg\u00e9 [&hellip;]<\/p>\n","protected":false},"author":1,"featured_media":0,"parent":0,"menu_order":50,"comment_status":"closed","ping_status":"closed","template":"","meta":{"_et_pb_use_builder":"","_et_pb_old_content":"","_et_gb_content_width":"","exclude_from_search":false,"footnotes":""},"class_list":["post-84437","page","type-page","status-publish","hentry"],"yoast_head":"<!-- This site is optimized with the Yoast SEO plugin v23.4 - https:\/\/yoast.com\/wordpress\/plugins\/seo\/ -->\n<title>R\u00e9ponses aux questions les plus courantes sur notre service de loterie en ligne<\/title>\n<meta name=\"description\" content=\"Vous voulez en savoir plus sur le fonctionnement de notre service de messagerie de billets de loterie en ligne ? Vous trouverez ici les r\u00e9ponses aux questions les plus courantes\" \/>\n<meta name=\"robots\" content=\"index, follow, max-snippet:-1, max-image-preview:large, max-video-preview:-1\" \/>\n<link rel=\"canonical\" href=\"https:\/\/onlinelotto365.com\/fr\/faq\/\" \/>\n<meta property=\"og:locale\" content=\"fr_FR\" \/>\n<meta property=\"og:type\" content=\"article\" \/>\n<meta property=\"og:title\" content=\"R\u00e9ponses aux questions les plus courantes sur notre service de loterie en ligne\" \/>\n<meta property=\"og:description\" content=\"Vous voulez en savoir plus sur le fonctionnement de notre service de messagerie de billets de loterie en ligne ? Vous trouverez ici les r\u00e9ponses aux questions les plus courantes\" \/>\n<meta property=\"og:url\" content=\"https:\/\/onlinelotto365.com\/fr\/faq\/\" \/>\n<meta property=\"og:site_name\" content=\"OnlineLotto365\" \/>\n<meta name=\"twitter:card\" content=\"summary_large_image\" \/>\n<meta name=\"twitter:label1\" content=\"Dur\u00e9e de lecture estim\u00e9e\" \/>\n\t<meta name=\"twitter:data1\" content=\"4 minutes\" \/>\n<script type=\"application\/ld+json\" class=\"yoast-schema-graph\">{\"@context\":\"https:\/\/schema.org\",\"@graph\":[{\"@type\":\"WebPage\",\"@id\":\"https:\/\/onlinelotto365.com\/fr\/faq\/\",\"url\":\"https:\/\/onlinelotto365.com\/fr\/faq\/\",\"name\":\"R\u00e9ponses aux questions les plus courantes sur notre service de loterie en ligne\",\"isPartOf\":{\"@id\":\"https:\/\/onlinelotto365.com\/fr\/#website\"},\"datePublished\":\"2023-10-03T11:54:09+00:00\",\"dateModified\":\"2023-10-03T11:54:09+00:00\",\"description\":\"Vous voulez en savoir plus sur le fonctionnement de notre service de messagerie de billets de loterie en ligne ? Vous trouverez ici les r\u00e9ponses aux questions les plus courantes\",\"breadcrumb\":{\"@id\":\"https:\/\/onlinelotto365.com\/fr\/faq\/#breadcrumb\"},\"inLanguage\":\"fr-FR\",\"potentialAction\":[{\"@type\":\"ReadAction\",\"target\":[\"https:\/\/onlinelotto365.com\/fr\/faq\/\"]}]},{\"@type\":\"BreadcrumbList\",\"@id\":\"https:\/\/onlinelotto365.com\/fr\/faq\/#breadcrumb\",\"itemListElement\":[{\"@type\":\"ListItem\",\"position\":1,\"name\":\"Home\",\"item\":\"https:\/\/onlinelotto365.com\/fr\/\"},{\"@type\":\"ListItem\",\"position\":2,\"name\":\"FAQ\"}]},{\"@type\":\"WebSite\",\"@id\":\"https:\/\/onlinelotto365.com\/fr\/#website\",\"url\":\"https:\/\/onlinelotto365.com\/fr\/\",\"name\":\"OnlineLotto365\",\"description\":\"\",\"potentialAction\":[{\"@type\":\"SearchAction\",\"target\":{\"@type\":\"EntryPoint\",\"urlTemplate\":\"https:\/\/onlinelotto365.com\/fr\/?s={search_term_string}\"},\"query-input\":{\"@type\":\"PropertyValueSpecification\",\"valueRequired\":true,\"valueName\":\"search_term_string\"}}],\"inLanguage\":\"fr-FR\"}]}<\/script>\n<!-- \/ Yoast SEO plugin. -->","yoast_head_json":{"title":"R\u00e9ponses aux questions les plus courantes sur notre service de loterie en ligne","description":"Vous voulez en savoir plus sur le fonctionnement de notre service de messagerie de billets de loterie en ligne ? Vous trouverez ici les r\u00e9ponses aux questions les plus courantes","robots":{"index":"index","follow":"follow","max-snippet":"max-snippet:-1","max-image-preview":"max-image-preview:large","max-video-preview":"max-video-preview:-1"},"canonical":"https:\/\/onlinelotto365.com\/fr\/faq\/","og_locale":"fr_FR","og_type":"article","og_title":"R\u00e9ponses aux questions les plus courantes sur notre service de loterie en ligne","og_description":"Vous voulez en savoir plus sur le fonctionnement de notre service de messagerie de billets de loterie en ligne ? Vous trouverez ici les r\u00e9ponses aux questions les plus courantes","og_url":"https:\/\/onlinelotto365.com\/fr\/faq\/","og_site_name":"OnlineLotto365","twitter_card":"summary_large_image","twitter_misc":{"Dur\u00e9e de lecture estim\u00e9e":"4 minutes"},"schema":{"@context":"https:\/\/schema.org","@graph":[{"@type":"WebPage","@id":"https:\/\/onlinelotto365.com\/fr\/faq\/","url":"https:\/\/onlinelotto365.com\/fr\/faq\/","name":"R\u00e9ponses aux questions les plus courantes sur notre service de loterie en ligne","isPartOf":{"@id":"https:\/\/onlinelotto365.com\/fr\/#website"},"datePublished":"2023-10-03T11:54:09+00:00","dateModified":"2023-10-03T11:54:09+00:00","description":"Vous voulez en savoir plus sur le fonctionnement de notre service de messagerie de billets de loterie en ligne ? Vous trouverez ici les r\u00e9ponses aux questions les plus courantes","breadcrumb":{"@id":"https:\/\/onlinelotto365.com\/fr\/faq\/#breadcrumb"},"inLanguage":"fr-FR","potentialAction":[{"@type":"ReadAction","target":["https:\/\/onlinelotto365.com\/fr\/faq\/"]}]},{"@type":"BreadcrumbList","@id":"https:\/\/onlinelotto365.com\/fr\/faq\/#breadcrumb","itemListElement":[{"@type":"ListItem","position":1,"name":"Home","item":"https:\/\/onlinelotto365.com\/fr\/"},{"@type":"ListItem","position":2,"name":"FAQ"}]},{"@type":"WebSite","@id":"https:\/\/onlinelotto365.com\/fr\/#website","url":"https:\/\/onlinelotto365.com\/fr\/","name":"OnlineLotto365","description":"","potentialAction":[{"@type":"SearchAction","target":{"@type":"EntryPoint","urlTemplate":"https:\/\/onlinelotto365.com\/fr\/?s={search_term_string}"},"query-input":{"@type":"PropertyValueSpecification","valueRequired":true,"valueName":"search_term_string"}}],"inLanguage":"fr-FR"}]}},"_links":{"self":[{"href":"https:\/\/onlinelotto365.com\/fr\/wp-json\/wp\/v2\/pages\/84437","targetHints":{"allow":["GET"]}}],"collection":[{"href":"https:\/\/onlinelotto365.com\/fr\/wp-json\/wp\/v2\/pages"}],"about":[{"href":"https:\/\/onlinelotto365.com\/fr\/wp-json\/wp\/v2\/types\/page"}],"author":[{"embeddable":true,"href":"https:\/\/onlinelotto365.com\/fr\/wp-json\/wp\/v2\/users\/1"}],"replies":[{"embeddable":true,"href":"https:\/\/onlinelotto365.com\/fr\/wp-json\/wp\/v2\/comments?post=84437"}],"version-history":[{"count":0,"href":"https:\/\/onlinelotto365.com\/fr\/wp-json\/wp\/v2\/pages\/84437\/revisions"}],"wp:attachment":[{"href":"https:\/\/onlinelotto365.com\/fr\/wp-json\/wp\/v2\/media?parent=84437"}],"curies":[{"name":"wp","href":"https:\/\/api.w.org\/{rel}","templated":true}]}}