{"id":9564,"date":"2020-12-13T12:48:39","date_gmt":"2020-12-13T11:48:39","guid":{"rendered":"http:\/\/onlinelotto365.net\/?page_id=9564"},"modified":"2021-01-02T16:29:54","modified_gmt":"2021-01-02T15:29:54","slug":"powerball","status":"publish","type":"page","link":"https:\/\/onlinelotto365.com\/fr\/jouer\/powerball\/","title":{"rendered":"Comment les r\u00e9sidents de France peuvent-ils jouer au Powerball en ligne ?"},"content":{"rendered":"<p>Il est en fait <strong> assez simple de jouer \u00e0 Powerball en ligne <\/strong>, m\u00eame si vous \u00eates en France. Et c&rsquo;est aussi tr\u00e8s pratique.<\/p>\n<p>Assurez-vous d&rsquo;avoir choisi la bonne loterie, \u00e0 savoir Powerball. Ensuite, vous s\u00e9lectionnez vos num\u00e9ros. Si vous essayez de choisir trop de num\u00e9ros ou si vous n&rsquo;avez pas s\u00e9lectionn\u00e9 suffisamment de num\u00e9ros, le syst\u00e8me vous demandera de choisir moins ou plus de num\u00e9ros.<\/p>\n<p>Il existe \u00e9galement une m\u00e9thode que de nombreux joueurs aiment utiliser: la fonction de s\u00e9lection rapide. Tout ce que vous avez \u00e0 faire est de cliquer sur le bouton de s\u00e9lection rapide, et le site choisira des num\u00e9ros au hasard pour vous. Vous pouvez toujours modifier manuellement ces num\u00e9ros si vous ne les aimez pas. Ou vous pouvez utiliser manuellement certains de vos num\u00e9ros pr\u00e9f\u00e9r\u00e9s et laisser le g\u00e9n\u00e9rateur de nombres al\u00e9atoires choisir le reste pour vous.<\/p>\n<p>Une fois que vous avez fini de choisir les num\u00e9ros pour Powerball, vous pouvez <strong> s\u00e9lectionner une autre loterie, jouer plus de billets de loto <\/strong> et les ajouter \u00e0 votre commande. Une fois que vous avez termin\u00e9, cliquez pour v\u00e9rifier et payer vos billets en toute s\u00e9curit\u00e9. \u00c0 ce moment, vous devrez cr\u00e9er un compte avec nous. Bien s\u00fbr, vous pouvez \u00e9galement cr\u00e9er d&rsquo;abord votre compte, puis lancer le processus de <a href=\"https:\/\/onlinelotto365.com\/fr\/acheter-ticquets\"> commande de vos billets. <\/a><\/p>\n<p><a href=\"https:\/\/redfoxlotto.com\/fr\/jouer\/powerball\/?ref=a8564250a2&amp;medium=ol365\" target=\"_blank\" rel=\"noopener noreferrer\"> <img loading=\"lazy\" decoding=\"async\" class=\"aligncenter\" src=\"https:\/\/redfoxlotto.com\/image?size=8&amp;lottery=powerball\" alt=\"powerball\" width=\"793\" height=\"98\" \/> <\/a><\/p>\n<p>Apr\u00e8s avoir cr\u00e9\u00e9 votre compte, votre inscription sur notre site doit \u00eatre v\u00e9rifi\u00e9e. Nous vous enverrons un e-mail de v\u00e9rification avec un lien sur lequel vous devrez cliquer pour v\u00e9rifier votre adresse e-mail. Assurez-vous de v\u00e9rifier votre dossier spam. Il serait judicieux de marquer notre adresse e-mail comme un exp\u00e9diteur de confiance. Cela garantit que les messages importants tels que les notifications de gains vous parviendront r\u00e9ellement. C&rsquo;est l&rsquo;un des avantages de jouer \u00e0 Powerball en ligne &#8211; vous ne manquerez jamais une victoire car nous vous en informerons toujours.<\/p>\n<p>Vous serez pris en charge \u00e0 chaque \u00e9tape du processus, o\u00f9 tout ce que vous avez \u00e0 faire est de cr\u00e9er un compte gratuit, de faire vos s\u00e9lections, de choisir l&rsquo;une de leurs nombreuses options de paiement pratiques, et nous ferons tout le reste.<br \/>\n<strong> Cela a vraiment fait entrer le jeu de loterie dans le 21e si\u00e8cle, <\/strong> et c&rsquo;est la plus grande chose qui soit arriv\u00e9e aux loteries depuis la premi\u00e8re mise en vente des billets. Si vous ne profitez pas de ce service, vous manquez vraiment toute la grande action de loterie qui vous attend.<\/p>\n<h2>\u00c0 propos de Powerball<\/h2>\n<ul>\n<li>Pays: \u00c9tats-Unis<\/li>\n<li>Plage de num\u00e9ros principaux: 69<\/li>\n<li>Vous choisissez: 5<\/li>\n<li>Plage de num\u00e9ros suppl\u00e9mentaires: 26<\/li>\n<li>Vous choisissez: 1<\/li>\n<li>Jours et horaires des tirages: mercredi, samedi, 21h00 HNE, +1 jour 3h00 HEC<\/li>\n<li>Jackpot minimum: 40 millions de dollars<\/li>\n<li>Jackpot plafonn\u00e9 au maximum: aucun<\/li>\n<li>Probabilit\u00e9 de gagner le jackpot: 1 sur 175.223.510<\/li>\n<li>Probabilit\u00e9 d&rsquo;une victoire de niveau 2: 1 sur 5.006.386<\/li>\n<li>Probabilit\u00e9 de gagner dans n&rsquo;importe quel palier: 1 sur 24,87<\/li>\n<li>Nombre de niveaux de prix: 9<\/li>\n<\/ul>\n<p>Le Powerball Lotto est propos\u00e9 par des d\u00e9taillants de loterie dans 41 \u00c9tats diff\u00e9rents aux \u00c9tats-Unis. Avec une population aussi importante sur laquelle s&rsquo;appuyer, et compte tenu de la popularit\u00e9 des loteries aux \u00c9tats-Unis, <a href=\"https:\/\/onlinelotto365.com\/fr\/news\/obtenez-des-billets-pour-la-loterie-americaine-en-ligne\"> il n&rsquo;est pas \u00e9tonnant que cette loterie soit si grande,<\/a> avec des prix aussi \u00e9normes. Cette loterie est si importante en fait que le deuxi\u00e8me prix est d&rsquo;un million de dollars, plusieurs personnes le gagnant g\u00e9n\u00e9ralement \u00e0 chaque tirage, qui a lieu deux fois par semaine. Cependant, gagner un million de dollars n&rsquo;est pas la raison pour laquelle la plupart des gens y jouent, car ils ont des r\u00eaves beaucoup plus grands que cela.<\/p>\n<h2>Meilleures fonctionnalit\u00e9s de Powerball<\/h2>\n<p>Quelle que soit l&rsquo;ampleur de vos r\u00eaves, le Powerball Lotto a le pouvoir de les satisfaire tous, et plus encore. Avec des <strong> jackpots r\u00e9guli\u00e8rement de plusieurs centaines de millions de dollars <\/strong>, c&rsquo;est certainement ce que vous appelleriez une somme gigantesque \u00e0 gagner.<\/p>\n<p>Powerball Lotto a historiquement commenc\u00e9 \u00e0 20 millions de dollars, et bien qu&rsquo;il s&rsquo;agisse certainement d&rsquo;un tr\u00e8s bon changement, r\u00e9cemment, ils ont augment\u00e9 le minimum \u00e0 40 millions de dollars encore plus excitants. Donc, m\u00eame avant que les choses ne deviennent des chiffres fous, comme c&rsquo;est souvent le cas avec cette m\u00e9ga loterie, le jackpot le plus bas possible est d\u00e9j\u00e0 celui pour lequel nous voulons nous aligner.<\/p>\n<p>Chaque fois qu&rsquo;il n&rsquo;y a pas de gagnant du jackpot, le jackpot augmente, souvent \u00e0 cent millions, deux cent millions et m\u00eame parfois trois cents millions. Je pense que la plupart d&rsquo;entre nous conviendraient que m\u00eame un minimum de 40 millions de dollars suffirait pour nous faire vivre tous nos fantasmes, mais quand il s&rsquo;agit de loteries, plus c&rsquo;est gros, mieux c&rsquo;est. Donc, si vous \u00eates comme la plupart des gens et que vous aimez plus grand, celui-ci est d\u00e9finitivement pour vous.<\/p>\n<h2>Tout ce que vous devez savoir sur le jeu Powerball en ligne<\/h2>\n<p>Powerball offre aux gagnants du jackpot deux fa\u00e7ons de recevoir leurs gains. Vous pouvez <strong> soit recevoir un paiement forfaitaire maintenant <\/strong>, soit gagner beaucoup plus d&rsquo;argent en <strong> le recevant en 30 versements annuels <\/strong>. Chaque versement est \u00e9chelonn\u00e9 pour tenir compte de l&rsquo;inflation , ce qui signifie que votre \u00e9norme paiement de l&rsquo;ann\u00e9e 1 continuera \u00e0 conserver sa valeur dans les ann\u00e9es \u00e0 venir.<\/p>\n<p>Si vous gagnez, vous devrez d\u00e9cider du type de paiement que vous souhaitez utiliser, mais une chose est s\u00fbre, ce sera de loin la d\u00e9cision la plus agr\u00e9able que vous ferez de votre vie. Ils vous donnent 60 jours pour choisir, ce qui vous donnera suffisamment de temps pour obtenir les meilleurs conseils professionnels, ainsi que pour r\u00e9fl\u00e9chir et r\u00eaver \u00e0 ce que vous ferez avec tout cet argent.<\/p>\n<h2>Comment v\u00e9rifier les r\u00e9sultats Powerball<\/h2>\n<p>Il existe un certain nombre de <a href=\"https:\/\/onlinelotto365.com\/fr\/numeros-gagnants\/powerball\"> fa\u00e7ons de v\u00e9rifier les num\u00e9ros gagnants et les r\u00e9sultats du Powerball <\/a> depuis la France. Mais si vous avez jou\u00e9 \u00e0 Powerball en ligne, le moyen le plus simple est de revenir l\u00e0 o\u00f9 vous avez achet\u00e9 votre billet. Dans votre compte, vous pourrez comparer vos num\u00e9ros avec les num\u00e9ros du dernier tirage. Vous recevrez \u00e9galement un e-mail chaque fois que l&rsquo;un de vos billets a gagn\u00e9 quelque chose.<\/p>\n<h2>Vous avez jou\u00e9 au Powerball en ligne et avez gagn\u00e9 &#8211; que se passe-t-il ensuite?<\/h2>\n<p><strong> Notre service comprend la gestion des paiements pour vous <\/strong>. Vous n&rsquo;avez pas \u00e0 vous soucier d&rsquo;\u00eatre pay\u00e9. Et nous ne facturons aucune commission sur vos gains.<\/p>\n<p>La proc\u00e9dure d\u00e9pend de combien vous avez gagn\u00e9. Si vous avez gagn\u00e9 un montant de 2500 \u20ac ou moins, vous recevrez ce montant cr\u00e9dit\u00e9 sur votre compte chez nous. Vous pouvez le retirer ou le laisser dans votre compte et l&rsquo;utiliser pour jouer \u00e0 plus de billets de loterie en ligne.<\/p>\n<p>Si vous gagnez un montant plus \u00e9lev\u00e9, nous vous enverrons un formulaire de r\u00e9clamation par courrier \u00e9lectronique. Vous devez ensuite remplir certaines informations personnelles, y compris comment vous souhaitez \u00eatre pay\u00e9. Il existe deux options: virement bancaire ou ch\u00e8que. Nous transmettrons le formulaire de r\u00e9clamation \u00e0 la commission de loterie et elle vous paiera selon vos instructions.<\/p>\n","protected":false},"excerpt":{"rendered":"<p>Il est en fait assez simple de jouer \u00e0 Powerball en ligne , m\u00eame si vous \u00eates en France. Et c&rsquo;est aussi tr\u00e8s pratique. Assurez-vous d&rsquo;avoir choisi la bonne loterie, \u00e0 savoir Powerball. Ensuite, vous s\u00e9lectionnez vos num\u00e9ros. Si vous essayez de choisir trop de num\u00e9ros ou si vous n&rsquo;avez pas s\u00e9lectionn\u00e9 suffisamment de num\u00e9ros, [&hellip;]<\/p>\n","protected":false},"author":1,"featured_media":0,"parent":5017,"menu_order":1,"comment_status":"closed","ping_status":"closed","template":"powerball-usa.php","meta":{"_et_pb_use_builder":"","_et_pb_old_content":"","_et_gb_content_width":"","exclude_from_search":false,"footnotes":""},"class_list":["post-9564","page","type-page","status-publish","hentry"],"yoast_head":"<!-- This site is optimized with the Yoast SEO plugin v23.4 - https:\/\/yoast.com\/wordpress\/plugins\/seo\/ -->\n<title>Jouer \u00e0 Powerball en ligne depuis la France | Puis-je gagner Powerball depuis la France<\/title>\n<meta name=\"description\" content=\"Jouez au Powerball Lotto ici - la plus grande loterie am\u00e9ricaine, disponible en ligne depuis la France et tout autre pays\" \/>\n<meta name=\"robots\" content=\"index, follow, max-snippet:-1, max-image-preview:large, max-video-preview:-1\" \/>\n<link rel=\"canonical\" href=\"https:\/\/onlinelotto365.com\/fr\/jouer\/powerball\/\" \/>\n<meta property=\"og:locale\" content=\"fr_FR\" \/>\n<meta property=\"og:type\" content=\"article\" \/>\n<meta property=\"og:title\" content=\"Jouer \u00e0 Powerball en ligne depuis la France | Puis-je gagner Powerball depuis la France\" \/>\n<meta property=\"og:description\" content=\"Jouez au Powerball Lotto ici - la plus grande loterie am\u00e9ricaine, disponible en ligne depuis la France et tout autre pays\" \/>\n<meta property=\"og:url\" content=\"https:\/\/onlinelotto365.com\/fr\/jouer\/powerball\/\" \/>\n<meta property=\"og:site_name\" content=\"OnlineLotto365\" \/>\n<meta property=\"article:modified_time\" content=\"2021-01-02T15:29:54+00:00\" \/>\n<meta property=\"og:image\" content=\"https:\/\/redfoxlotto.com\/image?size=8&amp;lottery=powerball\" \/>\n<meta name=\"twitter:card\" content=\"summary_large_image\" \/>\n<meta name=\"twitter:label1\" content=\"Dur\u00e9e de lecture estim\u00e9e\" \/>\n\t<meta name=\"twitter:data1\" content=\"6 minutes\" \/>\n<script type=\"application\/ld+json\" class=\"yoast-schema-graph\">{\"@context\":\"https:\/\/schema.org\",\"@graph\":[{\"@type\":\"WebPage\",\"@id\":\"https:\/\/onlinelotto365.com\/fr\/jouer\/powerball\/\",\"url\":\"https:\/\/onlinelotto365.com\/fr\/jouer\/powerball\/\",\"name\":\"Jouer \u00e0 Powerball en ligne depuis la France | Puis-je gagner Powerball depuis la France\",\"isPartOf\":{\"@id\":\"https:\/\/onlinelotto365.com\/fr\/#website\"},\"primaryImageOfPage\":{\"@id\":\"https:\/\/onlinelotto365.com\/fr\/jouer\/powerball\/#primaryimage\"},\"image\":{\"@id\":\"https:\/\/onlinelotto365.com\/fr\/jouer\/powerball\/#primaryimage\"},\"thumbnailUrl\":\"https:\/\/redfoxlotto.com\/image?size=8&amp;lottery=powerball\",\"datePublished\":\"2020-12-13T11:48:39+00:00\",\"dateModified\":\"2021-01-02T15:29:54+00:00\",\"description\":\"Jouez au Powerball Lotto ici - la plus grande loterie am\u00e9ricaine, disponible en ligne depuis la France et tout autre pays\",\"breadcrumb\":{\"@id\":\"https:\/\/onlinelotto365.com\/fr\/jouer\/powerball\/#breadcrumb\"},\"inLanguage\":\"fr-FR\",\"potentialAction\":[{\"@type\":\"ReadAction\",\"target\":[\"https:\/\/onlinelotto365.com\/fr\/jouer\/powerball\/\"]}]},{\"@type\":\"ImageObject\",\"inLanguage\":\"fr-FR\",\"@id\":\"https:\/\/onlinelotto365.com\/fr\/jouer\/powerball\/#primaryimage\",\"url\":\"https:\/\/redfoxlotto.com\/image?size=8&amp;lottery=powerball\",\"contentUrl\":\"https:\/\/redfoxlotto.com\/image?size=8&amp;lottery=powerball\"},{\"@type\":\"BreadcrumbList\",\"@id\":\"https:\/\/onlinelotto365.com\/fr\/jouer\/powerball\/#breadcrumb\",\"itemListElement\":[{\"@type\":\"ListItem\",\"position\":1,\"name\":\"Home\",\"item\":\"https:\/\/onlinelotto365.com\/fr\/\"},{\"@type\":\"ListItem\",\"position\":2,\"name\":\"Tout ce que vous devez savoir sur vos possibilit\u00e9s de jouer aux meilleures loteries en ligne\",\"item\":\"https:\/\/onlinelotto365.com\/fr\/play\/\"},{\"@type\":\"ListItem\",\"position\":3,\"name\":\"Comment les r\u00e9sidents de France peuvent-ils jouer au Powerball en ligne ?\"}]},{\"@type\":\"WebSite\",\"@id\":\"https:\/\/onlinelotto365.com\/fr\/#website\",\"url\":\"https:\/\/onlinelotto365.com\/fr\/\",\"name\":\"OnlineLotto365\",\"description\":\"\",\"potentialAction\":[{\"@type\":\"SearchAction\",\"target\":{\"@type\":\"EntryPoint\",\"urlTemplate\":\"https:\/\/onlinelotto365.com\/fr\/?s={search_term_string}\"},\"query-input\":{\"@type\":\"PropertyValueSpecification\",\"valueRequired\":true,\"valueName\":\"search_term_string\"}}],\"inLanguage\":\"fr-FR\"}]}<\/script>\n<!-- \/ Yoast SEO plugin. -->","yoast_head_json":{"title":"Jouer \u00e0 Powerball en ligne depuis la France | Puis-je gagner Powerball depuis la France","description":"Jouez au Powerball Lotto ici - la plus grande loterie am\u00e9ricaine, disponible en ligne depuis la France et tout autre pays","robots":{"index":"index","follow":"follow","max-snippet":"max-snippet:-1","max-image-preview":"max-image-preview:large","max-video-preview":"max-video-preview:-1"},"canonical":"https:\/\/onlinelotto365.com\/fr\/jouer\/powerball\/","og_locale":"fr_FR","og_type":"article","og_title":"Jouer \u00e0 Powerball en ligne depuis la France | Puis-je gagner Powerball depuis la France","og_description":"Jouez au Powerball Lotto ici - la plus grande loterie am\u00e9ricaine, disponible en ligne depuis la France et tout autre pays","og_url":"https:\/\/onlinelotto365.com\/fr\/jouer\/powerball\/","og_site_name":"OnlineLotto365","article_modified_time":"2021-01-02T15:29:54+00:00","og_image":[{"url":"https:\/\/redfoxlotto.com\/image?size=8&amp;lottery=powerball"}],"twitter_card":"summary_large_image","twitter_misc":{"Dur\u00e9e de lecture estim\u00e9e":"6 minutes"},"schema":{"@context":"https:\/\/schema.org","@graph":[{"@type":"WebPage","@id":"https:\/\/onlinelotto365.com\/fr\/jouer\/powerball\/","url":"https:\/\/onlinelotto365.com\/fr\/jouer\/powerball\/","name":"Jouer \u00e0 Powerball en ligne depuis la France | Puis-je gagner Powerball depuis la France","isPartOf":{"@id":"https:\/\/onlinelotto365.com\/fr\/#website"},"primaryImageOfPage":{"@id":"https:\/\/onlinelotto365.com\/fr\/jouer\/powerball\/#primaryimage"},"image":{"@id":"https:\/\/onlinelotto365.com\/fr\/jouer\/powerball\/#primaryimage"},"thumbnailUrl":"https:\/\/redfoxlotto.com\/image?size=8&amp;lottery=powerball","datePublished":"2020-12-13T11:48:39+00:00","dateModified":"2021-01-02T15:29:54+00:00","description":"Jouez au Powerball Lotto ici - la plus grande loterie am\u00e9ricaine, disponible en ligne depuis la France et tout autre pays","breadcrumb":{"@id":"https:\/\/onlinelotto365.com\/fr\/jouer\/powerball\/#breadcrumb"},"inLanguage":"fr-FR","potentialAction":[{"@type":"ReadAction","target":["https:\/\/onlinelotto365.com\/fr\/jouer\/powerball\/"]}]},{"@type":"ImageObject","inLanguage":"fr-FR","@id":"https:\/\/onlinelotto365.com\/fr\/jouer\/powerball\/#primaryimage","url":"https:\/\/redfoxlotto.com\/image?size=8&amp;lottery=powerball","contentUrl":"https:\/\/redfoxlotto.com\/image?size=8&amp;lottery=powerball"},{"@type":"BreadcrumbList","@id":"https:\/\/onlinelotto365.com\/fr\/jouer\/powerball\/#breadcrumb","itemListElement":[{"@type":"ListItem","position":1,"name":"Home","item":"https:\/\/onlinelotto365.com\/fr\/"},{"@type":"ListItem","position":2,"name":"Tout ce que vous devez savoir sur vos possibilit\u00e9s de jouer aux meilleures loteries en ligne","item":"https:\/\/onlinelotto365.com\/fr\/play\/"},{"@type":"ListItem","position":3,"name":"Comment les r\u00e9sidents de France peuvent-ils jouer au Powerball en ligne ?"}]},{"@type":"WebSite","@id":"https:\/\/onlinelotto365.com\/fr\/#website","url":"https:\/\/onlinelotto365.com\/fr\/","name":"OnlineLotto365","description":"","potentialAction":[{"@type":"SearchAction","target":{"@type":"EntryPoint","urlTemplate":"https:\/\/onlinelotto365.com\/fr\/?s={search_term_string}"},"query-input":{"@type":"PropertyValueSpecification","valueRequired":true,"valueName":"search_term_string"}}],"inLanguage":"fr-FR"}]}},"_links":{"self":[{"href":"https:\/\/onlinelotto365.com\/fr\/wp-json\/wp\/v2\/pages\/9564","targetHints":{"allow":["GET"]}}],"collection":[{"href":"https:\/\/onlinelotto365.com\/fr\/wp-json\/wp\/v2\/pages"}],"about":[{"href":"https:\/\/onlinelotto365.com\/fr\/wp-json\/wp\/v2\/types\/page"}],"author":[{"embeddable":true,"href":"https:\/\/onlinelotto365.com\/fr\/wp-json\/wp\/v2\/users\/1"}],"replies":[{"embeddable":true,"href":"https:\/\/onlinelotto365.com\/fr\/wp-json\/wp\/v2\/comments?post=9564"}],"version-history":[{"count":0,"href":"https:\/\/onlinelotto365.com\/fr\/wp-json\/wp\/v2\/pages\/9564\/revisions"}],"up":[{"embeddable":true,"href":"https:\/\/onlinelotto365.com\/fr\/wp-json\/wp\/v2\/pages\/5017"}],"wp:attachment":[{"href":"https:\/\/onlinelotto365.com\/fr\/wp-json\/wp\/v2\/media?parent=9564"}],"curies":[{"name":"wp","href":"https:\/\/api.w.org\/{rel}","templated":true}]}}