{"id":4478,"date":"2020-11-30T12:00:58","date_gmt":"2020-11-30T11:00:58","guid":{"rendered":"http:\/\/onlinelotto365.net\/dobrodosli-u-onlinelotto365"},"modified":"2023-10-04T09:12:13","modified_gmt":"2023-10-04T08:12:13","slug":"dobrodosli-u-onlinelotto365","status":"publish","type":"page","link":"https:\/\/onlinelotto365.com\/hr\/","title":{"rendered":"Dobrodo\u0161li u OnlineLotto365!"},"content":{"rendered":"<p>Donedavno, mi, ljubitelji lota, smo bili ograni\u010deni na igranje lutrije iz na\u0161e zemlje ili regiona. O velikim uzbudljivim jackpotovima, s desetcima ili \u010dak stotinama milijuna dolara ili eura nagrade, mogli bismo \u010duti negdje drugdje i po\u017eeljeli bismo da \u017eivimo na mjestima gdje je mogu\u0107e kupiti listi\u0107e za te velike lutrije.<\/p>\n<p>Znam da ste po\u017eeljeli da se u ovu veliku akciju mo\u017eete uklju\u010diti onoliko puta koliko i ja. Nismo mogli ni sudjelovati, a kamoli pobijediti.<br \/>\n<a href=\"https:\/\/redfoxlotto.com\/?ref=a8564250a2&amp;medium=ol365\" target=\"_blank\" rel=\"noopener noreferrer\"><img loading=\"lazy\" decoding=\"async\" class=\"aligncenter\" src=\"https:\/\/redfoxlotto.com\/image?size=8&amp;lottery=mega-millions\" alt=\"Mega Millions\" width=\"728\" height=\"90\" \/><\/a><br \/>\nPa, to \u0107e se sve promijeniti. Sada, putem na\u0161e nove internetske usluge za loto listi\u0107e, nema apsolutno nikakve razlike da li \u017eivite u zemlji u kojoj se odr\u017eava lutrija ili ne.<\/p>\n<h2>Sada naru\u010dite loto listi\u0107e online<\/h2>\n<p>Ovo nisu stara vremena, a kao \u0161to znamo, internet je otvorio cijeli svijet u kojem je sve i sva\u0161ta sada dostupno online. Pa za\u0161to ne bi imali pristup svakom velikom loto jackpotu? To je ideja \u010dije je vrijeme definitivno do\u0161lo, a \u010dekanje je gotovo.<\/p>\n<p>Olak\u0161ali smo internetski pristup svemu tome koliko god smo to mogli u\u010diniti. Sve \u0161to trebate je kliknuti na jednu od lutrija da biste odmah dobili pristup velikim jackpotovima. Tada sve \u0161to morate u\u010diniti je slijediti jednostavne upute koje su Vam dostavljene, odabrati brojeve i kupiti listi\u0107.<\/p>\n<h2>Sigurno pla\u0107anje za online loto<\/h2>\n<p>Ova izvrsna nova usluga nudi nekoliko prikladnih opcija online pla\u0107anja putem 100% sigurnog, najsuvremenijeg procesora pla\u0107anja. Nakon \u0161to kupite listi\u0107e, putem e-maila \u0107ete primiti potvrdu o kupovini i na svom korisni\u010dkom ra\u010dunu \u0107ete vidjeti listi\u0107. Tako\u0111er pru\u017eamo besplatnu pomo\u0107 u prikupljanju dobitaka, ne\u0161to \u0161to \u0107e Vam zasigurno trebati budu\u0107i da ne \u017eivite u zemlji u kojoj se odr\u017eava lutrija. Ne trebate ni o \u010demu brinuti, jer smo osigurali na\u0161e klijente u svakom pogledu.<\/p>\n<h2>\u0160to su ve\u0107i jackpotovi, to su ve\u0107e Va\u0161e \u0161anse<\/h2>\n<p><img loading=\"lazy\" decoding=\"async\" class=\" wp-image-1840 alignright\" src=\"https:\/\/onlinelotto365.com\/wp-content\/uploads\/2023\/10\/online_lottery-164-300x250-1.jpg\" alt=\"online loto usluga\" width=\"250\" height=\"200\" \/><br \/>\nNije tajna da se vrijednost igranja lutrije uveliko pove\u0107ava kada jackpotovi rastu. Dakle, ukoliko igrate loto u na\u0161oj zemlji sigurno \u0107ete morati \u010dekati odre\u0111eno vrijeme da loto dobitak bude dovoljno velik. Svakako, jo\u0161 je uvijek zabavno igrati manje jackpotove, ali apsolutno nema ni\u0161ta bolje od igranja velikih jackpotova online. Nije samo puno zabavnije zami\u0161ljati sebe kako osvajamo jednu od onih ogromnih nagrada za koje vidimo da se i drugi bore, ve\u0107 su \u0161anse za dobitak mnogo ve\u0107e u na\u0161u korist kod velikih jackpotova.<br \/>\nSada imate pristup svim velikim lutrijama, uklju\u010duju\u0107i ameri\u010dke Powerball i Mega Millions, \u0161panjolski El Gordo, talijanski Superenalotto, EuroMillions, Eurojackpot, britansku lutriju, razne australske lutrije i jo\u0161 mnogo toga.<\/p>\n<p>\u010cak i ako ste samo povremeni obo\u017eavatelj lota, za\u0161to biste se ograni\u010dili samo na one kojima mo\u017eete kupiti listi\u0107e na \u0161tandu kad mo\u017eete pro\u0161iriti svoje vidike i tako uklju\u010diti cijeli svijet putem ove izvrsne internetske usluge? Jo\u0161 jednom, sve nam to daju uz naplatu, ali ne\u0107e odbiti ni\u0161ta od na\u0161ih dobitaka.<\/p>\n<h2>Najve\u0107i dobitci u povijesti<\/h2>\n<p>Evo popisa najve\u0107ih jackpotova osvojenih u posljednjih nekoliko godina. Nije iznena\u0111enje da su se svi dogodili u SAD-u. Velike ameri\u010dke lutrije, Powerball i Mega Millions, redovito generiraju ogromne isplate. Stoga ne \u010dudi da je ve\u0107ina internetskih kupnji listi\u0107a za Powerball i Mega Millions.<\/p>\n<ul>\n<li>1568 milijuna dolara, Powerball jackpot osvojen je 13. sije\u010dnja 2016. Ovaj je jackpot podijeljen izme\u0111u 3 dobitnika.<\/li>\n<li>1537 milijuna dolara, Mega Millions jackpot osvojio je jedan pobjednik 23. listopada 2018.<\/li>\n<li>1000 milijuna dolara, Mega Millions jackpot osvojio je jedan dobitnik 22. sije\u010dnja 2021.<\/li>\n<li>768 milijuna dolara, osvojeno na Powerballu 27. o\u017eujka 2019.<\/li>\n<li>758 milijuna dolara, koje je na Powerballu osvojio jedan pobjednik u kolovozu 2017. godine<\/li>\n<li>730 milijuna dolara, koje je na Powerballu osvojio jedan pobjednik 20. sije\u010dnja 2021.<\/li>\n<li>687 milijuna dolara, koje su podijelila dva pobjednika Powerballa 27. listopada 2018.<\/li>\n<li>656 milijuna dolara, jackpot Mega Millionsa koji je podijeljen izme\u0111u tri dobitnika u o\u017eujku 2016.<\/li>\n<\/ul>\n<p>Sad imate priliku za veliku pobjedu na jednoj od ovih lutrija. Pripremite se za izlaganje najboljem \u0161to svijet nudi, a \u0161to je jo\u0161 va\u017enije, uveliko pove\u0107ajete svoje \u0161anse za osvajanje bogatstva online!<\/p>\n<h2>Evolucija lota<\/h2>\n<p><img loading=\"lazy\" decoding=\"async\" class=\" wp-image-1840 alignright\" src=\"https:\/\/onlinelotto365.com\/wp-content\/uploads\/2021\/02\/international-lottery.jpg\" alt=\"me\u0111unarodne lutrije \" width=\"250\" height=\"200\" \/><br \/>\nPovijesno se \u010dini da su se prve lutrije odr\u017eavale u Kini, a \u010dak su i tada te lutrije uglavnom slu\u017eile za financiranje javnih projekata. \u010cak je i Kineski zid mo\u017eda bio jedan od tih projekata. Tijekom stolje\u0107a dr\u017eave i vlade uglavnom su sankcionirale i vodile lutrije radi prikupljanja novca.<\/p>\n<h2>Lutrija u moderno doba<\/h2>\n<p>Budu\u0107i da je internet mnogima olak\u0161ao stvari, ve\u0107ina nacionalnih lutrija po\u010dela je nuditi mogu\u0107nost kupnje listi\u0107a putem interneta. Ali kupnja loto listi\u0107a online putem web stranica nacionalnih lutrija bila je ograni\u010dena na igra\u010de iz zemlje te lutrije. To je ograni\u010denje sada uklonjeno sljede\u0107im korakom u evoluciji lutrije.<\/p>\n<h2>Vi\u0161e izbora na lutriji daje Vam bolje \u0161anse za pobjedu<\/h2>\n<p>Ideja o internetskoj usluzi poput na\u0161e koja ljubiteljima lota omogu\u0107uje sudjelovanje u lutrijama iz drugih jurisdikcija bila je sljede\u0107i logi\u010dan korak u razvoju. Sada igra\u010di lota mogu birati izme\u0111u brojnih lutrija. Ciljaju\u0107i na trenutno najve\u0107i jackpot, mogu znatno pobolj\u0161ati svoja dobitna o\u010dekivanja. Za lutrije kao \u0161to su Mega Millions, Powerball i Euromillions, postotak kupovine lutrijskih listi\u0107a putem interneta od strane igra\u010da iz cijelog svijeta raste iz mjeseca u mjesec<\/p>\n","protected":false},"excerpt":{"rendered":"<p>Donedavno, mi, ljubitelji lota, smo bili ograni\u010deni na igranje lutrije iz na\u0161e zemlje ili regiona. O velikim uzbudljivim jackpotovima, s desetcima ili \u010dak stotinama milijuna dolara ili eura nagrade, mogli bismo \u010duti negdje drugdje i po\u017eeljeli bismo da \u017eivimo na mjestima gdje je mogu\u0107e kupiti listi\u0107e za te velike lutrije. Znam da ste po\u017eeljeli da [&hellip;]<\/p>\n","protected":false},"author":1,"featured_media":0,"parent":0,"menu_order":1,"comment_status":"closed","ping_status":"closed","template":"lotto.php","meta":{"_et_pb_use_builder":"","_et_pb_old_content":"","_et_gb_content_width":"","exclude_from_search":false,"footnotes":""},"class_list":["post-4478","page","type-page","status-publish","hentry"],"yoast_head":"<!-- This site is optimized with the Yoast SEO plugin v23.4 - https:\/\/yoast.com\/wordpress\/plugins\/seo\/ -->\n<title>Loto Online | Svi svjetski lutrijski jackpotovi dostupni online<\/title>\n<meta name=\"description\" content=\"Online servis za loto listi\u0107e za bilo koji me\u0111unarodni jackpot. Nabavite listi\u0107e za bilo koju lutriju svijeta, bez obzira gdje \u017eivite\" \/>\n<meta name=\"robots\" content=\"index, follow, max-snippet:-1, max-image-preview:large, max-video-preview:-1\" \/>\n<link rel=\"canonical\" href=\"https:\/\/onlinelotto365.com\/hr\/\" \/>\n<meta property=\"og:locale\" content=\"hr_HR\" \/>\n<meta property=\"og:type\" content=\"article\" \/>\n<meta property=\"og:title\" content=\"Loto Online | Svi svjetski lutrijski jackpotovi dostupni online\" \/>\n<meta property=\"og:description\" content=\"Online servis za loto listi\u0107e za bilo koji me\u0111unarodni jackpot. Nabavite listi\u0107e za bilo koju lutriju svijeta, bez obzira gdje \u017eivite\" \/>\n<meta property=\"og:url\" content=\"https:\/\/onlinelotto365.com\/hr\/\" \/>\n<meta property=\"og:site_name\" content=\"OnlineLotto365\" \/>\n<meta property=\"article:modified_time\" content=\"2023-10-04T08:12:13+00:00\" \/>\n<meta property=\"og:image\" content=\"https:\/\/redfoxlotto.com\/image?size=8&amp;lottery=mega-millions\" \/>\n<meta name=\"twitter:card\" content=\"summary_large_image\" \/>\n<meta name=\"twitter:label1\" content=\"Procijenjeno vrijeme \u010ditanja\" \/>\n\t<meta name=\"twitter:data1\" content=\"5 minuta\" \/>\n<script type=\"application\/ld+json\" class=\"yoast-schema-graph\">{\"@context\":\"https:\/\/schema.org\",\"@graph\":[{\"@type\":\"WebPage\",\"@id\":\"https:\/\/onlinelotto365.com\/hr\/\",\"url\":\"https:\/\/onlinelotto365.com\/hr\/\",\"name\":\"Loto Online | Svi svjetski lutrijski jackpotovi dostupni online\",\"isPartOf\":{\"@id\":\"https:\/\/onlinelotto365.com\/hr\/#website\"},\"primaryImageOfPage\":{\"@id\":\"https:\/\/onlinelotto365.com\/hr\/#primaryimage\"},\"image\":{\"@id\":\"https:\/\/onlinelotto365.com\/hr\/#primaryimage\"},\"thumbnailUrl\":\"https:\/\/redfoxlotto.com\/image?size=8&amp;lottery=mega-millions\",\"datePublished\":\"2020-11-30T11:00:58+00:00\",\"dateModified\":\"2023-10-04T08:12:13+00:00\",\"description\":\"Online servis za loto listi\u0107e za bilo koji me\u0111unarodni jackpot. Nabavite listi\u0107e za bilo koju lutriju svijeta, bez obzira gdje \u017eivite\",\"breadcrumb\":{\"@id\":\"https:\/\/onlinelotto365.com\/hr\/#breadcrumb\"},\"inLanguage\":\"hr\",\"potentialAction\":[{\"@type\":\"ReadAction\",\"target\":[\"https:\/\/onlinelotto365.com\/hr\/\"]}]},{\"@type\":\"ImageObject\",\"inLanguage\":\"hr\",\"@id\":\"https:\/\/onlinelotto365.com\/hr\/#primaryimage\",\"url\":\"https:\/\/redfoxlotto.com\/image?size=8&amp;lottery=mega-millions\",\"contentUrl\":\"https:\/\/redfoxlotto.com\/image?size=8&amp;lottery=mega-millions\"},{\"@type\":\"BreadcrumbList\",\"@id\":\"https:\/\/onlinelotto365.com\/hr\/#breadcrumb\",\"itemListElement\":[{\"@type\":\"ListItem\",\"position\":1,\"name\":\"Home\",\"item\":\"https:\/\/onlinelotto365.com\/hr\/\"},{\"@type\":\"ListItem\",\"position\":2,\"name\":\"Dobrodo\u0161li u OnlineLotto365!\"}]},{\"@type\":\"WebSite\",\"@id\":\"https:\/\/onlinelotto365.com\/hr\/#website\",\"url\":\"https:\/\/onlinelotto365.com\/hr\/\",\"name\":\"OnlineLotto365\",\"description\":\"\",\"potentialAction\":[{\"@type\":\"SearchAction\",\"target\":{\"@type\":\"EntryPoint\",\"urlTemplate\":\"https:\/\/onlinelotto365.com\/hr\/?s={search_term_string}\"},\"query-input\":{\"@type\":\"PropertyValueSpecification\",\"valueRequired\":true,\"valueName\":\"search_term_string\"}}],\"inLanguage\":\"hr\"}]}<\/script>\n<!-- \/ Yoast SEO plugin. -->","yoast_head_json":{"title":"Loto Online | Svi svjetski lutrijski jackpotovi dostupni online","description":"Online servis za loto listi\u0107e za bilo koji me\u0111unarodni jackpot. Nabavite listi\u0107e za bilo koju lutriju svijeta, bez obzira gdje \u017eivite","robots":{"index":"index","follow":"follow","max-snippet":"max-snippet:-1","max-image-preview":"max-image-preview:large","max-video-preview":"max-video-preview:-1"},"canonical":"https:\/\/onlinelotto365.com\/hr\/","og_locale":"hr_HR","og_type":"article","og_title":"Loto Online | Svi svjetski lutrijski jackpotovi dostupni online","og_description":"Online servis za loto listi\u0107e za bilo koji me\u0111unarodni jackpot. Nabavite listi\u0107e za bilo koju lutriju svijeta, bez obzira gdje \u017eivite","og_url":"https:\/\/onlinelotto365.com\/hr\/","og_site_name":"OnlineLotto365","article_modified_time":"2023-10-04T08:12:13+00:00","og_image":[{"url":"https:\/\/redfoxlotto.com\/image?size=8&amp;lottery=mega-millions"}],"twitter_card":"summary_large_image","twitter_misc":{"Procijenjeno vrijeme \u010ditanja":"5 minuta"},"schema":{"@context":"https:\/\/schema.org","@graph":[{"@type":"WebPage","@id":"https:\/\/onlinelotto365.com\/hr\/","url":"https:\/\/onlinelotto365.com\/hr\/","name":"Loto Online | Svi svjetski lutrijski jackpotovi dostupni online","isPartOf":{"@id":"https:\/\/onlinelotto365.com\/hr\/#website"},"primaryImageOfPage":{"@id":"https:\/\/onlinelotto365.com\/hr\/#primaryimage"},"image":{"@id":"https:\/\/onlinelotto365.com\/hr\/#primaryimage"},"thumbnailUrl":"https:\/\/redfoxlotto.com\/image?size=8&amp;lottery=mega-millions","datePublished":"2020-11-30T11:00:58+00:00","dateModified":"2023-10-04T08:12:13+00:00","description":"Online servis za loto listi\u0107e za bilo koji me\u0111unarodni jackpot. Nabavite listi\u0107e za bilo koju lutriju svijeta, bez obzira gdje \u017eivite","breadcrumb":{"@id":"https:\/\/onlinelotto365.com\/hr\/#breadcrumb"},"inLanguage":"hr","potentialAction":[{"@type":"ReadAction","target":["https:\/\/onlinelotto365.com\/hr\/"]}]},{"@type":"ImageObject","inLanguage":"hr","@id":"https:\/\/onlinelotto365.com\/hr\/#primaryimage","url":"https:\/\/redfoxlotto.com\/image?size=8&amp;lottery=mega-millions","contentUrl":"https:\/\/redfoxlotto.com\/image?size=8&amp;lottery=mega-millions"},{"@type":"BreadcrumbList","@id":"https:\/\/onlinelotto365.com\/hr\/#breadcrumb","itemListElement":[{"@type":"ListItem","position":1,"name":"Home","item":"https:\/\/onlinelotto365.com\/hr\/"},{"@type":"ListItem","position":2,"name":"Dobrodo\u0161li u OnlineLotto365!"}]},{"@type":"WebSite","@id":"https:\/\/onlinelotto365.com\/hr\/#website","url":"https:\/\/onlinelotto365.com\/hr\/","name":"OnlineLotto365","description":"","potentialAction":[{"@type":"SearchAction","target":{"@type":"EntryPoint","urlTemplate":"https:\/\/onlinelotto365.com\/hr\/?s={search_term_string}"},"query-input":{"@type":"PropertyValueSpecification","valueRequired":true,"valueName":"search_term_string"}}],"inLanguage":"hr"}]}},"_links":{"self":[{"href":"https:\/\/onlinelotto365.com\/hr\/wp-json\/wp\/v2\/pages\/4478","targetHints":{"allow":["GET"]}}],"collection":[{"href":"https:\/\/onlinelotto365.com\/hr\/wp-json\/wp\/v2\/pages"}],"about":[{"href":"https:\/\/onlinelotto365.com\/hr\/wp-json\/wp\/v2\/types\/page"}],"author":[{"embeddable":true,"href":"https:\/\/onlinelotto365.com\/hr\/wp-json\/wp\/v2\/users\/1"}],"replies":[{"embeddable":true,"href":"https:\/\/onlinelotto365.com\/hr\/wp-json\/wp\/v2\/comments?post=4478"}],"version-history":[{"count":0,"href":"https:\/\/onlinelotto365.com\/hr\/wp-json\/wp\/v2\/pages\/4478\/revisions"}],"wp:attachment":[{"href":"https:\/\/onlinelotto365.com\/hr\/wp-json\/wp\/v2\/media?parent=4478"}],"curies":[{"name":"wp","href":"https:\/\/api.w.org\/{rel}","templated":true}]}}