{"id":5011,"date":"2020-12-03T08:10:08","date_gmt":"2020-12-03T07:10:08","guid":{"rendered":"http:\/\/onlinelotto365.net\/?page_id=5011"},"modified":"2021-03-17T11:31:17","modified_gmt":"2021-03-17T10:31:17","slug":"igrajte","status":"publish","type":"page","link":"https:\/\/onlinelotto365.com\/hr\/igrajte\/","title":{"rendered":"Sve \u0161to morate znati o va\u0161im mogu\u0107nostima igranja najboljih lutrija online"},"content":{"rendered":"<p>\u017delite li po\u010deti igrati lutriju? Pa, ako \u017eelite, svakako \u0107ete htjeti provjeriti svoje online mogu\u0107nosti. Sve velike igre na sre\u0107u, iz gotovo bilo kojeg mjesta na svijetu, mogu\u0107e je igrati online. Jednostavno morate znati gdje tra\u017eiti i kako po\u010deti. Sre\u0107om za vas, to je stvarno jednostavno u\u010diniti. Samo trebate dodati na\u0161u web stranicu u va\u0161e oznake i provjeriti a\u017eurirane informacije. Prona\u0107i \u0107ete mnogo mogu\u0107nosti za igranje svake lutrije koju vidite u bilo kojoj od navedenih zemalja.<br \/>\n<a href=\"https:\/\/redfoxlotto.com\/play\/mega-millions\/?ref=a8564250a2&amp;medium=ol365\" target=\"_blank\" rel=\"noopener noreferrer\"><img loading=\"lazy\" decoding=\"async\" class=\"aligncenter\" src=\"https:\/\/redfoxlotto.com\/image?size=7&amp;lottery=mega-millions\" alt=\"igraj mega millions\" width=\"841\" height=\"108\" \/><\/a><\/p>\n<p>Ono \u0161to je sjajno kod online opcija jest \u010dinjenica da vam to omogu\u0107uje igranje igara koje se nalaze \u0161irom svijeta. Vi\u0161e se ne\u0107ete ograni\u010davati samo na igre koje mo\u017eete igrati u svojoj lokalnoj trgovini. Umjesto toga, mo\u0107i \u0107ete provjeriti kako se igraju igre u razli\u010ditim zemljama i mo\u017eete oku\u0161ati svoju sre\u0107u u njima.<\/p>\n<h2>Igranje lutrije online vam daje vi\u0161e izbora<\/h2>\n<p>Najbolji dio igranja lutrije online je \u010dinjenica da \u0107e vam u bilo kojem trenutku biti na raspolaganju veliki jackpot kojeg \u0107ete mo\u0107i osvojiti. Ako se ograni\u010dite na igranje lokalnog lota, mo\u017eda \u0107ete morati dugo \u010dekati da jackpot naraste do to\u010dke kada ima smisla ulagati novac u karte.<\/p>\n<p>Jasno je da je veli\u010dina loto jackpota va\u017ena za va\u0161u odluku. Ve\u0107a nagrada zna\u010di da je matemati\u010dko va\u0161e osvajanje ve\u0107e. Zbog toga ve\u0107ina na\u0161ih kupaca tro\u0161i svoj novac rezerviran za loto na jackpot koji je trenutno najve\u0107i.<\/p>\n<h2>Kako funkcionira online usluga lota?<\/h2>\n<p><img loading=\"lazy\" decoding=\"async\" class=\"alignright wp-image-1862\" src=\"https:\/\/onlinelotto365.com\/wp-content\/uploads\/2020\/11\/online_lottery-166-200x300.jpg\" alt=\"igraj loto online\" width=\"122\" height=\"183\" \/><\/p>\n<p>Najbr\u017ei na\u010din za po\u010detak igranja lutrije online je kliknuti jedan od gumba ili natpisa na lutriji i odabrati svoje brojeve kako biste stvorili listi\u0107. Ako \u017eelite, mo\u017eete igrati vi\u0161e lutrija. Samo dodajte onoliko listi\u0107a koliko \u017eelite igrati u ko\u0161aricu. Zatim kliknite za pla\u0107anje. Tako\u0111er morate stvoriti korisni\u010dki ra\u010dun. Nemojte zaboraviti potvrditi svoj ra\u010dun &#8211; potra\u017eite e-mail za potvrdu u pristigloj po\u0161ti. Ako tamo nema tog e-maila, prona\u0107i \u0107ete ga u mapi s nepoznatim po\u0161iljateljima ili mo\u017eda u ne\u017eeljenoj po\u0161ti.<\/p>\n<h2>Mogu li igrati iz svoje zemlje prebivali\u0161ta?<\/h2>\n<p>Zaista nije va\u017eno gdje \u017eivite. Igranje lota online radi od (gotovo) svugdje. Iznimka su samo \u0161to ne mo\u017eemo prihvatiti kupce iz SAD-a i Nizozemske.<\/p>\n<h2>Kako da preuzmem dobitak?<\/h2>\n<p>Na\u0161a usluga listi\u0107a za lutriju uklju\u010duje na\u0161u pomo\u0107 kada je u pitanju unov\u010davanje va\u0161eg dobitka. Postoje dva razli\u010dita postupka za to:<\/p>\n<ul>\n<li>Osvojili ste manje od 2500 \u20ac: Osvojeni iznos se pripisuje va\u0161em korisni\u010dkom stanju na na\u0161oj web stranici. Na primjer, mo\u017eete gotovinu isplatiti od tamo na svoju kreditnu karticu ili bankovni ra\u010dun.<\/li>\n<li>Osvojili ste vi\u0161e od 2500\u20ac: Isplate ve\u0107ih iznosa izvr\u0161it \u0107e izravno sama lutrija. Dostavit \u0107emo vam obrazac koji morate ispuniti i poslati nam natrag. Obrazac sadr\u017ei va\u0161e upute za isplatu, koje mogu biti bankovni prijenos ili \u010dek. Sve ovo \u0107e biti napravljeno online. Obrazac \u0107emo poslati lutriji, a oni \u0107e novac uputiti na va\u0161 bankovni ra\u010dun ili \u0107e vam poslati \u010dek \u2013 ovisno o va\u0161im \u017eeljama.<\/li>\n<\/ul>\n","protected":false},"excerpt":{"rendered":"<p>\u017delite li po\u010deti igrati lutriju? Pa, ako \u017eelite, svakako \u0107ete htjeti provjeriti svoje online mogu\u0107nosti. Sve velike igre na sre\u0107u, iz gotovo bilo kojeg mjesta na svijetu, mogu\u0107e je igrati online. Jednostavno morate znati gdje tra\u017eiti i kako po\u010deti. Sre\u0107om za vas, to je stvarno jednostavno u\u010diniti. Samo trebate dodati na\u0161u web stranicu u va\u0161e [&hellip;]<\/p>\n","protected":false},"author":1,"featured_media":0,"parent":0,"menu_order":2,"comment_status":"closed","ping_status":"closed","template":"Play-all.php","meta":{"_et_pb_use_builder":"","_et_pb_old_content":"","_et_gb_content_width":"","exclude_from_search":false,"footnotes":""},"class_list":["post-5011","page","type-page","status-publish","hentry"],"yoast_head":"<!-- This site is optimized with the Yoast SEO plugin v23.4 - https:\/\/yoast.com\/wordpress\/plugins\/seo\/ -->\n<title>Igrajte Lotto Online - vi\u0161e jackpotova za ljubitelje lutrije iz cijelog svijeta<\/title>\n<meta name=\"description\" content=\"Olak\u0161avamo vam online igranje lutrija u inozemstvu - svi veliki jackpotovi su ovdje\" \/>\n<meta name=\"robots\" content=\"index, follow, max-snippet:-1, max-image-preview:large, max-video-preview:-1\" \/>\n<link rel=\"canonical\" href=\"https:\/\/onlinelotto365.com\/hr\/igrajte\/\" \/>\n<meta property=\"og:locale\" content=\"hr_HR\" \/>\n<meta property=\"og:type\" content=\"article\" \/>\n<meta property=\"og:title\" content=\"Igrajte Lotto Online - vi\u0161e jackpotova za ljubitelje lutrije iz cijelog svijeta\" \/>\n<meta property=\"og:description\" content=\"Olak\u0161avamo vam online igranje lutrija u inozemstvu - svi veliki jackpotovi su ovdje\" \/>\n<meta property=\"og:url\" content=\"https:\/\/onlinelotto365.com\/hr\/igrajte\/\" \/>\n<meta property=\"og:site_name\" content=\"OnlineLotto365\" \/>\n<meta property=\"article:modified_time\" content=\"2021-03-17T10:31:17+00:00\" \/>\n<meta property=\"og:image\" content=\"https:\/\/redfoxlotto.com\/image?size=7&amp;lottery=mega-millions\" \/>\n<meta name=\"twitter:card\" content=\"summary_large_image\" \/>\n<meta name=\"twitter:label1\" content=\"Procijenjeno vrijeme \u010ditanja\" \/>\n\t<meta name=\"twitter:data1\" content=\"3 minute\" \/>\n<script type=\"application\/ld+json\" class=\"yoast-schema-graph\">{\"@context\":\"https:\/\/schema.org\",\"@graph\":[{\"@type\":\"WebPage\",\"@id\":\"https:\/\/onlinelotto365.com\/hr\/igrajte\/\",\"url\":\"https:\/\/onlinelotto365.com\/hr\/igrajte\/\",\"name\":\"Igrajte Lotto Online - vi\u0161e jackpotova za ljubitelje lutrije iz cijelog svijeta\",\"isPartOf\":{\"@id\":\"https:\/\/onlinelotto365.com\/hr\/#website\"},\"primaryImageOfPage\":{\"@id\":\"https:\/\/onlinelotto365.com\/hr\/igrajte\/#primaryimage\"},\"image\":{\"@id\":\"https:\/\/onlinelotto365.com\/hr\/igrajte\/#primaryimage\"},\"thumbnailUrl\":\"https:\/\/redfoxlotto.com\/image?size=7&amp;lottery=mega-millions\",\"datePublished\":\"2020-12-03T07:10:08+00:00\",\"dateModified\":\"2021-03-17T10:31:17+00:00\",\"description\":\"Olak\u0161avamo vam online igranje lutrija u inozemstvu - svi veliki jackpotovi su ovdje\",\"breadcrumb\":{\"@id\":\"https:\/\/onlinelotto365.com\/hr\/igrajte\/#breadcrumb\"},\"inLanguage\":\"hr\",\"potentialAction\":[{\"@type\":\"ReadAction\",\"target\":[\"https:\/\/onlinelotto365.com\/hr\/igrajte\/\"]}]},{\"@type\":\"ImageObject\",\"inLanguage\":\"hr\",\"@id\":\"https:\/\/onlinelotto365.com\/hr\/igrajte\/#primaryimage\",\"url\":\"https:\/\/redfoxlotto.com\/image?size=7&amp;lottery=mega-millions\",\"contentUrl\":\"https:\/\/redfoxlotto.com\/image?size=7&amp;lottery=mega-millions\"},{\"@type\":\"BreadcrumbList\",\"@id\":\"https:\/\/onlinelotto365.com\/hr\/igrajte\/#breadcrumb\",\"itemListElement\":[{\"@type\":\"ListItem\",\"position\":1,\"name\":\"Home\",\"item\":\"https:\/\/onlinelotto365.com\/hr\/\"},{\"@type\":\"ListItem\",\"position\":2,\"name\":\"Sve \u0161to morate znati o va\u0161im mogu\u0107nostima igranja najboljih lutrija online\"}]},{\"@type\":\"WebSite\",\"@id\":\"https:\/\/onlinelotto365.com\/hr\/#website\",\"url\":\"https:\/\/onlinelotto365.com\/hr\/\",\"name\":\"OnlineLotto365\",\"description\":\"\",\"potentialAction\":[{\"@type\":\"SearchAction\",\"target\":{\"@type\":\"EntryPoint\",\"urlTemplate\":\"https:\/\/onlinelotto365.com\/hr\/?s={search_term_string}\"},\"query-input\":{\"@type\":\"PropertyValueSpecification\",\"valueRequired\":true,\"valueName\":\"search_term_string\"}}],\"inLanguage\":\"hr\"}]}<\/script>\n<!-- \/ Yoast SEO plugin. -->","yoast_head_json":{"title":"Igrajte Lotto Online - vi\u0161e jackpotova za ljubitelje lutrije iz cijelog svijeta","description":"Olak\u0161avamo vam online igranje lutrija u inozemstvu - svi veliki jackpotovi su ovdje","robots":{"index":"index","follow":"follow","max-snippet":"max-snippet:-1","max-image-preview":"max-image-preview:large","max-video-preview":"max-video-preview:-1"},"canonical":"https:\/\/onlinelotto365.com\/hr\/igrajte\/","og_locale":"hr_HR","og_type":"article","og_title":"Igrajte Lotto Online - vi\u0161e jackpotova za ljubitelje lutrije iz cijelog svijeta","og_description":"Olak\u0161avamo vam online igranje lutrija u inozemstvu - svi veliki jackpotovi su ovdje","og_url":"https:\/\/onlinelotto365.com\/hr\/igrajte\/","og_site_name":"OnlineLotto365","article_modified_time":"2021-03-17T10:31:17+00:00","og_image":[{"url":"https:\/\/redfoxlotto.com\/image?size=7&amp;lottery=mega-millions"}],"twitter_card":"summary_large_image","twitter_misc":{"Procijenjeno vrijeme \u010ditanja":"3 minute"},"schema":{"@context":"https:\/\/schema.org","@graph":[{"@type":"WebPage","@id":"https:\/\/onlinelotto365.com\/hr\/igrajte\/","url":"https:\/\/onlinelotto365.com\/hr\/igrajte\/","name":"Igrajte Lotto Online - vi\u0161e jackpotova za ljubitelje lutrije iz cijelog svijeta","isPartOf":{"@id":"https:\/\/onlinelotto365.com\/hr\/#website"},"primaryImageOfPage":{"@id":"https:\/\/onlinelotto365.com\/hr\/igrajte\/#primaryimage"},"image":{"@id":"https:\/\/onlinelotto365.com\/hr\/igrajte\/#primaryimage"},"thumbnailUrl":"https:\/\/redfoxlotto.com\/image?size=7&amp;lottery=mega-millions","datePublished":"2020-12-03T07:10:08+00:00","dateModified":"2021-03-17T10:31:17+00:00","description":"Olak\u0161avamo vam online igranje lutrija u inozemstvu - svi veliki jackpotovi su ovdje","breadcrumb":{"@id":"https:\/\/onlinelotto365.com\/hr\/igrajte\/#breadcrumb"},"inLanguage":"hr","potentialAction":[{"@type":"ReadAction","target":["https:\/\/onlinelotto365.com\/hr\/igrajte\/"]}]},{"@type":"ImageObject","inLanguage":"hr","@id":"https:\/\/onlinelotto365.com\/hr\/igrajte\/#primaryimage","url":"https:\/\/redfoxlotto.com\/image?size=7&amp;lottery=mega-millions","contentUrl":"https:\/\/redfoxlotto.com\/image?size=7&amp;lottery=mega-millions"},{"@type":"BreadcrumbList","@id":"https:\/\/onlinelotto365.com\/hr\/igrajte\/#breadcrumb","itemListElement":[{"@type":"ListItem","position":1,"name":"Home","item":"https:\/\/onlinelotto365.com\/hr\/"},{"@type":"ListItem","position":2,"name":"Sve \u0161to morate znati o va\u0161im mogu\u0107nostima igranja najboljih lutrija online"}]},{"@type":"WebSite","@id":"https:\/\/onlinelotto365.com\/hr\/#website","url":"https:\/\/onlinelotto365.com\/hr\/","name":"OnlineLotto365","description":"","potentialAction":[{"@type":"SearchAction","target":{"@type":"EntryPoint","urlTemplate":"https:\/\/onlinelotto365.com\/hr\/?s={search_term_string}"},"query-input":{"@type":"PropertyValueSpecification","valueRequired":true,"valueName":"search_term_string"}}],"inLanguage":"hr"}]}},"_links":{"self":[{"href":"https:\/\/onlinelotto365.com\/hr\/wp-json\/wp\/v2\/pages\/5011","targetHints":{"allow":["GET"]}}],"collection":[{"href":"https:\/\/onlinelotto365.com\/hr\/wp-json\/wp\/v2\/pages"}],"about":[{"href":"https:\/\/onlinelotto365.com\/hr\/wp-json\/wp\/v2\/types\/page"}],"author":[{"embeddable":true,"href":"https:\/\/onlinelotto365.com\/hr\/wp-json\/wp\/v2\/users\/1"}],"replies":[{"embeddable":true,"href":"https:\/\/onlinelotto365.com\/hr\/wp-json\/wp\/v2\/comments?post=5011"}],"version-history":[{"count":0,"href":"https:\/\/onlinelotto365.com\/hr\/wp-json\/wp\/v2\/pages\/5011\/revisions"}],"wp:attachment":[{"href":"https:\/\/onlinelotto365.com\/hr\/wp-json\/wp\/v2\/media?parent=5011"}],"curies":[{"name":"wp","href":"https:\/\/api.w.org\/{rel}","templated":true}]}}