{"id":5552,"date":"2020-12-04T16:42:27","date_gmt":"2020-12-04T15:42:27","guid":{"rendered":"http:\/\/onlinelotto365.net\/?page_id=5552"},"modified":"2021-03-06T19:28:19","modified_gmt":"2021-03-06T18:28:19","slug":"kupiti-karte","status":"publish","type":"page","link":"https:\/\/onlinelotto365.com\/hr\/kupiti-karte\/","title":{"rendered":"Online usluga za kupnju listi\u0107a me\u0111unarodnih loto doga\u0111aja"},"content":{"rendered":"<h2>\u00a0Govorimo o pravoj stvari: Najve\u0107e svijetske lutrije<\/h2>\n<p>Do sada smo bili ograni\u010deni igrati samo onaj loto koji se organizira na podru\u010dju svijeta u kojem se nalazimo. Ovisno o tome gdje \u017eivite, svako toliko jackpot mo\u017ee postati toliko velik da stvara uzbu\u0111enje u ljudima, a prodajna mjesta postanu preplavljena ljudima koji jedva \u010dekaju biti dio akcije.<br \/>\n<a href=\"https:\/\/redfoxlotto.com\/?ref=a8564250a2&amp;medium=ol365\" target=\"_blank\" rel=\"noopener noreferrer\"><img loading=\"lazy\" decoding=\"async\" class=\"aligncenter\" src=\"https:\/\/redfoxlotto.com\/image?size=8&amp;lottery=euromillions\" alt=\"Euromillions\" width=\"720\" height=\"90\" \/><\/a><\/p>\n<p>Da bi ste kupili listi\u0107e drugih podru\u010dja ili zemalja, morali ste fizi\u010dki oti\u0107i tamo. Naravno, ako vam to nije usput, te\u0161ko \u0107ete imati tu priliku, jer \u010dak i ako posje\u0107ujete tu dr\u017eavu, \u0161to \u0107ete napraviti ako zapravo i ostvarite dobitak?<\/p>\n<p>Mnogi ljudi ni ne razmatraju mogu\u0107nost kupnje listi\u0107a putem interneta ili uop\u0107e igranja lutrije drugih zemalja. Neki su sanjali o tome, no taj san nije bio ostvariv- sve do sad.<\/p>\n<p>Veoma smo uzbu\u0111eni najaviti ponudu nove usluge za kupnju loto listi\u0107a putem interneta, gdje mo\u017eete sudjelovati u svim najve\u0107im lutrijama na svijetu iz udobnosti svoga doma. Mi \u0107emo obaviti sav posao za vas.<\/p>\n<h2>\u00a0Kako funkcionira proces kupnje loto listi\u0107a putem interneta<\/h2>\n<p><img loading=\"lazy\" decoding=\"async\" class=\" wp-image-729 alignright\" src=\"https:\/\/onlinelotto365.com\/wp-content\/uploads\/2020\/11\/online_lottery-52-300x169.jpg\" alt=\"Kupi loto listi\u0107e online\" width=\"210\" height=\"119\" \/><\/p>\n<p>Prvo \u0161to trebate u\u010diniti, naravno, jest odabrati koju lutriju \u017eelite zaigrati, a na raspolaganju su vam sve lutrije diljem svijeta. Tada odaberite koliko online listi\u0107a \u017eelite kupiti te potom mo\u017eete ili sami odabrati brojeve ili pustiti generator nausmi\u010dnih brojeva da to u\u010dini za vas.<\/p>\n<p>Potom otvorite ra\u010dun. Pa unesete sve potrebne osobne informacije, te kreirate proizvoljno korisni\u010dko ime i lozinku kako bi se mogli ulogirati na online loto stranicu kad god po\u017eelite.<\/p>\n<p>Tada morate odabrati metodu pla\u0107anja za va\u0161e online listi\u0107e. Ve\u0107ina ljudi koristi kreditne kartice, ali postoji nekoliko drugih metoda pla\u0107anja ako ju slu\u010dajno nemate. Sve transakcije su, naravno, potpuno sigurne koriste\u0107i najmoderniji sigurnosni softver, kako se ne bi morali brinuti ni za \u0161to.<\/p>\n<p>Za svaki sljede\u0107i loto postoji vremenski broja\u010d koji otkucava prema nuli, kako bi jednostavno mogli provjeriti koliko je jo\u0161 vremena ostalo do izvla\u010denja, kako bi lak\u0161e odlu\u010dili koji loto \u017eelite odigrati&#8230;<\/p>\n<h2>\u00a0Tada oni kupe listi\u0107 za vas<\/h2>\n<p>Tada ova izvrsna usluga zapravo oti\u0111e i kupi listi\u0107 za vas, s va\u0161im imenom, kako ga nitko osim vas ne bi mogao unov\u010diti. Tada vam po\u0161alju email potvrde s va\u0161im brojevima.<\/p>\n<p>Rezultati svakog loto izvla\u010denja se objavljuju na stranici, pa iako je zabavno sam provjeriti brojeve, \u010dak se ne morate ni s tim zamarati ako ne \u017eelite. Svaki put kad dobijete, obavijestit \u0107e vas putem emaila, pa nikad ne\u0107ete propustiti dobitke.<\/p>\n<p>Pitajte u lokalnoj prodavaonici lutrije ako bi to u\u010dinili za vas. Mislit \u0107e da ste ludi. To vam pokazuje koliko je ova usluga uistinu prvoklasna i pru\u017eaju vam svu mogu\u0107u pomo\u0107 na svakom koraku.<\/p>\n<h2>\u00a0Unov\u010dite svoj dobitak<\/h2>\n<p>Ovisno o tome koliko ste dobili, postoje razli\u010diti procesi koji se koriste kod isplate va\u0161ih dobitaka. Ako je iznos manji od \u20ac2500, mo\u017eete samo pustiti novac na ra\u010dunu ako budete htjeli kupiti jo\u0161 listi\u0107a ili vam oni mogu poslati taj novac. Kada ostvarite ve\u0107e dobitke, poslati \u0107e vam obrazac za isplatu koji morate ispuniti i vratiti, pa \u0107ete novac dobiti putem bankovnog \u010deka, kojeg mo\u017eete prebaciti direktno na va\u0161 bankovni ra\u010dun.<\/p>\n<p>Kada dobijete ogromnu nagradu, tada vas lutrija mo\u017ee zatra\u017eiti da se osobno pojavite i preuzmete novac. A kada osvojite sav taj novac, taj put \u0107e vam sigurno biti ugodan. Va\u0161 online loto listi\u0107 je ostvario jackpot, pa mo\u017eete onda odmah i po\u010deti slavlje s putovanjem. Kad se vratite, mo\u017eda uzmete odmor za stalno i u\u017eivate u \u017eivotu. Izbor je va\u0161!<\/p>\n<p><a href=\"https:\/\/redfoxlotto.com\/hr\/?ref=A8564250A2&amp;campaign=ol\" target=\"_blank\" rel=\"noopener\">\u00a0Kliknite ovdje kako bi odmah zapo\u010deli izradu ra\u010duna!<\/a><\/p>\n","protected":false},"excerpt":{"rendered":"<p>\u00a0Govorimo o pravoj stvari: Najve\u0107e svijetske lutrije Do sada smo bili ograni\u010deni igrati samo onaj loto koji se organizira na podru\u010dju svijeta u kojem se nalazimo. Ovisno o tome gdje \u017eivite, svako toliko jackpot mo\u017ee postati toliko velik da stvara uzbu\u0111enje u ljudima, a prodajna mjesta postanu preplavljena ljudima koji jedva \u010dekaju biti dio akcije. [&hellip;]<\/p>\n","protected":false},"author":1,"featured_media":0,"parent":0,"menu_order":3,"comment_status":"closed","ping_status":"closed","template":"Information.php","meta":{"_et_pb_use_builder":"","_et_pb_old_content":"","_et_gb_content_width":"","exclude_from_search":false,"footnotes":""},"class_list":["post-5552","page","type-page","status-publish","hentry"],"yoast_head":"<!-- This site is optimized with the Yoast SEO plugin v23.4 - https:\/\/yoast.com\/wordpress\/plugins\/seo\/ -->\n<title>Kupi loto listi\u0107e online<\/title>\n<meta name=\"description\" content=\"Kupujete li jo\u0161 uvijek lutrijske karte lokalno? Postoje puno bolji loto jackpotovi - samo kupite karte putem interneta!\" \/>\n<meta name=\"robots\" content=\"index, follow, max-snippet:-1, max-image-preview:large, max-video-preview:-1\" \/>\n<link rel=\"canonical\" href=\"https:\/\/onlinelotto365.com\/hr\/kupiti-karte\/\" \/>\n<meta property=\"og:locale\" content=\"hr_HR\" \/>\n<meta property=\"og:type\" content=\"article\" \/>\n<meta property=\"og:title\" content=\"Kupi loto listi\u0107e online\" \/>\n<meta property=\"og:description\" content=\"Kupujete li jo\u0161 uvijek lutrijske karte lokalno? Postoje puno bolji loto jackpotovi - samo kupite karte putem interneta!\" \/>\n<meta property=\"og:url\" content=\"https:\/\/onlinelotto365.com\/hr\/kupiti-karte\/\" \/>\n<meta property=\"og:site_name\" content=\"OnlineLotto365\" \/>\n<meta property=\"article:modified_time\" content=\"2021-03-06T18:28:19+00:00\" \/>\n<meta property=\"og:image\" content=\"https:\/\/redfoxlotto.com\/image?size=8&amp;lottery=euromillions\" \/>\n<meta name=\"twitter:card\" content=\"summary_large_image\" \/>\n<meta name=\"twitter:label1\" content=\"Procijenjeno vrijeme \u010ditanja\" \/>\n\t<meta name=\"twitter:data1\" content=\"3 minute\" \/>\n<script type=\"application\/ld+json\" class=\"yoast-schema-graph\">{\"@context\":\"https:\/\/schema.org\",\"@graph\":[{\"@type\":\"WebPage\",\"@id\":\"https:\/\/onlinelotto365.com\/hr\/kupiti-karte\/\",\"url\":\"https:\/\/onlinelotto365.com\/hr\/kupiti-karte\/\",\"name\":\"Kupi loto listi\u0107e online\",\"isPartOf\":{\"@id\":\"https:\/\/onlinelotto365.com\/hr\/#website\"},\"primaryImageOfPage\":{\"@id\":\"https:\/\/onlinelotto365.com\/hr\/kupiti-karte\/#primaryimage\"},\"image\":{\"@id\":\"https:\/\/onlinelotto365.com\/hr\/kupiti-karte\/#primaryimage\"},\"thumbnailUrl\":\"https:\/\/redfoxlotto.com\/image?size=8&amp;lottery=euromillions\",\"datePublished\":\"2020-12-04T15:42:27+00:00\",\"dateModified\":\"2021-03-06T18:28:19+00:00\",\"description\":\"Kupujete li jo\u0161 uvijek lutrijske karte lokalno? Postoje puno bolji loto jackpotovi - samo kupite karte putem interneta!\",\"breadcrumb\":{\"@id\":\"https:\/\/onlinelotto365.com\/hr\/kupiti-karte\/#breadcrumb\"},\"inLanguage\":\"hr\",\"potentialAction\":[{\"@type\":\"ReadAction\",\"target\":[\"https:\/\/onlinelotto365.com\/hr\/kupiti-karte\/\"]}]},{\"@type\":\"ImageObject\",\"inLanguage\":\"hr\",\"@id\":\"https:\/\/onlinelotto365.com\/hr\/kupiti-karte\/#primaryimage\",\"url\":\"https:\/\/redfoxlotto.com\/image?size=8&amp;lottery=euromillions\",\"contentUrl\":\"https:\/\/redfoxlotto.com\/image?size=8&amp;lottery=euromillions\"},{\"@type\":\"BreadcrumbList\",\"@id\":\"https:\/\/onlinelotto365.com\/hr\/kupiti-karte\/#breadcrumb\",\"itemListElement\":[{\"@type\":\"ListItem\",\"position\":1,\"name\":\"Home\",\"item\":\"https:\/\/onlinelotto365.com\/hr\/\"},{\"@type\":\"ListItem\",\"position\":2,\"name\":\"Online usluga za kupnju listi\u0107a me\u0111unarodnih loto doga\u0111aja\"}]},{\"@type\":\"WebSite\",\"@id\":\"https:\/\/onlinelotto365.com\/hr\/#website\",\"url\":\"https:\/\/onlinelotto365.com\/hr\/\",\"name\":\"OnlineLotto365\",\"description\":\"\",\"potentialAction\":[{\"@type\":\"SearchAction\",\"target\":{\"@type\":\"EntryPoint\",\"urlTemplate\":\"https:\/\/onlinelotto365.com\/hr\/?s={search_term_string}\"},\"query-input\":{\"@type\":\"PropertyValueSpecification\",\"valueRequired\":true,\"valueName\":\"search_term_string\"}}],\"inLanguage\":\"hr\"}]}<\/script>\n<!-- \/ Yoast SEO plugin. -->","yoast_head_json":{"title":"Kupi loto listi\u0107e online","description":"Kupujete li jo\u0161 uvijek lutrijske karte lokalno? Postoje puno bolji loto jackpotovi - samo kupite karte putem interneta!","robots":{"index":"index","follow":"follow","max-snippet":"max-snippet:-1","max-image-preview":"max-image-preview:large","max-video-preview":"max-video-preview:-1"},"canonical":"https:\/\/onlinelotto365.com\/hr\/kupiti-karte\/","og_locale":"hr_HR","og_type":"article","og_title":"Kupi loto listi\u0107e online","og_description":"Kupujete li jo\u0161 uvijek lutrijske karte lokalno? Postoje puno bolji loto jackpotovi - samo kupite karte putem interneta!","og_url":"https:\/\/onlinelotto365.com\/hr\/kupiti-karte\/","og_site_name":"OnlineLotto365","article_modified_time":"2021-03-06T18:28:19+00:00","og_image":[{"url":"https:\/\/redfoxlotto.com\/image?size=8&amp;lottery=euromillions"}],"twitter_card":"summary_large_image","twitter_misc":{"Procijenjeno vrijeme \u010ditanja":"3 minute"},"schema":{"@context":"https:\/\/schema.org","@graph":[{"@type":"WebPage","@id":"https:\/\/onlinelotto365.com\/hr\/kupiti-karte\/","url":"https:\/\/onlinelotto365.com\/hr\/kupiti-karte\/","name":"Kupi loto listi\u0107e online","isPartOf":{"@id":"https:\/\/onlinelotto365.com\/hr\/#website"},"primaryImageOfPage":{"@id":"https:\/\/onlinelotto365.com\/hr\/kupiti-karte\/#primaryimage"},"image":{"@id":"https:\/\/onlinelotto365.com\/hr\/kupiti-karte\/#primaryimage"},"thumbnailUrl":"https:\/\/redfoxlotto.com\/image?size=8&amp;lottery=euromillions","datePublished":"2020-12-04T15:42:27+00:00","dateModified":"2021-03-06T18:28:19+00:00","description":"Kupujete li jo\u0161 uvijek lutrijske karte lokalno? Postoje puno bolji loto jackpotovi - samo kupite karte putem interneta!","breadcrumb":{"@id":"https:\/\/onlinelotto365.com\/hr\/kupiti-karte\/#breadcrumb"},"inLanguage":"hr","potentialAction":[{"@type":"ReadAction","target":["https:\/\/onlinelotto365.com\/hr\/kupiti-karte\/"]}]},{"@type":"ImageObject","inLanguage":"hr","@id":"https:\/\/onlinelotto365.com\/hr\/kupiti-karte\/#primaryimage","url":"https:\/\/redfoxlotto.com\/image?size=8&amp;lottery=euromillions","contentUrl":"https:\/\/redfoxlotto.com\/image?size=8&amp;lottery=euromillions"},{"@type":"BreadcrumbList","@id":"https:\/\/onlinelotto365.com\/hr\/kupiti-karte\/#breadcrumb","itemListElement":[{"@type":"ListItem","position":1,"name":"Home","item":"https:\/\/onlinelotto365.com\/hr\/"},{"@type":"ListItem","position":2,"name":"Online usluga za kupnju listi\u0107a me\u0111unarodnih loto doga\u0111aja"}]},{"@type":"WebSite","@id":"https:\/\/onlinelotto365.com\/hr\/#website","url":"https:\/\/onlinelotto365.com\/hr\/","name":"OnlineLotto365","description":"","potentialAction":[{"@type":"SearchAction","target":{"@type":"EntryPoint","urlTemplate":"https:\/\/onlinelotto365.com\/hr\/?s={search_term_string}"},"query-input":{"@type":"PropertyValueSpecification","valueRequired":true,"valueName":"search_term_string"}}],"inLanguage":"hr"}]}},"_links":{"self":[{"href":"https:\/\/onlinelotto365.com\/hr\/wp-json\/wp\/v2\/pages\/5552","targetHints":{"allow":["GET"]}}],"collection":[{"href":"https:\/\/onlinelotto365.com\/hr\/wp-json\/wp\/v2\/pages"}],"about":[{"href":"https:\/\/onlinelotto365.com\/hr\/wp-json\/wp\/v2\/types\/page"}],"author":[{"embeddable":true,"href":"https:\/\/onlinelotto365.com\/hr\/wp-json\/wp\/v2\/users\/1"}],"replies":[{"embeddable":true,"href":"https:\/\/onlinelotto365.com\/hr\/wp-json\/wp\/v2\/comments?post=5552"}],"version-history":[{"count":0,"href":"https:\/\/onlinelotto365.com\/hr\/wp-json\/wp\/v2\/pages\/5552\/revisions"}],"wp:attachment":[{"href":"https:\/\/onlinelotto365.com\/hr\/wp-json\/wp\/v2\/media?parent=5552"}],"curies":[{"name":"wp","href":"https:\/\/api.w.org\/{rel}","templated":true}]}}