{"id":5822,"date":"2020-12-05T08:46:22","date_gmt":"2020-12-05T07:46:22","guid":{"rendered":"http:\/\/onlinelotto365.net\/?page_id=5822"},"modified":"2021-03-06T19:25:46","modified_gmt":"2021-03-06T18:25:46","slug":"dobitni-brojevi","status":"publish","type":"page","link":"https:\/\/onlinelotto365.com\/hr\/dobitni-brojevi\/","title":{"rendered":"Svi rezultati me\u0111unarodnih lota"},"content":{"rendered":"<p>Provjerite dobitne brojeve ovog tjedna od najve\u0107ih lutrija, dnevno a\u017euriranih na na\u0161oj web stranici. Prikazujemo 14 najboljih i najve\u0107ih lota na svijetu, uklju\u010duju\u0107i El Gordo, Euromillions, Mega Millions, Powerball, SuperEna, Mega Sena i mnoge druge.<\/p>\n<p><a href=\"https:\/\/redfoxlotto.com\/?ref=a8564250a2&amp;medium=ol365\" target=\"_blank\" rel=\"noopener noreferrer\"><img loading=\"lazy\" decoding=\"async\" class=\"aligncenter\" src=\"https:\/\/redfoxlotto.com\/image?size=8&amp;lottery=eurojackpot\" alt=\"eurojackpot\" width=\"720\" height=\"90\" \/><\/a>Mo\u017eda mislite da su ve\u0107ina ovih lutrija nedostupne u va\u0161oj zemlji, ali to nije istina! U dana\u0161nje vrijeme je vrlo jednostavno kupiti sre\u0107ku putem interneta, od bilo koje lutrije. To zna\u010di da ne morate \u017eivjeti u zemlji iz kojoj se odre\u0111ena lutrija odr\u017eava. Samo kliknite jedan od gumbova \u201ePlay\u201c ispod i preusmjerit \u0107emo vas na RedFoxLotto stranicu- kurirsku uslugu za me\u0111unarodne loto sre\u0107ke. Odaberite svoje brojeve i platite putem interneta- tako je jednostavno!<\/p>\n<p>Zaprimit \u0107ete skenirani primjerak va\u0161e osobne sre\u0107ke, nedugo nakon izvr\u0161enja uplate, a RedFoxLotto \u0107e se pobrinuti da budete ispla\u0107eni ukoliko ne\u0161to osvojite. Ti svjetski dobitci mogu biti i 100 puta ve\u0107i od onih koje nudi va\u0161a lokalna lutrija, pa \u0161to onda \u010dekate? Samo odaberite!<\/p>\n","protected":false},"excerpt":{"rendered":"<p>Provjerite dobitne brojeve ovog tjedna od najve\u0107ih lutrija, dnevno a\u017euriranih na na\u0161oj web stranici. Prikazujemo 14 najboljih i najve\u0107ih lota na svijetu, uklju\u010duju\u0107i El Gordo, Euromillions, Mega Millions, Powerball, SuperEna, Mega Sena i mnoge druge. Mo\u017eda mislite da su ve\u0107ina ovih lutrija nedostupne u va\u0161oj zemlji, ali to nije istina! U dana\u0161nje vrijeme je vrlo [&hellip;]<\/p>\n","protected":false},"author":1,"featured_media":0,"parent":0,"menu_order":4,"comment_status":"closed","ping_status":"closed","template":"Results.php","meta":{"_et_pb_use_builder":"","_et_pb_old_content":"","_et_gb_content_width":"","exclude_from_search":false,"footnotes":""},"class_list":["post-5822","page","type-page","status-publish","hentry"],"yoast_head":"<!-- This site is optimized with the Yoast SEO plugin v23.4 - https:\/\/yoast.com\/wordpress\/plugins\/seo\/ -->\n<title>Dobitni loto brojevi | Svi rezultati lutrije od ovog tjedna<\/title>\n<meta name=\"description\" content=\"Ovdje prona\u0111ite ovotjedne rezultate lota i dobitne brojeve za najve\u0107e lutrije\" \/>\n<meta name=\"robots\" content=\"index, follow, max-snippet:-1, max-image-preview:large, max-video-preview:-1\" \/>\n<link rel=\"canonical\" href=\"https:\/\/onlinelotto365.com\/hr\/dobitni-brojevi\/\" \/>\n<meta property=\"og:locale\" content=\"hr_HR\" \/>\n<meta property=\"og:type\" content=\"article\" \/>\n<meta property=\"og:title\" content=\"Dobitni loto brojevi | Svi rezultati lutrije od ovog tjedna\" \/>\n<meta property=\"og:description\" content=\"Ovdje prona\u0111ite ovotjedne rezultate lota i dobitne brojeve za najve\u0107e lutrije\" \/>\n<meta property=\"og:url\" content=\"https:\/\/onlinelotto365.com\/hr\/dobitni-brojevi\/\" \/>\n<meta property=\"og:site_name\" content=\"OnlineLotto365\" \/>\n<meta property=\"article:modified_time\" content=\"2021-03-06T18:25:46+00:00\" \/>\n<meta property=\"og:image\" content=\"https:\/\/redfoxlotto.com\/image?size=8&amp;lottery=eurojackpot\" \/>\n<meta name=\"twitter:card\" content=\"summary_large_image\" \/>\n<meta name=\"twitter:label1\" content=\"Procijenjeno vrijeme \u010ditanja\" \/>\n\t<meta name=\"twitter:data1\" content=\"1 minuta\" \/>\n<script type=\"application\/ld+json\" class=\"yoast-schema-graph\">{\"@context\":\"https:\/\/schema.org\",\"@graph\":[{\"@type\":\"WebPage\",\"@id\":\"https:\/\/onlinelotto365.com\/hr\/dobitni-brojevi\/\",\"url\":\"https:\/\/onlinelotto365.com\/hr\/dobitni-brojevi\/\",\"name\":\"Dobitni loto brojevi | Svi rezultati lutrije od ovog tjedna\",\"isPartOf\":{\"@id\":\"https:\/\/onlinelotto365.com\/hr\/#website\"},\"primaryImageOfPage\":{\"@id\":\"https:\/\/onlinelotto365.com\/hr\/dobitni-brojevi\/#primaryimage\"},\"image\":{\"@id\":\"https:\/\/onlinelotto365.com\/hr\/dobitni-brojevi\/#primaryimage\"},\"thumbnailUrl\":\"https:\/\/redfoxlotto.com\/image?size=8&amp;lottery=eurojackpot\",\"datePublished\":\"2020-12-05T07:46:22+00:00\",\"dateModified\":\"2021-03-06T18:25:46+00:00\",\"description\":\"Ovdje prona\u0111ite ovotjedne rezultate lota i dobitne brojeve za najve\u0107e lutrije\",\"breadcrumb\":{\"@id\":\"https:\/\/onlinelotto365.com\/hr\/dobitni-brojevi\/#breadcrumb\"},\"inLanguage\":\"hr\",\"potentialAction\":[{\"@type\":\"ReadAction\",\"target\":[\"https:\/\/onlinelotto365.com\/hr\/dobitni-brojevi\/\"]}]},{\"@type\":\"ImageObject\",\"inLanguage\":\"hr\",\"@id\":\"https:\/\/onlinelotto365.com\/hr\/dobitni-brojevi\/#primaryimage\",\"url\":\"https:\/\/redfoxlotto.com\/image?size=8&amp;lottery=eurojackpot\",\"contentUrl\":\"https:\/\/redfoxlotto.com\/image?size=8&amp;lottery=eurojackpot\"},{\"@type\":\"BreadcrumbList\",\"@id\":\"https:\/\/onlinelotto365.com\/hr\/dobitni-brojevi\/#breadcrumb\",\"itemListElement\":[{\"@type\":\"ListItem\",\"position\":1,\"name\":\"Home\",\"item\":\"https:\/\/onlinelotto365.com\/hr\/\"},{\"@type\":\"ListItem\",\"position\":2,\"name\":\"Svi rezultati me\u0111unarodnih lota\"}]},{\"@type\":\"WebSite\",\"@id\":\"https:\/\/onlinelotto365.com\/hr\/#website\",\"url\":\"https:\/\/onlinelotto365.com\/hr\/\",\"name\":\"OnlineLotto365\",\"description\":\"\",\"potentialAction\":[{\"@type\":\"SearchAction\",\"target\":{\"@type\":\"EntryPoint\",\"urlTemplate\":\"https:\/\/onlinelotto365.com\/hr\/?s={search_term_string}\"},\"query-input\":{\"@type\":\"PropertyValueSpecification\",\"valueRequired\":true,\"valueName\":\"search_term_string\"}}],\"inLanguage\":\"hr\"}]}<\/script>\n<!-- \/ Yoast SEO plugin. -->","yoast_head_json":{"title":"Dobitni loto brojevi | Svi rezultati lutrije od ovog tjedna","description":"Ovdje prona\u0111ite ovotjedne rezultate lota i dobitne brojeve za najve\u0107e lutrije","robots":{"index":"index","follow":"follow","max-snippet":"max-snippet:-1","max-image-preview":"max-image-preview:large","max-video-preview":"max-video-preview:-1"},"canonical":"https:\/\/onlinelotto365.com\/hr\/dobitni-brojevi\/","og_locale":"hr_HR","og_type":"article","og_title":"Dobitni loto brojevi | Svi rezultati lutrije od ovog tjedna","og_description":"Ovdje prona\u0111ite ovotjedne rezultate lota i dobitne brojeve za najve\u0107e lutrije","og_url":"https:\/\/onlinelotto365.com\/hr\/dobitni-brojevi\/","og_site_name":"OnlineLotto365","article_modified_time":"2021-03-06T18:25:46+00:00","og_image":[{"url":"https:\/\/redfoxlotto.com\/image?size=8&amp;lottery=eurojackpot"}],"twitter_card":"summary_large_image","twitter_misc":{"Procijenjeno vrijeme \u010ditanja":"1 minuta"},"schema":{"@context":"https:\/\/schema.org","@graph":[{"@type":"WebPage","@id":"https:\/\/onlinelotto365.com\/hr\/dobitni-brojevi\/","url":"https:\/\/onlinelotto365.com\/hr\/dobitni-brojevi\/","name":"Dobitni loto brojevi | Svi rezultati lutrije od ovog tjedna","isPartOf":{"@id":"https:\/\/onlinelotto365.com\/hr\/#website"},"primaryImageOfPage":{"@id":"https:\/\/onlinelotto365.com\/hr\/dobitni-brojevi\/#primaryimage"},"image":{"@id":"https:\/\/onlinelotto365.com\/hr\/dobitni-brojevi\/#primaryimage"},"thumbnailUrl":"https:\/\/redfoxlotto.com\/image?size=8&amp;lottery=eurojackpot","datePublished":"2020-12-05T07:46:22+00:00","dateModified":"2021-03-06T18:25:46+00:00","description":"Ovdje prona\u0111ite ovotjedne rezultate lota i dobitne brojeve za najve\u0107e lutrije","breadcrumb":{"@id":"https:\/\/onlinelotto365.com\/hr\/dobitni-brojevi\/#breadcrumb"},"inLanguage":"hr","potentialAction":[{"@type":"ReadAction","target":["https:\/\/onlinelotto365.com\/hr\/dobitni-brojevi\/"]}]},{"@type":"ImageObject","inLanguage":"hr","@id":"https:\/\/onlinelotto365.com\/hr\/dobitni-brojevi\/#primaryimage","url":"https:\/\/redfoxlotto.com\/image?size=8&amp;lottery=eurojackpot","contentUrl":"https:\/\/redfoxlotto.com\/image?size=8&amp;lottery=eurojackpot"},{"@type":"BreadcrumbList","@id":"https:\/\/onlinelotto365.com\/hr\/dobitni-brojevi\/#breadcrumb","itemListElement":[{"@type":"ListItem","position":1,"name":"Home","item":"https:\/\/onlinelotto365.com\/hr\/"},{"@type":"ListItem","position":2,"name":"Svi rezultati me\u0111unarodnih lota"}]},{"@type":"WebSite","@id":"https:\/\/onlinelotto365.com\/hr\/#website","url":"https:\/\/onlinelotto365.com\/hr\/","name":"OnlineLotto365","description":"","potentialAction":[{"@type":"SearchAction","target":{"@type":"EntryPoint","urlTemplate":"https:\/\/onlinelotto365.com\/hr\/?s={search_term_string}"},"query-input":{"@type":"PropertyValueSpecification","valueRequired":true,"valueName":"search_term_string"}}],"inLanguage":"hr"}]}},"_links":{"self":[{"href":"https:\/\/onlinelotto365.com\/hr\/wp-json\/wp\/v2\/pages\/5822","targetHints":{"allow":["GET"]}}],"collection":[{"href":"https:\/\/onlinelotto365.com\/hr\/wp-json\/wp\/v2\/pages"}],"about":[{"href":"https:\/\/onlinelotto365.com\/hr\/wp-json\/wp\/v2\/types\/page"}],"author":[{"embeddable":true,"href":"https:\/\/onlinelotto365.com\/hr\/wp-json\/wp\/v2\/users\/1"}],"replies":[{"embeddable":true,"href":"https:\/\/onlinelotto365.com\/hr\/wp-json\/wp\/v2\/comments?post=5822"}],"version-history":[{"count":0,"href":"https:\/\/onlinelotto365.com\/hr\/wp-json\/wp\/v2\/pages\/5822\/revisions"}],"wp:attachment":[{"href":"https:\/\/onlinelotto365.com\/hr\/wp-json\/wp\/v2\/media?parent=5822"}],"curies":[{"name":"wp","href":"https:\/\/api.w.org\/{rel}","templated":true}]}}