{"id":81558,"date":"2023-08-31T05:47:07","date_gmt":"2023-08-31T04:47:07","guid":{"rendered":"https:\/\/onlinelotto365.com\/igrajte\/igrajte-eurojackpot-putem-internetske-ulaznice"},"modified":"2023-08-31T05:47:07","modified_gmt":"2023-08-31T04:47:07","slug":"igrajte-eurojackpot-putem-internetske-ulaznice","status":"publish","type":"page","link":"https:\/\/onlinelotto365.com\/hr\/igrajte\/igrajte-eurojackpot-putem-internetske-ulaznice\/","title":{"rendered":"Igrajte Eurojackpot putem internetske ulaznice."},"content":{"rendered":"<h2>O Eurojackpotu<\/h2>\n<p>Ova europska lutrija stvorena je suradnjom nekoliko europskih lutrijskih tijela. Trenutno mo\u017eete igrati Eurojackpot s ulaznicama dostupnim u lokalnim prodavaonicama lutrije ako \u017eivite u jednoj od zemalja sudionica. Te zemlje su Hrvatska, \u010ce\u0161ka Republika, Danska, Estonija, Finska, Njema\u010dka, Ma\u0111arska, Island, Italija, Latvija, Litva, Norve\u0161ka, Poljska, Slova\u010dka, Slovenija, \u0160panjolska, \u0160vedska i Nizozemska.<img decoding=\"async\" class=\"aligncenter\" src=\"https:\/\/redfoxlotto.com\/image?size=8&amp;lottery=eurojackpot\" alt=\"Eurojackpot\" \/><\/p>\n<p>Ako \u017eivite u zemlji koja se ne nalazi na popisu, jedina vam je opcija igrati Eurojackpot putem interneta. Kada otkrijete tu opciju, primijetit \u0107ete da postoji mnogo vi\u0161e mogu\u0107nosti. Na\u0161a web stranica vam ne samo olak\u0161ava igranje Eurojackpota putem interneta iz Ujedinjenog Kraljevstva, ve\u0107 vam tako\u0111er omogu\u0107ava pristup drugim svjetskim lutrijama s ogromnim jackpotsima.<\/p>\n<ul><img loading=\"lazy\" decoding=\"async\" class=\"alignright wp-image-1158\" src=\"https:\/\/onlinelotto365.com\/wp-content\/uploads\/2020\/11\/online_lottery-98.jpg\" alt=\"Igraj Eurojackpot online\" width=\"363\" height=\"272\" \/><\/p>\n<li>Dr\u017eava: razli\u010dite europske zemlje, vidi gore<\/li>\n<li>Raspon glavnih brojeva: 50<\/li>\n<li>Morate odabrati: 5<\/li>\n<li>Raspon dodatnih brojeva: 10<\/li>\n<li>Morate odabrati: 2<\/li>\n<li>Dani, sati izvla\u010denja: petak, 21:00 CET &#8211; 21:00 CET<\/li>\n<li>Jackpot po\u010dinje s: 10 milijuna \u20ac<\/li>\n<li>Jackpot je ograni\u010den na: 90 milijuna \u20ac<\/li>\n<li>\u0160ansa za osvajanje jackpota: 1 prema 135.600.640<\/li>\n<li>\u0160ansa za osvajanje druge nagrade: 1 prema 2.118.760<\/li>\n<li>\u0160ansa za osvajanje bilo koje nagrade: 1 prema 26,39<\/li>\n<li>Broj kategorija nagrada: 12<\/li>\n<\/ul>\n<h2>Najbolje karakteristike Eurojackpota<\/h2>\n<p>Prvo \u0107ete primijetiti da jackpot uvijek po\u010dinje s iznosom od barem 10 milijuna \u20ac. No, trebali biste tako\u0111er primijetiti da je drugi nivo nagrade tako\u0111er vrlo privla\u010dan i ima puno bolje \u0161anse. Da biste osvojili drugu nagradu, morate imati sve 5 glavnih brojeva to\u010dno te jedan od dva dodatna broja. Izgledi za to su otprilike 1 prema 2 milijuna, a osvajanje te nagrade obi\u010dno vam donosi isplatu izme\u0111u 100.000 i 500.000 \u20ac. To je svakako dovoljan razlog da igrate Eurojackpot putem interneta iz Ujedinjenog Kraljevstva.<\/p>\n<p>No glavni razlog za\u0161to biste uvijek trebali dr\u017eati oko na Eurojackpotu je \u0161to \u0107e se dogoditi ako jackpot dosegne 90 milijuna \u20ac, \u0161to se obi\u010dno doga\u0111a nekoliko puta godi\u0161nje. \u010cim jackpot pre\u0111e prag od 40 milijuna \u20ac, obi\u010dno brzo raste jer vi\u0161e ljudi igra Eurojackpot i prodaje se vi\u0161e ulaznica. \u0160to \u0107e se dogoditi kada dosegne svoju granicu od 90 milijuna \u20ac?<\/p>\n<p>Tada dodatni novac ulo\u017een od strane igra\u010da ne\u0107e pove\u0107ati jackpot. Umjesto toga, ti \u0107e se fondovi preliti u drugu kategoriju nagrada. Dakle, s idu\u0107im izvla\u010denjem, ne samo da mo\u017eete igrati Eurojackpot putem interneta za jackpot od 90 milijuna \u20ac, ve\u0107 mo\u017eete o\u010dekivati puno ve\u0107u isplatu ako osvojite drugu nagradu. I sve dok jackpot od 90 milijuna \u20ac nije osvojen, druga nagrada mo\u017eda je osvojena, ali svakim izvla\u010denjem \u0107e se dodati svje\u017e novac.<\/p>\n<h2>Kako provjeriti rezultate Eurojackpota<\/h2>\n<p>Provjerite rezultate na jednoj od slu\u017ebenih web stranica lutrija neke od zemalja sudionica ili, \u0161to je jo\u0161 prakti\u010dnije, posjetite na\u0161u web stranicu gdje mo\u017eete prona\u0107i najnovije rezultate najimpresivnijih lutrija svijeta. I, naravno, osim \u0161to mo\u017eete igrati Eurojackpot putem interneta iz Ujedinjenog Kraljevstva, imate i opciju jednostavno odabrati lutriju koja trenutno ima najve\u0107i jackpot i igrati tu lutriju putem interneta.<\/p>\n<h2>Igrali ste Eurojackpot putem interneta i osvojili &#8211; \u0161to se doga\u0111a dalje?<\/h2>\n<p>Nakon \u0161to saznate da ste osvojili ne\u0161to na Eurojackpotu, tako\u0111er \u0107ete dobiti e-mail obavijest od nas. Uvijek obavje\u0161tavamo svoje dobitnike, tako da nema \u0161anse da propustite dobitak. I sa svim manjim dobicima (manjim ili jednakim 2500 \u20ac), novac koji ste osvojili ve\u0107 \u0107e biti na va\u0161em igra\u010dkom ra\u010dunu. Sredstva \u0107e vam biti na raspolaganju za povla\u010denje uskoro nakon izvla\u010denja. Naravno, tako\u0111er mo\u017eete odlu\u010diti ne povla\u010diti novac ili zatra\u017eiti isplatu dijela iznosa sa svog salda. \u0160to god vam saldo bio nakon toga, mo\u017eete ga koristiti za igranje online lotoa i kupnju novih ulaznica.<\/p>\n","protected":false},"excerpt":{"rendered":"<p>O Eurojackpotu Ova europska lutrija stvorena je suradnjom nekoliko europskih lutrijskih tijela. Trenutno mo\u017eete igrati Eurojackpot s ulaznicama dostupnim u lokalnim prodavaonicama lutrije ako \u017eivite u jednoj od zemalja sudionica. Te zemlje su Hrvatska, \u010ce\u0161ka Republika, Danska, Estonija, Finska, Njema\u010dka, Ma\u0111arska, Island, Italija, Latvija, Litva, Norve\u0161ka, Poljska, Slova\u010dka, Slovenija, \u0160panjolska, \u0160vedska i Nizozemska. Ako \u017eivite [&hellip;]<\/p>\n","protected":false},"author":1,"featured_media":0,"parent":5011,"menu_order":4,"comment_status":"closed","ping_status":"closed","template":"eurojackpot.php","meta":{"_et_pb_use_builder":"","_et_pb_old_content":"","_et_gb_content_width":"","exclude_from_search":false,"footnotes":""},"class_list":["post-81558","page","type-page","status-publish","hentry"],"yoast_head":"<!-- This site is optimized with the Yoast SEO plugin v23.4 - https:\/\/yoast.com\/wordpress\/plugins\/seo\/ -->\n<title>Eurojackpot za stanovnike Ujedinjenog Kraljevstva | Igrajte Eurojackpot online ovdje<\/title>\n<meta name=\"description\" content=\"Eurojackpot za stanovnike Ujedinjenog Kraljevstva | Igrajte Eurojackpot online ovdje\" \/>\n<meta name=\"robots\" content=\"index, follow, max-snippet:-1, max-image-preview:large, max-video-preview:-1\" \/>\n<link rel=\"canonical\" href=\"https:\/\/onlinelotto365.com\/hr\/igrajte\/igrajte-eurojackpot-putem-internetske-ulaznice\/\" \/>\n<meta property=\"og:locale\" content=\"hr_HR\" \/>\n<meta property=\"og:type\" content=\"article\" \/>\n<meta property=\"og:title\" content=\"Eurojackpot za stanovnike Ujedinjenog Kraljevstva | Igrajte Eurojackpot online ovdje\" \/>\n<meta property=\"og:description\" content=\"Eurojackpot za stanovnike Ujedinjenog Kraljevstva | Igrajte Eurojackpot online ovdje\" \/>\n<meta property=\"og:url\" content=\"https:\/\/onlinelotto365.com\/hr\/igrajte\/igrajte-eurojackpot-putem-internetske-ulaznice\/\" \/>\n<meta property=\"og:site_name\" content=\"OnlineLotto365\" \/>\n<meta property=\"og:image\" content=\"https:\/\/redfoxlotto.com\/image?size=8&amp;lottery=eurojackpot\" \/>\n<meta name=\"twitter:card\" content=\"summary_large_image\" \/>\n<meta name=\"twitter:label1\" content=\"Procijenjeno vrijeme \u010ditanja\" \/>\n\t<meta name=\"twitter:data1\" content=\"3 minute\" \/>\n<script type=\"application\/ld+json\" class=\"yoast-schema-graph\">{\"@context\":\"https:\/\/schema.org\",\"@graph\":[{\"@type\":\"WebPage\",\"@id\":\"https:\/\/onlinelotto365.com\/hr\/igrajte\/igrajte-eurojackpot-putem-internetske-ulaznice\/\",\"url\":\"https:\/\/onlinelotto365.com\/hr\/igrajte\/igrajte-eurojackpot-putem-internetske-ulaznice\/\",\"name\":\"Eurojackpot za stanovnike Ujedinjenog Kraljevstva | Igrajte Eurojackpot online ovdje\",\"isPartOf\":{\"@id\":\"https:\/\/onlinelotto365.com\/hr\/#website\"},\"primaryImageOfPage\":{\"@id\":\"https:\/\/onlinelotto365.com\/hr\/igrajte\/igrajte-eurojackpot-putem-internetske-ulaznice\/#primaryimage\"},\"image\":{\"@id\":\"https:\/\/onlinelotto365.com\/hr\/igrajte\/igrajte-eurojackpot-putem-internetske-ulaznice\/#primaryimage\"},\"thumbnailUrl\":\"https:\/\/redfoxlotto.com\/image?size=8&amp;lottery=eurojackpot\",\"datePublished\":\"2023-08-31T04:47:07+00:00\",\"dateModified\":\"2023-08-31T04:47:07+00:00\",\"description\":\"Eurojackpot za stanovnike Ujedinjenog Kraljevstva | Igrajte Eurojackpot online ovdje\",\"breadcrumb\":{\"@id\":\"https:\/\/onlinelotto365.com\/hr\/igrajte\/igrajte-eurojackpot-putem-internetske-ulaznice\/#breadcrumb\"},\"inLanguage\":\"hr\",\"potentialAction\":[{\"@type\":\"ReadAction\",\"target\":[\"https:\/\/onlinelotto365.com\/hr\/igrajte\/igrajte-eurojackpot-putem-internetske-ulaznice\/\"]}]},{\"@type\":\"ImageObject\",\"inLanguage\":\"hr\",\"@id\":\"https:\/\/onlinelotto365.com\/hr\/igrajte\/igrajte-eurojackpot-putem-internetske-ulaznice\/#primaryimage\",\"url\":\"https:\/\/redfoxlotto.com\/image?size=8&amp;lottery=eurojackpot\",\"contentUrl\":\"https:\/\/redfoxlotto.com\/image?size=8&amp;lottery=eurojackpot\"},{\"@type\":\"BreadcrumbList\",\"@id\":\"https:\/\/onlinelotto365.com\/hr\/igrajte\/igrajte-eurojackpot-putem-internetske-ulaznice\/#breadcrumb\",\"itemListElement\":[{\"@type\":\"ListItem\",\"position\":1,\"name\":\"Home\",\"item\":\"https:\/\/onlinelotto365.com\/hr\/\"},{\"@type\":\"ListItem\",\"position\":2,\"name\":\"Sve \u0161to morate znati o va\u0161im mogu\u0107nostima igranja najboljih lutrija online\",\"item\":\"https:\/\/onlinelotto365.com\/hr\/play\/\"},{\"@type\":\"ListItem\",\"position\":3,\"name\":\"Igrajte Eurojackpot putem internetske ulaznice.\"}]},{\"@type\":\"WebSite\",\"@id\":\"https:\/\/onlinelotto365.com\/hr\/#website\",\"url\":\"https:\/\/onlinelotto365.com\/hr\/\",\"name\":\"OnlineLotto365\",\"description\":\"\",\"potentialAction\":[{\"@type\":\"SearchAction\",\"target\":{\"@type\":\"EntryPoint\",\"urlTemplate\":\"https:\/\/onlinelotto365.com\/hr\/?s={search_term_string}\"},\"query-input\":{\"@type\":\"PropertyValueSpecification\",\"valueRequired\":true,\"valueName\":\"search_term_string\"}}],\"inLanguage\":\"hr\"}]}<\/script>\n<!-- \/ Yoast SEO plugin. -->","yoast_head_json":{"title":"Eurojackpot za stanovnike Ujedinjenog Kraljevstva | Igrajte Eurojackpot online ovdje","description":"Eurojackpot za stanovnike Ujedinjenog Kraljevstva | Igrajte Eurojackpot online ovdje","robots":{"index":"index","follow":"follow","max-snippet":"max-snippet:-1","max-image-preview":"max-image-preview:large","max-video-preview":"max-video-preview:-1"},"canonical":"https:\/\/onlinelotto365.com\/hr\/igrajte\/igrajte-eurojackpot-putem-internetske-ulaznice\/","og_locale":"hr_HR","og_type":"article","og_title":"Eurojackpot za stanovnike Ujedinjenog Kraljevstva | Igrajte Eurojackpot online ovdje","og_description":"Eurojackpot za stanovnike Ujedinjenog Kraljevstva | Igrajte Eurojackpot online ovdje","og_url":"https:\/\/onlinelotto365.com\/hr\/igrajte\/igrajte-eurojackpot-putem-internetske-ulaznice\/","og_site_name":"OnlineLotto365","og_image":[{"url":"https:\/\/redfoxlotto.com\/image?size=8&amp;lottery=eurojackpot"}],"twitter_card":"summary_large_image","twitter_misc":{"Procijenjeno vrijeme \u010ditanja":"3 minute"},"schema":{"@context":"https:\/\/schema.org","@graph":[{"@type":"WebPage","@id":"https:\/\/onlinelotto365.com\/hr\/igrajte\/igrajte-eurojackpot-putem-internetske-ulaznice\/","url":"https:\/\/onlinelotto365.com\/hr\/igrajte\/igrajte-eurojackpot-putem-internetske-ulaznice\/","name":"Eurojackpot za stanovnike Ujedinjenog Kraljevstva | Igrajte Eurojackpot online ovdje","isPartOf":{"@id":"https:\/\/onlinelotto365.com\/hr\/#website"},"primaryImageOfPage":{"@id":"https:\/\/onlinelotto365.com\/hr\/igrajte\/igrajte-eurojackpot-putem-internetske-ulaznice\/#primaryimage"},"image":{"@id":"https:\/\/onlinelotto365.com\/hr\/igrajte\/igrajte-eurojackpot-putem-internetske-ulaznice\/#primaryimage"},"thumbnailUrl":"https:\/\/redfoxlotto.com\/image?size=8&amp;lottery=eurojackpot","datePublished":"2023-08-31T04:47:07+00:00","dateModified":"2023-08-31T04:47:07+00:00","description":"Eurojackpot za stanovnike Ujedinjenog Kraljevstva | Igrajte Eurojackpot online ovdje","breadcrumb":{"@id":"https:\/\/onlinelotto365.com\/hr\/igrajte\/igrajte-eurojackpot-putem-internetske-ulaznice\/#breadcrumb"},"inLanguage":"hr","potentialAction":[{"@type":"ReadAction","target":["https:\/\/onlinelotto365.com\/hr\/igrajte\/igrajte-eurojackpot-putem-internetske-ulaznice\/"]}]},{"@type":"ImageObject","inLanguage":"hr","@id":"https:\/\/onlinelotto365.com\/hr\/igrajte\/igrajte-eurojackpot-putem-internetske-ulaznice\/#primaryimage","url":"https:\/\/redfoxlotto.com\/image?size=8&amp;lottery=eurojackpot","contentUrl":"https:\/\/redfoxlotto.com\/image?size=8&amp;lottery=eurojackpot"},{"@type":"BreadcrumbList","@id":"https:\/\/onlinelotto365.com\/hr\/igrajte\/igrajte-eurojackpot-putem-internetske-ulaznice\/#breadcrumb","itemListElement":[{"@type":"ListItem","position":1,"name":"Home","item":"https:\/\/onlinelotto365.com\/hr\/"},{"@type":"ListItem","position":2,"name":"Sve \u0161to morate znati o va\u0161im mogu\u0107nostima igranja najboljih lutrija online","item":"https:\/\/onlinelotto365.com\/hr\/play\/"},{"@type":"ListItem","position":3,"name":"Igrajte Eurojackpot putem internetske ulaznice."}]},{"@type":"WebSite","@id":"https:\/\/onlinelotto365.com\/hr\/#website","url":"https:\/\/onlinelotto365.com\/hr\/","name":"OnlineLotto365","description":"","potentialAction":[{"@type":"SearchAction","target":{"@type":"EntryPoint","urlTemplate":"https:\/\/onlinelotto365.com\/hr\/?s={search_term_string}"},"query-input":{"@type":"PropertyValueSpecification","valueRequired":true,"valueName":"search_term_string"}}],"inLanguage":"hr"}]}},"_links":{"self":[{"href":"https:\/\/onlinelotto365.com\/hr\/wp-json\/wp\/v2\/pages\/81558","targetHints":{"allow":["GET"]}}],"collection":[{"href":"https:\/\/onlinelotto365.com\/hr\/wp-json\/wp\/v2\/pages"}],"about":[{"href":"https:\/\/onlinelotto365.com\/hr\/wp-json\/wp\/v2\/types\/page"}],"author":[{"embeddable":true,"href":"https:\/\/onlinelotto365.com\/hr\/wp-json\/wp\/v2\/users\/1"}],"replies":[{"embeddable":true,"href":"https:\/\/onlinelotto365.com\/hr\/wp-json\/wp\/v2\/comments?post=81558"}],"version-history":[{"count":0,"href":"https:\/\/onlinelotto365.com\/hr\/wp-json\/wp\/v2\/pages\/81558\/revisions"}],"up":[{"embeddable":true,"href":"https:\/\/onlinelotto365.com\/hr\/wp-json\/wp\/v2\/pages\/5011"}],"wp:attachment":[{"href":"https:\/\/onlinelotto365.com\/hr\/wp-json\/wp\/v2\/media?parent=81558"}],"curies":[{"name":"wp","href":"https:\/\/api.w.org\/{rel}","templated":true}]}}