{"id":81564,"date":"2023-08-31T06:56:20","date_gmt":"2023-08-31T05:56:20","guid":{"rendered":"https:\/\/onlinelotto365.com\/igrajte\/kupite-svoje-superenalotto-ulaznice-od-bilo-kojeg-mjesta"},"modified":"2023-08-31T06:56:20","modified_gmt":"2023-08-31T05:56:20","slug":"kupite-svoje-superenalotto-ulaznice-od-bilo-kojeg-mjesta","status":"publish","type":"page","link":"https:\/\/onlinelotto365.com\/hr\/igrajte\/kupite-svoje-superenalotto-ulaznice-od-bilo-kojeg-mjesta\/","title":{"rendered":"Kupite svoje Superenalotto ulaznice od bilo kojeg mjesta."},"content":{"rendered":"<p>Godinama su ljudi \u017eudili za igranjem lutrija u drugim dijelovima svijeta. Izziv ovdje zapravo nije bio nevoljkost razli\u010ditih lutrija da prihvate me\u0111unarodne igra\u010de lutrije. Problem je bio da fizi\u010dki morate biti u zemlji ili regiji u kojoj se odr\u017eava lutrija kako biste je mogli pravilno igrati.<\/p>\n<p>Za po\u010detak, morate posjetiti prodava\u010da lutrije koji prodaje lutriju za koju \u017eelite kupiti ulaznice. To zna\u010di biti u zemlji, ne samo jednom, ve\u0107 svaki put kada \u017eelite kupiti ulaznice. Dakle, to zna\u010di putovanje iz Ujedinjenog Kraljevstva u Italiju kako biste kupili lutrijske ulaznice za tri izvla\u010denja koja Superenalotto izvodi svaki tjedan.<\/p>\n<p>Dakle, ili se tamo morate preseliti ili unajmiti nekoga u Italiji da to u\u010dini umjesto vas. To jednostavno nije ne\u0161to \u0161to smo u mogu\u0107nosti u\u010diniti. Dok ste ve\u0107 u tome, trebali biste unajmiti ljude u svim drugim zemljama u kojima se odr\u017eavaju velike lutrije da rade za vas. To bi ko\u0161talo bogatstvo.<img decoding=\"async\" class=\"aligncenter\" src=\"https:\/\/redfoxlotto.com\/image?size=8&amp;lottery=superenalotto\" alt=\"superenalotto\" \/><\/p>\n<p>Ali sada postoji odli\u010dna alternativa &#8211; jednostavno igrajte online ovdje na na\u0161oj stranici!<\/p>\n<h2>Imamo sve \u0161to vam treba za lutriju<\/h2>\n<p>Sve smo razradili \u0161to se ti\u010de kako da vas uklju\u010dimo u igru sa Superenalottom, kao i sa svim drugim glavnim lutrijama u svijetu. Samo kupujete bilo koje lutrijske ulaznice koje \u017eelite od nas online i iz Ujedinjenog Kraljevstva, a mi sve ostalo obavljamo za vas.<\/p>\n<p>Kupujemo ulaznice u va\u0161e ime i, za razliku od normalnih lutrijskih ulaznica koje mo\u017ee unov\u010diti bilo tko tko ih dr\u017ei, mi ih \u010duvamo za vas. Zatim za vas pratimo izvla\u010denja kako ne biste morali ako ne \u017eelite i obavje\u0161tavamo vas svaki put kad osvojite.<\/p>\n<h2>Vi\u0161e informacija o Superenalottu<\/h2>\n<ul><img loading=\"lazy\" decoding=\"async\" class=\" wp-image-1334 alignright\" src=\"https:\/\/onlinelotto365.com\/wp-content\/uploads\/2020\/11\/online_lottery-115.jpg\" alt=\"Kupite Superenalotto ulaznice online\" width=\"452\" height=\"172\" \/><\/p>\n<li>Lutrija se odr\u017eava gdje: Italija<\/li>\n<li>Koliko glavnih brojeva odabrati: 90<\/li>\n<li>Morate odabrati: 6<\/li>\n<li>Koliko dodatnih brojeva odabrati: nijedan<\/li>\n<li>Morate odabrati: nijedan<\/li>\n<li>Dani i sati izvla\u010denja: utorak, \u010detvrtak, subota, 19:00 GMT, 21:00 CET<\/li>\n<li>Minimalni jackpot: 2 milijuna \u20ac<\/li>\n<li>Maksimalni iznos jackpota: nema<\/li>\n<li>Mogu\u0107a kombinacija brojeva za osvajanje jackpota: 1 prema 622.614.630<\/li>\n<li>Mogu\u0107a kombinacija brojeva za osvajanje drugog mjesta: 1 prema 103.769.105<\/li>\n<li>Vjerojatnost osvajanja u bilo kojoj kategoriji: 1 prema 20,58<\/li>\n<li>Koliko razina dobitaka: v<\/li>\n<\/ul>\n<p>Za igranje Superenalotta, odaberete 6 brojeva iz ukupno 90 mogu\u0107ih brojeva. Tako\u0111er morate odabrati ono \u0161to nazivaju &#8220;Jolly&#8221; brojem me\u0111u tih 90.<\/p>\n<p>Da biste osvojili jackpot, morate se podudarati sva 6 va\u0161ih redovitih brojeva. Ako se podudaraju 5 plus &#8220;Jolly&#8221; broj, osvajate drugu nagradu. 5 brojeva bez &#8220;Jolly&#8221; broja donosi vam isplatu tre\u0107eg mjesta, 4 to\u010dna broja donose \u010detvrto mjesto, a samo 3 broja tako\u0111er vam donose isplatu.<\/p>\n<p>Izvla\u010denja se odr\u017eavaju 3 puta tjedno, utorkom, \u010detvrtkom i subotom u 20:00 po talijanskom vremenu. Pru\u017eamo vam teku\u0107i odbrojavanje do sljede\u0107eg izvla\u010denja Superenalotta, uz sve druge velike lutrije za koje nude ulaznice online, tako da uvijek znate koliko vam je vremena preostalo.<\/p>\n<h2>Prednosti igranja Superenalotta online<\/h2>\n<p>Mnogi globalni igra\u010di lutrije vole odabrati nekoliko lutrija za igranje, posebno jer svaka od njih redovito nudi velike jackpote. Zapravo, \u0161to vi\u0161e izvla\u010denja u kojima sudjelujete, to bolje.<\/p>\n<p>Pa iako jackpote Superenalotta mo\u017eda nisu usporedivi s nekim ve\u0107im lutrijama, poput EuroMillionsa, Powerballa ili Mega Millionsa, ipak \u0107ete htjeti igrati i te. Superenalotto nije mala stvar, s tipi\u010dnim jackpotima \u010desto u desecima milijuna eura. Dakle, s dodatna 3 izvla\u010denja tjedno koja nudi Superenalotto, to je 3 dodatna izvla\u010denja tjedno zabave vi\u0161e nego \u0161to biste imali ako ne biste igrali.<\/p>\n<p>Dakle, s 3 dodatne \u0161anse za osvajanje velike nagrade, nije te\u0161ko vidjeti za\u0161to mnogi ljudi u Ujedinjenom Kraljevstvu vole ovu lutriju. S obzirom na to da sada mo\u017eete udobno kupiti ulaznice online, zapravo nema razloga da ne igrate. Raspr\u0161ivanje svojeg novca po vi\u0161e lutrija je su\u0161tina svega, \u0161to dodatno pove\u0107ava uzbu\u0111enje pri igranju lutrija.<\/p>\n<p>Dakle, ako ste za vi\u0161e zabave igranja lutrije, a znam da jeste, mo\u017eete po\u010deti odmah.<\/p>\n<h2>Kako \u0107u dobiti isplatu ako osvojim Superenalotto online?<\/h2>\n<p>Pru\u017eamo vam svu potrebnu pomo\u0107 kako biste unov\u010dili svoje ulaznice, od podizanja manjih nagrada i njihovog odmah\u0161avanja na va\u0161 ra\u010dun kod nas, do preuzimanja i slanja vam svih potrebnih obrazaca za ve\u0107e nagrade ili \u010dak jackpote. Dakle, ovdje nema potrebe za brigom, jer je ovo kompletna usluga s vrhunskom uslugom i tretmanom za na\u0161e kupce iz Ujedinjenog Kraljevstva i drugih zemalja.<\/p>\n","protected":false},"excerpt":{"rendered":"<p>Godinama su ljudi \u017eudili za igranjem lutrija u drugim dijelovima svijeta. Izziv ovdje zapravo nije bio nevoljkost razli\u010ditih lutrija da prihvate me\u0111unarodne igra\u010de lutrije. Problem je bio da fizi\u010dki morate biti u zemlji ili regiji u kojoj se odr\u017eava lutrija kako biste je mogli pravilno igrati. Za po\u010detak, morate posjetiti prodava\u010da lutrije koji prodaje lutriju [&hellip;]<\/p>\n","protected":false},"author":1,"featured_media":0,"parent":5011,"menu_order":5,"comment_status":"closed","ping_status":"closed","template":"superenalotto.php","meta":{"_et_pb_use_builder":"","_et_pb_old_content":"","_et_gb_content_width":"","exclude_from_search":false,"footnotes":""},"class_list":["post-81564","page","type-page","status-publish","hentry"],"yoast_head":"<!-- This site is optimized with the Yoast SEO plugin v23.4 - https:\/\/yoast.com\/wordpress\/plugins\/seo\/ -->\n<title>Igrajte Superenalotto Italija online iz Ujedinjenog Kraljevstva | Kako kupiti Superena ulaznice online<\/title>\n<meta name=\"description\" content=\"Igrajte Superenalotto Italija online iz Ujedinjenog Kraljevstva | Kako kupiti Superena ulaznice online\" \/>\n<meta name=\"robots\" content=\"index, follow, max-snippet:-1, max-image-preview:large, max-video-preview:-1\" \/>\n<link rel=\"canonical\" href=\"https:\/\/onlinelotto365.com\/hr\/igrajte\/kupite-svoje-superenalotto-ulaznice-od-bilo-kojeg-mjesta\/\" \/>\n<meta property=\"og:locale\" content=\"hr_HR\" \/>\n<meta property=\"og:type\" content=\"article\" \/>\n<meta property=\"og:title\" content=\"Igrajte Superenalotto Italija online iz Ujedinjenog Kraljevstva | Kako kupiti Superena ulaznice online\" \/>\n<meta property=\"og:description\" content=\"Igrajte Superenalotto Italija online iz Ujedinjenog Kraljevstva | Kako kupiti Superena ulaznice online\" \/>\n<meta property=\"og:url\" content=\"https:\/\/onlinelotto365.com\/hr\/igrajte\/kupite-svoje-superenalotto-ulaznice-od-bilo-kojeg-mjesta\/\" \/>\n<meta property=\"og:site_name\" content=\"OnlineLotto365\" \/>\n<meta property=\"og:image\" content=\"https:\/\/redfoxlotto.com\/image?size=8&amp;lottery=superenalotto\" \/>\n<meta name=\"twitter:card\" content=\"summary_large_image\" \/>\n<meta name=\"twitter:label1\" content=\"Procijenjeno vrijeme \u010ditanja\" \/>\n\t<meta name=\"twitter:data1\" content=\"4 minute\" \/>\n<script type=\"application\/ld+json\" class=\"yoast-schema-graph\">{\"@context\":\"https:\/\/schema.org\",\"@graph\":[{\"@type\":\"WebPage\",\"@id\":\"https:\/\/onlinelotto365.com\/hr\/igrajte\/kupite-svoje-superenalotto-ulaznice-od-bilo-kojeg-mjesta\/\",\"url\":\"https:\/\/onlinelotto365.com\/hr\/igrajte\/kupite-svoje-superenalotto-ulaznice-od-bilo-kojeg-mjesta\/\",\"name\":\"Igrajte Superenalotto Italija online iz Ujedinjenog Kraljevstva | Kako kupiti Superena ulaznice online\",\"isPartOf\":{\"@id\":\"https:\/\/onlinelotto365.com\/hr\/#website\"},\"primaryImageOfPage\":{\"@id\":\"https:\/\/onlinelotto365.com\/hr\/igrajte\/kupite-svoje-superenalotto-ulaznice-od-bilo-kojeg-mjesta\/#primaryimage\"},\"image\":{\"@id\":\"https:\/\/onlinelotto365.com\/hr\/igrajte\/kupite-svoje-superenalotto-ulaznice-od-bilo-kojeg-mjesta\/#primaryimage\"},\"thumbnailUrl\":\"https:\/\/redfoxlotto.com\/image?size=8&amp;lottery=superenalotto\",\"datePublished\":\"2023-08-31T05:56:20+00:00\",\"dateModified\":\"2023-08-31T05:56:20+00:00\",\"description\":\"Igrajte Superenalotto Italija online iz Ujedinjenog Kraljevstva | Kako kupiti Superena ulaznice online\",\"breadcrumb\":{\"@id\":\"https:\/\/onlinelotto365.com\/hr\/igrajte\/kupite-svoje-superenalotto-ulaznice-od-bilo-kojeg-mjesta\/#breadcrumb\"},\"inLanguage\":\"hr\",\"potentialAction\":[{\"@type\":\"ReadAction\",\"target\":[\"https:\/\/onlinelotto365.com\/hr\/igrajte\/kupite-svoje-superenalotto-ulaznice-od-bilo-kojeg-mjesta\/\"]}]},{\"@type\":\"ImageObject\",\"inLanguage\":\"hr\",\"@id\":\"https:\/\/onlinelotto365.com\/hr\/igrajte\/kupite-svoje-superenalotto-ulaznice-od-bilo-kojeg-mjesta\/#primaryimage\",\"url\":\"https:\/\/redfoxlotto.com\/image?size=8&amp;lottery=superenalotto\",\"contentUrl\":\"https:\/\/redfoxlotto.com\/image?size=8&amp;lottery=superenalotto\"},{\"@type\":\"BreadcrumbList\",\"@id\":\"https:\/\/onlinelotto365.com\/hr\/igrajte\/kupite-svoje-superenalotto-ulaznice-od-bilo-kojeg-mjesta\/#breadcrumb\",\"itemListElement\":[{\"@type\":\"ListItem\",\"position\":1,\"name\":\"Home\",\"item\":\"https:\/\/onlinelotto365.com\/hr\/\"},{\"@type\":\"ListItem\",\"position\":2,\"name\":\"Sve \u0161to morate znati o va\u0161im mogu\u0107nostima igranja najboljih lutrija online\",\"item\":\"https:\/\/onlinelotto365.com\/hr\/play\/\"},{\"@type\":\"ListItem\",\"position\":3,\"name\":\"Kupite svoje Superenalotto ulaznice od bilo kojeg mjesta.\"}]},{\"@type\":\"WebSite\",\"@id\":\"https:\/\/onlinelotto365.com\/hr\/#website\",\"url\":\"https:\/\/onlinelotto365.com\/hr\/\",\"name\":\"OnlineLotto365\",\"description\":\"\",\"potentialAction\":[{\"@type\":\"SearchAction\",\"target\":{\"@type\":\"EntryPoint\",\"urlTemplate\":\"https:\/\/onlinelotto365.com\/hr\/?s={search_term_string}\"},\"query-input\":{\"@type\":\"PropertyValueSpecification\",\"valueRequired\":true,\"valueName\":\"search_term_string\"}}],\"inLanguage\":\"hr\"}]}<\/script>\n<!-- \/ Yoast SEO plugin. -->","yoast_head_json":{"title":"Igrajte Superenalotto Italija online iz Ujedinjenog Kraljevstva | Kako kupiti Superena ulaznice online","description":"Igrajte Superenalotto Italija online iz Ujedinjenog Kraljevstva | Kako kupiti Superena ulaznice online","robots":{"index":"index","follow":"follow","max-snippet":"max-snippet:-1","max-image-preview":"max-image-preview:large","max-video-preview":"max-video-preview:-1"},"canonical":"https:\/\/onlinelotto365.com\/hr\/igrajte\/kupite-svoje-superenalotto-ulaznice-od-bilo-kojeg-mjesta\/","og_locale":"hr_HR","og_type":"article","og_title":"Igrajte Superenalotto Italija online iz Ujedinjenog Kraljevstva | Kako kupiti Superena ulaznice online","og_description":"Igrajte Superenalotto Italija online iz Ujedinjenog Kraljevstva | Kako kupiti Superena ulaznice online","og_url":"https:\/\/onlinelotto365.com\/hr\/igrajte\/kupite-svoje-superenalotto-ulaznice-od-bilo-kojeg-mjesta\/","og_site_name":"OnlineLotto365","og_image":[{"url":"https:\/\/redfoxlotto.com\/image?size=8&amp;lottery=superenalotto"}],"twitter_card":"summary_large_image","twitter_misc":{"Procijenjeno vrijeme \u010ditanja":"4 minute"},"schema":{"@context":"https:\/\/schema.org","@graph":[{"@type":"WebPage","@id":"https:\/\/onlinelotto365.com\/hr\/igrajte\/kupite-svoje-superenalotto-ulaznice-od-bilo-kojeg-mjesta\/","url":"https:\/\/onlinelotto365.com\/hr\/igrajte\/kupite-svoje-superenalotto-ulaznice-od-bilo-kojeg-mjesta\/","name":"Igrajte Superenalotto Italija online iz Ujedinjenog Kraljevstva | Kako kupiti Superena ulaznice online","isPartOf":{"@id":"https:\/\/onlinelotto365.com\/hr\/#website"},"primaryImageOfPage":{"@id":"https:\/\/onlinelotto365.com\/hr\/igrajte\/kupite-svoje-superenalotto-ulaznice-od-bilo-kojeg-mjesta\/#primaryimage"},"image":{"@id":"https:\/\/onlinelotto365.com\/hr\/igrajte\/kupite-svoje-superenalotto-ulaznice-od-bilo-kojeg-mjesta\/#primaryimage"},"thumbnailUrl":"https:\/\/redfoxlotto.com\/image?size=8&amp;lottery=superenalotto","datePublished":"2023-08-31T05:56:20+00:00","dateModified":"2023-08-31T05:56:20+00:00","description":"Igrajte Superenalotto Italija online iz Ujedinjenog Kraljevstva | Kako kupiti Superena ulaznice online","breadcrumb":{"@id":"https:\/\/onlinelotto365.com\/hr\/igrajte\/kupite-svoje-superenalotto-ulaznice-od-bilo-kojeg-mjesta\/#breadcrumb"},"inLanguage":"hr","potentialAction":[{"@type":"ReadAction","target":["https:\/\/onlinelotto365.com\/hr\/igrajte\/kupite-svoje-superenalotto-ulaznice-od-bilo-kojeg-mjesta\/"]}]},{"@type":"ImageObject","inLanguage":"hr","@id":"https:\/\/onlinelotto365.com\/hr\/igrajte\/kupite-svoje-superenalotto-ulaznice-od-bilo-kojeg-mjesta\/#primaryimage","url":"https:\/\/redfoxlotto.com\/image?size=8&amp;lottery=superenalotto","contentUrl":"https:\/\/redfoxlotto.com\/image?size=8&amp;lottery=superenalotto"},{"@type":"BreadcrumbList","@id":"https:\/\/onlinelotto365.com\/hr\/igrajte\/kupite-svoje-superenalotto-ulaznice-od-bilo-kojeg-mjesta\/#breadcrumb","itemListElement":[{"@type":"ListItem","position":1,"name":"Home","item":"https:\/\/onlinelotto365.com\/hr\/"},{"@type":"ListItem","position":2,"name":"Sve \u0161to morate znati o va\u0161im mogu\u0107nostima igranja najboljih lutrija online","item":"https:\/\/onlinelotto365.com\/hr\/play\/"},{"@type":"ListItem","position":3,"name":"Kupite svoje Superenalotto ulaznice od bilo kojeg mjesta."}]},{"@type":"WebSite","@id":"https:\/\/onlinelotto365.com\/hr\/#website","url":"https:\/\/onlinelotto365.com\/hr\/","name":"OnlineLotto365","description":"","potentialAction":[{"@type":"SearchAction","target":{"@type":"EntryPoint","urlTemplate":"https:\/\/onlinelotto365.com\/hr\/?s={search_term_string}"},"query-input":{"@type":"PropertyValueSpecification","valueRequired":true,"valueName":"search_term_string"}}],"inLanguage":"hr"}]}},"_links":{"self":[{"href":"https:\/\/onlinelotto365.com\/hr\/wp-json\/wp\/v2\/pages\/81564","targetHints":{"allow":["GET"]}}],"collection":[{"href":"https:\/\/onlinelotto365.com\/hr\/wp-json\/wp\/v2\/pages"}],"about":[{"href":"https:\/\/onlinelotto365.com\/hr\/wp-json\/wp\/v2\/types\/page"}],"author":[{"embeddable":true,"href":"https:\/\/onlinelotto365.com\/hr\/wp-json\/wp\/v2\/users\/1"}],"replies":[{"embeddable":true,"href":"https:\/\/onlinelotto365.com\/hr\/wp-json\/wp\/v2\/comments?post=81564"}],"version-history":[{"count":0,"href":"https:\/\/onlinelotto365.com\/hr\/wp-json\/wp\/v2\/pages\/81564\/revisions"}],"up":[{"embeddable":true,"href":"https:\/\/onlinelotto365.com\/hr\/wp-json\/wp\/v2\/pages\/5011"}],"wp:attachment":[{"href":"https:\/\/onlinelotto365.com\/hr\/wp-json\/wp\/v2\/media?parent=81564"}],"curies":[{"name":"wp","href":"https:\/\/api.w.org\/{rel}","templated":true}]}}