{"id":81615,"date":"2023-08-31T09:12:18","date_gmt":"2023-08-31T08:12:18","guid":{"rendered":"https:\/\/onlinelotto365.com\/igrajte\/kako-igrati-spanjolsku-lutriju-la-primitiva"},"modified":"2023-08-31T09:12:18","modified_gmt":"2023-08-31T08:12:18","slug":"kako-igrati-spanjolsku-lutriju-la-primitiva","status":"publish","type":"page","link":"https:\/\/onlinelotto365.com\/hr\/igrajte\/kako-igrati-spanjolsku-lutriju-la-primitiva\/","title":{"rendered":"Kako igrati \u0161panjolsku lutriju La Primitiva?"},"content":{"rendered":"<h2>O lutriji La Primitiva<\/h2>\n<p>Ova lutrija iz \u0160panjolske poznata je i kao El Gordo, iako je to zavaravaju\u0107e. Naime, El Gordo je nadimak Bo\u017ei\u0107nog izdanja lutrije La Primitiva. Iako La Primitiva mo\u017eete igrati tijekom cijele godine, El Gordo se nudi samo za Bo\u017ei\u0107. Stanovnici Ujedinjenog Kraljevstva mogu igrati La Primitiva putem na\u0161e web stranice.<\/p>\n<p>Postoje dvije izvla\u010denja tjedno za La Primitiva. \u0160anse za osvajanje glavnog dobitka relativno su visoke jer nema dodatnih brojeva.<\/p>\n<ul><img decoding=\"async\" class=\"aligncenter\" src=\"https:\/\/redfoxlotto.com\/image?size=8&amp;lottery=la-primitiva\" alt=\"La Primitiva\" \/><\/p>\n<li>Dr\u017eava: \u0160panjolska<\/li>\n<li>Glavni brojevi: 49<\/li>\n<li>Morate odabrati: 6<\/li>\n<li>Dodatni brojevi:<\/li>\n<li>Morate odabrati: 1<\/li>\n<li>Dani, sati izvla\u010denja: \u010detvrtak, subota, 21:30 CET &#8211; 21:30 CET<\/li>\n<li>Jackpot po\u010dinje s: 2 milijuna eura<\/li>\n<li>Jackpot nema ograni\u010denje<\/li>\n<li>\u0160ansa za osvajanje glavnog dobitka: 1 u 15537573<\/li>\n<li>\u0160ansa za osvajanje drugog dobitka: 1 u 542008<\/li>\n<li>\u0160ansa za osvajanje bilo koje nagrade: 1 u 8,43<\/li>\n<li>Broj kategorija nagrada: 9<\/li>\n<\/ul>\n<h2>Najbolje zna\u010dajke La Primitiva<\/h2>\n<p>Kao \u0161to je ve\u0107 spomenuto, \u010dinjenica da morate odabrati samo 6 brojeva od 49, i bez dodatnih brojeva, zna\u010di da su va\u0161e \u0161anse za osvajanje glavnog dobitka zapravo prili\u010dno dobre.<\/p>\n<h2>Kako provjeriti rezultate La Primitiva<\/h2>\n<p><img loading=\"lazy\" decoding=\"async\" class=\"alignright size-full wp-image-905\" src=\"https:\/\/onlinelotto365.com\/wp-content\/uploads\/2020\/11\/online_lottery-71.jpg\" alt=\"Igraj La Primitiva\" width=\"302\" height=\"100\" \/><br \/>\nAko ste kupili svoju kartu putem interneta iz Ujedinjenog Kraljevstva ili bilo koje druge zemlje izvan \u0160panjolske, pronala\u017eenje dobitnih brojeva i iznosa nagrada mo\u017ee biti te\u0161ko. Ali ovdje na na\u0161oj web stranici objavljujemo rezultate odmah nakon \u0161to budu izvu\u010deni brojevi lutrije La Primitiva. \u010cak mo\u017eete pogledati svoju kartu u svom korisni\u010dkom ra\u010dunu, gdje odmah mo\u017eete vidjeti koji brojevi s va\u0161e lutrije odgovaraju rezultatima izvla\u010denja.<\/p>\n<h2>Ako ste igrali La Primitiva putem interneta i osvojili &#8211; \u0161to se doga\u0111a sljede\u0107e?<\/h2>\n<p>Ako va\u0161a karta osvoji nagradu manju od 2500 eura, ta iznos \u0107e biti na va\u0161em korisni\u010dkom ra\u010dunu odmah nakon izvla\u010denja. Ako osvojite ve\u0107u nagradu, obratite se na\u0161em timu za podr\u0161ku. Pomo\u0107i \u0107e vam da postavite isplatu, ili izravno na va\u0161 bankovni ra\u010dun ili \u010dekom.<\/p>\n","protected":false},"excerpt":{"rendered":"<p>O lutriji La Primitiva Ova lutrija iz \u0160panjolske poznata je i kao El Gordo, iako je to zavaravaju\u0107e. Naime, El Gordo je nadimak Bo\u017ei\u0107nog izdanja lutrije La Primitiva. Iako La Primitiva mo\u017eete igrati tijekom cijele godine, El Gordo se nudi samo za Bo\u017ei\u0107. Stanovnici Ujedinjenog Kraljevstva mogu igrati La Primitiva putem na\u0161e web stranice. Postoje [&hellip;]<\/p>\n","protected":false},"author":1,"featured_media":0,"parent":5011,"menu_order":7,"comment_status":"closed","ping_status":"closed","template":"la-primitiva.php","meta":{"_et_pb_use_builder":"","_et_pb_old_content":"","_et_gb_content_width":"","exclude_from_search":false,"footnotes":""},"class_list":["post-81615","page","type-page","status-publish","hentry"],"yoast_head":"<!-- This site is optimized with the Yoast SEO plugin v23.4 - https:\/\/yoast.com\/wordpress\/plugins\/seo\/ -->\n<title>Igrajte La Primitiva \u0160panjolsku online | La Primitiva iz Ujedinjenog Kraljevstva<\/title>\n<meta name=\"description\" content=\"Igrajte La Primitiva \u0160panjolsku online | La Primitiva iz Ujedinjenog Kraljevstva\" \/>\n<meta name=\"robots\" content=\"index, follow, max-snippet:-1, max-image-preview:large, max-video-preview:-1\" \/>\n<link rel=\"canonical\" href=\"https:\/\/onlinelotto365.com\/hr\/igrajte\/kako-igrati-spanjolsku-lutriju-la-primitiva\/\" \/>\n<meta property=\"og:locale\" content=\"hr_HR\" \/>\n<meta property=\"og:type\" content=\"article\" \/>\n<meta property=\"og:title\" content=\"Igrajte La Primitiva \u0160panjolsku online | La Primitiva iz Ujedinjenog Kraljevstva\" \/>\n<meta property=\"og:description\" content=\"Igrajte La Primitiva \u0160panjolsku online | La Primitiva iz Ujedinjenog Kraljevstva\" \/>\n<meta property=\"og:url\" content=\"https:\/\/onlinelotto365.com\/hr\/igrajte\/kako-igrati-spanjolsku-lutriju-la-primitiva\/\" \/>\n<meta property=\"og:site_name\" content=\"OnlineLotto365\" \/>\n<meta property=\"og:image\" content=\"https:\/\/redfoxlotto.com\/image?size=8&amp;lottery=la-primitiva\" \/>\n<meta name=\"twitter:card\" content=\"summary_large_image\" \/>\n<meta name=\"twitter:label1\" content=\"Procijenjeno vrijeme \u010ditanja\" \/>\n\t<meta name=\"twitter:data1\" content=\"2 minute\" \/>\n<script type=\"application\/ld+json\" class=\"yoast-schema-graph\">{\"@context\":\"https:\/\/schema.org\",\"@graph\":[{\"@type\":\"WebPage\",\"@id\":\"https:\/\/onlinelotto365.com\/hr\/igrajte\/kako-igrati-spanjolsku-lutriju-la-primitiva\/\",\"url\":\"https:\/\/onlinelotto365.com\/hr\/igrajte\/kako-igrati-spanjolsku-lutriju-la-primitiva\/\",\"name\":\"Igrajte La Primitiva \u0160panjolsku online | La Primitiva iz Ujedinjenog Kraljevstva\",\"isPartOf\":{\"@id\":\"https:\/\/onlinelotto365.com\/hr\/#website\"},\"primaryImageOfPage\":{\"@id\":\"https:\/\/onlinelotto365.com\/hr\/igrajte\/kako-igrati-spanjolsku-lutriju-la-primitiva\/#primaryimage\"},\"image\":{\"@id\":\"https:\/\/onlinelotto365.com\/hr\/igrajte\/kako-igrati-spanjolsku-lutriju-la-primitiva\/#primaryimage\"},\"thumbnailUrl\":\"https:\/\/redfoxlotto.com\/image?size=8&amp;lottery=la-primitiva\",\"datePublished\":\"2023-08-31T08:12:18+00:00\",\"dateModified\":\"2023-08-31T08:12:18+00:00\",\"description\":\"Igrajte La Primitiva \u0160panjolsku online | La Primitiva iz Ujedinjenog Kraljevstva\",\"breadcrumb\":{\"@id\":\"https:\/\/onlinelotto365.com\/hr\/igrajte\/kako-igrati-spanjolsku-lutriju-la-primitiva\/#breadcrumb\"},\"inLanguage\":\"hr\",\"potentialAction\":[{\"@type\":\"ReadAction\",\"target\":[\"https:\/\/onlinelotto365.com\/hr\/igrajte\/kako-igrati-spanjolsku-lutriju-la-primitiva\/\"]}]},{\"@type\":\"ImageObject\",\"inLanguage\":\"hr\",\"@id\":\"https:\/\/onlinelotto365.com\/hr\/igrajte\/kako-igrati-spanjolsku-lutriju-la-primitiva\/#primaryimage\",\"url\":\"https:\/\/redfoxlotto.com\/image?size=8&amp;lottery=la-primitiva\",\"contentUrl\":\"https:\/\/redfoxlotto.com\/image?size=8&amp;lottery=la-primitiva\"},{\"@type\":\"BreadcrumbList\",\"@id\":\"https:\/\/onlinelotto365.com\/hr\/igrajte\/kako-igrati-spanjolsku-lutriju-la-primitiva\/#breadcrumb\",\"itemListElement\":[{\"@type\":\"ListItem\",\"position\":1,\"name\":\"Home\",\"item\":\"https:\/\/onlinelotto365.com\/hr\/\"},{\"@type\":\"ListItem\",\"position\":2,\"name\":\"Sve \u0161to morate znati o va\u0161im mogu\u0107nostima igranja najboljih lutrija online\",\"item\":\"https:\/\/onlinelotto365.com\/hr\/play\/\"},{\"@type\":\"ListItem\",\"position\":3,\"name\":\"Kako igrati \u0161panjolsku lutriju La Primitiva?\"}]},{\"@type\":\"WebSite\",\"@id\":\"https:\/\/onlinelotto365.com\/hr\/#website\",\"url\":\"https:\/\/onlinelotto365.com\/hr\/\",\"name\":\"OnlineLotto365\",\"description\":\"\",\"potentialAction\":[{\"@type\":\"SearchAction\",\"target\":{\"@type\":\"EntryPoint\",\"urlTemplate\":\"https:\/\/onlinelotto365.com\/hr\/?s={search_term_string}\"},\"query-input\":{\"@type\":\"PropertyValueSpecification\",\"valueRequired\":true,\"valueName\":\"search_term_string\"}}],\"inLanguage\":\"hr\"}]}<\/script>\n<!-- \/ Yoast SEO plugin. -->","yoast_head_json":{"title":"Igrajte La Primitiva \u0160panjolsku online | La Primitiva iz Ujedinjenog Kraljevstva","description":"Igrajte La Primitiva \u0160panjolsku online | La Primitiva iz Ujedinjenog Kraljevstva","robots":{"index":"index","follow":"follow","max-snippet":"max-snippet:-1","max-image-preview":"max-image-preview:large","max-video-preview":"max-video-preview:-1"},"canonical":"https:\/\/onlinelotto365.com\/hr\/igrajte\/kako-igrati-spanjolsku-lutriju-la-primitiva\/","og_locale":"hr_HR","og_type":"article","og_title":"Igrajte La Primitiva \u0160panjolsku online | La Primitiva iz Ujedinjenog Kraljevstva","og_description":"Igrajte La Primitiva \u0160panjolsku online | La Primitiva iz Ujedinjenog Kraljevstva","og_url":"https:\/\/onlinelotto365.com\/hr\/igrajte\/kako-igrati-spanjolsku-lutriju-la-primitiva\/","og_site_name":"OnlineLotto365","og_image":[{"url":"https:\/\/redfoxlotto.com\/image?size=8&amp;lottery=la-primitiva"}],"twitter_card":"summary_large_image","twitter_misc":{"Procijenjeno vrijeme \u010ditanja":"2 minute"},"schema":{"@context":"https:\/\/schema.org","@graph":[{"@type":"WebPage","@id":"https:\/\/onlinelotto365.com\/hr\/igrajte\/kako-igrati-spanjolsku-lutriju-la-primitiva\/","url":"https:\/\/onlinelotto365.com\/hr\/igrajte\/kako-igrati-spanjolsku-lutriju-la-primitiva\/","name":"Igrajte La Primitiva \u0160panjolsku online | La Primitiva iz Ujedinjenog Kraljevstva","isPartOf":{"@id":"https:\/\/onlinelotto365.com\/hr\/#website"},"primaryImageOfPage":{"@id":"https:\/\/onlinelotto365.com\/hr\/igrajte\/kako-igrati-spanjolsku-lutriju-la-primitiva\/#primaryimage"},"image":{"@id":"https:\/\/onlinelotto365.com\/hr\/igrajte\/kako-igrati-spanjolsku-lutriju-la-primitiva\/#primaryimage"},"thumbnailUrl":"https:\/\/redfoxlotto.com\/image?size=8&amp;lottery=la-primitiva","datePublished":"2023-08-31T08:12:18+00:00","dateModified":"2023-08-31T08:12:18+00:00","description":"Igrajte La Primitiva \u0160panjolsku online | La Primitiva iz Ujedinjenog Kraljevstva","breadcrumb":{"@id":"https:\/\/onlinelotto365.com\/hr\/igrajte\/kako-igrati-spanjolsku-lutriju-la-primitiva\/#breadcrumb"},"inLanguage":"hr","potentialAction":[{"@type":"ReadAction","target":["https:\/\/onlinelotto365.com\/hr\/igrajte\/kako-igrati-spanjolsku-lutriju-la-primitiva\/"]}]},{"@type":"ImageObject","inLanguage":"hr","@id":"https:\/\/onlinelotto365.com\/hr\/igrajte\/kako-igrati-spanjolsku-lutriju-la-primitiva\/#primaryimage","url":"https:\/\/redfoxlotto.com\/image?size=8&amp;lottery=la-primitiva","contentUrl":"https:\/\/redfoxlotto.com\/image?size=8&amp;lottery=la-primitiva"},{"@type":"BreadcrumbList","@id":"https:\/\/onlinelotto365.com\/hr\/igrajte\/kako-igrati-spanjolsku-lutriju-la-primitiva\/#breadcrumb","itemListElement":[{"@type":"ListItem","position":1,"name":"Home","item":"https:\/\/onlinelotto365.com\/hr\/"},{"@type":"ListItem","position":2,"name":"Sve \u0161to morate znati o va\u0161im mogu\u0107nostima igranja najboljih lutrija online","item":"https:\/\/onlinelotto365.com\/hr\/play\/"},{"@type":"ListItem","position":3,"name":"Kako igrati \u0161panjolsku lutriju La Primitiva?"}]},{"@type":"WebSite","@id":"https:\/\/onlinelotto365.com\/hr\/#website","url":"https:\/\/onlinelotto365.com\/hr\/","name":"OnlineLotto365","description":"","potentialAction":[{"@type":"SearchAction","target":{"@type":"EntryPoint","urlTemplate":"https:\/\/onlinelotto365.com\/hr\/?s={search_term_string}"},"query-input":{"@type":"PropertyValueSpecification","valueRequired":true,"valueName":"search_term_string"}}],"inLanguage":"hr"}]}},"_links":{"self":[{"href":"https:\/\/onlinelotto365.com\/hr\/wp-json\/wp\/v2\/pages\/81615","targetHints":{"allow":["GET"]}}],"collection":[{"href":"https:\/\/onlinelotto365.com\/hr\/wp-json\/wp\/v2\/pages"}],"about":[{"href":"https:\/\/onlinelotto365.com\/hr\/wp-json\/wp\/v2\/types\/page"}],"author":[{"embeddable":true,"href":"https:\/\/onlinelotto365.com\/hr\/wp-json\/wp\/v2\/users\/1"}],"replies":[{"embeddable":true,"href":"https:\/\/onlinelotto365.com\/hr\/wp-json\/wp\/v2\/comments?post=81615"}],"version-history":[{"count":0,"href":"https:\/\/onlinelotto365.com\/hr\/wp-json\/wp\/v2\/pages\/81615\/revisions"}],"up":[{"embeddable":true,"href":"https:\/\/onlinelotto365.com\/hr\/wp-json\/wp\/v2\/pages\/5011"}],"wp:attachment":[{"href":"https:\/\/onlinelotto365.com\/hr\/wp-json\/wp\/v2\/media?parent=81615"}],"curies":[{"name":"wp","href":"https:\/\/api.w.org\/{rel}","templated":true}]}}