{"id":81984,"date":"2023-09-03T09:22:53","date_gmt":"2023-09-03T08:22:53","guid":{"rendered":"https:\/\/onlinelotto365.com\/igrajte\/bonoloto-sada-dostupna-sa-svih-mjesta"},"modified":"2023-09-03T09:22:53","modified_gmt":"2023-09-03T08:22:53","slug":"bonoloto-sada-dostupna-sa-svih-mjesta","status":"publish","type":"page","link":"https:\/\/onlinelotto365.com\/hr\/igrajte\/bonoloto-sada-dostupna-sa-svih-mjesta\/","title":{"rendered":"Bonoloto sada dostupna sa svih mjesta."},"content":{"rendered":"<h2>Kako igrati BonoLoto online<\/h2>\n<p>Igranje BonoLoto je lak\u0161e nego \u0161to mo\u017eda mislite. Sve \u0161to trebate u\u010diniti je znati gdje po\u010deti i gdje kupiti svoje ulaznice. I najbolje mjesto gdje to mo\u017eete u\u010diniti je s nama, uz nekoliko jednostavnih koraka.<\/p>\n<p>Na\u0161 sustav se pobrinuo da brinemo o vama od po\u010detka do kraja. Sve \u0161to trebate u\u010diniti je postaviti potpuno besplatan ra\u010dun i krenuti. Mo\u0107i \u0107ete birati iz svih razli\u010ditih igara na sre\u0107u koje imamo na raspolaganju i odabrati ulaznice i odre\u0111ene brojeve koje \u017eelite. Zatim mo\u017eete platiti svojim preferiranim na\u010dinom pla\u0107anja i gotovi ste.<\/p>\n<p>Sve \u0161to trebate u\u010diniti je pogledati razli\u010dite igre na sre\u0107u koje imamo na raspolaganju i odabrati pravu (BonoLoto). Zatim birate brojeve koje \u017eelite igrati. Ako odaberete previ\u0161e ili premalo, ne brinite, na\u0161 sustav \u0107e vas obavijestiti \u0161to trebate u\u010diniti kako biste ispravili svoju ulaznicu. Ili mo\u017eete odabrati da ra\u010dunar nasumi\u010dno dodijeli brojeve.<\/p>\n<p>Nakon \u0161to dobijete ulaznice koje \u017eelite za BonoLoto, mo\u017eete odabrati dodavanje ulaznica iz drugih igara. Bit \u0107e to vrlo jednostavno i trajat \u0107e samo nekoliko minuta. \u010cekate da vam stigne verifikacijska e-po\u0161ta na e-po\u0161tu koju nam pru\u017eite, i kliknete na link. To je sve \u0161to je potrebno i va\u0161 ra\u010dun \u0107e biti postavljen. Na taj na\u010din mo\u017eete nastaviti kupovati ulaznice.<\/p>\n<p>Obavezno pazite na verifikacijski link u svojoj redovnoj e-po\u0161ti, kao i u spam folderu, samo da budete sigurni. Ako nismo u va\u0161em adresaru, mo\u017eda ne\u0107ete vidjeti e-po\u0161tu u svom redovnom ra\u010dunu.<\/p>\n<h2>O BonoLoto<\/h2>\n<ul><img decoding=\"async\" class=\"aligncenter\" src=\"https:\/\/redfoxlotto.com\/image?size=8&amp;lottery=bonoloto\" alt=\"Bono Lotto\" \/><\/p>\n<li>Dr\u017eava: \u0160panjolska<\/li>\n<li>Raspon glavnih brojeva: 49<\/li>\n<li>Morate odabrati: 6<\/li>\n<li>Dani, sati izvla\u010denja: svakodnevno osim nedjeljom, 21:30 CET &#8211; 21:30 CET<\/li>\n<li>Jackpot po\u010dinje s: 400.000 \u20ac<\/li>\n<li>Jackpot nije ograni\u010den: nema ograni\u010denja<\/li>\n<li>\u0160ansa za osvajanje jackpota: 1 prema 13.983.816<\/li>\n<li>\u0160ansa za osvajanje druge nagrade: 1 prema 2.330.636<\/li>\n<li>\u0160ansa za osvajanje bilo koje nagrade: 1 prema 8,43<\/li>\n<li>Broj kategorija nagrada: 6<\/li>\n<\/ul>\n<h2>Najbolje zna\u010dajke BonoLoto<\/h2>\n<p>BonoLoto postoji ve\u0107 neko vrijeme i tijekom tog vremena podijelio je mnoge nagrade. Jo\u0161 bolje, ima \u010detiri razli\u010dita izvla\u010denja svaki tjedan i prvobitno je stvoren kao pristupa\u010dna opcija. Jo\u0161 uvijek je i mo\u017eete osvojiti udio od 55% ukupnih nagrada.<\/p>\n<h2>Kako provjeriti rezultate BonoLoto<\/h2>\n<p><img loading=\"lazy\" decoding=\"async\" class=\"alignright wp-image-3656\" src=\"https:\/\/onlinelotto365.com\/wp-content\/uploads\/2020\/11\/online_lottery-16-300x200.jpg\" alt=\"Igrajte Bonoloto online\" width=\"215\" height=\"143\" srcset=\"https:\/\/onlinelotto365.com\/wp-content\/uploads\/2020\/11\/online_lottery-16-300x200.jpg 300w, https:\/\/onlinelotto365.com\/wp-content\/uploads\/2020\/11\/online_lottery-16.jpg 320w\" sizes=\"auto, (max-width: 215px) 100vw, 215px\" \/><br \/>\nJeste li spremni vidjeti koji su dobitni brojevi za BonoLoto? Pa, zapravo je prili\u010dno jednostavno, jer sve \u0161to trebate u\u010diniti je oti\u0107i na slu\u017ebenu web stranicu BonoLoto. Ili mo\u017eete odabrati da provjerite svoje lokalne novine i televizijske stanice. Ovi mjesta sve objavljuju dobitne brojeve. Ali najbolje mjesto za oti\u0107i definitivno je mjesto gdje ste kupili svoju ulaznicu, a to je upravo ovdje. Mo\u0107i \u0107ete vidjeti dobitne brojeve kao i svoje vlastite brojeve i kako se uspore\u0111uju. Na taj na\u010din mo\u017eete odmah vidjeti svoje dobitke tako\u0111er.<\/p>\n<h2>Igrali ste BonoLoto online i osvojili &#8211; \u0161to se doga\u0111a sljede\u0107e?<\/h2>\n<ul>\n<li>Ako osvojite manje od 2500 \u20ac, ne morate ni\u0161ta \u010diniti. To je zato \u0161to mi za vas tra\u017eimo novac i upla\u0107ujemo ga izravno na va\u0161 ra\u010dun. Bit \u0107e tamo za vas da ga koristite kako i kada \u017eelite. Ili ga mo\u017eete povu\u0107i na svoj redovni bankovni ra\u010dun ako imate najmanje 10 \u20ac.<\/li>\n<li>Ako osvojite vi\u0161e od 2500 \u20ac, morat \u0107ete pri\u010dekati da \u010dujete od na\u0161eg tima za podr\u0161ku jer je potrebno malo vi\u0161e truda da biste dobili svoje dobitke. Sre\u0107om, poma\u017eemo vam u tom procesu i odmah vas pokre\u0107emo kako biste novac mogli poslati \u010dekom ili izravno na va\u0161 ra\u010dun.<\/li>\n<\/ul>\n","protected":false},"excerpt":{"rendered":"<p>Kako igrati BonoLoto online Igranje BonoLoto je lak\u0161e nego \u0161to mo\u017eda mislite. Sve \u0161to trebate u\u010diniti je znati gdje po\u010deti i gdje kupiti svoje ulaznice. I najbolje mjesto gdje to mo\u017eete u\u010diniti je s nama, uz nekoliko jednostavnih koraka. Na\u0161 sustav se pobrinuo da brinemo o vama od po\u010detka do kraja. Sve \u0161to trebate u\u010diniti [&hellip;]<\/p>\n","protected":false},"author":1,"featured_media":0,"parent":5011,"menu_order":8,"comment_status":"closed","ping_status":"closed","template":"","meta":{"_et_pb_use_builder":"","_et_pb_old_content":"","_et_gb_content_width":"","exclude_from_search":false,"footnotes":""},"class_list":["post-81984","page","type-page","status-publish","hentry"],"yoast_head":"<!-- This site is optimized with the Yoast SEO plugin v23.4 - https:\/\/yoast.com\/wordpress\/plugins\/seo\/ -->\n<title>Kako igrati BonoLoto ako \u017eivite u Ujedinjenom Kraljevstvu<\/title>\n<meta name=\"description\" content=\"Zakonito naru\u010dite ulaznice za igranje Bonoloto ovdje na na\u0161oj web stranici.\" \/>\n<meta name=\"robots\" content=\"index, follow, max-snippet:-1, max-image-preview:large, max-video-preview:-1\" \/>\n<link rel=\"canonical\" href=\"https:\/\/onlinelotto365.com\/hr\/igrajte\/bonoloto-sada-dostupna-sa-svih-mjesta\/\" \/>\n<meta property=\"og:locale\" content=\"hr_HR\" \/>\n<meta property=\"og:type\" content=\"article\" \/>\n<meta property=\"og:title\" content=\"Kako igrati BonoLoto ako \u017eivite u Ujedinjenom Kraljevstvu\" \/>\n<meta property=\"og:description\" content=\"Zakonito naru\u010dite ulaznice za igranje Bonoloto ovdje na na\u0161oj web stranici.\" \/>\n<meta property=\"og:url\" content=\"https:\/\/onlinelotto365.com\/hr\/igrajte\/bonoloto-sada-dostupna-sa-svih-mjesta\/\" \/>\n<meta property=\"og:site_name\" content=\"OnlineLotto365\" \/>\n<meta property=\"og:image\" content=\"https:\/\/redfoxlotto.com\/image?size=8&amp;lottery=bonoloto\" \/>\n<meta name=\"twitter:card\" content=\"summary_large_image\" \/>\n<meta name=\"twitter:label1\" content=\"Procijenjeno vrijeme \u010ditanja\" \/>\n\t<meta name=\"twitter:data1\" content=\"3 minute\" \/>\n<script type=\"application\/ld+json\" class=\"yoast-schema-graph\">{\"@context\":\"https:\/\/schema.org\",\"@graph\":[{\"@type\":\"WebPage\",\"@id\":\"https:\/\/onlinelotto365.com\/hr\/igrajte\/bonoloto-sada-dostupna-sa-svih-mjesta\/\",\"url\":\"https:\/\/onlinelotto365.com\/hr\/igrajte\/bonoloto-sada-dostupna-sa-svih-mjesta\/\",\"name\":\"Kako igrati BonoLoto ako \u017eivite u Ujedinjenom Kraljevstvu\",\"isPartOf\":{\"@id\":\"https:\/\/onlinelotto365.com\/hr\/#website\"},\"primaryImageOfPage\":{\"@id\":\"https:\/\/onlinelotto365.com\/hr\/igrajte\/bonoloto-sada-dostupna-sa-svih-mjesta\/#primaryimage\"},\"image\":{\"@id\":\"https:\/\/onlinelotto365.com\/hr\/igrajte\/bonoloto-sada-dostupna-sa-svih-mjesta\/#primaryimage\"},\"thumbnailUrl\":\"https:\/\/redfoxlotto.com\/image?size=8&amp;lottery=bonoloto\",\"datePublished\":\"2023-09-03T08:22:53+00:00\",\"dateModified\":\"2023-09-03T08:22:53+00:00\",\"description\":\"Zakonito naru\u010dite ulaznice za igranje Bonoloto ovdje na na\u0161oj web stranici.\",\"breadcrumb\":{\"@id\":\"https:\/\/onlinelotto365.com\/hr\/igrajte\/bonoloto-sada-dostupna-sa-svih-mjesta\/#breadcrumb\"},\"inLanguage\":\"hr\",\"potentialAction\":[{\"@type\":\"ReadAction\",\"target\":[\"https:\/\/onlinelotto365.com\/hr\/igrajte\/bonoloto-sada-dostupna-sa-svih-mjesta\/\"]}]},{\"@type\":\"ImageObject\",\"inLanguage\":\"hr\",\"@id\":\"https:\/\/onlinelotto365.com\/hr\/igrajte\/bonoloto-sada-dostupna-sa-svih-mjesta\/#primaryimage\",\"url\":\"https:\/\/redfoxlotto.com\/image?size=8&amp;lottery=bonoloto\",\"contentUrl\":\"https:\/\/redfoxlotto.com\/image?size=8&amp;lottery=bonoloto\"},{\"@type\":\"BreadcrumbList\",\"@id\":\"https:\/\/onlinelotto365.com\/hr\/igrajte\/bonoloto-sada-dostupna-sa-svih-mjesta\/#breadcrumb\",\"itemListElement\":[{\"@type\":\"ListItem\",\"position\":1,\"name\":\"Home\",\"item\":\"https:\/\/onlinelotto365.com\/hr\/\"},{\"@type\":\"ListItem\",\"position\":2,\"name\":\"Sve \u0161to morate znati o va\u0161im mogu\u0107nostima igranja najboljih lutrija online\",\"item\":\"https:\/\/onlinelotto365.com\/hr\/play\/\"},{\"@type\":\"ListItem\",\"position\":3,\"name\":\"Bonoloto sada dostupna sa svih mjesta.\"}]},{\"@type\":\"WebSite\",\"@id\":\"https:\/\/onlinelotto365.com\/hr\/#website\",\"url\":\"https:\/\/onlinelotto365.com\/hr\/\",\"name\":\"OnlineLotto365\",\"description\":\"\",\"potentialAction\":[{\"@type\":\"SearchAction\",\"target\":{\"@type\":\"EntryPoint\",\"urlTemplate\":\"https:\/\/onlinelotto365.com\/hr\/?s={search_term_string}\"},\"query-input\":{\"@type\":\"PropertyValueSpecification\",\"valueRequired\":true,\"valueName\":\"search_term_string\"}}],\"inLanguage\":\"hr\"}]}<\/script>\n<!-- \/ Yoast SEO plugin. -->","yoast_head_json":{"title":"Kako igrati BonoLoto ako \u017eivite u Ujedinjenom Kraljevstvu","description":"Zakonito naru\u010dite ulaznice za igranje Bonoloto ovdje na na\u0161oj web stranici.","robots":{"index":"index","follow":"follow","max-snippet":"max-snippet:-1","max-image-preview":"max-image-preview:large","max-video-preview":"max-video-preview:-1"},"canonical":"https:\/\/onlinelotto365.com\/hr\/igrajte\/bonoloto-sada-dostupna-sa-svih-mjesta\/","og_locale":"hr_HR","og_type":"article","og_title":"Kako igrati BonoLoto ako \u017eivite u Ujedinjenom Kraljevstvu","og_description":"Zakonito naru\u010dite ulaznice za igranje Bonoloto ovdje na na\u0161oj web stranici.","og_url":"https:\/\/onlinelotto365.com\/hr\/igrajte\/bonoloto-sada-dostupna-sa-svih-mjesta\/","og_site_name":"OnlineLotto365","og_image":[{"url":"https:\/\/redfoxlotto.com\/image?size=8&amp;lottery=bonoloto"}],"twitter_card":"summary_large_image","twitter_misc":{"Procijenjeno vrijeme \u010ditanja":"3 minute"},"schema":{"@context":"https:\/\/schema.org","@graph":[{"@type":"WebPage","@id":"https:\/\/onlinelotto365.com\/hr\/igrajte\/bonoloto-sada-dostupna-sa-svih-mjesta\/","url":"https:\/\/onlinelotto365.com\/hr\/igrajte\/bonoloto-sada-dostupna-sa-svih-mjesta\/","name":"Kako igrati BonoLoto ako \u017eivite u Ujedinjenom Kraljevstvu","isPartOf":{"@id":"https:\/\/onlinelotto365.com\/hr\/#website"},"primaryImageOfPage":{"@id":"https:\/\/onlinelotto365.com\/hr\/igrajte\/bonoloto-sada-dostupna-sa-svih-mjesta\/#primaryimage"},"image":{"@id":"https:\/\/onlinelotto365.com\/hr\/igrajte\/bonoloto-sada-dostupna-sa-svih-mjesta\/#primaryimage"},"thumbnailUrl":"https:\/\/redfoxlotto.com\/image?size=8&amp;lottery=bonoloto","datePublished":"2023-09-03T08:22:53+00:00","dateModified":"2023-09-03T08:22:53+00:00","description":"Zakonito naru\u010dite ulaznice za igranje Bonoloto ovdje na na\u0161oj web stranici.","breadcrumb":{"@id":"https:\/\/onlinelotto365.com\/hr\/igrajte\/bonoloto-sada-dostupna-sa-svih-mjesta\/#breadcrumb"},"inLanguage":"hr","potentialAction":[{"@type":"ReadAction","target":["https:\/\/onlinelotto365.com\/hr\/igrajte\/bonoloto-sada-dostupna-sa-svih-mjesta\/"]}]},{"@type":"ImageObject","inLanguage":"hr","@id":"https:\/\/onlinelotto365.com\/hr\/igrajte\/bonoloto-sada-dostupna-sa-svih-mjesta\/#primaryimage","url":"https:\/\/redfoxlotto.com\/image?size=8&amp;lottery=bonoloto","contentUrl":"https:\/\/redfoxlotto.com\/image?size=8&amp;lottery=bonoloto"},{"@type":"BreadcrumbList","@id":"https:\/\/onlinelotto365.com\/hr\/igrajte\/bonoloto-sada-dostupna-sa-svih-mjesta\/#breadcrumb","itemListElement":[{"@type":"ListItem","position":1,"name":"Home","item":"https:\/\/onlinelotto365.com\/hr\/"},{"@type":"ListItem","position":2,"name":"Sve \u0161to morate znati o va\u0161im mogu\u0107nostima igranja najboljih lutrija online","item":"https:\/\/onlinelotto365.com\/hr\/play\/"},{"@type":"ListItem","position":3,"name":"Bonoloto sada dostupna sa svih mjesta."}]},{"@type":"WebSite","@id":"https:\/\/onlinelotto365.com\/hr\/#website","url":"https:\/\/onlinelotto365.com\/hr\/","name":"OnlineLotto365","description":"","potentialAction":[{"@type":"SearchAction","target":{"@type":"EntryPoint","urlTemplate":"https:\/\/onlinelotto365.com\/hr\/?s={search_term_string}"},"query-input":{"@type":"PropertyValueSpecification","valueRequired":true,"valueName":"search_term_string"}}],"inLanguage":"hr"}]}},"_links":{"self":[{"href":"https:\/\/onlinelotto365.com\/hr\/wp-json\/wp\/v2\/pages\/81984","targetHints":{"allow":["GET"]}}],"collection":[{"href":"https:\/\/onlinelotto365.com\/hr\/wp-json\/wp\/v2\/pages"}],"about":[{"href":"https:\/\/onlinelotto365.com\/hr\/wp-json\/wp\/v2\/types\/page"}],"author":[{"embeddable":true,"href":"https:\/\/onlinelotto365.com\/hr\/wp-json\/wp\/v2\/users\/1"}],"replies":[{"embeddable":true,"href":"https:\/\/onlinelotto365.com\/hr\/wp-json\/wp\/v2\/comments?post=81984"}],"version-history":[{"count":0,"href":"https:\/\/onlinelotto365.com\/hr\/wp-json\/wp\/v2\/pages\/81984\/revisions"}],"up":[{"embeddable":true,"href":"https:\/\/onlinelotto365.com\/hr\/wp-json\/wp\/v2\/pages\/5011"}],"wp:attachment":[{"href":"https:\/\/onlinelotto365.com\/hr\/wp-json\/wp\/v2\/media?parent=81984"}],"curies":[{"name":"wp","href":"https:\/\/api.w.org\/{rel}","templated":true}]}}