{"id":81993,"date":"2023-09-03T10:38:11","date_gmt":"2023-09-03T09:38:11","guid":{"rendered":"https:\/\/onlinelotto365.com\/igrajte\/je-li-moguce-igrati-set-for-life-lutriju-online"},"modified":"2023-09-03T10:38:11","modified_gmt":"2023-09-03T09:38:11","slug":"je-li-moguce-igrati-set-for-life-lutriju-online","status":"publish","type":"page","link":"https:\/\/onlinelotto365.com\/hr\/igrajte\/je-li-moguce-igrati-set-for-life-lutriju-online\/","title":{"rendered":"Je li mogu\u0107e igrati Set for Life lutriju online?"},"content":{"rendered":"<p>Znate li da lutrija Set for Life mo\u017ee pru\u017eiti priliku da osvojite 10.000 funti svaki mjesec? Ako vas zanima isprobati sre\u0107u u lutriji, Set for Life je fantasti\u010dan na\u010din za po\u010detak. Lutrija Set for Life najpoznatija je po tome \u0161to vam omogu\u0107uje da igrate brojeve u sedam uzastopnih dnevnih izvla\u010denja. To jednostavno zna\u010di da imate mnogo prilika za osvajanje jackpota svaki dan u tjednu.<\/p>\n<p>Ovdje \u0107emo vas upoznati s vi\u0161e detalja o Set for Life i objasniti za\u0161to mnogi ljudi nastavljaju igrati ovu lutriju.<\/p>\n<p>Set for Life organizirao je Nacionalna lutrija i stekao je titulu prve anuitetne lutrije u Velikoj Britaniji. Lutrija pru\u017ea igra\u010dima priliku da osvoje mjese\u010dnu isplatu od 10.000 funti tijekom 30 godina.<\/p>\n<p>I iako je to britanska lutrija, Set for Life mo\u017eete igrati online iz Australije. Na\u0161a online usluga za kupnju ulaznica za globalne lutrije omogu\u0107uje igra\u010dima iz cijelog svijeta da sudjeluju u najboljim lutrijama s najve\u0107im jackpotima.<img decoding=\"async\" class=\"aligncenter\" src=\"https:\/\/redfoxlotto.com\/image?size=8&amp;lottery=set-for-life-uk\" alt=\"&quot;Set\" \/><\/p>\n<h2>O Set for Life lutriji<\/h2>\n<ul>\n<li>Zemlja: Ujedinjeno Kraljevstvo<\/li>\n<li>Raspon glavnih brojeva: 45<\/li>\n<li>Odabirete: 5<\/li>\n<li>Raspon dodatnih brojeva: 10<\/li>\n<li>Odabirete: 1<\/li>\n<li>Dani i sati izvla\u010denja: ponedjeljak, \u010detvrtak, 20:00 GMT, 21:00 CET<\/li>\n<li>Minimalni jackpot: nema<\/li>\n<li>Maksimalni jackpot: nema<\/li>\n<li>Vjerojatnost osvajanja jackpota: 1 prema 15.339.390<\/li>\n<li>Vjerojatnost osvajanja nagrade na drugoj razini: 1 prema 1.704.377<\/li>\n<li>Vjerojatnost osvajanja nagrade u bilo kojoj razini: 1 prema 12,4<\/li>\n<li>Broj razina nagrada: 8<\/li>\n<\/ul>\n<p>Kao i druge lutrije u Velikoj Britaniji, Set for Life je igra izvla\u010denja. Ako igrate lutriju, trebate odabrati pet brojeva iz raspona od 1 do 47, uklju\u010duju\u0107i broj &#8220;life ball&#8221; od 1 &#8211; 10. Nakon \u0161to odaberete svojih pet brojeva i broj &#8220;life ball&#8221;, imate priliku osvojiti ukupni jackpot od 10.000 funti svaki mjesec.<\/p>\n<h2>Set for Life izvla\u010denje<img loading=\"lazy\" decoding=\"async\" class=\"size-full wp-image-1477 alignright\" src=\"https:\/\/onlinelotto365.com\/wp-content\/uploads\/2020\/11\/online_lottery-128.jpg\" alt=\"Igrajte Set for Life lutriju\" width=\"212\" height=\"142\" \/><\/h2>\n<p>Set for Life lutrija se odr\u017eava svaki ponedjeljak i \u010detvrtak, a u Velikoj Britaniji igra\u010di mogu kupiti lutrijske ulaznice u svojoj lokalnoj lutrijskoj trgovini. Izvla\u010denje zatvara svake ve\u010deri u 21:00 EAST. Najnoviji rezultati Set for Life obi\u010dno su dostupni na dan izvla\u010denja, \u0161to je u 21:45 GMT. Imajte na umu da su dividende za svaku igru obi\u010dno dostupne javnosti nakon jutarnjeg izvla\u010denja.<\/p>\n<p>Kako osvojiti Set for Life lutriju<\/p>\n<p>Prva nagrada Set for Life lutrije nudi mjese\u010dnu isplatu od 10.000 funti, a \u010detiri igra\u010da imaju priliku osvojiti nagradu u svakom izvla\u010denju. Da biste osvojili jackpot, va\u0161i brojevi moraju odgovarati osam dobitnih brojeva u jednom setu. To zna\u010di da ukupno postoji osam razina nagrada u Set for Life lutriji. Imate priliku osvojiti nagradu sa \u010detiri dobitna broja, uklju\u010duju\u0107i jedan bonus broj u svakom setu.<\/p>\n<p>Set for Life nudi povoljne \u0161anse za osvajanje jackpota. Na primjer, druge nagrade koje zahtijevaju podudaranje jednog ili vi\u0161e brojeva daju vam \u0161ansu od 1 prema 12 \u010dak i ako je to samo 5 funti.<\/p>\n<p>Dakle, ako osje\u0107ate svoju sre\u0107u, isplati se kupiti ulaznicu za Set for Life! Nudimo vam \u0161irok izbor me\u0111unarodnih lutrija koje mo\u017eete igrati iz Australije, s jackpotima vrijednim stotine milijuna funti.<\/p>\n","protected":false},"excerpt":{"rendered":"<p>Znate li da lutrija Set for Life mo\u017ee pru\u017eiti priliku da osvojite 10.000 funti svaki mjesec? Ako vas zanima isprobati sre\u0107u u lutriji, Set for Life je fantasti\u010dan na\u010din za po\u010detak. Lutrija Set for Life najpoznatija je po tome \u0161to vam omogu\u0107uje da igrate brojeve u sedam uzastopnih dnevnih izvla\u010denja. To jednostavno zna\u010di da imate [&hellip;]<\/p>\n","protected":false},"author":1,"featured_media":0,"parent":5011,"menu_order":10,"comment_status":"closed","ping_status":"closed","template":"set-for-life.php","meta":{"_et_pb_use_builder":"","_et_pb_old_content":"","_et_gb_content_width":"","exclude_from_search":false,"footnotes":""},"class_list":["post-81993","page","type-page","status-publish","hentry"],"yoast_head":"<!-- This site is optimized with the Yoast SEO plugin v23.4 - https:\/\/yoast.com\/wordpress\/plugins\/seo\/ -->\n<title>Kako igrati lutriju Set for Life online iz Hrvatske<\/title>\n<meta name=\"description\" content=\"Kako igrati lutriju Set for Life online iz Hrvatske\" \/>\n<meta name=\"robots\" content=\"index, follow, max-snippet:-1, max-image-preview:large, max-video-preview:-1\" \/>\n<link rel=\"canonical\" href=\"https:\/\/onlinelotto365.com\/hr\/igrajte\/je-li-moguce-igrati-set-for-life-lutriju-online\/\" \/>\n<meta property=\"og:locale\" content=\"hr_HR\" \/>\n<meta property=\"og:type\" content=\"article\" \/>\n<meta property=\"og:title\" content=\"Kako igrati lutriju Set for Life online iz Hrvatske\" \/>\n<meta property=\"og:description\" content=\"Kako igrati lutriju Set for Life online iz Hrvatske\" \/>\n<meta property=\"og:url\" content=\"https:\/\/onlinelotto365.com\/hr\/igrajte\/je-li-moguce-igrati-set-for-life-lutriju-online\/\" \/>\n<meta property=\"og:site_name\" content=\"OnlineLotto365\" \/>\n<meta property=\"og:image\" content=\"https:\/\/redfoxlotto.com\/image?size=8&amp;lottery=set-for-life-uk\" \/>\n<meta name=\"twitter:card\" content=\"summary_large_image\" \/>\n<meta name=\"twitter:label1\" content=\"Procijenjeno vrijeme \u010ditanja\" \/>\n\t<meta name=\"twitter:data1\" content=\"2 minute\" \/>\n<script type=\"application\/ld+json\" class=\"yoast-schema-graph\">{\"@context\":\"https:\/\/schema.org\",\"@graph\":[{\"@type\":\"WebPage\",\"@id\":\"https:\/\/onlinelotto365.com\/hr\/igrajte\/je-li-moguce-igrati-set-for-life-lutriju-online\/\",\"url\":\"https:\/\/onlinelotto365.com\/hr\/igrajte\/je-li-moguce-igrati-set-for-life-lutriju-online\/\",\"name\":\"Kako igrati lutriju Set for Life online iz Hrvatske\",\"isPartOf\":{\"@id\":\"https:\/\/onlinelotto365.com\/hr\/#website\"},\"primaryImageOfPage\":{\"@id\":\"https:\/\/onlinelotto365.com\/hr\/igrajte\/je-li-moguce-igrati-set-for-life-lutriju-online\/#primaryimage\"},\"image\":{\"@id\":\"https:\/\/onlinelotto365.com\/hr\/igrajte\/je-li-moguce-igrati-set-for-life-lutriju-online\/#primaryimage\"},\"thumbnailUrl\":\"https:\/\/redfoxlotto.com\/image?size=8&amp;lottery=set-for-life-uk\",\"datePublished\":\"2023-09-03T09:38:11+00:00\",\"dateModified\":\"2023-09-03T09:38:11+00:00\",\"description\":\"Kako igrati lutriju Set for Life online iz Hrvatske\",\"breadcrumb\":{\"@id\":\"https:\/\/onlinelotto365.com\/hr\/igrajte\/je-li-moguce-igrati-set-for-life-lutriju-online\/#breadcrumb\"},\"inLanguage\":\"hr\",\"potentialAction\":[{\"@type\":\"ReadAction\",\"target\":[\"https:\/\/onlinelotto365.com\/hr\/igrajte\/je-li-moguce-igrati-set-for-life-lutriju-online\/\"]}]},{\"@type\":\"ImageObject\",\"inLanguage\":\"hr\",\"@id\":\"https:\/\/onlinelotto365.com\/hr\/igrajte\/je-li-moguce-igrati-set-for-life-lutriju-online\/#primaryimage\",\"url\":\"https:\/\/redfoxlotto.com\/image?size=8&amp;lottery=set-for-life-uk\",\"contentUrl\":\"https:\/\/redfoxlotto.com\/image?size=8&amp;lottery=set-for-life-uk\"},{\"@type\":\"BreadcrumbList\",\"@id\":\"https:\/\/onlinelotto365.com\/hr\/igrajte\/je-li-moguce-igrati-set-for-life-lutriju-online\/#breadcrumb\",\"itemListElement\":[{\"@type\":\"ListItem\",\"position\":1,\"name\":\"Home\",\"item\":\"https:\/\/onlinelotto365.com\/hr\/\"},{\"@type\":\"ListItem\",\"position\":2,\"name\":\"Sve \u0161to morate znati o va\u0161im mogu\u0107nostima igranja najboljih lutrija online\",\"item\":\"https:\/\/onlinelotto365.com\/hr\/play\/\"},{\"@type\":\"ListItem\",\"position\":3,\"name\":\"Je li mogu\u0107e igrati Set for Life lutriju online?\"}]},{\"@type\":\"WebSite\",\"@id\":\"https:\/\/onlinelotto365.com\/hr\/#website\",\"url\":\"https:\/\/onlinelotto365.com\/hr\/\",\"name\":\"OnlineLotto365\",\"description\":\"\",\"potentialAction\":[{\"@type\":\"SearchAction\",\"target\":{\"@type\":\"EntryPoint\",\"urlTemplate\":\"https:\/\/onlinelotto365.com\/hr\/?s={search_term_string}\"},\"query-input\":{\"@type\":\"PropertyValueSpecification\",\"valueRequired\":true,\"valueName\":\"search_term_string\"}}],\"inLanguage\":\"hr\"}]}<\/script>\n<!-- \/ Yoast SEO plugin. -->","yoast_head_json":{"title":"Kako igrati lutriju Set for Life online iz Hrvatske","description":"Kako igrati lutriju Set for Life online iz Hrvatske","robots":{"index":"index","follow":"follow","max-snippet":"max-snippet:-1","max-image-preview":"max-image-preview:large","max-video-preview":"max-video-preview:-1"},"canonical":"https:\/\/onlinelotto365.com\/hr\/igrajte\/je-li-moguce-igrati-set-for-life-lutriju-online\/","og_locale":"hr_HR","og_type":"article","og_title":"Kako igrati lutriju Set for Life online iz Hrvatske","og_description":"Kako igrati lutriju Set for Life online iz Hrvatske","og_url":"https:\/\/onlinelotto365.com\/hr\/igrajte\/je-li-moguce-igrati-set-for-life-lutriju-online\/","og_site_name":"OnlineLotto365","og_image":[{"url":"https:\/\/redfoxlotto.com\/image?size=8&amp;lottery=set-for-life-uk"}],"twitter_card":"summary_large_image","twitter_misc":{"Procijenjeno vrijeme \u010ditanja":"2 minute"},"schema":{"@context":"https:\/\/schema.org","@graph":[{"@type":"WebPage","@id":"https:\/\/onlinelotto365.com\/hr\/igrajte\/je-li-moguce-igrati-set-for-life-lutriju-online\/","url":"https:\/\/onlinelotto365.com\/hr\/igrajte\/je-li-moguce-igrati-set-for-life-lutriju-online\/","name":"Kako igrati lutriju Set for Life online iz Hrvatske","isPartOf":{"@id":"https:\/\/onlinelotto365.com\/hr\/#website"},"primaryImageOfPage":{"@id":"https:\/\/onlinelotto365.com\/hr\/igrajte\/je-li-moguce-igrati-set-for-life-lutriju-online\/#primaryimage"},"image":{"@id":"https:\/\/onlinelotto365.com\/hr\/igrajte\/je-li-moguce-igrati-set-for-life-lutriju-online\/#primaryimage"},"thumbnailUrl":"https:\/\/redfoxlotto.com\/image?size=8&amp;lottery=set-for-life-uk","datePublished":"2023-09-03T09:38:11+00:00","dateModified":"2023-09-03T09:38:11+00:00","description":"Kako igrati lutriju Set for Life online iz Hrvatske","breadcrumb":{"@id":"https:\/\/onlinelotto365.com\/hr\/igrajte\/je-li-moguce-igrati-set-for-life-lutriju-online\/#breadcrumb"},"inLanguage":"hr","potentialAction":[{"@type":"ReadAction","target":["https:\/\/onlinelotto365.com\/hr\/igrajte\/je-li-moguce-igrati-set-for-life-lutriju-online\/"]}]},{"@type":"ImageObject","inLanguage":"hr","@id":"https:\/\/onlinelotto365.com\/hr\/igrajte\/je-li-moguce-igrati-set-for-life-lutriju-online\/#primaryimage","url":"https:\/\/redfoxlotto.com\/image?size=8&amp;lottery=set-for-life-uk","contentUrl":"https:\/\/redfoxlotto.com\/image?size=8&amp;lottery=set-for-life-uk"},{"@type":"BreadcrumbList","@id":"https:\/\/onlinelotto365.com\/hr\/igrajte\/je-li-moguce-igrati-set-for-life-lutriju-online\/#breadcrumb","itemListElement":[{"@type":"ListItem","position":1,"name":"Home","item":"https:\/\/onlinelotto365.com\/hr\/"},{"@type":"ListItem","position":2,"name":"Sve \u0161to morate znati o va\u0161im mogu\u0107nostima igranja najboljih lutrija online","item":"https:\/\/onlinelotto365.com\/hr\/play\/"},{"@type":"ListItem","position":3,"name":"Je li mogu\u0107e igrati Set for Life lutriju online?"}]},{"@type":"WebSite","@id":"https:\/\/onlinelotto365.com\/hr\/#website","url":"https:\/\/onlinelotto365.com\/hr\/","name":"OnlineLotto365","description":"","potentialAction":[{"@type":"SearchAction","target":{"@type":"EntryPoint","urlTemplate":"https:\/\/onlinelotto365.com\/hr\/?s={search_term_string}"},"query-input":{"@type":"PropertyValueSpecification","valueRequired":true,"valueName":"search_term_string"}}],"inLanguage":"hr"}]}},"_links":{"self":[{"href":"https:\/\/onlinelotto365.com\/hr\/wp-json\/wp\/v2\/pages\/81993","targetHints":{"allow":["GET"]}}],"collection":[{"href":"https:\/\/onlinelotto365.com\/hr\/wp-json\/wp\/v2\/pages"}],"about":[{"href":"https:\/\/onlinelotto365.com\/hr\/wp-json\/wp\/v2\/types\/page"}],"author":[{"embeddable":true,"href":"https:\/\/onlinelotto365.com\/hr\/wp-json\/wp\/v2\/users\/1"}],"replies":[{"embeddable":true,"href":"https:\/\/onlinelotto365.com\/hr\/wp-json\/wp\/v2\/comments?post=81993"}],"version-history":[{"count":0,"href":"https:\/\/onlinelotto365.com\/hr\/wp-json\/wp\/v2\/pages\/81993\/revisions"}],"up":[{"embeddable":true,"href":"https:\/\/onlinelotto365.com\/hr\/wp-json\/wp\/v2\/pages\/5011"}],"wp:attachment":[{"href":"https:\/\/onlinelotto365.com\/hr\/wp-json\/wp\/v2\/media?parent=81993"}],"curies":[{"name":"wp","href":"https:\/\/api.w.org\/{rel}","templated":true}]}}