{"id":83115,"date":"2023-09-06T15:59:59","date_gmt":"2023-09-06T14:59:59","guid":{"rendered":"https:\/\/onlinelotto365.com\/igrajte\/kako-stanovnici-hrvatske-mogu-igrati-britansku-lutriju-online"},"modified":"2023-09-06T15:59:59","modified_gmt":"2023-09-06T14:59:59","slug":"kako-stanovnici-hrvatske-mogu-igrati-britansku-lutriju-online","status":"publish","type":"page","link":"https:\/\/onlinelotto365.com\/hr\/igrajte\/kako-stanovnici-hrvatske-mogu-igrati-britansku-lutriju-online\/","title":{"rendered":"Kako stanovnici Hrvatske mogu igrati britansku lutriju online?"},"content":{"rendered":"<h2>O britanskoj lutriji<\/h2>\n<p>S \u0161est brojeva za odabrati izme\u0111u 59 i bez dodatnih brojeva, izgledi za pobjedu su pristojni u usporedbi s igrama poput Powerballa ili Mega Millionsa. Ako imate 5 od 6 brojeva ispravno, osiguravate si 2,5 milijuna britanskih funti, a ako imate svih \u0161est, osvajate jackpot. Osoba koja ne \u017eivi u Ujedinjenom Kraljevstvu mo\u017ee sudjelovati jedino putem na\u0161e usluge.<\/p>\n<ul><img loading=\"lazy\" decoding=\"async\" class=\"aligncenter\" src=\"https:\/\/redfoxlotto.com\/image?size=8&amp;lottery=lotto-uk\" alt=\"Britanska lutrija\" width=\"720\" height=\"90\" \/><\/p>\n<li>Zemlja: UK<\/li>\n<li>Raspon glavnih brojeva: 59<\/li>\n<li>Odaberete: 6<\/li>\n<li>Raspon dodatnih brojeva: nema<\/li>\n<li>Odaberete: nema<\/li>\n<li>Dani i sati izvla\u010denja: srijeda, subota, 19:30 UTC, 19:30 CET<\/li>\n<li>Minimalni jackpot: 2,5 milijuna GBP<\/li>\n<li>Maksimalni jackpot: 22 milijuna GBP<\/li>\n<li>Vjerojatnost osvajanja jackpot-a: 1 prema 45.057.474<\/li>\n<li>Vjerojatnost osvajanja nagrade iz druge kategorije: 1 prema 7.509.579<\/li>\n<li>Vjerojatnost osvajanja nagrade u bilo kojoj kategoriji: 1 prema 9,27<\/li>\n<li>Broj kategorija nagrada: 6<\/li>\n<\/ul>\n<h2>Za\u0161to su jackpots u britanskoj lutriji obi\u010dno prili\u010dno niski?<\/h2>\n<p><img loading=\"lazy\" decoding=\"async\" class=\"alignright wp-image-1961\" src=\"https:\/\/onlinelotto365.com\/wp-content\/uploads\/2020\/11\/online_lottery-175-300x300.jpg\" alt=\"Igrati britansku lutriju iz Hrvatske\" width=\"208\" height=\"208\" \/><br \/>\nPa, to je zbog \u010dinjenice da se jackpot u britanskoj lutriji mo\u017ee nakon samo 5 izvla\u010denja. Nakon toga, jackpot se mo\u017ee osvojiti samo ako imate 5 od 6 brojeva na va\u0161oj lutrijskoj listi\u0107i. Razmatraju\u0107i ovu pravilo, bilo bi smisleno igrati ovu lutriju svaki put kad jackpot nije osvojen pet puta zaredom. U tom trenutku, imate mnogo bolje izglede za osvajanje glavne nagrade. Ta glavna nagrada trebala bi biti dovoljno velika da vas stavi u polo\u017eaj gdje se vi\u0161e ne morate brinuti o novcu za ostatak svog \u017eivota.<\/p>\n<p>Postoji dobra \u0161ansa da nakon pet izvla\u010denja jackpot mora biti podijeljen izme\u0111u vi\u0161e dobitnika. S ni\u017eim izgledima i ve\u0107im brojem igra\u010da, moglo bi biti vi\u0161e od jednog dobitnika u drugoj kategoriji nagrada.<\/p>\n<h2>Ne \u017eelite dijeliti jackpot?<\/h2>\n<p>Postoji jedna strategija za izbjegavanje dijeljenja glavne nagrade: odaberite kombinaciju brojeva koja se \u010dini manje vjerojatnom za odabir od strane drugih igra\u010da. Na primjer, koristite manje brojeva izme\u0111u 1 i 31 (previ\u0161e igra\u010da koristi datume ro\u0111enja kao svoje sretne brojeve), ili koristite 3 broja izme\u0111u 30 i 40 i tri broja izme\u0111u 50 i 56. Koristite svoju ma\u0161tu kako biste smislili vi\u0161e &#8220;\u010dudnih&#8221; brojeva.<\/p>\n","protected":false},"excerpt":{"rendered":"<p>O britanskoj lutriji S \u0161est brojeva za odabrati izme\u0111u 59 i bez dodatnih brojeva, izgledi za pobjedu su pristojni u usporedbi s igrama poput Powerballa ili Mega Millionsa. Ako imate 5 od 6 brojeva ispravno, osiguravate si 2,5 milijuna britanskih funti, a ako imate svih \u0161est, osvajate jackpot. Osoba koja ne \u017eivi u Ujedinjenom Kraljevstvu [&hellip;]<\/p>\n","protected":false},"author":1,"featured_media":0,"parent":5011,"menu_order":9,"comment_status":"closed","ping_status":"closed","template":"lotto-uk.php","meta":{"_et_pb_use_builder":"","_et_pb_old_content":"","_et_gb_content_width":"","exclude_from_search":false,"footnotes":""},"class_list":["post-83115","page","type-page","status-publish","hentry"],"yoast_head":"<!-- This site is optimized with the Yoast SEO plugin v23.4 - https:\/\/yoast.com\/wordpress\/plugins\/seo\/ -->\n<title>Igrajte britansku lutriju online iz Hrvatske | Mogu li sudjelovati u britanskoj lutriji ako \u017eivim u Hrvatskoj?<\/title>\n<meta name=\"description\" content=\"Igrajte britansku lutriju online iz Hrvatske | Mogu li sudjelovati u britanskoj lutriji ako \u017eivim u Hrvatskoj?\" \/>\n<meta name=\"robots\" content=\"index, follow, max-snippet:-1, max-image-preview:large, max-video-preview:-1\" \/>\n<link rel=\"canonical\" href=\"https:\/\/onlinelotto365.com\/hr\/igrajte\/kako-stanovnici-hrvatske-mogu-igrati-britansku-lutriju-online\/\" \/>\n<meta property=\"og:locale\" content=\"hr_HR\" \/>\n<meta property=\"og:type\" content=\"article\" \/>\n<meta property=\"og:title\" content=\"Igrajte britansku lutriju online iz Hrvatske | Mogu li sudjelovati u britanskoj lutriji ako \u017eivim u Hrvatskoj?\" \/>\n<meta property=\"og:description\" content=\"Igrajte britansku lutriju online iz Hrvatske | Mogu li sudjelovati u britanskoj lutriji ako \u017eivim u Hrvatskoj?\" \/>\n<meta property=\"og:url\" content=\"https:\/\/onlinelotto365.com\/hr\/igrajte\/kako-stanovnici-hrvatske-mogu-igrati-britansku-lutriju-online\/\" \/>\n<meta property=\"og:site_name\" content=\"OnlineLotto365\" \/>\n<meta property=\"og:image\" content=\"https:\/\/redfoxlotto.com\/image?size=8&amp;lottery=lotto-uk\" \/>\n<meta name=\"twitter:card\" content=\"summary_large_image\" \/>\n<meta name=\"twitter:label1\" content=\"Procijenjeno vrijeme \u010ditanja\" \/>\n\t<meta name=\"twitter:data1\" content=\"2 minute\" \/>\n<script type=\"application\/ld+json\" class=\"yoast-schema-graph\">{\"@context\":\"https:\/\/schema.org\",\"@graph\":[{\"@type\":\"WebPage\",\"@id\":\"https:\/\/onlinelotto365.com\/hr\/igrajte\/kako-stanovnici-hrvatske-mogu-igrati-britansku-lutriju-online\/\",\"url\":\"https:\/\/onlinelotto365.com\/hr\/igrajte\/kako-stanovnici-hrvatske-mogu-igrati-britansku-lutriju-online\/\",\"name\":\"Igrajte britansku lutriju online iz Hrvatske | Mogu li sudjelovati u britanskoj lutriji ako \u017eivim u Hrvatskoj?\",\"isPartOf\":{\"@id\":\"https:\/\/onlinelotto365.com\/hr\/#website\"},\"primaryImageOfPage\":{\"@id\":\"https:\/\/onlinelotto365.com\/hr\/igrajte\/kako-stanovnici-hrvatske-mogu-igrati-britansku-lutriju-online\/#primaryimage\"},\"image\":{\"@id\":\"https:\/\/onlinelotto365.com\/hr\/igrajte\/kako-stanovnici-hrvatske-mogu-igrati-britansku-lutriju-online\/#primaryimage\"},\"thumbnailUrl\":\"https:\/\/redfoxlotto.com\/image?size=8&amp;lottery=lotto-uk\",\"datePublished\":\"2023-09-06T14:59:59+00:00\",\"dateModified\":\"2023-09-06T14:59:59+00:00\",\"description\":\"Igrajte britansku lutriju online iz Hrvatske | Mogu li sudjelovati u britanskoj lutriji ako \u017eivim u Hrvatskoj?\",\"breadcrumb\":{\"@id\":\"https:\/\/onlinelotto365.com\/hr\/igrajte\/kako-stanovnici-hrvatske-mogu-igrati-britansku-lutriju-online\/#breadcrumb\"},\"inLanguage\":\"hr\",\"potentialAction\":[{\"@type\":\"ReadAction\",\"target\":[\"https:\/\/onlinelotto365.com\/hr\/igrajte\/kako-stanovnici-hrvatske-mogu-igrati-britansku-lutriju-online\/\"]}]},{\"@type\":\"ImageObject\",\"inLanguage\":\"hr\",\"@id\":\"https:\/\/onlinelotto365.com\/hr\/igrajte\/kako-stanovnici-hrvatske-mogu-igrati-britansku-lutriju-online\/#primaryimage\",\"url\":\"https:\/\/redfoxlotto.com\/image?size=8&amp;lottery=lotto-uk\",\"contentUrl\":\"https:\/\/redfoxlotto.com\/image?size=8&amp;lottery=lotto-uk\"},{\"@type\":\"BreadcrumbList\",\"@id\":\"https:\/\/onlinelotto365.com\/hr\/igrajte\/kako-stanovnici-hrvatske-mogu-igrati-britansku-lutriju-online\/#breadcrumb\",\"itemListElement\":[{\"@type\":\"ListItem\",\"position\":1,\"name\":\"Home\",\"item\":\"https:\/\/onlinelotto365.com\/hr\/\"},{\"@type\":\"ListItem\",\"position\":2,\"name\":\"Sve \u0161to morate znati o va\u0161im mogu\u0107nostima igranja najboljih lutrija online\",\"item\":\"https:\/\/onlinelotto365.com\/hr\/play\/\"},{\"@type\":\"ListItem\",\"position\":3,\"name\":\"Kako stanovnici Hrvatske mogu igrati britansku lutriju online?\"}]},{\"@type\":\"WebSite\",\"@id\":\"https:\/\/onlinelotto365.com\/hr\/#website\",\"url\":\"https:\/\/onlinelotto365.com\/hr\/\",\"name\":\"OnlineLotto365\",\"description\":\"\",\"potentialAction\":[{\"@type\":\"SearchAction\",\"target\":{\"@type\":\"EntryPoint\",\"urlTemplate\":\"https:\/\/onlinelotto365.com\/hr\/?s={search_term_string}\"},\"query-input\":{\"@type\":\"PropertyValueSpecification\",\"valueRequired\":true,\"valueName\":\"search_term_string\"}}],\"inLanguage\":\"hr\"}]}<\/script>\n<!-- \/ Yoast SEO plugin. -->","yoast_head_json":{"title":"Igrajte britansku lutriju online iz Hrvatske | Mogu li sudjelovati u britanskoj lutriji ako \u017eivim u Hrvatskoj?","description":"Igrajte britansku lutriju online iz Hrvatske | Mogu li sudjelovati u britanskoj lutriji ako \u017eivim u Hrvatskoj?","robots":{"index":"index","follow":"follow","max-snippet":"max-snippet:-1","max-image-preview":"max-image-preview:large","max-video-preview":"max-video-preview:-1"},"canonical":"https:\/\/onlinelotto365.com\/hr\/igrajte\/kako-stanovnici-hrvatske-mogu-igrati-britansku-lutriju-online\/","og_locale":"hr_HR","og_type":"article","og_title":"Igrajte britansku lutriju online iz Hrvatske | Mogu li sudjelovati u britanskoj lutriji ako \u017eivim u Hrvatskoj?","og_description":"Igrajte britansku lutriju online iz Hrvatske | Mogu li sudjelovati u britanskoj lutriji ako \u017eivim u Hrvatskoj?","og_url":"https:\/\/onlinelotto365.com\/hr\/igrajte\/kako-stanovnici-hrvatske-mogu-igrati-britansku-lutriju-online\/","og_site_name":"OnlineLotto365","og_image":[{"url":"https:\/\/redfoxlotto.com\/image?size=8&amp;lottery=lotto-uk"}],"twitter_card":"summary_large_image","twitter_misc":{"Procijenjeno vrijeme \u010ditanja":"2 minute"},"schema":{"@context":"https:\/\/schema.org","@graph":[{"@type":"WebPage","@id":"https:\/\/onlinelotto365.com\/hr\/igrajte\/kako-stanovnici-hrvatske-mogu-igrati-britansku-lutriju-online\/","url":"https:\/\/onlinelotto365.com\/hr\/igrajte\/kako-stanovnici-hrvatske-mogu-igrati-britansku-lutriju-online\/","name":"Igrajte britansku lutriju online iz Hrvatske | Mogu li sudjelovati u britanskoj lutriji ako \u017eivim u Hrvatskoj?","isPartOf":{"@id":"https:\/\/onlinelotto365.com\/hr\/#website"},"primaryImageOfPage":{"@id":"https:\/\/onlinelotto365.com\/hr\/igrajte\/kako-stanovnici-hrvatske-mogu-igrati-britansku-lutriju-online\/#primaryimage"},"image":{"@id":"https:\/\/onlinelotto365.com\/hr\/igrajte\/kako-stanovnici-hrvatske-mogu-igrati-britansku-lutriju-online\/#primaryimage"},"thumbnailUrl":"https:\/\/redfoxlotto.com\/image?size=8&amp;lottery=lotto-uk","datePublished":"2023-09-06T14:59:59+00:00","dateModified":"2023-09-06T14:59:59+00:00","description":"Igrajte britansku lutriju online iz Hrvatske | Mogu li sudjelovati u britanskoj lutriji ako \u017eivim u Hrvatskoj?","breadcrumb":{"@id":"https:\/\/onlinelotto365.com\/hr\/igrajte\/kako-stanovnici-hrvatske-mogu-igrati-britansku-lutriju-online\/#breadcrumb"},"inLanguage":"hr","potentialAction":[{"@type":"ReadAction","target":["https:\/\/onlinelotto365.com\/hr\/igrajte\/kako-stanovnici-hrvatske-mogu-igrati-britansku-lutriju-online\/"]}]},{"@type":"ImageObject","inLanguage":"hr","@id":"https:\/\/onlinelotto365.com\/hr\/igrajte\/kako-stanovnici-hrvatske-mogu-igrati-britansku-lutriju-online\/#primaryimage","url":"https:\/\/redfoxlotto.com\/image?size=8&amp;lottery=lotto-uk","contentUrl":"https:\/\/redfoxlotto.com\/image?size=8&amp;lottery=lotto-uk"},{"@type":"BreadcrumbList","@id":"https:\/\/onlinelotto365.com\/hr\/igrajte\/kako-stanovnici-hrvatske-mogu-igrati-britansku-lutriju-online\/#breadcrumb","itemListElement":[{"@type":"ListItem","position":1,"name":"Home","item":"https:\/\/onlinelotto365.com\/hr\/"},{"@type":"ListItem","position":2,"name":"Sve \u0161to morate znati o va\u0161im mogu\u0107nostima igranja najboljih lutrija online","item":"https:\/\/onlinelotto365.com\/hr\/play\/"},{"@type":"ListItem","position":3,"name":"Kako stanovnici Hrvatske mogu igrati britansku lutriju online?"}]},{"@type":"WebSite","@id":"https:\/\/onlinelotto365.com\/hr\/#website","url":"https:\/\/onlinelotto365.com\/hr\/","name":"OnlineLotto365","description":"","potentialAction":[{"@type":"SearchAction","target":{"@type":"EntryPoint","urlTemplate":"https:\/\/onlinelotto365.com\/hr\/?s={search_term_string}"},"query-input":{"@type":"PropertyValueSpecification","valueRequired":true,"valueName":"search_term_string"}}],"inLanguage":"hr"}]}},"_links":{"self":[{"href":"https:\/\/onlinelotto365.com\/hr\/wp-json\/wp\/v2\/pages\/83115","targetHints":{"allow":["GET"]}}],"collection":[{"href":"https:\/\/onlinelotto365.com\/hr\/wp-json\/wp\/v2\/pages"}],"about":[{"href":"https:\/\/onlinelotto365.com\/hr\/wp-json\/wp\/v2\/types\/page"}],"author":[{"embeddable":true,"href":"https:\/\/onlinelotto365.com\/hr\/wp-json\/wp\/v2\/users\/1"}],"replies":[{"embeddable":true,"href":"https:\/\/onlinelotto365.com\/hr\/wp-json\/wp\/v2\/comments?post=83115"}],"version-history":[{"count":0,"href":"https:\/\/onlinelotto365.com\/hr\/wp-json\/wp\/v2\/pages\/83115\/revisions"}],"up":[{"embeddable":true,"href":"https:\/\/onlinelotto365.com\/hr\/wp-json\/wp\/v2\/pages\/5011"}],"wp:attachment":[{"href":"https:\/\/onlinelotto365.com\/hr\/wp-json\/wp\/v2\/media?parent=83115"}],"curies":[{"name":"wp","href":"https:\/\/api.w.org\/{rel}","templated":true}]}}