{"id":83135,"date":"2023-09-06T17:31:06","date_gmt":"2023-09-06T16:31:06","guid":{"rendered":"https:\/\/onlinelotto365.com\/igrajte\/sudjelovanje-u-njemackoj-lutriji-iz-drugih-zemalja"},"modified":"2023-09-06T17:31:06","modified_gmt":"2023-09-06T16:31:06","slug":"sudjelovanje-u-njemackoj-lutriji-iz-drugih-zemalja","status":"publish","type":"page","link":"https:\/\/onlinelotto365.com\/hr\/igrajte\/sudjelovanje-u-njemackoj-lutriji-iz-drugih-zemalja\/","title":{"rendered":"Sudjelovanje u njema\u010dkoj lutriji iz drugih zemalja."},"content":{"rendered":"<p>Njema\u010dka lutrija jedna je od najdugotrajnijih lutrija na svijetu, odr\u017eavana ve\u0107 vi\u0161e od 50 godina. Mo\u017eete se kladiti da im sva ta iskustva vrlo dobro slu\u017ee i da su jedna od ve\u0107ih europskih zemalja koja odr\u017eava svoju vlastitu nacionalnu lutriju umjesto da se pridru\u017ee lutriji EuroMillions. Stoga se Nijemci ponose svojom Njema\u010dkom lutrijom, kao \u0161to i trebaju biti.<\/p>\n<p>Ako \u017eivite u Hrvatskoj i \u017eelite ipak igrati njema\u010dku lutriju ili bilo koju drugu veliku lutriju iz cijelog svijeta, vi\u0161e vas ni\u0161ta ne sprje\u010dava da to u\u010dinite. Sve \u0161to danas trebate u\u010diniti je kupiti svoje ulaznice putem interneta. Ako ste iz Hrvatske, i dalje mo\u017eete kupiti ulaznice za njema\u010dku lutriju putem interneta.<\/p>\n<p>Naravno, morate znati gdje kupiti svoje lutrijske ulaznice na ovaj na\u010din, i tu dolazimo mi. Ve\u0107 neko vrijeme upravljamo ovom uslugom za prodaju lutrijskih ulaznica putem interneta. Ovo je najve\u0107a stvar koja se ikada dogodila igranju lutrije otkako su lutrije izmi\u0161ljene, kako mo\u017eete zamisliti.<img decoding=\"async\" class=\"aligncenter\" src=\"https:\/\/redfoxlotto.com\/image?size=8&amp;lottery=lotto-6aus49\" alt=\"German 6aus49\" \/><\/p>\n<h2>Vi\u0161e niste ograni\u010deni samo na lutriju u svojoj regiji<\/h2>\n<p>Ako ste poput ve\u0107ine igra\u010da lutrije, \u017eelite igrati velike lutrije, i kad imate izbor, \u017eelite igrati vi\u0161e od jedne. Me\u0111utim, do nedavno to nije bilo mogu\u0107e. Ljudi su se pitali za\u0161to nije, na primjer, za\u0161to mo\u017eete kupiti gotovo sve online osim lutrijskih ulaznica?<\/p>\n<p>To je zahtijevalo mre\u017eu ljudi koji \u0107e biti postavljeni da obavljaju poslove za na\u0161e klijente, uklju\u010duju\u0107i odlazak i kupnju ulaznica za svakoga, u mnogim razli\u010ditim zemljama. Tako\u0111er je uklju\u010divalo upravljanje iskustvima klijenata od trenutka prodaje nadalje i pru\u017eanje vrste izvrsne usluge koju ljudi o\u010dekuju.<\/p>\n<h2>O njema\u010dkoj lutriji<\/h2>\n<ul><img loading=\"lazy\" decoding=\"async\" class=\" wp-image-1543 alignright\" src=\"https:\/\/onlinelotto365.com\/wp-content\/uploads\/2020\/11\/online_lottery-135.jpg\" alt=\"Igrajte njema\u010dku lutriju online\" width=\"305\" height=\"204\" \/><\/p>\n<li>Zemlja: Njema\u010dka<\/li>\n<li>Opseg glavnih brojeva: 49<\/li>\n<li>Vi birate: 6<\/li>\n<li>Opseg dodatnih brojeva: nema<\/li>\n<li>Vi birate: nema<\/li>\n<li>Dani i sati izvla\u010denja: subota, 20:25 CET, 20:25 CET<\/li>\n<li>Minimalni d\u017eekpot: 1 milijun \u20ac<\/li>\n<li>D\u017eekpot ograni\u010den na maksimum: bez ograni\u010denja<\/li>\n<li>Vjerojatnost osvajanja d\u017eekpota: 1 prema 125.854.344<\/li>\n<li>Vjerojatnost osvajanja nagrade na razini 2: 1 prema 13.983.816<\/li>\n<li>Vjerojatnost osvajanja u bilo kojoj razini: 1 prema 31<\/li>\n<li>Broj razina nagrada: 9<\/li>\n<\/ul>\n<p>Sve lutrije koje vam stavljamo na raspolaganje su prvoklasne velike lutrije, uklju\u010duju\u0107i i njema\u010dku lutriju. Da biste igrali njema\u010dku lutriju, birate 6 brojeva od mogu\u0107ih 49, zajedno s bonus brojem od 1 do 9. Ako uspijete pogoditi sve 6 brojeva i bonus broj, uskoro \u0107ete putovati u Njema\u010dku da preuzmete nekoliko milijuna eura ili vi\u0161e.<\/p>\n<p>S obzirom na manji broj kugli u bubnju u usporedbi s mnogim drugim velikim lutrijama, va\u0161e \u0161anse za osvajanje d\u017eekpota u njema\u010dkoj lutriji definitivno su ve\u0107e. Njema\u010dka lutrija, naravno, nudi i druge nagrade osim d\u017eekpota, kao i sve lutrije, te postoji ukupno 7 pomo\u0107nih nagrada osim d\u017eekpota. Ako uspijete pogoditi barem 3 svoja broja, dobit \u0107ete isplatu.<\/p>\n<h2>Neka budemo va\u0161 vodi\u010d za njema\u010dku lutriju i vi\u0161e<\/h2>\n<p>S obzirom na popularnost lutrija diljem svijeta, imati pristup svim dobrima je san igra\u010da lutrije. Za\u0161to igrati samo jednu kad mo\u017eete igrati koliko god \u017eelite? Za\u0161to se zadovoljiti jednim ili dva izvla\u010denja tjedno kad mo\u017eete imati desetke ako \u017eelite? Za\u0161to se mu\u010diti s odlaskom u trgovinu kad mo\u017eete kupiti sve lutrijske ulaznice koje \u017eelite putem interneta?<\/p>\n<h2>Ako igrate njema\u010dku lutriju putem interneta i osvojite &#8211; \u0161to slijedi?<\/h2>\n<p>Poma\u017eemo vam u svakom koraku, od slanja potvrde putem e-po\u0161te o va\u0161oj kupovini do obavje\u0161tavanja vas putem e-po\u0161te kad osvojite, pa sve do pomaganja u isplati osvojenog novca. Sve je to nevjerojatno jednostavno.<\/p>\n","protected":false},"excerpt":{"rendered":"<p>Njema\u010dka lutrija jedna je od najdugotrajnijih lutrija na svijetu, odr\u017eavana ve\u0107 vi\u0161e od 50 godina. Mo\u017eete se kladiti da im sva ta iskustva vrlo dobro slu\u017ee i da su jedna od ve\u0107ih europskih zemalja koja odr\u017eava svoju vlastitu nacionalnu lutriju umjesto da se pridru\u017ee lutriji EuroMillions. Stoga se Nijemci ponose svojom Njema\u010dkom lutrijom, kao \u0161to [&hellip;]<\/p>\n","protected":false},"author":1,"featured_media":0,"parent":5011,"menu_order":11,"comment_status":"closed","ping_status":"closed","template":"lotto-german.php","meta":{"_et_pb_use_builder":"","_et_pb_old_content":"","_et_gb_content_width":"","exclude_from_search":false,"footnotes":""},"class_list":["post-83135","page","type-page","status-publish","hentry"],"yoast_head":"<!-- This site is optimized with the Yoast SEO plugin v23.4 - https:\/\/yoast.com\/wordpress\/plugins\/seo\/ -->\n<title>Igrajte njema\u010dku lutriju online iz Hrvatske | Mogu li sudjelovati u njema\u010dkoj lutriji ako \u017eivim u Hrvatskoj?<\/title>\n<meta name=\"description\" content=\"Igrajte njema\u010dku lutriju online iz Hrvatske | Mogu li sudjelovati u njema\u010dkoj lutriji ako \u017eivim u Hrvatskoj?\" \/>\n<meta name=\"robots\" content=\"index, follow, max-snippet:-1, max-image-preview:large, max-video-preview:-1\" \/>\n<link rel=\"canonical\" href=\"https:\/\/onlinelotto365.com\/hr\/igrajte\/sudjelovanje-u-njemackoj-lutriji-iz-drugih-zemalja\/\" \/>\n<meta property=\"og:locale\" content=\"hr_HR\" \/>\n<meta property=\"og:type\" content=\"article\" \/>\n<meta property=\"og:title\" content=\"Igrajte njema\u010dku lutriju online iz Hrvatske | Mogu li sudjelovati u njema\u010dkoj lutriji ako \u017eivim u Hrvatskoj?\" \/>\n<meta property=\"og:description\" content=\"Igrajte njema\u010dku lutriju online iz Hrvatske | Mogu li sudjelovati u njema\u010dkoj lutriji ako \u017eivim u Hrvatskoj?\" \/>\n<meta property=\"og:url\" content=\"https:\/\/onlinelotto365.com\/hr\/igrajte\/sudjelovanje-u-njemackoj-lutriji-iz-drugih-zemalja\/\" \/>\n<meta property=\"og:site_name\" content=\"OnlineLotto365\" \/>\n<meta property=\"og:image\" content=\"https:\/\/redfoxlotto.com\/image?size=8&amp;lottery=lotto-6aus49\" \/>\n<meta name=\"twitter:card\" content=\"summary_large_image\" \/>\n<meta name=\"twitter:label1\" content=\"Procijenjeno vrijeme \u010ditanja\" \/>\n\t<meta name=\"twitter:data1\" content=\"3 minute\" \/>\n<script type=\"application\/ld+json\" class=\"yoast-schema-graph\">{\"@context\":\"https:\/\/schema.org\",\"@graph\":[{\"@type\":\"WebPage\",\"@id\":\"https:\/\/onlinelotto365.com\/hr\/igrajte\/sudjelovanje-u-njemackoj-lutriji-iz-drugih-zemalja\/\",\"url\":\"https:\/\/onlinelotto365.com\/hr\/igrajte\/sudjelovanje-u-njemackoj-lutriji-iz-drugih-zemalja\/\",\"name\":\"Igrajte njema\u010dku lutriju online iz Hrvatske | Mogu li sudjelovati u njema\u010dkoj lutriji ako \u017eivim u Hrvatskoj?\",\"isPartOf\":{\"@id\":\"https:\/\/onlinelotto365.com\/hr\/#website\"},\"primaryImageOfPage\":{\"@id\":\"https:\/\/onlinelotto365.com\/hr\/igrajte\/sudjelovanje-u-njemackoj-lutriji-iz-drugih-zemalja\/#primaryimage\"},\"image\":{\"@id\":\"https:\/\/onlinelotto365.com\/hr\/igrajte\/sudjelovanje-u-njemackoj-lutriji-iz-drugih-zemalja\/#primaryimage\"},\"thumbnailUrl\":\"https:\/\/redfoxlotto.com\/image?size=8&amp;lottery=lotto-6aus49\",\"datePublished\":\"2023-09-06T16:31:06+00:00\",\"dateModified\":\"2023-09-06T16:31:06+00:00\",\"description\":\"Igrajte njema\u010dku lutriju online iz Hrvatske | Mogu li sudjelovati u njema\u010dkoj lutriji ako \u017eivim u Hrvatskoj?\",\"breadcrumb\":{\"@id\":\"https:\/\/onlinelotto365.com\/hr\/igrajte\/sudjelovanje-u-njemackoj-lutriji-iz-drugih-zemalja\/#breadcrumb\"},\"inLanguage\":\"hr\",\"potentialAction\":[{\"@type\":\"ReadAction\",\"target\":[\"https:\/\/onlinelotto365.com\/hr\/igrajte\/sudjelovanje-u-njemackoj-lutriji-iz-drugih-zemalja\/\"]}]},{\"@type\":\"ImageObject\",\"inLanguage\":\"hr\",\"@id\":\"https:\/\/onlinelotto365.com\/hr\/igrajte\/sudjelovanje-u-njemackoj-lutriji-iz-drugih-zemalja\/#primaryimage\",\"url\":\"https:\/\/redfoxlotto.com\/image?size=8&amp;lottery=lotto-6aus49\",\"contentUrl\":\"https:\/\/redfoxlotto.com\/image?size=8&amp;lottery=lotto-6aus49\"},{\"@type\":\"BreadcrumbList\",\"@id\":\"https:\/\/onlinelotto365.com\/hr\/igrajte\/sudjelovanje-u-njemackoj-lutriji-iz-drugih-zemalja\/#breadcrumb\",\"itemListElement\":[{\"@type\":\"ListItem\",\"position\":1,\"name\":\"Home\",\"item\":\"https:\/\/onlinelotto365.com\/hr\/\"},{\"@type\":\"ListItem\",\"position\":2,\"name\":\"Sve \u0161to morate znati o va\u0161im mogu\u0107nostima igranja najboljih lutrija online\",\"item\":\"https:\/\/onlinelotto365.com\/hr\/play\/\"},{\"@type\":\"ListItem\",\"position\":3,\"name\":\"Sudjelovanje u njema\u010dkoj lutriji iz drugih zemalja.\"}]},{\"@type\":\"WebSite\",\"@id\":\"https:\/\/onlinelotto365.com\/hr\/#website\",\"url\":\"https:\/\/onlinelotto365.com\/hr\/\",\"name\":\"OnlineLotto365\",\"description\":\"\",\"potentialAction\":[{\"@type\":\"SearchAction\",\"target\":{\"@type\":\"EntryPoint\",\"urlTemplate\":\"https:\/\/onlinelotto365.com\/hr\/?s={search_term_string}\"},\"query-input\":{\"@type\":\"PropertyValueSpecification\",\"valueRequired\":true,\"valueName\":\"search_term_string\"}}],\"inLanguage\":\"hr\"}]}<\/script>\n<!-- \/ Yoast SEO plugin. -->","yoast_head_json":{"title":"Igrajte njema\u010dku lutriju online iz Hrvatske | Mogu li sudjelovati u njema\u010dkoj lutriji ako \u017eivim u Hrvatskoj?","description":"Igrajte njema\u010dku lutriju online iz Hrvatske | Mogu li sudjelovati u njema\u010dkoj lutriji ako \u017eivim u Hrvatskoj?","robots":{"index":"index","follow":"follow","max-snippet":"max-snippet:-1","max-image-preview":"max-image-preview:large","max-video-preview":"max-video-preview:-1"},"canonical":"https:\/\/onlinelotto365.com\/hr\/igrajte\/sudjelovanje-u-njemackoj-lutriji-iz-drugih-zemalja\/","og_locale":"hr_HR","og_type":"article","og_title":"Igrajte njema\u010dku lutriju online iz Hrvatske | Mogu li sudjelovati u njema\u010dkoj lutriji ako \u017eivim u Hrvatskoj?","og_description":"Igrajte njema\u010dku lutriju online iz Hrvatske | Mogu li sudjelovati u njema\u010dkoj lutriji ako \u017eivim u Hrvatskoj?","og_url":"https:\/\/onlinelotto365.com\/hr\/igrajte\/sudjelovanje-u-njemackoj-lutriji-iz-drugih-zemalja\/","og_site_name":"OnlineLotto365","og_image":[{"url":"https:\/\/redfoxlotto.com\/image?size=8&amp;lottery=lotto-6aus49"}],"twitter_card":"summary_large_image","twitter_misc":{"Procijenjeno vrijeme \u010ditanja":"3 minute"},"schema":{"@context":"https:\/\/schema.org","@graph":[{"@type":"WebPage","@id":"https:\/\/onlinelotto365.com\/hr\/igrajte\/sudjelovanje-u-njemackoj-lutriji-iz-drugih-zemalja\/","url":"https:\/\/onlinelotto365.com\/hr\/igrajte\/sudjelovanje-u-njemackoj-lutriji-iz-drugih-zemalja\/","name":"Igrajte njema\u010dku lutriju online iz Hrvatske | Mogu li sudjelovati u njema\u010dkoj lutriji ako \u017eivim u Hrvatskoj?","isPartOf":{"@id":"https:\/\/onlinelotto365.com\/hr\/#website"},"primaryImageOfPage":{"@id":"https:\/\/onlinelotto365.com\/hr\/igrajte\/sudjelovanje-u-njemackoj-lutriji-iz-drugih-zemalja\/#primaryimage"},"image":{"@id":"https:\/\/onlinelotto365.com\/hr\/igrajte\/sudjelovanje-u-njemackoj-lutriji-iz-drugih-zemalja\/#primaryimage"},"thumbnailUrl":"https:\/\/redfoxlotto.com\/image?size=8&amp;lottery=lotto-6aus49","datePublished":"2023-09-06T16:31:06+00:00","dateModified":"2023-09-06T16:31:06+00:00","description":"Igrajte njema\u010dku lutriju online iz Hrvatske | Mogu li sudjelovati u njema\u010dkoj lutriji ako \u017eivim u Hrvatskoj?","breadcrumb":{"@id":"https:\/\/onlinelotto365.com\/hr\/igrajte\/sudjelovanje-u-njemackoj-lutriji-iz-drugih-zemalja\/#breadcrumb"},"inLanguage":"hr","potentialAction":[{"@type":"ReadAction","target":["https:\/\/onlinelotto365.com\/hr\/igrajte\/sudjelovanje-u-njemackoj-lutriji-iz-drugih-zemalja\/"]}]},{"@type":"ImageObject","inLanguage":"hr","@id":"https:\/\/onlinelotto365.com\/hr\/igrajte\/sudjelovanje-u-njemackoj-lutriji-iz-drugih-zemalja\/#primaryimage","url":"https:\/\/redfoxlotto.com\/image?size=8&amp;lottery=lotto-6aus49","contentUrl":"https:\/\/redfoxlotto.com\/image?size=8&amp;lottery=lotto-6aus49"},{"@type":"BreadcrumbList","@id":"https:\/\/onlinelotto365.com\/hr\/igrajte\/sudjelovanje-u-njemackoj-lutriji-iz-drugih-zemalja\/#breadcrumb","itemListElement":[{"@type":"ListItem","position":1,"name":"Home","item":"https:\/\/onlinelotto365.com\/hr\/"},{"@type":"ListItem","position":2,"name":"Sve \u0161to morate znati o va\u0161im mogu\u0107nostima igranja najboljih lutrija online","item":"https:\/\/onlinelotto365.com\/hr\/play\/"},{"@type":"ListItem","position":3,"name":"Sudjelovanje u njema\u010dkoj lutriji iz drugih zemalja."}]},{"@type":"WebSite","@id":"https:\/\/onlinelotto365.com\/hr\/#website","url":"https:\/\/onlinelotto365.com\/hr\/","name":"OnlineLotto365","description":"","potentialAction":[{"@type":"SearchAction","target":{"@type":"EntryPoint","urlTemplate":"https:\/\/onlinelotto365.com\/hr\/?s={search_term_string}"},"query-input":{"@type":"PropertyValueSpecification","valueRequired":true,"valueName":"search_term_string"}}],"inLanguage":"hr"}]}},"_links":{"self":[{"href":"https:\/\/onlinelotto365.com\/hr\/wp-json\/wp\/v2\/pages\/83135","targetHints":{"allow":["GET"]}}],"collection":[{"href":"https:\/\/onlinelotto365.com\/hr\/wp-json\/wp\/v2\/pages"}],"about":[{"href":"https:\/\/onlinelotto365.com\/hr\/wp-json\/wp\/v2\/types\/page"}],"author":[{"embeddable":true,"href":"https:\/\/onlinelotto365.com\/hr\/wp-json\/wp\/v2\/users\/1"}],"replies":[{"embeddable":true,"href":"https:\/\/onlinelotto365.com\/hr\/wp-json\/wp\/v2\/comments?post=83135"}],"version-history":[{"count":0,"href":"https:\/\/onlinelotto365.com\/hr\/wp-json\/wp\/v2\/pages\/83135\/revisions"}],"up":[{"embeddable":true,"href":"https:\/\/onlinelotto365.com\/hr\/wp-json\/wp\/v2\/pages\/5011"}],"wp:attachment":[{"href":"https:\/\/onlinelotto365.com\/hr\/wp-json\/wp\/v2\/media?parent=83135"}],"curies":[{"name":"wp","href":"https:\/\/api.w.org\/{rel}","templated":true}]}}