{"id":83482,"date":"2023-09-10T16:47:07","date_gmt":"2023-09-10T15:47:07","guid":{"rendered":"https:\/\/onlinelotto365.com\/igrajte\/kako-mogu-stanovnici-hrvatske-igrati-mega-senu-online"},"modified":"2023-09-10T16:47:07","modified_gmt":"2023-09-10T15:47:07","slug":"kako-mogu-stanovnici-hrvatske-igrati-mega-senu-online","status":"publish","type":"page","link":"https:\/\/onlinelotto365.com\/hr\/igrajte\/kako-mogu-stanovnici-hrvatske-igrati-mega-senu-online\/","title":{"rendered":"Kako mogu stanovnici Hrvatske igrati Mega-Senu online?"},"content":{"rendered":"<p>Na\u0161a usluga trenutno vam omogu\u0107ava kupnju lutrijskih listi\u0107a za 15 razli\u010ditih velikih lutrija diljem svijeta. Ponosni smo \u0161to na\u0161im igra\u010dima pru\u017eamo priliku da igraju brazilsku Mega Sena lutriju online. Kao i kod svih velikih lutrija, ranije ste morali \u017eivjeti u zemlji ili podru\u010dju gdje se odre\u0111ena lutrija odr\u017eavala i putovati do prodava\u010da lutrijskih listi\u0107a kako biste kupili svoje listi\u0107e.<\/p>\n<p>No, sada to vi\u0161e nije slu\u010daj, jer sada mo\u017eete igrati iz Hrvatske i kupiti bilo koje lutrijske listi\u0107e online, koliko god \u017eelite i za koliko razli\u010ditih lutrija \u017eelite, direktno s vlastitog ra\u010dunala.<\/p>\n<p>Sada kada je ovaj novi dan svanuo u svijetu lutrije, igra\u010di su se obratili, i ono \u0161to su tra\u017eili je veliki izbor razli\u010ditih lutrija. Stoga vam donosimo najbolje od toga u va\u0161 dom. Me\u0111u njima je i Mega-Sena Lutrija, najve\u0107a lutrija u Brazilu.<\/p>\n<h2>O Mega-Seni<\/h2>\n<ul><img decoding=\"async\" class=\"aligncenter\" src=\"https:\/\/redfoxlotto.com\/image?size=8&amp;lottery=mega-sena\" alt=\"mega-sena\" \/><\/p>\n<li>Zemlja: Brazil<\/li>\n<li>Glavni brojevi: 60<\/li>\n<li>Odabirete: 6<\/li>\n<li>Dodatni brojevi: nema<\/li>\n<li>Odabirete: nema<\/li>\n<li>Dani izvla\u010denja, sati: srijeda, subota, 20:00 GMT -3, 24:00 CET<\/li>\n<li>Minimalni jackpot: R$ 2 milijuna<\/li>\n<li>Maksimalni jackpot: bez ograni\u010denja<\/li>\n<li>Vjerojatnost osvajanja jackpota: 1 prema 50.063.860<\/li>\n<li>Vjerojatnost osvajanja drugog nivoa nagrade: 1 prema 15.451.809<\/li>\n<li>Vjerojatnost osvajanja bilo kojeg nivoa nagrade: 1 prema 2297,56<\/li>\n<li>Broj nivoa nagrada: 3<\/li>\n<\/ul>\n<p>Izvla\u010denja Mega-Sene odr\u017eavaju se srijedom i subotom, pru\u017eaju\u0107i vam dvije dodatne prilike za osvajanje me\u0111u svim ostalim lutrijama koje trenutno igrate. Pru\u017eamo vam veliki izbor, a sve su vrijedne igranja, uklju\u010duju\u0107i i Mega Senu.<img loading=\"lazy\" decoding=\"async\" class=\"size-medium wp-image-1136 alignright\" src=\"https:\/\/onlinelotto365.com\/wp-content\/uploads\/2020\/11\/online_lottery-96-300x212.jpg\" alt=\"Igrajte Mega-Senu online\" width=\"300\" height=\"212\" \/><\/p>\n<p>Da biste igrali Mega-Sena Lutriju, igra\u010di biraju 6 brojeva od 1 do 60. Ako podudarite sve 6 brojeva, osvajate jackpot, koji je uvijek barem nekoliko milijuna dolara i \u010desto znatno ve\u0107i od toga.<\/p>\n<p>Me\u0111utim, Mega-Sena je jedinstvena u odnosu na sve ostale lutrije na svijetu, jer nema samo 60 kuglica s razli\u010ditim brojevima. Postoje dvije razli\u010dite bubnjeve, prvi od 0 do 5, a drugi od 0 do 9. Zatim izvla\u010de brojeve po jedan.<\/p>\n<p>Na primjer, ako izvuku 2 iz prvog bubnja, a zatim 9 iz drugog, tada je izvu\u010deni broj 29. Nakon \u0161to se izvu\u010de jednoznamenkasti broj, ne vra\u0107a se natrag u bubanj. Dakle, sada znamo da \u0107e biti to\u010dno jedan jednoznamenkasti broj, osim ako ne bude izvu\u010deno 00, \u0161to se smatra brojem 60, jedan koji po\u010dinje s 1, jedan koji po\u010dinje s 2, i tako dalje. Ovo je zanimljiv obrat i zapravo olak\u0161ava osvajanje, pod uvjetom da pratite ovu strategiju.<\/p>\n<p>Podudaranje svih 6 brojeva osvaja jackpot, dok \u0107e podudaranje 4 ili 5 brojeva osvojiti sekundarnu nagradu. Kao \u0161to je \u010desto slu\u010daj s nacionalnim lutrijama, profiti generirani iz Mega-Sena Lutrije idu na podr\u0161ku socijalnim programima, a zapravo se brazilski narod sna\u017eno oslanja na ove donacije. Iako mo\u017eda nismo iz Brazila i stoga ne koristimo direktnu korist od toga, sjajno je znati da svakako \u010dinimo neko dobro igraju\u0107i Mega Senu, uz sve zabave koju pru\u017ea.<\/p>\n<h2>Lutrije su najdra\u017ea forma kockanja u svijetu<\/h2>\n<p>Nije te\u0161ko shvatiti za\u0161to su lutrije bile najpopularnija forma kockanja na svijetu. \u010cak nije ni toliko o tome \u0161to su tako lako dostupne, iako svakako poma\u017ee. Pravi razlog je uzbu\u0111enje koje pru\u017ea mogu\u0107nost osvajanja ogromnih iznosa novca.<\/p>\n<p>\u010cini se da je na\u0161a \u017eelja za ovim ogromnim jackpotima vrlo velika. Ako ste ikada svjedo\u010dili uzbu\u0111enju koje se stvara kada jackpotovi narastu do ogromnih iznosa, i koliko se vi\u0161e listi\u0107a prodaje za njih, s puno duljih redova koji dolaze s njima, onda znate da je ovo istina.<\/p>\n<p>Za\u0161to ljudi ne bi bili uzbu\u0111eni zbog \u0161anse osvajanja dovoljno novca da vas postavi u luksuzan i rasko\u0161an \u017eivot? Za preveliku ve\u0107inu nas, ovo je jedina prilika koju \u0107emo ikada imati za takav na\u010din \u017eivota. Obi\u010dni ljudi poput nas ipak osvajaju ove ogromne iznose, i nikad ne znate kada bi mogao do\u0107i va\u0161 red.<\/p>\n<p>Samo igranje pru\u017ea mnogo zadovoljstva ljudima, gdje iako su \u0161anse za osvajanje puno novca na ovaj na\u010din vrlo male, \u0161ansa ipak postoji. Ako ne igrate, pa ne\u0107ete mo\u0107i sanjariti, i ne\u0107ete u\u017eivati u mislima o tome da se vam sve to mo\u017ee dogoditi.<\/p>\n<p>Naravno, ne morate osvojiti jackpot da biste osvojili novac na lutrijama, i igra\u010di \u010desto osvajaju manje nagrade. Neke od tih manjih nagrada uop\u0107e nisu tako male. Postoji mnogo razli\u010ditih na\u010dina za osvajanje novca igraju\u0107i lutrije, i svaki put kada dobijete novac, uvijek je vrlo lijepo.<\/p>\n","protected":false},"excerpt":{"rendered":"<p>Na\u0161a usluga trenutno vam omogu\u0107ava kupnju lutrijskih listi\u0107a za 15 razli\u010ditih velikih lutrija diljem svijeta. Ponosni smo \u0161to na\u0161im igra\u010dima pru\u017eamo priliku da igraju brazilsku Mega Sena lutriju online. Kao i kod svih velikih lutrija, ranije ste morali \u017eivjeti u zemlji ili podru\u010dju gdje se odre\u0111ena lutrija odr\u017eavala i putovati do prodava\u010da lutrijskih listi\u0107a kako [&hellip;]<\/p>\n","protected":false},"author":1,"featured_media":0,"parent":5011,"menu_order":12,"comment_status":"closed","ping_status":"closed","template":"megasena.php","meta":{"_et_pb_use_builder":"","_et_pb_old_content":"","_et_gb_content_width":"","exclude_from_search":false,"footnotes":""},"class_list":["post-83482","page","type-page","status-publish","hentry"],"yoast_head":"<!-- This site is optimized with the Yoast SEO plugin v23.4 - https:\/\/yoast.com\/wordpress\/plugins\/seo\/ -->\n<title>Igrajte Mega-Senu online iz Hrvatske | Mogu li sudjelovati u Mega-Seni ako \u017eivim u Hrvatskoj?<\/title>\n<meta name=\"description\" content=\"Na\u0161a online usluga za kupnju listi\u0107a olak\u0161ava vam igranje Mega-Sene online.\" \/>\n<meta name=\"robots\" content=\"index, follow, max-snippet:-1, max-image-preview:large, max-video-preview:-1\" \/>\n<link rel=\"canonical\" href=\"https:\/\/onlinelotto365.com\/hr\/igrajte\/kako-mogu-stanovnici-hrvatske-igrati-mega-senu-online\/\" \/>\n<meta property=\"og:locale\" content=\"hr_HR\" \/>\n<meta property=\"og:type\" content=\"article\" \/>\n<meta property=\"og:title\" content=\"Igrajte Mega-Senu online iz Hrvatske | Mogu li sudjelovati u Mega-Seni ako \u017eivim u Hrvatskoj?\" \/>\n<meta property=\"og:description\" content=\"Na\u0161a online usluga za kupnju listi\u0107a olak\u0161ava vam igranje Mega-Sene online.\" \/>\n<meta property=\"og:url\" content=\"https:\/\/onlinelotto365.com\/hr\/igrajte\/kako-mogu-stanovnici-hrvatske-igrati-mega-senu-online\/\" \/>\n<meta property=\"og:site_name\" content=\"OnlineLotto365\" \/>\n<meta property=\"og:image\" content=\"https:\/\/redfoxlotto.com\/image?size=8&amp;lottery=mega-sena\" \/>\n<meta name=\"twitter:card\" content=\"summary_large_image\" \/>\n<meta name=\"twitter:label1\" content=\"Procijenjeno vrijeme \u010ditanja\" \/>\n\t<meta name=\"twitter:data1\" content=\"4 minute\" \/>\n<script type=\"application\/ld+json\" class=\"yoast-schema-graph\">{\"@context\":\"https:\/\/schema.org\",\"@graph\":[{\"@type\":\"WebPage\",\"@id\":\"https:\/\/onlinelotto365.com\/hr\/igrajte\/kako-mogu-stanovnici-hrvatske-igrati-mega-senu-online\/\",\"url\":\"https:\/\/onlinelotto365.com\/hr\/igrajte\/kako-mogu-stanovnici-hrvatske-igrati-mega-senu-online\/\",\"name\":\"Igrajte Mega-Senu online iz Hrvatske | Mogu li sudjelovati u Mega-Seni ako \u017eivim u Hrvatskoj?\",\"isPartOf\":{\"@id\":\"https:\/\/onlinelotto365.com\/hr\/#website\"},\"primaryImageOfPage\":{\"@id\":\"https:\/\/onlinelotto365.com\/hr\/igrajte\/kako-mogu-stanovnici-hrvatske-igrati-mega-senu-online\/#primaryimage\"},\"image\":{\"@id\":\"https:\/\/onlinelotto365.com\/hr\/igrajte\/kako-mogu-stanovnici-hrvatske-igrati-mega-senu-online\/#primaryimage\"},\"thumbnailUrl\":\"https:\/\/redfoxlotto.com\/image?size=8&amp;lottery=mega-sena\",\"datePublished\":\"2023-09-10T15:47:07+00:00\",\"dateModified\":\"2023-09-10T15:47:07+00:00\",\"description\":\"Na\u0161a online usluga za kupnju listi\u0107a olak\u0161ava vam igranje Mega-Sene online.\",\"breadcrumb\":{\"@id\":\"https:\/\/onlinelotto365.com\/hr\/igrajte\/kako-mogu-stanovnici-hrvatske-igrati-mega-senu-online\/#breadcrumb\"},\"inLanguage\":\"hr\",\"potentialAction\":[{\"@type\":\"ReadAction\",\"target\":[\"https:\/\/onlinelotto365.com\/hr\/igrajte\/kako-mogu-stanovnici-hrvatske-igrati-mega-senu-online\/\"]}]},{\"@type\":\"ImageObject\",\"inLanguage\":\"hr\",\"@id\":\"https:\/\/onlinelotto365.com\/hr\/igrajte\/kako-mogu-stanovnici-hrvatske-igrati-mega-senu-online\/#primaryimage\",\"url\":\"https:\/\/redfoxlotto.com\/image?size=8&amp;lottery=mega-sena\",\"contentUrl\":\"https:\/\/redfoxlotto.com\/image?size=8&amp;lottery=mega-sena\"},{\"@type\":\"BreadcrumbList\",\"@id\":\"https:\/\/onlinelotto365.com\/hr\/igrajte\/kako-mogu-stanovnici-hrvatske-igrati-mega-senu-online\/#breadcrumb\",\"itemListElement\":[{\"@type\":\"ListItem\",\"position\":1,\"name\":\"Home\",\"item\":\"https:\/\/onlinelotto365.com\/hr\/\"},{\"@type\":\"ListItem\",\"position\":2,\"name\":\"Sve \u0161to morate znati o va\u0161im mogu\u0107nostima igranja najboljih lutrija online\",\"item\":\"https:\/\/onlinelotto365.com\/hr\/play\/\"},{\"@type\":\"ListItem\",\"position\":3,\"name\":\"Kako mogu stanovnici Hrvatske igrati Mega-Senu online?\"}]},{\"@type\":\"WebSite\",\"@id\":\"https:\/\/onlinelotto365.com\/hr\/#website\",\"url\":\"https:\/\/onlinelotto365.com\/hr\/\",\"name\":\"OnlineLotto365\",\"description\":\"\",\"potentialAction\":[{\"@type\":\"SearchAction\",\"target\":{\"@type\":\"EntryPoint\",\"urlTemplate\":\"https:\/\/onlinelotto365.com\/hr\/?s={search_term_string}\"},\"query-input\":{\"@type\":\"PropertyValueSpecification\",\"valueRequired\":true,\"valueName\":\"search_term_string\"}}],\"inLanguage\":\"hr\"}]}<\/script>\n<!-- \/ Yoast SEO plugin. -->","yoast_head_json":{"title":"Igrajte Mega-Senu online iz Hrvatske | Mogu li sudjelovati u Mega-Seni ako \u017eivim u Hrvatskoj?","description":"Na\u0161a online usluga za kupnju listi\u0107a olak\u0161ava vam igranje Mega-Sene online.","robots":{"index":"index","follow":"follow","max-snippet":"max-snippet:-1","max-image-preview":"max-image-preview:large","max-video-preview":"max-video-preview:-1"},"canonical":"https:\/\/onlinelotto365.com\/hr\/igrajte\/kako-mogu-stanovnici-hrvatske-igrati-mega-senu-online\/","og_locale":"hr_HR","og_type":"article","og_title":"Igrajte Mega-Senu online iz Hrvatske | Mogu li sudjelovati u Mega-Seni ako \u017eivim u Hrvatskoj?","og_description":"Na\u0161a online usluga za kupnju listi\u0107a olak\u0161ava vam igranje Mega-Sene online.","og_url":"https:\/\/onlinelotto365.com\/hr\/igrajte\/kako-mogu-stanovnici-hrvatske-igrati-mega-senu-online\/","og_site_name":"OnlineLotto365","og_image":[{"url":"https:\/\/redfoxlotto.com\/image?size=8&amp;lottery=mega-sena"}],"twitter_card":"summary_large_image","twitter_misc":{"Procijenjeno vrijeme \u010ditanja":"4 minute"},"schema":{"@context":"https:\/\/schema.org","@graph":[{"@type":"WebPage","@id":"https:\/\/onlinelotto365.com\/hr\/igrajte\/kako-mogu-stanovnici-hrvatske-igrati-mega-senu-online\/","url":"https:\/\/onlinelotto365.com\/hr\/igrajte\/kako-mogu-stanovnici-hrvatske-igrati-mega-senu-online\/","name":"Igrajte Mega-Senu online iz Hrvatske | Mogu li sudjelovati u Mega-Seni ako \u017eivim u Hrvatskoj?","isPartOf":{"@id":"https:\/\/onlinelotto365.com\/hr\/#website"},"primaryImageOfPage":{"@id":"https:\/\/onlinelotto365.com\/hr\/igrajte\/kako-mogu-stanovnici-hrvatske-igrati-mega-senu-online\/#primaryimage"},"image":{"@id":"https:\/\/onlinelotto365.com\/hr\/igrajte\/kako-mogu-stanovnici-hrvatske-igrati-mega-senu-online\/#primaryimage"},"thumbnailUrl":"https:\/\/redfoxlotto.com\/image?size=8&amp;lottery=mega-sena","datePublished":"2023-09-10T15:47:07+00:00","dateModified":"2023-09-10T15:47:07+00:00","description":"Na\u0161a online usluga za kupnju listi\u0107a olak\u0161ava vam igranje Mega-Sene online.","breadcrumb":{"@id":"https:\/\/onlinelotto365.com\/hr\/igrajte\/kako-mogu-stanovnici-hrvatske-igrati-mega-senu-online\/#breadcrumb"},"inLanguage":"hr","potentialAction":[{"@type":"ReadAction","target":["https:\/\/onlinelotto365.com\/hr\/igrajte\/kako-mogu-stanovnici-hrvatske-igrati-mega-senu-online\/"]}]},{"@type":"ImageObject","inLanguage":"hr","@id":"https:\/\/onlinelotto365.com\/hr\/igrajte\/kako-mogu-stanovnici-hrvatske-igrati-mega-senu-online\/#primaryimage","url":"https:\/\/redfoxlotto.com\/image?size=8&amp;lottery=mega-sena","contentUrl":"https:\/\/redfoxlotto.com\/image?size=8&amp;lottery=mega-sena"},{"@type":"BreadcrumbList","@id":"https:\/\/onlinelotto365.com\/hr\/igrajte\/kako-mogu-stanovnici-hrvatske-igrati-mega-senu-online\/#breadcrumb","itemListElement":[{"@type":"ListItem","position":1,"name":"Home","item":"https:\/\/onlinelotto365.com\/hr\/"},{"@type":"ListItem","position":2,"name":"Sve \u0161to morate znati o va\u0161im mogu\u0107nostima igranja najboljih lutrija online","item":"https:\/\/onlinelotto365.com\/hr\/play\/"},{"@type":"ListItem","position":3,"name":"Kako mogu stanovnici Hrvatske igrati Mega-Senu online?"}]},{"@type":"WebSite","@id":"https:\/\/onlinelotto365.com\/hr\/#website","url":"https:\/\/onlinelotto365.com\/hr\/","name":"OnlineLotto365","description":"","potentialAction":[{"@type":"SearchAction","target":{"@type":"EntryPoint","urlTemplate":"https:\/\/onlinelotto365.com\/hr\/?s={search_term_string}"},"query-input":{"@type":"PropertyValueSpecification","valueRequired":true,"valueName":"search_term_string"}}],"inLanguage":"hr"}]}},"_links":{"self":[{"href":"https:\/\/onlinelotto365.com\/hr\/wp-json\/wp\/v2\/pages\/83482","targetHints":{"allow":["GET"]}}],"collection":[{"href":"https:\/\/onlinelotto365.com\/hr\/wp-json\/wp\/v2\/pages"}],"about":[{"href":"https:\/\/onlinelotto365.com\/hr\/wp-json\/wp\/v2\/types\/page"}],"author":[{"embeddable":true,"href":"https:\/\/onlinelotto365.com\/hr\/wp-json\/wp\/v2\/users\/1"}],"replies":[{"embeddable":true,"href":"https:\/\/onlinelotto365.com\/hr\/wp-json\/wp\/v2\/comments?post=83482"}],"version-history":[{"count":0,"href":"https:\/\/onlinelotto365.com\/hr\/wp-json\/wp\/v2\/pages\/83482\/revisions"}],"up":[{"embeddable":true,"href":"https:\/\/onlinelotto365.com\/hr\/wp-json\/wp\/v2\/pages\/5011"}],"wp:attachment":[{"href":"https:\/\/onlinelotto365.com\/hr\/wp-json\/wp\/v2\/media?parent=83482"}],"curies":[{"name":"wp","href":"https:\/\/api.w.org\/{rel}","templated":true}]}}