{"id":83491,"date":"2023-09-11T05:47:57","date_gmt":"2023-09-11T04:47:57","guid":{"rendered":"https:\/\/onlinelotto365.com\/igrajte\/powerball-australija-vise-niste-ograniceni-na-svoje-hrvatske-lutrije"},"modified":"2023-09-11T05:47:57","modified_gmt":"2023-09-11T04:47:57","slug":"powerball-australija-vise-niste-ograniceni-na-svoje-hrvatske-lutrije","status":"publish","type":"page","link":"https:\/\/onlinelotto365.com\/hr\/igrajte\/powerball-australija-vise-niste-ograniceni-na-svoje-hrvatske-lutrije\/","title":{"rendered":"Powerball Australija &#8211; vi\u0161e niste ograni\u010deni na svoje hrvatske lutrije."},"content":{"rendered":"<h2>Kako igrati Powerball Australija online<\/h2>\n<p>Zapravo je vrlo jednostavno igrati Powerball Australija online, \u010dak i ako se nalazite u Hrvatskoj. I vrlo je prakti\u010dno jer ve\u0107 ste ovdje gdje mo\u017eete dobiti svoje ulaznice samo s nekoliko klikova mi\u0161em.<\/p>\n<p>Brinut \u0107emo se za vas u svakom koraku, gdje sve \u0161to trebate u\u010diniti je postaviti besplatan ra\u010dun, izabrati svoje brojeve i odabrati jednu od njihovih mnogobrojnih povoljnih opcija pla\u0107anja, a mi \u0107emo obaviti sve ostalo.<\/p>\n<p>Obavezno kliknite na ispravnu lutriju, odnosno Powerball Australija. Zatim odaberete svoje brojeve. Ako poku\u0161ate odabrati previ\u0161e brojeva ili niste odabrali dovoljno brojeva, sustav \u0107e vas upozoriti da odaberete manje ili vi\u0161e brojeva. Tako\u0111er mo\u017eete kliknuti na gumb za brzi odabir, a web stranica \u0107e automatski odabrati neke brojeve za vas. I dalje mo\u017eete ru\u010dno urediti te brojeve ako vam se ne svi\u0111aju.<\/p>\n<p>Postoji i metoda koju mnogi igra\u010di vole koristiti &#8211; funkcija brzog odabira. Ili mo\u017eete ru\u010dno koristiti neke od svojih omiljenih brojeva i dopustiti generatoru slu\u010dajnih brojeva da odabere ostatak za vas.<\/p>\n<p>Nakon toga, mo\u017eete odabrati drugu lutriju, igrati vi\u0161e lutrijskih ulaznica i dodati ih u svoju narud\u017ebu. Zatim, kliknite na &#8220;Provjeri&#8221; i sigurno platite svoje ulaznice. U ovom trenutku, morat \u0107ete izraditi ra\u010dun kod nas. Naravno, mo\u017eete i prvo izraditi ra\u010dun i zatim zapo\u010deti postupak naru\u010divanja svojih ulaznica.<\/p>\n<p>Nakon \u0161to izradite ra\u010dun, poslat \u0107emo vam e-po\u0161tu za verifikaciju s vezom na koju morate kliknuti. Molimo vas da provjerite svoju mapu ne\u017eeljene po\u0161te za tu e-po\u0161tu. Bilo bi pametno ozna\u010diti na\u0161u adresu e-po\u0161te kao pouzdanog po\u0161iljatelja. Na taj na\u010din \u0107ete osigurati da vam va\u017ene poruke poput obavijesti o dobitcima stvarno stignu.<\/p>\n<h2>O Powerball Australija<\/h2>\n<ul><img decoding=\"async\" class=\"aligncenter\" src=\"https:\/\/redfoxlotto.com\/image?size=8&amp;lottery=powerball-au\" alt=\"Powerball Australija\n\" \/><\/p>\n<li>Dr\u017eava: Australija<\/li>\n<li>Raspon glavnih brojeva: 35<\/li>\n<li>Morate odabrati: 7<\/li>\n<li>Raspon dodatnih brojeva: 20<\/li>\n<li>Morate odabrati: 1<\/li>\n<li>Dani i sati izvla\u010denja: \u010detvrtak, 21:30 GMT+11, 10:30 CET<\/li>\n<li>Jackpot po\u010dinje s: 3 milijuna australskih dolara<\/li>\n<li>Jackpot je ograni\u010den na: 150 milijuna australskih dolara<\/li>\n<li>\u0160ansa za osvajanje jackpota: 1 u 134.490.400<\/li>\n<li>\u0160ansa za osvajanje druge nagrade: 1 u 7.078.443<\/li>\n<li>\u0160ansa za osvajanje bilo koje nagrade: 1 u 24,87<\/li>\n<li>Broj kategorija nagrada: 7<\/li>\n<\/ul>\n<h2>Kako provjeriti rezultate Powerball Australija<\/h2>\n<p>Mo\u017eete koristiti nekoliko metoda za provjeru rezultata. Mo\u017eete ih prona\u0107i na slu\u017ebenoj web stranici lutrije. Za neke lutrije, mo\u017eda \u0107ete prona\u0107i dobitne brojeve u svom lokalnom listu ili ih mo\u017ee prenositi televizijski kanal. Ali najlak\u0161i na\u010din je vratiti se na na\u0161u web stranicu i provjeriti najnovije dobitne brojeve ovdje. Nakon \u0161to se prijavite na svoj ra\u010dun, mo\u017eete usporediti brojeve koje ste odabrali s brojevima izvla\u010denja. I odmah \u0107ete vidjeti koliko ste osvojili.<img loading=\"lazy\" decoding=\"async\" class=\"alignright wp-image-1653\" src=\"https:\/\/onlinelotto365.com\/wp-content\/uploads\/2020\/11\/online_lottery-145-300x143.jpg\" alt=\"Igrajte Powerball Australija online\" width=\"413\" height=\"197\" \/><\/p>\n<p>Igrali ste Powerball Australija online i osvojili &#8211; \u0161to se doga\u0111a sljede\u0107e? Prvo, trebate provjeriti koliko ste osvojili. Ako je dobitak manji od 2500 eura, iznos \u0107ete prona\u0107i na svom igra\u010dkom ra\u010dunu. Va\u0161a je odluka koristiti ga za kupnju dodatnih ulaznica ili, ako vi\u0161e preferirate, mo\u017eete ga povu\u0107i. Imajte na umu da je opcija povla\u010denja vidljiva samo ako je saldo va\u0161eg ra\u010duna najmanje 10 eura.<\/p>\n<p>Za dobitke ve\u0107e od 2500 eura, na\u0161a podr\u0161ka \u0107e vas kontaktirati. Trebat \u0107ete ispuniti obrazac zahtjeva, koji \u0107emo zatim poslati komisiji za lutriju. Zatim \u0107ete svoje dobitke primiti putem bankovne doznake ili \u010deka, ovisno o va\u0161im \u017eeljama.<\/p>\n","protected":false},"excerpt":{"rendered":"<p>Kako igrati Powerball Australija online Zapravo je vrlo jednostavno igrati Powerball Australija online, \u010dak i ako se nalazite u Hrvatskoj. I vrlo je prakti\u010dno jer ve\u0107 ste ovdje gdje mo\u017eete dobiti svoje ulaznice samo s nekoliko klikova mi\u0161em. Brinut \u0107emo se za vas u svakom koraku, gdje sve \u0161to trebate u\u010diniti je postaviti besplatan ra\u010dun, [&hellip;]<\/p>\n","protected":false},"author":1,"featured_media":0,"parent":5011,"menu_order":13,"comment_status":"closed","ping_status":"closed","template":"powerball-au.php","meta":{"_et_pb_use_builder":"","_et_pb_old_content":"","_et_gb_content_width":"","exclude_from_search":false,"footnotes":""},"class_list":["post-83491","page","type-page","status-publish","hentry"],"yoast_head":"<!-- This site is optimized with the Yoast SEO plugin v23.4 - https:\/\/yoast.com\/wordpress\/plugins\/seo\/ -->\n<title>Igrajte Powerball Australija online iz Hrvatske | Mogu li sudjelovati u Powerball Australija ako \u017eivim u Hrvatskoj<\/title>\n<meta name=\"description\" content=\"Igrajte Powerball Australija online iz Hrvatske | Mogu li sudjelovati u Powerball Australija ako \u017eivim u Hrvatskoj\" \/>\n<meta name=\"robots\" content=\"index, follow, max-snippet:-1, max-image-preview:large, max-video-preview:-1\" \/>\n<link rel=\"canonical\" href=\"https:\/\/onlinelotto365.com\/hr\/igrajte\/powerball-australija-vise-niste-ograniceni-na-svoje-hrvatske-lutrije\/\" \/>\n<meta property=\"og:locale\" content=\"hr_HR\" \/>\n<meta property=\"og:type\" content=\"article\" \/>\n<meta property=\"og:title\" content=\"Igrajte Powerball Australija online iz Hrvatske | Mogu li sudjelovati u Powerball Australija ako \u017eivim u Hrvatskoj\" \/>\n<meta property=\"og:description\" content=\"Igrajte Powerball Australija online iz Hrvatske | Mogu li sudjelovati u Powerball Australija ako \u017eivim u Hrvatskoj\" \/>\n<meta property=\"og:url\" content=\"https:\/\/onlinelotto365.com\/hr\/igrajte\/powerball-australija-vise-niste-ograniceni-na-svoje-hrvatske-lutrije\/\" \/>\n<meta property=\"og:site_name\" content=\"OnlineLotto365\" \/>\n<meta property=\"og:image\" content=\"https:\/\/redfoxlotto.com\/image?size=8&amp;lottery=powerball-au\" \/>\n<meta name=\"twitter:card\" content=\"summary_large_image\" \/>\n<meta name=\"twitter:label1\" content=\"Procijenjeno vrijeme \u010ditanja\" \/>\n\t<meta name=\"twitter:data1\" content=\"3 minute\" \/>\n<script type=\"application\/ld+json\" class=\"yoast-schema-graph\">{\"@context\":\"https:\/\/schema.org\",\"@graph\":[{\"@type\":\"WebPage\",\"@id\":\"https:\/\/onlinelotto365.com\/hr\/igrajte\/powerball-australija-vise-niste-ograniceni-na-svoje-hrvatske-lutrije\/\",\"url\":\"https:\/\/onlinelotto365.com\/hr\/igrajte\/powerball-australija-vise-niste-ograniceni-na-svoje-hrvatske-lutrije\/\",\"name\":\"Igrajte Powerball Australija online iz Hrvatske | Mogu li sudjelovati u Powerball Australija ako \u017eivim u Hrvatskoj\",\"isPartOf\":{\"@id\":\"https:\/\/onlinelotto365.com\/hr\/#website\"},\"primaryImageOfPage\":{\"@id\":\"https:\/\/onlinelotto365.com\/hr\/igrajte\/powerball-australija-vise-niste-ograniceni-na-svoje-hrvatske-lutrije\/#primaryimage\"},\"image\":{\"@id\":\"https:\/\/onlinelotto365.com\/hr\/igrajte\/powerball-australija-vise-niste-ograniceni-na-svoje-hrvatske-lutrije\/#primaryimage\"},\"thumbnailUrl\":\"https:\/\/redfoxlotto.com\/image?size=8&amp;lottery=powerball-au\",\"datePublished\":\"2023-09-11T04:47:57+00:00\",\"dateModified\":\"2023-09-11T04:47:57+00:00\",\"description\":\"Igrajte Powerball Australija online iz Hrvatske | Mogu li sudjelovati u Powerball Australija ako \u017eivim u Hrvatskoj\",\"breadcrumb\":{\"@id\":\"https:\/\/onlinelotto365.com\/hr\/igrajte\/powerball-australija-vise-niste-ograniceni-na-svoje-hrvatske-lutrije\/#breadcrumb\"},\"inLanguage\":\"hr\",\"potentialAction\":[{\"@type\":\"ReadAction\",\"target\":[\"https:\/\/onlinelotto365.com\/hr\/igrajte\/powerball-australija-vise-niste-ograniceni-na-svoje-hrvatske-lutrije\/\"]}]},{\"@type\":\"ImageObject\",\"inLanguage\":\"hr\",\"@id\":\"https:\/\/onlinelotto365.com\/hr\/igrajte\/powerball-australija-vise-niste-ograniceni-na-svoje-hrvatske-lutrije\/#primaryimage\",\"url\":\"https:\/\/redfoxlotto.com\/image?size=8&amp;lottery=powerball-au\",\"contentUrl\":\"https:\/\/redfoxlotto.com\/image?size=8&amp;lottery=powerball-au\"},{\"@type\":\"BreadcrumbList\",\"@id\":\"https:\/\/onlinelotto365.com\/hr\/igrajte\/powerball-australija-vise-niste-ograniceni-na-svoje-hrvatske-lutrije\/#breadcrumb\",\"itemListElement\":[{\"@type\":\"ListItem\",\"position\":1,\"name\":\"Home\",\"item\":\"https:\/\/onlinelotto365.com\/hr\/\"},{\"@type\":\"ListItem\",\"position\":2,\"name\":\"Sve \u0161to morate znati o va\u0161im mogu\u0107nostima igranja najboljih lutrija online\",\"item\":\"https:\/\/onlinelotto365.com\/hr\/play\/\"},{\"@type\":\"ListItem\",\"position\":3,\"name\":\"Powerball Australija &#8211; vi\u0161e niste ograni\u010deni na svoje hrvatske lutrije.\"}]},{\"@type\":\"WebSite\",\"@id\":\"https:\/\/onlinelotto365.com\/hr\/#website\",\"url\":\"https:\/\/onlinelotto365.com\/hr\/\",\"name\":\"OnlineLotto365\",\"description\":\"\",\"potentialAction\":[{\"@type\":\"SearchAction\",\"target\":{\"@type\":\"EntryPoint\",\"urlTemplate\":\"https:\/\/onlinelotto365.com\/hr\/?s={search_term_string}\"},\"query-input\":{\"@type\":\"PropertyValueSpecification\",\"valueRequired\":true,\"valueName\":\"search_term_string\"}}],\"inLanguage\":\"hr\"}]}<\/script>\n<!-- \/ Yoast SEO plugin. -->","yoast_head_json":{"title":"Igrajte Powerball Australija online iz Hrvatske | Mogu li sudjelovati u Powerball Australija ako \u017eivim u Hrvatskoj","description":"Igrajte Powerball Australija online iz Hrvatske | Mogu li sudjelovati u Powerball Australija ako \u017eivim u Hrvatskoj","robots":{"index":"index","follow":"follow","max-snippet":"max-snippet:-1","max-image-preview":"max-image-preview:large","max-video-preview":"max-video-preview:-1"},"canonical":"https:\/\/onlinelotto365.com\/hr\/igrajte\/powerball-australija-vise-niste-ograniceni-na-svoje-hrvatske-lutrije\/","og_locale":"hr_HR","og_type":"article","og_title":"Igrajte Powerball Australija online iz Hrvatske | Mogu li sudjelovati u Powerball Australija ako \u017eivim u Hrvatskoj","og_description":"Igrajte Powerball Australija online iz Hrvatske | Mogu li sudjelovati u Powerball Australija ako \u017eivim u Hrvatskoj","og_url":"https:\/\/onlinelotto365.com\/hr\/igrajte\/powerball-australija-vise-niste-ograniceni-na-svoje-hrvatske-lutrije\/","og_site_name":"OnlineLotto365","og_image":[{"url":"https:\/\/redfoxlotto.com\/image?size=8&amp;lottery=powerball-au"}],"twitter_card":"summary_large_image","twitter_misc":{"Procijenjeno vrijeme \u010ditanja":"3 minute"},"schema":{"@context":"https:\/\/schema.org","@graph":[{"@type":"WebPage","@id":"https:\/\/onlinelotto365.com\/hr\/igrajte\/powerball-australija-vise-niste-ograniceni-na-svoje-hrvatske-lutrije\/","url":"https:\/\/onlinelotto365.com\/hr\/igrajte\/powerball-australija-vise-niste-ograniceni-na-svoje-hrvatske-lutrije\/","name":"Igrajte Powerball Australija online iz Hrvatske | Mogu li sudjelovati u Powerball Australija ako \u017eivim u Hrvatskoj","isPartOf":{"@id":"https:\/\/onlinelotto365.com\/hr\/#website"},"primaryImageOfPage":{"@id":"https:\/\/onlinelotto365.com\/hr\/igrajte\/powerball-australija-vise-niste-ograniceni-na-svoje-hrvatske-lutrije\/#primaryimage"},"image":{"@id":"https:\/\/onlinelotto365.com\/hr\/igrajte\/powerball-australija-vise-niste-ograniceni-na-svoje-hrvatske-lutrije\/#primaryimage"},"thumbnailUrl":"https:\/\/redfoxlotto.com\/image?size=8&amp;lottery=powerball-au","datePublished":"2023-09-11T04:47:57+00:00","dateModified":"2023-09-11T04:47:57+00:00","description":"Igrajte Powerball Australija online iz Hrvatske | Mogu li sudjelovati u Powerball Australija ako \u017eivim u Hrvatskoj","breadcrumb":{"@id":"https:\/\/onlinelotto365.com\/hr\/igrajte\/powerball-australija-vise-niste-ograniceni-na-svoje-hrvatske-lutrije\/#breadcrumb"},"inLanguage":"hr","potentialAction":[{"@type":"ReadAction","target":["https:\/\/onlinelotto365.com\/hr\/igrajte\/powerball-australija-vise-niste-ograniceni-na-svoje-hrvatske-lutrije\/"]}]},{"@type":"ImageObject","inLanguage":"hr","@id":"https:\/\/onlinelotto365.com\/hr\/igrajte\/powerball-australija-vise-niste-ograniceni-na-svoje-hrvatske-lutrije\/#primaryimage","url":"https:\/\/redfoxlotto.com\/image?size=8&amp;lottery=powerball-au","contentUrl":"https:\/\/redfoxlotto.com\/image?size=8&amp;lottery=powerball-au"},{"@type":"BreadcrumbList","@id":"https:\/\/onlinelotto365.com\/hr\/igrajte\/powerball-australija-vise-niste-ograniceni-na-svoje-hrvatske-lutrije\/#breadcrumb","itemListElement":[{"@type":"ListItem","position":1,"name":"Home","item":"https:\/\/onlinelotto365.com\/hr\/"},{"@type":"ListItem","position":2,"name":"Sve \u0161to morate znati o va\u0161im mogu\u0107nostima igranja najboljih lutrija online","item":"https:\/\/onlinelotto365.com\/hr\/play\/"},{"@type":"ListItem","position":3,"name":"Powerball Australija &#8211; vi\u0161e niste ograni\u010deni na svoje hrvatske lutrije."}]},{"@type":"WebSite","@id":"https:\/\/onlinelotto365.com\/hr\/#website","url":"https:\/\/onlinelotto365.com\/hr\/","name":"OnlineLotto365","description":"","potentialAction":[{"@type":"SearchAction","target":{"@type":"EntryPoint","urlTemplate":"https:\/\/onlinelotto365.com\/hr\/?s={search_term_string}"},"query-input":{"@type":"PropertyValueSpecification","valueRequired":true,"valueName":"search_term_string"}}],"inLanguage":"hr"}]}},"_links":{"self":[{"href":"https:\/\/onlinelotto365.com\/hr\/wp-json\/wp\/v2\/pages\/83491","targetHints":{"allow":["GET"]}}],"collection":[{"href":"https:\/\/onlinelotto365.com\/hr\/wp-json\/wp\/v2\/pages"}],"about":[{"href":"https:\/\/onlinelotto365.com\/hr\/wp-json\/wp\/v2\/types\/page"}],"author":[{"embeddable":true,"href":"https:\/\/onlinelotto365.com\/hr\/wp-json\/wp\/v2\/users\/1"}],"replies":[{"embeddable":true,"href":"https:\/\/onlinelotto365.com\/hr\/wp-json\/wp\/v2\/comments?post=83491"}],"version-history":[{"count":0,"href":"https:\/\/onlinelotto365.com\/hr\/wp-json\/wp\/v2\/pages\/83491\/revisions"}],"up":[{"embeddable":true,"href":"https:\/\/onlinelotto365.com\/hr\/wp-json\/wp\/v2\/pages\/5011"}],"wp:attachment":[{"href":"https:\/\/onlinelotto365.com\/hr\/wp-json\/wp\/v2\/media?parent=83491"}],"curies":[{"name":"wp","href":"https:\/\/api.w.org\/{rel}","templated":true}]}}