{"id":83763,"date":"2023-09-13T11:17:30","date_gmt":"2023-09-13T10:17:30","guid":{"rendered":"https:\/\/onlinelotto365.com\/igrajte\/igranje-oz-lotto-a-samo-je-jedna-od-opcija-za-ljubitelje-lutrije-iz-hrvatske"},"modified":"2023-09-13T11:17:30","modified_gmt":"2023-09-13T10:17:30","slug":"igranje-oz-lotto-a-samo-je-jedna-od-opcija-za-ljubitelje-lutrije-iz-hrvatske","status":"publish","type":"page","link":"https:\/\/onlinelotto365.com\/hr\/igrajte\/igranje-oz-lotto-a-samo-je-jedna-od-opcija-za-ljubitelje-lutrije-iz-hrvatske\/","title":{"rendered":"Igranje Oz Lotto-a samo je jedna od opcija za ljubitelje lutrije iz Hrvatske"},"content":{"rendered":"<h2>Kako igrati Oz Lotto online<\/h2>\n<p>Bez obzira \u017eivite li u Hrvatskoj ili ne, mo\u017eete lako igrati Oz Lotto online. Sve \u0161to trebate u\u010diniti je prona\u0107i pravu stranicu na na\u0161oj web stranici, kliknuti nekoliko gumba i prije nego \u0161to primijetite, imat \u0107ete karte koje \u017eelite.<\/p>\n<p>\u010cak i bolje, samo postavite potpuno besplatan ra\u010dun, odaberite karte i brojeve koje \u017eelite, odaberite na\u010din pla\u0107anja koji vam najbolje odgovara i gotovi ste. Zaista je to jednostavno.<\/p>\n<p>Ako ste spremni krenuti, prva stvar koju trebate u\u010diniti je odabrati lutriju koju \u017eelite. U ovom slu\u010daju, gledate Oz Lotto. Kad ste unutra, jednostavno odaberete brojeve koje \u017eelite igrati. \u010cak se ne morate brinuti da \u0107ete pogre\u0161no odabrati svoje brojeve jer \u0107e vas sustav obavijestiti o tome \u0161to trebate.<\/p>\n<p>To zna\u010di i koli\u010dinu brojeva. Osim toga, mo\u017eete odabrati brzo odabir da ra\u010dunalo nasumi\u010dno odabere va\u0161e brojeve, a zatim i urediti te brojeve.<\/p>\n<p>Kad dobijete karte koje \u017eelite za Oz Lotto, mo\u017eete odabrati da dodate jo\u0161 karata, odaberete drugu igru \u200b\u200bi dodate te karte ili samo dodate svoje karte u narud\u017ebu za kupnju. Idite na blagajnu i platite svoje karte s preferiranim na\u010dinom pla\u0107anja i bit \u0107ete spremani. Iako, naravno, morat \u0107ete stvoriti ra\u010dun da biste dovr\u0161ili proces blagajne.<\/p>\n<p>Stvaranje ra\u010duna je jednostavno, i odmah \u0107emo vam poslati verifikacijski email i poveznicu. Na taj na\u010din mo\u017eete odmah krenuti u kupnju tih karata, bez \u010dekanja. Samo se pobrinite da provjeravate svoju inbox i spam mapu jer ne\u0107ete mo\u0107i dobiti svoje karte ako ne potvrdite. Bit \u0107ete spremni za igru u vrlo kratkom vremenu.<\/p>\n<h2>O Oz Lotto-u<\/h2>\n<ul><img decoding=\"async\" class=\"aligncenter\" src=\"https:\/\/redfoxlotto.com\/image?size=8&amp;lottery=oz-lotto\" alt=\"Oz Lotto\" \/><\/p>\n<li>Zemlja: Australija<\/li>\n<li>Raspon glavnih brojeva: 45<\/li>\n<li>Morate odabrati: 7<\/li>\n<li>Dani, sati izvla\u010denja: utorak, 21:30 GMT+11 &#8211; 10:30 CET<\/li>\n<li>Jackpot po\u010dinje s: AU$ 2 milijuna<\/li>\n<li>Jackpot nema ograni\u010denje<\/li>\n<li>\u0160ansa za osvajanje jackpota: 1 prema 45379620<\/li>\n<li>\u0160ansa za osvajanje drugog dobitka: 1 prema 3241401<\/li>\n<li>\u0160ansa za osvajanje bilo kojeg dobitka: 1 prema 54,59<\/li>\n<li>Broj kategorija dobitaka: 7<\/li>\n<\/ul>\n<h2>Najbolje zna\u010dajke Oz Lotto-a<\/h2>\n<p>Oz Lotto vam daje priliku da osvojite nagrade u sedam razli\u010ditih kategorija, pove\u0107avaju\u0107i va\u0161e \u0161anse za osvajanje sjajne nagrade. Osim toga, ako osvojite u 1. kategoriji, zajam\u010deno \u0107ete podijeliti nagradu od 2 milijuna dolara, a \u010desto i puno vi\u0161e. To zna\u010di da ne\u0107ete imati problema s osvajanjem ne\u010dega velikog, ili barem dijelom jedne od sjajnih opcija za nagrade.<\/p>\n<h2>Kako provjeriti rezultate Oz Lotto-a<\/h2>\n<p><img loading=\"lazy\" decoding=\"async\" class=\"alignright wp-image-3635\" src=\"https:\/\/onlinelotto365.com\/wp-content\/uploads\/2020\/11\/online_lottery-123-300x300.jpg\" alt=\"Igrajte Oz Lotto online\" width=\"228\" height=\"228\" srcset=\"https:\/\/onlinelotto365.com\/wp-content\/uploads\/2020\/11\/online_lottery-123-300x300.jpg 300w, https:\/\/onlinelotto365.com\/wp-content\/uploads\/2020\/11\/online_lottery-123-100x100.jpg 100w, https:\/\/onlinelotto365.com\/wp-content\/uploads\/2020\/11\/online_lottery-123-150x150.jpg 150w, https:\/\/onlinelotto365.com\/wp-content\/uploads\/2020\/11\/online_lottery-123.jpg 320w\" sizes=\"auto, (max-width: 228px) 100vw, 228px\" \/><br \/>\nPostoji mnogo na\u010dina da provjerite dobitne brojeve Oz Lotto-a. Prvi na\u010din je da posjetite slu\u017ebenu web stranicu ili provjerite lokalne lutrije putem svog vlastitog novinskog lista ili omiljenog televizijskog kanala. Ali to radi samo ako je igra lokalna. A najbolji na\u010din na koji mo\u017eete dobiti svoje lutrijske brojeve je povratkom na na\u0161u web stranicu.<\/p>\n<p>Nakon svega, karte ste kupili ovdje, pa za\u0161to ne? Mo\u0107i \u0107ete se prijaviti na svoj ra\u010dun i usporediti svoje brojeve s dobitnim brojevima kako biste vidjeli koliko ste osvojili.<\/p>\n<h2>Vi ste dobitnik Oz Lotto-a! &#8211; \u0160to sad?<\/h2>\n<p>Prva stvar koju \u0107ete htjeti znati je koliko \u0107ete dobiti. Nakon svega, svatko \u017eeli znati o svojim dobitcima, zar ne? Ako ste osvojili manje od 2500 \u20ac, ne\u0107ete morati ni\u0161ta poduzimati. Mi \u0107emo se pobrinuti za preuzimanje nagrade i izravno je staviti na va\u0161 online ra\u010dun. Odande mo\u017eete odabrati da je izvu\u010dete, kupite nove karte ili bilo \u0161to drugo \u0161to \u017eelite, sve dok ste iznad 10 \u20ac.<\/p>\n<p>Sada, ako ste osvojili vi\u0161e od 2500 \u20ac, u procesu je malo vi\u0161e, ali ne brinite jer \u0107emo vam pomo\u0107i kroz sve to. Kontaktirat \u0107emo vas i poslati vam obrazac za prijavu koji treba poslati lutrijskoj komisiji. Nakon \u0161to ga ispunite, mo\u0107i \u0107ete dobiti svoje dobitke prema onome \u0161to ste poslali na papiru. Mo\u017eete dobiti \u010dek ili bankovni transfer<\/p>\n","protected":false},"excerpt":{"rendered":"<p>Kako igrati Oz Lotto online Bez obzira \u017eivite li u Hrvatskoj ili ne, mo\u017eete lako igrati Oz Lotto online. Sve \u0161to trebate u\u010diniti je prona\u0107i pravu stranicu na na\u0161oj web stranici, kliknuti nekoliko gumba i prije nego \u0161to primijetite, imat \u0107ete karte koje \u017eelite. \u010cak i bolje, samo postavite potpuno besplatan ra\u010dun, odaberite karte i [&hellip;]<\/p>\n","protected":false},"author":1,"featured_media":0,"parent":5011,"menu_order":14,"comment_status":"closed","ping_status":"closed","template":"template-rightsidebar.php","meta":{"_et_pb_use_builder":"","_et_pb_old_content":"","_et_gb_content_width":"","exclude_from_search":false,"footnotes":""},"class_list":["post-83763","page","type-page","status-publish","hentry"],"yoast_head":"<!-- This site is optimized with the Yoast SEO plugin v23.4 - https:\/\/yoast.com\/wordpress\/plugins\/seo\/ -->\n<title>Igrajte Oz Lotto ovdje - najve\u0107e svjetske lutrije dostupne online iz Hrvatske<\/title>\n<meta name=\"description\" content=\"Igrajte Oz Lotto ovdje - najve\u0107e svjetske lutrije dostupne online iz Hrvatske\" \/>\n<meta name=\"robots\" content=\"index, follow, max-snippet:-1, max-image-preview:large, max-video-preview:-1\" \/>\n<link rel=\"canonical\" href=\"https:\/\/onlinelotto365.com\/hr\/igrajte\/igranje-oz-lotto-a-samo-je-jedna-od-opcija-za-ljubitelje-lutrije-iz-hrvatske\/\" \/>\n<meta property=\"og:locale\" content=\"hr_HR\" \/>\n<meta property=\"og:type\" content=\"article\" \/>\n<meta property=\"og:title\" content=\"Igrajte Oz Lotto ovdje - najve\u0107e svjetske lutrije dostupne online iz Hrvatske\" \/>\n<meta property=\"og:description\" content=\"Igrajte Oz Lotto ovdje - najve\u0107e svjetske lutrije dostupne online iz Hrvatske\" \/>\n<meta property=\"og:url\" content=\"https:\/\/onlinelotto365.com\/hr\/igrajte\/igranje-oz-lotto-a-samo-je-jedna-od-opcija-za-ljubitelje-lutrije-iz-hrvatske\/\" \/>\n<meta property=\"og:site_name\" content=\"OnlineLotto365\" \/>\n<meta property=\"og:image\" content=\"https:\/\/redfoxlotto.com\/image?size=8&amp;lottery=oz-lotto\" \/>\n<meta name=\"twitter:card\" content=\"summary_large_image\" \/>\n<meta name=\"twitter:label1\" content=\"Procijenjeno vrijeme \u010ditanja\" \/>\n\t<meta name=\"twitter:data1\" content=\"3 minute\" \/>\n<script type=\"application\/ld+json\" class=\"yoast-schema-graph\">{\"@context\":\"https:\/\/schema.org\",\"@graph\":[{\"@type\":\"WebPage\",\"@id\":\"https:\/\/onlinelotto365.com\/hr\/igrajte\/igranje-oz-lotto-a-samo-je-jedna-od-opcija-za-ljubitelje-lutrije-iz-hrvatske\/\",\"url\":\"https:\/\/onlinelotto365.com\/hr\/igrajte\/igranje-oz-lotto-a-samo-je-jedna-od-opcija-za-ljubitelje-lutrije-iz-hrvatske\/\",\"name\":\"Igrajte Oz Lotto ovdje - najve\u0107e svjetske lutrije dostupne online iz Hrvatske\",\"isPartOf\":{\"@id\":\"https:\/\/onlinelotto365.com\/hr\/#website\"},\"primaryImageOfPage\":{\"@id\":\"https:\/\/onlinelotto365.com\/hr\/igrajte\/igranje-oz-lotto-a-samo-je-jedna-od-opcija-za-ljubitelje-lutrije-iz-hrvatske\/#primaryimage\"},\"image\":{\"@id\":\"https:\/\/onlinelotto365.com\/hr\/igrajte\/igranje-oz-lotto-a-samo-je-jedna-od-opcija-za-ljubitelje-lutrije-iz-hrvatske\/#primaryimage\"},\"thumbnailUrl\":\"https:\/\/redfoxlotto.com\/image?size=8&amp;lottery=oz-lotto\",\"datePublished\":\"2023-09-13T10:17:30+00:00\",\"dateModified\":\"2023-09-13T10:17:30+00:00\",\"description\":\"Igrajte Oz Lotto ovdje - najve\u0107e svjetske lutrije dostupne online iz Hrvatske\",\"breadcrumb\":{\"@id\":\"https:\/\/onlinelotto365.com\/hr\/igrajte\/igranje-oz-lotto-a-samo-je-jedna-od-opcija-za-ljubitelje-lutrije-iz-hrvatske\/#breadcrumb\"},\"inLanguage\":\"hr\",\"potentialAction\":[{\"@type\":\"ReadAction\",\"target\":[\"https:\/\/onlinelotto365.com\/hr\/igrajte\/igranje-oz-lotto-a-samo-je-jedna-od-opcija-za-ljubitelje-lutrije-iz-hrvatske\/\"]}]},{\"@type\":\"ImageObject\",\"inLanguage\":\"hr\",\"@id\":\"https:\/\/onlinelotto365.com\/hr\/igrajte\/igranje-oz-lotto-a-samo-je-jedna-od-opcija-za-ljubitelje-lutrije-iz-hrvatske\/#primaryimage\",\"url\":\"https:\/\/redfoxlotto.com\/image?size=8&amp;lottery=oz-lotto\",\"contentUrl\":\"https:\/\/redfoxlotto.com\/image?size=8&amp;lottery=oz-lotto\"},{\"@type\":\"BreadcrumbList\",\"@id\":\"https:\/\/onlinelotto365.com\/hr\/igrajte\/igranje-oz-lotto-a-samo-je-jedna-od-opcija-za-ljubitelje-lutrije-iz-hrvatske\/#breadcrumb\",\"itemListElement\":[{\"@type\":\"ListItem\",\"position\":1,\"name\":\"Home\",\"item\":\"https:\/\/onlinelotto365.com\/hr\/\"},{\"@type\":\"ListItem\",\"position\":2,\"name\":\"Sve \u0161to morate znati o va\u0161im mogu\u0107nostima igranja najboljih lutrija online\",\"item\":\"https:\/\/onlinelotto365.com\/hr\/play\/\"},{\"@type\":\"ListItem\",\"position\":3,\"name\":\"Igranje Oz Lotto-a samo je jedna od opcija za ljubitelje lutrije iz Hrvatske\"}]},{\"@type\":\"WebSite\",\"@id\":\"https:\/\/onlinelotto365.com\/hr\/#website\",\"url\":\"https:\/\/onlinelotto365.com\/hr\/\",\"name\":\"OnlineLotto365\",\"description\":\"\",\"potentialAction\":[{\"@type\":\"SearchAction\",\"target\":{\"@type\":\"EntryPoint\",\"urlTemplate\":\"https:\/\/onlinelotto365.com\/hr\/?s={search_term_string}\"},\"query-input\":{\"@type\":\"PropertyValueSpecification\",\"valueRequired\":true,\"valueName\":\"search_term_string\"}}],\"inLanguage\":\"hr\"}]}<\/script>\n<!-- \/ Yoast SEO plugin. -->","yoast_head_json":{"title":"Igrajte Oz Lotto ovdje - najve\u0107e svjetske lutrije dostupne online iz Hrvatske","description":"Igrajte Oz Lotto ovdje - najve\u0107e svjetske lutrije dostupne online iz Hrvatske","robots":{"index":"index","follow":"follow","max-snippet":"max-snippet:-1","max-image-preview":"max-image-preview:large","max-video-preview":"max-video-preview:-1"},"canonical":"https:\/\/onlinelotto365.com\/hr\/igrajte\/igranje-oz-lotto-a-samo-je-jedna-od-opcija-za-ljubitelje-lutrije-iz-hrvatske\/","og_locale":"hr_HR","og_type":"article","og_title":"Igrajte Oz Lotto ovdje - najve\u0107e svjetske lutrije dostupne online iz Hrvatske","og_description":"Igrajte Oz Lotto ovdje - najve\u0107e svjetske lutrije dostupne online iz Hrvatske","og_url":"https:\/\/onlinelotto365.com\/hr\/igrajte\/igranje-oz-lotto-a-samo-je-jedna-od-opcija-za-ljubitelje-lutrije-iz-hrvatske\/","og_site_name":"OnlineLotto365","og_image":[{"url":"https:\/\/redfoxlotto.com\/image?size=8&amp;lottery=oz-lotto"}],"twitter_card":"summary_large_image","twitter_misc":{"Procijenjeno vrijeme \u010ditanja":"3 minute"},"schema":{"@context":"https:\/\/schema.org","@graph":[{"@type":"WebPage","@id":"https:\/\/onlinelotto365.com\/hr\/igrajte\/igranje-oz-lotto-a-samo-je-jedna-od-opcija-za-ljubitelje-lutrije-iz-hrvatske\/","url":"https:\/\/onlinelotto365.com\/hr\/igrajte\/igranje-oz-lotto-a-samo-je-jedna-od-opcija-za-ljubitelje-lutrije-iz-hrvatske\/","name":"Igrajte Oz Lotto ovdje - najve\u0107e svjetske lutrije dostupne online iz Hrvatske","isPartOf":{"@id":"https:\/\/onlinelotto365.com\/hr\/#website"},"primaryImageOfPage":{"@id":"https:\/\/onlinelotto365.com\/hr\/igrajte\/igranje-oz-lotto-a-samo-je-jedna-od-opcija-za-ljubitelje-lutrije-iz-hrvatske\/#primaryimage"},"image":{"@id":"https:\/\/onlinelotto365.com\/hr\/igrajte\/igranje-oz-lotto-a-samo-je-jedna-od-opcija-za-ljubitelje-lutrije-iz-hrvatske\/#primaryimage"},"thumbnailUrl":"https:\/\/redfoxlotto.com\/image?size=8&amp;lottery=oz-lotto","datePublished":"2023-09-13T10:17:30+00:00","dateModified":"2023-09-13T10:17:30+00:00","description":"Igrajte Oz Lotto ovdje - najve\u0107e svjetske lutrije dostupne online iz Hrvatske","breadcrumb":{"@id":"https:\/\/onlinelotto365.com\/hr\/igrajte\/igranje-oz-lotto-a-samo-je-jedna-od-opcija-za-ljubitelje-lutrije-iz-hrvatske\/#breadcrumb"},"inLanguage":"hr","potentialAction":[{"@type":"ReadAction","target":["https:\/\/onlinelotto365.com\/hr\/igrajte\/igranje-oz-lotto-a-samo-je-jedna-od-opcija-za-ljubitelje-lutrije-iz-hrvatske\/"]}]},{"@type":"ImageObject","inLanguage":"hr","@id":"https:\/\/onlinelotto365.com\/hr\/igrajte\/igranje-oz-lotto-a-samo-je-jedna-od-opcija-za-ljubitelje-lutrije-iz-hrvatske\/#primaryimage","url":"https:\/\/redfoxlotto.com\/image?size=8&amp;lottery=oz-lotto","contentUrl":"https:\/\/redfoxlotto.com\/image?size=8&amp;lottery=oz-lotto"},{"@type":"BreadcrumbList","@id":"https:\/\/onlinelotto365.com\/hr\/igrajte\/igranje-oz-lotto-a-samo-je-jedna-od-opcija-za-ljubitelje-lutrije-iz-hrvatske\/#breadcrumb","itemListElement":[{"@type":"ListItem","position":1,"name":"Home","item":"https:\/\/onlinelotto365.com\/hr\/"},{"@type":"ListItem","position":2,"name":"Sve \u0161to morate znati o va\u0161im mogu\u0107nostima igranja najboljih lutrija online","item":"https:\/\/onlinelotto365.com\/hr\/play\/"},{"@type":"ListItem","position":3,"name":"Igranje Oz Lotto-a samo je jedna od opcija za ljubitelje lutrije iz Hrvatske"}]},{"@type":"WebSite","@id":"https:\/\/onlinelotto365.com\/hr\/#website","url":"https:\/\/onlinelotto365.com\/hr\/","name":"OnlineLotto365","description":"","potentialAction":[{"@type":"SearchAction","target":{"@type":"EntryPoint","urlTemplate":"https:\/\/onlinelotto365.com\/hr\/?s={search_term_string}"},"query-input":{"@type":"PropertyValueSpecification","valueRequired":true,"valueName":"search_term_string"}}],"inLanguage":"hr"}]}},"_links":{"self":[{"href":"https:\/\/onlinelotto365.com\/hr\/wp-json\/wp\/v2\/pages\/83763","targetHints":{"allow":["GET"]}}],"collection":[{"href":"https:\/\/onlinelotto365.com\/hr\/wp-json\/wp\/v2\/pages"}],"about":[{"href":"https:\/\/onlinelotto365.com\/hr\/wp-json\/wp\/v2\/types\/page"}],"author":[{"embeddable":true,"href":"https:\/\/onlinelotto365.com\/hr\/wp-json\/wp\/v2\/users\/1"}],"replies":[{"embeddable":true,"href":"https:\/\/onlinelotto365.com\/hr\/wp-json\/wp\/v2\/comments?post=83763"}],"version-history":[{"count":0,"href":"https:\/\/onlinelotto365.com\/hr\/wp-json\/wp\/v2\/pages\/83763\/revisions"}],"up":[{"embeddable":true,"href":"https:\/\/onlinelotto365.com\/hr\/wp-json\/wp\/v2\/pages\/5011"}],"wp:attachment":[{"href":"https:\/\/onlinelotto365.com\/hr\/wp-json\/wp\/v2\/media?parent=83763"}],"curies":[{"name":"wp","href":"https:\/\/api.w.org\/{rel}","templated":true}]}}