{"id":83772,"date":"2023-09-14T16:19:25","date_gmt":"2023-09-14T15:19:25","guid":{"rendered":"https:\/\/onlinelotto365.com\/igrajte\/igranje-subotnjeg-lota-australija-je-samo-jedna-od-opcija-za-ljubitelje-lutrije-iz-hrvatske"},"modified":"2023-09-14T16:19:25","modified_gmt":"2023-09-14T15:19:25","slug":"igranje-subotnjeg-lota-australija-je-samo-jedna-od-opcija-za-ljubitelje-lutrije-iz-hrvatske","status":"publish","type":"page","link":"https:\/\/onlinelotto365.com\/hr\/igrajte\/igranje-subotnjeg-lota-australija-je-samo-jedna-od-opcija-za-ljubitelje-lutrije-iz-hrvatske\/","title":{"rendered":"Igranje Subotnjeg Lota Australija je samo jedna od opcija za ljubitelje lutrije iz Hrvatske."},"content":{"rendered":"<h2>Kako igrati Subotnji Loto Australija online<\/h2>\n<p>Ako \u017eivite u Hrvatskoj ili negdje drugdje, primijetit \u0107ete da nije tako te\u0161ko kao \u0161to mo\u017eda mislite igrati Subotnji Loto Australija. Osim toga, imat \u0107ete opcije za dobivanje karata koje \u017eelite bez potrebe da na to potro\u0161ite puno vremena, \u0161to bi moglo biti bolje od toga?<\/p>\n<p>Pa, \u010dinjenica da \u0107emo vam pomo\u0107i na putu svakako \u0107e biti velika prednost. Mo\u017eete odabrati sve opcije koje \u017eelite, stvoriti svoj ra\u010dun, kupiti karte i sve \u0161to vam je potrebno svojom preferiranom metodom pla\u0107anja u vrlo kratkom vremenu. I mi \u0107emo se pobrinuti da su te karte spremne za vas kada do\u0111e izvla\u010denje.<\/p>\n<p>Sve \u0161to trebate u\u010diniti je provjeriti razli\u010dite opcije lutrije i odabrati Subotnji Loto Australija. Nakon \u0161to to u\u010dinite, dobit \u0107ete opciju odabira brojeva za svaku kartu koju \u017eelite.<\/p>\n<p>Ne brinite se zbog odabira pogre\u0161ne koli\u010dine brojeva, jer \u0107e vas sustav voditi da dobijete to\u010dno pravu koli\u010dinu. Ako niste sigurni u brojeve koje \u017eelite, jednostavno mo\u017eete odabrati brzu igru kako biste dopustili ra\u010dunalu da odabere brojeve umjesto vas.<\/p>\n<p>Kada dobijete svoje karte, mo\u017eete odabrati da dodate vi\u0161e, odaberete karte za drugu igru ili jednostavno dodate u svoju narud\u017ebu i pripremite se za kupovinu. Postupak pla\u0107anja osmi\u0161ljen je da bude \u0161to jednostavniji kako biste mogli platiti svoje karte i brzo krenuti dalje. Sve \u0161to morate u\u010diniti je stvoriti svoj ra\u010dun.<\/p>\n<p>Stvaranje ra\u010duna je jednostavno jer nam nije potrebno puno informacija. A zatim \u0107emo vam poslati e-po\u0161tu za verifikaciju kako biste mogli zavr\u0161iti svoj ra\u010dun. Imajte na umu da se e-po\u0161ta mo\u017ee zavr\u0161iti u mapi s ne\u017eeljenom po\u0161tom (\u0161to zna\u010di da nas trebate dodati u svoju adresnu knjigu), i s tim \u0107ete imati ra\u010dun i mogu\u0107nost kupovine vi\u0161e karata kad god \u017eelite.<\/p>\n<h2>O Subotnjem Lotu Australija<\/h2>\n<ul><img decoding=\"async\" class=\"aligncenter\" src=\"https:\/\/redfoxlotto.com\/image?size=8&amp;lottery=saturday-lotto-au\" alt=\"Subotnji Loto Australija\" \/><\/p>\n<li>Zemlja: Australija<\/li>\n<li>Raspon glavnih brojeva: 45<\/li>\n<li>Morate odabrati: 6<\/li>\n<li>Dani i sati izvla\u010denja: subota, 21:30 GMT+11 &#8211; 10:30 CET<\/li>\n<li>Jackpot po\u010dinje s: AU$ 5 milijuna<\/li>\n<li>Jackpot je ograni\u010den na: AU$ 150 milijuna<\/li>\n<li>\u0160ansa za osvajanje jackpota: 1 prema 8145060<\/li>\n<li>\u0160ansa za osvajanje druge nagrade: 1 prema 678755<\/li>\n<li>\u0160ansa za osvajanje bilo koje nagrade: 1 prema 85,44<\/li>\n<li>Broj kategorija nagrada: 6<\/li>\n<\/ul>\n<h2>Najbolje zna\u010dajke Subotnjeg Lota Australija<\/h2>\n<p>Subotnji Loto Australija pru\u017ea mnogo prilika za osvajanje i jackpotove u iznosu od nekoliko milijuna dolara. \u0160tovi\u0161e, svaki put ima stotine tisu\u0107a dobitnika. Mo\u017eete osvojiti malu nagradu manju od 10 dolara ili velike nagrade koje iznose stotine tisu\u0107a dolara. Sve \u0161to trebate u\u010diniti je odabrati prave brojeve.<\/p>\n<h2>Kako provjeriti rezultate Subotnjeg Lota Australija<\/h2>\n<p>Kada do\u0111e vrijeme da provjerite rezultate Subotnjeg Lota Australija, imate nekoliko razli\u010ditih opcija. Prva je da pogledate slu\u017ebenu web stranicu lutrije. Uvijek objavljuju dobitne brojeve nakon \u0161to budu izvu\u010deni. No, tako\u0111er mo\u017eete provjeriti lokalne novine i televizijske kanale ako \u017eivite lokalno. Naravno, najlak\u0161i i najbolji na\u010din provjere je da se vratite na na\u0161u web stranicu i prijavite se na svoj ra\u010dun. Od tamo, mo\u0107i \u0107ete vidjeti najnovije dobitne brojeve kao i usporediti ih s vlastitima.<\/p>\n<h2>Igrali ste Subotnji Loto Australija online i osvojili &#8211; \u0161to se doga\u0111a sljede\u0107e?<\/h2>\n<p>Jeste li ne\u0161to osvojili u posljednjem izvla\u010denju? Ako jeste, htjet \u0107ete znati koliko i to \u0107e utjecati na na\u010din na koji \u0107ete dobiti svoj novac. Svi iznosi manji od 2500 eura mogu se izravno uplatiti na va\u0161 ra\u010dun, i bit \u0107e. To zna\u010di da s njim mo\u017eete raditi \u0161to \u017eelite, od podizanja (ako je iznos ve\u0107i od 10 eura) do kupnje jo\u0161 nekoliko karata za ovu ili bilo koju drugu igru koju \u017eelite. S druge strane, ako ste imali sre\u0107e osvojiti vi\u0161e od 2500 eura, pomo\u0107i \u0107emo vam u procesu ostvarivanja svojih dobitaka, \u0161to zahtijeva malo vi\u0161e napora. Za ovaj proces, trebat \u0107ete ispuniti obrazac zahtjeva za komisiju za lutriju i odlu\u010diti \u017eelite li da vam novac bude poslan putem bankovnog transfera ili \u010deka. Sasvim je na vama.<\/p>\n","protected":false},"excerpt":{"rendered":"<p>Kako igrati Subotnji Loto Australija online Ako \u017eivite u Hrvatskoj ili negdje drugdje, primijetit \u0107ete da nije tako te\u0161ko kao \u0161to mo\u017eda mislite igrati Subotnji Loto Australija. Osim toga, imat \u0107ete opcije za dobivanje karata koje \u017eelite bez potrebe da na to potro\u0161ite puno vremena, \u0161to bi moglo biti bolje od toga? Pa, \u010dinjenica da [&hellip;]<\/p>\n","protected":false},"author":1,"featured_media":0,"parent":5011,"menu_order":15,"comment_status":"closed","ping_status":"closed","template":"saturday-lotto.php","meta":{"_et_pb_use_builder":"","_et_pb_old_content":"","_et_gb_content_width":"","exclude_from_search":false,"footnotes":""},"class_list":["post-83772","page","type-page","status-publish","hentry"],"yoast_head":"<!-- This site is optimized with the Yoast SEO plugin v23.4 - https:\/\/yoast.com\/wordpress\/plugins\/seo\/ -->\n<title>Na\u0161a usluga vam omogu\u0107uje da igrate Subotnji Loto Australija online iz Hrvatske.<\/title>\n<meta name=\"description\" content=\"Na\u0161a usluga vam omogu\u0107uje da igrate Subotnji Loto Australija online iz Hrvatske.\" \/>\n<meta name=\"robots\" content=\"index, follow, max-snippet:-1, max-image-preview:large, max-video-preview:-1\" \/>\n<link rel=\"canonical\" href=\"https:\/\/onlinelotto365.com\/hr\/igrajte\/igranje-subotnjeg-lota-australija-je-samo-jedna-od-opcija-za-ljubitelje-lutrije-iz-hrvatske\/\" \/>\n<meta property=\"og:locale\" content=\"hr_HR\" \/>\n<meta property=\"og:type\" content=\"article\" \/>\n<meta property=\"og:title\" content=\"Na\u0161a usluga vam omogu\u0107uje da igrate Subotnji Loto Australija online iz Hrvatske.\" \/>\n<meta property=\"og:description\" content=\"Na\u0161a usluga vam omogu\u0107uje da igrate Subotnji Loto Australija online iz Hrvatske.\" \/>\n<meta property=\"og:url\" content=\"https:\/\/onlinelotto365.com\/hr\/igrajte\/igranje-subotnjeg-lota-australija-je-samo-jedna-od-opcija-za-ljubitelje-lutrije-iz-hrvatske\/\" \/>\n<meta property=\"og:site_name\" content=\"OnlineLotto365\" \/>\n<meta property=\"og:image\" content=\"https:\/\/redfoxlotto.com\/image?size=8&amp;lottery=saturday-lotto-au\" \/>\n<meta name=\"twitter:card\" content=\"summary_large_image\" \/>\n<meta name=\"twitter:label1\" content=\"Procijenjeno vrijeme \u010ditanja\" \/>\n\t<meta name=\"twitter:data1\" content=\"3 minute\" \/>\n<script type=\"application\/ld+json\" class=\"yoast-schema-graph\">{\"@context\":\"https:\/\/schema.org\",\"@graph\":[{\"@type\":\"WebPage\",\"@id\":\"https:\/\/onlinelotto365.com\/hr\/igrajte\/igranje-subotnjeg-lota-australija-je-samo-jedna-od-opcija-za-ljubitelje-lutrije-iz-hrvatske\/\",\"url\":\"https:\/\/onlinelotto365.com\/hr\/igrajte\/igranje-subotnjeg-lota-australija-je-samo-jedna-od-opcija-za-ljubitelje-lutrije-iz-hrvatske\/\",\"name\":\"Na\u0161a usluga vam omogu\u0107uje da igrate Subotnji Loto Australija online iz Hrvatske.\",\"isPartOf\":{\"@id\":\"https:\/\/onlinelotto365.com\/hr\/#website\"},\"primaryImageOfPage\":{\"@id\":\"https:\/\/onlinelotto365.com\/hr\/igrajte\/igranje-subotnjeg-lota-australija-je-samo-jedna-od-opcija-za-ljubitelje-lutrije-iz-hrvatske\/#primaryimage\"},\"image\":{\"@id\":\"https:\/\/onlinelotto365.com\/hr\/igrajte\/igranje-subotnjeg-lota-australija-je-samo-jedna-od-opcija-za-ljubitelje-lutrije-iz-hrvatske\/#primaryimage\"},\"thumbnailUrl\":\"https:\/\/redfoxlotto.com\/image?size=8&amp;lottery=saturday-lotto-au\",\"datePublished\":\"2023-09-14T15:19:25+00:00\",\"dateModified\":\"2023-09-14T15:19:25+00:00\",\"description\":\"Na\u0161a usluga vam omogu\u0107uje da igrate Subotnji Loto Australija online iz Hrvatske.\",\"breadcrumb\":{\"@id\":\"https:\/\/onlinelotto365.com\/hr\/igrajte\/igranje-subotnjeg-lota-australija-je-samo-jedna-od-opcija-za-ljubitelje-lutrije-iz-hrvatske\/#breadcrumb\"},\"inLanguage\":\"hr\",\"potentialAction\":[{\"@type\":\"ReadAction\",\"target\":[\"https:\/\/onlinelotto365.com\/hr\/igrajte\/igranje-subotnjeg-lota-australija-je-samo-jedna-od-opcija-za-ljubitelje-lutrije-iz-hrvatske\/\"]}]},{\"@type\":\"ImageObject\",\"inLanguage\":\"hr\",\"@id\":\"https:\/\/onlinelotto365.com\/hr\/igrajte\/igranje-subotnjeg-lota-australija-je-samo-jedna-od-opcija-za-ljubitelje-lutrije-iz-hrvatske\/#primaryimage\",\"url\":\"https:\/\/redfoxlotto.com\/image?size=8&amp;lottery=saturday-lotto-au\",\"contentUrl\":\"https:\/\/redfoxlotto.com\/image?size=8&amp;lottery=saturday-lotto-au\"},{\"@type\":\"BreadcrumbList\",\"@id\":\"https:\/\/onlinelotto365.com\/hr\/igrajte\/igranje-subotnjeg-lota-australija-je-samo-jedna-od-opcija-za-ljubitelje-lutrije-iz-hrvatske\/#breadcrumb\",\"itemListElement\":[{\"@type\":\"ListItem\",\"position\":1,\"name\":\"Home\",\"item\":\"https:\/\/onlinelotto365.com\/hr\/\"},{\"@type\":\"ListItem\",\"position\":2,\"name\":\"Sve \u0161to morate znati o va\u0161im mogu\u0107nostima igranja najboljih lutrija online\",\"item\":\"https:\/\/onlinelotto365.com\/hr\/play\/\"},{\"@type\":\"ListItem\",\"position\":3,\"name\":\"Igranje Subotnjeg Lota Australija je samo jedna od opcija za ljubitelje lutrije iz Hrvatske.\"}]},{\"@type\":\"WebSite\",\"@id\":\"https:\/\/onlinelotto365.com\/hr\/#website\",\"url\":\"https:\/\/onlinelotto365.com\/hr\/\",\"name\":\"OnlineLotto365\",\"description\":\"\",\"potentialAction\":[{\"@type\":\"SearchAction\",\"target\":{\"@type\":\"EntryPoint\",\"urlTemplate\":\"https:\/\/onlinelotto365.com\/hr\/?s={search_term_string}\"},\"query-input\":{\"@type\":\"PropertyValueSpecification\",\"valueRequired\":true,\"valueName\":\"search_term_string\"}}],\"inLanguage\":\"hr\"}]}<\/script>\n<!-- \/ Yoast SEO plugin. -->","yoast_head_json":{"title":"Na\u0161a usluga vam omogu\u0107uje da igrate Subotnji Loto Australija online iz Hrvatske.","description":"Na\u0161a usluga vam omogu\u0107uje da igrate Subotnji Loto Australija online iz Hrvatske.","robots":{"index":"index","follow":"follow","max-snippet":"max-snippet:-1","max-image-preview":"max-image-preview:large","max-video-preview":"max-video-preview:-1"},"canonical":"https:\/\/onlinelotto365.com\/hr\/igrajte\/igranje-subotnjeg-lota-australija-je-samo-jedna-od-opcija-za-ljubitelje-lutrije-iz-hrvatske\/","og_locale":"hr_HR","og_type":"article","og_title":"Na\u0161a usluga vam omogu\u0107uje da igrate Subotnji Loto Australija online iz Hrvatske.","og_description":"Na\u0161a usluga vam omogu\u0107uje da igrate Subotnji Loto Australija online iz Hrvatske.","og_url":"https:\/\/onlinelotto365.com\/hr\/igrajte\/igranje-subotnjeg-lota-australija-je-samo-jedna-od-opcija-za-ljubitelje-lutrije-iz-hrvatske\/","og_site_name":"OnlineLotto365","og_image":[{"url":"https:\/\/redfoxlotto.com\/image?size=8&amp;lottery=saturday-lotto-au"}],"twitter_card":"summary_large_image","twitter_misc":{"Procijenjeno vrijeme \u010ditanja":"3 minute"},"schema":{"@context":"https:\/\/schema.org","@graph":[{"@type":"WebPage","@id":"https:\/\/onlinelotto365.com\/hr\/igrajte\/igranje-subotnjeg-lota-australija-je-samo-jedna-od-opcija-za-ljubitelje-lutrije-iz-hrvatske\/","url":"https:\/\/onlinelotto365.com\/hr\/igrajte\/igranje-subotnjeg-lota-australija-je-samo-jedna-od-opcija-za-ljubitelje-lutrije-iz-hrvatske\/","name":"Na\u0161a usluga vam omogu\u0107uje da igrate Subotnji Loto Australija online iz Hrvatske.","isPartOf":{"@id":"https:\/\/onlinelotto365.com\/hr\/#website"},"primaryImageOfPage":{"@id":"https:\/\/onlinelotto365.com\/hr\/igrajte\/igranje-subotnjeg-lota-australija-je-samo-jedna-od-opcija-za-ljubitelje-lutrije-iz-hrvatske\/#primaryimage"},"image":{"@id":"https:\/\/onlinelotto365.com\/hr\/igrajte\/igranje-subotnjeg-lota-australija-je-samo-jedna-od-opcija-za-ljubitelje-lutrije-iz-hrvatske\/#primaryimage"},"thumbnailUrl":"https:\/\/redfoxlotto.com\/image?size=8&amp;lottery=saturday-lotto-au","datePublished":"2023-09-14T15:19:25+00:00","dateModified":"2023-09-14T15:19:25+00:00","description":"Na\u0161a usluga vam omogu\u0107uje da igrate Subotnji Loto Australija online iz Hrvatske.","breadcrumb":{"@id":"https:\/\/onlinelotto365.com\/hr\/igrajte\/igranje-subotnjeg-lota-australija-je-samo-jedna-od-opcija-za-ljubitelje-lutrije-iz-hrvatske\/#breadcrumb"},"inLanguage":"hr","potentialAction":[{"@type":"ReadAction","target":["https:\/\/onlinelotto365.com\/hr\/igrajte\/igranje-subotnjeg-lota-australija-je-samo-jedna-od-opcija-za-ljubitelje-lutrije-iz-hrvatske\/"]}]},{"@type":"ImageObject","inLanguage":"hr","@id":"https:\/\/onlinelotto365.com\/hr\/igrajte\/igranje-subotnjeg-lota-australija-je-samo-jedna-od-opcija-za-ljubitelje-lutrije-iz-hrvatske\/#primaryimage","url":"https:\/\/redfoxlotto.com\/image?size=8&amp;lottery=saturday-lotto-au","contentUrl":"https:\/\/redfoxlotto.com\/image?size=8&amp;lottery=saturday-lotto-au"},{"@type":"BreadcrumbList","@id":"https:\/\/onlinelotto365.com\/hr\/igrajte\/igranje-subotnjeg-lota-australija-je-samo-jedna-od-opcija-za-ljubitelje-lutrije-iz-hrvatske\/#breadcrumb","itemListElement":[{"@type":"ListItem","position":1,"name":"Home","item":"https:\/\/onlinelotto365.com\/hr\/"},{"@type":"ListItem","position":2,"name":"Sve \u0161to morate znati o va\u0161im mogu\u0107nostima igranja najboljih lutrija online","item":"https:\/\/onlinelotto365.com\/hr\/play\/"},{"@type":"ListItem","position":3,"name":"Igranje Subotnjeg Lota Australija je samo jedna od opcija za ljubitelje lutrije iz Hrvatske."}]},{"@type":"WebSite","@id":"https:\/\/onlinelotto365.com\/hr\/#website","url":"https:\/\/onlinelotto365.com\/hr\/","name":"OnlineLotto365","description":"","potentialAction":[{"@type":"SearchAction","target":{"@type":"EntryPoint","urlTemplate":"https:\/\/onlinelotto365.com\/hr\/?s={search_term_string}"},"query-input":{"@type":"PropertyValueSpecification","valueRequired":true,"valueName":"search_term_string"}}],"inLanguage":"hr"}]}},"_links":{"self":[{"href":"https:\/\/onlinelotto365.com\/hr\/wp-json\/wp\/v2\/pages\/83772","targetHints":{"allow":["GET"]}}],"collection":[{"href":"https:\/\/onlinelotto365.com\/hr\/wp-json\/wp\/v2\/pages"}],"about":[{"href":"https:\/\/onlinelotto365.com\/hr\/wp-json\/wp\/v2\/types\/page"}],"author":[{"embeddable":true,"href":"https:\/\/onlinelotto365.com\/hr\/wp-json\/wp\/v2\/users\/1"}],"replies":[{"embeddable":true,"href":"https:\/\/onlinelotto365.com\/hr\/wp-json\/wp\/v2\/comments?post=83772"}],"version-history":[{"count":0,"href":"https:\/\/onlinelotto365.com\/hr\/wp-json\/wp\/v2\/pages\/83772\/revisions"}],"up":[{"embeddable":true,"href":"https:\/\/onlinelotto365.com\/hr\/wp-json\/wp\/v2\/pages\/5011"}],"wp:attachment":[{"href":"https:\/\/onlinelotto365.com\/hr\/wp-json\/wp\/v2\/media?parent=83772"}],"curies":[{"name":"wp","href":"https:\/\/api.w.org\/{rel}","templated":true}]}}