{"id":83781,"date":"2023-09-14T17:21:52","date_gmt":"2023-09-14T16:21:52","guid":{"rendered":"https:\/\/onlinelotto365.com\/igrajte\/igranje-mon-wed-lotta-australija-samo-je-jedna-od-opcija-za-ljubitelje-lutrije-iz-hrvatske"},"modified":"2023-09-14T17:21:52","modified_gmt":"2023-09-14T16:21:52","slug":"igranje-mon-wed-lotta-australija-samo-je-jedna-od-opcija-za-ljubitelje-lutrije-iz-hrvatske","status":"publish","type":"page","link":"https:\/\/onlinelotto365.com\/hr\/igrajte\/igranje-mon-wed-lotta-australija-samo-je-jedna-od-opcija-za-ljubitelje-lutrije-iz-hrvatske\/","title":{"rendered":"Igranje Mon &#038; Wed Lotta Australija samo je jedna od opcija za ljubitelje lutrije iz Hrvatske."},"content":{"rendered":"<h2>Kako igrati Mon &amp; Wed Lotto Australija putem interneta<\/h2>\n<p>Ako se nalazite u Hrvatskoj, igranje Mon &amp; Wed Lotta Australija putem interneta ne mora biti te\u0161ko. Sve \u0161to trebate u\u010diniti je razmisliti kako \u0107ete to u\u010diniti i kako \u0107ete do\u0107i do karata koje \u017eelite za sljede\u0107e izvla\u010denje. Mi vam mo\u017eemo pomo\u0107i u tome.<\/p>\n<p>Na\u0161 sustav osigurava da ste cijelim putem na pravom tragu. Sve \u0161to trebate u\u010diniti je stvoriti svoj ra\u010dun, odabrati karte i brojeve koje \u017eelite te ih platiti svojom preferiranom metodom pla\u0107anja. Samo tako, bit \u0107ete spremni i \u010dekati sljede\u0107e izvla\u010denje kako biste provjerili svoje karte.<\/p>\n<p>Ako ste spremni odabrati prve karte, samo trebate odabrati pravu igru. U ovom slu\u010daju, govorimo o Mon &amp; Wed Lottu Australija. Dakle, odaberite pravu igru i po\u010dnite birati svoje brojeve.<\/p>\n<p>Ili odaberite brzi odabir gdje \u0107e ra\u010dunalo odabrati nasumi\u010dne brojeve za vas. \u010cak ih mo\u017eete jo\u0161 uvijek prilagoditi ako promijenite mi\u0161ljenje kako biste dobili brojeve koje \u017eelite za svako izvla\u010denje.<\/p>\n<p>Nakon \u0161to odaberete svoje brojeve Mon &amp; Wed Lotto Australija, mo\u017eete odabrati neke karte za bilo koje druge igre koje \u017eelite igrati i dovr\u0161iti kupnju. Postupak naplate je siguran i za\u0161ti\u0107en te tako\u0111er osigurava da ste vi osoba koja kupuje karte. Morat \u0107ete potvrditi svoj ra\u010dun (i stvoriti ga) i tada mo\u017eete po\u010deti kupovati sve karte koje \u017eelite.<\/p>\n<p>Jednostavno stvorite ra\u010dun s osobnim podacima i kliknite na poveznicu u e-poruci za verifikaciju koju vam \u0161aljemo. Mo\u017ee zavr\u0161iti u va\u0161em spamu ako nas jo\u0161 niste dodali u svoj adresar, pa budite sigurni da pazite na nju. Nakon toga, va\u0161 ra\u010dun \u0107e biti spreman i mo\u017eete po\u010deti kupovati sve karte koje \u017eelite.<\/p>\n<h2>O Mon &amp; Wed Lotto Australija<\/h2>\n<ul><img decoding=\"async\" class=\"aligncenter\" src=\"https:\/\/redfoxlotto.com\/image?size=8&amp;lottery=monday-wednesday-lotto-au\" alt=\"Mon &amp; Wed Lotto Australia\" \/><\/p>\n<li>Dr\u017eava: Australija<\/li>\n<li>Glavni raspon brojeva: 45<\/li>\n<li>Morate odabrati: 6<\/li>\n<li>Dani, sati izvla\u010denja: ponedjeljak, srijeda, 21:30 GMT+11 &#8211; 10:30 CET<\/li>\n<li>Jackpot po\u010dinje s: AU$ 2,5 milijuna<\/li>\n<li>Jackpot je ograni\u010den na: fiksni jackpot<\/li>\n<li>\u0160ansa za osvajanje glavnog dobitka: 1 prema 8145060<\/li>\n<li>\u0160ansa za osvajanje drugog dobitka: 1 prema 678755<\/li>\n<li>\u0160ansa za osvajanje bilo kojeg dobitka: 1 prema 85,44<\/li>\n<li>Broj kategorija dobitaka: 6<\/li>\n<\/ul>\n<h2>Najbolje zna\u010dajke Mon &amp; Wed Lotto Australija<\/h2>\n<p>Izvla\u010di se dva puta tjedno, a Mon &amp; Wed Lotto Australija pru\u017ea vam priliku za udio u milijunima nagrada. I sve \u0161to morate u\u010diniti je dati mu priliku i pridru\u017eiti se bazenu za prvu nagradu. Nikada ne znate \u0161to biste mogli osvojiti.<\/p>\n<h2>Kako provjeriti rezultate Mon &amp; Wed Lotto Australija<\/h2>\n<p>\u0160to se ti\u010de provjere rezultata, mo\u017eda \u0107ete biti iznena\u0111eni svim mjestima na kojima to mo\u017eete u\u010diniti. Mo\u017eete provjeriti web stranicu lutrije kako biste prona\u0161li brojeve odmah nakon izvla\u010denja. Tako\u0111er mo\u017eete provjeriti lokalne novine i televizijske postaje nakon izvla\u010denja.<\/p>\n<p>Ali ako \u017eelite brze i jednostavne rezultate, trebali biste provjeriti na\u0161u web stranicu, gdje ste kupili svoje karte. Tamo \u0107ete prona\u0107i ne samo dobitne brojeve, ve\u0107 i usporedbu s va\u0161im brojevima.<\/p>\n<h2>Igrali ste Mon &amp; Wed Lotto Australija putem interneta i osvojili &#8211; \u0161to se doga\u0111a sljede\u0107e?<\/h2>\n<p>Pogledajte dobitne brojeve, svoje brojeve i koliko ste osvojili na igri. Ako ste osvojili manje od \u20ac2500, ne\u0107ete morati ni\u0161ta raditi. Novac \u0107e ve\u0107 biti na va\u0161em ra\u010dunu.<\/p>\n<p>A kada je novac na va\u0161em ra\u010dunu, sve \u0161to morate u\u010diniti je povu\u0107i ga (ako prema\u0161uje \u20ac10) ili ga potro\u0161iti na jo\u0161 nekoliko karata za lutriju. Mo\u017eete ga ostaviti na svom ra\u010dunu koliko god \u017eelite tako da vam uvijek bude dostupan.<\/p>\n<p>Ako imate sre\u0107e i osvojite vi\u0161e od \u20ac2500, dobit \u0107ete poruku od na\u0161eg tima za podr\u0161ku. Pomo\u0107i \u0107e vam da shvatite sljede\u0107e korake, uklju\u010duju\u0107i ispunjavanje obrasca za zahtjev za dobivanje dobitaka. A zatim \u0107e va\u0161 novac biti deponiran izravno na va\u0161 bankovni ra\u010dun ili \u0107e vam biti poslan \u010dekom.<\/p>\n","protected":false},"excerpt":{"rendered":"<p>Kako igrati Mon &amp; Wed Lotto Australija putem interneta Ako se nalazite u Hrvatskoj, igranje Mon &amp; Wed Lotta Australija putem interneta ne mora biti te\u0161ko. Sve \u0161to trebate u\u010diniti je razmisliti kako \u0107ete to u\u010diniti i kako \u0107ete do\u0107i do karata koje \u017eelite za sljede\u0107e izvla\u010denje. Mi vam mo\u017eemo pomo\u0107i u tome. Na\u0161 sustav [&hellip;]<\/p>\n","protected":false},"author":1,"featured_media":0,"parent":5011,"menu_order":16,"comment_status":"closed","ping_status":"closed","template":"template-rightsidebar.php","meta":{"_et_pb_use_builder":"","_et_pb_old_content":"","_et_gb_content_width":"","exclude_from_search":false,"footnotes":""},"class_list":["post-83781","page","type-page","status-publish","hentry"],"yoast_head":"<!-- This site is optimized with the Yoast SEO plugin v23.4 - https:\/\/yoast.com\/wordpress\/plugins\/seo\/ -->\n<title>Sudjelujte u Mon &amp; Wed Lotto Australiji.<\/title>\n<meta name=\"description\" content=\"\u017delite igrati australski Lotto srijedom i srijedom? Kupite ulaznice ovdje!\" \/>\n<meta name=\"robots\" content=\"index, follow, max-snippet:-1, max-image-preview:large, max-video-preview:-1\" \/>\n<link rel=\"canonical\" href=\"https:\/\/onlinelotto365.com\/hr\/igrajte\/igranje-mon-wed-lotta-australija-samo-je-jedna-od-opcija-za-ljubitelje-lutrije-iz-hrvatske\/\" \/>\n<meta property=\"og:locale\" content=\"hr_HR\" \/>\n<meta property=\"og:type\" content=\"article\" \/>\n<meta property=\"og:title\" content=\"Sudjelujte u Mon &amp; Wed Lotto Australiji.\" \/>\n<meta property=\"og:description\" content=\"\u017delite igrati australski Lotto srijedom i srijedom? Kupite ulaznice ovdje!\" \/>\n<meta property=\"og:url\" content=\"https:\/\/onlinelotto365.com\/hr\/igrajte\/igranje-mon-wed-lotta-australija-samo-je-jedna-od-opcija-za-ljubitelje-lutrije-iz-hrvatske\/\" \/>\n<meta property=\"og:site_name\" content=\"OnlineLotto365\" \/>\n<meta property=\"og:image\" content=\"https:\/\/redfoxlotto.com\/image?size=8&amp;lottery=monday-wednesday-lotto-au\" \/>\n<meta name=\"twitter:card\" content=\"summary_large_image\" \/>\n<meta name=\"twitter:label1\" content=\"Procijenjeno vrijeme \u010ditanja\" \/>\n\t<meta name=\"twitter:data1\" content=\"3 minute\" \/>\n<script type=\"application\/ld+json\" class=\"yoast-schema-graph\">{\"@context\":\"https:\/\/schema.org\",\"@graph\":[{\"@type\":\"WebPage\",\"@id\":\"https:\/\/onlinelotto365.com\/hr\/igrajte\/igranje-mon-wed-lotta-australija-samo-je-jedna-od-opcija-za-ljubitelje-lutrije-iz-hrvatske\/\",\"url\":\"https:\/\/onlinelotto365.com\/hr\/igrajte\/igranje-mon-wed-lotta-australija-samo-je-jedna-od-opcija-za-ljubitelje-lutrije-iz-hrvatske\/\",\"name\":\"Sudjelujte u Mon & Wed Lotto Australiji.\",\"isPartOf\":{\"@id\":\"https:\/\/onlinelotto365.com\/hr\/#website\"},\"primaryImageOfPage\":{\"@id\":\"https:\/\/onlinelotto365.com\/hr\/igrajte\/igranje-mon-wed-lotta-australija-samo-je-jedna-od-opcija-za-ljubitelje-lutrije-iz-hrvatske\/#primaryimage\"},\"image\":{\"@id\":\"https:\/\/onlinelotto365.com\/hr\/igrajte\/igranje-mon-wed-lotta-australija-samo-je-jedna-od-opcija-za-ljubitelje-lutrije-iz-hrvatske\/#primaryimage\"},\"thumbnailUrl\":\"https:\/\/redfoxlotto.com\/image?size=8&amp;lottery=monday-wednesday-lotto-au\",\"datePublished\":\"2023-09-14T16:21:52+00:00\",\"dateModified\":\"2023-09-14T16:21:52+00:00\",\"description\":\"\u017delite igrati australski Lotto srijedom i srijedom? Kupite ulaznice ovdje!\",\"breadcrumb\":{\"@id\":\"https:\/\/onlinelotto365.com\/hr\/igrajte\/igranje-mon-wed-lotta-australija-samo-je-jedna-od-opcija-za-ljubitelje-lutrije-iz-hrvatske\/#breadcrumb\"},\"inLanguage\":\"hr\",\"potentialAction\":[{\"@type\":\"ReadAction\",\"target\":[\"https:\/\/onlinelotto365.com\/hr\/igrajte\/igranje-mon-wed-lotta-australija-samo-je-jedna-od-opcija-za-ljubitelje-lutrije-iz-hrvatske\/\"]}]},{\"@type\":\"ImageObject\",\"inLanguage\":\"hr\",\"@id\":\"https:\/\/onlinelotto365.com\/hr\/igrajte\/igranje-mon-wed-lotta-australija-samo-je-jedna-od-opcija-za-ljubitelje-lutrije-iz-hrvatske\/#primaryimage\",\"url\":\"https:\/\/redfoxlotto.com\/image?size=8&amp;lottery=monday-wednesday-lotto-au\",\"contentUrl\":\"https:\/\/redfoxlotto.com\/image?size=8&amp;lottery=monday-wednesday-lotto-au\"},{\"@type\":\"BreadcrumbList\",\"@id\":\"https:\/\/onlinelotto365.com\/hr\/igrajte\/igranje-mon-wed-lotta-australija-samo-je-jedna-od-opcija-za-ljubitelje-lutrije-iz-hrvatske\/#breadcrumb\",\"itemListElement\":[{\"@type\":\"ListItem\",\"position\":1,\"name\":\"Home\",\"item\":\"https:\/\/onlinelotto365.com\/hr\/\"},{\"@type\":\"ListItem\",\"position\":2,\"name\":\"Sve \u0161to morate znati o va\u0161im mogu\u0107nostima igranja najboljih lutrija online\",\"item\":\"https:\/\/onlinelotto365.com\/hr\/play\/\"},{\"@type\":\"ListItem\",\"position\":3,\"name\":\"Igranje Mon &#038; Wed Lotta Australija samo je jedna od opcija za ljubitelje lutrije iz Hrvatske.\"}]},{\"@type\":\"WebSite\",\"@id\":\"https:\/\/onlinelotto365.com\/hr\/#website\",\"url\":\"https:\/\/onlinelotto365.com\/hr\/\",\"name\":\"OnlineLotto365\",\"description\":\"\",\"potentialAction\":[{\"@type\":\"SearchAction\",\"target\":{\"@type\":\"EntryPoint\",\"urlTemplate\":\"https:\/\/onlinelotto365.com\/hr\/?s={search_term_string}\"},\"query-input\":{\"@type\":\"PropertyValueSpecification\",\"valueRequired\":true,\"valueName\":\"search_term_string\"}}],\"inLanguage\":\"hr\"}]}<\/script>\n<!-- \/ Yoast SEO plugin. -->","yoast_head_json":{"title":"Sudjelujte u Mon & Wed Lotto Australiji.","description":"\u017delite igrati australski Lotto srijedom i srijedom? Kupite ulaznice ovdje!","robots":{"index":"index","follow":"follow","max-snippet":"max-snippet:-1","max-image-preview":"max-image-preview:large","max-video-preview":"max-video-preview:-1"},"canonical":"https:\/\/onlinelotto365.com\/hr\/igrajte\/igranje-mon-wed-lotta-australija-samo-je-jedna-od-opcija-za-ljubitelje-lutrije-iz-hrvatske\/","og_locale":"hr_HR","og_type":"article","og_title":"Sudjelujte u Mon & Wed Lotto Australiji.","og_description":"\u017delite igrati australski Lotto srijedom i srijedom? Kupite ulaznice ovdje!","og_url":"https:\/\/onlinelotto365.com\/hr\/igrajte\/igranje-mon-wed-lotta-australija-samo-je-jedna-od-opcija-za-ljubitelje-lutrije-iz-hrvatske\/","og_site_name":"OnlineLotto365","og_image":[{"url":"https:\/\/redfoxlotto.com\/image?size=8&amp;lottery=monday-wednesday-lotto-au"}],"twitter_card":"summary_large_image","twitter_misc":{"Procijenjeno vrijeme \u010ditanja":"3 minute"},"schema":{"@context":"https:\/\/schema.org","@graph":[{"@type":"WebPage","@id":"https:\/\/onlinelotto365.com\/hr\/igrajte\/igranje-mon-wed-lotta-australija-samo-je-jedna-od-opcija-za-ljubitelje-lutrije-iz-hrvatske\/","url":"https:\/\/onlinelotto365.com\/hr\/igrajte\/igranje-mon-wed-lotta-australija-samo-je-jedna-od-opcija-za-ljubitelje-lutrije-iz-hrvatske\/","name":"Sudjelujte u Mon & Wed Lotto Australiji.","isPartOf":{"@id":"https:\/\/onlinelotto365.com\/hr\/#website"},"primaryImageOfPage":{"@id":"https:\/\/onlinelotto365.com\/hr\/igrajte\/igranje-mon-wed-lotta-australija-samo-je-jedna-od-opcija-za-ljubitelje-lutrije-iz-hrvatske\/#primaryimage"},"image":{"@id":"https:\/\/onlinelotto365.com\/hr\/igrajte\/igranje-mon-wed-lotta-australija-samo-je-jedna-od-opcija-za-ljubitelje-lutrije-iz-hrvatske\/#primaryimage"},"thumbnailUrl":"https:\/\/redfoxlotto.com\/image?size=8&amp;lottery=monday-wednesday-lotto-au","datePublished":"2023-09-14T16:21:52+00:00","dateModified":"2023-09-14T16:21:52+00:00","description":"\u017delite igrati australski Lotto srijedom i srijedom? Kupite ulaznice ovdje!","breadcrumb":{"@id":"https:\/\/onlinelotto365.com\/hr\/igrajte\/igranje-mon-wed-lotta-australija-samo-je-jedna-od-opcija-za-ljubitelje-lutrije-iz-hrvatske\/#breadcrumb"},"inLanguage":"hr","potentialAction":[{"@type":"ReadAction","target":["https:\/\/onlinelotto365.com\/hr\/igrajte\/igranje-mon-wed-lotta-australija-samo-je-jedna-od-opcija-za-ljubitelje-lutrije-iz-hrvatske\/"]}]},{"@type":"ImageObject","inLanguage":"hr","@id":"https:\/\/onlinelotto365.com\/hr\/igrajte\/igranje-mon-wed-lotta-australija-samo-je-jedna-od-opcija-za-ljubitelje-lutrije-iz-hrvatske\/#primaryimage","url":"https:\/\/redfoxlotto.com\/image?size=8&amp;lottery=monday-wednesday-lotto-au","contentUrl":"https:\/\/redfoxlotto.com\/image?size=8&amp;lottery=monday-wednesday-lotto-au"},{"@type":"BreadcrumbList","@id":"https:\/\/onlinelotto365.com\/hr\/igrajte\/igranje-mon-wed-lotta-australija-samo-je-jedna-od-opcija-za-ljubitelje-lutrije-iz-hrvatske\/#breadcrumb","itemListElement":[{"@type":"ListItem","position":1,"name":"Home","item":"https:\/\/onlinelotto365.com\/hr\/"},{"@type":"ListItem","position":2,"name":"Sve \u0161to morate znati o va\u0161im mogu\u0107nostima igranja najboljih lutrija online","item":"https:\/\/onlinelotto365.com\/hr\/play\/"},{"@type":"ListItem","position":3,"name":"Igranje Mon &#038; Wed Lotta Australija samo je jedna od opcija za ljubitelje lutrije iz Hrvatske."}]},{"@type":"WebSite","@id":"https:\/\/onlinelotto365.com\/hr\/#website","url":"https:\/\/onlinelotto365.com\/hr\/","name":"OnlineLotto365","description":"","potentialAction":[{"@type":"SearchAction","target":{"@type":"EntryPoint","urlTemplate":"https:\/\/onlinelotto365.com\/hr\/?s={search_term_string}"},"query-input":{"@type":"PropertyValueSpecification","valueRequired":true,"valueName":"search_term_string"}}],"inLanguage":"hr"}]}},"_links":{"self":[{"href":"https:\/\/onlinelotto365.com\/hr\/wp-json\/wp\/v2\/pages\/83781","targetHints":{"allow":["GET"]}}],"collection":[{"href":"https:\/\/onlinelotto365.com\/hr\/wp-json\/wp\/v2\/pages"}],"about":[{"href":"https:\/\/onlinelotto365.com\/hr\/wp-json\/wp\/v2\/types\/page"}],"author":[{"embeddable":true,"href":"https:\/\/onlinelotto365.com\/hr\/wp-json\/wp\/v2\/users\/1"}],"replies":[{"embeddable":true,"href":"https:\/\/onlinelotto365.com\/hr\/wp-json\/wp\/v2\/comments?post=83781"}],"version-history":[{"count":0,"href":"https:\/\/onlinelotto365.com\/hr\/wp-json\/wp\/v2\/pages\/83781\/revisions"}],"up":[{"embeddable":true,"href":"https:\/\/onlinelotto365.com\/hr\/wp-json\/wp\/v2\/pages\/5011"}],"wp:attachment":[{"href":"https:\/\/onlinelotto365.com\/hr\/wp-json\/wp\/v2\/media?parent=83781"}],"curies":[{"name":"wp","href":"https:\/\/api.w.org\/{rel}","templated":true}]}}