{"id":84025,"date":"2023-09-24T09:00:22","date_gmt":"2023-09-24T08:00:22","guid":{"rendered":"https:\/\/onlinelotto365.com\/kupiti-karte\/kako-kupiti-superenalotto-ulaznice-online"},"modified":"2023-09-24T09:00:22","modified_gmt":"2023-09-24T08:00:22","slug":"kako-kupiti-superenalotto-ulaznice-online","status":"publish","type":"page","link":"https:\/\/onlinelotto365.com\/hr\/kupiti-karte\/kako-kupiti-superenalotto-ulaznice-online\/","title":{"rendered":"Kako kupiti Superenalotto ulaznice online?"},"content":{"rendered":"<p>Jeste li zainteresirani za kupnju Superenalotto ulaznica online iz Hrvatske, ali niste sigurni kako to u\u010diniti? Pa, onda ste na pravom mjestu jer \u0107emo se brinuti o tome za vas. Sve \u0161to trebate u\u010diniti je pratiti jednostavne korake koje \u0107emo raspraviti u nastavku, i brzo \u0107ete imati svoje ulaznice.<\/p>\n<ol>\n<li style=\"list-style-type: none;\">\n<ol>\n<li>Odaberite lutrijsku igru za koju \u017eelite kupiti ulaznice i odaberite brojeve koje \u017eelite igrati ili odaberite opciju brzog odabira kako bi ra\u010dunalo odabralo brojeve za vas.<\/li>\n<li>Dodajte dodatne ulaznice ili dodatne lutrije kako biste napravili svoju narud\u017ebu.<\/li>\n<\/ol>\n<\/li>\n<\/ol>\n<p><img decoding=\"async\" class=\"aligncenter\" src=\"https:\/\/redfoxlotto.com\/image?size=8&amp;lottery=superenalotto\" alt=\"superenalotto\" \/><\/p>\n<ol>\n<li style=\"list-style-type: none;\">\n<ol>\n<li>Odaberite opciju za pla\u0107anje sada.<\/li>\n<li>Napravite ra\u010dun kod nas ili se prijavite na svoj ra\u010dun kako biste kupili ulaznice.<\/li>\n<li>Oni koji trebaju registrirati ra\u010dun trebat \u0107e potra\u017eiti verifikacijsku vezu u svojoj e-po\u0161ti kako bi se uvjerili da je njihov ra\u010dun potpuno postavljen.<\/li>\n<li>Zapamtite da veza mo\u017ee zavr\u0161iti u va\u0161em spam folderu ako na\u0161a e-mail adresa nije dodana u va\u0161 adresar, stoga provjerite dvaput.<\/li>\n<li>Odaberite ikonu za pla\u0107anje na vrhu ekrana.<\/li>\n<li>Odaberite svoj na\u010din pla\u0107anja i slijedite upute za dovr\u0161etak procesa pla\u0107anja.<\/li>\n<\/ol>\n<\/li>\n<\/ol>\n<p><img loading=\"lazy\" decoding=\"async\" class=\"alignright size-medium wp-image-3615\" src=\"https:\/\/onlinelotto365.com\/wp-content\/uploads\/2020\/11\/online_lottery-52-300x169.jpg\" alt=\"Igrajte Superenalotto online u Velikoj Britaniji.\" width=\"300\" height=\"169\" srcset=\"https:\/\/onlinelotto365.com\/wp-content\/uploads\/2020\/11\/online_lottery-52-300x169.jpg 300w, https:\/\/onlinelotto365.com\/wp-content\/uploads\/2020\/11\/online_lottery-52.jpg 462w\" sizes=\"auto, (max-width: 300px) 100vw, 300px\" \/><\/p>\n<h2>Kako platiti svoju Superenalotto ulaznicu online<\/h2>\n<p>Olak\u0161avamo pla\u0107anje svoje Superenalotto ulaznice iz Hrvatske nude\u0107i razli\u010dite na\u010dine pla\u0107anja. Samo odaberite onaj koji vam odgovara i brzo \u0107ete biti na putu prema svojoj sre\u0107i.<\/p>\n<h5>Kada budete spremni kupiti svoje ulaznice online, samo trebate izabrati izme\u0111u:<\/h5>\n<ul>\n<li>Kori\u0161tenje preferiranog na\u010dina pla\u0107anja za pla\u0107anje ulaznica izravno.<\/li>\n<li>Polo\u017eite novac na svoj ra\u010dun i koristite taj novac za kupnju ulaznica.<\/li>\n<\/ul>\n<p>Samo se pobrinite da polo\u017eite vi\u0161e novca na svoj ra\u010dun nego \u0161to vam je potrebno za ulaznice ako odaberete pla\u0107anje na ovaj na\u010din.<\/p>\n<h2>Vi\u0161e informacija o Superenalotto<\/h2>\n<p>Zemlja: Italija Raspon glavnih brojeva: 90 Odaberite: 6 Dani i sati izvla\u010denja: utorak, \u010detvrtak, subota, 19:00 GMT, 21:00 CET Minimalni jackpot: 2 milijuna \u20ac Maksimalni jackpot: nema Vjerojatnost osvajanja jackpota: 1 prema 622.614.630 Vjerojatnost osvajanja nagrade 2. razine: 1 prema 103.769.105 Vjerojatnost osvajanja bilo koje nagrade: 1 prema 20,58 Broj razina nagrada: 6<\/p>\n<h2>Prednosti kupnje Superenalotto ulaznica online<\/h2>\n<ul>\n<li>Kupnja ulaznica mogu\u0107a je s bilo kojeg mjesta, uklju\u010duju\u0107i Koreju.<\/li>\n<li>Mo\u017eete birati izme\u0111u razli\u010ditih lutrija.<\/li>\n<li>Imate najbolje \u0161anse za osvajanje lutrija s najve\u0107im jackpotima.<\/li>\n<li>Mo\u017eete uplatiti novac na svoj ra\u010dun kako biste izravno pla\u0107ali ulaznice.<\/li>\n<li>Ne morate brinuti o gubitku ulaznice.<\/li>\n<li>Dobivate trenutne obavijesti kada osvojite.<\/li>\n<li>Generiranje slu\u010dajnih brojeva za brzi odabir ulaznica.<\/li>\n<\/ul>\n<h2>Je li legalno kupiti Superenalotto ulaznice online?<\/h2>\n<p>\u0160to ako se brinete o zakonitosti kupnje svojih lutrijskih ulaznica online? Ili \u010dak na tradicionalan na\u010din? Ako va\u0161a zemlja prebivali\u0161ta ima stroge zakone, mo\u017eda \u0107ete biti zabrinuti, ali ne morate biti. Na\u0161a usluga prati regulacije i osigurava da \u0107ete dobiti svoje dobitke, bez obzira koliko osvojili ili gdje \u017eivjeli. Samo morate imati 18 godina da biste koristili uslugu.<\/p>\n<h2>Kako \u0107u biti ispla\u0107en ako osvojim Superenalotto online?<\/h2>\n<p>Ako osvojite, postupak isplate je jednostavan jer trebate u\u010diniti vrlo malo. I ne morate brinuti o gubitku svojih dobitaka. Ne uzimamo proviziju kada osvojite, i ne napla\u0107ujemo vam nikakve naknade osim ako ne odlu\u010dite izvr\u0161iti bankovni transfer. U tom slu\u010daju, ako banka naplati naknadu za transfer, mi te naknade prenosimo na vas, i mo\u017eda \u0107ete vidjeti manji iznos umanjen od va\u0161ih dobitaka.<\/p>\n<h2>Ina\u010de, postoje dvije stvari koje trebate znati:<\/h2>\n<ul>\n<li>Iznosi koji su osvojeni, a koji su manji od 2500 \u20ac, odmah se pola\u017eu izravno na va\u0161 igra\u010dki ra\u010dun kako biste ih mogli koristiti kako god \u017eelite.<\/li>\n<li>Iznosi koji prelaze 2500 \u20ac zahtijevat \u0107e dodatan korak. Kontaktirat \u0107e vas na\u0161a podr\u0161ka s obrascem koji trebate ispuniti za komisiju za lutriju. Obrazac \u0107e detaljno opisivati kako \u017eelite da se va\u0161a isplata izvr\u0161i, i mo\u0107i \u0107ete dobiti bankovni transfer ili \u010dek za iznos koji ste osvojili.<\/li>\n<\/ul>\n","protected":false},"excerpt":{"rendered":"<p>Jeste li zainteresirani za kupnju Superenalotto ulaznica online iz Hrvatske, ali niste sigurni kako to u\u010diniti? Pa, onda ste na pravom mjestu jer \u0107emo se brinuti o tome za vas. Sve \u0161to trebate u\u010diniti je pratiti jednostavne korake koje \u0107emo raspraviti u nastavku, i brzo \u0107ete imati svoje ulaznice. Odaberite lutrijsku igru za koju \u017eelite [&hellip;]<\/p>\n","protected":false},"author":1,"featured_media":0,"parent":5552,"menu_order":5,"comment_status":"closed","ping_status":"closed","template":"superenalotto-info.php","meta":{"_et_pb_use_builder":"","_et_pb_old_content":"","_et_gb_content_width":"","exclude_from_search":false,"footnotes":""},"class_list":["post-84025","page","type-page","status-publish","hentry"],"yoast_head":"<!-- This site is optimized with the Yoast SEO plugin v23.4 - https:\/\/yoast.com\/wordpress\/plugins\/seo\/ -->\n<title>O kupnji ulaznica za Superenalotto online iz Hrvatske.<\/title>\n<meta name=\"description\" content=\"Saznajte kako kupiti Superenalotto ulaznice iz bilo kojeg mjesta, uklju\u010duju\u0107i Hrvatsku.\" \/>\n<meta name=\"robots\" content=\"index, follow, max-snippet:-1, max-image-preview:large, max-video-preview:-1\" \/>\n<link rel=\"canonical\" href=\"https:\/\/onlinelotto365.com\/hr\/kupiti-karte\/kako-kupiti-superenalotto-ulaznice-online\/\" \/>\n<meta property=\"og:locale\" content=\"hr_HR\" \/>\n<meta property=\"og:type\" content=\"article\" \/>\n<meta property=\"og:title\" content=\"O kupnji ulaznica za Superenalotto online iz Hrvatske.\" \/>\n<meta property=\"og:description\" content=\"Saznajte kako kupiti Superenalotto ulaznice iz bilo kojeg mjesta, uklju\u010duju\u0107i Hrvatsku.\" \/>\n<meta property=\"og:url\" content=\"https:\/\/onlinelotto365.com\/hr\/kupiti-karte\/kako-kupiti-superenalotto-ulaznice-online\/\" \/>\n<meta property=\"og:site_name\" content=\"OnlineLotto365\" \/>\n<meta property=\"og:image\" content=\"https:\/\/redfoxlotto.com\/image?size=8&amp;lottery=superenalotto\" \/>\n<meta name=\"twitter:card\" content=\"summary_large_image\" \/>\n<meta name=\"twitter:label1\" content=\"Procijenjeno vrijeme \u010ditanja\" \/>\n\t<meta name=\"twitter:data1\" content=\"3 minute\" \/>\n<script type=\"application\/ld+json\" class=\"yoast-schema-graph\">{\"@context\":\"https:\/\/schema.org\",\"@graph\":[{\"@type\":\"WebPage\",\"@id\":\"https:\/\/onlinelotto365.com\/hr\/kupiti-karte\/kako-kupiti-superenalotto-ulaznice-online\/\",\"url\":\"https:\/\/onlinelotto365.com\/hr\/kupiti-karte\/kako-kupiti-superenalotto-ulaznice-online\/\",\"name\":\"O kupnji ulaznica za Superenalotto online iz Hrvatske.\",\"isPartOf\":{\"@id\":\"https:\/\/onlinelotto365.com\/hr\/#website\"},\"primaryImageOfPage\":{\"@id\":\"https:\/\/onlinelotto365.com\/hr\/kupiti-karte\/kako-kupiti-superenalotto-ulaznice-online\/#primaryimage\"},\"image\":{\"@id\":\"https:\/\/onlinelotto365.com\/hr\/kupiti-karte\/kako-kupiti-superenalotto-ulaznice-online\/#primaryimage\"},\"thumbnailUrl\":\"https:\/\/redfoxlotto.com\/image?size=8&amp;lottery=superenalotto\",\"datePublished\":\"2023-09-24T08:00:22+00:00\",\"dateModified\":\"2023-09-24T08:00:22+00:00\",\"description\":\"Saznajte kako kupiti Superenalotto ulaznice iz bilo kojeg mjesta, uklju\u010duju\u0107i Hrvatsku.\",\"breadcrumb\":{\"@id\":\"https:\/\/onlinelotto365.com\/hr\/kupiti-karte\/kako-kupiti-superenalotto-ulaznice-online\/#breadcrumb\"},\"inLanguage\":\"hr\",\"potentialAction\":[{\"@type\":\"ReadAction\",\"target\":[\"https:\/\/onlinelotto365.com\/hr\/kupiti-karte\/kako-kupiti-superenalotto-ulaznice-online\/\"]}]},{\"@type\":\"ImageObject\",\"inLanguage\":\"hr\",\"@id\":\"https:\/\/onlinelotto365.com\/hr\/kupiti-karte\/kako-kupiti-superenalotto-ulaznice-online\/#primaryimage\",\"url\":\"https:\/\/redfoxlotto.com\/image?size=8&amp;lottery=superenalotto\",\"contentUrl\":\"https:\/\/redfoxlotto.com\/image?size=8&amp;lottery=superenalotto\"},{\"@type\":\"BreadcrumbList\",\"@id\":\"https:\/\/onlinelotto365.com\/hr\/kupiti-karte\/kako-kupiti-superenalotto-ulaznice-online\/#breadcrumb\",\"itemListElement\":[{\"@type\":\"ListItem\",\"position\":1,\"name\":\"Home\",\"item\":\"https:\/\/onlinelotto365.com\/hr\/\"},{\"@type\":\"ListItem\",\"position\":2,\"name\":\"Online usluga za kupnju listi\u0107a me\u0111unarodnih loto doga\u0111aja\",\"item\":\"https:\/\/onlinelotto365.com\/hr\/buy-tickets\/\"},{\"@type\":\"ListItem\",\"position\":3,\"name\":\"Kako kupiti Superenalotto ulaznice online?\"}]},{\"@type\":\"WebSite\",\"@id\":\"https:\/\/onlinelotto365.com\/hr\/#website\",\"url\":\"https:\/\/onlinelotto365.com\/hr\/\",\"name\":\"OnlineLotto365\",\"description\":\"\",\"potentialAction\":[{\"@type\":\"SearchAction\",\"target\":{\"@type\":\"EntryPoint\",\"urlTemplate\":\"https:\/\/onlinelotto365.com\/hr\/?s={search_term_string}\"},\"query-input\":{\"@type\":\"PropertyValueSpecification\",\"valueRequired\":true,\"valueName\":\"search_term_string\"}}],\"inLanguage\":\"hr\"}]}<\/script>\n<!-- \/ Yoast SEO plugin. -->","yoast_head_json":{"title":"O kupnji ulaznica za Superenalotto online iz Hrvatske.","description":"Saznajte kako kupiti Superenalotto ulaznice iz bilo kojeg mjesta, uklju\u010duju\u0107i Hrvatsku.","robots":{"index":"index","follow":"follow","max-snippet":"max-snippet:-1","max-image-preview":"max-image-preview:large","max-video-preview":"max-video-preview:-1"},"canonical":"https:\/\/onlinelotto365.com\/hr\/kupiti-karte\/kako-kupiti-superenalotto-ulaznice-online\/","og_locale":"hr_HR","og_type":"article","og_title":"O kupnji ulaznica za Superenalotto online iz Hrvatske.","og_description":"Saznajte kako kupiti Superenalotto ulaznice iz bilo kojeg mjesta, uklju\u010duju\u0107i Hrvatsku.","og_url":"https:\/\/onlinelotto365.com\/hr\/kupiti-karte\/kako-kupiti-superenalotto-ulaznice-online\/","og_site_name":"OnlineLotto365","og_image":[{"url":"https:\/\/redfoxlotto.com\/image?size=8&amp;lottery=superenalotto"}],"twitter_card":"summary_large_image","twitter_misc":{"Procijenjeno vrijeme \u010ditanja":"3 minute"},"schema":{"@context":"https:\/\/schema.org","@graph":[{"@type":"WebPage","@id":"https:\/\/onlinelotto365.com\/hr\/kupiti-karte\/kako-kupiti-superenalotto-ulaznice-online\/","url":"https:\/\/onlinelotto365.com\/hr\/kupiti-karte\/kako-kupiti-superenalotto-ulaznice-online\/","name":"O kupnji ulaznica za Superenalotto online iz Hrvatske.","isPartOf":{"@id":"https:\/\/onlinelotto365.com\/hr\/#website"},"primaryImageOfPage":{"@id":"https:\/\/onlinelotto365.com\/hr\/kupiti-karte\/kako-kupiti-superenalotto-ulaznice-online\/#primaryimage"},"image":{"@id":"https:\/\/onlinelotto365.com\/hr\/kupiti-karte\/kako-kupiti-superenalotto-ulaznice-online\/#primaryimage"},"thumbnailUrl":"https:\/\/redfoxlotto.com\/image?size=8&amp;lottery=superenalotto","datePublished":"2023-09-24T08:00:22+00:00","dateModified":"2023-09-24T08:00:22+00:00","description":"Saznajte kako kupiti Superenalotto ulaznice iz bilo kojeg mjesta, uklju\u010duju\u0107i Hrvatsku.","breadcrumb":{"@id":"https:\/\/onlinelotto365.com\/hr\/kupiti-karte\/kako-kupiti-superenalotto-ulaznice-online\/#breadcrumb"},"inLanguage":"hr","potentialAction":[{"@type":"ReadAction","target":["https:\/\/onlinelotto365.com\/hr\/kupiti-karte\/kako-kupiti-superenalotto-ulaznice-online\/"]}]},{"@type":"ImageObject","inLanguage":"hr","@id":"https:\/\/onlinelotto365.com\/hr\/kupiti-karte\/kako-kupiti-superenalotto-ulaznice-online\/#primaryimage","url":"https:\/\/redfoxlotto.com\/image?size=8&amp;lottery=superenalotto","contentUrl":"https:\/\/redfoxlotto.com\/image?size=8&amp;lottery=superenalotto"},{"@type":"BreadcrumbList","@id":"https:\/\/onlinelotto365.com\/hr\/kupiti-karte\/kako-kupiti-superenalotto-ulaznice-online\/#breadcrumb","itemListElement":[{"@type":"ListItem","position":1,"name":"Home","item":"https:\/\/onlinelotto365.com\/hr\/"},{"@type":"ListItem","position":2,"name":"Online usluga za kupnju listi\u0107a me\u0111unarodnih loto doga\u0111aja","item":"https:\/\/onlinelotto365.com\/hr\/buy-tickets\/"},{"@type":"ListItem","position":3,"name":"Kako kupiti Superenalotto ulaznice online?"}]},{"@type":"WebSite","@id":"https:\/\/onlinelotto365.com\/hr\/#website","url":"https:\/\/onlinelotto365.com\/hr\/","name":"OnlineLotto365","description":"","potentialAction":[{"@type":"SearchAction","target":{"@type":"EntryPoint","urlTemplate":"https:\/\/onlinelotto365.com\/hr\/?s={search_term_string}"},"query-input":{"@type":"PropertyValueSpecification","valueRequired":true,"valueName":"search_term_string"}}],"inLanguage":"hr"}]}},"_links":{"self":[{"href":"https:\/\/onlinelotto365.com\/hr\/wp-json\/wp\/v2\/pages\/84025","targetHints":{"allow":["GET"]}}],"collection":[{"href":"https:\/\/onlinelotto365.com\/hr\/wp-json\/wp\/v2\/pages"}],"about":[{"href":"https:\/\/onlinelotto365.com\/hr\/wp-json\/wp\/v2\/types\/page"}],"author":[{"embeddable":true,"href":"https:\/\/onlinelotto365.com\/hr\/wp-json\/wp\/v2\/users\/1"}],"replies":[{"embeddable":true,"href":"https:\/\/onlinelotto365.com\/hr\/wp-json\/wp\/v2\/comments?post=84025"}],"version-history":[{"count":0,"href":"https:\/\/onlinelotto365.com\/hr\/wp-json\/wp\/v2\/pages\/84025\/revisions"}],"up":[{"embeddable":true,"href":"https:\/\/onlinelotto365.com\/hr\/wp-json\/wp\/v2\/pages\/5552"}],"wp:attachment":[{"href":"https:\/\/onlinelotto365.com\/hr\/wp-json\/wp\/v2\/media?parent=84025"}],"curies":[{"name":"wp","href":"https:\/\/api.w.org\/{rel}","templated":true}]}}