{"id":84067,"date":"2023-09-24T18:11:23","date_gmt":"2023-09-24T17:11:23","guid":{"rendered":"https:\/\/onlinelotto365.com\/kupiti-karte\/kako-kupiti-el-gordo-ulaznice-online"},"modified":"2023-09-24T18:11:24","modified_gmt":"2023-09-24T17:11:24","slug":"kako-kupiti-el-gordo-ulaznice-online","status":"publish","type":"page","link":"https:\/\/onlinelotto365.com\/hr\/kupiti-karte\/kako-kupiti-el-gordo-ulaznice-online\/","title":{"rendered":"Kako kupiti El Gordo ulaznice online"},"content":{"rendered":"<p>\u017delite li kupiti El Gordo ulaznice online iz Hrvatske, ali niste sigurni kako to u\u010diniti? Onda ne propustite ovaj \u010dlanak jer \u0107emo vas korak po korak voditi kroz postupak kako biste mogli dobiti \u017eeljene ulaznice bez pote\u0161ko\u0107a, a bez putovanja u zemlju koja ina\u010de igra ovu igru.<\/p>\n<ul>\n<li>Pogledajte glavnu stranicu lutrije za koju \u017eelite kupiti ulaznice i odaberite brojeve koje \u017eelite na svojim ulaznicama.<\/li>\n<li>Dodajte jo\u0161 ulaznica za istu igru ili za druge igre koje \u017eelite igrati kako biste napravili punu narud\u017ebu.<\/li>\n<li>Odaberite opciju &#8220;Plati odmah&#8221;.<\/li>\n<li>Pro\u0111ite kroz postupak registracije za svoj ra\u010dun ako nikada niste kupovali od nas ili se prijavite na svoj postoje\u0107i ra\u010dun ako ga ve\u0107 imate.<\/li>\n<li>Provjerite svoju e-po\u0161tu na link za verifikaciju za ra\u010dune koji zahtijevaju verifikaciju i registraciju.<\/li>\n<li>Ako e-po\u0161ta ne stigne u va\u0161u primarnu po\u0161tu, provjerite mapu za ne\u017eeljenu po\u0161tu kako biste bili sigurni da tamo nije zavr\u0161ila.<\/li>\n<li>Kliknite na ikonu ko\u0161arice za pla\u0107anje va\u0161e narud\u017ebe.<\/li>\n<li>Odaberite opciju pla\u0107anja koju \u017eelite koristiti i slijedite upute za pla\u0107anje.<\/li>\n<\/ul>\n<p><img decoding=\"async\" class=\"aligncenter\" src=\"https:\/\/redfoxlotto.com\/image?size=8&amp;lottery=el-gordo-primitiva\" alt=\"el gordo\" \/><\/p>\n<h2>Kako platiti svoju El Gordo ulaznicu putem interneta<\/h2>\n<p>Pla\u0107anje ulaznica je brzo i jednostavno jer \u017eelimo osigurati da na\u0161i klijenti iz Hrvatske mogu odabrati ulaznice koje \u017eele kada to \u017eele.<\/p>\n<ul>\n<li>Mo\u017eete odabrati na\u010din pla\u0107anja na dva na\u010dina:<\/li>\n<li>Unesite na\u010din pla\u0107anja za izravnu kupnju.<\/li>\n<li>Dodajte novac na svoj ra\u010dun i platite izravno s ra\u010duna.<\/li>\n<\/ul>\n<p>Vodite ra\u010duna o tome da na svoj ra\u010dun dodate vi\u0161e nego \u0161to je potrebno ako planirate izravno kupiti ulaznice putem njega.<\/p>\n<h2>Vi\u0161e informacija o El Gordo<\/h2>\n<p><img loading=\"lazy\" decoding=\"async\" class=\"alignright wp-image-3585\" src=\"https:\/\/onlinelotto365.com\/wp-content\/uploads\/2020\/11\/online_lottery-106.jpg\" alt=\"Igrajte El Gordo online u Velikoj Britaniji\" width=\"282\" height=\"169\" \/><\/p>\n<ul>\n<li>Dr\u017eava: \u0160panjolska<\/li>\n<li>Glavni raspon brojeva: 54<\/li>\n<li>Vi odabirete: 5<\/li>\n<li>Dodatni brojevi: nema<\/li>\n<li>Vi odabirete: nema<\/li>\n<li>Dani i sati izvla\u010denja: Nedjelja, 21:30 CET<\/li>\n<li>Minimalni jackpot: 4 milijuna \u20ac<\/li>\n<li>Maksimalni jackpot: nema<\/li>\n<li>Vjerojatnost osvajanja glavnog dobitka: 1 u 31.625.100<\/li>\n<li>Vjerojatnost osvajanja dobitka 2. ranga: 1 u 3.513.900<\/li>\n<li>Vjerojatnost osvajanja nagrade u bilo kojem rangu: 1 u 6,16<\/li>\n<li>Broj razina nagrada: 9<\/li>\n<\/ul>\n<h2>Prednosti kupnje El Gordo ulaznica putem interneta<\/h2>\n<ul>\n<li>Dobijte \u017eeljene ulaznice iz udobnosti svog doma.<\/li>\n<li>Odaberite izme\u0111u vi\u0161e lutrijskih igara.<\/li>\n<li>Pove\u0107ajte \u0161anse za osvajanje igara s najve\u0107im jackpotima.<\/li>\n<li>Dodajte novac na svoj ra\u010dun i platite ulaznice koriste\u0107i svoj saldo.<\/li>\n<li>Lako pratite svoje ulaznice.<\/li>\n<li>Odmah dobijte obavijesti o dobitku.<\/li>\n<li>Dopustite ra\u010dunalu da odabere brojeve na ulaznici putem opcije brzog odabira.<\/li>\n<\/ul>\n<h2>Je li kupnja El Gordo ulaznica putem interneta zakonita?<\/h2>\n<p>Nema potrebe za brigu o zakonitosti kupnje ulaznica putem interneta ili na tradicionalan na\u010din u Hrvatskoj. Na\u0161 sustav sve radi legalno i prema regulativama. Osim toga, dobit \u0107ete svoju isplatu i svoj dobitak, bez obzira na sve. Osiguravamo da se iznos prenese na va\u0161 ra\u010dun \u0161to je br\u017ee mogu\u0107e. Jedino \u0161to trebate imati je 18 godina kako biste koristili na\u0161u web stranicu.<\/p>\n<h2>Kako \u0107u dobiti isplatu ako osvojim El Gordo putem interneta?<\/h2>\n<p>Znamo da vam je isplata iznimno va\u017ena, stoga ula\u017eemo puno vremena i truda u ovaj proces. Osiguravamo da dobijete sav svoj dobitak bez naknada ili provizija koje zadr\u017eavamo. Jedini put kada nam pla\u0107ate je ako odaberete bankovni transfer za na\u010din pla\u0107anja. U nekim podru\u010djima, banka mo\u017ee naplatiti naknadu za transfer u Hrvatsku i tu malu naknadu \u0107emo prenijeti i na vas.<\/p>\n<h2>Ina\u010de, isplata se odvija na jedan od dva na\u010dina:<\/h2>\n<ul>\n<li>Ako osvojite manje od 2500 \u20ac, automatski \u0107emo ga uplatiti izravno na va\u0161 ra\u010dun, tako da ne morate ni\u0161ta vi\u0161e raditi.<\/li>\n<li>Ako osvojite vi\u0161e od 2500 \u20ac, trebat \u0107ete pri\u010dekati e-mail od na\u0161e slu\u017ebe za podr\u0161ku kako biste mogli ispuniti obrazac za prijavu. To \u0107e vam omogu\u0107iti da svoj dobitak dobijete izravno putem bankovnog transfera ili \u010dekom koji \u0107e vam biti poslan.<\/li>\n<\/ul>\n","protected":false},"excerpt":{"rendered":"<p>\u017delite li kupiti El Gordo ulaznice online iz Hrvatske, ali niste sigurni kako to u\u010diniti? Onda ne propustite ovaj \u010dlanak jer \u0107emo vas korak po korak voditi kroz postupak kako biste mogli dobiti \u017eeljene ulaznice bez pote\u0161ko\u0107a, a bez putovanja u zemlju koja ina\u010de igra ovu igru. Pogledajte glavnu stranicu lutrije za koju \u017eelite kupiti [&hellip;]<\/p>\n","protected":false},"author":1,"featured_media":0,"parent":5552,"menu_order":6,"comment_status":"closed","ping_status":"closed","template":"el-gordo-info.php","meta":{"_et_pb_use_builder":"","_et_pb_old_content":"","_et_gb_content_width":"","exclude_from_search":false,"footnotes":""},"class_list":["post-84067","page","type-page","status-publish","hentry"],"yoast_head":"<!-- This site is optimized with the Yoast SEO plugin v23.4 - https:\/\/yoast.com\/wordpress\/plugins\/seo\/ -->\n<title>El Gordo iz Hrvatske - kako kupiti ulaznice online<\/title>\n<meta name=\"description\" content=\"Ova \u0161panjolska lutrija sada je dostupna iz Hrvatske - kupite ulaznice online.\" \/>\n<meta name=\"robots\" content=\"index, follow, max-snippet:-1, max-image-preview:large, max-video-preview:-1\" \/>\n<link rel=\"canonical\" href=\"https:\/\/onlinelotto365.com\/hr\/kupiti-karte\/kako-kupiti-el-gordo-ulaznice-online\/\" \/>\n<meta property=\"og:locale\" content=\"hr_HR\" \/>\n<meta property=\"og:type\" content=\"article\" \/>\n<meta property=\"og:title\" content=\"El Gordo iz Hrvatske - kako kupiti ulaznice online\" \/>\n<meta property=\"og:description\" content=\"Ova \u0161panjolska lutrija sada je dostupna iz Hrvatske - kupite ulaznice online.\" \/>\n<meta property=\"og:url\" content=\"https:\/\/onlinelotto365.com\/hr\/kupiti-karte\/kako-kupiti-el-gordo-ulaznice-online\/\" \/>\n<meta property=\"og:site_name\" content=\"OnlineLotto365\" \/>\n<meta property=\"article:modified_time\" content=\"2023-09-24T17:11:24+00:00\" \/>\n<meta property=\"og:image\" content=\"https:\/\/redfoxlotto.com\/image?size=8&amp;lottery=el-gordo-primitiva\" \/>\n<meta name=\"twitter:card\" content=\"summary_large_image\" \/>\n<meta name=\"twitter:label1\" content=\"Procijenjeno vrijeme \u010ditanja\" \/>\n\t<meta name=\"twitter:data1\" content=\"3 minute\" \/>\n<script type=\"application\/ld+json\" class=\"yoast-schema-graph\">{\"@context\":\"https:\/\/schema.org\",\"@graph\":[{\"@type\":\"WebPage\",\"@id\":\"https:\/\/onlinelotto365.com\/hr\/kupiti-karte\/kako-kupiti-el-gordo-ulaznice-online\/\",\"url\":\"https:\/\/onlinelotto365.com\/hr\/kupiti-karte\/kako-kupiti-el-gordo-ulaznice-online\/\",\"name\":\"El Gordo iz Hrvatske - kako kupiti ulaznice online\",\"isPartOf\":{\"@id\":\"https:\/\/onlinelotto365.com\/hr\/#website\"},\"primaryImageOfPage\":{\"@id\":\"https:\/\/onlinelotto365.com\/hr\/kupiti-karte\/kako-kupiti-el-gordo-ulaznice-online\/#primaryimage\"},\"image\":{\"@id\":\"https:\/\/onlinelotto365.com\/hr\/kupiti-karte\/kako-kupiti-el-gordo-ulaznice-online\/#primaryimage\"},\"thumbnailUrl\":\"https:\/\/redfoxlotto.com\/image?size=8&amp;lottery=el-gordo-primitiva\",\"datePublished\":\"2023-09-24T17:11:23+00:00\",\"dateModified\":\"2023-09-24T17:11:24+00:00\",\"description\":\"Ova \u0161panjolska lutrija sada je dostupna iz Hrvatske - kupite ulaznice online.\",\"breadcrumb\":{\"@id\":\"https:\/\/onlinelotto365.com\/hr\/kupiti-karte\/kako-kupiti-el-gordo-ulaznice-online\/#breadcrumb\"},\"inLanguage\":\"hr\",\"potentialAction\":[{\"@type\":\"ReadAction\",\"target\":[\"https:\/\/onlinelotto365.com\/hr\/kupiti-karte\/kako-kupiti-el-gordo-ulaznice-online\/\"]}]},{\"@type\":\"ImageObject\",\"inLanguage\":\"hr\",\"@id\":\"https:\/\/onlinelotto365.com\/hr\/kupiti-karte\/kako-kupiti-el-gordo-ulaznice-online\/#primaryimage\",\"url\":\"https:\/\/redfoxlotto.com\/image?size=8&amp;lottery=el-gordo-primitiva\",\"contentUrl\":\"https:\/\/redfoxlotto.com\/image?size=8&amp;lottery=el-gordo-primitiva\"},{\"@type\":\"BreadcrumbList\",\"@id\":\"https:\/\/onlinelotto365.com\/hr\/kupiti-karte\/kako-kupiti-el-gordo-ulaznice-online\/#breadcrumb\",\"itemListElement\":[{\"@type\":\"ListItem\",\"position\":1,\"name\":\"Home\",\"item\":\"https:\/\/onlinelotto365.com\/hr\/\"},{\"@type\":\"ListItem\",\"position\":2,\"name\":\"Online usluga za kupnju listi\u0107a me\u0111unarodnih loto doga\u0111aja\",\"item\":\"https:\/\/onlinelotto365.com\/hr\/buy-tickets\/\"},{\"@type\":\"ListItem\",\"position\":3,\"name\":\"Kako kupiti El Gordo ulaznice online\"}]},{\"@type\":\"WebSite\",\"@id\":\"https:\/\/onlinelotto365.com\/hr\/#website\",\"url\":\"https:\/\/onlinelotto365.com\/hr\/\",\"name\":\"OnlineLotto365\",\"description\":\"\",\"potentialAction\":[{\"@type\":\"SearchAction\",\"target\":{\"@type\":\"EntryPoint\",\"urlTemplate\":\"https:\/\/onlinelotto365.com\/hr\/?s={search_term_string}\"},\"query-input\":{\"@type\":\"PropertyValueSpecification\",\"valueRequired\":true,\"valueName\":\"search_term_string\"}}],\"inLanguage\":\"hr\"}]}<\/script>\n<!-- \/ Yoast SEO plugin. -->","yoast_head_json":{"title":"El Gordo iz Hrvatske - kako kupiti ulaznice online","description":"Ova \u0161panjolska lutrija sada je dostupna iz Hrvatske - kupite ulaznice online.","robots":{"index":"index","follow":"follow","max-snippet":"max-snippet:-1","max-image-preview":"max-image-preview:large","max-video-preview":"max-video-preview:-1"},"canonical":"https:\/\/onlinelotto365.com\/hr\/kupiti-karte\/kako-kupiti-el-gordo-ulaznice-online\/","og_locale":"hr_HR","og_type":"article","og_title":"El Gordo iz Hrvatske - kako kupiti ulaznice online","og_description":"Ova \u0161panjolska lutrija sada je dostupna iz Hrvatske - kupite ulaznice online.","og_url":"https:\/\/onlinelotto365.com\/hr\/kupiti-karte\/kako-kupiti-el-gordo-ulaznice-online\/","og_site_name":"OnlineLotto365","article_modified_time":"2023-09-24T17:11:24+00:00","og_image":[{"url":"https:\/\/redfoxlotto.com\/image?size=8&amp;lottery=el-gordo-primitiva"}],"twitter_card":"summary_large_image","twitter_misc":{"Procijenjeno vrijeme \u010ditanja":"3 minute"},"schema":{"@context":"https:\/\/schema.org","@graph":[{"@type":"WebPage","@id":"https:\/\/onlinelotto365.com\/hr\/kupiti-karte\/kako-kupiti-el-gordo-ulaznice-online\/","url":"https:\/\/onlinelotto365.com\/hr\/kupiti-karte\/kako-kupiti-el-gordo-ulaznice-online\/","name":"El Gordo iz Hrvatske - kako kupiti ulaznice online","isPartOf":{"@id":"https:\/\/onlinelotto365.com\/hr\/#website"},"primaryImageOfPage":{"@id":"https:\/\/onlinelotto365.com\/hr\/kupiti-karte\/kako-kupiti-el-gordo-ulaznice-online\/#primaryimage"},"image":{"@id":"https:\/\/onlinelotto365.com\/hr\/kupiti-karte\/kako-kupiti-el-gordo-ulaznice-online\/#primaryimage"},"thumbnailUrl":"https:\/\/redfoxlotto.com\/image?size=8&amp;lottery=el-gordo-primitiva","datePublished":"2023-09-24T17:11:23+00:00","dateModified":"2023-09-24T17:11:24+00:00","description":"Ova \u0161panjolska lutrija sada je dostupna iz Hrvatske - kupite ulaznice online.","breadcrumb":{"@id":"https:\/\/onlinelotto365.com\/hr\/kupiti-karte\/kako-kupiti-el-gordo-ulaznice-online\/#breadcrumb"},"inLanguage":"hr","potentialAction":[{"@type":"ReadAction","target":["https:\/\/onlinelotto365.com\/hr\/kupiti-karte\/kako-kupiti-el-gordo-ulaznice-online\/"]}]},{"@type":"ImageObject","inLanguage":"hr","@id":"https:\/\/onlinelotto365.com\/hr\/kupiti-karte\/kako-kupiti-el-gordo-ulaznice-online\/#primaryimage","url":"https:\/\/redfoxlotto.com\/image?size=8&amp;lottery=el-gordo-primitiva","contentUrl":"https:\/\/redfoxlotto.com\/image?size=8&amp;lottery=el-gordo-primitiva"},{"@type":"BreadcrumbList","@id":"https:\/\/onlinelotto365.com\/hr\/kupiti-karte\/kako-kupiti-el-gordo-ulaznice-online\/#breadcrumb","itemListElement":[{"@type":"ListItem","position":1,"name":"Home","item":"https:\/\/onlinelotto365.com\/hr\/"},{"@type":"ListItem","position":2,"name":"Online usluga za kupnju listi\u0107a me\u0111unarodnih loto doga\u0111aja","item":"https:\/\/onlinelotto365.com\/hr\/buy-tickets\/"},{"@type":"ListItem","position":3,"name":"Kako kupiti El Gordo ulaznice online"}]},{"@type":"WebSite","@id":"https:\/\/onlinelotto365.com\/hr\/#website","url":"https:\/\/onlinelotto365.com\/hr\/","name":"OnlineLotto365","description":"","potentialAction":[{"@type":"SearchAction","target":{"@type":"EntryPoint","urlTemplate":"https:\/\/onlinelotto365.com\/hr\/?s={search_term_string}"},"query-input":{"@type":"PropertyValueSpecification","valueRequired":true,"valueName":"search_term_string"}}],"inLanguage":"hr"}]}},"_links":{"self":[{"href":"https:\/\/onlinelotto365.com\/hr\/wp-json\/wp\/v2\/pages\/84067","targetHints":{"allow":["GET"]}}],"collection":[{"href":"https:\/\/onlinelotto365.com\/hr\/wp-json\/wp\/v2\/pages"}],"about":[{"href":"https:\/\/onlinelotto365.com\/hr\/wp-json\/wp\/v2\/types\/page"}],"author":[{"embeddable":true,"href":"https:\/\/onlinelotto365.com\/hr\/wp-json\/wp\/v2\/users\/1"}],"replies":[{"embeddable":true,"href":"https:\/\/onlinelotto365.com\/hr\/wp-json\/wp\/v2\/comments?post=84067"}],"version-history":[{"count":0,"href":"https:\/\/onlinelotto365.com\/hr\/wp-json\/wp\/v2\/pages\/84067\/revisions"}],"up":[{"embeddable":true,"href":"https:\/\/onlinelotto365.com\/hr\/wp-json\/wp\/v2\/pages\/5552"}],"wp:attachment":[{"href":"https:\/\/onlinelotto365.com\/hr\/wp-json\/wp\/v2\/media?parent=84067"}],"curies":[{"name":"wp","href":"https:\/\/api.w.org\/{rel}","templated":true}]}}