{"id":84080,"date":"2023-09-25T09:05:12","date_gmt":"2023-09-25T08:05:12","guid":{"rendered":"https:\/\/onlinelotto365.com\/kupiti-karte\/kako-kupiti-la-primitiva-ulaznice-online"},"modified":"2023-09-25T09:05:12","modified_gmt":"2023-09-25T08:05:12","slug":"kako-kupiti-la-primitiva-ulaznice-online","status":"publish","type":"page","link":"https:\/\/onlinelotto365.com\/hr\/kupiti-karte\/kako-kupiti-la-primitiva-ulaznice-online\/","title":{"rendered":"Kako kupiti La Primitiva ulaznice online?"},"content":{"rendered":"<p>Ako \u017eelite kupiti La Primitiva ulaznice online, ali jo\u0161 uvijek niste sigurni kako to u\u010diniti, pobrinite se da pogledate ovaj proces. To je puno lak\u0161e nego \u0161to mo\u017eda mislite za obo\u017eavatelje lutrije iz Hrvatske, i mo\u017eda \u0107ete \u010dekati izvla\u010denje br\u017ee nego \u0161to mislite.<\/p>\n<ol>\n<li>Odaberite lutrijsku igru koju \u017eelite igrati i odaberite brojeve za svaku od va\u0161ih ulaznica. Ili pustite ra\u010dunalo da odabere brojeve za vas.<\/li>\n<li>Dodajte \u0161to vi\u0161e razli\u010ditih ulaznica i lutrijskih igara u svoju narud\u017ebu koliko \u017eelite prije nego \u0161to budete spremni za pla\u0107anje.<\/li>\n<p><img decoding=\"async\" class=\"aligncenter\" src=\"https:\/\/redfoxlotto.com\/image?size=8&amp;lottery=la-primitiva\" alt=\" la primitiva\" \/><\/p>\n<li>Odaberite opciju za pla\u0107anje sada.<\/li>\n<li>Registrirajte novi ra\u010dun ako ranije niste kupovali kod nas ili se prijavite ako ste postoje\u0107i korisnik.<\/li>\n<li>Dovr\u0161ite postupak registracije klikom na verifikacijski link koji je poslan na va\u0161u adresu e-po\u0161te.<\/li>\n<li>Provjerite i svoju inbox i mapu s ne\u017eeljenom po\u0161tom za potvrdni e-mail.<\/li>\n<li>Idite na ko\u0161aricu na web stranici.<\/li>\n<li>Slijedite upute za odabir opcije pla\u0107anja i pla\u0107anje ulaznica.<\/li>\n<\/ol>\n<h2>Kako platiti svoju ulaznicu za La Primitiva online<\/h2>\n<p>Mo\u017eete odabrati izme\u0111u nekoliko razli\u010ditih sigurnih opcija pla\u0107anja za na\u0161e korisnike. Dopu\u0161tamo vam da odaberete opciju koja vam je najprikladnija.<\/p>\n<ol>\n<li>Odaberite jednu od dvije opcije za po\u010detak:\n<p>a. Izvr\u0161ite pla\u0107anje izravno putem kreditne kartice, bankovnog ra\u010duna ili druge metode pla\u0107anja.<\/p>\n<p>b. Dodajte sredstva na svoj ra\u010dun i koristite ih za kupnju ulaznica s va\u0161eg ra\u010duna igra\u010da.<\/li>\n<\/ol>\n<p>Osobe koje dodaju sredstva na svoj ra\u010dun kako bi izvr\u0161ile kupnju trebaju uplatiti vi\u0161e nego dovoljno novca za kupnju koju odaberu.<\/p>\n<h2>Vi\u0161e informacija o La Primitiva<\/h2>\n<p><img loading=\"lazy\" decoding=\"async\" class=\"alignright wp-image-3535\" src=\"https:\/\/onlinelotto365.com\/wp-content\/uploads\/2020\/11\/online_lottery-141-296x300.jpg\" alt=\"la primitiva online\" width=\"164\" height=\"166\" srcset=\"https:\/\/onlinelotto365.com\/wp-content\/uploads\/2020\/11\/online_lottery-141-296x300.jpg 296w, https:\/\/onlinelotto365.com\/wp-content\/uploads\/2020\/11\/online_lottery-141-100x100.jpg 100w, https:\/\/onlinelotto365.com\/wp-content\/uploads\/2020\/11\/online_lottery-141.jpg 491w\" sizes=\"auto, (max-width: 164px) 100vw, 164px\" \/><\/p>\n<ul>\n<li>Dr\u017eava: \u0160panjolska<\/li>\n<li>Raspon glavnih brojeva: 49<\/li>\n<li>Vi birate: 6<\/li>\n<li>Raspon dodatnih brojeva:<\/li>\n<li>Vi birate: 1<\/li>\n<li>Dani izvla\u010denja, sati: \u010detvrtak, subota, 21:30 CET, 21:30 CET<\/li>\n<li>Minimalni jackpot: 2 milijuna eura<\/li>\n<li>Maksimalni jackpot: nema<\/li>\n<li>Vjerojatnost osvajanja glavnog dobitka: 1 u 15,537,573<\/li>\n<li>Vjerojatnost osvajanja dobitka druge razine: 1 u 542,008<\/li>\n<li>Vjerojatnost osvajanja bilo kojeg dobitka: 1 u 8,43<\/li>\n<li>Broj razina dobitaka: 9<\/li>\n<\/ul>\n<h2>Prednosti kupnje ulaznica za La Primitiva online<\/h2>\n<ul>\n<li>Odaberite svoje ulaznice bez napu\u0161tanja ku\u0107e.<\/li>\n<li>Odaberite izme\u0111u jo\u0161 vi\u0161e lutrijskih opcija.<\/li>\n<li>Pregledajte razli\u010dite jackpotove da biste vidjeli gdje mo\u017eete osvojiti najvi\u0161e.<\/li>\n<li>Polo\u017eite novac na svoj ra\u010dun kako biste platili ulaznice.<\/li>\n<li>Nema brige o gubljenju ulaznica.<\/li>\n<li>Primit \u0107ete obavijest ako osvojite.<\/li>\n<li>Mo\u017eete odabrati nasumi\u010dno generiranu ulaznicu.<\/li>\n<\/ul>\n<h2>Je li legalno kupovati ulaznice za La Primitiva online?<\/h2>\n<p>Neki se ljudi brinu ho\u0107e li kupovina ulaznica za lutriju putem interneta biti dopu\u0161tena u njihovoj zemlji prebivali\u0161ta. Ili \u010dak ho\u0107e li mo\u0107i kupiti ulaznice na tradicionalan na\u010din. Ali ne morate brinuti ho\u0107e li kori\u0161tenje na\u0161eg sustava biti legalno jer se brinemo za regulative u podru\u010dju gdje se lutrija odr\u017eava. Na taj na\u010din dobivate svoje dobitke, bez obzira na sve i bez obzira koliko osvojite. Samo trebate imati najmanje 18 godina da biste koristili na\u0161u uslugu.<\/p>\n<h2>Kako \u0107u biti pla\u0107en ako osvojim La Primitiva online?<\/h2>\n<p>Kada je u pitanju isplata, znamo koliko vam je va\u017eno. Zato \u010dinimo postupak pla\u0107anja \u0161to je mogu\u0107e jednostavnijim. I sve to \u010dinimo bez napla\u0107ivanja naknada ili provizija. Barem, osim ako ne odaberete da vam se pla\u0107anje \u0161alje putem bankovnog transfera. U tom slu\u010daju va\u0161a banka mo\u017ee naplatiti naknadu. Kada se to dogodi, prenijet \u0107emo tu naknadu na vas.<\/p>\n<h2>Sve \u0161to trebate znati je \u0161to se doga\u0111a kad osvojite:<\/h2>\n<ul>\n<li>Ako osvojite manje od 2500 eura, ne morate ni\u0161ta raditi jer se mi brinemo za sve. Osiguravamo da sva va\u0161a sredstva idu izravno na va\u0161 ra\u010dun igra\u010da.<\/li>\n<li>Ako osvojite vi\u0161e od 2500 eura, mo\u0107i \u0107ete dobiti svoj novac putem \u010deka ili bankovnog transfera. U tom slu\u010daju trebat \u0107ete ispuniti obrazac zahtjeva, koji \u0107e vam poslati na\u0161a podr\u0161ka, a zatim \u0107emo vam pomo\u0107i s ostalim postupkom.<\/li>\n<\/ul>\n","protected":false},"excerpt":{"rendered":"<p>Ako \u017eelite kupiti La Primitiva ulaznice online, ali jo\u0161 uvijek niste sigurni kako to u\u010diniti, pobrinite se da pogledate ovaj proces. To je puno lak\u0161e nego \u0161to mo\u017eda mislite za obo\u017eavatelje lutrije iz Hrvatske, i mo\u017eda \u0107ete \u010dekati izvla\u010denje br\u017ee nego \u0161to mislite. Odaberite lutrijsku igru koju \u017eelite igrati i odaberite brojeve za svaku od [&hellip;]<\/p>\n","protected":false},"author":1,"featured_media":0,"parent":5552,"menu_order":7,"comment_status":"closed","ping_status":"closed","template":"la-primitiva-info.php","meta":{"_et_pb_use_builder":"","_et_pb_old_content":"","_et_gb_content_width":"","exclude_from_search":false,"footnotes":""},"class_list":["post-84080","page","type-page","status-publish","hentry"],"yoast_head":"<!-- This site is optimized with the Yoast SEO plugin v23.4 - https:\/\/yoast.com\/wordpress\/plugins\/seo\/ -->\n<title>Online usluga za ulaznice La Primitiva | La Primitiva iz Hrvatske<\/title>\n<meta name=\"description\" content=\"Saznajte kako mo\u017eete kupiti ulaznice za \u0161panjolsku lutriju La Primitiva iz Hrvatske.\" \/>\n<meta name=\"robots\" content=\"index, follow, max-snippet:-1, max-image-preview:large, max-video-preview:-1\" \/>\n<link rel=\"canonical\" href=\"https:\/\/onlinelotto365.com\/hr\/kupiti-karte\/kako-kupiti-la-primitiva-ulaznice-online\/\" \/>\n<meta property=\"og:locale\" content=\"hr_HR\" \/>\n<meta property=\"og:type\" content=\"article\" \/>\n<meta property=\"og:title\" content=\"Online usluga za ulaznice La Primitiva | La Primitiva iz Hrvatske\" \/>\n<meta property=\"og:description\" content=\"Saznajte kako mo\u017eete kupiti ulaznice za \u0161panjolsku lutriju La Primitiva iz Hrvatske.\" \/>\n<meta property=\"og:url\" content=\"https:\/\/onlinelotto365.com\/hr\/kupiti-karte\/kako-kupiti-la-primitiva-ulaznice-online\/\" \/>\n<meta property=\"og:site_name\" content=\"OnlineLotto365\" \/>\n<meta property=\"og:image\" content=\"https:\/\/redfoxlotto.com\/image?size=8&amp;lottery=la-primitiva\" \/>\n<meta name=\"twitter:card\" content=\"summary_large_image\" \/>\n<meta name=\"twitter:label1\" content=\"Procijenjeno vrijeme \u010ditanja\" \/>\n\t<meta name=\"twitter:data1\" content=\"3 minute\" \/>\n<script type=\"application\/ld+json\" class=\"yoast-schema-graph\">{\"@context\":\"https:\/\/schema.org\",\"@graph\":[{\"@type\":\"WebPage\",\"@id\":\"https:\/\/onlinelotto365.com\/hr\/kupiti-karte\/kako-kupiti-la-primitiva-ulaznice-online\/\",\"url\":\"https:\/\/onlinelotto365.com\/hr\/kupiti-karte\/kako-kupiti-la-primitiva-ulaznice-online\/\",\"name\":\"Online usluga za ulaznice La Primitiva | La Primitiva iz Hrvatske\",\"isPartOf\":{\"@id\":\"https:\/\/onlinelotto365.com\/hr\/#website\"},\"primaryImageOfPage\":{\"@id\":\"https:\/\/onlinelotto365.com\/hr\/kupiti-karte\/kako-kupiti-la-primitiva-ulaznice-online\/#primaryimage\"},\"image\":{\"@id\":\"https:\/\/onlinelotto365.com\/hr\/kupiti-karte\/kako-kupiti-la-primitiva-ulaznice-online\/#primaryimage\"},\"thumbnailUrl\":\"https:\/\/redfoxlotto.com\/image?size=8&amp;lottery=la-primitiva\",\"datePublished\":\"2023-09-25T08:05:12+00:00\",\"dateModified\":\"2023-09-25T08:05:12+00:00\",\"description\":\"Saznajte kako mo\u017eete kupiti ulaznice za \u0161panjolsku lutriju La Primitiva iz Hrvatske.\",\"breadcrumb\":{\"@id\":\"https:\/\/onlinelotto365.com\/hr\/kupiti-karte\/kako-kupiti-la-primitiva-ulaznice-online\/#breadcrumb\"},\"inLanguage\":\"hr\",\"potentialAction\":[{\"@type\":\"ReadAction\",\"target\":[\"https:\/\/onlinelotto365.com\/hr\/kupiti-karte\/kako-kupiti-la-primitiva-ulaznice-online\/\"]}]},{\"@type\":\"ImageObject\",\"inLanguage\":\"hr\",\"@id\":\"https:\/\/onlinelotto365.com\/hr\/kupiti-karte\/kako-kupiti-la-primitiva-ulaznice-online\/#primaryimage\",\"url\":\"https:\/\/redfoxlotto.com\/image?size=8&amp;lottery=la-primitiva\",\"contentUrl\":\"https:\/\/redfoxlotto.com\/image?size=8&amp;lottery=la-primitiva\"},{\"@type\":\"BreadcrumbList\",\"@id\":\"https:\/\/onlinelotto365.com\/hr\/kupiti-karte\/kako-kupiti-la-primitiva-ulaznice-online\/#breadcrumb\",\"itemListElement\":[{\"@type\":\"ListItem\",\"position\":1,\"name\":\"Home\",\"item\":\"https:\/\/onlinelotto365.com\/hr\/\"},{\"@type\":\"ListItem\",\"position\":2,\"name\":\"Online usluga za kupnju listi\u0107a me\u0111unarodnih loto doga\u0111aja\",\"item\":\"https:\/\/onlinelotto365.com\/hr\/buy-tickets\/\"},{\"@type\":\"ListItem\",\"position\":3,\"name\":\"Kako kupiti La Primitiva ulaznice online?\"}]},{\"@type\":\"WebSite\",\"@id\":\"https:\/\/onlinelotto365.com\/hr\/#website\",\"url\":\"https:\/\/onlinelotto365.com\/hr\/\",\"name\":\"OnlineLotto365\",\"description\":\"\",\"potentialAction\":[{\"@type\":\"SearchAction\",\"target\":{\"@type\":\"EntryPoint\",\"urlTemplate\":\"https:\/\/onlinelotto365.com\/hr\/?s={search_term_string}\"},\"query-input\":{\"@type\":\"PropertyValueSpecification\",\"valueRequired\":true,\"valueName\":\"search_term_string\"}}],\"inLanguage\":\"hr\"}]}<\/script>\n<!-- \/ Yoast SEO plugin. -->","yoast_head_json":{"title":"Online usluga za ulaznice La Primitiva | La Primitiva iz Hrvatske","description":"Saznajte kako mo\u017eete kupiti ulaznice za \u0161panjolsku lutriju La Primitiva iz Hrvatske.","robots":{"index":"index","follow":"follow","max-snippet":"max-snippet:-1","max-image-preview":"max-image-preview:large","max-video-preview":"max-video-preview:-1"},"canonical":"https:\/\/onlinelotto365.com\/hr\/kupiti-karte\/kako-kupiti-la-primitiva-ulaznice-online\/","og_locale":"hr_HR","og_type":"article","og_title":"Online usluga za ulaznice La Primitiva | La Primitiva iz Hrvatske","og_description":"Saznajte kako mo\u017eete kupiti ulaznice za \u0161panjolsku lutriju La Primitiva iz Hrvatske.","og_url":"https:\/\/onlinelotto365.com\/hr\/kupiti-karte\/kako-kupiti-la-primitiva-ulaznice-online\/","og_site_name":"OnlineLotto365","og_image":[{"url":"https:\/\/redfoxlotto.com\/image?size=8&amp;lottery=la-primitiva"}],"twitter_card":"summary_large_image","twitter_misc":{"Procijenjeno vrijeme \u010ditanja":"3 minute"},"schema":{"@context":"https:\/\/schema.org","@graph":[{"@type":"WebPage","@id":"https:\/\/onlinelotto365.com\/hr\/kupiti-karte\/kako-kupiti-la-primitiva-ulaznice-online\/","url":"https:\/\/onlinelotto365.com\/hr\/kupiti-karte\/kako-kupiti-la-primitiva-ulaznice-online\/","name":"Online usluga za ulaznice La Primitiva | La Primitiva iz Hrvatske","isPartOf":{"@id":"https:\/\/onlinelotto365.com\/hr\/#website"},"primaryImageOfPage":{"@id":"https:\/\/onlinelotto365.com\/hr\/kupiti-karte\/kako-kupiti-la-primitiva-ulaznice-online\/#primaryimage"},"image":{"@id":"https:\/\/onlinelotto365.com\/hr\/kupiti-karte\/kako-kupiti-la-primitiva-ulaznice-online\/#primaryimage"},"thumbnailUrl":"https:\/\/redfoxlotto.com\/image?size=8&amp;lottery=la-primitiva","datePublished":"2023-09-25T08:05:12+00:00","dateModified":"2023-09-25T08:05:12+00:00","description":"Saznajte kako mo\u017eete kupiti ulaznice za \u0161panjolsku lutriju La Primitiva iz Hrvatske.","breadcrumb":{"@id":"https:\/\/onlinelotto365.com\/hr\/kupiti-karte\/kako-kupiti-la-primitiva-ulaznice-online\/#breadcrumb"},"inLanguage":"hr","potentialAction":[{"@type":"ReadAction","target":["https:\/\/onlinelotto365.com\/hr\/kupiti-karte\/kako-kupiti-la-primitiva-ulaznice-online\/"]}]},{"@type":"ImageObject","inLanguage":"hr","@id":"https:\/\/onlinelotto365.com\/hr\/kupiti-karte\/kako-kupiti-la-primitiva-ulaznice-online\/#primaryimage","url":"https:\/\/redfoxlotto.com\/image?size=8&amp;lottery=la-primitiva","contentUrl":"https:\/\/redfoxlotto.com\/image?size=8&amp;lottery=la-primitiva"},{"@type":"BreadcrumbList","@id":"https:\/\/onlinelotto365.com\/hr\/kupiti-karte\/kako-kupiti-la-primitiva-ulaznice-online\/#breadcrumb","itemListElement":[{"@type":"ListItem","position":1,"name":"Home","item":"https:\/\/onlinelotto365.com\/hr\/"},{"@type":"ListItem","position":2,"name":"Online usluga za kupnju listi\u0107a me\u0111unarodnih loto doga\u0111aja","item":"https:\/\/onlinelotto365.com\/hr\/buy-tickets\/"},{"@type":"ListItem","position":3,"name":"Kako kupiti La Primitiva ulaznice online?"}]},{"@type":"WebSite","@id":"https:\/\/onlinelotto365.com\/hr\/#website","url":"https:\/\/onlinelotto365.com\/hr\/","name":"OnlineLotto365","description":"","potentialAction":[{"@type":"SearchAction","target":{"@type":"EntryPoint","urlTemplate":"https:\/\/onlinelotto365.com\/hr\/?s={search_term_string}"},"query-input":{"@type":"PropertyValueSpecification","valueRequired":true,"valueName":"search_term_string"}}],"inLanguage":"hr"}]}},"_links":{"self":[{"href":"https:\/\/onlinelotto365.com\/hr\/wp-json\/wp\/v2\/pages\/84080","targetHints":{"allow":["GET"]}}],"collection":[{"href":"https:\/\/onlinelotto365.com\/hr\/wp-json\/wp\/v2\/pages"}],"about":[{"href":"https:\/\/onlinelotto365.com\/hr\/wp-json\/wp\/v2\/types\/page"}],"author":[{"embeddable":true,"href":"https:\/\/onlinelotto365.com\/hr\/wp-json\/wp\/v2\/users\/1"}],"replies":[{"embeddable":true,"href":"https:\/\/onlinelotto365.com\/hr\/wp-json\/wp\/v2\/comments?post=84080"}],"version-history":[{"count":0,"href":"https:\/\/onlinelotto365.com\/hr\/wp-json\/wp\/v2\/pages\/84080\/revisions"}],"up":[{"embeddable":true,"href":"https:\/\/onlinelotto365.com\/hr\/wp-json\/wp\/v2\/pages\/5552"}],"wp:attachment":[{"href":"https:\/\/onlinelotto365.com\/hr\/wp-json\/wp\/v2\/media?parent=84080"}],"curies":[{"name":"wp","href":"https:\/\/api.w.org\/{rel}","templated":true}]}}