{"id":84089,"date":"2023-09-25T10:55:47","date_gmt":"2023-09-25T09:55:47","guid":{"rendered":"https:\/\/onlinelotto365.com\/kupiti-karte\/kako-kupiti-bonoloto-ulaznice-online"},"modified":"2023-09-25T10:55:47","modified_gmt":"2023-09-25T09:55:47","slug":"kako-kupiti-bonoloto-ulaznice-online","status":"publish","type":"page","link":"https:\/\/onlinelotto365.com\/hr\/kupiti-karte\/kako-kupiti-bonoloto-ulaznice-online\/","title":{"rendered":"Kako kupiti BonoLoto ulaznice online"},"content":{"rendered":"<h2>Kako kupiti BonoLoto ulaznice online u Hrvatskoj<\/h2>\n<p>Ako \u017eivite u Hrvatskoj i \u017eelite saznati kako igrati BonoLoto online i kako dobiti ulaznice, nalazite se na pravom mjestu. Mi vam mo\u017eemo pomo\u0107i u cijelom procesu, a bit \u0107e puno lak\u0161e nego \u0161to mo\u017eda mislite. Sve \u0161to trebate u\u010diniti je slijediti korake koje smo naveli u nastavku:<\/p>\n<ol>\n<li>Posjetite stranicu igre na sre\u0107u koju \u017eelite igrati, poput BonoLoto. Zatim odaberite sve ulaznice koje \u017eelite, uklju\u010duju\u0107i brojeve koje \u017eelite igrati.<\/li>\n<li>Dodajte dodatne ulaznice za BonoLoto ili za druge igre u svoju narud\u017ebu dok ne budete spremni za kupnju.<\/li>\n<li>Odaberite opciju &#8220;Plati odmah&#8221; ili sli\u010dnu opciju kako biste dovr\u0161ili narud\u017ebu.<\/li>\n<li>Prijavite se na svoj ra\u010dun ili odaberite opciju za stvaranje potpuno novog ra\u010duna i pro\u0111ite kroz postupak registracije.<\/li>\n<p><img decoding=\"async\" class=\"aligncenter\" src=\"https:\/\/redfoxlotto.com\/image?size=8&amp;lottery=bonoloto\" alt=\"BonoLoto\" \/><\/p>\n<li>Ako stvarate novi ra\u010dun, trebat \u0107ete otvoriti svoju e-po\u0161tu kako biste dobili verifikacijsku vezu koja \u0107e vam omogu\u0107iti da dovr\u0161ite postupak.<\/li>\n<li>Ako ne primite vezu, provjerite mapu s ne\u017eeljenom po\u0161tom kako biste vidjeli je li se tamo pojavila umjesto u va\u0161em redovitom sandu\u010di\u0107u.<\/li>\n<li>Idite na stranicu za pla\u0107anje na web mjestu i zapo\u010dnite postupak pla\u0107anja.<\/li>\n<li>Odaberite svoju metodu pla\u0107anja i dovr\u0161ite pla\u0107anje.<\/li>\n<\/ol>\n<h2>Kako platiti svoju BonoLoto ulaznicu online<\/h2>\n<p><img loading=\"lazy\" decoding=\"async\" class=\"alignright wp-image-3675\" src=\"https:\/\/onlinelotto365.com\/wp-content\/uploads\/2020\/11\/online_lottery-117-300x217.jpg\" alt=\"Kupite Bonoloto ulaznice online\" width=\"195\" height=\"141\" srcset=\"https:\/\/onlinelotto365.com\/wp-content\/uploads\/2020\/11\/online_lottery-117-300x217.jpg 300w, https:\/\/onlinelotto365.com\/wp-content\/uploads\/2020\/11\/online_lottery-117.jpg 320w\" sizes=\"auto, (max-width: 195px) 100vw, 195px\" \/><br \/>\nImat \u0107ete mnoge razli\u010dite metode pla\u0107anja koje mo\u017eete koristiti za kupnju svojih BonoLoto ulaznica i vi\u0161e.<\/p>\n<p>Dobijte svoje ulaznice odabirom izme\u0111u ovih dviju op\u0107ih opcija kako biste zapo\u010deli:<\/p>\n<ol>\n<li>Obavite pla\u0107anje svoje narud\u017ebe izravno putem kreditne kartice ili financijskog ra\u010duna.<\/li>\n<li>Polo\u017eite novac na svoj igra\u010dki ra\u010dun na na\u0161oj web stranici i koristite svoj igra\u010dki ra\u010dun za kupnju.<\/li>\n<\/ol>\n<p>Za one koji se odlu\u010de uplatiti novac na svoj igra\u010dki ra\u010dun, pobrinite se da dodate vi\u0161e novca nego \u0161to vam je potrebno za trenutnu narud\u017ebu kako biste je obradili.<\/p>\n<h2>Vi\u0161e informacija o BonoLoto<\/h2>\n<ul>\n<li>Dr\u017eava: \u0160panjolska<\/li>\n<li>Raspon glavnih brojeva: 49<\/li>\n<li>Odabirete: 6 brojeva<\/li>\n<li>Dani izvla\u010denja i sati: svakodnevno osim nedjelje, 21:30 CET<\/li>\n<li>Minimalni jackpot: 400.000<\/li>\n<li>Maksimalni jackpot: nema<\/li>\n<li>Vjerojatnost osvajanja glavnog dobitka: 1 prema 13.983.816<\/li>\n<li>Vjerojatnost osvajanja dobitka na drugom stupnju: 1 prema 2.330.636<\/li>\n<li>Vjerojatnost osvajanja dobitka u bilo kojem stupnju: 1 prema 8,43<\/li>\n<li>Broj razina dobitaka: 6<\/li>\n<\/ul>\n<h2>Prednosti kupnje BonoLoto ulaznica online<\/h2>\n<ul>\n<li>Ostanite kod ku\u0107e i i dalje dobijte ulaznice koje \u017eelite iz Hrvatske ili iz bilo koje druge zemlje.<\/li>\n<li>Odaberite iz \u0161iroke ponude razli\u010ditih lutrijskih igara iz cijelog svijeta.<\/li>\n<li>Imate bolje \u0161anse za osvajanje velikih nagrada odabirom najboljih jackpotova.<\/li>\n<li>Polo\u017eite novac na svoj ra\u010dun kako biste platili ulaznice.<\/li>\n<li>Ne brinite se vi\u0161e o gubitku ulaznice.<\/li>\n<li>Nikada ne propustite dobitak s trenutnim obavijestima.<\/li>\n<li>Koristite generator slu\u010dajnih brojeva kako biste odabrali brojeve umjesto vas.<\/li>\n<\/ul>\n<h2>Je li legalno kupiti BonoLoto ulaznice online?<\/h2>\n<p>Mo\u017eda se osje\u0107ate malo zabrinuto zbog igranja ovog tipa igre ako ne znate o zakonima o online lutrijama u svojoj zemlji prebivali\u0161ta. No, s povjerenjem mo\u017eete koristiti na\u0161u uslugu jer se pobrinemo da se pridr\u017eavaju svi propisi zemlje iz koje potje\u010de lutrija.<\/p>\n<p>Na taj na\u010din, ako osvojite bilo koju nagradu, uklju\u010duju\u0107i i jackpot, ne morate brinuti ho\u0107ete li je mo\u0107i preuzeti. Jam\u010dimo vam da \u0107ete dobiti nagradu koju ste zaradili. Jedino pravilo je da morate imati barem 18 godina kako biste igrali.<\/p>\n<h2>Kako \u0107u biti ispla\u0107en ako osvojim BonoLoto online?<\/h2>\n<p>Isplate su va\u017ene i \u017eelite biti sigurni da \u0107ete dobiti sav novac na koji imate pravo. To nije problem s nama jer vam ne napla\u0107ujemo proviziju na va\u0161e dobitke. Sve \u0107ete dobiti izravno na svoj ra\u010dun.<\/p>\n<p>Jedini put kada napla\u0107ujemo naknade je ako odlu\u010dite da vam novac bude preba\u010den na va\u0161 bankovni ra\u010dun. Ako va\u0161a banka napla\u0107uje naknadu za ovaj prijenos, mi \u0107emo tu naknadu prenijeti na va\u0161 ra\u010dun. Kada imate pravo na isplatu, dogodit \u0107e se jedna od dviju stvari:<\/p>\n<ol>\n<li>Ako osvojite manje od 2500 \u20ac, novac \u0107ete dobiti prakti\u010dki odmah na svoj ra\u010dun, pa ga mo\u017eete koristiti kako \u017eelite.<\/li>\n<li>Ako osvojite vi\u0161e od 2500 \u20ac, iznos koji osvojite bit \u0107e vam poslan ili putem bankovnog transfera ili \u010deka. Mo\u017eete odabrati koji na\u010din \u017eelite kada popunite obrazac zahtjeva koji \u0107e vam poslati na\u0161 osoblje. Na taj na\u010din \u0107ete novac dobiti za samo nekoliko dana.<\/li>\n<\/ol>\n","protected":false},"excerpt":{"rendered":"<p>Kako kupiti BonoLoto ulaznice online u Hrvatskoj Ako \u017eivite u Hrvatskoj i \u017eelite saznati kako igrati BonoLoto online i kako dobiti ulaznice, nalazite se na pravom mjestu. Mi vam mo\u017eemo pomo\u0107i u cijelom procesu, a bit \u0107e puno lak\u0161e nego \u0161to mo\u017eda mislite. Sve \u0161to trebate u\u010diniti je slijediti korake koje smo naveli u nastavku: [&hellip;]<\/p>\n","protected":false},"author":1,"featured_media":0,"parent":5552,"menu_order":8,"comment_status":"closed","ping_status":"closed","template":"template-rightsidebar.php","meta":{"_et_pb_use_builder":"","_et_pb_old_content":"","_et_gb_content_width":"","exclude_from_search":false,"footnotes":""},"class_list":["post-84089","page","type-page","status-publish","hentry"],"yoast_head":"<!-- This site is optimized with the Yoast SEO plugin v23.4 - https:\/\/yoast.com\/wordpress\/plugins\/seo\/ -->\n<title>BonoLoto ulaznice online | Kako kupiti ulaznice iz Hrvatske<\/title>\n<meta name=\"description\" content=\"Na\u0161a web stranica vam omogu\u0107uje da legalno kupite Bonoloto ulaznice online\" \/>\n<meta name=\"robots\" content=\"index, follow, max-snippet:-1, max-image-preview:large, max-video-preview:-1\" \/>\n<link rel=\"canonical\" href=\"https:\/\/onlinelotto365.com\/hr\/kupiti-karte\/kako-kupiti-bonoloto-ulaznice-online\/\" \/>\n<meta property=\"og:locale\" content=\"hr_HR\" \/>\n<meta property=\"og:type\" content=\"article\" \/>\n<meta property=\"og:title\" content=\"BonoLoto ulaznice online | Kako kupiti ulaznice iz Hrvatske\" \/>\n<meta property=\"og:description\" content=\"Na\u0161a web stranica vam omogu\u0107uje da legalno kupite Bonoloto ulaznice online\" \/>\n<meta property=\"og:url\" content=\"https:\/\/onlinelotto365.com\/hr\/kupiti-karte\/kako-kupiti-bonoloto-ulaznice-online\/\" \/>\n<meta property=\"og:site_name\" content=\"OnlineLotto365\" \/>\n<meta property=\"og:image\" content=\"https:\/\/redfoxlotto.com\/image?size=8&amp;lottery=bonoloto\" \/>\n<meta name=\"twitter:card\" content=\"summary_large_image\" \/>\n<meta name=\"twitter:label1\" content=\"Procijenjeno vrijeme \u010ditanja\" \/>\n\t<meta name=\"twitter:data1\" content=\"4 minute\" \/>\n<script type=\"application\/ld+json\" class=\"yoast-schema-graph\">{\"@context\":\"https:\/\/schema.org\",\"@graph\":[{\"@type\":\"WebPage\",\"@id\":\"https:\/\/onlinelotto365.com\/hr\/kupiti-karte\/kako-kupiti-bonoloto-ulaznice-online\/\",\"url\":\"https:\/\/onlinelotto365.com\/hr\/kupiti-karte\/kako-kupiti-bonoloto-ulaznice-online\/\",\"name\":\"BonoLoto ulaznice online | Kako kupiti ulaznice iz Hrvatske\",\"isPartOf\":{\"@id\":\"https:\/\/onlinelotto365.com\/hr\/#website\"},\"primaryImageOfPage\":{\"@id\":\"https:\/\/onlinelotto365.com\/hr\/kupiti-karte\/kako-kupiti-bonoloto-ulaznice-online\/#primaryimage\"},\"image\":{\"@id\":\"https:\/\/onlinelotto365.com\/hr\/kupiti-karte\/kako-kupiti-bonoloto-ulaznice-online\/#primaryimage\"},\"thumbnailUrl\":\"https:\/\/redfoxlotto.com\/image?size=8&amp;lottery=bonoloto\",\"datePublished\":\"2023-09-25T09:55:47+00:00\",\"dateModified\":\"2023-09-25T09:55:47+00:00\",\"description\":\"Na\u0161a web stranica vam omogu\u0107uje da legalno kupite Bonoloto ulaznice online\",\"breadcrumb\":{\"@id\":\"https:\/\/onlinelotto365.com\/hr\/kupiti-karte\/kako-kupiti-bonoloto-ulaznice-online\/#breadcrumb\"},\"inLanguage\":\"hr\",\"potentialAction\":[{\"@type\":\"ReadAction\",\"target\":[\"https:\/\/onlinelotto365.com\/hr\/kupiti-karte\/kako-kupiti-bonoloto-ulaznice-online\/\"]}]},{\"@type\":\"ImageObject\",\"inLanguage\":\"hr\",\"@id\":\"https:\/\/onlinelotto365.com\/hr\/kupiti-karte\/kako-kupiti-bonoloto-ulaznice-online\/#primaryimage\",\"url\":\"https:\/\/redfoxlotto.com\/image?size=8&amp;lottery=bonoloto\",\"contentUrl\":\"https:\/\/redfoxlotto.com\/image?size=8&amp;lottery=bonoloto\"},{\"@type\":\"BreadcrumbList\",\"@id\":\"https:\/\/onlinelotto365.com\/hr\/kupiti-karte\/kako-kupiti-bonoloto-ulaznice-online\/#breadcrumb\",\"itemListElement\":[{\"@type\":\"ListItem\",\"position\":1,\"name\":\"Home\",\"item\":\"https:\/\/onlinelotto365.com\/hr\/\"},{\"@type\":\"ListItem\",\"position\":2,\"name\":\"Online usluga za kupnju listi\u0107a me\u0111unarodnih loto doga\u0111aja\",\"item\":\"https:\/\/onlinelotto365.com\/hr\/buy-tickets\/\"},{\"@type\":\"ListItem\",\"position\":3,\"name\":\"Kako kupiti BonoLoto ulaznice online\"}]},{\"@type\":\"WebSite\",\"@id\":\"https:\/\/onlinelotto365.com\/hr\/#website\",\"url\":\"https:\/\/onlinelotto365.com\/hr\/\",\"name\":\"OnlineLotto365\",\"description\":\"\",\"potentialAction\":[{\"@type\":\"SearchAction\",\"target\":{\"@type\":\"EntryPoint\",\"urlTemplate\":\"https:\/\/onlinelotto365.com\/hr\/?s={search_term_string}\"},\"query-input\":{\"@type\":\"PropertyValueSpecification\",\"valueRequired\":true,\"valueName\":\"search_term_string\"}}],\"inLanguage\":\"hr\"}]}<\/script>\n<!-- \/ Yoast SEO plugin. -->","yoast_head_json":{"title":"BonoLoto ulaznice online | Kako kupiti ulaznice iz Hrvatske","description":"Na\u0161a web stranica vam omogu\u0107uje da legalno kupite Bonoloto ulaznice online","robots":{"index":"index","follow":"follow","max-snippet":"max-snippet:-1","max-image-preview":"max-image-preview:large","max-video-preview":"max-video-preview:-1"},"canonical":"https:\/\/onlinelotto365.com\/hr\/kupiti-karte\/kako-kupiti-bonoloto-ulaznice-online\/","og_locale":"hr_HR","og_type":"article","og_title":"BonoLoto ulaznice online | Kako kupiti ulaznice iz Hrvatske","og_description":"Na\u0161a web stranica vam omogu\u0107uje da legalno kupite Bonoloto ulaznice online","og_url":"https:\/\/onlinelotto365.com\/hr\/kupiti-karte\/kako-kupiti-bonoloto-ulaznice-online\/","og_site_name":"OnlineLotto365","og_image":[{"url":"https:\/\/redfoxlotto.com\/image?size=8&amp;lottery=bonoloto"}],"twitter_card":"summary_large_image","twitter_misc":{"Procijenjeno vrijeme \u010ditanja":"4 minute"},"schema":{"@context":"https:\/\/schema.org","@graph":[{"@type":"WebPage","@id":"https:\/\/onlinelotto365.com\/hr\/kupiti-karte\/kako-kupiti-bonoloto-ulaznice-online\/","url":"https:\/\/onlinelotto365.com\/hr\/kupiti-karte\/kako-kupiti-bonoloto-ulaznice-online\/","name":"BonoLoto ulaznice online | Kako kupiti ulaznice iz Hrvatske","isPartOf":{"@id":"https:\/\/onlinelotto365.com\/hr\/#website"},"primaryImageOfPage":{"@id":"https:\/\/onlinelotto365.com\/hr\/kupiti-karte\/kako-kupiti-bonoloto-ulaznice-online\/#primaryimage"},"image":{"@id":"https:\/\/onlinelotto365.com\/hr\/kupiti-karte\/kako-kupiti-bonoloto-ulaznice-online\/#primaryimage"},"thumbnailUrl":"https:\/\/redfoxlotto.com\/image?size=8&amp;lottery=bonoloto","datePublished":"2023-09-25T09:55:47+00:00","dateModified":"2023-09-25T09:55:47+00:00","description":"Na\u0161a web stranica vam omogu\u0107uje da legalno kupite Bonoloto ulaznice online","breadcrumb":{"@id":"https:\/\/onlinelotto365.com\/hr\/kupiti-karte\/kako-kupiti-bonoloto-ulaznice-online\/#breadcrumb"},"inLanguage":"hr","potentialAction":[{"@type":"ReadAction","target":["https:\/\/onlinelotto365.com\/hr\/kupiti-karte\/kako-kupiti-bonoloto-ulaznice-online\/"]}]},{"@type":"ImageObject","inLanguage":"hr","@id":"https:\/\/onlinelotto365.com\/hr\/kupiti-karte\/kako-kupiti-bonoloto-ulaznice-online\/#primaryimage","url":"https:\/\/redfoxlotto.com\/image?size=8&amp;lottery=bonoloto","contentUrl":"https:\/\/redfoxlotto.com\/image?size=8&amp;lottery=bonoloto"},{"@type":"BreadcrumbList","@id":"https:\/\/onlinelotto365.com\/hr\/kupiti-karte\/kako-kupiti-bonoloto-ulaznice-online\/#breadcrumb","itemListElement":[{"@type":"ListItem","position":1,"name":"Home","item":"https:\/\/onlinelotto365.com\/hr\/"},{"@type":"ListItem","position":2,"name":"Online usluga za kupnju listi\u0107a me\u0111unarodnih loto doga\u0111aja","item":"https:\/\/onlinelotto365.com\/hr\/buy-tickets\/"},{"@type":"ListItem","position":3,"name":"Kako kupiti BonoLoto ulaznice online"}]},{"@type":"WebSite","@id":"https:\/\/onlinelotto365.com\/hr\/#website","url":"https:\/\/onlinelotto365.com\/hr\/","name":"OnlineLotto365","description":"","potentialAction":[{"@type":"SearchAction","target":{"@type":"EntryPoint","urlTemplate":"https:\/\/onlinelotto365.com\/hr\/?s={search_term_string}"},"query-input":{"@type":"PropertyValueSpecification","valueRequired":true,"valueName":"search_term_string"}}],"inLanguage":"hr"}]}},"_links":{"self":[{"href":"https:\/\/onlinelotto365.com\/hr\/wp-json\/wp\/v2\/pages\/84089","targetHints":{"allow":["GET"]}}],"collection":[{"href":"https:\/\/onlinelotto365.com\/hr\/wp-json\/wp\/v2\/pages"}],"about":[{"href":"https:\/\/onlinelotto365.com\/hr\/wp-json\/wp\/v2\/types\/page"}],"author":[{"embeddable":true,"href":"https:\/\/onlinelotto365.com\/hr\/wp-json\/wp\/v2\/users\/1"}],"replies":[{"embeddable":true,"href":"https:\/\/onlinelotto365.com\/hr\/wp-json\/wp\/v2\/comments?post=84089"}],"version-history":[{"count":0,"href":"https:\/\/onlinelotto365.com\/hr\/wp-json\/wp\/v2\/pages\/84089\/revisions"}],"up":[{"embeddable":true,"href":"https:\/\/onlinelotto365.com\/hr\/wp-json\/wp\/v2\/pages\/5552"}],"wp:attachment":[{"href":"https:\/\/onlinelotto365.com\/hr\/wp-json\/wp\/v2\/media?parent=84089"}],"curies":[{"name":"wp","href":"https:\/\/api.w.org\/{rel}","templated":true}]}}