{"id":84098,"date":"2023-09-25T12:08:02","date_gmt":"2023-09-25T11:08:02","guid":{"rendered":"https:\/\/onlinelotto365.com\/kupiti-karte\/kako-kupiti-ulaznice-za-uk-lottery-putem-interneta"},"modified":"2023-09-25T12:08:02","modified_gmt":"2023-09-25T11:08:02","slug":"kako-kupiti-ulaznice-za-uk-lottery-putem-interneta","status":"publish","type":"page","link":"https:\/\/onlinelotto365.com\/hr\/kupiti-karte\/kako-kupiti-ulaznice-za-uk-lottery-putem-interneta\/","title":{"rendered":"Kako kupiti ulaznice za UK Lottery putem interneta"},"content":{"rendered":"<p>Kako kupiti ulaznice za UK Lottery putem interneta<\/p>\n<p>Ako \u017eelite kupiti svoje loto ulaznice za UK Lottery iz Koreje, ne morate se brinuti jer vam cijeli postupak nudimo brzo i jednostavno. Samo trebate pogledati sljede\u0107e jednostavne korake i bit \u0107ete spremni za igru u vrlo kratkom vremenu.<\/p>\n<ol>\n<li>Posjetite pravu stranicu za lutriju koju \u017eelite igrati, poput UK Lottery.<\/li>\n<li>Zatim odaberite brojeve koje \u017eelite za svoju ulaznicu.<\/li>\n<li>Dodajte bilo dodatne lutrije ulaznice koje \u017eelite igrati.<\/li>\n<p><img decoding=\"async\" class=\"aligncenter\" src=\"https:\/\/redfoxlotto.com\/image?size=8&amp;lottery=lotto-uk\" alt=\"uk lottery\" \/><\/p>\n<li>Odaberite opciju za pla\u0107anje ulaznica.<\/li>\n<li>Pro\u0111ite kroz postupak registracije ako ste novi korisnik ili se prijavite na svoj ra\u010dun ako ve\u0107 imate postoje\u0107i.<\/li>\n<li>Ako se registrirate kao novi korisnik, u svojoj \u0107ete e-po\u0161ti primiti verifikacijsku poruku s poveznicom koja \u0107e vam omogu\u0107iti zavr\u0161etak postupka registracije.<\/li>\n<li>Ako ne primite e-po\u0161tu unutar nekoliko minuta, provjerite mapu spam po\u0161te kako biste bili sigurni jeste li je dobili.<\/li>\n<li>Vratite se na web stranicu i odaberite ko\u0161aricu za pla\u0107anje ulaznica.<\/li>\n<li>Odaberite svoju metodu pla\u0107anja i slijedite upute za pla\u0107anje.<\/li>\n<\/ol>\n<h2>Kako platiti svoju UK Lottery ulaznicu putem interneta<\/h2>\n<p><img loading=\"lazy\" decoding=\"async\" class=\"alignright size-medium wp-image-3655\" src=\"https:\/\/onlinelotto365.com\/wp-content\/uploads\/2020\/11\/online_lottery-59-300x182.jpg\" alt=Igrajte UK Loto online\" width=\"300\" height=\"182\" srcset=\"https:\/\/onlinelotto365.com\/wp-content\/uploads\/2020\/11\/online_lottery-59-300x182.jpg 300w, https:\/\/onlinelotto365.com\/wp-content\/uploads\/2020\/11\/online_lottery-59.jpg 320w\" sizes=\"auto, (max-width: 300px) 100vw, 300px\" \/><br \/>\nNudimo nekoliko potpuno sigurnih metoda pla\u0107anja za na\u0161e korisnike iz Hrvatske i drugih zemalja. Na taj na\u010din mo\u017eete odabrati metodu koja vam najbolje odgovara.<\/p>\n<p>Odaberite izme\u0111u dvije glavne opcije pla\u0107anja:<\/p>\n<ul>\n<li>Pla\u0107ajte svaku narud\u017ebu pomo\u0107u svoje preferirane metode pla\u0107anja.<\/li>\n<li>Polo\u017eite novac na svoj ra\u010dun i koristite ga za kupnju ulaznica koje \u017eelite.<\/li>\n<\/ul>\n<p>Obavezno polo\u017eite vi\u0161e novca nego \u0161to vam je potrebno za kupnju ulaznica ako se odlu\u010dite dodati novac izravno na svoj ra\u010dun.<\/p>\n<h2>Vi\u0161e informacija o UK Lottery<\/h2>\n<ul>\n<li>Dr\u017eava: UK Lottery<\/li>\n<li>Raspon glavnih brojeva: 59<\/li>\n<li>Birate: 6 brojeva<\/li>\n<li>Raspon dodatnih brojeva:<\/li>\n<li>Birate:<\/li>\n<li>Dani i sati izvla\u010denja: srijeda, subota, 19:30 UTC, 19:30 CET<\/li>\n<li>Minimalni jackpot: 2,5 milijuna funti<\/li>\n<li>Maksimalni jackpot: 22 milijuna funti<\/li>\n<li>Vjerojatnost dobitka jackpota: 1 prema 45057474<\/li>\n<li>Vjerojatnost dobitka u drugom razredu: 1 prema 7509579<\/li>\n<li>Vjerojatnost dobitka u bilo kojem razredu: 1 prema 9,27<\/li>\n<li>Broj razreda dobitaka: 6<\/li>\n<\/ul>\n<h2>Prednosti kupovine UK Lottery ulaznica putem interneta<\/h2>\n<ul>\n<li>Kupite ulaznice iz udobnosti vlastitog doma.<\/li>\n<li>Odaberite iz \u0161irokog izbora razli\u010ditih lutrijskih igara.<\/li>\n<li>Pove\u0107ajte svoje \u0161anse za osvajanje velikih jackpotova odabirom razli\u010ditih igara.<\/li>\n<li>Dodajte novac izravno na svoj ra\u010dun za pla\u0107anje ulaznica.<\/li>\n<li>Nema brige o gubitku ulaznica.<\/li>\n<li>Obavijesti o dobitcima \u0161alju se izravno vama.<\/li>\n<li>Jednostavne opcije odabira brojeva ako ne \u017eelite sami birati brojeve.<\/li>\n<\/ul>\n<h2>Je li legalno kupiti UK Lottery ulaznice putem interneta?<\/h2>\n<p>Ne morate brinuti o zakonitosti kupovine UK Lottery ulaznica putem interneta iz Hrvatske ili na tradicionalniji na\u010din. Mo\u017eete biti sigurni da \u0107ete dobiti svoje ulaznice i da se ne morate brinuti o osvajanju jackpotova.<\/p>\n<p>Mi \u0107emo se pobrinuti da dobijete svoj novac bez obzira na zakonitost usluge u va\u0161oj zemlji prebivali\u0161ta. Samo se pobrinite da imate 18 ili vi\u0161e godina kako biste mogli kupovati ulaznice kod nas.<\/p>\n<h2>Kako \u0107u biti ispla\u0107en ako osvojim UK Lottery putem interneta?<\/h2>\n<p>Znamo da je isplata jedan od najva\u017enijih dijelova za vas i zbog toga \u017eelimo osigurati da je postupak pla\u0107anja \u0161to jednostavniji. Tako\u0111er, ne napla\u0107ujemo nikakve provizije na va\u0161u dobit, tako da \u0107ete dobiti svaku osvojenu svotu. Jedini put kada napla\u0107ujemo naknade je ako zatra\u017eite bankovni prijenos, a banka nam naplati naknadu. Ta se svota mo\u017ee prenijeti na vas.<\/p>\n<h2>Ina\u010de, evo kako izgleda postupak pla\u0107anja:<\/h2>\n<ul>\n<li>Isplate manje od 2500 \u20ac automatski \u0107e biti ispla\u0107ene na va\u0161 ra\u010dun. Ne morate ni\u0161ta raditi.<\/li>\n<li>Isplate iznad 2500 \u20ac zahtijevat \u0107e obrascem zahtjeva koji mo\u017eete poslati lutrijskoj komisiji. Ovaj obrazac poslat \u0107e vam na\u0161a slu\u017eba za podr\u0161ku i omogu\u0107it \u0107e vam odabir isplate putem \u010deka ili bankovnog prijenosa.<\/li>\n<\/ul>\n","protected":false},"excerpt":{"rendered":"<p>Kako kupiti ulaznice za UK Lottery putem interneta Ako \u017eelite kupiti svoje loto ulaznice za UK Lottery iz Koreje, ne morate se brinuti jer vam cijeli postupak nudimo brzo i jednostavno. Samo trebate pogledati sljede\u0107e jednostavne korake i bit \u0107ete spremni za igru u vrlo kratkom vremenu. Posjetite pravu stranicu za lutriju koju \u017eelite igrati, [&hellip;]<\/p>\n","protected":false},"author":1,"featured_media":0,"parent":5552,"menu_order":9,"comment_status":"closed","ping_status":"closed","template":"lotto-uk-info.php","meta":{"_et_pb_use_builder":"","_et_pb_old_content":"","_et_gb_content_width":"","exclude_from_search":false,"footnotes":""},"class_list":["post-84098","page","type-page","status-publish","hentry"],"yoast_head":"<!-- This site is optimized with the Yoast SEO plugin v23.4 - https:\/\/yoast.com\/wordpress\/plugins\/seo\/ -->\n<title>Kupite ulaznice za britansku lutriju online iz Hrvatske | Informacije o britanskoj lutriji, kako kupiti ulaznice.<\/title>\n<meta name=\"description\" content=\"Omogu\u0107ujemo igra\u010dima lutrije iz Hrvatske da kupe ulaznice za britansku lutriju.\" \/>\n<meta name=\"robots\" content=\"index, follow, max-snippet:-1, max-image-preview:large, max-video-preview:-1\" \/>\n<link rel=\"canonical\" href=\"https:\/\/onlinelotto365.com\/hr\/kupiti-karte\/kako-kupiti-ulaznice-za-uk-lottery-putem-interneta\/\" \/>\n<meta property=\"og:locale\" content=\"hr_HR\" \/>\n<meta property=\"og:type\" content=\"article\" \/>\n<meta property=\"og:title\" content=\"Kupite ulaznice za britansku lutriju online iz Hrvatske | Informacije o britanskoj lutriji, kako kupiti ulaznice.\" \/>\n<meta property=\"og:description\" content=\"Omogu\u0107ujemo igra\u010dima lutrije iz Hrvatske da kupe ulaznice za britansku lutriju.\" \/>\n<meta property=\"og:url\" content=\"https:\/\/onlinelotto365.com\/hr\/kupiti-karte\/kako-kupiti-ulaznice-za-uk-lottery-putem-interneta\/\" \/>\n<meta property=\"og:site_name\" content=\"OnlineLotto365\" \/>\n<meta property=\"og:image\" content=\"https:\/\/redfoxlotto.com\/image?size=8&amp;lottery=lotto-uk\" \/>\n<meta name=\"twitter:card\" content=\"summary_large_image\" \/>\n<meta name=\"twitter:label1\" content=\"Procijenjeno vrijeme \u010ditanja\" \/>\n\t<meta name=\"twitter:data1\" content=\"1 minuta\" \/>\n<script type=\"application\/ld+json\" class=\"yoast-schema-graph\">{\"@context\":\"https:\/\/schema.org\",\"@graph\":[{\"@type\":\"WebPage\",\"@id\":\"https:\/\/onlinelotto365.com\/hr\/kupiti-karte\/kako-kupiti-ulaznice-za-uk-lottery-putem-interneta\/\",\"url\":\"https:\/\/onlinelotto365.com\/hr\/kupiti-karte\/kako-kupiti-ulaznice-za-uk-lottery-putem-interneta\/\",\"name\":\"Kupite ulaznice za britansku lutriju online iz Hrvatske | Informacije o britanskoj lutriji, kako kupiti ulaznice.\",\"isPartOf\":{\"@id\":\"https:\/\/onlinelotto365.com\/hr\/#website\"},\"primaryImageOfPage\":{\"@id\":\"https:\/\/onlinelotto365.com\/hr\/kupiti-karte\/kako-kupiti-ulaznice-za-uk-lottery-putem-interneta\/#primaryimage\"},\"image\":{\"@id\":\"https:\/\/onlinelotto365.com\/hr\/kupiti-karte\/kako-kupiti-ulaznice-za-uk-lottery-putem-interneta\/#primaryimage\"},\"thumbnailUrl\":\"https:\/\/redfoxlotto.com\/image?size=8&amp;lottery=lotto-uk\",\"datePublished\":\"2023-09-25T11:08:02+00:00\",\"dateModified\":\"2023-09-25T11:08:02+00:00\",\"description\":\"Omogu\u0107ujemo igra\u010dima lutrije iz Hrvatske da kupe ulaznice za britansku lutriju.\",\"breadcrumb\":{\"@id\":\"https:\/\/onlinelotto365.com\/hr\/kupiti-karte\/kako-kupiti-ulaznice-za-uk-lottery-putem-interneta\/#breadcrumb\"},\"inLanguage\":\"hr\",\"potentialAction\":[{\"@type\":\"ReadAction\",\"target\":[\"https:\/\/onlinelotto365.com\/hr\/kupiti-karte\/kako-kupiti-ulaznice-za-uk-lottery-putem-interneta\/\"]}]},{\"@type\":\"ImageObject\",\"inLanguage\":\"hr\",\"@id\":\"https:\/\/onlinelotto365.com\/hr\/kupiti-karte\/kako-kupiti-ulaznice-za-uk-lottery-putem-interneta\/#primaryimage\",\"url\":\"https:\/\/redfoxlotto.com\/image?size=8&amp;lottery=lotto-uk\",\"contentUrl\":\"https:\/\/redfoxlotto.com\/image?size=8&amp;lottery=lotto-uk\"},{\"@type\":\"BreadcrumbList\",\"@id\":\"https:\/\/onlinelotto365.com\/hr\/kupiti-karte\/kako-kupiti-ulaznice-za-uk-lottery-putem-interneta\/#breadcrumb\",\"itemListElement\":[{\"@type\":\"ListItem\",\"position\":1,\"name\":\"Home\",\"item\":\"https:\/\/onlinelotto365.com\/hr\/\"},{\"@type\":\"ListItem\",\"position\":2,\"name\":\"Online usluga za kupnju listi\u0107a me\u0111unarodnih loto doga\u0111aja\",\"item\":\"https:\/\/onlinelotto365.com\/hr\/buy-tickets\/\"},{\"@type\":\"ListItem\",\"position\":3,\"name\":\"Kako kupiti ulaznice za UK Lottery putem interneta\"}]},{\"@type\":\"WebSite\",\"@id\":\"https:\/\/onlinelotto365.com\/hr\/#website\",\"url\":\"https:\/\/onlinelotto365.com\/hr\/\",\"name\":\"OnlineLotto365\",\"description\":\"\",\"potentialAction\":[{\"@type\":\"SearchAction\",\"target\":{\"@type\":\"EntryPoint\",\"urlTemplate\":\"https:\/\/onlinelotto365.com\/hr\/?s={search_term_string}\"},\"query-input\":{\"@type\":\"PropertyValueSpecification\",\"valueRequired\":true,\"valueName\":\"search_term_string\"}}],\"inLanguage\":\"hr\"}]}<\/script>\n<!-- \/ Yoast SEO plugin. -->","yoast_head_json":{"title":"Kupite ulaznice za britansku lutriju online iz Hrvatske | Informacije o britanskoj lutriji, kako kupiti ulaznice.","description":"Omogu\u0107ujemo igra\u010dima lutrije iz Hrvatske da kupe ulaznice za britansku lutriju.","robots":{"index":"index","follow":"follow","max-snippet":"max-snippet:-1","max-image-preview":"max-image-preview:large","max-video-preview":"max-video-preview:-1"},"canonical":"https:\/\/onlinelotto365.com\/hr\/kupiti-karte\/kako-kupiti-ulaznice-za-uk-lottery-putem-interneta\/","og_locale":"hr_HR","og_type":"article","og_title":"Kupite ulaznice za britansku lutriju online iz Hrvatske | Informacije o britanskoj lutriji, kako kupiti ulaznice.","og_description":"Omogu\u0107ujemo igra\u010dima lutrije iz Hrvatske da kupe ulaznice za britansku lutriju.","og_url":"https:\/\/onlinelotto365.com\/hr\/kupiti-karte\/kako-kupiti-ulaznice-za-uk-lottery-putem-interneta\/","og_site_name":"OnlineLotto365","og_image":[{"url":"https:\/\/redfoxlotto.com\/image?size=8&amp;lottery=lotto-uk"}],"twitter_card":"summary_large_image","twitter_misc":{"Procijenjeno vrijeme \u010ditanja":"1 minuta"},"schema":{"@context":"https:\/\/schema.org","@graph":[{"@type":"WebPage","@id":"https:\/\/onlinelotto365.com\/hr\/kupiti-karte\/kako-kupiti-ulaznice-za-uk-lottery-putem-interneta\/","url":"https:\/\/onlinelotto365.com\/hr\/kupiti-karte\/kako-kupiti-ulaznice-za-uk-lottery-putem-interneta\/","name":"Kupite ulaznice za britansku lutriju online iz Hrvatske | Informacije o britanskoj lutriji, kako kupiti ulaznice.","isPartOf":{"@id":"https:\/\/onlinelotto365.com\/hr\/#website"},"primaryImageOfPage":{"@id":"https:\/\/onlinelotto365.com\/hr\/kupiti-karte\/kako-kupiti-ulaznice-za-uk-lottery-putem-interneta\/#primaryimage"},"image":{"@id":"https:\/\/onlinelotto365.com\/hr\/kupiti-karte\/kako-kupiti-ulaznice-za-uk-lottery-putem-interneta\/#primaryimage"},"thumbnailUrl":"https:\/\/redfoxlotto.com\/image?size=8&amp;lottery=lotto-uk","datePublished":"2023-09-25T11:08:02+00:00","dateModified":"2023-09-25T11:08:02+00:00","description":"Omogu\u0107ujemo igra\u010dima lutrije iz Hrvatske da kupe ulaznice za britansku lutriju.","breadcrumb":{"@id":"https:\/\/onlinelotto365.com\/hr\/kupiti-karte\/kako-kupiti-ulaznice-za-uk-lottery-putem-interneta\/#breadcrumb"},"inLanguage":"hr","potentialAction":[{"@type":"ReadAction","target":["https:\/\/onlinelotto365.com\/hr\/kupiti-karte\/kako-kupiti-ulaznice-za-uk-lottery-putem-interneta\/"]}]},{"@type":"ImageObject","inLanguage":"hr","@id":"https:\/\/onlinelotto365.com\/hr\/kupiti-karte\/kako-kupiti-ulaznice-za-uk-lottery-putem-interneta\/#primaryimage","url":"https:\/\/redfoxlotto.com\/image?size=8&amp;lottery=lotto-uk","contentUrl":"https:\/\/redfoxlotto.com\/image?size=8&amp;lottery=lotto-uk"},{"@type":"BreadcrumbList","@id":"https:\/\/onlinelotto365.com\/hr\/kupiti-karte\/kako-kupiti-ulaznice-za-uk-lottery-putem-interneta\/#breadcrumb","itemListElement":[{"@type":"ListItem","position":1,"name":"Home","item":"https:\/\/onlinelotto365.com\/hr\/"},{"@type":"ListItem","position":2,"name":"Online usluga za kupnju listi\u0107a me\u0111unarodnih loto doga\u0111aja","item":"https:\/\/onlinelotto365.com\/hr\/buy-tickets\/"},{"@type":"ListItem","position":3,"name":"Kako kupiti ulaznice za UK Lottery putem interneta"}]},{"@type":"WebSite","@id":"https:\/\/onlinelotto365.com\/hr\/#website","url":"https:\/\/onlinelotto365.com\/hr\/","name":"OnlineLotto365","description":"","potentialAction":[{"@type":"SearchAction","target":{"@type":"EntryPoint","urlTemplate":"https:\/\/onlinelotto365.com\/hr\/?s={search_term_string}"},"query-input":{"@type":"PropertyValueSpecification","valueRequired":true,"valueName":"search_term_string"}}],"inLanguage":"hr"}]}},"_links":{"self":[{"href":"https:\/\/onlinelotto365.com\/hr\/wp-json\/wp\/v2\/pages\/84098","targetHints":{"allow":["GET"]}}],"collection":[{"href":"https:\/\/onlinelotto365.com\/hr\/wp-json\/wp\/v2\/pages"}],"about":[{"href":"https:\/\/onlinelotto365.com\/hr\/wp-json\/wp\/v2\/types\/page"}],"author":[{"embeddable":true,"href":"https:\/\/onlinelotto365.com\/hr\/wp-json\/wp\/v2\/users\/1"}],"replies":[{"embeddable":true,"href":"https:\/\/onlinelotto365.com\/hr\/wp-json\/wp\/v2\/comments?post=84098"}],"version-history":[{"count":0,"href":"https:\/\/onlinelotto365.com\/hr\/wp-json\/wp\/v2\/pages\/84098\/revisions"}],"up":[{"embeddable":true,"href":"https:\/\/onlinelotto365.com\/hr\/wp-json\/wp\/v2\/pages\/5552"}],"wp:attachment":[{"href":"https:\/\/onlinelotto365.com\/hr\/wp-json\/wp\/v2\/media?parent=84098"}],"curies":[{"name":"wp","href":"https:\/\/api.w.org\/{rel}","templated":true}]}}