{"id":84106,"date":"2023-09-25T13:58:09","date_gmt":"2023-09-25T12:58:09","guid":{"rendered":"https:\/\/onlinelotto365.com\/kupiti-karte\/kako-kupiti-ulaznice-za-set-for-life-putem-interneta"},"modified":"2023-09-25T13:58:09","modified_gmt":"2023-09-25T12:58:09","slug":"kako-kupiti-ulaznice-za-set-for-life-putem-interneta","status":"publish","type":"page","link":"https:\/\/onlinelotto365.com\/hr\/kupiti-karte\/kako-kupiti-ulaznice-za-set-for-life-putem-interneta\/","title":{"rendered":"Kako kupiti ulaznice za &#8220;Set for Life&#8221; putem interneta"},"content":{"rendered":"<p>Kako kupiti ulaznice za lutriju &#8220;Set for Life&#8221; putem interneta:<\/p>\n<ol>\n<li>Posjetite stranicu za lutriju &#8220;Set for Life&#8221; i odaberite broj ulaznica koje \u017eelite te odaberite brojeve za svaku od tih ulaznica.<\/li>\n<li>Odaberite dodatne ulaznice za &#8220;Set for Life&#8221; ili druge lutrije kako biste ih dodali u svoju ko\u0161aricu.<\/li>\n<li>Odaberite opciju za pla\u0107anje.<\/li>\n<li>Slijedite upute za prijavu na svoj ra\u010dun ili provedite postupak stvaranja novog ra\u010duna ako ste novi korisnik.<\/li>\n<p><img decoding=\"async\" class=\"aligncenter\" src=\"https:\/\/redfoxlotto.com\/image?size=8&amp;lottery=set-for-life-uk\" alt=\"&quot;Set\" \/><\/p>\n<li>Zavr\u0161ite postupak verifikacije putem e-po\u0161te tako da otvorite svoj ra\u010dun i kliknete na poveznicu u e-poruci.<\/li>\n<li>Ako e-po\u0161ta ne stigne u va\u0161 inbox, provjerite mapu za ne\u017eeljenu po\u0161tu kako biste bili sigurni da ste je primili.<\/li>\n<li>Nakon \u0161to verificirate svoj ra\u010dun, idite u ko\u0161aricu na web stranici.<\/li>\n<li>Odaberite svoj preferirani na\u010din pla\u0107anja i pro\u0111ite kroz postupak pla\u0107anja.<\/li>\n<\/ol>\n<h2>Kako platiti svoju ulaznicu za &#8220;Set for Life&#8221; putem interneta:<\/h2>\n<p>Kada do\u0111e vrijeme za pla\u0107anje va\u0161ih ulaznica, primijetit \u0107ete da nije samo jednostavno, ve\u0107 i potpuno sigurno te nudi mnogo opcija.<\/p>\n<p>Odaberite na\u010din pla\u0107anja za svoje ulaznice:<\/p>\n<ul>\n<li>Izravna kupovina odabrane metode pla\u0107anja.<\/li>\n<li>Stavljanje novca na svoj ra\u010dun i kori\u0161tenje istog za kupovinu ulaznica.<\/li>\n<\/ul>\n<p>Obavezno stavite malo vi\u0161e novca na ra\u010dun kako biste bili sigurni da \u0107e va\u0161a odabrana metoda pla\u0107anja pro\u0107i.<\/p>\n<h2>Vi\u0161e informacija o &#8220;Set for Life&#8221;:<\/h2>\n<ul>\n<li>Dr\u017eava: UK<\/li>\n<li>Raspon glavnih brojeva: 45<\/li>\n<li>Odabirete: 5<\/li>\n<li>Raspon dodatnih brojeva: 10<\/li>\n<li>Odabirete: 1<\/li>\n<li>Dani i sati izvla\u010denja: ponedjeljak, \u010detvrtak, 20:00 GMT, 21:00 CET<\/li>\n<li>Minimalni jackpot:<\/li>\n<li>Maksimalni jackpot:<\/li>\n<li>Vjerojatnost osvajanja glavnog jackpota: 1 prema 15.339.390<\/li>\n<li>Vjerojatnost osvajanja drugog dobitka: 1 prema 1.704.377<\/li>\n<li>Vjerojatnost osvajanja bilo kojeg dobitka: 1 prema 12,4<\/li>\n<li>Broj razina dobitaka: 8<\/li>\n<\/ul>\n<h2>Prednosti kupovine ulaznica za &#8220;Set for Life&#8221; putem interneta:<\/h2>\n<ul>\n<li>Ne morate napu\u0161tati svoj dom kako biste kupili ulaznice.<\/li>\n<li>Niste ograni\u010deni na igranje lutrija iz Hrvatske.<\/li>\n<li>Mo\u017eete birati izme\u0111u razli\u010ditih lutrija diljem svijeta.<\/li>\n<li>Mo\u017eete birati igre s najve\u0107im jackpotima kako biste pove\u0107ali svoje \u0161anse.<\/li>\n<li>Mo\u017eete koristiti saldo na svom ra\u010dunu za kupovinu \u017eeljenih ulaznica.<\/li>\n<li>Mo\u017eete pratiti svoje ulaznice u svakom trenutku.<\/li>\n<li>Dobivate obavijest ako je va\u0161a ulaznica dobitna.<\/li>\n<li>Ne morate brinuti o odabiru brzih odabira za ulaznice.<\/li>\n<\/ul>\n<h2>Je li kupovina ulaznica za &#8220;Set for Life&#8221; putem interneta zakonita?<\/h2>\n<p>Ne morate brinuti o zakonitosti kupovine ulaznica putem interneta ili na tradicionalan na\u010din. Mo\u017eete se opustiti i vjerovati da \u0107emo se pridr\u017eavati svih regulacija zemlje iz koje dolaze ove igre. Sve \u0161to trebate u\u010diniti je kupiti ulaznicu, a jam\u010dimo da \u0107ete je dobiti ako imate pravo na nagradu, uklju\u010duju\u0107i i jackpot. Morate imati najmanje 18 godina da biste koristili na\u0161u web stranicu.<\/p>\n<h2>Kako \u0107u biti ispla\u0107en ako osvojim &#8220;Set for Life&#8221; putem interneta?<\/h2>\n<p>\u017delite biti ispla\u0107eni svaki cent koji vam pripada kada ne\u0161to osvojite, a to\u010dno to i radimo. Pobrinemo se da uvijek dobijete sav novac bez provizije i dodatnih naknada s va\u0161ih dobitaka. Jedini put kad morate platiti ne\u0161to je ako odlu\u010dite da \u017eelite bankovnu \u017ei\u010danu isplatu. Ako nam banka naplati naknadu, \u0161to se mo\u017ee dogoditi kod me\u0111unarodnih transfera, tada \u0107e vam mi naplatiti tu naknadu putem va\u0161eg ra\u010duna. To je jedini razlog zbog kojeg oduzimamo novac s va\u0161ih dobitaka. A ako osvojite, novac \u0107ete dobiti na jedan od samo nekoliko na\u010dina:<\/p>\n<ul>\n<li>Bilo koji iznos ispod 2.500 \u20ac je jednostavan jer \u0107e na\u0161a slu\u017eba za podr\u0161ku novac staviti izravno na va\u0161 ra\u010dun.<\/li>\n<li>Svaki iznos preko 2.500 \u20ac i dalje \u0107e biti jednostavan za vas jer \u0107e vam na\u0161a slu\u017eba za podr\u0161ku pomo\u0107i u postupku. Poslat \u0107emo vam obrazac za prijavu kako biste ga mogli ispuniti i obavijestiti nas \u017eelite li da vam novac bude poslan putem bankovne \u017ei\u010dane isplate ili kao \u010dek.<\/li>\n<\/ul>\n","protected":false},"excerpt":{"rendered":"<p>Kako kupiti ulaznice za lutriju &#8220;Set for Life&#8221; putem interneta: Posjetite stranicu za lutriju &#8220;Set for Life&#8221; i odaberite broj ulaznica koje \u017eelite te odaberite brojeve za svaku od tih ulaznica. Odaberite dodatne ulaznice za &#8220;Set for Life&#8221; ili druge lutrije kako biste ih dodali u svoju ko\u0161aricu. Odaberite opciju za pla\u0107anje. Slijedite upute za [&hellip;]<\/p>\n","protected":false},"author":1,"featured_media":0,"parent":5552,"menu_order":10,"comment_status":"closed","ping_status":"closed","template":"set-for-life-info.php","meta":{"_et_pb_use_builder":"","_et_pb_old_content":"","_et_gb_content_width":"","exclude_from_search":false,"footnotes":""},"class_list":["post-84106","page","type-page","status-publish","hentry"],"yoast_head":"<!-- This site is optimized with the Yoast SEO plugin v23.4 - https:\/\/yoast.com\/wordpress\/plugins\/seo\/ -->\n<title>Kupnja ulaznica za lutriju &quot;Set for Life&quot; putem interneta iz Hrvatske | Informacije o lutriji &quot;Set for Life&quot;, kako kupiti ulaznice<\/title>\n<meta name=\"description\" content=\"Lutriju &quot;Set for Life&quot; mo\u017eete osvojiti iz Hrvatske - kupite ulaznice putem interneta ovdje.\" \/>\n<meta name=\"robots\" content=\"index, follow, max-snippet:-1, max-image-preview:large, max-video-preview:-1\" \/>\n<link rel=\"canonical\" href=\"https:\/\/onlinelotto365.com\/hr\/kupiti-karte\/kako-kupiti-ulaznice-za-set-for-life-putem-interneta\/\" \/>\n<meta property=\"og:locale\" content=\"hr_HR\" \/>\n<meta property=\"og:type\" content=\"article\" \/>\n<meta property=\"og:title\" content=\"Kupnja ulaznica za lutriju &quot;Set for Life&quot; putem interneta iz Hrvatske | Informacije o lutriji &quot;Set for Life&quot;, kako kupiti ulaznice\" \/>\n<meta property=\"og:description\" content=\"Lutriju &quot;Set for Life&quot; mo\u017eete osvojiti iz Hrvatske - kupite ulaznice putem interneta ovdje.\" \/>\n<meta property=\"og:url\" content=\"https:\/\/onlinelotto365.com\/hr\/kupiti-karte\/kako-kupiti-ulaznice-za-set-for-life-putem-interneta\/\" \/>\n<meta property=\"og:site_name\" content=\"OnlineLotto365\" \/>\n<meta property=\"og:image\" content=\"https:\/\/redfoxlotto.com\/image?size=8&amp;lottery=set-for-life-uk\" \/>\n<meta name=\"twitter:card\" content=\"summary_large_image\" \/>\n<meta name=\"twitter:label1\" content=\"Procijenjeno vrijeme \u010ditanja\" \/>\n\t<meta name=\"twitter:data1\" content=\"3 minute\" \/>\n<script type=\"application\/ld+json\" class=\"yoast-schema-graph\">{\"@context\":\"https:\/\/schema.org\",\"@graph\":[{\"@type\":\"WebPage\",\"@id\":\"https:\/\/onlinelotto365.com\/hr\/kupiti-karte\/kako-kupiti-ulaznice-za-set-for-life-putem-interneta\/\",\"url\":\"https:\/\/onlinelotto365.com\/hr\/kupiti-karte\/kako-kupiti-ulaznice-za-set-for-life-putem-interneta\/\",\"name\":\"Kupnja ulaznica za lutriju \\\"Set for Life\\\" putem interneta iz Hrvatske | Informacije o lutriji \\\"Set for Life\\\", kako kupiti ulaznice\",\"isPartOf\":{\"@id\":\"https:\/\/onlinelotto365.com\/hr\/#website\"},\"primaryImageOfPage\":{\"@id\":\"https:\/\/onlinelotto365.com\/hr\/kupiti-karte\/kako-kupiti-ulaznice-za-set-for-life-putem-interneta\/#primaryimage\"},\"image\":{\"@id\":\"https:\/\/onlinelotto365.com\/hr\/kupiti-karte\/kako-kupiti-ulaznice-za-set-for-life-putem-interneta\/#primaryimage\"},\"thumbnailUrl\":\"https:\/\/redfoxlotto.com\/image?size=8&amp;lottery=set-for-life-uk\",\"datePublished\":\"2023-09-25T12:58:09+00:00\",\"dateModified\":\"2023-09-25T12:58:09+00:00\",\"description\":\"Lutriju \\\"Set for Life\\\" mo\u017eete osvojiti iz Hrvatske - kupite ulaznice putem interneta ovdje.\",\"breadcrumb\":{\"@id\":\"https:\/\/onlinelotto365.com\/hr\/kupiti-karte\/kako-kupiti-ulaznice-za-set-for-life-putem-interneta\/#breadcrumb\"},\"inLanguage\":\"hr\",\"potentialAction\":[{\"@type\":\"ReadAction\",\"target\":[\"https:\/\/onlinelotto365.com\/hr\/kupiti-karte\/kako-kupiti-ulaznice-za-set-for-life-putem-interneta\/\"]}]},{\"@type\":\"ImageObject\",\"inLanguage\":\"hr\",\"@id\":\"https:\/\/onlinelotto365.com\/hr\/kupiti-karte\/kako-kupiti-ulaznice-za-set-for-life-putem-interneta\/#primaryimage\",\"url\":\"https:\/\/redfoxlotto.com\/image?size=8&amp;lottery=set-for-life-uk\",\"contentUrl\":\"https:\/\/redfoxlotto.com\/image?size=8&amp;lottery=set-for-life-uk\"},{\"@type\":\"BreadcrumbList\",\"@id\":\"https:\/\/onlinelotto365.com\/hr\/kupiti-karte\/kako-kupiti-ulaznice-za-set-for-life-putem-interneta\/#breadcrumb\",\"itemListElement\":[{\"@type\":\"ListItem\",\"position\":1,\"name\":\"Home\",\"item\":\"https:\/\/onlinelotto365.com\/hr\/\"},{\"@type\":\"ListItem\",\"position\":2,\"name\":\"Online usluga za kupnju listi\u0107a me\u0111unarodnih loto doga\u0111aja\",\"item\":\"https:\/\/onlinelotto365.com\/hr\/buy-tickets\/\"},{\"@type\":\"ListItem\",\"position\":3,\"name\":\"Kako kupiti ulaznice za &#8220;Set for Life&#8221; putem interneta\"}]},{\"@type\":\"WebSite\",\"@id\":\"https:\/\/onlinelotto365.com\/hr\/#website\",\"url\":\"https:\/\/onlinelotto365.com\/hr\/\",\"name\":\"OnlineLotto365\",\"description\":\"\",\"potentialAction\":[{\"@type\":\"SearchAction\",\"target\":{\"@type\":\"EntryPoint\",\"urlTemplate\":\"https:\/\/onlinelotto365.com\/hr\/?s={search_term_string}\"},\"query-input\":{\"@type\":\"PropertyValueSpecification\",\"valueRequired\":true,\"valueName\":\"search_term_string\"}}],\"inLanguage\":\"hr\"}]}<\/script>\n<!-- \/ Yoast SEO plugin. -->","yoast_head_json":{"title":"Kupnja ulaznica za lutriju \"Set for Life\" putem interneta iz Hrvatske | Informacije o lutriji \"Set for Life\", kako kupiti ulaznice","description":"Lutriju \"Set for Life\" mo\u017eete osvojiti iz Hrvatske - kupite ulaznice putem interneta ovdje.","robots":{"index":"index","follow":"follow","max-snippet":"max-snippet:-1","max-image-preview":"max-image-preview:large","max-video-preview":"max-video-preview:-1"},"canonical":"https:\/\/onlinelotto365.com\/hr\/kupiti-karte\/kako-kupiti-ulaznice-za-set-for-life-putem-interneta\/","og_locale":"hr_HR","og_type":"article","og_title":"Kupnja ulaznica za lutriju \"Set for Life\" putem interneta iz Hrvatske | Informacije o lutriji \"Set for Life\", kako kupiti ulaznice","og_description":"Lutriju \"Set for Life\" mo\u017eete osvojiti iz Hrvatske - kupite ulaznice putem interneta ovdje.","og_url":"https:\/\/onlinelotto365.com\/hr\/kupiti-karte\/kako-kupiti-ulaznice-za-set-for-life-putem-interneta\/","og_site_name":"OnlineLotto365","og_image":[{"url":"https:\/\/redfoxlotto.com\/image?size=8&amp;lottery=set-for-life-uk"}],"twitter_card":"summary_large_image","twitter_misc":{"Procijenjeno vrijeme \u010ditanja":"3 minute"},"schema":{"@context":"https:\/\/schema.org","@graph":[{"@type":"WebPage","@id":"https:\/\/onlinelotto365.com\/hr\/kupiti-karte\/kako-kupiti-ulaznice-za-set-for-life-putem-interneta\/","url":"https:\/\/onlinelotto365.com\/hr\/kupiti-karte\/kako-kupiti-ulaznice-za-set-for-life-putem-interneta\/","name":"Kupnja ulaznica za lutriju \"Set for Life\" putem interneta iz Hrvatske | Informacije o lutriji \"Set for Life\", kako kupiti ulaznice","isPartOf":{"@id":"https:\/\/onlinelotto365.com\/hr\/#website"},"primaryImageOfPage":{"@id":"https:\/\/onlinelotto365.com\/hr\/kupiti-karte\/kako-kupiti-ulaznice-za-set-for-life-putem-interneta\/#primaryimage"},"image":{"@id":"https:\/\/onlinelotto365.com\/hr\/kupiti-karte\/kako-kupiti-ulaznice-za-set-for-life-putem-interneta\/#primaryimage"},"thumbnailUrl":"https:\/\/redfoxlotto.com\/image?size=8&amp;lottery=set-for-life-uk","datePublished":"2023-09-25T12:58:09+00:00","dateModified":"2023-09-25T12:58:09+00:00","description":"Lutriju \"Set for Life\" mo\u017eete osvojiti iz Hrvatske - kupite ulaznice putem interneta ovdje.","breadcrumb":{"@id":"https:\/\/onlinelotto365.com\/hr\/kupiti-karte\/kako-kupiti-ulaznice-za-set-for-life-putem-interneta\/#breadcrumb"},"inLanguage":"hr","potentialAction":[{"@type":"ReadAction","target":["https:\/\/onlinelotto365.com\/hr\/kupiti-karte\/kako-kupiti-ulaznice-za-set-for-life-putem-interneta\/"]}]},{"@type":"ImageObject","inLanguage":"hr","@id":"https:\/\/onlinelotto365.com\/hr\/kupiti-karte\/kako-kupiti-ulaznice-za-set-for-life-putem-interneta\/#primaryimage","url":"https:\/\/redfoxlotto.com\/image?size=8&amp;lottery=set-for-life-uk","contentUrl":"https:\/\/redfoxlotto.com\/image?size=8&amp;lottery=set-for-life-uk"},{"@type":"BreadcrumbList","@id":"https:\/\/onlinelotto365.com\/hr\/kupiti-karte\/kako-kupiti-ulaznice-za-set-for-life-putem-interneta\/#breadcrumb","itemListElement":[{"@type":"ListItem","position":1,"name":"Home","item":"https:\/\/onlinelotto365.com\/hr\/"},{"@type":"ListItem","position":2,"name":"Online usluga za kupnju listi\u0107a me\u0111unarodnih loto doga\u0111aja","item":"https:\/\/onlinelotto365.com\/hr\/buy-tickets\/"},{"@type":"ListItem","position":3,"name":"Kako kupiti ulaznice za &#8220;Set for Life&#8221; putem interneta"}]},{"@type":"WebSite","@id":"https:\/\/onlinelotto365.com\/hr\/#website","url":"https:\/\/onlinelotto365.com\/hr\/","name":"OnlineLotto365","description":"","potentialAction":[{"@type":"SearchAction","target":{"@type":"EntryPoint","urlTemplate":"https:\/\/onlinelotto365.com\/hr\/?s={search_term_string}"},"query-input":{"@type":"PropertyValueSpecification","valueRequired":true,"valueName":"search_term_string"}}],"inLanguage":"hr"}]}},"_links":{"self":[{"href":"https:\/\/onlinelotto365.com\/hr\/wp-json\/wp\/v2\/pages\/84106","targetHints":{"allow":["GET"]}}],"collection":[{"href":"https:\/\/onlinelotto365.com\/hr\/wp-json\/wp\/v2\/pages"}],"about":[{"href":"https:\/\/onlinelotto365.com\/hr\/wp-json\/wp\/v2\/types\/page"}],"author":[{"embeddable":true,"href":"https:\/\/onlinelotto365.com\/hr\/wp-json\/wp\/v2\/users\/1"}],"replies":[{"embeddable":true,"href":"https:\/\/onlinelotto365.com\/hr\/wp-json\/wp\/v2\/comments?post=84106"}],"version-history":[{"count":0,"href":"https:\/\/onlinelotto365.com\/hr\/wp-json\/wp\/v2\/pages\/84106\/revisions"}],"up":[{"embeddable":true,"href":"https:\/\/onlinelotto365.com\/hr\/wp-json\/wp\/v2\/pages\/5552"}],"wp:attachment":[{"href":"https:\/\/onlinelotto365.com\/hr\/wp-json\/wp\/v2\/media?parent=84106"}],"curies":[{"name":"wp","href":"https:\/\/api.w.org\/{rel}","templated":true}]}}