{"id":84116,"date":"2023-09-25T15:21:55","date_gmt":"2023-09-25T14:21:55","guid":{"rendered":"https:\/\/onlinelotto365.com\/kupiti-karte\/kako-kupiti-ulaznice-online-za-njemacki-loto"},"modified":"2023-09-25T15:21:55","modified_gmt":"2023-09-25T14:21:55","slug":"kako-kupiti-ulaznice-online-za-njemacki-loto","status":"publish","type":"page","link":"https:\/\/onlinelotto365.com\/hr\/kupiti-karte\/kako-kupiti-ulaznice-online-za-njemacki-loto\/","title":{"rendered":"Kako kupiti ulaznice online za njema\u010dki Loto?"},"content":{"rendered":"<p>Niste sasvim sigurni kako kupiti ulaznice za njema\u010dki Loto online? Onda ste do\u0161li na pravo mjesto jer \u0107emo vas voditi kroz izuzetno jednostavan postupak kako biste dobili \u017eeljene ulaznice dok ste u Hrvatskoj, i zatim \u010dekate izvla\u010denje da vidite jeste li osvojili ne\u0161to veliko.<\/p>\n<ol>\n<li>Idite na web stranicu lutrije za igru koju \u017eelite igrati i odaberite broj ulaznica koje \u017eelite i brojeve koje \u017eelite igrati.<\/li>\n<li>Nabavite koliko god \u017eelite ulaznica za ovu igru i druge igre.<\/li>\n<p><img decoding=\"async\" class=\"aligncenter\" src=\"https:\/\/redfoxlotto.com\/image?size=8&amp;lottery=lotto-6aus49\" alt=\"German Lotto 6aus49\" \/><\/p>\n<li>Kliknite gumb za pla\u0107anje sada.<\/li>\n<li>Prijavite se na svoj trenutni ra\u010dun kako biste obradili pla\u0107anje ili izradili novi ra\u010dun i zavr\u0161ili postupak registracije.<\/li>\n<li>Oni koji trebaju izraditi ra\u010dun tako\u0111er \u0107e trebati verificirati svoj ra\u010dun putem svog e-mail ra\u010duna.<\/li>\n<li>Pazite da pogledate i u svoj inbox i u spam mapu kako biste vidjeli je li e-mail poslan tamo i kliknite na link.<\/li>\n<li>Nakon \u0161to verificirate svoj ra\u010dun, idite u ko\u0161aricu za kupnju predmeta.<\/li>\n<li>Pro\u0111ite kroz postupak pla\u0107anja prema uputama koje su navedene.<\/li>\n<\/ol>\n<h2>Kako platiti svoju ulaznicu za njema\u010dki Loto online<\/h2>\n<p><img loading=\"lazy\" decoding=\"async\" class=\"alignright wp-image-3633\" src=\"https:\/\/onlinelotto365.com\/wp-content\/uploads\/2020\/11\/online_lottery-41-300x102.jpg\" alt=\"Njema\u010dki Loto online u Velikoj Britaniji\" width=\"376\" height=\"128\" srcset=\"https:\/\/onlinelotto365.com\/wp-content\/uploads\/2020\/11\/online_lottery-41-300x102.jpg 300w, https:\/\/onlinelotto365.com\/wp-content\/uploads\/2020\/11\/online_lottery-41.jpg 593w\" sizes=\"auto, (max-width: 376px) 100vw, 376px\" \/><br \/>\nMo\u017eete birati izme\u0111u nekoliko potpuno sigurnih opcija pla\u0107anja kada do\u0111e vrijeme za pla\u0107anje va\u0161ih ulaznica.<\/p>\n<h5>Sve te opcije spadaju u jednu od dvije razli\u010dite kategorije:<\/h5>\n<ul>\n<li>Platite svoje ulaznice unosom na\u010dina pla\u0107anja prilikom kupnje<\/li>\n<li>Platite svoje ulaznice dodavanjem novca na svoj igra\u010dki ra\u010dun i koristite ga za kupnju<\/li>\n<\/ul>\n<p>Pobrinite se da, ako dodajete novac na svoj ra\u010dun, dodate dovoljno da pokrije vi\u0161e od tro\u0161kova va\u0161e trenuta\u010dne transakcije kako bi bila odobrena.<\/p>\n<h2>Vi\u0161e informacija o njema\u010dkom Loto-u<\/h2>\n<p>Zemlja: Njema\u010dka Raspon glavnih brojeva: 49 Odabirete: 6 Dodatni broj automatski \u0107e se odabrati za vas Dani i sati izvla\u010denja: subota, 20:25 CET, 20:25 CET Minimalni jackpot: 1 milijun eura Maksimalni jackpot: nakon 12 izvla\u010denja Vjerojatnost osvajanja glavnog dobitka: 1 u 125854344 Vjerojatnost osvajanja dobitka druge kategorije: 1 u 13983816 Vjerojatnost osvajanja dobitka u bilo kojoj kategoriji: 1 u 31 Broj kategorija dobitaka: 9<\/p>\n<h2>Prednosti kupovine ulaznica za njema\u010dki Loto online<\/h2>\n<ul>\n<li>Nabavite ulaznice iz svog udobnog mjesta kod ku\u0107e.<\/li>\n<li>Nabavite sve vrste igara na lutriju koje \u017eelite.<\/li>\n<li>Imate bolje \u0161anse za najbolje jackpote odabirom pravih igara.<\/li>\n<li>Imate jednostavne opcije pla\u0107anja dodavanjem novca izravno na svoj igra\u010dki ra\u010dun za kupnju.<\/li>\n<li>Imate jednostavno pohranu svih va\u0161ih ulaznica za lutriju.<\/li>\n<li>Dobivate trenutno obavijest o dobitku.<\/li>\n<li>Imate jednostavne opcije odabira kako ne biste morali odabrati brojeve.<\/li>\n<\/ul>\n<h2>Je li zakonito kupiti ulaznice za njema\u010dki Loto online?<\/h2>\n<p>Ako ste zabrinuti zbog kupnje ulaznica putem interneta jer ste u Hrvatskoj i ne znate pravila, ne morate brinuti. Mi vam mo\u017eemo pomo\u0107i da se rije\u0161ite nekih briga jer se pobrinemo da se pridr\u017eavaju sve regulacije za zemlju iz koje dolazi lutrija. To vam poma\u017ee da se osje\u0107ate sigurnijima i jam\u010di da \u0107e svi novci koje osvojite i\u0107i izravno vama. Jedino pravilo je da morate imati 18 ili vi\u0161e godina da biste igrali.<\/p>\n<h2>Kako \u0107u biti ispla\u0107en ako osvojim njema\u010dki Loto online?<\/h2>\n<p>Kada je rije\u010d o dobivanju va\u0161ih dobitaka, ve\u0107 znamo da ne \u017eelite \u017ertvovati. \u017delite dobiti sve novce na koje imate pravo, i mi vam mo\u017eemo pomo\u0107i u tome. Zapravo, mo\u017eemo vam pomo\u0107i da zapo\u010dnete odmah jer ne\u0107emo uzeti proviziju od va\u0161ih dobitaka.<\/p>\n<p>Tako\u0111er vam ne\u0107emo naplatiti nikakve naknade. Da, to\u010dno je, osim ako ne odaberete da vam novac bude preba\u010den na va\u0161 bankovni ra\u010dun, ne\u0107emo vam naplatiti nikakve naknade za ni\u0161ta \u0161to radimo. Ako odaberete bankovni transfer, naplatit \u0107emo naknadu jer va\u0161a banka napla\u0107uje naknadu.<\/p>\n<h2>\u0160to se doga\u0111a kad osvojite:<\/h2>\n<ul>\n<li>Za one koji osvoje manje od 2500 eura, ne morate ni\u0161ta raditi. Mi \u0107emo se brinuti o svemu stavljaju\u0107i novac na va\u0161 ra\u010dun.<\/li>\n<li>Za one koji osvoje vi\u0161e od 2500 eura, dobit \u0107ete obrazac za zahtjev od na\u0161eg tima za podr\u0161ku. Taj obrazac \u0107e vam omogu\u0107iti da odlu\u010dite \u017eelite li biti pla\u0107eni \u010dekom ili bankovnim transferom. Zatim, mo\u017eete sjesti i \u010dekati da novac do\u0111e do vas za nekoliko dana.<\/li>\n<\/ul>\n","protected":false},"excerpt":{"rendered":"<p>Niste sasvim sigurni kako kupiti ulaznice za njema\u010dki Loto online? Onda ste do\u0161li na pravo mjesto jer \u0107emo vas voditi kroz izuzetno jednostavan postupak kako biste dobili \u017eeljene ulaznice dok ste u Hrvatskoj, i zatim \u010dekate izvla\u010denje da vidite jeste li osvojili ne\u0161to veliko. Idite na web stranicu lutrije za igru koju \u017eelite igrati i [&hellip;]<\/p>\n","protected":false},"author":1,"featured_media":0,"parent":5552,"menu_order":11,"comment_status":"closed","ping_status":"closed","template":"lotto-german-info.php","meta":{"_et_pb_use_builder":"","_et_pb_old_content":"","_et_gb_content_width":"","exclude_from_search":false,"footnotes":""},"class_list":["post-84116","page","type-page","status-publish","hentry"],"yoast_head":"<!-- This site is optimized with the Yoast SEO plugin v23.4 - https:\/\/yoast.com\/wordpress\/plugins\/seo\/ -->\n<title>Sada mo\u017eete kupiti ulaznice za njema\u010dki Loto online iz Hrvatske.<\/title>\n<meta name=\"description\" content=\"Ako \u017eivite u Hrvatskoj, jo\u0161 uvijek mo\u017eete kupiti ulaznice za njema\u010dki Loto online.\" \/>\n<meta name=\"robots\" content=\"index, follow, max-snippet:-1, max-image-preview:large, max-video-preview:-1\" \/>\n<link rel=\"canonical\" href=\"https:\/\/onlinelotto365.com\/hr\/kupiti-karte\/kako-kupiti-ulaznice-online-za-njemacki-loto\/\" \/>\n<meta property=\"og:locale\" content=\"hr_HR\" \/>\n<meta property=\"og:type\" content=\"article\" \/>\n<meta property=\"og:title\" content=\"Sada mo\u017eete kupiti ulaznice za njema\u010dki Loto online iz Hrvatske.\" \/>\n<meta property=\"og:description\" content=\"Ako \u017eivite u Hrvatskoj, jo\u0161 uvijek mo\u017eete kupiti ulaznice za njema\u010dki Loto online.\" \/>\n<meta property=\"og:url\" content=\"https:\/\/onlinelotto365.com\/hr\/kupiti-karte\/kako-kupiti-ulaznice-online-za-njemacki-loto\/\" \/>\n<meta property=\"og:site_name\" content=\"OnlineLotto365\" \/>\n<meta property=\"og:image\" content=\"https:\/\/redfoxlotto.com\/image?size=8&amp;lottery=lotto-6aus49\" \/>\n<meta name=\"twitter:card\" content=\"summary_large_image\" \/>\n<meta name=\"twitter:label1\" content=\"Procijenjeno vrijeme \u010ditanja\" \/>\n\t<meta name=\"twitter:data1\" content=\"3 minute\" \/>\n<script type=\"application\/ld+json\" class=\"yoast-schema-graph\">{\"@context\":\"https:\/\/schema.org\",\"@graph\":[{\"@type\":\"WebPage\",\"@id\":\"https:\/\/onlinelotto365.com\/hr\/kupiti-karte\/kako-kupiti-ulaznice-online-za-njemacki-loto\/\",\"url\":\"https:\/\/onlinelotto365.com\/hr\/kupiti-karte\/kako-kupiti-ulaznice-online-za-njemacki-loto\/\",\"name\":\"Sada mo\u017eete kupiti ulaznice za njema\u010dki Loto online iz Hrvatske.\",\"isPartOf\":{\"@id\":\"https:\/\/onlinelotto365.com\/hr\/#website\"},\"primaryImageOfPage\":{\"@id\":\"https:\/\/onlinelotto365.com\/hr\/kupiti-karte\/kako-kupiti-ulaznice-online-za-njemacki-loto\/#primaryimage\"},\"image\":{\"@id\":\"https:\/\/onlinelotto365.com\/hr\/kupiti-karte\/kako-kupiti-ulaznice-online-za-njemacki-loto\/#primaryimage\"},\"thumbnailUrl\":\"https:\/\/redfoxlotto.com\/image?size=8&amp;lottery=lotto-6aus49\",\"datePublished\":\"2023-09-25T14:21:55+00:00\",\"dateModified\":\"2023-09-25T14:21:55+00:00\",\"description\":\"Ako \u017eivite u Hrvatskoj, jo\u0161 uvijek mo\u017eete kupiti ulaznice za njema\u010dki Loto online.\",\"breadcrumb\":{\"@id\":\"https:\/\/onlinelotto365.com\/hr\/kupiti-karte\/kako-kupiti-ulaznice-online-za-njemacki-loto\/#breadcrumb\"},\"inLanguage\":\"hr\",\"potentialAction\":[{\"@type\":\"ReadAction\",\"target\":[\"https:\/\/onlinelotto365.com\/hr\/kupiti-karte\/kako-kupiti-ulaznice-online-za-njemacki-loto\/\"]}]},{\"@type\":\"ImageObject\",\"inLanguage\":\"hr\",\"@id\":\"https:\/\/onlinelotto365.com\/hr\/kupiti-karte\/kako-kupiti-ulaznice-online-za-njemacki-loto\/#primaryimage\",\"url\":\"https:\/\/redfoxlotto.com\/image?size=8&amp;lottery=lotto-6aus49\",\"contentUrl\":\"https:\/\/redfoxlotto.com\/image?size=8&amp;lottery=lotto-6aus49\"},{\"@type\":\"BreadcrumbList\",\"@id\":\"https:\/\/onlinelotto365.com\/hr\/kupiti-karte\/kako-kupiti-ulaznice-online-za-njemacki-loto\/#breadcrumb\",\"itemListElement\":[{\"@type\":\"ListItem\",\"position\":1,\"name\":\"Home\",\"item\":\"https:\/\/onlinelotto365.com\/hr\/\"},{\"@type\":\"ListItem\",\"position\":2,\"name\":\"Online usluga za kupnju listi\u0107a me\u0111unarodnih loto doga\u0111aja\",\"item\":\"https:\/\/onlinelotto365.com\/hr\/buy-tickets\/\"},{\"@type\":\"ListItem\",\"position\":3,\"name\":\"Kako kupiti ulaznice online za njema\u010dki Loto?\"}]},{\"@type\":\"WebSite\",\"@id\":\"https:\/\/onlinelotto365.com\/hr\/#website\",\"url\":\"https:\/\/onlinelotto365.com\/hr\/\",\"name\":\"OnlineLotto365\",\"description\":\"\",\"potentialAction\":[{\"@type\":\"SearchAction\",\"target\":{\"@type\":\"EntryPoint\",\"urlTemplate\":\"https:\/\/onlinelotto365.com\/hr\/?s={search_term_string}\"},\"query-input\":{\"@type\":\"PropertyValueSpecification\",\"valueRequired\":true,\"valueName\":\"search_term_string\"}}],\"inLanguage\":\"hr\"}]}<\/script>\n<!-- \/ Yoast SEO plugin. -->","yoast_head_json":{"title":"Sada mo\u017eete kupiti ulaznice za njema\u010dki Loto online iz Hrvatske.","description":"Ako \u017eivite u Hrvatskoj, jo\u0161 uvijek mo\u017eete kupiti ulaznice za njema\u010dki Loto online.","robots":{"index":"index","follow":"follow","max-snippet":"max-snippet:-1","max-image-preview":"max-image-preview:large","max-video-preview":"max-video-preview:-1"},"canonical":"https:\/\/onlinelotto365.com\/hr\/kupiti-karte\/kako-kupiti-ulaznice-online-za-njemacki-loto\/","og_locale":"hr_HR","og_type":"article","og_title":"Sada mo\u017eete kupiti ulaznice za njema\u010dki Loto online iz Hrvatske.","og_description":"Ako \u017eivite u Hrvatskoj, jo\u0161 uvijek mo\u017eete kupiti ulaznice za njema\u010dki Loto online.","og_url":"https:\/\/onlinelotto365.com\/hr\/kupiti-karte\/kako-kupiti-ulaznice-online-za-njemacki-loto\/","og_site_name":"OnlineLotto365","og_image":[{"url":"https:\/\/redfoxlotto.com\/image?size=8&amp;lottery=lotto-6aus49"}],"twitter_card":"summary_large_image","twitter_misc":{"Procijenjeno vrijeme \u010ditanja":"3 minute"},"schema":{"@context":"https:\/\/schema.org","@graph":[{"@type":"WebPage","@id":"https:\/\/onlinelotto365.com\/hr\/kupiti-karte\/kako-kupiti-ulaznice-online-za-njemacki-loto\/","url":"https:\/\/onlinelotto365.com\/hr\/kupiti-karte\/kako-kupiti-ulaznice-online-za-njemacki-loto\/","name":"Sada mo\u017eete kupiti ulaznice za njema\u010dki Loto online iz Hrvatske.","isPartOf":{"@id":"https:\/\/onlinelotto365.com\/hr\/#website"},"primaryImageOfPage":{"@id":"https:\/\/onlinelotto365.com\/hr\/kupiti-karte\/kako-kupiti-ulaznice-online-za-njemacki-loto\/#primaryimage"},"image":{"@id":"https:\/\/onlinelotto365.com\/hr\/kupiti-karte\/kako-kupiti-ulaznice-online-za-njemacki-loto\/#primaryimage"},"thumbnailUrl":"https:\/\/redfoxlotto.com\/image?size=8&amp;lottery=lotto-6aus49","datePublished":"2023-09-25T14:21:55+00:00","dateModified":"2023-09-25T14:21:55+00:00","description":"Ako \u017eivite u Hrvatskoj, jo\u0161 uvijek mo\u017eete kupiti ulaznice za njema\u010dki Loto online.","breadcrumb":{"@id":"https:\/\/onlinelotto365.com\/hr\/kupiti-karte\/kako-kupiti-ulaznice-online-za-njemacki-loto\/#breadcrumb"},"inLanguage":"hr","potentialAction":[{"@type":"ReadAction","target":["https:\/\/onlinelotto365.com\/hr\/kupiti-karte\/kako-kupiti-ulaznice-online-za-njemacki-loto\/"]}]},{"@type":"ImageObject","inLanguage":"hr","@id":"https:\/\/onlinelotto365.com\/hr\/kupiti-karte\/kako-kupiti-ulaznice-online-za-njemacki-loto\/#primaryimage","url":"https:\/\/redfoxlotto.com\/image?size=8&amp;lottery=lotto-6aus49","contentUrl":"https:\/\/redfoxlotto.com\/image?size=8&amp;lottery=lotto-6aus49"},{"@type":"BreadcrumbList","@id":"https:\/\/onlinelotto365.com\/hr\/kupiti-karte\/kako-kupiti-ulaznice-online-za-njemacki-loto\/#breadcrumb","itemListElement":[{"@type":"ListItem","position":1,"name":"Home","item":"https:\/\/onlinelotto365.com\/hr\/"},{"@type":"ListItem","position":2,"name":"Online usluga za kupnju listi\u0107a me\u0111unarodnih loto doga\u0111aja","item":"https:\/\/onlinelotto365.com\/hr\/buy-tickets\/"},{"@type":"ListItem","position":3,"name":"Kako kupiti ulaznice online za njema\u010dki Loto?"}]},{"@type":"WebSite","@id":"https:\/\/onlinelotto365.com\/hr\/#website","url":"https:\/\/onlinelotto365.com\/hr\/","name":"OnlineLotto365","description":"","potentialAction":[{"@type":"SearchAction","target":{"@type":"EntryPoint","urlTemplate":"https:\/\/onlinelotto365.com\/hr\/?s={search_term_string}"},"query-input":{"@type":"PropertyValueSpecification","valueRequired":true,"valueName":"search_term_string"}}],"inLanguage":"hr"}]}},"_links":{"self":[{"href":"https:\/\/onlinelotto365.com\/hr\/wp-json\/wp\/v2\/pages\/84116","targetHints":{"allow":["GET"]}}],"collection":[{"href":"https:\/\/onlinelotto365.com\/hr\/wp-json\/wp\/v2\/pages"}],"about":[{"href":"https:\/\/onlinelotto365.com\/hr\/wp-json\/wp\/v2\/types\/page"}],"author":[{"embeddable":true,"href":"https:\/\/onlinelotto365.com\/hr\/wp-json\/wp\/v2\/users\/1"}],"replies":[{"embeddable":true,"href":"https:\/\/onlinelotto365.com\/hr\/wp-json\/wp\/v2\/comments?post=84116"}],"version-history":[{"count":0,"href":"https:\/\/onlinelotto365.com\/hr\/wp-json\/wp\/v2\/pages\/84116\/revisions"}],"up":[{"embeddable":true,"href":"https:\/\/onlinelotto365.com\/hr\/wp-json\/wp\/v2\/pages\/5552"}],"wp:attachment":[{"href":"https:\/\/onlinelotto365.com\/hr\/wp-json\/wp\/v2\/media?parent=84116"}],"curies":[{"name":"wp","href":"https:\/\/api.w.org\/{rel}","templated":true}]}}