{"id":84125,"date":"2023-09-25T19:00:47","date_gmt":"2023-09-25T18:00:47","guid":{"rendered":"https:\/\/onlinelotto365.com\/kupiti-karte\/kako-kupiti-ulaznice-za-mega-sena-brazil-online"},"modified":"2023-09-25T19:00:47","modified_gmt":"2023-09-25T18:00:47","slug":"kako-kupiti-ulaznice-za-mega-sena-brazil-online","status":"publish","type":"page","link":"https:\/\/onlinelotto365.com\/hr\/kupiti-karte\/kako-kupiti-ulaznice-za-mega-sena-brazil-online\/","title":{"rendered":"Kako kupiti ulaznice za Mega-Sena Brazil online"},"content":{"rendered":"<p>\u017delite li saznati kako mo\u017eete dobiti ulaznice za Mega-Senu, iako \u017eivite u Hrvatskoj ili bilo kojoj drugoj zemlji izvan Brazila? Pa, tada \u0107ete htjeti pro\u010ditati malo vi\u0161e jer vam mo\u017eemo pomo\u0107i u cijelom postupku i osigurati da ste na pravom putu da dobijete ulaznice za sve igre koje \u017eelite igrati.<\/p>\n<ul>\n<li>Sve \u0161to trebate u\u010diniti da biste po\u010deli jest odabrati igru koju \u017eelite igrati i odabrati brojeve ulaznica koje \u017eelite za tu igru.<\/li>\n<p><img decoding=\"async\" class=\"aligncenter\" src=\"https:\/\/redfoxlotto.com\/image?size=8&amp;lottery=mega-sena\" alt=\"mega-sena\" \/><\/p>\n<li>Dodajte koliko god ulaznica \u017eelite za tu igru ili bilo koju drugu igru koju \u017eelite igrati.<\/li>\n<li>Kliknite gumb za zapo\u010dinjanje postupka pla\u0107anja.<\/li>\n<li>Prijavite se na svoj postoje\u0107i ra\u010dun ili stvorite novi ra\u010dun kako biste kupili ulaznice.<\/li>\n<li>Ako morate stvoriti novi ra\u010dun, morat \u0107ete pro\u0107i kroz postupak registracije. Va\u0161a poveznica za verifikaciju bit \u0107e poslana na va\u0161u e-po\u0161tu.<\/li>\n<li>Ako e-po\u0161ta ne stigne u va\u0161u primarnu po\u0161tu, \u017eelite provjeriti mapu s ne\u017eeljenom po\u0161tom kako biste bili sigurni da je primljena.<\/li>\n<li>Nakon \u0161to ste verificirali svoj ra\u010dun, idite na ko\u0161aricu na web stranici.<\/li>\n<li>Slijedite upute za pla\u0107anje ulaznica putem odabrane metode pla\u0107anja.<\/li>\n<\/ul>\n<h2>Kako platiti svoju Mega-Sena ulaznicu online<\/h2>\n<p><img loading=\"lazy\" decoding=\"async\" class=\"alignright wp-image-3660\" src=\"https:\/\/onlinelotto365.com\/wp-content\/uploads\/2020\/11\/online_lottery-133-300x212.jpg\" alt=\"Mega-Sena online Ujedinjeno Kraljevstvo\" width=\"177\" height=\"125\" srcset=\"https:\/\/onlinelotto365.com\/wp-content\/uploads\/2020\/11\/online_lottery-133-300x212.jpg 300w, https:\/\/onlinelotto365.com\/wp-content\/uploads\/2020\/11\/online_lottery-133.jpg 320w\" sizes=\"auto, (max-width: 177px) 100vw, 177px\" \/><br \/>\nVa\u017eno vam je sigurno pla\u0107anje ulaznica i mi vam olak\u0161avamo \u0161to je vi\u0161e mogu\u0107e nude\u0107i vam razli\u010dite opcije izravnog pla\u0107anja, kao i sekundarnu opciju za kupnju ulaznica. Samo trebate po\u010deti s jednim od sljede\u0107a dva.<\/p>\n<ul>\n<li>Platite izravno koriste\u0107i svoju omiljenu metodu pla\u0107anja<\/li>\n<li>Dodajte novac na svoj korisni\u010dki ra\u010dun kako biste mogli izravno kupovati ulaznice s ra\u010duna.<\/li>\n<\/ul>\n<p>Obavezno dodajte malo vi\u0161e na svoj korisni\u010dki ra\u010dun ako \u0107ete odabrati tu metodu. Na taj na\u010din \u0107e stanje va\u0161eg ra\u010duna mo\u0107i platiti kupnju.<\/p>\n<h2>Vi\u0161e informacija o Mega-Seni<\/h2>\n<ul>\n<li>Dr\u017eava: Brazil<\/li>\n<li>Raspon glavnih brojeva: 60<\/li>\n<li>Vi birate: 6<\/li>\n<li>Dani i sati izvla\u010denja: srijeda, subota, 20:00 GMT -3, 24:00 CET<\/li>\n<li>Minimalni jackpot: R$ 2 milijuna<\/li>\n<li>Maksimalni jackpot: nema<\/li>\n<li>Vjerojatnost osvajanja glavnog dobitka: 1 prema 50063860<\/li>\n<li>Vjerojatnost osvajanja dobitka 2. razine: 1 prema 15451809<\/li>\n<li>Vjerojatnost osvajanja dobitka u bilo kojoj razini: 1 prema 2297,56<\/li>\n<li>Broj razina dobitaka: 3<\/li>\n<\/ul>\n<h2>Prednosti kupnje ulaznica za Mega-Senu online<\/h2>\n<ul>\n<li>Nema potrebe za putovanjem &#8211; samo kupite ulaznice iz udobnosti svog doma<\/li>\n<li>Izaberite razli\u010dite lutrijske igre<\/li>\n<li>Dobijte najbolje \u0161anse za osvajanje igara s visokim jackpotima<\/li>\n<li>Stavite novac izravno na svoj ra\u010dun za kupnju<\/li>\n<li>Lako pratite svoje ulaznice<\/li>\n<li>Primate obavijesti kad god osvojite na svojim ulaznicama<\/li>\n<li>Koristite opciju brzog odabira kako biste dobili ulaznice bez odabira brojeva<\/li>\n<\/ul>\n<h2>Je li legalno kupovati Mega-Sena ulaznice online?<\/h2>\n<p>Mnogi se pitaju mo\u017eete li kupiti ulaznice za Mega-Senu online jer Hrvatska ili neka druga zemlja izvan Brazila njihova su zemlja prebivali\u0161ta. Ili mo\u017eda \u017eive u drugoj zemlji, ali ne u Brazilu. Mi vam poma\u017eemo da rije\u0161ite neke od tih briga tako \u0161to se osiguravamo da sve \u0161to radimo temeljimo na propisima zemlje koja provodi lutriju. To vam olak\u0161ava kupnju ulaznica i osje\u0107aj udobnosti u cijelom procesu. Osim toga, zajam\u010deno \u0107ete dobiti sav novac koji osvojite, uklju\u010duju\u0107i jackpot.<\/p>\n<h2>Kako \u0107u biti ispla\u0107en ako osvojim Mega-Sena online?<\/h2>\n<p>Kada je rije\u010d o isplatama dobitnicima, mi to radimo na najbolji na\u010din, tako da \u0107ete dobiti svaku kunu. Ne morate nam platiti proviziju za bilo koji iznos koji osvojite, bilo da se radi o malom dobitku ili \u010dak jackpotu. Tako\u0111er nam ne morate platiti nikakve naknade osim ako odaberete bankovni transfer. Svom drugim metodama pla\u0107anja dobit \u0107ete sav novac koji ste osvojili. S bankovnim transferima ponekad imamo tro\u0161kove od banke, a ta naknada se oduzima iz va\u0161eg dobitka tijekom postupka transfera.<\/p>\n<h2>Kada osvojite, trebate znati postupak koji slijedi kako biste dobili novac:<\/h2>\n<ul>\n<li>Svi koji osvoje manje od 2500 \u20ac dobit \u0107e novac koji \u0107e im biti izravno upla\u0107en na ra\u010dun bez potrebe za dodatnim postupcima<\/li>\n<li>Svi koji osvoje vi\u0161e od 2500 \u20ac dobit \u0107e obrazac zahtjeva od na\u0161e podr\u0161ke. Taj obrazac omogu\u0107it \u0107e vam da odaberete kako \u0107ete primiti novac. Mo\u017eete odabrati ili \u010dek na puni iznos ili izvr\u0161iti bankovni transfer. Bilo kako bilo, novac \u0107ete primiti unutar nekoliko dana, \u010dak i ako \u017eivite u Hrvatskoj.<\/li>\n<\/ul>\n","protected":false},"excerpt":{"rendered":"<p>\u017delite li saznati kako mo\u017eete dobiti ulaznice za Mega-Senu, iako \u017eivite u Hrvatskoj ili bilo kojoj drugoj zemlji izvan Brazila? Pa, tada \u0107ete htjeti pro\u010ditati malo vi\u0161e jer vam mo\u017eemo pomo\u0107i u cijelom postupku i osigurati da ste na pravom putu da dobijete ulaznice za sve igre koje \u017eelite igrati. Sve \u0161to trebate u\u010diniti da [&hellip;]<\/p>\n","protected":false},"author":1,"featured_media":0,"parent":5552,"menu_order":12,"comment_status":"closed","ping_status":"closed","template":"megasena-info.php","meta":{"_et_pb_use_builder":"","_et_pb_old_content":"","_et_gb_content_width":"","exclude_from_search":false,"footnotes":""},"class_list":["post-84125","page","type-page","status-publish","hentry"],"yoast_head":"<!-- This site is optimized with the Yoast SEO plugin v23.4 - https:\/\/yoast.com\/wordpress\/plugins\/seo\/ -->\n<title>Kupite ulaznice za Mega-Senu online iz Hrvatske | O Mega-Seni i kako do\u0107i do ulaznica<\/title>\n<meta name=\"description\" content=\"Ovo je sjavna lutrija iz Brazila - i sada mo\u017eete kupiti ulaznice online\" \/>\n<meta name=\"robots\" content=\"index, follow, max-snippet:-1, max-image-preview:large, max-video-preview:-1\" \/>\n<link rel=\"canonical\" href=\"https:\/\/onlinelotto365.com\/hr\/kupiti-karte\/kako-kupiti-ulaznice-za-mega-sena-brazil-online\/\" \/>\n<meta property=\"og:locale\" content=\"hr_HR\" \/>\n<meta property=\"og:type\" content=\"article\" \/>\n<meta property=\"og:title\" content=\"Kupite ulaznice za Mega-Senu online iz Hrvatske | O Mega-Seni i kako do\u0107i do ulaznica\" \/>\n<meta property=\"og:description\" content=\"Ovo je sjavna lutrija iz Brazila - i sada mo\u017eete kupiti ulaznice online\" \/>\n<meta property=\"og:url\" content=\"https:\/\/onlinelotto365.com\/hr\/kupiti-karte\/kako-kupiti-ulaznice-za-mega-sena-brazil-online\/\" \/>\n<meta property=\"og:site_name\" content=\"OnlineLotto365\" \/>\n<meta property=\"og:image\" content=\"https:\/\/redfoxlotto.com\/image?size=8&amp;lottery=mega-sena\" \/>\n<meta name=\"twitter:card\" content=\"summary_large_image\" \/>\n<meta name=\"twitter:label1\" content=\"Procijenjeno vrijeme \u010ditanja\" \/>\n\t<meta name=\"twitter:data1\" content=\"3 minute\" \/>\n<script type=\"application\/ld+json\" class=\"yoast-schema-graph\">{\"@context\":\"https:\/\/schema.org\",\"@graph\":[{\"@type\":\"WebPage\",\"@id\":\"https:\/\/onlinelotto365.com\/hr\/kupiti-karte\/kako-kupiti-ulaznice-za-mega-sena-brazil-online\/\",\"url\":\"https:\/\/onlinelotto365.com\/hr\/kupiti-karte\/kako-kupiti-ulaznice-za-mega-sena-brazil-online\/\",\"name\":\"Kupite ulaznice za Mega-Senu online iz Hrvatske | O Mega-Seni i kako do\u0107i do ulaznica\",\"isPartOf\":{\"@id\":\"https:\/\/onlinelotto365.com\/hr\/#website\"},\"primaryImageOfPage\":{\"@id\":\"https:\/\/onlinelotto365.com\/hr\/kupiti-karte\/kako-kupiti-ulaznice-za-mega-sena-brazil-online\/#primaryimage\"},\"image\":{\"@id\":\"https:\/\/onlinelotto365.com\/hr\/kupiti-karte\/kako-kupiti-ulaznice-za-mega-sena-brazil-online\/#primaryimage\"},\"thumbnailUrl\":\"https:\/\/redfoxlotto.com\/image?size=8&amp;lottery=mega-sena\",\"datePublished\":\"2023-09-25T18:00:47+00:00\",\"dateModified\":\"2023-09-25T18:00:47+00:00\",\"description\":\"Ovo je sjavna lutrija iz Brazila - i sada mo\u017eete kupiti ulaznice online\",\"breadcrumb\":{\"@id\":\"https:\/\/onlinelotto365.com\/hr\/kupiti-karte\/kako-kupiti-ulaznice-za-mega-sena-brazil-online\/#breadcrumb\"},\"inLanguage\":\"hr\",\"potentialAction\":[{\"@type\":\"ReadAction\",\"target\":[\"https:\/\/onlinelotto365.com\/hr\/kupiti-karte\/kako-kupiti-ulaznice-za-mega-sena-brazil-online\/\"]}]},{\"@type\":\"ImageObject\",\"inLanguage\":\"hr\",\"@id\":\"https:\/\/onlinelotto365.com\/hr\/kupiti-karte\/kako-kupiti-ulaznice-za-mega-sena-brazil-online\/#primaryimage\",\"url\":\"https:\/\/redfoxlotto.com\/image?size=8&amp;lottery=mega-sena\",\"contentUrl\":\"https:\/\/redfoxlotto.com\/image?size=8&amp;lottery=mega-sena\"},{\"@type\":\"BreadcrumbList\",\"@id\":\"https:\/\/onlinelotto365.com\/hr\/kupiti-karte\/kako-kupiti-ulaznice-za-mega-sena-brazil-online\/#breadcrumb\",\"itemListElement\":[{\"@type\":\"ListItem\",\"position\":1,\"name\":\"Home\",\"item\":\"https:\/\/onlinelotto365.com\/hr\/\"},{\"@type\":\"ListItem\",\"position\":2,\"name\":\"Online usluga za kupnju listi\u0107a me\u0111unarodnih loto doga\u0111aja\",\"item\":\"https:\/\/onlinelotto365.com\/hr\/buy-tickets\/\"},{\"@type\":\"ListItem\",\"position\":3,\"name\":\"Kako kupiti ulaznice za Mega-Sena Brazil online\"}]},{\"@type\":\"WebSite\",\"@id\":\"https:\/\/onlinelotto365.com\/hr\/#website\",\"url\":\"https:\/\/onlinelotto365.com\/hr\/\",\"name\":\"OnlineLotto365\",\"description\":\"\",\"potentialAction\":[{\"@type\":\"SearchAction\",\"target\":{\"@type\":\"EntryPoint\",\"urlTemplate\":\"https:\/\/onlinelotto365.com\/hr\/?s={search_term_string}\"},\"query-input\":{\"@type\":\"PropertyValueSpecification\",\"valueRequired\":true,\"valueName\":\"search_term_string\"}}],\"inLanguage\":\"hr\"}]}<\/script>\n<!-- \/ Yoast SEO plugin. -->","yoast_head_json":{"title":"Kupite ulaznice za Mega-Senu online iz Hrvatske | O Mega-Seni i kako do\u0107i do ulaznica","description":"Ovo je sjavna lutrija iz Brazila - i sada mo\u017eete kupiti ulaznice online","robots":{"index":"index","follow":"follow","max-snippet":"max-snippet:-1","max-image-preview":"max-image-preview:large","max-video-preview":"max-video-preview:-1"},"canonical":"https:\/\/onlinelotto365.com\/hr\/kupiti-karte\/kako-kupiti-ulaznice-za-mega-sena-brazil-online\/","og_locale":"hr_HR","og_type":"article","og_title":"Kupite ulaznice za Mega-Senu online iz Hrvatske | O Mega-Seni i kako do\u0107i do ulaznica","og_description":"Ovo je sjavna lutrija iz Brazila - i sada mo\u017eete kupiti ulaznice online","og_url":"https:\/\/onlinelotto365.com\/hr\/kupiti-karte\/kako-kupiti-ulaznice-za-mega-sena-brazil-online\/","og_site_name":"OnlineLotto365","og_image":[{"url":"https:\/\/redfoxlotto.com\/image?size=8&amp;lottery=mega-sena"}],"twitter_card":"summary_large_image","twitter_misc":{"Procijenjeno vrijeme \u010ditanja":"3 minute"},"schema":{"@context":"https:\/\/schema.org","@graph":[{"@type":"WebPage","@id":"https:\/\/onlinelotto365.com\/hr\/kupiti-karte\/kako-kupiti-ulaznice-za-mega-sena-brazil-online\/","url":"https:\/\/onlinelotto365.com\/hr\/kupiti-karte\/kako-kupiti-ulaznice-za-mega-sena-brazil-online\/","name":"Kupite ulaznice za Mega-Senu online iz Hrvatske | O Mega-Seni i kako do\u0107i do ulaznica","isPartOf":{"@id":"https:\/\/onlinelotto365.com\/hr\/#website"},"primaryImageOfPage":{"@id":"https:\/\/onlinelotto365.com\/hr\/kupiti-karte\/kako-kupiti-ulaznice-za-mega-sena-brazil-online\/#primaryimage"},"image":{"@id":"https:\/\/onlinelotto365.com\/hr\/kupiti-karte\/kako-kupiti-ulaznice-za-mega-sena-brazil-online\/#primaryimage"},"thumbnailUrl":"https:\/\/redfoxlotto.com\/image?size=8&amp;lottery=mega-sena","datePublished":"2023-09-25T18:00:47+00:00","dateModified":"2023-09-25T18:00:47+00:00","description":"Ovo je sjavna lutrija iz Brazila - i sada mo\u017eete kupiti ulaznice online","breadcrumb":{"@id":"https:\/\/onlinelotto365.com\/hr\/kupiti-karte\/kako-kupiti-ulaznice-za-mega-sena-brazil-online\/#breadcrumb"},"inLanguage":"hr","potentialAction":[{"@type":"ReadAction","target":["https:\/\/onlinelotto365.com\/hr\/kupiti-karte\/kako-kupiti-ulaznice-za-mega-sena-brazil-online\/"]}]},{"@type":"ImageObject","inLanguage":"hr","@id":"https:\/\/onlinelotto365.com\/hr\/kupiti-karte\/kako-kupiti-ulaznice-za-mega-sena-brazil-online\/#primaryimage","url":"https:\/\/redfoxlotto.com\/image?size=8&amp;lottery=mega-sena","contentUrl":"https:\/\/redfoxlotto.com\/image?size=8&amp;lottery=mega-sena"},{"@type":"BreadcrumbList","@id":"https:\/\/onlinelotto365.com\/hr\/kupiti-karte\/kako-kupiti-ulaznice-za-mega-sena-brazil-online\/#breadcrumb","itemListElement":[{"@type":"ListItem","position":1,"name":"Home","item":"https:\/\/onlinelotto365.com\/hr\/"},{"@type":"ListItem","position":2,"name":"Online usluga za kupnju listi\u0107a me\u0111unarodnih loto doga\u0111aja","item":"https:\/\/onlinelotto365.com\/hr\/buy-tickets\/"},{"@type":"ListItem","position":3,"name":"Kako kupiti ulaznice za Mega-Sena Brazil online"}]},{"@type":"WebSite","@id":"https:\/\/onlinelotto365.com\/hr\/#website","url":"https:\/\/onlinelotto365.com\/hr\/","name":"OnlineLotto365","description":"","potentialAction":[{"@type":"SearchAction","target":{"@type":"EntryPoint","urlTemplate":"https:\/\/onlinelotto365.com\/hr\/?s={search_term_string}"},"query-input":{"@type":"PropertyValueSpecification","valueRequired":true,"valueName":"search_term_string"}}],"inLanguage":"hr"}]}},"_links":{"self":[{"href":"https:\/\/onlinelotto365.com\/hr\/wp-json\/wp\/v2\/pages\/84125","targetHints":{"allow":["GET"]}}],"collection":[{"href":"https:\/\/onlinelotto365.com\/hr\/wp-json\/wp\/v2\/pages"}],"about":[{"href":"https:\/\/onlinelotto365.com\/hr\/wp-json\/wp\/v2\/types\/page"}],"author":[{"embeddable":true,"href":"https:\/\/onlinelotto365.com\/hr\/wp-json\/wp\/v2\/users\/1"}],"replies":[{"embeddable":true,"href":"https:\/\/onlinelotto365.com\/hr\/wp-json\/wp\/v2\/comments?post=84125"}],"version-history":[{"count":0,"href":"https:\/\/onlinelotto365.com\/hr\/wp-json\/wp\/v2\/pages\/84125\/revisions"}],"up":[{"embeddable":true,"href":"https:\/\/onlinelotto365.com\/hr\/wp-json\/wp\/v2\/pages\/5552"}],"wp:attachment":[{"href":"https:\/\/onlinelotto365.com\/hr\/wp-json\/wp\/v2\/media?parent=84125"}],"curies":[{"name":"wp","href":"https:\/\/api.w.org\/{rel}","templated":true}]}}