{"id":84134,"date":"2023-09-26T07:55:30","date_gmt":"2023-09-26T06:55:30","guid":{"rendered":"https:\/\/onlinelotto365.com\/kupiti-karte\/kako-kupiti-ulaznice-za-powerball-australiju-online"},"modified":"2023-09-26T07:55:30","modified_gmt":"2023-09-26T06:55:30","slug":"kako-kupiti-ulaznice-za-powerball-australiju-online","status":"publish","type":"page","link":"https:\/\/onlinelotto365.com\/hr\/kupiti-karte\/kako-kupiti-ulaznice-za-powerball-australiju-online\/","title":{"rendered":"Kako kupiti ulaznice za Powerball Australiju online"},"content":{"rendered":"<p>\u017delite li znati kako mo\u017eete kupiti ulaznice za Powerball Australija putem interneta? Pa, razbili smo to na nekoliko jednostavnih koraka za na\u0161e klijente iz Hrvatske i drugih zemalja, tako da mo\u017eete odmah zapo\u010deti postupak. I mo\u017eete to u\u010diniti puno br\u017ee i lak\u0161e nego \u0161to mo\u017eda mislite.<\/p>\n<ol>\n<li>Posjetite stranicu Powerball Australija i odaberite ulaznice koje \u017eelite te brojeve za te ulaznice ili dopustite ra\u010dunalu da ih odabere za vas.<\/li>\n<li>Dodajte koliko god ulaznica i igara \u017eelite u svoju narud\u017ebu prije nego \u0161to zavr\u0161ite.<\/li>\n<li>Kliknite na gumb &#8220;Plati sada&#8221;.<\/li>\n<li>Stvorite ra\u010dun na na\u0161oj web stranici ili se prijavite na svoj trenutni ra\u010dun ako ga ve\u0107 imate.<\/li>\n<li>Oni koji trebaju stvoriti ra\u010dun morat \u0107e ga registrirati s va\u0161om adresom e-po\u0161te.<\/li>\n<li>Provjerite mapu ne\u017eeljene po\u0161te i svoj redoviti inbox kako biste prona\u0161li e-mail za verifikaciju.<\/li>\n<li>Idite u ko\u0161aricu kako biste dovr\u0161ili svoju kupovinu.<\/li>\n<p><img decoding=\"async\" class=\"aligncenter\" src=\"https:\/\/redfoxlotto.com\/image?size=8&amp;lottery=powerball-au\" alt=\"Powerball Australia\" \/><\/p>\n<li>Odaberite na\u010din pla\u0107anja koji \u017eelite koristiti i pro\u0111ite kroz postupak pla\u0107anja.<\/li>\n<\/ol>\n<h2>Kako platiti svoju ulaznicu za Powerball Australija putem interneta:<\/h2>\n<p>Mo\u017eete odabrati izme\u0111u nekoliko razli\u010ditih na\u010dina pla\u0107anja, svi su jednako sigurni kao \u0161to biste o\u010dekivali prilikom kupovine putem interneta iz Hrvatske.<\/p>\n<p>Kupite svoje ulaznice:<\/p>\n<ul>\n<li>Pla\u0107anje narud\u017ebe izravno putem svoje preferirane metode pla\u0107anja<\/li>\n<li>Uplatom novca na svoj igra\u010dki ra\u010dun i kori\u0161tenjem tog iznosa za kupovinu svojih ulaznica.<\/li>\n<\/ul>\n<p>Imajte na umu da \u0107ete morati polo\u017eiti dovoljno novca na svoj igra\u010dki ra\u010dun kako biste kupili ulaznice koje \u017eelite ako odaberete ovu opciju.<\/p>\n<h2>Vi\u0161e informacija o Powerball Australiji:<\/h2>\n<p><img loading=\"lazy\" decoding=\"async\" class=\"alignright wp-image-3631\" src=\"https:\/\/onlinelotto365.com\/wp-content\/uploads\/2020\/11\/online_lottery-40-300x200.jpg\" alt=\"Powerball Australija online\" width=\"252\" height=\"168\" srcset=\"https:\/\/onlinelotto365.com\/wp-content\/uploads\/2020\/11\/online_lottery-40-300x200.jpg 300w, https:\/\/onlinelotto365.com\/wp-content\/uploads\/2020\/11\/online_lottery-40.jpg 424w\" sizes=\"auto, (max-width: 252px) 100vw, 252px\" \/><\/p>\n<ul>\n<li>Dr\u017eava: Australija<\/li>\n<li>Raspon glavnih brojeva: 35<\/li>\n<li>Izabirete: 7<\/li>\n<li>Raspon dodatnih brojeva: 20<\/li>\n<li>Izabirete: 1<\/li>\n<li>Dani i sati izvla\u010denja: \u010detvrtak, 21:30 GMT+11, 10:30 CET<\/li>\n<li>Minimalni jackpot: AU$ 3 milijuna<\/li>\n<li>Maksimalni jackpot: AU$ 150 milijuna<\/li>\n<li>Vjerojatnost osvajanja glavnog jackpota: 1 prema 134490400<\/li>\n<li>Vjerojatnost osvajanja jackpota druge razine: 1 prema 7078443<\/li>\n<li>Vjerojatnost osvajanja nagrade u bilo kojoj kategoriji: 1 prema 24,87<\/li>\n<li>Broj kategorija nagrada: 7<\/li>\n<\/ul>\n<h2>Prednosti kupovine ulaznica za Powerball Australija putem interneta:<\/h2>\n<ul>\n<li>Dobijte ulaznice koje \u017eelite bez napu\u0161tanja doma<\/li>\n<li>Kupujte ulaznice za mnoge razli\u010dite vrste lutrija<\/li>\n<li>Pove\u0107ajte svoje \u0161anse za osvajanje velikog jackpota odabirom vrhunskih opcija<\/li>\n<li>Ulo\u017eite novac na svoj ra\u010dun i koristite ga za kupovinu ulaznica<\/li>\n<li>Ne brinite se zbog gubitka ulaznica<\/li>\n<li>Obavijesti ako je va\u0161a ulaznica dobitna<\/li>\n<li>Odaberite slu\u010dajno generirane ulaznice pomo\u0107u generatora brojeva<\/li>\n<\/ul>\n<h2>Je li legalno kupiti ulaznice za Powerball Australija putem interneta u Hrvatskoj?<\/h2>\n<p>Nema potrebe za brigu o kupovini ulaznica putem interneta ili na tradicionalan na\u010din kada su u pitanju propisi iz va\u0161e zemlje prebivali\u0161ta. Mi se pridr\u017eavamo propisa zemlje u kojoj se lutrija odr\u017eava kako bismo vam omogu\u0107ili isplatu dobitaka. \u010dak i ako osvojite jackpot, ne\u0107ete imati problema s dobivanjem novca. Svi korisnici na\u0161e usluge moraju imati najmanje 18 godina.<\/p>\n<h2>Kako \u0107u biti ispla\u0107en ako osvojim Powerball Australija putem interneta?<\/h2>\n<p>Znamo da \u017eelite \u0161to br\u017ee dobiti svoje dobitke i da sigurno ne \u017eelite platiti nikome drugome novac od tih dobitaka. Zato nikada ne uzimamo proviziju s va\u0161ih dobitaka. Ako osvojite, novac je va\u0161. Jedini put kada uzimamo naknadu je ako odaberete da vam se novac prenese bankovnim transferom na va\u0161 bankovni ra\u010dun, \u0161to bi nam naplatila banka, a ta naknada bi bila prenesena na vas. Ako osvojite novac, samo morate imati na umu ovo:<\/p>\n<ul>\n<li>Iznosi manji od \u20ac2500 automatski se ispla\u0107uju na va\u0161 igra\u010dki ra\u010dun bez potrebe za bilo kojim postupkom<\/li>\n<li>Iznosi ve\u0107i od \u20ac2500 ispla\u0107uju se \u010dekom ili bankovnim transferom i zahtijevaju da ispunite obrazac koji \u0107e vam poslati tim za podr\u0161ku. Na taj na\u010din mo\u017eete dobiti novac od lutrijske komisije.<\/li>\n<\/ul>\n","protected":false},"excerpt":{"rendered":"<p>\u017delite li znati kako mo\u017eete kupiti ulaznice za Powerball Australija putem interneta? Pa, razbili smo to na nekoliko jednostavnih koraka za na\u0161e klijente iz Hrvatske i drugih zemalja, tako da mo\u017eete odmah zapo\u010deti postupak. I mo\u017eete to u\u010diniti puno br\u017ee i lak\u0161e nego \u0161to mo\u017eda mislite. Posjetite stranicu Powerball Australija i odaberite ulaznice koje \u017eelite [&hellip;]<\/p>\n","protected":false},"author":1,"featured_media":0,"parent":5552,"menu_order":13,"comment_status":"closed","ping_status":"closed","template":"powerball-au-info.php","meta":{"_et_pb_use_builder":"","_et_pb_old_content":"","_et_gb_content_width":"","exclude_from_search":false,"footnotes":""},"class_list":["post-84134","page","type-page","status-publish","hentry"],"yoast_head":"<!-- This site is optimized with the Yoast SEO plugin v23.4 - https:\/\/yoast.com\/wordpress\/plugins\/seo\/ -->\n<title>Kupite ulaznice za Powerball Australija iz Ujedinjenog Kraljevstva putem usluge online<\/title>\n<meta name=\"description\" content=\"Kupite ulaznice za Powerball Australija iz Ujedinjenog Kraljevstva putem usluge online\" \/>\n<meta name=\"robots\" content=\"index, follow, max-snippet:-1, max-image-preview:large, max-video-preview:-1\" \/>\n<link rel=\"canonical\" href=\"https:\/\/onlinelotto365.com\/hr\/kupiti-karte\/kako-kupiti-ulaznice-za-powerball-australiju-online\/\" \/>\n<meta property=\"og:locale\" content=\"hr_HR\" \/>\n<meta property=\"og:type\" content=\"article\" \/>\n<meta property=\"og:title\" content=\"Kupite ulaznice za Powerball Australija iz Ujedinjenog Kraljevstva putem usluge online\" \/>\n<meta property=\"og:description\" content=\"Kupite ulaznice za Powerball Australija iz Ujedinjenog Kraljevstva putem usluge online\" \/>\n<meta property=\"og:url\" content=\"https:\/\/onlinelotto365.com\/hr\/kupiti-karte\/kako-kupiti-ulaznice-za-powerball-australiju-online\/\" \/>\n<meta property=\"og:site_name\" content=\"OnlineLotto365\" \/>\n<meta property=\"og:image\" content=\"https:\/\/redfoxlotto.com\/image?size=8&amp;lottery=powerball-au\" \/>\n<meta name=\"twitter:card\" content=\"summary_large_image\" \/>\n<meta name=\"twitter:label1\" content=\"Procijenjeno vrijeme \u010ditanja\" \/>\n\t<meta name=\"twitter:data1\" content=\"3 minute\" \/>\n<script type=\"application\/ld+json\" class=\"yoast-schema-graph\">{\"@context\":\"https:\/\/schema.org\",\"@graph\":[{\"@type\":\"WebPage\",\"@id\":\"https:\/\/onlinelotto365.com\/hr\/kupiti-karte\/kako-kupiti-ulaznice-za-powerball-australiju-online\/\",\"url\":\"https:\/\/onlinelotto365.com\/hr\/kupiti-karte\/kako-kupiti-ulaznice-za-powerball-australiju-online\/\",\"name\":\"Kupite ulaznice za Powerball Australija iz Ujedinjenog Kraljevstva putem usluge online\",\"isPartOf\":{\"@id\":\"https:\/\/onlinelotto365.com\/hr\/#website\"},\"primaryImageOfPage\":{\"@id\":\"https:\/\/onlinelotto365.com\/hr\/kupiti-karte\/kako-kupiti-ulaznice-za-powerball-australiju-online\/#primaryimage\"},\"image\":{\"@id\":\"https:\/\/onlinelotto365.com\/hr\/kupiti-karte\/kako-kupiti-ulaznice-za-powerball-australiju-online\/#primaryimage\"},\"thumbnailUrl\":\"https:\/\/redfoxlotto.com\/image?size=8&amp;lottery=powerball-au\",\"datePublished\":\"2023-09-26T06:55:30+00:00\",\"dateModified\":\"2023-09-26T06:55:30+00:00\",\"description\":\"Kupite ulaznice za Powerball Australija iz Ujedinjenog Kraljevstva putem usluge online\",\"breadcrumb\":{\"@id\":\"https:\/\/onlinelotto365.com\/hr\/kupiti-karte\/kako-kupiti-ulaznice-za-powerball-australiju-online\/#breadcrumb\"},\"inLanguage\":\"hr\",\"potentialAction\":[{\"@type\":\"ReadAction\",\"target\":[\"https:\/\/onlinelotto365.com\/hr\/kupiti-karte\/kako-kupiti-ulaznice-za-powerball-australiju-online\/\"]}]},{\"@type\":\"ImageObject\",\"inLanguage\":\"hr\",\"@id\":\"https:\/\/onlinelotto365.com\/hr\/kupiti-karte\/kako-kupiti-ulaznice-za-powerball-australiju-online\/#primaryimage\",\"url\":\"https:\/\/redfoxlotto.com\/image?size=8&amp;lottery=powerball-au\",\"contentUrl\":\"https:\/\/redfoxlotto.com\/image?size=8&amp;lottery=powerball-au\"},{\"@type\":\"BreadcrumbList\",\"@id\":\"https:\/\/onlinelotto365.com\/hr\/kupiti-karte\/kako-kupiti-ulaznice-za-powerball-australiju-online\/#breadcrumb\",\"itemListElement\":[{\"@type\":\"ListItem\",\"position\":1,\"name\":\"Home\",\"item\":\"https:\/\/onlinelotto365.com\/hr\/\"},{\"@type\":\"ListItem\",\"position\":2,\"name\":\"Online usluga za kupnju listi\u0107a me\u0111unarodnih loto doga\u0111aja\",\"item\":\"https:\/\/onlinelotto365.com\/hr\/buy-tickets\/\"},{\"@type\":\"ListItem\",\"position\":3,\"name\":\"Kako kupiti ulaznice za Powerball Australiju online\"}]},{\"@type\":\"WebSite\",\"@id\":\"https:\/\/onlinelotto365.com\/hr\/#website\",\"url\":\"https:\/\/onlinelotto365.com\/hr\/\",\"name\":\"OnlineLotto365\",\"description\":\"\",\"potentialAction\":[{\"@type\":\"SearchAction\",\"target\":{\"@type\":\"EntryPoint\",\"urlTemplate\":\"https:\/\/onlinelotto365.com\/hr\/?s={search_term_string}\"},\"query-input\":{\"@type\":\"PropertyValueSpecification\",\"valueRequired\":true,\"valueName\":\"search_term_string\"}}],\"inLanguage\":\"hr\"}]}<\/script>\n<!-- \/ Yoast SEO plugin. -->","yoast_head_json":{"title":"Kupite ulaznice za Powerball Australija iz Ujedinjenog Kraljevstva putem usluge online","description":"Kupite ulaznice za Powerball Australija iz Ujedinjenog Kraljevstva putem usluge online","robots":{"index":"index","follow":"follow","max-snippet":"max-snippet:-1","max-image-preview":"max-image-preview:large","max-video-preview":"max-video-preview:-1"},"canonical":"https:\/\/onlinelotto365.com\/hr\/kupiti-karte\/kako-kupiti-ulaznice-za-powerball-australiju-online\/","og_locale":"hr_HR","og_type":"article","og_title":"Kupite ulaznice za Powerball Australija iz Ujedinjenog Kraljevstva putem usluge online","og_description":"Kupite ulaznice za Powerball Australija iz Ujedinjenog Kraljevstva putem usluge online","og_url":"https:\/\/onlinelotto365.com\/hr\/kupiti-karte\/kako-kupiti-ulaznice-za-powerball-australiju-online\/","og_site_name":"OnlineLotto365","og_image":[{"url":"https:\/\/redfoxlotto.com\/image?size=8&amp;lottery=powerball-au"}],"twitter_card":"summary_large_image","twitter_misc":{"Procijenjeno vrijeme \u010ditanja":"3 minute"},"schema":{"@context":"https:\/\/schema.org","@graph":[{"@type":"WebPage","@id":"https:\/\/onlinelotto365.com\/hr\/kupiti-karte\/kako-kupiti-ulaznice-za-powerball-australiju-online\/","url":"https:\/\/onlinelotto365.com\/hr\/kupiti-karte\/kako-kupiti-ulaznice-za-powerball-australiju-online\/","name":"Kupite ulaznice za Powerball Australija iz Ujedinjenog Kraljevstva putem usluge online","isPartOf":{"@id":"https:\/\/onlinelotto365.com\/hr\/#website"},"primaryImageOfPage":{"@id":"https:\/\/onlinelotto365.com\/hr\/kupiti-karte\/kako-kupiti-ulaznice-za-powerball-australiju-online\/#primaryimage"},"image":{"@id":"https:\/\/onlinelotto365.com\/hr\/kupiti-karte\/kako-kupiti-ulaznice-za-powerball-australiju-online\/#primaryimage"},"thumbnailUrl":"https:\/\/redfoxlotto.com\/image?size=8&amp;lottery=powerball-au","datePublished":"2023-09-26T06:55:30+00:00","dateModified":"2023-09-26T06:55:30+00:00","description":"Kupite ulaznice za Powerball Australija iz Ujedinjenog Kraljevstva putem usluge online","breadcrumb":{"@id":"https:\/\/onlinelotto365.com\/hr\/kupiti-karte\/kako-kupiti-ulaznice-za-powerball-australiju-online\/#breadcrumb"},"inLanguage":"hr","potentialAction":[{"@type":"ReadAction","target":["https:\/\/onlinelotto365.com\/hr\/kupiti-karte\/kako-kupiti-ulaznice-za-powerball-australiju-online\/"]}]},{"@type":"ImageObject","inLanguage":"hr","@id":"https:\/\/onlinelotto365.com\/hr\/kupiti-karte\/kako-kupiti-ulaznice-za-powerball-australiju-online\/#primaryimage","url":"https:\/\/redfoxlotto.com\/image?size=8&amp;lottery=powerball-au","contentUrl":"https:\/\/redfoxlotto.com\/image?size=8&amp;lottery=powerball-au"},{"@type":"BreadcrumbList","@id":"https:\/\/onlinelotto365.com\/hr\/kupiti-karte\/kako-kupiti-ulaznice-za-powerball-australiju-online\/#breadcrumb","itemListElement":[{"@type":"ListItem","position":1,"name":"Home","item":"https:\/\/onlinelotto365.com\/hr\/"},{"@type":"ListItem","position":2,"name":"Online usluga za kupnju listi\u0107a me\u0111unarodnih loto doga\u0111aja","item":"https:\/\/onlinelotto365.com\/hr\/buy-tickets\/"},{"@type":"ListItem","position":3,"name":"Kako kupiti ulaznice za Powerball Australiju online"}]},{"@type":"WebSite","@id":"https:\/\/onlinelotto365.com\/hr\/#website","url":"https:\/\/onlinelotto365.com\/hr\/","name":"OnlineLotto365","description":"","potentialAction":[{"@type":"SearchAction","target":{"@type":"EntryPoint","urlTemplate":"https:\/\/onlinelotto365.com\/hr\/?s={search_term_string}"},"query-input":{"@type":"PropertyValueSpecification","valueRequired":true,"valueName":"search_term_string"}}],"inLanguage":"hr"}]}},"_links":{"self":[{"href":"https:\/\/onlinelotto365.com\/hr\/wp-json\/wp\/v2\/pages\/84134","targetHints":{"allow":["GET"]}}],"collection":[{"href":"https:\/\/onlinelotto365.com\/hr\/wp-json\/wp\/v2\/pages"}],"about":[{"href":"https:\/\/onlinelotto365.com\/hr\/wp-json\/wp\/v2\/types\/page"}],"author":[{"embeddable":true,"href":"https:\/\/onlinelotto365.com\/hr\/wp-json\/wp\/v2\/users\/1"}],"replies":[{"embeddable":true,"href":"https:\/\/onlinelotto365.com\/hr\/wp-json\/wp\/v2\/comments?post=84134"}],"version-history":[{"count":0,"href":"https:\/\/onlinelotto365.com\/hr\/wp-json\/wp\/v2\/pages\/84134\/revisions"}],"up":[{"embeddable":true,"href":"https:\/\/onlinelotto365.com\/hr\/wp-json\/wp\/v2\/pages\/5552"}],"wp:attachment":[{"href":"https:\/\/onlinelotto365.com\/hr\/wp-json\/wp\/v2\/media?parent=84134"}],"curies":[{"name":"wp","href":"https:\/\/api.w.org\/{rel}","templated":true}]}}