{"id":84143,"date":"2023-09-26T09:42:12","date_gmt":"2023-09-26T08:42:12","guid":{"rendered":"https:\/\/onlinelotto365.com\/kupiti-karte\/kako-kupiti-oz-lotto-ulaznice-online"},"modified":"2023-09-26T09:42:12","modified_gmt":"2023-09-26T08:42:12","slug":"kako-kupiti-oz-lotto-ulaznice-online","status":"publish","type":"page","link":"https:\/\/onlinelotto365.com\/hr\/kupiti-karte\/kako-kupiti-oz-lotto-ulaznice-online\/","title":{"rendered":"Kako kupiti Oz Lotto ulaznice online"},"content":{"rendered":"<p>Imate sre\u0107e jer smo pro\u0161li kroz proces kako biste dobili svoje Oz Lotto ulaznice ovdje, i to iz Hrvatske. Mo\u017eete ih kupiti online jednostavno ako pratite ove jednostavne korake koje smo vam pripremili:<\/p>\n<ol>\n<li>Posjetite stranicu lutrije za koju \u017eelite igrati i odaberite brojeve koje \u017eelite. Ili dopustite ra\u010dunalu da odabere brojeve za vas.<\/li>\n<li>Dodajte jo\u0161 ulaznica za druge lutrije i za ovu igru.<\/li>\n<li>Pla\u0107ajte odmah za svoje ulaznice.<\/li>\n<li>Registrirajte potpuno novi ra\u010dun ili se prijavite na svoj postoje\u0107i ra\u010dun kako biste pro\u0161li kroz postupak pla\u0107anja.<\/li>\n<p><img decoding=\"async\" class=\"aligncenter\" src=\"https:\/\/redfoxlotto.com\/image?size=8&amp;lottery=oz-lotto\" alt=\"Oz Lotto\" \/><\/p>\n<li>Za ra\u010dune koji trebaju registraciju, provjerite svoju e-mail adresu kako biste dobili verifikacijski link kako biste zapo\u010deli.<\/li>\n<li>Ako niste primili e-mail u svoj redovni inbox, provjerite mapu s ne\u017eeljenom po\u0161tom i kliknite na link kako biste verificirali.<\/li>\n<li>Idite u svoju ko\u0161aricu kako biste kupili ulaznice.<\/li>\n<li>Pro\u0111ite kroz postupak pla\u0107anja kako biste dobili svoje ulaznice.<\/li>\n<\/ol>\n<p>Kako platiti svoju Oz Lotto ulaznicu online<\/p>\n<p>Mo\u017eete birati izme\u0111u nekoliko potpuno sigurnih opcija pla\u0107anja za svoje Oz Lotto ulaznice. Svaka od njih spada u dvije razli\u010dite kategorije:<\/p>\n<ol>\n<li>Platite narud\u017ebu bilo kojom odabranom metodom pla\u0107anja.<\/li>\n<li>Polo\u017eite novac na svoj trenutni korisni\u010dki ra\u010dun i koristite ga za kupovinu.<\/li>\n<\/ol>\n<p>Osigurajte da stavite vi\u0161e novca nego \u0161to vam treba za kupovinu ako \u0107ete koristiti svoj korisni\u010dki ra\u010dun.<\/p>\n<h2>Vi\u0161e informacija o Oz Lottu<\/h2>\n<p><img loading=\"lazy\" decoding=\"async\" class=\"alignright wp-image-3659\" src=\"https:\/\/onlinelotto365.com\/wp-content\/uploads\/2020\/11\/online_lottery-4-300x300.jpg\" alt=\"Oz Lotto iz Ujedinjenog Kraljevstva\" width=\"246\" height=\"246\" srcset=\"https:\/\/onlinelotto365.com\/wp-content\/uploads\/2020\/11\/online_lottery-4-300x300.jpg 300w, https:\/\/onlinelotto365.com\/wp-content\/uploads\/2020\/11\/online_lottery-4-100x100.jpg 100w, https:\/\/onlinelotto365.com\/wp-content\/uploads\/2020\/11\/online_lottery-4-150x150.jpg 150w, https:\/\/onlinelotto365.com\/wp-content\/uploads\/2020\/11\/online_lottery-4.jpg 320w\" sizes=\"auto, (max-width: 246px) 100vw, 246px\" \/><\/p>\n<ul>\n<li>Zemlja: Australija<\/li>\n<li>Raspon glavnih brojeva: 45<\/li>\n<li>Odaberete: 7 brojeva<\/li>\n<li>Dani i sati izvla\u010denja: utorak, 21:30 GMT+11, 10:30 CET<\/li>\n<li>Minimalni jackpot: AU$ 2 milijuna<\/li>\n<li>Maksimalni jackpot: nema ograni\u010denja<\/li>\n<li>Vjerojatnost osvajanja glavnog jackpota: 1 prema 45379620<\/li>\n<li>Vjerojatnost osvajanja drugog nivoa nagrada: 1 prema 3241401<\/li>\n<li>Vjerojatnost osvajanja nagrade na bilo kojem nivou: 1 prema 54,59<\/li>\n<li>Broj nivoa nagrada: 7<\/li>\n<\/ul>\n<h2>Prednosti kupnje Oz Lotto ulaznica online<\/h2>\n<ul>\n<li>Ne morate napustiti dom kako biste odabrali svoje ulaznice.<\/li>\n<li>Mo\u017eete birati izme\u0111u mnogo razli\u010ditih opcija.<\/li>\n<li>Pogledajte iznose jackpotova kako biste odlu\u010dili koju lutriju \u017eelite kupiti.<\/li>\n<li>Dodajte novac izravno na svoj korisni\u010dki ra\u010dun i koristite ga za kupovinu ulaznica.<\/li>\n<li>Nikada ne brinite o gubitku ulaznica.<\/li>\n<li>Primate obavijesti ako osvojite ne\u0161to.<\/li>\n<li>Koristite opciju brze selekcije kako biste dobili ulaznice bez odabira vlastitih brojeva.<\/li>\n<\/ul>\n<h2>Je li legalno kupovati Oz Lotto ulaznice online?<\/h2>\n<p>Mo\u017eda ste nesigurni je li va\u0161a zemlja prebivali\u0161ta dopu\u0161ta kupnju lutrijskih ulaznica online ili \u010dak na tradicionalan na\u010din. Pa, ne morate brinuti, bilo da se radi o Hrvatskoj ili bilo gdje drugdje, jer se brinemo za regulacije zemlje u kojoj se igra lutrija. Ne morate brinuti o tome je li legalno koristiti uslugu koju pru\u017eamo, sve dok imate najmanje 18 godina. Mi \u0107emo se pobrinuti da dobijete svoj dobitak bez obzira na sve.<\/p>\n<h2>Kako \u0107u biti ispla\u0107en ako osvojim Oz Lotto online?<\/h2>\n<p>Isplate su va\u017ean dio procesa kada je u pitanju igranje lutrije. \u017delimo se pobrinuti da dobijete sav svoj novac i zato se brinemo da vam ne naplatimo proviziju kada osvojite neku nagradu.<\/p>\n<p>Tako\u0111er vam ne\u0107emo naplatiti nikakve naknade osim ako se odlu\u010dite za bankovni transfer kako biste dobili novac na svoj ra\u010dun. U tom slu\u010daju mogli biste biti napla\u0107eni naknada u iznosu koji banka napla\u0107uje za transfer.<\/p>\n<p>Ina\u010de, imajte na umu:<\/p>\n<ul>\n<li>Ako osvojite manje od \u20ac2500, novac \u0107e automatski biti upla\u0107en na va\u0161 ra\u010dun. Ne\u0107ete morati brinuti ni o \u010demu.<\/li>\n<li>Ako osvojite vi\u0161e od \u20ac2500, novac \u0107e trebati pro\u0107i kroz odgovaraju\u0107e kanale. To zna\u010di da \u0107ete od nas dobiti e-mail o popunjavanju obrasca zahtjeva s komisijom za lutriju. Tada \u0107e novac biti bankovnim transferom preba\u010den na va\u0161 bankovni ra\u010dun ili \u0107e vam biti poslan \u010dekem izravno.<\/li>\n<\/ul>\n","protected":false},"excerpt":{"rendered":"<p>Imate sre\u0107e jer smo pro\u0161li kroz proces kako biste dobili svoje Oz Lotto ulaznice ovdje, i to iz Hrvatske. Mo\u017eete ih kupiti online jednostavno ako pratite ove jednostavne korake koje smo vam pripremili: Posjetite stranicu lutrije za koju \u017eelite igrati i odaberite brojeve koje \u017eelite. Ili dopustite ra\u010dunalu da odabere brojeve za vas. Dodajte jo\u0161 [&hellip;]<\/p>\n","protected":false},"author":1,"featured_media":0,"parent":5552,"menu_order":14,"comment_status":"closed","ping_status":"closed","template":"template-rightsidebar.php","meta":{"_et_pb_use_builder":"","_et_pb_old_content":"","_et_gb_content_width":"","exclude_from_search":false,"footnotes":""},"class_list":["post-84143","page","type-page","status-publish","hentry"],"yoast_head":"<!-- This site is optimized with the Yoast SEO plugin v23.4 - https:\/\/yoast.com\/wordpress\/plugins\/seo\/ -->\n<title>Kako dobiti ulaznice za Oz Lotto online iz Hrvatske<\/title>\n<meta name=\"description\" content=\"Kupite svoje ulaznice za australski Oz Lotto iz Hrvatske.\" \/>\n<meta name=\"robots\" content=\"index, follow, max-snippet:-1, max-image-preview:large, max-video-preview:-1\" \/>\n<link rel=\"canonical\" href=\"https:\/\/onlinelotto365.com\/hr\/kupiti-karte\/kako-kupiti-oz-lotto-ulaznice-online\/\" \/>\n<meta property=\"og:locale\" content=\"hr_HR\" \/>\n<meta property=\"og:type\" content=\"article\" \/>\n<meta property=\"og:title\" content=\"Kako dobiti ulaznice za Oz Lotto online iz Hrvatske\" \/>\n<meta property=\"og:description\" content=\"Kupite svoje ulaznice za australski Oz Lotto iz Hrvatske.\" \/>\n<meta property=\"og:url\" content=\"https:\/\/onlinelotto365.com\/hr\/kupiti-karte\/kako-kupiti-oz-lotto-ulaznice-online\/\" \/>\n<meta property=\"og:site_name\" content=\"OnlineLotto365\" \/>\n<meta property=\"og:image\" content=\"https:\/\/redfoxlotto.com\/image?size=8&amp;lottery=oz-lotto\" \/>\n<meta name=\"twitter:card\" content=\"summary_large_image\" \/>\n<meta name=\"twitter:label1\" content=\"Procijenjeno vrijeme \u010ditanja\" \/>\n\t<meta name=\"twitter:data1\" content=\"3 minute\" \/>\n<script type=\"application\/ld+json\" class=\"yoast-schema-graph\">{\"@context\":\"https:\/\/schema.org\",\"@graph\":[{\"@type\":\"WebPage\",\"@id\":\"https:\/\/onlinelotto365.com\/hr\/kupiti-karte\/kako-kupiti-oz-lotto-ulaznice-online\/\",\"url\":\"https:\/\/onlinelotto365.com\/hr\/kupiti-karte\/kako-kupiti-oz-lotto-ulaznice-online\/\",\"name\":\"Kako dobiti ulaznice za Oz Lotto online iz Hrvatske\",\"isPartOf\":{\"@id\":\"https:\/\/onlinelotto365.com\/hr\/#website\"},\"primaryImageOfPage\":{\"@id\":\"https:\/\/onlinelotto365.com\/hr\/kupiti-karte\/kako-kupiti-oz-lotto-ulaznice-online\/#primaryimage\"},\"image\":{\"@id\":\"https:\/\/onlinelotto365.com\/hr\/kupiti-karte\/kako-kupiti-oz-lotto-ulaznice-online\/#primaryimage\"},\"thumbnailUrl\":\"https:\/\/redfoxlotto.com\/image?size=8&amp;lottery=oz-lotto\",\"datePublished\":\"2023-09-26T08:42:12+00:00\",\"dateModified\":\"2023-09-26T08:42:12+00:00\",\"description\":\"Kupite svoje ulaznice za australski Oz Lotto iz Hrvatske.\",\"breadcrumb\":{\"@id\":\"https:\/\/onlinelotto365.com\/hr\/kupiti-karte\/kako-kupiti-oz-lotto-ulaznice-online\/#breadcrumb\"},\"inLanguage\":\"hr\",\"potentialAction\":[{\"@type\":\"ReadAction\",\"target\":[\"https:\/\/onlinelotto365.com\/hr\/kupiti-karte\/kako-kupiti-oz-lotto-ulaznice-online\/\"]}]},{\"@type\":\"ImageObject\",\"inLanguage\":\"hr\",\"@id\":\"https:\/\/onlinelotto365.com\/hr\/kupiti-karte\/kako-kupiti-oz-lotto-ulaznice-online\/#primaryimage\",\"url\":\"https:\/\/redfoxlotto.com\/image?size=8&amp;lottery=oz-lotto\",\"contentUrl\":\"https:\/\/redfoxlotto.com\/image?size=8&amp;lottery=oz-lotto\"},{\"@type\":\"BreadcrumbList\",\"@id\":\"https:\/\/onlinelotto365.com\/hr\/kupiti-karte\/kako-kupiti-oz-lotto-ulaznice-online\/#breadcrumb\",\"itemListElement\":[{\"@type\":\"ListItem\",\"position\":1,\"name\":\"Home\",\"item\":\"https:\/\/onlinelotto365.com\/hr\/\"},{\"@type\":\"ListItem\",\"position\":2,\"name\":\"Online usluga za kupnju listi\u0107a me\u0111unarodnih loto doga\u0111aja\",\"item\":\"https:\/\/onlinelotto365.com\/hr\/buy-tickets\/\"},{\"@type\":\"ListItem\",\"position\":3,\"name\":\"Kako kupiti Oz Lotto ulaznice online\"}]},{\"@type\":\"WebSite\",\"@id\":\"https:\/\/onlinelotto365.com\/hr\/#website\",\"url\":\"https:\/\/onlinelotto365.com\/hr\/\",\"name\":\"OnlineLotto365\",\"description\":\"\",\"potentialAction\":[{\"@type\":\"SearchAction\",\"target\":{\"@type\":\"EntryPoint\",\"urlTemplate\":\"https:\/\/onlinelotto365.com\/hr\/?s={search_term_string}\"},\"query-input\":{\"@type\":\"PropertyValueSpecification\",\"valueRequired\":true,\"valueName\":\"search_term_string\"}}],\"inLanguage\":\"hr\"}]}<\/script>\n<!-- \/ Yoast SEO plugin. -->","yoast_head_json":{"title":"Kako dobiti ulaznice za Oz Lotto online iz Hrvatske","description":"Kupite svoje ulaznice za australski Oz Lotto iz Hrvatske.","robots":{"index":"index","follow":"follow","max-snippet":"max-snippet:-1","max-image-preview":"max-image-preview:large","max-video-preview":"max-video-preview:-1"},"canonical":"https:\/\/onlinelotto365.com\/hr\/kupiti-karte\/kako-kupiti-oz-lotto-ulaznice-online\/","og_locale":"hr_HR","og_type":"article","og_title":"Kako dobiti ulaznice za Oz Lotto online iz Hrvatske","og_description":"Kupite svoje ulaznice za australski Oz Lotto iz Hrvatske.","og_url":"https:\/\/onlinelotto365.com\/hr\/kupiti-karte\/kako-kupiti-oz-lotto-ulaznice-online\/","og_site_name":"OnlineLotto365","og_image":[{"url":"https:\/\/redfoxlotto.com\/image?size=8&amp;lottery=oz-lotto"}],"twitter_card":"summary_large_image","twitter_misc":{"Procijenjeno vrijeme \u010ditanja":"3 minute"},"schema":{"@context":"https:\/\/schema.org","@graph":[{"@type":"WebPage","@id":"https:\/\/onlinelotto365.com\/hr\/kupiti-karte\/kako-kupiti-oz-lotto-ulaznice-online\/","url":"https:\/\/onlinelotto365.com\/hr\/kupiti-karte\/kako-kupiti-oz-lotto-ulaznice-online\/","name":"Kako dobiti ulaznice za Oz Lotto online iz Hrvatske","isPartOf":{"@id":"https:\/\/onlinelotto365.com\/hr\/#website"},"primaryImageOfPage":{"@id":"https:\/\/onlinelotto365.com\/hr\/kupiti-karte\/kako-kupiti-oz-lotto-ulaznice-online\/#primaryimage"},"image":{"@id":"https:\/\/onlinelotto365.com\/hr\/kupiti-karte\/kako-kupiti-oz-lotto-ulaznice-online\/#primaryimage"},"thumbnailUrl":"https:\/\/redfoxlotto.com\/image?size=8&amp;lottery=oz-lotto","datePublished":"2023-09-26T08:42:12+00:00","dateModified":"2023-09-26T08:42:12+00:00","description":"Kupite svoje ulaznice za australski Oz Lotto iz Hrvatske.","breadcrumb":{"@id":"https:\/\/onlinelotto365.com\/hr\/kupiti-karte\/kako-kupiti-oz-lotto-ulaznice-online\/#breadcrumb"},"inLanguage":"hr","potentialAction":[{"@type":"ReadAction","target":["https:\/\/onlinelotto365.com\/hr\/kupiti-karte\/kako-kupiti-oz-lotto-ulaznice-online\/"]}]},{"@type":"ImageObject","inLanguage":"hr","@id":"https:\/\/onlinelotto365.com\/hr\/kupiti-karte\/kako-kupiti-oz-lotto-ulaznice-online\/#primaryimage","url":"https:\/\/redfoxlotto.com\/image?size=8&amp;lottery=oz-lotto","contentUrl":"https:\/\/redfoxlotto.com\/image?size=8&amp;lottery=oz-lotto"},{"@type":"BreadcrumbList","@id":"https:\/\/onlinelotto365.com\/hr\/kupiti-karte\/kako-kupiti-oz-lotto-ulaznice-online\/#breadcrumb","itemListElement":[{"@type":"ListItem","position":1,"name":"Home","item":"https:\/\/onlinelotto365.com\/hr\/"},{"@type":"ListItem","position":2,"name":"Online usluga za kupnju listi\u0107a me\u0111unarodnih loto doga\u0111aja","item":"https:\/\/onlinelotto365.com\/hr\/buy-tickets\/"},{"@type":"ListItem","position":3,"name":"Kako kupiti Oz Lotto ulaznice online"}]},{"@type":"WebSite","@id":"https:\/\/onlinelotto365.com\/hr\/#website","url":"https:\/\/onlinelotto365.com\/hr\/","name":"OnlineLotto365","description":"","potentialAction":[{"@type":"SearchAction","target":{"@type":"EntryPoint","urlTemplate":"https:\/\/onlinelotto365.com\/hr\/?s={search_term_string}"},"query-input":{"@type":"PropertyValueSpecification","valueRequired":true,"valueName":"search_term_string"}}],"inLanguage":"hr"}]}},"_links":{"self":[{"href":"https:\/\/onlinelotto365.com\/hr\/wp-json\/wp\/v2\/pages\/84143","targetHints":{"allow":["GET"]}}],"collection":[{"href":"https:\/\/onlinelotto365.com\/hr\/wp-json\/wp\/v2\/pages"}],"about":[{"href":"https:\/\/onlinelotto365.com\/hr\/wp-json\/wp\/v2\/types\/page"}],"author":[{"embeddable":true,"href":"https:\/\/onlinelotto365.com\/hr\/wp-json\/wp\/v2\/users\/1"}],"replies":[{"embeddable":true,"href":"https:\/\/onlinelotto365.com\/hr\/wp-json\/wp\/v2\/comments?post=84143"}],"version-history":[{"count":0,"href":"https:\/\/onlinelotto365.com\/hr\/wp-json\/wp\/v2\/pages\/84143\/revisions"}],"up":[{"embeddable":true,"href":"https:\/\/onlinelotto365.com\/hr\/wp-json\/wp\/v2\/pages\/5552"}],"wp:attachment":[{"href":"https:\/\/onlinelotto365.com\/hr\/wp-json\/wp\/v2\/media?parent=84143"}],"curies":[{"name":"wp","href":"https:\/\/api.w.org\/{rel}","templated":true}]}}