{"id":84152,"date":"2023-09-27T10:49:58","date_gmt":"2023-09-27T09:49:58","guid":{"rendered":"https:\/\/onlinelotto365.com\/kupiti-karte\/kako-kupiti-ulaznice-za-subotnji-loto-australija-putem-interneta"},"modified":"2023-09-27T10:49:58","modified_gmt":"2023-09-27T09:49:58","slug":"kako-kupiti-ulaznice-za-subotnji-loto-australija-putem-interneta","status":"publish","type":"page","link":"https:\/\/onlinelotto365.com\/hr\/kupiti-karte\/kako-kupiti-ulaznice-za-subotnji-loto-australija-putem-interneta\/","title":{"rendered":"Kako kupiti ulaznice za subotnji Loto Australija putem interneta"},"content":{"rendered":"<p>Ako niste bili sasvim sigurni kako kupiti ulaznice za subotnji Loto Australija putem interneta, \u017eeljet \u0107ete pogledati ovaj vodi\u010d korak po korak koji je osmi\u0161ljen da vam pomogne brzo sti\u0107i tamo. Ne morate se brinuti jer \u0107emo vam pomo\u0107i.<\/p>\n<ol>\n<li>Idite na stranicu za subotnji Loto Australija i odaberite brojeve koje \u017eelite igrati na svakoj od svojih ulaznica.<\/li>\n<li>Dodajte vi\u0161e ulaznica za istu igru ili za razli\u010dite igre.<\/li>\n<li>Idite na opciju &#8220;plati odmah&#8221;.<\/li>\n<li>Prijavite se na svoj trenutni ra\u010dun ili odaberite opciju za registraciju novog ra\u010duna i slijedite upute.<\/li>\n<li>Za nove ra\u010dune provjerite svoj e-po\u0161tni sandu\u010di\u0107 na potvrdni e-mail s poveznicom za verifikaciju.<\/li>\n<li>Ako ne vidite potvrdni e-mail, provjerite mapu s ne\u017eeljenom po\u0161tom i kliknite na poveznicu.<\/li>\n<li>Idite u ko\u0161aricu za kupovinu.<\/li>\n<p><img decoding=\"async\" class=\"aligncenter\" src=\"https:\/\/redfoxlotto.com\/image?size=8&amp;lottery=saturday-lotto-au\" alt=\"Saturday Lotto Australia\" \/><\/p>\n<li>Odaberite na\u010din pla\u0107anja koji \u017eelite koristiti i pro\u0111ite kroz proces pla\u0107anja.<\/li>\n<\/ol>\n<p>Kako platiti svoju ulaznicu za subotnji Loto Australija putem interneta<\/p>\n<p>Mo\u017eete koristiti mnoge razli\u010dite sigurne opcije pla\u0107anja kada budete spremni kupiti svoje sljede\u0107e lutrijske ulaznice s nama iz Hrvatske. Odaberite izme\u0111u ovih razli\u010ditih opcija:<\/p>\n<ul>\n<li>Pla\u0107ajte narud\u017ebu izravno putem svog preferiranog na\u010dina pla\u0107anja.<\/li>\n<li>Polo\u017eite novac na svoj ra\u010dun i koristite ga za kupnju ulaznica.<\/li>\n<li>Pazite da dodate vi\u0161e nego dovoljno novca za kupnju ako se odlu\u010dite za polaganje novca na ra\u010dun.<\/li>\n<\/ul>\n<h2>Vi\u0161e informacija o Loto Australiji subotom<\/h2>\n<p>Zemlja: Australija Raspon glavnih brojeva: 45 Izaberite: 6 brojeva Dani i sati izvla\u010denja: subota, 21:30 GMT+11, 10:30 CET Minimalni jackpot: AU$ 5 milijuna Maksimalni jackpot: AU$ 150 milijuna Vjerojatnost osvajanja glavnog dobitka: 1 prema 8145060 Vjerojatnost dobitka u drugom rangu: 1 prema 678755 Vjerojatnost osvajanja u bilo kojem rangu: 1 prema 85,44 Broj razina dobitaka: 6<\/p>\n<h2>Prednosti kupnje ulaznica za Loto Australija subotom putem interneta<\/h2>\n<ul>\n<li>Dohvatite ulaznice koje \u017eelite i nikada ne izlazite iz ku\u0107e za igru lutrije putem interneta.<\/li>\n<li>Odaberite izme\u0111u mnogih razli\u010ditih igara na sre\u0107u.<\/li>\n<p><img loading=\"lazy\" decoding=\"async\" class=\"alignright wp-image-3694\" src=\"https:\/\/onlinelotto365.com\/wp-content\/uploads\/2020\/11\/online_lottery-11-300x300.jpeg\" alt=\"buy tickets saturday lotto online\" width=\"187\" height=\"187\" srcset=\"https:\/\/onlinelotto365.com\/wp-content\/uploads\/2020\/11\/online_lottery-11-300x300.jpeg 300w, https:\/\/onlinelotto365.com\/wp-content\/uploads\/2020\/11\/online_lottery-11-100x100.jpeg 100w, https:\/\/onlinelotto365.com\/wp-content\/uploads\/2020\/11\/online_lottery-11-150x150.jpeg 150w, https:\/\/onlinelotto365.com\/wp-content\/uploads\/2020\/11\/online_lottery-11.jpeg 480w\" sizes=\"auto, (max-width: 187px) 100vw, 187px\" \/><\/p>\n<li>Pove\u0107ajte svoje \u0161anse za dobitak tako da igrate za najve\u0107e jackpote.<\/li>\n<li>Polo\u017eite novac na ra\u010dun, a zatim platite svoje ulaznice.<\/li>\n<li>Lako pratite svoje ulaznice.<\/li>\n<li>Primate obavijesti o dobitku svaki put.<\/li>\n<li>Koristite opciju brze selekcije kako biste dobili ulaznice bez odabira brojeva.<\/li>\n<\/ul>\n<h2>Je li zakonito kupiti ulaznice za Loto Australija subotom putem interneta?<\/h2>\n<p>Mogli biste biti nervozni zbog toga je li kupnja lutrijskih ulaznica na ovaj na\u010din, dok ste rezident Hrvatske, zapravo legalna u va\u0161oj zemlji prebivali\u0161ta. Pa, ne morate brinuti jer se brinemo da sve bude zakonito u skladu s zemljom iz koje su ulaznice kupljene, uklju\u010duju\u0107i zemlju u kojoj se lutrija temelji. Ne morate brinuti o ni\u010demu osim da ste dovoljno stari da zakonito kupujete ulaznice. Morate imati najmanje 18 godina kako biste koristili na\u0161u web stranicu.<\/p>\n<h2>Kako \u0107u biti ispla\u0107en ako osvojim Loto Australija subotom putem interneta?<\/h2>\n<p>Znamo da ne \u017eelite da itko uzima dio va\u0161ih dobitaka i zato se brinemo da to ne bude slu\u010daj. Nikada nam ne\u0107ete platiti proviziju kada osvojite svoje omiljene lutrijske igre. I ne morate brinuti ni o pla\u0107anju provizije na dobitke.<\/p>\n<p>Jedini put kada \u0107ete platiti naknadu je ako odaberete da va\u0161e dobitke iz lutrije polo\u017eite putem bankovnog telegrafskog prijenosa, na primjer na banku u Hrvatske. Ti telegrafski prijenosi ponekad nam mogu naplatiti naknade jer banke napla\u0107uju naknade za me\u0111unarodne prijenose. Ta \u0107e naknada mo\u017eda biti prenesena na vas i oduzeta iz va\u0161ih dobitaka. Kada je rije\u010d o pla\u0107anju, samo trebate zapamtiti:<\/p>\n<ul>\n<li>Iznosi ispod 2500 \u20ac automatski se pola\u017eu na va\u0161 ra\u010dun. Ne morate ni\u0161ta raditi jer \u0107emo mi sve u\u010diniti za vas.<\/li>\n<li>Iznosi iznad 2500 \u20ac ispla\u0107uju se putem bankovnog telegrafskog prijenosa ili \u010deka. Kontaktirat \u0107e vas na\u0161a podr\u0161ka kako biste ispunili obrazac koji \u0107e nam omogu\u0107iti da znamo kako vam dostaviti novac. Zatim samo morate pri\u010dekati nekoliko dana da biste ga dobili.<\/li>\n<\/ul>\n","protected":false},"excerpt":{"rendered":"<p>Ako niste bili sasvim sigurni kako kupiti ulaznice za subotnji Loto Australija putem interneta, \u017eeljet \u0107ete pogledati ovaj vodi\u010d korak po korak koji je osmi\u0161ljen da vam pomogne brzo sti\u0107i tamo. Ne morate se brinuti jer \u0107emo vam pomo\u0107i. Idite na stranicu za subotnji Loto Australija i odaberite brojeve koje \u017eelite igrati na svakoj od [&hellip;]<\/p>\n","protected":false},"author":1,"featured_media":0,"parent":5552,"menu_order":15,"comment_status":"closed","ping_status":"closed","template":"saturday-lotto-info.php","meta":{"_et_pb_use_builder":"","_et_pb_old_content":"","_et_gb_content_width":"","exclude_from_search":false,"footnotes":""},"class_list":["post-84152","page","type-page","status-publish","hentry"],"yoast_head":"<!-- This site is optimized with the Yoast SEO plugin v23.4 - https:\/\/yoast.com\/wordpress\/plugins\/seo\/ -->\n<title>Kako nabaviti ulaznice za Saturday Lotto Australija ako ste stanovnik Hrvatske<\/title>\n<meta name=\"description\" content=\"Stanovnici Hrvatske sada mogu kupiti ulaznice za subotnji loto Australija.\" \/>\n<meta name=\"robots\" content=\"index, follow, max-snippet:-1, max-image-preview:large, max-video-preview:-1\" \/>\n<link rel=\"canonical\" href=\"https:\/\/onlinelotto365.com\/hr\/kupiti-karte\/kako-kupiti-ulaznice-za-subotnji-loto-australija-putem-interneta\/\" \/>\n<meta property=\"og:locale\" content=\"hr_HR\" \/>\n<meta property=\"og:type\" content=\"article\" \/>\n<meta property=\"og:title\" content=\"Kako nabaviti ulaznice za Saturday Lotto Australija ako ste stanovnik Hrvatske\" \/>\n<meta property=\"og:description\" content=\"Stanovnici Hrvatske sada mogu kupiti ulaznice za subotnji loto Australija.\" \/>\n<meta property=\"og:url\" content=\"https:\/\/onlinelotto365.com\/hr\/kupiti-karte\/kako-kupiti-ulaznice-za-subotnji-loto-australija-putem-interneta\/\" \/>\n<meta property=\"og:site_name\" content=\"OnlineLotto365\" \/>\n<meta property=\"og:image\" content=\"https:\/\/redfoxlotto.com\/image?size=8&amp;lottery=saturday-lotto-au\" \/>\n<meta name=\"twitter:card\" content=\"summary_large_image\" \/>\n<meta name=\"twitter:label1\" content=\"Procijenjeno vrijeme \u010ditanja\" \/>\n\t<meta name=\"twitter:data1\" content=\"3 minute\" \/>\n<script type=\"application\/ld+json\" class=\"yoast-schema-graph\">{\"@context\":\"https:\/\/schema.org\",\"@graph\":[{\"@type\":\"WebPage\",\"@id\":\"https:\/\/onlinelotto365.com\/hr\/kupiti-karte\/kako-kupiti-ulaznice-za-subotnji-loto-australija-putem-interneta\/\",\"url\":\"https:\/\/onlinelotto365.com\/hr\/kupiti-karte\/kako-kupiti-ulaznice-za-subotnji-loto-australija-putem-interneta\/\",\"name\":\"Kako nabaviti ulaznice za Saturday Lotto Australija ako ste stanovnik Hrvatske\",\"isPartOf\":{\"@id\":\"https:\/\/onlinelotto365.com\/hr\/#website\"},\"primaryImageOfPage\":{\"@id\":\"https:\/\/onlinelotto365.com\/hr\/kupiti-karte\/kako-kupiti-ulaznice-za-subotnji-loto-australija-putem-interneta\/#primaryimage\"},\"image\":{\"@id\":\"https:\/\/onlinelotto365.com\/hr\/kupiti-karte\/kako-kupiti-ulaznice-za-subotnji-loto-australija-putem-interneta\/#primaryimage\"},\"thumbnailUrl\":\"https:\/\/redfoxlotto.com\/image?size=8&amp;lottery=saturday-lotto-au\",\"datePublished\":\"2023-09-27T09:49:58+00:00\",\"dateModified\":\"2023-09-27T09:49:58+00:00\",\"description\":\"Stanovnici Hrvatske sada mogu kupiti ulaznice za subotnji loto Australija.\",\"breadcrumb\":{\"@id\":\"https:\/\/onlinelotto365.com\/hr\/kupiti-karte\/kako-kupiti-ulaznice-za-subotnji-loto-australija-putem-interneta\/#breadcrumb\"},\"inLanguage\":\"hr\",\"potentialAction\":[{\"@type\":\"ReadAction\",\"target\":[\"https:\/\/onlinelotto365.com\/hr\/kupiti-karte\/kako-kupiti-ulaznice-za-subotnji-loto-australija-putem-interneta\/\"]}]},{\"@type\":\"ImageObject\",\"inLanguage\":\"hr\",\"@id\":\"https:\/\/onlinelotto365.com\/hr\/kupiti-karte\/kako-kupiti-ulaznice-za-subotnji-loto-australija-putem-interneta\/#primaryimage\",\"url\":\"https:\/\/redfoxlotto.com\/image?size=8&amp;lottery=saturday-lotto-au\",\"contentUrl\":\"https:\/\/redfoxlotto.com\/image?size=8&amp;lottery=saturday-lotto-au\"},{\"@type\":\"BreadcrumbList\",\"@id\":\"https:\/\/onlinelotto365.com\/hr\/kupiti-karte\/kako-kupiti-ulaznice-za-subotnji-loto-australija-putem-interneta\/#breadcrumb\",\"itemListElement\":[{\"@type\":\"ListItem\",\"position\":1,\"name\":\"Home\",\"item\":\"https:\/\/onlinelotto365.com\/hr\/\"},{\"@type\":\"ListItem\",\"position\":2,\"name\":\"Online usluga za kupnju listi\u0107a me\u0111unarodnih loto doga\u0111aja\",\"item\":\"https:\/\/onlinelotto365.com\/hr\/buy-tickets\/\"},{\"@type\":\"ListItem\",\"position\":3,\"name\":\"Kako kupiti ulaznice za subotnji Loto Australija putem interneta\"}]},{\"@type\":\"WebSite\",\"@id\":\"https:\/\/onlinelotto365.com\/hr\/#website\",\"url\":\"https:\/\/onlinelotto365.com\/hr\/\",\"name\":\"OnlineLotto365\",\"description\":\"\",\"potentialAction\":[{\"@type\":\"SearchAction\",\"target\":{\"@type\":\"EntryPoint\",\"urlTemplate\":\"https:\/\/onlinelotto365.com\/hr\/?s={search_term_string}\"},\"query-input\":{\"@type\":\"PropertyValueSpecification\",\"valueRequired\":true,\"valueName\":\"search_term_string\"}}],\"inLanguage\":\"hr\"}]}<\/script>\n<!-- \/ Yoast SEO plugin. -->","yoast_head_json":{"title":"Kako nabaviti ulaznice za Saturday Lotto Australija ako ste stanovnik Hrvatske","description":"Stanovnici Hrvatske sada mogu kupiti ulaznice za subotnji loto Australija.","robots":{"index":"index","follow":"follow","max-snippet":"max-snippet:-1","max-image-preview":"max-image-preview:large","max-video-preview":"max-video-preview:-1"},"canonical":"https:\/\/onlinelotto365.com\/hr\/kupiti-karte\/kako-kupiti-ulaznice-za-subotnji-loto-australija-putem-interneta\/","og_locale":"hr_HR","og_type":"article","og_title":"Kako nabaviti ulaznice za Saturday Lotto Australija ako ste stanovnik Hrvatske","og_description":"Stanovnici Hrvatske sada mogu kupiti ulaznice za subotnji loto Australija.","og_url":"https:\/\/onlinelotto365.com\/hr\/kupiti-karte\/kako-kupiti-ulaznice-za-subotnji-loto-australija-putem-interneta\/","og_site_name":"OnlineLotto365","og_image":[{"url":"https:\/\/redfoxlotto.com\/image?size=8&amp;lottery=saturday-lotto-au"}],"twitter_card":"summary_large_image","twitter_misc":{"Procijenjeno vrijeme \u010ditanja":"3 minute"},"schema":{"@context":"https:\/\/schema.org","@graph":[{"@type":"WebPage","@id":"https:\/\/onlinelotto365.com\/hr\/kupiti-karte\/kako-kupiti-ulaznice-za-subotnji-loto-australija-putem-interneta\/","url":"https:\/\/onlinelotto365.com\/hr\/kupiti-karte\/kako-kupiti-ulaznice-za-subotnji-loto-australija-putem-interneta\/","name":"Kako nabaviti ulaznice za Saturday Lotto Australija ako ste stanovnik Hrvatske","isPartOf":{"@id":"https:\/\/onlinelotto365.com\/hr\/#website"},"primaryImageOfPage":{"@id":"https:\/\/onlinelotto365.com\/hr\/kupiti-karte\/kako-kupiti-ulaznice-za-subotnji-loto-australija-putem-interneta\/#primaryimage"},"image":{"@id":"https:\/\/onlinelotto365.com\/hr\/kupiti-karte\/kako-kupiti-ulaznice-za-subotnji-loto-australija-putem-interneta\/#primaryimage"},"thumbnailUrl":"https:\/\/redfoxlotto.com\/image?size=8&amp;lottery=saturday-lotto-au","datePublished":"2023-09-27T09:49:58+00:00","dateModified":"2023-09-27T09:49:58+00:00","description":"Stanovnici Hrvatske sada mogu kupiti ulaznice za subotnji loto Australija.","breadcrumb":{"@id":"https:\/\/onlinelotto365.com\/hr\/kupiti-karte\/kako-kupiti-ulaznice-za-subotnji-loto-australija-putem-interneta\/#breadcrumb"},"inLanguage":"hr","potentialAction":[{"@type":"ReadAction","target":["https:\/\/onlinelotto365.com\/hr\/kupiti-karte\/kako-kupiti-ulaznice-za-subotnji-loto-australija-putem-interneta\/"]}]},{"@type":"ImageObject","inLanguage":"hr","@id":"https:\/\/onlinelotto365.com\/hr\/kupiti-karte\/kako-kupiti-ulaznice-za-subotnji-loto-australija-putem-interneta\/#primaryimage","url":"https:\/\/redfoxlotto.com\/image?size=8&amp;lottery=saturday-lotto-au","contentUrl":"https:\/\/redfoxlotto.com\/image?size=8&amp;lottery=saturday-lotto-au"},{"@type":"BreadcrumbList","@id":"https:\/\/onlinelotto365.com\/hr\/kupiti-karte\/kako-kupiti-ulaznice-za-subotnji-loto-australija-putem-interneta\/#breadcrumb","itemListElement":[{"@type":"ListItem","position":1,"name":"Home","item":"https:\/\/onlinelotto365.com\/hr\/"},{"@type":"ListItem","position":2,"name":"Online usluga za kupnju listi\u0107a me\u0111unarodnih loto doga\u0111aja","item":"https:\/\/onlinelotto365.com\/hr\/buy-tickets\/"},{"@type":"ListItem","position":3,"name":"Kako kupiti ulaznice za subotnji Loto Australija putem interneta"}]},{"@type":"WebSite","@id":"https:\/\/onlinelotto365.com\/hr\/#website","url":"https:\/\/onlinelotto365.com\/hr\/","name":"OnlineLotto365","description":"","potentialAction":[{"@type":"SearchAction","target":{"@type":"EntryPoint","urlTemplate":"https:\/\/onlinelotto365.com\/hr\/?s={search_term_string}"},"query-input":{"@type":"PropertyValueSpecification","valueRequired":true,"valueName":"search_term_string"}}],"inLanguage":"hr"}]}},"_links":{"self":[{"href":"https:\/\/onlinelotto365.com\/hr\/wp-json\/wp\/v2\/pages\/84152","targetHints":{"allow":["GET"]}}],"collection":[{"href":"https:\/\/onlinelotto365.com\/hr\/wp-json\/wp\/v2\/pages"}],"about":[{"href":"https:\/\/onlinelotto365.com\/hr\/wp-json\/wp\/v2\/types\/page"}],"author":[{"embeddable":true,"href":"https:\/\/onlinelotto365.com\/hr\/wp-json\/wp\/v2\/users\/1"}],"replies":[{"embeddable":true,"href":"https:\/\/onlinelotto365.com\/hr\/wp-json\/wp\/v2\/comments?post=84152"}],"version-history":[{"count":0,"href":"https:\/\/onlinelotto365.com\/hr\/wp-json\/wp\/v2\/pages\/84152\/revisions"}],"up":[{"embeddable":true,"href":"https:\/\/onlinelotto365.com\/hr\/wp-json\/wp\/v2\/pages\/5552"}],"wp:attachment":[{"href":"https:\/\/onlinelotto365.com\/hr\/wp-json\/wp\/v2\/media?parent=84152"}],"curies":[{"name":"wp","href":"https:\/\/api.w.org\/{rel}","templated":true}]}}