{"id":84163,"date":"2023-09-27T14:16:12","date_gmt":"2023-09-27T13:16:12","guid":{"rendered":"https:\/\/onlinelotto365.com\/kupiti-karte\/kako-kupiti-mon-wed-lotto-australija-ulaznice-online"},"modified":"2023-09-27T14:16:12","modified_gmt":"2023-09-27T13:16:12","slug":"kako-kupiti-mon-wed-lotto-australija-ulaznice-online","status":"publish","type":"page","link":"https:\/\/onlinelotto365.com\/hr\/kupiti-karte\/kako-kupiti-mon-wed-lotto-australija-ulaznice-online\/","title":{"rendered":"Kako kupiti Mon &#038; Wed Lotto Australija ulaznice online"},"content":{"rendered":"<p>Napisali smo razli\u010dite korake koje trebate slijediti ako \u017eelite kupiti ulaznice za Mon &amp; Wed Lotto Australija s na\u0161e web stranice. To je jednostavno i lako, i kada pro\u0111ete kroz ove korake, vidjet \u0107ete da imate svoje ulaznice spremne brzo.<\/p>\n<ol>\n<li>Idite na stranicu lutrije koju \u017eelite igrati i odaberite brojeve koje \u0107ete igrati na svakoj ulaznici.<\/li>\n<li>Dodajte koliko god ulaznica \u017eelite za ovu ili neku drugu igru kako biste stvorili svoju narud\u017ebu.<\/li>\n<li>Odaberite opciju &#8220;Plati odmah&#8221;.<\/li>\n<li>Prijavite se na svoj postoje\u0107i ra\u010dun ili pro\u0111ite kroz postupak stvaranja novog ra\u010duna i registraciju.<\/li>\n<li>Idite u svoj e-mail kako biste dobili verifikacijski link za registraciju ra\u010duna i izvr\u0161ili kupnju.<\/li>\n<li>Provjerite mapu ne\u017eeljene po\u0161te ako ne vidite e-mail u svojoj primarnoj po\u0161tanskoj sandu\u010di\u0107u.<\/li>\n<li>Pro\u0111ite kroz proces naplate u svojoj ko\u0161arici za kupovinu.<\/li>\n<li>Odaberite na\u010din pla\u0107anja koji \u017eelite koristiti i slijedite upute za obradu pla\u0107anja.<\/li>\n<\/ol>\n<p>Kako platiti svoju ulaznicu za Mon &amp; Wed Lotto Australija online: Kada je rije\u010d o pla\u0107anju, imate nekoliko razli\u010ditih potpuno sigurnih opcija. Sve \u0161to trebate u\u010diniti je pogledati ovdje i vidjeti koje su neke od tih opcija.<\/p>\n<h2>Mo\u017eete dobiti svoje ulaznice odabirom jedne od dvije opcije:<\/h2>\n<ul>\n<li>Pla\u0107anje izravno putem metode pla\u0107anja po va\u0161em izboru.<\/li>\n<li>Dodavanje novca na igra\u010dki ra\u010dun i kori\u0161tenje tog ra\u010duna za kupovinu ulaznica.<\/li>\n<\/ul>\n<p><img decoding=\"async\" class=\"aligncenter\" src=\"https:\/\/redfoxlotto.com\/image?size=8&amp;lottery=monday-wednesday-lotto-au\" alt=\"Mon &amp; Wed Lotto Australia\" \/><br \/>\nNemojte napraviti gre\u0161ku i staviti premalo novca na svoj ra\u010dun za pla\u0107anje ulaznica. Trebat \u0107e vam malo vi\u0161e nego \u0161to iznosi va\u0161a ko\u0161arica.<\/p>\n<p>Vi\u0161e informacija o Mon &amp; Wed Lotto Australija: Zemlja: Australija Raspon glavnih brojeva: 45 Izaberite: 6 brojeva Dani izvla\u010denja, sati: Ponedjeljak, srijeda, 21:30 GMT+11, 10:30 CET Minimalni jackpot: AU$ 2,5 milijuna Maksimalni jackpot: fiksni jackpot Vjerojatnost osvajanja glavnog jackpota: 1 prema 8145060 Vjerojatnost osvajanja drugog dobitka: 1 prema 678755 Vjerojatnost osvajanja bilo kojeg dobitka: 1 prema 85,44 Broj razina dobitaka: 6<\/p>\n<h2>Prednosti kupovine ulaznica za Mon &amp; Wed Lotto Australija online:<\/h2>\n<ul>\n<li>Dobivate ulaznice iz udobnosti svog doma, bez potrebe za izlaskom.<\/li>\n<li>Odaberite izme\u0111u svih svojih omiljenih ulaznica i jo\u0161 mnogo toga.<\/li>\n<li>Pove\u0107ajte svoje \u0161anse odabirom igara s najve\u0107im glavnim jackpotima.<\/li>\n<li>Koristite saldo na svom ra\u010dunu za kupovinu ulaznica polaganjem novca.<\/li>\n<li>Pratite svoje ulaznice putem online ra\u010duna.<\/li>\n<li>Primate obavijesti kada imate dobitnu ulaznicu.<\/li>\n<li>Koristite generator slu\u010dajnih brojeva za odabir ulaznica za vas.<\/li>\n<\/ul>\n<p>Je li legalno kupovati ulaznice za Mon &amp; Wed Lotto Australija online? Mnogi se ljudi brinu da je kupovina ulaznica putem interneta ilegalna ili da je kupovina na tradicionalan na\u010din mo\u017eda ilegalna u njihovoj domovini. Pa, mi se brinemo da se svi propisi prate za zemlju iz koje sama lutrija potje\u010de. Tako\u0111er \u0107emo se pobrinuti da dobijete svoj dobitak na lutriji. Bez obzira osvojite li mali ili veliki iznos, pomo\u0107i \u0107emo vam da dobijete ono \u0161to tra\u017eite i \u0161to vam pripada. Svi korisnici na\u0161e web stranice moraju imati najmanje 18 godina.<img loading=\"lazy\" decoding=\"async\" class=\"alignright wp-image-3685\" src=\"https:\/\/onlinelotto365.com\/wp-content\/uploads\/2020\/11\/online_lottery-4-300x192.jpeg\" alt=\"mon wed lotto australia online\" width=\"255\" height=\"163\" srcset=\"https:\/\/onlinelotto365.com\/wp-content\/uploads\/2020\/11\/online_lottery-4-300x192.jpeg 300w, https:\/\/onlinelotto365.com\/wp-content\/uploads\/2020\/11\/online_lottery-4-600x383.jpeg 600w, https:\/\/onlinelotto365.com\/wp-content\/uploads\/2020\/11\/online_lottery-4.jpeg 751w\" sizes=\"auto, (max-width: 255px) 100vw, 255px\" \/><\/p>\n<p>Kako \u0107u biti ispla\u0107en ako osvojim Mon &amp; Wed Lotto Australija online? Isplata dobitaka na\u0161im korisnicima najva\u017eniji je dio procesa, a mi to \u010dinimo tako da nema provizija. Ne morate brinuti da \u0107emo uzeti bilo \u0161to iz va\u0161ih dobitaka, osim ako se ne odlu\u010dite za bankovni transfer. Ova metoda pla\u0107anja, pogotovo kada se obavlja kao me\u0111unarodna transakcija, mo\u017ee nas ko\u0161tati naknada, a ako se to dogodi, tro\u0161ak se mo\u017ee prenijeti na vas i skinuti s va\u0161ih dobitaka. Postoje dvije razli\u010dite metode isplate:<\/p>\n<ul>\n<li>Isplate koje su manje od \u20ac2500 bit \u0107e izvr\u0161ene bez va\u0161eg unosa. Na\u0161 tim osigurava da novac bude izravno upla\u0107en na va\u0161 ra\u010dun.<\/li>\n<li>Iznozi dobitaka ve\u0107i od \u20ac2500 obra\u0111uju se na druga\u010diji na\u010din. Ti iznosi moraju se obraditi kod lutrijske komisije, \u0161to zna\u010di da nam treba popunjen obrazac za zahtjev. Poslat \u0107emo vam obrazac i sve \u0161to trebate u\u010diniti je ispunite ga i obavijestite nas \u017eelite li novac putem bankovnog transfera ili \u010deka.<\/li>\n<\/ul>\n","protected":false},"excerpt":{"rendered":"<p>Napisali smo razli\u010dite korake koje trebate slijediti ako \u017eelite kupiti ulaznice za Mon &amp; Wed Lotto Australija s na\u0161e web stranice. To je jednostavno i lako, i kada pro\u0111ete kroz ove korake, vidjet \u0107ete da imate svoje ulaznice spremne brzo. Idite na stranicu lutrije koju \u017eelite igrati i odaberite brojeve koje \u0107ete igrati na svakoj [&hellip;]<\/p>\n","protected":false},"author":1,"featured_media":0,"parent":5552,"menu_order":16,"comment_status":"closed","ping_status":"closed","template":"template-rightsidebar.php","meta":{"_et_pb_use_builder":"","_et_pb_old_content":"","_et_gb_content_width":"","exclude_from_search":false,"footnotes":""},"class_list":["post-84163","page","type-page","status-publish","hentry"],"yoast_head":"<!-- This site is optimized with the Yoast SEO plugin v23.4 - https:\/\/yoast.com\/wordpress\/plugins\/seo\/ -->\n<title>Kupnja ulaznica putem interneta za Mon &amp; Wed Lotto Australija<\/title>\n<meta name=\"description\" content=\"Bez obzira gdje \u017eivite i bez obzira na ono \u0161to tra\u017eite, ovdje mo\u017eete nabaviti ulaznice za Mon &amp; Wed Lotto Australija!\" \/>\n<meta name=\"robots\" content=\"index, follow, max-snippet:-1, max-image-preview:large, max-video-preview:-1\" \/>\n<link rel=\"canonical\" href=\"https:\/\/onlinelotto365.com\/hr\/kupiti-karte\/kako-kupiti-mon-wed-lotto-australija-ulaznice-online\/\" \/>\n<meta property=\"og:locale\" content=\"hr_HR\" \/>\n<meta property=\"og:type\" content=\"article\" \/>\n<meta property=\"og:title\" content=\"Kupnja ulaznica putem interneta za Mon &amp; Wed Lotto Australija\" \/>\n<meta property=\"og:description\" content=\"Bez obzira gdje \u017eivite i bez obzira na ono \u0161to tra\u017eite, ovdje mo\u017eete nabaviti ulaznice za Mon &amp; Wed Lotto Australija!\" \/>\n<meta property=\"og:url\" content=\"https:\/\/onlinelotto365.com\/hr\/kupiti-karte\/kako-kupiti-mon-wed-lotto-australija-ulaznice-online\/\" \/>\n<meta property=\"og:site_name\" content=\"OnlineLotto365\" \/>\n<meta property=\"og:image\" content=\"https:\/\/redfoxlotto.com\/image?size=8&amp;lottery=monday-wednesday-lotto-au\" \/>\n<meta name=\"twitter:card\" content=\"summary_large_image\" \/>\n<meta name=\"twitter:label1\" content=\"Procijenjeno vrijeme \u010ditanja\" \/>\n\t<meta name=\"twitter:data1\" content=\"3 minute\" \/>\n<script type=\"application\/ld+json\" class=\"yoast-schema-graph\">{\"@context\":\"https:\/\/schema.org\",\"@graph\":[{\"@type\":\"WebPage\",\"@id\":\"https:\/\/onlinelotto365.com\/hr\/kupiti-karte\/kako-kupiti-mon-wed-lotto-australija-ulaznice-online\/\",\"url\":\"https:\/\/onlinelotto365.com\/hr\/kupiti-karte\/kako-kupiti-mon-wed-lotto-australija-ulaznice-online\/\",\"name\":\"Kupnja ulaznica putem interneta za Mon & Wed Lotto Australija\",\"isPartOf\":{\"@id\":\"https:\/\/onlinelotto365.com\/hr\/#website\"},\"primaryImageOfPage\":{\"@id\":\"https:\/\/onlinelotto365.com\/hr\/kupiti-karte\/kako-kupiti-mon-wed-lotto-australija-ulaznice-online\/#primaryimage\"},\"image\":{\"@id\":\"https:\/\/onlinelotto365.com\/hr\/kupiti-karte\/kako-kupiti-mon-wed-lotto-australija-ulaznice-online\/#primaryimage\"},\"thumbnailUrl\":\"https:\/\/redfoxlotto.com\/image?size=8&amp;lottery=monday-wednesday-lotto-au\",\"datePublished\":\"2023-09-27T13:16:12+00:00\",\"dateModified\":\"2023-09-27T13:16:12+00:00\",\"description\":\"Bez obzira gdje \u017eivite i bez obzira na ono \u0161to tra\u017eite, ovdje mo\u017eete nabaviti ulaznice za Mon & Wed Lotto Australija!\",\"breadcrumb\":{\"@id\":\"https:\/\/onlinelotto365.com\/hr\/kupiti-karte\/kako-kupiti-mon-wed-lotto-australija-ulaznice-online\/#breadcrumb\"},\"inLanguage\":\"hr\",\"potentialAction\":[{\"@type\":\"ReadAction\",\"target\":[\"https:\/\/onlinelotto365.com\/hr\/kupiti-karte\/kako-kupiti-mon-wed-lotto-australija-ulaznice-online\/\"]}]},{\"@type\":\"ImageObject\",\"inLanguage\":\"hr\",\"@id\":\"https:\/\/onlinelotto365.com\/hr\/kupiti-karte\/kako-kupiti-mon-wed-lotto-australija-ulaznice-online\/#primaryimage\",\"url\":\"https:\/\/redfoxlotto.com\/image?size=8&amp;lottery=monday-wednesday-lotto-au\",\"contentUrl\":\"https:\/\/redfoxlotto.com\/image?size=8&amp;lottery=monday-wednesday-lotto-au\"},{\"@type\":\"BreadcrumbList\",\"@id\":\"https:\/\/onlinelotto365.com\/hr\/kupiti-karte\/kako-kupiti-mon-wed-lotto-australija-ulaznice-online\/#breadcrumb\",\"itemListElement\":[{\"@type\":\"ListItem\",\"position\":1,\"name\":\"Home\",\"item\":\"https:\/\/onlinelotto365.com\/hr\/\"},{\"@type\":\"ListItem\",\"position\":2,\"name\":\"Online usluga za kupnju listi\u0107a me\u0111unarodnih loto doga\u0111aja\",\"item\":\"https:\/\/onlinelotto365.com\/hr\/buy-tickets\/\"},{\"@type\":\"ListItem\",\"position\":3,\"name\":\"Kako kupiti Mon &#038; Wed Lotto Australija ulaznice online\"}]},{\"@type\":\"WebSite\",\"@id\":\"https:\/\/onlinelotto365.com\/hr\/#website\",\"url\":\"https:\/\/onlinelotto365.com\/hr\/\",\"name\":\"OnlineLotto365\",\"description\":\"\",\"potentialAction\":[{\"@type\":\"SearchAction\",\"target\":{\"@type\":\"EntryPoint\",\"urlTemplate\":\"https:\/\/onlinelotto365.com\/hr\/?s={search_term_string}\"},\"query-input\":{\"@type\":\"PropertyValueSpecification\",\"valueRequired\":true,\"valueName\":\"search_term_string\"}}],\"inLanguage\":\"hr\"}]}<\/script>\n<!-- \/ Yoast SEO plugin. -->","yoast_head_json":{"title":"Kupnja ulaznica putem interneta za Mon & Wed Lotto Australija","description":"Bez obzira gdje \u017eivite i bez obzira na ono \u0161to tra\u017eite, ovdje mo\u017eete nabaviti ulaznice za Mon & Wed Lotto Australija!","robots":{"index":"index","follow":"follow","max-snippet":"max-snippet:-1","max-image-preview":"max-image-preview:large","max-video-preview":"max-video-preview:-1"},"canonical":"https:\/\/onlinelotto365.com\/hr\/kupiti-karte\/kako-kupiti-mon-wed-lotto-australija-ulaznice-online\/","og_locale":"hr_HR","og_type":"article","og_title":"Kupnja ulaznica putem interneta za Mon & Wed Lotto Australija","og_description":"Bez obzira gdje \u017eivite i bez obzira na ono \u0161to tra\u017eite, ovdje mo\u017eete nabaviti ulaznice za Mon & Wed Lotto Australija!","og_url":"https:\/\/onlinelotto365.com\/hr\/kupiti-karte\/kako-kupiti-mon-wed-lotto-australija-ulaznice-online\/","og_site_name":"OnlineLotto365","og_image":[{"url":"https:\/\/redfoxlotto.com\/image?size=8&amp;lottery=monday-wednesday-lotto-au"}],"twitter_card":"summary_large_image","twitter_misc":{"Procijenjeno vrijeme \u010ditanja":"3 minute"},"schema":{"@context":"https:\/\/schema.org","@graph":[{"@type":"WebPage","@id":"https:\/\/onlinelotto365.com\/hr\/kupiti-karte\/kako-kupiti-mon-wed-lotto-australija-ulaznice-online\/","url":"https:\/\/onlinelotto365.com\/hr\/kupiti-karte\/kako-kupiti-mon-wed-lotto-australija-ulaznice-online\/","name":"Kupnja ulaznica putem interneta za Mon & Wed Lotto Australija","isPartOf":{"@id":"https:\/\/onlinelotto365.com\/hr\/#website"},"primaryImageOfPage":{"@id":"https:\/\/onlinelotto365.com\/hr\/kupiti-karte\/kako-kupiti-mon-wed-lotto-australija-ulaznice-online\/#primaryimage"},"image":{"@id":"https:\/\/onlinelotto365.com\/hr\/kupiti-karte\/kako-kupiti-mon-wed-lotto-australija-ulaznice-online\/#primaryimage"},"thumbnailUrl":"https:\/\/redfoxlotto.com\/image?size=8&amp;lottery=monday-wednesday-lotto-au","datePublished":"2023-09-27T13:16:12+00:00","dateModified":"2023-09-27T13:16:12+00:00","description":"Bez obzira gdje \u017eivite i bez obzira na ono \u0161to tra\u017eite, ovdje mo\u017eete nabaviti ulaznice za Mon & Wed Lotto Australija!","breadcrumb":{"@id":"https:\/\/onlinelotto365.com\/hr\/kupiti-karte\/kako-kupiti-mon-wed-lotto-australija-ulaznice-online\/#breadcrumb"},"inLanguage":"hr","potentialAction":[{"@type":"ReadAction","target":["https:\/\/onlinelotto365.com\/hr\/kupiti-karte\/kako-kupiti-mon-wed-lotto-australija-ulaznice-online\/"]}]},{"@type":"ImageObject","inLanguage":"hr","@id":"https:\/\/onlinelotto365.com\/hr\/kupiti-karte\/kako-kupiti-mon-wed-lotto-australija-ulaznice-online\/#primaryimage","url":"https:\/\/redfoxlotto.com\/image?size=8&amp;lottery=monday-wednesday-lotto-au","contentUrl":"https:\/\/redfoxlotto.com\/image?size=8&amp;lottery=monday-wednesday-lotto-au"},{"@type":"BreadcrumbList","@id":"https:\/\/onlinelotto365.com\/hr\/kupiti-karte\/kako-kupiti-mon-wed-lotto-australija-ulaznice-online\/#breadcrumb","itemListElement":[{"@type":"ListItem","position":1,"name":"Home","item":"https:\/\/onlinelotto365.com\/hr\/"},{"@type":"ListItem","position":2,"name":"Online usluga za kupnju listi\u0107a me\u0111unarodnih loto doga\u0111aja","item":"https:\/\/onlinelotto365.com\/hr\/buy-tickets\/"},{"@type":"ListItem","position":3,"name":"Kako kupiti Mon &#038; Wed Lotto Australija ulaznice online"}]},{"@type":"WebSite","@id":"https:\/\/onlinelotto365.com\/hr\/#website","url":"https:\/\/onlinelotto365.com\/hr\/","name":"OnlineLotto365","description":"","potentialAction":[{"@type":"SearchAction","target":{"@type":"EntryPoint","urlTemplate":"https:\/\/onlinelotto365.com\/hr\/?s={search_term_string}"},"query-input":{"@type":"PropertyValueSpecification","valueRequired":true,"valueName":"search_term_string"}}],"inLanguage":"hr"}]}},"_links":{"self":[{"href":"https:\/\/onlinelotto365.com\/hr\/wp-json\/wp\/v2\/pages\/84163","targetHints":{"allow":["GET"]}}],"collection":[{"href":"https:\/\/onlinelotto365.com\/hr\/wp-json\/wp\/v2\/pages"}],"about":[{"href":"https:\/\/onlinelotto365.com\/hr\/wp-json\/wp\/v2\/types\/page"}],"author":[{"embeddable":true,"href":"https:\/\/onlinelotto365.com\/hr\/wp-json\/wp\/v2\/users\/1"}],"replies":[{"embeddable":true,"href":"https:\/\/onlinelotto365.com\/hr\/wp-json\/wp\/v2\/comments?post=84163"}],"version-history":[{"count":0,"href":"https:\/\/onlinelotto365.com\/hr\/wp-json\/wp\/v2\/pages\/84163\/revisions"}],"up":[{"embeddable":true,"href":"https:\/\/onlinelotto365.com\/hr\/wp-json\/wp\/v2\/pages\/5552"}],"wp:attachment":[{"href":"https:\/\/onlinelotto365.com\/hr\/wp-json\/wp\/v2\/media?parent=84163"}],"curies":[{"name":"wp","href":"https:\/\/api.w.org\/{rel}","templated":true}]}}