{"id":84176,"date":"2023-09-27T17:27:24","date_gmt":"2023-09-27T16:27:24","guid":{"rendered":"https:\/\/onlinelotto365.com\/dobitni-brojevi\/provjerite-dobitne-brojeve-za-eurojackpot-ovdje"},"modified":"2023-09-27T17:27:24","modified_gmt":"2023-09-27T16:27:24","slug":"provjerite-dobitne-brojeve-za-eurojackpot-ovdje","status":"publish","type":"page","link":"https:\/\/onlinelotto365.com\/hr\/dobitni-brojevi\/provjerite-dobitne-brojeve-za-eurojackpot-ovdje\/","title":{"rendered":"Provjerite dobitne brojeve za Eurojackpot ovdje."},"content":{"rendered":"<p>Na na\u0161oj web stranici dostupni su mnogi razli\u010diti me\u0111unarodni loto igre, \u0161to zna\u010di da mo\u017ee biti te\u0161ko prona\u0107i brojeve i rezultate za neke ljude. A kad je u pitanju tra\u017eenje brojeva drugdje, stvari mogu biti jo\u0161 gore. Vjerojatno ne\u0107ete prona\u0107i rezultate Eurojackpota u svom lokalnom listu, a te\u0161ko ih je prona\u0107i i na televiziji. Pogotovo jer se \u010desto ne prikazuju u\u017eivo. eurojackpot<\/p>\n<p>Tako\u0111er mo\u017eete provjeriti web stranicu Eurojackpot lutrije, koja vam omogu\u0107uje pristup u\u017eivo prijenosu rezultata i izvla\u010denju. To mo\u017ee biti puno zabave i br\u017ee \u0107ete saznati jeste li osvojili. No, to nije uvijek mogu\u0107e i trebat \u0107ete imati pravo vrijeme.<\/p>\n<p>Ako tra\u017eite brojeve nakon izvla\u010denja, uvijek mo\u017eete provjeriti na YouTubeu jesu li dostupna izvla\u010denja ili je netko objavio video s dobitnim brojevima.<br \/>\n<img decoding=\"async\" class=\"aligncenter\" src=\"https:\/\/redfoxlotto.com\/image?size=8&amp;lottery=eurojackpot\" alt=\"eurojackpot\" \/><br \/>\nNajlak\u0161i na\u010din za pronala\u017eenje dobitnih brojeva, pa \u010dak i za pregled svih nagrada i rezultata, jest posjetiti na\u0161u web stranicu na stranici s rezultatima lutrije na na\u0161oj stranici s rezultatima lutrije. Tamo \u0107ete prona\u0107i sve dobitne brojeve iz Eurojackpota i svih drugih igara koje nudimo.<\/p>\n<h2>Kako saznati jeste li osvojili<\/h2>\n<p>Jeste li kupili kartu za Eurojackpot? Ako jeste, \u010dak ne morate i\u0107i na stranicu s rezultatima. Samo idite na svoj ra\u010dun i vidjet \u0107ete dobitne brojeve odmah pored svoje karte. \u010cak \u0107ete mo\u0107i vidjeti koji su brojevi bili ispravni, a koji nisu, i vidjeti koliko ste osvojili. Ako ste osvojili manje od 2.500 \u20ac, novac \u0107e biti odmah upla\u0107en na va\u0161 ra\u010dun, \u010dim se potvrde brojevi lutrije.<\/p>\n<p>Na\u0161a web stranica prikazat \u0107e vam rezultate najnovijeg Eurojackpota, ali \u0107e vam tako\u0111er pru\u017eiti mnoge opcije za provjeru starijih izvla\u010denja. Tako mo\u017eete provjeriti starije karte ili ako tra\u017eite najbolje brojeve za isprobavanje sljede\u0107i put kad kupite kartu. Zapravo, to je jedna od najpopularnijih strategija loto igara koje ljudi koriste.<\/p>\n<h2>Ako je moja karta dobila, \u0161to se doga\u0111a sljede\u0107e?<\/h2>\n<p>Ve\u0107 smo razgovarali o nagradama ispod 2.500 eura. Te nagrade odmah se upla\u0107uju na va\u0161 ra\u010dun, a zatim mo\u017eete odabrati \u017eelite li kupiti vi\u0161e karata ili povu\u0107i sav ili dio novca. Sve \u0161to trebate u\u010diniti je osigurati se da imate barem 10 \u20ac na svom ra\u010dunu kako biste ih mogli povu\u0107i putem metode po va\u0161em izboru.<\/p>\n<p>Mo\u017eete odabrati povla\u010denje novca na svoj bankovni ra\u010dun ili kreditnu karticu, a mi vam to tako\u0111er olak\u0161avamo. \u017delimo da mo\u017eete dobiti svoj novac, ali trebamo poduzeti nekoliko koraka kako bismo novac prebacili na va\u0161 ra\u010dun. Na kraju krajeva, internetske nov\u010dane transfere reguliraju strogi propisi.<\/p>\n","protected":false},"excerpt":{"rendered":"<p>Na na\u0161oj web stranici dostupni su mnogi razli\u010diti me\u0111unarodni loto igre, \u0161to zna\u010di da mo\u017ee biti te\u0161ko prona\u0107i brojeve i rezultate za neke ljude. A kad je u pitanju tra\u017eenje brojeva drugdje, stvari mogu biti jo\u0161 gore. Vjerojatno ne\u0107ete prona\u0107i rezultate Eurojackpota u svom lokalnom listu, a te\u0161ko ih je prona\u0107i i na televiziji. Pogotovo [&hellip;]<\/p>\n","protected":false},"author":1,"featured_media":0,"parent":5822,"menu_order":0,"comment_status":"closed","ping_status":"closed","template":"eurojackpot-results.php","meta":{"_et_pb_use_builder":"","_et_pb_old_content":"","_et_gb_content_width":"","exclude_from_search":false,"footnotes":""},"class_list":["post-84176","page","type-page","status-publish","hentry"],"yoast_head":"<!-- This site is optimized with the Yoast SEO plugin v23.4 - https:\/\/yoast.com\/wordpress\/plugins\/seo\/ -->\n<title>Dobitni brojevi Eurojackpota | Provjerite rezultate izvla\u010denja i dobitke za Eurojackpot ovdje<\/title>\n<meta name=\"description\" content=\"Objavljujemo rezultate i dobitne brojeve za Eurojackpot, uklju\u010duju\u0107i arhivu za prethodna izvla\u010denja.\" \/>\n<meta name=\"robots\" content=\"index, follow, max-snippet:-1, max-image-preview:large, max-video-preview:-1\" \/>\n<link rel=\"canonical\" href=\"https:\/\/onlinelotto365.com\/hr\/dobitni-brojevi\/provjerite-dobitne-brojeve-za-eurojackpot-ovdje\/\" \/>\n<meta property=\"og:locale\" content=\"hr_HR\" \/>\n<meta property=\"og:type\" content=\"article\" \/>\n<meta property=\"og:title\" content=\"Dobitni brojevi Eurojackpota | Provjerite rezultate izvla\u010denja i dobitke za Eurojackpot ovdje\" \/>\n<meta property=\"og:description\" content=\"Objavljujemo rezultate i dobitne brojeve za Eurojackpot, uklju\u010duju\u0107i arhivu za prethodna izvla\u010denja.\" \/>\n<meta property=\"og:url\" content=\"https:\/\/onlinelotto365.com\/hr\/dobitni-brojevi\/provjerite-dobitne-brojeve-za-eurojackpot-ovdje\/\" \/>\n<meta property=\"og:site_name\" content=\"OnlineLotto365\" \/>\n<meta property=\"og:image\" content=\"https:\/\/redfoxlotto.com\/image?size=8&amp;lottery=eurojackpot\" \/>\n<meta name=\"twitter:card\" content=\"summary_large_image\" \/>\n<meta name=\"twitter:label1\" content=\"Procijenjeno vrijeme \u010ditanja\" \/>\n\t<meta name=\"twitter:data1\" content=\"2 minute\" \/>\n<script type=\"application\/ld+json\" class=\"yoast-schema-graph\">{\"@context\":\"https:\/\/schema.org\",\"@graph\":[{\"@type\":\"WebPage\",\"@id\":\"https:\/\/onlinelotto365.com\/hr\/dobitni-brojevi\/provjerite-dobitne-brojeve-za-eurojackpot-ovdje\/\",\"url\":\"https:\/\/onlinelotto365.com\/hr\/dobitni-brojevi\/provjerite-dobitne-brojeve-za-eurojackpot-ovdje\/\",\"name\":\"Dobitni brojevi Eurojackpota | Provjerite rezultate izvla\u010denja i dobitke za Eurojackpot ovdje\",\"isPartOf\":{\"@id\":\"https:\/\/onlinelotto365.com\/hr\/#website\"},\"primaryImageOfPage\":{\"@id\":\"https:\/\/onlinelotto365.com\/hr\/dobitni-brojevi\/provjerite-dobitne-brojeve-za-eurojackpot-ovdje\/#primaryimage\"},\"image\":{\"@id\":\"https:\/\/onlinelotto365.com\/hr\/dobitni-brojevi\/provjerite-dobitne-brojeve-za-eurojackpot-ovdje\/#primaryimage\"},\"thumbnailUrl\":\"https:\/\/redfoxlotto.com\/image?size=8&amp;lottery=eurojackpot\",\"datePublished\":\"2023-09-27T16:27:24+00:00\",\"dateModified\":\"2023-09-27T16:27:24+00:00\",\"description\":\"Objavljujemo rezultate i dobitne brojeve za Eurojackpot, uklju\u010duju\u0107i arhivu za prethodna izvla\u010denja.\",\"breadcrumb\":{\"@id\":\"https:\/\/onlinelotto365.com\/hr\/dobitni-brojevi\/provjerite-dobitne-brojeve-za-eurojackpot-ovdje\/#breadcrumb\"},\"inLanguage\":\"hr\",\"potentialAction\":[{\"@type\":\"ReadAction\",\"target\":[\"https:\/\/onlinelotto365.com\/hr\/dobitni-brojevi\/provjerite-dobitne-brojeve-za-eurojackpot-ovdje\/\"]}]},{\"@type\":\"ImageObject\",\"inLanguage\":\"hr\",\"@id\":\"https:\/\/onlinelotto365.com\/hr\/dobitni-brojevi\/provjerite-dobitne-brojeve-za-eurojackpot-ovdje\/#primaryimage\",\"url\":\"https:\/\/redfoxlotto.com\/image?size=8&amp;lottery=eurojackpot\",\"contentUrl\":\"https:\/\/redfoxlotto.com\/image?size=8&amp;lottery=eurojackpot\"},{\"@type\":\"BreadcrumbList\",\"@id\":\"https:\/\/onlinelotto365.com\/hr\/dobitni-brojevi\/provjerite-dobitne-brojeve-za-eurojackpot-ovdje\/#breadcrumb\",\"itemListElement\":[{\"@type\":\"ListItem\",\"position\":1,\"name\":\"Home\",\"item\":\"https:\/\/onlinelotto365.com\/hr\/\"},{\"@type\":\"ListItem\",\"position\":2,\"name\":\"Svi rezultati me\u0111unarodnih lota\",\"item\":\"https:\/\/onlinelotto365.com\/hr\/dobitni-brojevi\/\"},{\"@type\":\"ListItem\",\"position\":3,\"name\":\"Provjerite dobitne brojeve za Eurojackpot ovdje.\"}]},{\"@type\":\"WebSite\",\"@id\":\"https:\/\/onlinelotto365.com\/hr\/#website\",\"url\":\"https:\/\/onlinelotto365.com\/hr\/\",\"name\":\"OnlineLotto365\",\"description\":\"\",\"potentialAction\":[{\"@type\":\"SearchAction\",\"target\":{\"@type\":\"EntryPoint\",\"urlTemplate\":\"https:\/\/onlinelotto365.com\/hr\/?s={search_term_string}\"},\"query-input\":{\"@type\":\"PropertyValueSpecification\",\"valueRequired\":true,\"valueName\":\"search_term_string\"}}],\"inLanguage\":\"hr\"}]}<\/script>\n<!-- \/ Yoast SEO plugin. -->","yoast_head_json":{"title":"Dobitni brojevi Eurojackpota | Provjerite rezultate izvla\u010denja i dobitke za Eurojackpot ovdje","description":"Objavljujemo rezultate i dobitne brojeve za Eurojackpot, uklju\u010duju\u0107i arhivu za prethodna izvla\u010denja.","robots":{"index":"index","follow":"follow","max-snippet":"max-snippet:-1","max-image-preview":"max-image-preview:large","max-video-preview":"max-video-preview:-1"},"canonical":"https:\/\/onlinelotto365.com\/hr\/dobitni-brojevi\/provjerite-dobitne-brojeve-za-eurojackpot-ovdje\/","og_locale":"hr_HR","og_type":"article","og_title":"Dobitni brojevi Eurojackpota | Provjerite rezultate izvla\u010denja i dobitke za Eurojackpot ovdje","og_description":"Objavljujemo rezultate i dobitne brojeve za Eurojackpot, uklju\u010duju\u0107i arhivu za prethodna izvla\u010denja.","og_url":"https:\/\/onlinelotto365.com\/hr\/dobitni-brojevi\/provjerite-dobitne-brojeve-za-eurojackpot-ovdje\/","og_site_name":"OnlineLotto365","og_image":[{"url":"https:\/\/redfoxlotto.com\/image?size=8&amp;lottery=eurojackpot"}],"twitter_card":"summary_large_image","twitter_misc":{"Procijenjeno vrijeme \u010ditanja":"2 minute"},"schema":{"@context":"https:\/\/schema.org","@graph":[{"@type":"WebPage","@id":"https:\/\/onlinelotto365.com\/hr\/dobitni-brojevi\/provjerite-dobitne-brojeve-za-eurojackpot-ovdje\/","url":"https:\/\/onlinelotto365.com\/hr\/dobitni-brojevi\/provjerite-dobitne-brojeve-za-eurojackpot-ovdje\/","name":"Dobitni brojevi Eurojackpota | Provjerite rezultate izvla\u010denja i dobitke za Eurojackpot ovdje","isPartOf":{"@id":"https:\/\/onlinelotto365.com\/hr\/#website"},"primaryImageOfPage":{"@id":"https:\/\/onlinelotto365.com\/hr\/dobitni-brojevi\/provjerite-dobitne-brojeve-za-eurojackpot-ovdje\/#primaryimage"},"image":{"@id":"https:\/\/onlinelotto365.com\/hr\/dobitni-brojevi\/provjerite-dobitne-brojeve-za-eurojackpot-ovdje\/#primaryimage"},"thumbnailUrl":"https:\/\/redfoxlotto.com\/image?size=8&amp;lottery=eurojackpot","datePublished":"2023-09-27T16:27:24+00:00","dateModified":"2023-09-27T16:27:24+00:00","description":"Objavljujemo rezultate i dobitne brojeve za Eurojackpot, uklju\u010duju\u0107i arhivu za prethodna izvla\u010denja.","breadcrumb":{"@id":"https:\/\/onlinelotto365.com\/hr\/dobitni-brojevi\/provjerite-dobitne-brojeve-za-eurojackpot-ovdje\/#breadcrumb"},"inLanguage":"hr","potentialAction":[{"@type":"ReadAction","target":["https:\/\/onlinelotto365.com\/hr\/dobitni-brojevi\/provjerite-dobitne-brojeve-za-eurojackpot-ovdje\/"]}]},{"@type":"ImageObject","inLanguage":"hr","@id":"https:\/\/onlinelotto365.com\/hr\/dobitni-brojevi\/provjerite-dobitne-brojeve-za-eurojackpot-ovdje\/#primaryimage","url":"https:\/\/redfoxlotto.com\/image?size=8&amp;lottery=eurojackpot","contentUrl":"https:\/\/redfoxlotto.com\/image?size=8&amp;lottery=eurojackpot"},{"@type":"BreadcrumbList","@id":"https:\/\/onlinelotto365.com\/hr\/dobitni-brojevi\/provjerite-dobitne-brojeve-za-eurojackpot-ovdje\/#breadcrumb","itemListElement":[{"@type":"ListItem","position":1,"name":"Home","item":"https:\/\/onlinelotto365.com\/hr\/"},{"@type":"ListItem","position":2,"name":"Svi rezultati me\u0111unarodnih lota","item":"https:\/\/onlinelotto365.com\/hr\/dobitni-brojevi\/"},{"@type":"ListItem","position":3,"name":"Provjerite dobitne brojeve za Eurojackpot ovdje."}]},{"@type":"WebSite","@id":"https:\/\/onlinelotto365.com\/hr\/#website","url":"https:\/\/onlinelotto365.com\/hr\/","name":"OnlineLotto365","description":"","potentialAction":[{"@type":"SearchAction","target":{"@type":"EntryPoint","urlTemplate":"https:\/\/onlinelotto365.com\/hr\/?s={search_term_string}"},"query-input":{"@type":"PropertyValueSpecification","valueRequired":true,"valueName":"search_term_string"}}],"inLanguage":"hr"}]}},"_links":{"self":[{"href":"https:\/\/onlinelotto365.com\/hr\/wp-json\/wp\/v2\/pages\/84176","targetHints":{"allow":["GET"]}}],"collection":[{"href":"https:\/\/onlinelotto365.com\/hr\/wp-json\/wp\/v2\/pages"}],"about":[{"href":"https:\/\/onlinelotto365.com\/hr\/wp-json\/wp\/v2\/types\/page"}],"author":[{"embeddable":true,"href":"https:\/\/onlinelotto365.com\/hr\/wp-json\/wp\/v2\/users\/1"}],"replies":[{"embeddable":true,"href":"https:\/\/onlinelotto365.com\/hr\/wp-json\/wp\/v2\/comments?post=84176"}],"version-history":[{"count":0,"href":"https:\/\/onlinelotto365.com\/hr\/wp-json\/wp\/v2\/pages\/84176\/revisions"}],"up":[{"embeddable":true,"href":"https:\/\/onlinelotto365.com\/hr\/wp-json\/wp\/v2\/pages\/5822"}],"wp:attachment":[{"href":"https:\/\/onlinelotto365.com\/hr\/wp-json\/wp\/v2\/media?parent=84176"}],"curies":[{"name":"wp","href":"https:\/\/api.w.org\/{rel}","templated":true}]}}